{"id":1871,"date":"2024-06-20T06:24:58","date_gmt":"2024-06-20T06:24:58","guid":{"rendered":"https:\/\/kabinam.lt\/?post_type=product&#038;p=1871"},"modified":"2026-01-18T16:13:31","modified_gmt":"2026-01-18T14:13:31","slug":"brake-disc-key-fob","status":"publish","type":"product","link":"https:\/\/kabinam.lt\/eng\/product\/pakabukas-stabdziu-diskas-raktams\/","title":{"rendered":"Brake disc key fob - for car fans"},"content":{"rendered":"<div class=\"kk-star-ratings kksr-auto kksr-align-left kksr-valign-top\"\n    data-payload='{&quot;align&quot;:&quot;left&quot;,&quot;id&quot;:&quot;1871&quot;,&quot;slug&quot;:&quot;default&quot;,&quot;valign&quot;:&quot;top&quot;,&quot;ignore&quot;:&quot;&quot;,&quot;reference&quot;:&quot;auto&quot;,&quot;class&quot;:&quot;&quot;,&quot;count&quot;:&quot;0&quot;,&quot;legendonly&quot;:&quot;&quot;,&quot;readonly&quot;:&quot;&quot;,&quot;score&quot;:&quot;0&quot;,&quot;starsonly&quot;:&quot;&quot;,&quot;best&quot;:&quot;5&quot;,&quot;gap&quot;:&quot;5&quot;,&quot;greet&quot;:&quot;Mums svarbus j\u016bs\u0173 \u012fvertinimas&quot;,&quot;legend&quot;:&quot;0\\\/5 - (0 votes)&quot;,&quot;size&quot;:&quot;24&quot;,&quot;title&quot;:&quot;Pakabukas stabd\u017ei\u0173 diskas raktams \u2013 automobili\u0173 fanams&quot;,&quot;width&quot;:&quot;0&quot;,&quot;_legend&quot;:&quot;{score}\\\/{best} - ({count} {votes})&quot;,&quot;font_factor&quot;:&quot;1.25&quot;}'>\n            \n<div class=\"kksr-stars\">\n    \n<div class=\"kksr-stars-inactive\">\n            <div class=\"kksr-star\" data-star=\"1\" style=\"padding-right: 5px\">\n            \n\n<div class=\"kksr-icon\" style=\"width: 24px; height: 24px;\"><\/div>\n        <\/div>\n            <div class=\"kksr-star\" data-star=\"2\" style=\"padding-right: 5px\">\n            \n\n<div class=\"kksr-icon\" style=\"width: 24px; height: 24px;\"><\/div>\n        <\/div>\n            <div class=\"kksr-star\" data-star=\"3\" style=\"padding-right: 5px\">\n            \n\n<div class=\"kksr-icon\" style=\"width: 24px; height: 24px;\"><\/div>\n        <\/div>\n            <div class=\"kksr-star\" data-star=\"4\" style=\"padding-right: 5px\">\n            \n\n<div class=\"kksr-icon\" style=\"width: 24px; height: 24px;\"><\/div>\n        <\/div>\n            <div class=\"kksr-star\" data-star=\"5\" style=\"padding-right: 5px\">\n            \n\n<div class=\"kksr-icon\" style=\"width: 24px; height: 24px;\"><\/div>\n        <\/div>\n    <\/div>\n    \n<div class=\"kksr-stars-active\" style=\"width: 0px;\">\n            <div class=\"kksr-star\" style=\"padding-right: 5px\">\n            \n\n<div class=\"kksr-icon\" style=\"width: 24px; height: 24px;\"><\/div>\n        <\/div>\n            <div class=\"kksr-star\" style=\"padding-right: 5px\">\n            \n\n<div class=\"kksr-icon\" style=\"width: 24px; height: 24px;\"><\/div>\n        <\/div>\n            <div class=\"kksr-star\" style=\"padding-right: 5px\">\n            \n\n<div class=\"kksr-icon\" style=\"width: 24px; height: 24px;\"><\/div>\n        <\/div>\n            <div class=\"kksr-star\" style=\"padding-right: 5px\">\n            \n\n<div class=\"kksr-icon\" style=\"width: 24px; height: 24px;\"><\/div>\n        <\/div>\n            <div class=\"kksr-star\" style=\"padding-right: 5px\">\n            \n\n<div class=\"kksr-icon\" style=\"width: 24px; height: 24px;\"><\/div>\n        <\/div>\n    <\/div>\n<\/div>\n                \n\n<div class=\"kksr-legend\" style=\"font-size: 19.2px;\">\n            <span class=\"kksr-muted\">Your evaluation is important to us<\/span>\n    <\/div>\n    <\/div>\n<h3 class=\"\" data-start=\"168\" data-end=\"238\">Brake disc keyring - a unique accent for your style<\/h3>\n<p class=\"\" data-start=\"240\" data-end=\"540\">Looking for something original and unique <strong data-start=\"274\" data-end=\"310\">pendant brake disc for keys<\/strong>? This accessory is the ideal choice for car and moto enthusiasts who appreciate details. The swivel element, which reproduces the design of a real brake disc, makes this pendant not only a functional item but also a style statement.<\/p>\n<p class=\"\" data-start=\"542\" data-end=\"798\">Made of durable zinc alloy, the pendant is characterised by its robustness, resistance to environmental factors and long-term use. Its compact and sturdy design makes it ideal for both car and motorcycle keys or backpack zippers.<\/p>\n<hr class=\"\" data-start=\"800\" data-end=\"803\" \/>\n<h3 class=\"\" data-start=\"805\" data-end=\"862\">Why choose a brake disc key fob?<\/h3>\n<p class=\"\" data-start=\"864\" data-end=\"1060\">This <strong data-start=\"868\" data-end=\"905\">brake disc key fob<\/strong> - not just a practical detail, but an expression of personality. It is not only a choice for drivers, but also for anyone who appreciates car culture and exquisite design.<\/p>\n<p class=\"\" data-start=\"1062\" data-end=\"1209\">In addition, the rotating disc element adds a playful element. It's the perfect gift for a car fan - for a birthday, Christmas or just a small gift gesture.<\/p>\n<hr class=\"\" data-start=\"1211\" data-end=\"1214\" \/>\n<h3 class=\"\" data-start=\"1216\" data-end=\"1271\">Even more stylish choices for car fans<\/h3>\n<p class=\"\" data-start=\"1273\" data-end=\"1791\">For even more exclusive options, check out <a target=\"_new\" rel=\"noopener\" data-start=\"1337\" data-end=\"1416\">a collection of metal pendants<\/a>, where you'll find both elegant and witty accessories. Also worth a look are <a target=\"_new\" rel=\"noopener\" data-start=\"1506\" data-end=\"1606\">the most popular products<\/a> and discover what's hot in the auto community right now. And for more inspiration, there's always <a class=\"\" href=\"https:\/\/www.drivetribe.com\/\" target=\"_new\" rel=\"noopener\" data-start=\"1691\" data-end=\"1736\">DriveTribe.com<\/a>, where car culture from around the world is shared.<\/p>","protected":false},"excerpt":{"rendered":"<p>The stylish brake disc pendant is the perfect gift for car fans and a striking accent for your keyring.<\/p>","protected":false},"featured_media":1870,"comment_status":"closed","ping_status":"closed","template":"","meta":{"_uag_custom_page_level_css":"","site-sidebar-layout":"default","site-content-layout":"","ast-site-content-layout":"default","site-content-style":"default","site-sidebar-style":"default","ast-global-header-display":"","ast-banner-title-visibility":"","ast-main-header-display":"","ast-hfb-above-header-display":"","ast-hfb-below-header-display":"","ast-hfb-mobile-header-display":"","site-post-title":"","ast-breadcrumbs-content":"","ast-featured-img":"","footer-sml-layout":"","ast-disable-related-posts":"","theme-transparent-header-meta":"default","adv-header-id-meta":"","stick-header-meta":"","header-above-stick-meta":"","header-main-stick-meta":"","header-below-stick-meta":"","astra-migrate-meta-layouts":"set","ast-page-background-enabled":"default","ast-page-background-meta":{"desktop":{"background-color":"var(--ast-global-color-4)","background-image":"","background-repeat":"repeat","background-position":"center center","background-size":"auto","background-attachment":"scroll","background-type":"","background-media":"","overlay-type":"","overlay-color":"","overlay-opacity":"","overlay-gradient":""},"tablet":{"background-color":"","background-image":"","background-repeat":"repeat","background-position":"center center","background-size":"auto","background-attachment":"scroll","background-type":"","background-media":"","overlay-type":"","overlay-color":"","overlay-opacity":"","overlay-gradient":""},"mobile":{"background-color":"","background-image":"","background-repeat":"repeat","background-position":"center center","background-size":"auto","background-attachment":"scroll","background-type":"","background-media":"","overlay-type":"","overlay-color":"","overlay-opacity":"","overlay-gradient":""}},"ast-content-background-meta":{"desktop":{"background-color":"var(--ast-global-color-5)","background-image":"","background-repeat":"repeat","background-position":"center center","background-size":"auto","background-attachment":"scroll","background-type":"","background-media":"","overlay-type":"","overlay-color":"","overlay-opacity":"","overlay-gradient":""},"tablet":{"background-color":"var(--ast-global-color-5)","background-image":"","background-repeat":"repeat","background-position":"center center","background-size":"auto","background-attachment":"scroll","background-type":"","background-media":"","overlay-type":"","overlay-color":"","overlay-opacity":"","overlay-gradient":""},"mobile":{"background-color":"var(--ast-global-color-5)","background-image":"","background-repeat":"repeat","background-position":"center center","background-size":"auto","background-attachment":"scroll","background-type":"","background-media":"","overlay-type":"","overlay-color":"","overlay-opacity":"","overlay-gradient":""}}},"product_brand":[],"product_cat":[126,22,116,118,92],"product_tag":[],"class_list":{"0":"post-1871","1":"product","2":"type-product","3":"status-publish","4":"has-post-thumbnail","6":"product_cat-visi","7":"product_cat-automobiliu-raktu-pakabukai","8":"product_cat-metaliniai-raktu-pakabukai","9":"product_cat-dovana-teciui","10":"product_cat-populiariausiu-produktu-kategorija","11":"desktop-align-center","12":"tablet-align-left","13":"mobile-align-left","15":"first","16":"instock","17":"shipping-taxable","18":"purchasable","19":"product-type-variable"},"yoast_head":"<!-- This site is optimized with the Yoast SEO plugin v27.1.1 - https:\/\/yoast.com\/product\/yoast-seo-wordpress\/ -->\n<title>Pakabukas stabd\u017ei\u0173 diskas raktams \u2013 automobili\u0173 fanams<\/title>\n<meta name=\"description\" content=\"Pakabukas stabd\u017ei\u0173 diskas raktams \u2013 sukamas aksesuaras auto fanams, pagamintas i\u0161 patvaraus metalo, i\u0161siskiriantis dizainu.\" \/>\n<meta name=\"robots\" content=\"index, follow, max-snippet:-1, max-image-preview:large, max-video-preview:-1\" \/>\n<link rel=\"canonical\" href=\"https:\/\/kabinam.lt\/eng\/product\/brake-disc-key-fob\/\" \/>\n<meta property=\"og:locale\" content=\"en_US\" \/>\n<meta property=\"og:type\" content=\"article\" \/>\n<meta property=\"og:title\" content=\"Pakabukas stabd\u017ei\u0173 diskas raktams \u2013 automobili\u0173 fanams\" \/>\n<meta property=\"og:description\" content=\"Pakabukas stabd\u017ei\u0173 diskas raktams \u2013 sukamas aksesuaras auto fanams, pagamintas i\u0161 patvaraus metalo, i\u0161siskiriantis dizainu.\" \/>\n<meta property=\"og:url\" content=\"https:\/\/kabinam.lt\/eng\/product\/brake-disc-key-fob\/\" \/>\n<meta property=\"og:site_name\" content=\"kabinam.lt\" \/>\n<meta property=\"article:modified_time\" content=\"2026-01-18T14:13:31+00:00\" \/>\n<meta property=\"og:image\" content=\"https:\/\/kabinam.lt\/wp-content\/uploads\/2024\/06\/DISKAI-brembo.jpg\" \/>\n\t<meta property=\"og:image:width\" content=\"998\" \/>\n\t<meta property=\"og:image:height\" content=\"824\" \/>\n\t<meta property=\"og:image:type\" content=\"image\/jpeg\" \/>\n<meta name=\"twitter:card\" content=\"summary_large_image\" \/>\n<meta name=\"twitter:label1\" content=\"Est. reading time\" \/>\n\t<meta name=\"twitter:data1\" content=\"2 minutes\" \/>\n<script type=\"application\/ld+json\" class=\"yoast-schema-graph\">{\"@context\":\"https:\/\/schema.org\",\"@graph\":[{\"@type\":[\"WebPage\",\"ItemPage\"],\"@id\":\"https:\/\/kabinam.lt\/eng\/product\/brake-disc-key-fob\/\",\"url\":\"https:\/\/kabinam.lt\/eng\/product\/brake-disc-key-fob\/\",\"name\":\"Pakabukas stabd\u017ei\u0173 diskas raktams \u2013 automobili\u0173 fanams\",\"isPartOf\":{\"@id\":\"https:\/\/kabinam.lt\/#website\"},\"primaryImageOfPage\":{\"@id\":\"https:\/\/kabinam.lt\/eng\/product\/brake-disc-key-fob\/#primaryimage\"},\"image\":{\"@id\":\"https:\/\/kabinam.lt\/eng\/product\/brake-disc-key-fob\/#primaryimage\"},\"thumbnailUrl\":\"https:\/\/kabinam.lt\/wp-content\/uploads\/2024\/06\/DISKAI-brembo.jpg\",\"datePublished\":\"2024-06-20T06:24:58+00:00\",\"dateModified\":\"2026-01-18T14:13:31+00:00\",\"description\":\"Pakabukas stabd\u017ei\u0173 diskas raktams \u2013 sukamas aksesuaras auto fanams, pagamintas i\u0161 patvaraus metalo, i\u0161siskiriantis dizainu.\",\"breadcrumb\":{\"@id\":\"https:\/\/kabinam.lt\/eng\/product\/brake-disc-key-fob\/#breadcrumb\"},\"inLanguage\":\"en-US\",\"potentialAction\":[{\"@type\":\"ReadAction\",\"target\":[\"https:\/\/kabinam.lt\/eng\/product\/brake-disc-key-fob\/\"]}]},{\"@type\":\"ImageObject\",\"inLanguage\":\"en-US\",\"@id\":\"https:\/\/kabinam.lt\/eng\/product\/brake-disc-key-fob\/#primaryimage\",\"url\":\"https:\/\/kabinam.lt\/wp-content\/uploads\/2024\/06\/DISKAI-brembo.jpg\",\"contentUrl\":\"https:\/\/kabinam.lt\/wp-content\/uploads\/2024\/06\/DISKAI-brembo.jpg\",\"width\":998,\"height\":824,\"caption\":\"Sukamas stabd\u017ei\u0173 disko pakabukas \u2013 automobili\u0173 entuziast\u0173 pasirinkimas\"},{\"@type\":\"BreadcrumbList\",\"@id\":\"https:\/\/kabinam.lt\/eng\/product\/brake-disc-key-fob\/#breadcrumb\",\"itemListElement\":[{\"@type\":\"ListItem\",\"position\":1,\"name\":\"Home\",\"item\":\"https:\/\/kabinam.lt\/\"},{\"@type\":\"ListItem\",\"position\":2,\"name\":\"Visi Produktai\",\"item\":\"https:\/\/kabinam.lt\/visi-produktai\/\"},{\"@type\":\"ListItem\",\"position\":3,\"name\":\"Pakabukas stabd\u017ei\u0173 diskas raktams \u2013 automobili\u0173 fanams\"}]},{\"@type\":\"WebSite\",\"@id\":\"https:\/\/kabinam.lt\/#website\",\"url\":\"https:\/\/kabinam.lt\/\",\"name\":\"kabinam.lt\",\"description\":\"Kabinam.lt \u2013 raktu pakabukai ir aksesuarai\",\"publisher\":{\"@id\":\"https:\/\/kabinam.lt\/#organization\"},\"alternateName\":\"pakabukai lt\",\"potentialAction\":[{\"@type\":\"SearchAction\",\"target\":{\"@type\":\"EntryPoint\",\"urlTemplate\":\"https:\/\/kabinam.lt\/?s={search_term_string}\"},\"query-input\":{\"@type\":\"PropertyValueSpecification\",\"valueRequired\":true,\"valueName\":\"search_term_string\"}}],\"inLanguage\":\"en-US\"},{\"@type\":\"Organization\",\"@id\":\"https:\/\/kabinam.lt\/#organization\",\"name\":\"kabinam.lt\",\"alternateName\":\"kabinam\",\"url\":\"https:\/\/kabinam.lt\/\",\"logo\":{\"@type\":\"ImageObject\",\"inLanguage\":\"en-US\",\"@id\":\"https:\/\/kabinam.lt\/#\/schema\/logo\/image\/\",\"url\":\"https:\/\/kabinam.lt\/wp-content\/uploads\/2025\/05\/KABINAM_outer_glow.png\",\"contentUrl\":\"https:\/\/kabinam.lt\/wp-content\/uploads\/2025\/05\/KABINAM_outer_glow.png\",\"width\":474,\"height\":141,\"caption\":\"kabinam.lt\"},\"image\":{\"@id\":\"https:\/\/kabinam.lt\/#\/schema\/logo\/image\/\"}}]}<\/script>\n<!-- \/ Yoast SEO plugin. -->","yoast_head_json":{"title":"Brake disc key fob - for car fans","description":"Brake disc key fob - a swivel accessory for car fans, made of durable metal, with a distinctive design.","robots":{"index":"index","follow":"follow","max-snippet":"max-snippet:-1","max-image-preview":"max-image-preview:large","max-video-preview":"max-video-preview:-1"},"canonical":"https:\/\/kabinam.lt\/eng\/product\/brake-disc-key-fob\/","og_locale":"en_US","og_type":"article","og_title":"Pakabukas stabd\u017ei\u0173 diskas raktams \u2013 automobili\u0173 fanams","og_description":"Pakabukas stabd\u017ei\u0173 diskas raktams \u2013 sukamas aksesuaras auto fanams, pagamintas i\u0161 patvaraus metalo, i\u0161siskiriantis dizainu.","og_url":"https:\/\/kabinam.lt\/eng\/product\/brake-disc-key-fob\/","og_site_name":"kabinam.lt","article_modified_time":"2026-01-18T14:13:31+00:00","og_image":[{"width":998,"height":824,"url":"https:\/\/kabinam.lt\/wp-content\/uploads\/2024\/06\/DISKAI-brembo.jpg","type":"image\/jpeg"}],"twitter_card":"summary_large_image","twitter_misc":{"Est. reading time":"2 minutes"},"schema":{"@context":"https:\/\/schema.org","@graph":[{"@type":["WebPage","ItemPage"],"@id":"https:\/\/kabinam.lt\/eng\/product\/brake-disc-key-fob\/","url":"https:\/\/kabinam.lt\/eng\/product\/brake-disc-key-fob\/","name":"Brake disc key fob - for car fans","isPartOf":{"@id":"https:\/\/kabinam.lt\/#website"},"primaryImageOfPage":{"@id":"https:\/\/kabinam.lt\/eng\/product\/brake-disc-key-fob\/#primaryimage"},"image":{"@id":"https:\/\/kabinam.lt\/eng\/product\/brake-disc-key-fob\/#primaryimage"},"thumbnailUrl":"https:\/\/kabinam.lt\/wp-content\/uploads\/2024\/06\/DISKAI-brembo.jpg","datePublished":"2024-06-20T06:24:58+00:00","dateModified":"2026-01-18T14:13:31+00:00","description":"Brake disc key fob - a swivel accessory for car fans, made of durable metal, with a distinctive design.","breadcrumb":{"@id":"https:\/\/kabinam.lt\/eng\/product\/brake-disc-key-fob\/#breadcrumb"},"inLanguage":"en-US","potentialAction":[{"@type":"ReadAction","target":["https:\/\/kabinam.lt\/eng\/product\/brake-disc-key-fob\/"]}]},{"@type":"ImageObject","inLanguage":"en-US","@id":"https:\/\/kabinam.lt\/eng\/product\/brake-disc-key-fob\/#primaryimage","url":"https:\/\/kabinam.lt\/wp-content\/uploads\/2024\/06\/DISKAI-brembo.jpg","contentUrl":"https:\/\/kabinam.lt\/wp-content\/uploads\/2024\/06\/DISKAI-brembo.jpg","width":998,"height":824,"caption":"Sukamas stabd\u017ei\u0173 disko pakabukas \u2013 automobili\u0173 entuziast\u0173 pasirinkimas"},{"@type":"BreadcrumbList","@id":"https:\/\/kabinam.lt\/eng\/product\/brake-disc-key-fob\/#breadcrumb","itemListElement":[{"@type":"ListItem","position":1,"name":"Home","item":"https:\/\/kabinam.lt\/"},{"@type":"ListItem","position":2,"name":"Visi Produktai","item":"https:\/\/kabinam.lt\/visi-produktai\/"},{"@type":"ListItem","position":3,"name":"Pakabukas stabd\u017ei\u0173 diskas raktams \u2013 automobili\u0173 fanams"}]},{"@type":"WebSite","@id":"https:\/\/kabinam.lt\/#website","url":"https:\/\/kabinam.lt\/","name":"kabinam.lt","description":"Kabinam.lt - key chains and accessories","publisher":{"@id":"https:\/\/kabinam.lt\/#organization"},"alternateName":"pakabukai lt","potentialAction":[{"@type":"SearchAction","target":{"@type":"EntryPoint","urlTemplate":"https:\/\/kabinam.lt\/?s={search_term_string}"},"query-input":{"@type":"PropertyValueSpecification","valueRequired":true,"valueName":"search_term_string"}}],"inLanguage":"en-US"},{"@type":"Organization","@id":"https:\/\/kabinam.lt\/#organization","name":"kabinam.lt","alternateName":"kabinam","url":"https:\/\/kabinam.lt\/","logo":{"@type":"ImageObject","inLanguage":"en-US","@id":"https:\/\/kabinam.lt\/#\/schema\/logo\/image\/","url":"https:\/\/kabinam.lt\/wp-content\/uploads\/2025\/05\/KABINAM_outer_glow.png","contentUrl":"https:\/\/kabinam.lt\/wp-content\/uploads\/2025\/05\/KABINAM_outer_glow.png","width":474,"height":141,"caption":"kabinam.lt"},"image":{"@id":"https:\/\/kabinam.lt\/#\/schema\/logo\/image\/"}}]}},"uagb_featured_image_src":{"full":["https:\/\/kabinam.lt\/wp-content\/uploads\/2024\/06\/DISKAI-brembo.jpg",998,824,false],"thumbnail":["https:\/\/kabinam.lt\/wp-content\/uploads\/2024\/06\/DISKAI-brembo-150x150.jpg",150,150,true],"medium":["https:\/\/kabinam.lt\/wp-content\/uploads\/2024\/06\/DISKAI-brembo-300x248.jpg",300,248,true],"medium_large":["https:\/\/kabinam.lt\/wp-content\/uploads\/2024\/06\/DISKAI-brembo-768x634.jpg",768,634,true],"large":["https:\/\/kabinam.lt\/wp-content\/uploads\/2024\/06\/DISKAI-brembo.jpg",998,824,false],"1536x1536":["https:\/\/kabinam.lt\/wp-content\/uploads\/2024\/06\/DISKAI-brembo.jpg",998,824,false],"2048x2048":["https:\/\/kabinam.lt\/wp-content\/uploads\/2024\/06\/DISKAI-brembo.jpg",998,824,false],"trp-custom-language-flag":["https:\/\/kabinam.lt\/wp-content\/uploads\/2024\/06\/DISKAI-brembo.jpg",15,12,false],"woocommerce_thumbnail":["https:\/\/kabinam.lt\/wp-content\/uploads\/2024\/06\/DISKAI-brembo-300x300.jpg",300,300,true],"woocommerce_single":["https:\/\/kabinam.lt\/wp-content\/uploads\/2024\/06\/DISKAI-brembo-600x495.jpg",600,495,true],"woocommerce_gallery_thumbnail":["https:\/\/kabinam.lt\/wp-content\/uploads\/2024\/06\/DISKAI-brembo-100x100.jpg",100,100,true]},"uagb_author_info":{"display_name":"kabinam.lt","author_link":"https:\/\/kabinam.lt\/eng\/author\/"},"uagb_comment_info":0,"uagb_excerpt":"Stilingas stabd\u017ei\u0173 disko formos pakabukas \u2013 puiki dovana auto fanams ir ry\u0161kus akcentas tavo rakt\u0173 ry\u0161ulyje.","_links":{"self":[{"href":"https:\/\/kabinam.lt\/eng\/wp-json\/wp\/v2\/product\/1871","targetHints":{"allow":["GET"]}}],"collection":[{"href":"https:\/\/kabinam.lt\/eng\/wp-json\/wp\/v2\/product"}],"about":[{"href":"https:\/\/kabinam.lt\/eng\/wp-json\/wp\/v2\/types\/product"}],"replies":[{"embeddable":true,"href":"https:\/\/kabinam.lt\/eng\/wp-json\/wp\/v2\/comments?post=1871"}],"wp:featuredmedia":[{"embeddable":true,"href":"https:\/\/kabinam.lt\/eng\/wp-json\/wp\/v2\/media\/1870"}],"wp:attachment":[{"href":"https:\/\/kabinam.lt\/eng\/wp-json\/wp\/v2\/media?parent=1871"}],"wp:term":[{"taxonomy":"product_brand","embeddable":true,"href":"https:\/\/kabinam.lt\/eng\/wp-json\/wp\/v2\/product_brand?post=1871"},{"taxonomy":"product_cat","embeddable":true,"href":"https:\/\/kabinam.lt\/eng\/wp-json\/wp\/v2\/product_cat?post=1871"},{"taxonomy":"product_tag","embeddable":true,"href":"https:\/\/kabinam.lt\/eng\/wp-json\/wp\/v2\/product_tag?post=1871"}],"curies":[{"name":"wp","href":"https:\/\/api.w.org\/{rel}","templated":true}]}}