{"id":4505,"date":"2025-12-10T23:19:14","date_gmt":"2025-12-10T21:19:14","guid":{"rendered":"https:\/\/kabinam.lt\/product\/kaledine-panda\/"},"modified":"2026-01-19T02:53:29","modified_gmt":"2026-01-19T00:53:29","slug":"panda-tannenbaum-kostum-lustige-anstecknadel","status":"publish","type":"product","link":"https:\/\/kabinam.lt\/de\/product\/panda-eglutes-kostiumas-funny-pin\/","title":{"rendered":"Kost\u00fcm Seg\u0117 | Panda mit Weihnachtsbaumkost\u00fcm Brosche"},"content":{"rendered":"<div class=\"kk-star-ratings kksr-auto kksr-align-left kksr-valign-top\"\n    data-payload='{&quot;align&quot;:&quot;left&quot;,&quot;id&quot;:&quot;4505&quot;,&quot;slug&quot;:&quot;default&quot;,&quot;valign&quot;:&quot;top&quot;,&quot;ignore&quot;:&quot;&quot;,&quot;reference&quot;:&quot;auto&quot;,&quot;class&quot;:&quot;&quot;,&quot;count&quot;:&quot;0&quot;,&quot;legendonly&quot;:&quot;&quot;,&quot;readonly&quot;:&quot;&quot;,&quot;score&quot;:&quot;0&quot;,&quot;starsonly&quot;:&quot;&quot;,&quot;best&quot;:&quot;5&quot;,&quot;gap&quot;:&quot;5&quot;,&quot;greet&quot;:&quot;Mums svarbus j\u016bs\u0173 \u012fvertinimas&quot;,&quot;legend&quot;:&quot;0\\\/5 - (0 votes)&quot;,&quot;size&quot;:&quot;24&quot;,&quot;title&quot;:&quot;Kostiumin\u0117 Seg\u0117 | Panda Su Eglut\u0117s Kostiumu Bro\u0161ka&quot;,&quot;width&quot;:&quot;0&quot;,&quot;_legend&quot;:&quot;{score}\\\/{best} - ({count} {votes})&quot;,&quot;font_factor&quot;:&quot;1.25&quot;}'>\n            \n<div class=\"kksr-stars\">\n    \n<div class=\"kksr-stars-inactive\">\n            <div class=\"kksr-star\" data-star=\"1\" style=\"padding-right: 5px\">\n            \n\n<div class=\"kksr-icon\" style=\"width: 24px; height: 24px;\"><\/div>\n        <\/div>\n            <div class=\"kksr-star\" data-star=\"2\" style=\"padding-right: 5px\">\n            \n\n<div class=\"kksr-icon\" style=\"width: 24px; height: 24px;\"><\/div>\n        <\/div>\n            <div class=\"kksr-star\" data-star=\"3\" style=\"padding-right: 5px\">\n            \n\n<div class=\"kksr-icon\" style=\"width: 24px; height: 24px;\"><\/div>\n        <\/div>\n            <div class=\"kksr-star\" data-star=\"4\" style=\"padding-right: 5px\">\n            \n\n<div class=\"kksr-icon\" style=\"width: 24px; height: 24px;\"><\/div>\n        <\/div>\n            <div class=\"kksr-star\" data-star=\"5\" style=\"padding-right: 5px\">\n            \n\n<div class=\"kksr-icon\" style=\"width: 24px; height: 24px;\"><\/div>\n        <\/div>\n    <\/div>\n    \n<div class=\"kksr-stars-active\" style=\"width: 0px;\">\n            <div class=\"kksr-star\" style=\"padding-right: 5px\">\n            \n\n<div class=\"kksr-icon\" style=\"width: 24px; height: 24px;\"><\/div>\n        <\/div>\n            <div class=\"kksr-star\" style=\"padding-right: 5px\">\n            \n\n<div class=\"kksr-icon\" style=\"width: 24px; height: 24px;\"><\/div>\n        <\/div>\n            <div class=\"kksr-star\" style=\"padding-right: 5px\">\n            \n\n<div class=\"kksr-icon\" style=\"width: 24px; height: 24px;\"><\/div>\n        <\/div>\n            <div class=\"kksr-star\" style=\"padding-right: 5px\">\n            \n\n<div class=\"kksr-icon\" style=\"width: 24px; height: 24px;\"><\/div>\n        <\/div>\n            <div class=\"kksr-star\" style=\"padding-right: 5px\">\n            \n\n<div class=\"kksr-icon\" style=\"width: 24px; height: 24px;\"><\/div>\n        <\/div>\n    <\/div>\n<\/div>\n                \n\n<div class=\"kksr-legend\" style=\"font-size: 19.2px;\">\n            <span class=\"kksr-muted\">Ihre Bewertung ist f\u00fcr uns wichtig<\/span>\n    <\/div>\n    <\/div>\n<h1 data-path-to-node=\"13\">Kost\u00fcm-Anh\u00e4nger: Panda im Weihnachtsbaumkost\u00fcm \u2013 <i>Lustig<\/i> Weihnachtsstimmung<\/h1>\n<p data-path-to-node=\"14\">Diese <b>Emaille-Anh\u00e4nger im Panda-Weihnachtsbaumkost\u00fcm<\/b> ist f\u00fcr die, die <b>Weihnachten<\/b> mit guter Laune und breitem L\u00e4cheln ansehen! Das ist perfekt <b>Zubeh\u00f6r<\/b> f\u00fcr diejenigen, die gerne <i>lustig<\/i> Stil und nicht lachen. Die s\u00fc\u00dfe Panda beschloss hier selbst zum Haupt-Highlight der Feier zu werden \u2013 zum Weihnachtsbaum! Der gr\u00fcne Kost\u00fcm, bunte \u201eBlasen\u201d und der gelbe Stern auf dem Kopf schaffen unvergleichlich <b>s\u00fc\u00df<\/b> und <b>lustige<\/b> Bild. Das ist nicht nur <b>Emaille-Brosche<\/b> \u2013 die beste Art zu sagen, dass Sie bereit zu feiern sind. Wenn Sie suchen <i>niedlich<\/i> und <i>lustig<\/i> Highlight, dieser <b>pandos pin\u2019as<\/b> verf\u00fcgbar unter <i>Muss man haben<\/i>.<\/p>\n<h2 data-path-to-node=\"15\"><i>Lustig<\/i> Design Und Originale Idee<\/h2>\n<p data-path-to-node=\"16\">Siehe <b>Emaillestift<\/b> Design hebt sich durch Originalit\u00e4t hervor. Panda steht nicht einfach so neben dem Weihnachtsbaum, sie <i>verf\u00fcgbar unter<\/i> Weihnachtsbaum! Der dreieckige gr\u00fcne Kost\u00fcm imitiert perfekt den Baum, und die herausragenden Pandah\u00e4nde und -f\u00fc\u00dfe f\u00fcgen <i>niedlich<\/i> Charme hinzu. Gelbe <b>Stern<\/b> oben vervollst\u00e4ndigt diesen festlichen Kost\u00fcm. Dieser <b>Kost\u00fcm-Anh\u00e4nger<\/b> Ideal f\u00fcr die Kombination mit anderen <i>Partei<\/i>, <i>lustig<\/i> \u00fcber <b>weihnachtliches Thema<\/b> <i>Eiszapfen<\/i>.<\/p>\n<ul data-path-to-node=\"17\">\n<li>\n<p data-path-to-node=\"17,0,0\"><b>Stil:<\/b> Ideal f\u00fcr <i>\u00c4sthetik<\/i>, <i>lustig<\/i>, <i>niedlich<\/i> und <b>Party<\/b> Stile.<\/p>\n<\/li>\n<li>\n<p data-path-to-node=\"17,1,0\"><b>Qualit\u00e4t:<\/b> Unser <b>Emaille-Broschen<\/b> werden aus hochwertigem Hart-Email hergestellt, damit die Farben und Details lebendig bleiben. Dies ist <b>Hochwertiger Stift<\/b>, der jeden zum Lachen bringen wird. Wenn Sie mehr dar\u00fcber erfahren m\u00f6chten, wie Sie Ihren <b>thematisch<\/b> <i>Stifte<\/i>, so dass sie immer aussehen <i>frisch<\/i>, zur Information <a class=\"ng-star-inserted\" href=\"https:\/\/www.pinnpatch.lt\" target=\"_blank\" rel=\"noopener\" data-hveid=\"0\" data-ved=\"0CAAQ_4QMahgKEwjQ9NbIw8KRAxUAAAAAHQAAAAAQ3gk\">Quelle:<\/a>.<\/p>\n<\/li>\n<\/ul>\n<h2 data-path-to-node=\"18\">Tolle Geschenk f\u00fcr Humorliebhaber<\/h2>\n<p data-path-to-node=\"19\"><b>Panda-Weihnachtsbaum-Kost\u00fcm-Anh\u00e4nger<\/b> ist fantastisch <b>Geschenkidee<\/b> Freunden, die Kost\u00fcmpartys m\u00f6gen, <i>lustig<\/i> Stil-Followern oder einfach nur f\u00fcr Menschen, die lustige Accessoires sch\u00e4tzen. Das ist eine tolle Erg\u00e4nzung zu:<\/p>\n<ul data-path-to-node=\"20\">\n<li>\n<p data-path-to-node=\"20,0,0\"><b>Weihnachtspulli:<\/b> Verleiht zus\u00e4tzlichen Humor.<\/p>\n<\/li>\n<li>\n<p data-path-to-node=\"20,1,0\"><b>Rucks\u00e4cke:<\/b> Dient dazu, Ihren humorvollen Blick auf Feiertage zu zeigen.<\/p>\n<\/li>\n<\/ul>\n<p data-path-to-node=\"21\">Siehe unser vollst\u00e4ndiges <a class=\"ng-star-inserted\" href=\"https:\/\/kabinam.lt\/de\/\" target=\"_blank\" rel=\"noopener\" data-hveid=\"0\" data-ved=\"0CAAQ_4QMahgKEwjQ9NbIw8KRAxUAAAAAHQAAAAAQ3wk\">lustige und <i>Tiere<\/i> eine Sammlung von Emaillestiften<\/a>, wo Sie mehr finden k\u00f6nnen <i>Spa\u00df<\/i> und einzigartig <b>Stifte<\/b>, die perfekt zu dieser Figur passen.<\/p>\n<p data-path-to-node=\"22\"><b>Seien Sie das Fest-Sternchen!<\/b> Buchen Sie dies <b>Kostumerfolg<\/b> Heute teilt euch eine gute Stimmung.<\/p>","protected":false},"excerpt":{"rendered":"<p><b>Endlos <i>lustig<\/i> und <i>niedlich<\/i> Emaille *Nadel<\/b>*. <b>Panda<\/b>, kost\u00fcmiert <b>Weihnachtsbaumkost\u00fcm<\/b> mit <b>Stern<\/b> oben \u2013 perfekt <b>Zubeh\u00f6r<\/b> <b>Humor<\/b> f\u00fcr die ein Gef\u00fchl haben <b>Ferien<\/b> fanams.<\/p>","protected":false},"featured_media":4491,"comment_status":"open","ping_status":"closed","template":"","meta":{"_uag_custom_page_level_css":"","site-sidebar-layout":"default","site-content-layout":"","ast-site-content-layout":"default","site-content-style":"default","site-sidebar-style":"default","ast-global-header-display":"","ast-banner-title-visibility":"","ast-main-header-display":"","ast-hfb-above-header-display":"","ast-hfb-below-header-display":"","ast-hfb-mobile-header-display":"","site-post-title":"","ast-breadcrumbs-content":"","ast-featured-img":"","footer-sml-layout":"","ast-disable-related-posts":"","theme-transparent-header-meta":"default","adv-header-id-meta":"","stick-header-meta":"","header-above-stick-meta":"","header-main-stick-meta":"","header-below-stick-meta":"","astra-migrate-meta-layouts":"set","ast-page-background-enabled":"default","ast-page-background-meta":{"desktop":{"background-color":"var(--ast-global-color-4)","background-image":"","background-repeat":"repeat","background-position":"center center","background-size":"auto","background-attachment":"scroll","background-type":"","background-media":"","overlay-type":"","overlay-color":"","overlay-opacity":"","overlay-gradient":""},"tablet":{"background-color":"","background-image":"","background-repeat":"repeat","background-position":"center center","background-size":"auto","background-attachment":"scroll","background-type":"","background-media":"","overlay-type":"","overlay-color":"","overlay-opacity":"","overlay-gradient":""},"mobile":{"background-color":"","background-image":"","background-repeat":"repeat","background-position":"center center","background-size":"auto","background-attachment":"scroll","background-type":"","background-media":"","overlay-type":"","overlay-color":"","overlay-opacity":"","overlay-gradient":""}},"ast-content-background-meta":{"desktop":{"background-color":"var(--ast-global-color-5)","background-image":"","background-repeat":"repeat","background-position":"center center","background-size":"auto","background-attachment":"scroll","background-type":"","background-media":"","overlay-type":"","overlay-color":"","overlay-opacity":"","overlay-gradient":""},"tablet":{"background-color":"var(--ast-global-color-5)","background-image":"","background-repeat":"repeat","background-position":"center center","background-size":"auto","background-attachment":"scroll","background-type":"","background-media":"","overlay-type":"","overlay-color":"","overlay-opacity":"","overlay-gradient":""},"mobile":{"background-color":"var(--ast-global-color-5)","background-image":"","background-repeat":"repeat","background-position":"center center","background-size":"auto","background-attachment":"scroll","background-type":"","background-media":"","overlay-type":"","overlay-color":"","overlay-opacity":"","overlay-gradient":""}}},"product_brand":[],"product_cat":[127,126,119],"product_tag":[],"class_list":{"0":"post-4505","1":"product","2":"type-product","3":"status-publish","4":"has-post-thumbnail","6":"product_cat-kaledos","7":"product_cat-visi","8":"product_cat-smeigtukai-pins","9":"desktop-align-center","10":"tablet-align-left","11":"mobile-align-left","13":"first","14":"instock","15":"shipping-taxable","16":"purchasable","17":"product-type-simple"},"yoast_head":"<!-- This site is optimized with the Yoast SEO plugin v27.1.1 - https:\/\/yoast.com\/product\/yoast-seo-wordpress\/ -->\n<title>Kostiumin\u0117 Seg\u0117 | Panda Su Eglut\u0117s Kostiumu Bro\u0161ka - kabinam.lt<\/title>\n<meta name=\"description\" content=\"Pasipuo\u0161kite linksmai! \u0160is panda eglut\u0117s kostiumo segtukas yra must-have aksesuaras visiems, kurie m\u0117gsta funny Kal\u0117d\u0173 stili\u0173 ir mielus gyv\u016bnus.\" \/>\n<meta name=\"robots\" content=\"index, follow, max-snippet:-1, max-image-preview:large, max-video-preview:-1\" \/>\n<link rel=\"canonical\" href=\"https:\/\/kabinam.lt\/de\/produkt\/panda-tannenbaum-kostum-lustige-anstecknadel\/\" \/>\n<meta property=\"og:locale\" content=\"de_DE\" \/>\n<meta property=\"og:type\" content=\"article\" \/>\n<meta property=\"og:title\" content=\"Kostiumin\u0117 Seg\u0117 | Panda Su Eglut\u0117s Kostiumu Bro\u0161ka - kabinam.lt\" \/>\n<meta property=\"og:description\" content=\"Pasipuo\u0161kite linksmai! \u0160is panda eglut\u0117s kostiumo segtukas yra must-have aksesuaras visiems, kurie m\u0117gsta funny Kal\u0117d\u0173 stili\u0173 ir mielus gyv\u016bnus.\" \/>\n<meta property=\"og:url\" content=\"https:\/\/kabinam.lt\/de\/produkt\/panda-tannenbaum-kostum-lustige-anstecknadel\/\" \/>\n<meta property=\"og:site_name\" content=\"kabinam.lt\" \/>\n<meta property=\"article:modified_time\" content=\"2026-01-19T00:53:29+00:00\" \/>\n<meta property=\"og:image\" content=\"https:\/\/kabinam.lt\/wp-content\/uploads\/2025\/12\/IMG_20251210_224404.jpg\" \/>\n\t<meta property=\"og:image:width\" content=\"800\" \/>\n\t<meta property=\"og:image:height\" content=\"800\" \/>\n\t<meta property=\"og:image:type\" content=\"image\/jpeg\" \/>\n<meta name=\"twitter:card\" content=\"summary_large_image\" \/>\n<meta name=\"twitter:label1\" content=\"Gesch\u00e4tzte Lesezeit\" \/>\n\t<meta name=\"twitter:data1\" content=\"2\u00a0Minuten\" \/>\n<script type=\"application\/ld+json\" class=\"yoast-schema-graph\">{\"@context\":\"https:\/\/schema.org\",\"@graph\":[{\"@type\":[\"WebPage\",\"ItemPage\"],\"@id\":\"https:\/\/kabinam.lt\/eng\/product\/panda-christmas-tree-costume-funny-pin\/\",\"url\":\"https:\/\/kabinam.lt\/eng\/product\/panda-christmas-tree-costume-funny-pin\/\",\"name\":\"Kostiumin\u0117 Seg\u0117 | Panda Su Eglut\u0117s Kostiumu Bro\u0161ka - kabinam.lt\",\"isPartOf\":{\"@id\":\"https:\/\/kabinam.lt\/#website\"},\"primaryImageOfPage\":{\"@id\":\"https:\/\/kabinam.lt\/eng\/product\/panda-christmas-tree-costume-funny-pin\/#primaryimage\"},\"image\":{\"@id\":\"https:\/\/kabinam.lt\/eng\/product\/panda-christmas-tree-costume-funny-pin\/#primaryimage\"},\"thumbnailUrl\":\"https:\/\/kabinam.lt\/wp-content\/uploads\/2025\/12\/IMG_20251210_224404.jpg\",\"datePublished\":\"2025-12-10T21:19:14+00:00\",\"dateModified\":\"2026-01-19T00:53:29+00:00\",\"description\":\"Pasipuo\u0161kite linksmai! \u0160is panda eglut\u0117s kostiumo segtukas yra must-have aksesuaras visiems, kurie m\u0117gsta funny Kal\u0117d\u0173 stili\u0173 ir mielus gyv\u016bnus.\",\"breadcrumb\":{\"@id\":\"https:\/\/kabinam.lt\/eng\/product\/panda-christmas-tree-costume-funny-pin\/#breadcrumb\"},\"inLanguage\":\"de\",\"potentialAction\":[{\"@type\":\"ReadAction\",\"target\":[\"https:\/\/kabinam.lt\/eng\/product\/panda-christmas-tree-costume-funny-pin\/\"]}]},{\"@type\":\"ImageObject\",\"inLanguage\":\"de\",\"@id\":\"https:\/\/kabinam.lt\/eng\/product\/panda-christmas-tree-costume-funny-pin\/#primaryimage\",\"url\":\"https:\/\/kabinam.lt\/wp-content\/uploads\/2025\/12\/IMG_20251210_224404.jpg\",\"contentUrl\":\"https:\/\/kabinam.lt\/wp-content\/uploads\/2025\/12\/IMG_20251210_224404.jpg\",\"width\":800,\"height\":800,\"caption\":\"Panda Apsirengusi Eglute Segtukas\"},{\"@type\":\"BreadcrumbList\",\"@id\":\"https:\/\/kabinam.lt\/eng\/product\/panda-christmas-tree-costume-funny-pin\/#breadcrumb\",\"itemListElement\":[{\"@type\":\"ListItem\",\"position\":1,\"name\":\"Home\",\"item\":\"https:\/\/kabinam.lt\/\"},{\"@type\":\"ListItem\",\"position\":2,\"name\":\"Visi Produktai\",\"item\":\"https:\/\/kabinam.lt\/visi-produktai\/\"},{\"@type\":\"ListItem\",\"position\":3,\"name\":\"Kostiumin\u0117 Seg\u0117 | Panda Su Eglut\u0117s Kostiumu Bro\u0161ka\"}]},{\"@type\":\"WebSite\",\"@id\":\"https:\/\/kabinam.lt\/#website\",\"url\":\"https:\/\/kabinam.lt\/\",\"name\":\"kabinam.lt\",\"description\":\"Kabinam.lt \u2013 raktu pakabukai ir aksesuarai\",\"publisher\":{\"@id\":\"https:\/\/kabinam.lt\/#organization\"},\"alternateName\":\"pakabukai lt\",\"potentialAction\":[{\"@type\":\"SearchAction\",\"target\":{\"@type\":\"EntryPoint\",\"urlTemplate\":\"https:\/\/kabinam.lt\/?s={search_term_string}\"},\"query-input\":{\"@type\":\"PropertyValueSpecification\",\"valueRequired\":true,\"valueName\":\"search_term_string\"}}],\"inLanguage\":\"de\"},{\"@type\":\"Organization\",\"@id\":\"https:\/\/kabinam.lt\/#organization\",\"name\":\"kabinam.lt\",\"alternateName\":\"kabinam\",\"url\":\"https:\/\/kabinam.lt\/\",\"logo\":{\"@type\":\"ImageObject\",\"inLanguage\":\"de\",\"@id\":\"https:\/\/kabinam.lt\/#\/schema\/logo\/image\/\",\"url\":\"https:\/\/kabinam.lt\/wp-content\/uploads\/2025\/05\/KABINAM_outer_glow.png\",\"contentUrl\":\"https:\/\/kabinam.lt\/wp-content\/uploads\/2025\/05\/KABINAM_outer_glow.png\",\"width\":474,\"height\":141,\"caption\":\"kabinam.lt\"},\"image\":{\"@id\":\"https:\/\/kabinam.lt\/#\/schema\/logo\/image\/\"}}]}<\/script>\n<!-- \/ Yoast SEO plugin. -->","yoast_head_json":{"title":"Kost\u00fcm-Spange | Panda mit Tannenbaum-Kost\u00fcm-Anstecknadel - kabinam.lt","description":"Schm\u00fcckt euch fr\u00f6hlich! Dieser Panda-Weihnachtsbaum-Kost\u00fcm-Anh\u00e4nger ist ein Must-Have-Zubeh\u00f6r f\u00fcr alle, die einen lustigen Weihnachtsstil und s\u00fc\u00dfe Tiere m\u00f6gen.","robots":{"index":"index","follow":"follow","max-snippet":"max-snippet:-1","max-image-preview":"max-image-preview:large","max-video-preview":"max-video-preview:-1"},"canonical":"https:\/\/kabinam.lt\/de\/produkt\/panda-tannenbaum-kostum-lustige-anstecknadel\/","og_locale":"de_DE","og_type":"article","og_title":"Kostiumin\u0117 Seg\u0117 | Panda Su Eglut\u0117s Kostiumu Bro\u0161ka - kabinam.lt","og_description":"Pasipuo\u0161kite linksmai! \u0160is panda eglut\u0117s kostiumo segtukas yra must-have aksesuaras visiems, kurie m\u0117gsta funny Kal\u0117d\u0173 stili\u0173 ir mielus gyv\u016bnus.","og_url":"https:\/\/kabinam.lt\/de\/produkt\/panda-tannenbaum-kostum-lustige-anstecknadel\/","og_site_name":"kabinam.lt","article_modified_time":"2026-01-19T00:53:29+00:00","og_image":[{"width":800,"height":800,"url":"https:\/\/kabinam.lt\/wp-content\/uploads\/2025\/12\/IMG_20251210_224404.jpg","type":"image\/jpeg"}],"twitter_card":"summary_large_image","twitter_misc":{"Gesch\u00e4tzte Lesezeit":"2\u00a0Minuten"},"schema":{"@context":"https:\/\/schema.org","@graph":[{"@type":["WebPage","ItemPage"],"@id":"https:\/\/kabinam.lt\/eng\/product\/panda-christmas-tree-costume-funny-pin\/","url":"https:\/\/kabinam.lt\/eng\/product\/panda-christmas-tree-costume-funny-pin\/","name":"Kost\u00fcm-Spange | Panda mit Tannenbaum-Kost\u00fcm-Anstecknadel - kabinam.lt","isPartOf":{"@id":"https:\/\/kabinam.lt\/#website"},"primaryImageOfPage":{"@id":"https:\/\/kabinam.lt\/eng\/product\/panda-christmas-tree-costume-funny-pin\/#primaryimage"},"image":{"@id":"https:\/\/kabinam.lt\/eng\/product\/panda-christmas-tree-costume-funny-pin\/#primaryimage"},"thumbnailUrl":"https:\/\/kabinam.lt\/wp-content\/uploads\/2025\/12\/IMG_20251210_224404.jpg","datePublished":"2025-12-10T21:19:14+00:00","dateModified":"2026-01-19T00:53:29+00:00","description":"Schm\u00fcckt euch fr\u00f6hlich! Dieser Panda-Weihnachtsbaum-Kost\u00fcm-Anh\u00e4nger ist ein Must-Have-Zubeh\u00f6r f\u00fcr alle, die einen lustigen Weihnachtsstil und s\u00fc\u00dfe Tiere m\u00f6gen.","breadcrumb":{"@id":"https:\/\/kabinam.lt\/eng\/product\/panda-christmas-tree-costume-funny-pin\/#breadcrumb"},"inLanguage":"de","potentialAction":[{"@type":"ReadAction","target":["https:\/\/kabinam.lt\/eng\/product\/panda-christmas-tree-costume-funny-pin\/"]}]},{"@type":"ImageObject","inLanguage":"de","@id":"https:\/\/kabinam.lt\/eng\/product\/panda-christmas-tree-costume-funny-pin\/#primaryimage","url":"https:\/\/kabinam.lt\/wp-content\/uploads\/2025\/12\/IMG_20251210_224404.jpg","contentUrl":"https:\/\/kabinam.lt\/wp-content\/uploads\/2025\/12\/IMG_20251210_224404.jpg","width":800,"height":800,"caption":"Panda Apsirengusi Eglute Segtukas"},{"@type":"BreadcrumbList","@id":"https:\/\/kabinam.lt\/eng\/product\/panda-christmas-tree-costume-funny-pin\/#breadcrumb","itemListElement":[{"@type":"ListItem","position":1,"name":"Home","item":"https:\/\/kabinam.lt\/"},{"@type":"ListItem","position":2,"name":"Visi Produktai","item":"https:\/\/kabinam.lt\/visi-produktai\/"},{"@type":"ListItem","position":3,"name":"Kostiumin\u0117 Seg\u0117 | Panda Su Eglut\u0117s Kostiumu Bro\u0161ka"}]},{"@type":"WebSite","@id":"https:\/\/kabinam.lt\/#website","url":"https:\/\/kabinam.lt\/","name":"kabinam.lt","description":"Kabinam.lt - Schl\u00fcsselanh\u00e4nger und Zubeh\u00f6r","publisher":{"@id":"https:\/\/kabinam.lt\/#organization"},"alternateName":"pakabukai lt","potentialAction":[{"@type":"SearchAction","target":{"@type":"EntryPoint","urlTemplate":"https:\/\/kabinam.lt\/?s={search_term_string}"},"query-input":{"@type":"PropertyValueSpecification","valueRequired":true,"valueName":"search_term_string"}}],"inLanguage":"de"},{"@type":"Organization","@id":"https:\/\/kabinam.lt\/#organization","name":"kabinam.lt","alternateName":"kabinam","url":"https:\/\/kabinam.lt\/","logo":{"@type":"ImageObject","inLanguage":"de","@id":"https:\/\/kabinam.lt\/#\/schema\/logo\/image\/","url":"https:\/\/kabinam.lt\/wp-content\/uploads\/2025\/05\/KABINAM_outer_glow.png","contentUrl":"https:\/\/kabinam.lt\/wp-content\/uploads\/2025\/05\/KABINAM_outer_glow.png","width":474,"height":141,"caption":"kabinam.lt"},"image":{"@id":"https:\/\/kabinam.lt\/#\/schema\/logo\/image\/"}}]}},"uagb_featured_image_src":{"full":["https:\/\/kabinam.lt\/wp-content\/uploads\/2025\/12\/IMG_20251210_224404.jpg",800,800,false],"thumbnail":["https:\/\/kabinam.lt\/wp-content\/uploads\/2025\/12\/IMG_20251210_224404-150x150.jpg",150,150,true],"medium":["https:\/\/kabinam.lt\/wp-content\/uploads\/2025\/12\/IMG_20251210_224404-300x300.jpg",300,300,true],"medium_large":["https:\/\/kabinam.lt\/wp-content\/uploads\/2025\/12\/IMG_20251210_224404-768x768.jpg",768,768,true],"large":["https:\/\/kabinam.lt\/wp-content\/uploads\/2025\/12\/IMG_20251210_224404.jpg",800,800,false],"1536x1536":["https:\/\/kabinam.lt\/wp-content\/uploads\/2025\/12\/IMG_20251210_224404.jpg",800,800,false],"2048x2048":["https:\/\/kabinam.lt\/wp-content\/uploads\/2025\/12\/IMG_20251210_224404.jpg",800,800,false],"trp-custom-language-flag":["https:\/\/kabinam.lt\/wp-content\/uploads\/2025\/12\/IMG_20251210_224404-12x12.jpg",12,12,true],"woocommerce_thumbnail":["https:\/\/kabinam.lt\/wp-content\/uploads\/2025\/12\/IMG_20251210_224404-300x300.jpg",300,300,true],"woocommerce_single":["https:\/\/kabinam.lt\/wp-content\/uploads\/2025\/12\/IMG_20251210_224404-600x600.jpg",600,600,true],"woocommerce_gallery_thumbnail":["https:\/\/kabinam.lt\/wp-content\/uploads\/2025\/12\/IMG_20251210_224404-100x100.jpg",100,100,true]},"uagb_author_info":{"display_name":"kabinam.lt","author_link":"https:\/\/kabinam.lt\/de\/author\/"},"uagb_comment_info":0,"uagb_excerpt":"Be galo funny ir cute emalio *pin'as*. Panda, apsirengusi Kal\u0117din\u0117s eglut\u0117s kostiumu su \u017evaig\u017ede ant vir\u0161aus \u2013 tobulas aksesuaras humoro jausm\u0105 turintiems \u0161ven\u010di\u0173 fanams.","_links":{"self":[{"href":"https:\/\/kabinam.lt\/de\/wp-json\/wp\/v2\/product\/4505","targetHints":{"allow":["GET"]}}],"collection":[{"href":"https:\/\/kabinam.lt\/de\/wp-json\/wp\/v2\/product"}],"about":[{"href":"https:\/\/kabinam.lt\/de\/wp-json\/wp\/v2\/types\/product"}],"replies":[{"embeddable":true,"href":"https:\/\/kabinam.lt\/de\/wp-json\/wp\/v2\/comments?post=4505"}],"wp:featuredmedia":[{"embeddable":true,"href":"https:\/\/kabinam.lt\/de\/wp-json\/wp\/v2\/media\/4491"}],"wp:attachment":[{"href":"https:\/\/kabinam.lt\/de\/wp-json\/wp\/v2\/media?parent=4505"}],"wp:term":[{"taxonomy":"product_brand","embeddable":true,"href":"https:\/\/kabinam.lt\/de\/wp-json\/wp\/v2\/product_brand?post=4505"},{"taxonomy":"product_cat","embeddable":true,"href":"https:\/\/kabinam.lt\/de\/wp-json\/wp\/v2\/product_cat?post=4505"},{"taxonomy":"product_tag","embeddable":true,"href":"https:\/\/kabinam.lt\/de\/wp-json\/wp\/v2\/product_tag?post=4505"}],"curies":[{"name":"wp","href":"https:\/\/api.w.org\/{rel}","templated":true}]}}