{"id":4208,"date":"2025-09-19T22:38:44","date_gmt":"2025-09-19T20:38:44","guid":{"rendered":"https:\/\/kabinam.lt\/product\/vaivorykste-2\/"},"modified":"2026-01-19T02:01:00","modified_gmt":"2026-01-19T00:01:00","slug":"vaivorykste-su-debeseliu-spalvingas-pin","status":"publish","type":"product","link":"https:\/\/kabinam.lt\/de\/product\/vaivorykste-su-debeseliu-spalvingas-pin\/","title":{"rendered":"Stil Seg\u0117 | Regenbogen mit wei\u00dfer Wolke \u2013 \u201eRainbow Hope\u201d"},"content":{"rendered":"<div class=\"kk-star-ratings kksr-auto kksr-align-left kksr-valign-top\"\n    data-payload='{&quot;align&quot;:&quot;left&quot;,&quot;id&quot;:&quot;4208&quot;,&quot;slug&quot;:&quot;default&quot;,&quot;valign&quot;:&quot;top&quot;,&quot;ignore&quot;:&quot;&quot;,&quot;reference&quot;:&quot;auto&quot;,&quot;class&quot;:&quot;&quot;,&quot;count&quot;:&quot;0&quot;,&quot;legendonly&quot;:&quot;&quot;,&quot;readonly&quot;:&quot;&quot;,&quot;score&quot;:&quot;0&quot;,&quot;starsonly&quot;:&quot;&quot;,&quot;best&quot;:&quot;5&quot;,&quot;gap&quot;:&quot;5&quot;,&quot;greet&quot;:&quot;Mums svarbus j\u016bs\u0173 \u012fvertinimas&quot;,&quot;legend&quot;:&quot;0\\\/5 - (0 votes)&quot;,&quot;size&quot;:&quot;24&quot;,&quot;title&quot;:&quot;Stiliaus Seg\u0117 | Vaivoryk\u0161t\u0117 su Baltu Debes\u0117liu \u2013 \\u0026quot;Rainbow Hope\\u0026quot;&quot;,&quot;width&quot;:&quot;0&quot;,&quot;_legend&quot;:&quot;{score}\\\/{best} - ({count} {votes})&quot;,&quot;font_factor&quot;:&quot;1.25&quot;}'>\n            \n<div class=\"kksr-stars\">\n    \n<div class=\"kksr-stars-inactive\">\n            <div class=\"kksr-star\" data-star=\"1\" style=\"padding-right: 5px\">\n            \n\n<div class=\"kksr-icon\" style=\"width: 24px; height: 24px;\"><\/div>\n        <\/div>\n            <div class=\"kksr-star\" data-star=\"2\" style=\"padding-right: 5px\">\n            \n\n<div class=\"kksr-icon\" style=\"width: 24px; height: 24px;\"><\/div>\n        <\/div>\n            <div class=\"kksr-star\" data-star=\"3\" style=\"padding-right: 5px\">\n            \n\n<div class=\"kksr-icon\" style=\"width: 24px; height: 24px;\"><\/div>\n        <\/div>\n            <div class=\"kksr-star\" data-star=\"4\" style=\"padding-right: 5px\">\n            \n\n<div class=\"kksr-icon\" style=\"width: 24px; height: 24px;\"><\/div>\n        <\/div>\n            <div class=\"kksr-star\" data-star=\"5\" style=\"padding-right: 5px\">\n            \n\n<div class=\"kksr-icon\" style=\"width: 24px; height: 24px;\"><\/div>\n        <\/div>\n    <\/div>\n    \n<div class=\"kksr-stars-active\" style=\"width: 0px;\">\n            <div class=\"kksr-star\" style=\"padding-right: 5px\">\n            \n\n<div class=\"kksr-icon\" style=\"width: 24px; height: 24px;\"><\/div>\n        <\/div>\n            <div class=\"kksr-star\" style=\"padding-right: 5px\">\n            \n\n<div class=\"kksr-icon\" style=\"width: 24px; height: 24px;\"><\/div>\n        <\/div>\n            <div class=\"kksr-star\" style=\"padding-right: 5px\">\n            \n\n<div class=\"kksr-icon\" style=\"width: 24px; height: 24px;\"><\/div>\n        <\/div>\n            <div class=\"kksr-star\" style=\"padding-right: 5px\">\n            \n\n<div class=\"kksr-icon\" style=\"width: 24px; height: 24px;\"><\/div>\n        <\/div>\n            <div class=\"kksr-star\" style=\"padding-right: 5px\">\n            \n\n<div class=\"kksr-icon\" style=\"width: 24px; height: 24px;\"><\/div>\n        <\/div>\n    <\/div>\n<\/div>\n                \n\n<div class=\"kksr-legend\" style=\"font-size: 19.2px;\">\n            <span class=\"kksr-muted\">Ihre Bewertung ist f\u00fcr uns wichtig<\/span>\n    <\/div>\n    <\/div>\n<h1 data-path-to-node=\"13\">Spalv\u0173 Magija: Vaivoryk\u0161t\u0117 su Debes\u0117liu \u2013 J\u016bs\u0173 Dienos \u0160ypsena<\/h1>\n<p data-path-to-node=\"14\">Diese <b data-path-to-node=\"14\" data-index-in-node=\"3\">vaivoryk\u0161t\u0117s emalio seg\u0117<\/b> yra tikras optimizmo ir svajoni\u0173 simbolis! Tai idealus <b data-path-to-node=\"14\" data-index-in-node=\"83\">Zubeh\u00f6r<\/b> f\u00fcr diejenigen, die gerne <b data-path-to-node=\"14\" data-index-in-node=\"114\">\u017eaisming\u0105 stili\u0173<\/b>, vertina ry\u0161kias spalvas ir nori savo aprangai suteikti pozityvios energijos. Seg\u0117je pavaizduota klasikin\u0117 vaivoryk\u0161t\u0117, i\u0161nyranti i\u0161 balto, \u0161varaus debes\u0117lio. Tai ne tik <b data-path-to-node=\"14\" data-index-in-node=\"301\">Emaille-Brosche<\/b> \u2013 tai ma\u017eas priminimas, kad po kiekvieno lietaus nu\u0161vinta saul\u0117. Jei ie\u0161kote akcento, kuris tapt\u0173 J\u016bs\u0173 stiliaus \u201elaim\u0117s talismanu\u201c, \u0161i <b data-path-to-node=\"14\" data-index-in-node=\"450\">vaivoryk\u0161t\u0117<\/b> ist die perfekte Wahl.<\/p>\n<h2 data-path-to-node=\"15\">Ry\u0161ki Palet\u0117 Ir Eleganti\u0161kas Aukso Kont\u016bras<\/h2>\n<p data-path-to-node=\"16\">Siehe <b data-path-to-node=\"16\" data-index-in-node=\"4\">Emaillestift<\/b> dizainas pasi\u017eymi sodriomis spalvomis ir harmoningu j\u0173 i\u0161d\u0117stymu. Nuo ry\u0161kios ro\u017ein\u0117s iki paslaptingos violetin\u0117s \u2013 kiekviena juosta u\u017epildyta auk\u0161\u010diausios kokyb\u0117s emaliu. Auksinio atspalvio metalinis r\u0117melis suteikia aksesuarui prabangos ir u\u017etikrina, kad jis i\u0161liks pastebimas net ant spalving\u0173 audini\u0173. \u0160is <b data-path-to-node=\"16\" data-index-in-node=\"329\">vaivoryk\u0161t\u0117s segtukas<\/b> puikiai tinka prie vasarini\u0173 sukneli\u0173, d\u017einsini\u0173 striuki\u0173 ar net spalving\u0173 kuprini\u0173.<\/p>\n<ul data-path-to-node=\"17\">\n<li>\n<p data-path-to-node=\"17,0,0\"><b data-path-to-node=\"17,0,0\" data-index-in-node=\"0\">Stil:<\/b> Perfekt f\u00fcr <i data-path-to-node=\"17,0,0\" data-index-in-node=\"23\">colorful<\/i>, <i data-path-to-node=\"17,0,0\" data-index-in-node=\"33\">pop-art<\/i>, <i data-path-to-node=\"17,0,0\" data-index-in-node=\"42\">dreamy<\/i> und <b data-path-to-node=\"17,0,0\" data-index-in-node=\"52\">pozityvaus<\/b> f\u00fcr Stil-Fans.<\/p>\n<\/li>\n<li>\n<p data-path-to-node=\"17,1,0\"><b data-path-to-node=\"17,1,0\" data-index-in-node=\"0\">Qualit\u00e4t:<\/b> Unser <b data-path-to-node=\"17,1,0\" data-index-in-node=\"13\">Emaille-Broschen<\/b> gaminamos i\u0161 kietojo emalio, u\u017etikrinant itin lyg\u0173 pavir\u0161i\u0173 ir spalv\u0173 ilgaam\u017ei\u0161kum\u0105. Auksinis metalo pagrindas yra tvirtas ir patikimas, tod\u0117l seg\u0117 d\u017eiugins Jus kiekvien\u0105 dien\u0105. Tai <b data-path-to-node=\"17,1,0\" data-index-in-node=\"208\">Hochwertiger Stift<\/b>, sukurtas skleisti d\u017eiaugsm\u0105. Daugiau id\u0117j\u0173 stilingiems deriniams rasite <a class=\"ng-star-inserted\" href=\"https:\/\/www.pinnpatch.lt\" target=\"_blank\" rel=\"noopener\" data-hveid=\"0\" data-ved=\"0CAAQ_4QMahgKEwi5pqKb08yRAxUAAAAAHQAAAAAQ-QM\">pinnpatch.lt<\/a>.<\/p>\n<\/li>\n<\/ul>\n<h2 data-path-to-node=\"18\">Dovana, Kuri Pakelia Nuotaik\u0105<\/h2>\n<p data-path-to-node=\"19\"><b data-path-to-node=\"19\" data-index-in-node=\"0\">Vaivoryk\u0161t\u0117 su debes\u0117liu segtukas<\/b> ist erstaunlich <b data-path-to-node=\"19\" data-index-in-node=\"47\">Geschenkidee<\/b> draugui, kuriam reikia palaikymo, svajotojai sesei arba vaikui, m\u0117gstan\u010diam spalv\u0173 pasaul\u012f. Tai simboli\u0161ka dovana, kuri visada primins apie \u0161viesias akimirkas. \u0160is aksesuaras puikiai papuo\u0161:<\/p>\n<ul data-path-to-node=\"20\">\n<li>\n<p data-path-to-node=\"20,0,0\"><b data-path-to-node=\"20,0,0\" data-index-in-node=\"0\">Mokyklin\u0119 ar laisvalaikio kuprin\u0119:<\/b> Suteikia jai asmeni\u0161kumo ir \u017eaismingumo.<\/p>\n<\/li>\n<li>\n<p data-path-to-node=\"20,1,0\"><b data-path-to-node=\"20,1,0\" data-index-in-node=\"0\">Mar\u0161kini\u0173 apykakl\u0119 ar d\u017eemper\u012f:<\/b> Paver\u010dia kasdien\u0119 aprang\u0105 i\u0161skirtine.<\/p>\n<\/li>\n<\/ul>\n<p data-path-to-node=\"21\">Siehe unser vollst\u00e4ndiges <a class=\"ng-star-inserted\" href=\"https:\/\/kabinam.lt\/de\/produktkategorie-2\/anstecknadeln-pins\/\" target=\"_blank\" rel=\"noopener\" data-hveid=\"0\" data-ved=\"0CAAQ_4QMahgKEwi5pqKb08yRAxUAAAAAHQAAAAAQ-gM\">spalving\u0173 ir nuotaiking\u0173 emalio segtuk\u0173 asortiment\u0105<\/a> ir raskite savo asmenin\u0119 vaivoryk\u0161t\u0119.<\/p>\n<p data-path-to-node=\"22\"><b data-path-to-node=\"22\" data-index-in-node=\"0\">Geben Sie Ihrem Bild Farben!<\/b> Buchen Sie dies <b data-path-to-node=\"22\" data-index-in-node=\"51\">Regenbogensocken<\/b> jetzt.<\/p>","protected":false},"excerpt":{"rendered":"<p><b data-path-to-node=\"4,3,1,0\" data-index-in-node=\"0\">Spalvingas<\/b> und <b data-path-to-node=\"4,3,1,0\" data-index-in-node=\"14\">pozityvus<\/b> emalio pin\u2019as. Penki\u0173 spalv\u0173 <b data-path-to-node=\"4,3,1,0\" data-index-in-node=\"53\">vaivoryk\u0161t\u0117<\/b> su puriu <b data-path-to-node=\"4,3,1,0\" data-index-in-node=\"74\">baltu debes\u0117liu<\/b> ir prabangiu <b data-path-to-node=\"4,3,1,0\" data-index-in-node=\"103\">goldener Umriss<\/b> - perfekt <b data-path-to-node=\"4,3,1,0\" data-index-in-node=\"130\">Zubeh\u00f6r<\/b> nuotaikai pakelti, svajotojams ir tiems, kurie vertina ry\u0161kias detales.<\/p>","protected":false},"featured_media":4207,"comment_status":"open","ping_status":"closed","template":"","meta":{"_uag_custom_page_level_css":"","site-sidebar-layout":"default","site-content-layout":"","ast-site-content-layout":"default","site-content-style":"default","site-sidebar-style":"default","ast-global-header-display":"","ast-banner-title-visibility":"","ast-main-header-display":"","ast-hfb-above-header-display":"","ast-hfb-below-header-display":"","ast-hfb-mobile-header-display":"","site-post-title":"","ast-breadcrumbs-content":"","ast-featured-img":"","footer-sml-layout":"","ast-disable-related-posts":"","theme-transparent-header-meta":"default","adv-header-id-meta":"","stick-header-meta":"","header-above-stick-meta":"","header-main-stick-meta":"","header-below-stick-meta":"","astra-migrate-meta-layouts":"set","ast-page-background-enabled":"default","ast-page-background-meta":{"desktop":{"background-color":"var(--ast-global-color-4)","background-image":"","background-repeat":"repeat","background-position":"center center","background-size":"auto","background-attachment":"scroll","background-type":"","background-media":"","overlay-type":"","overlay-color":"","overlay-opacity":"","overlay-gradient":""},"tablet":{"background-color":"","background-image":"","background-repeat":"repeat","background-position":"center center","background-size":"auto","background-attachment":"scroll","background-type":"","background-media":"","overlay-type":"","overlay-color":"","overlay-opacity":"","overlay-gradient":""},"mobile":{"background-color":"","background-image":"","background-repeat":"repeat","background-position":"center center","background-size":"auto","background-attachment":"scroll","background-type":"","background-media":"","overlay-type":"","overlay-color":"","overlay-opacity":"","overlay-gradient":""}},"ast-content-background-meta":{"desktop":{"background-color":"var(--ast-global-color-5)","background-image":"","background-repeat":"repeat","background-position":"center center","background-size":"auto","background-attachment":"scroll","background-type":"","background-media":"","overlay-type":"","overlay-color":"","overlay-opacity":"","overlay-gradient":""},"tablet":{"background-color":"var(--ast-global-color-5)","background-image":"","background-repeat":"repeat","background-position":"center center","background-size":"auto","background-attachment":"scroll","background-type":"","background-media":"","overlay-type":"","overlay-color":"","overlay-opacity":"","overlay-gradient":""},"mobile":{"background-color":"var(--ast-global-color-5)","background-image":"","background-repeat":"repeat","background-position":"center center","background-size":"auto","background-attachment":"scroll","background-type":"","background-media":"","overlay-type":"","overlay-color":"","overlay-opacity":"","overlay-gradient":""}}},"product_brand":[],"product_cat":[126,119],"product_tag":[],"class_list":{"0":"post-4208","1":"product","2":"type-product","3":"status-publish","4":"has-post-thumbnail","6":"product_cat-visi","7":"product_cat-smeigtukai-pins","8":"desktop-align-center","9":"tablet-align-left","10":"mobile-align-left","12":"first","13":"instock","14":"purchasable","15":"product-type-simple"},"yoast_head":"<!-- This site is optimized with the Yoast SEO plugin v27.1.1 - https:\/\/yoast.com\/product\/yoast-seo-wordpress\/ -->\n<title>Stiliaus Seg\u0117 | Vaivoryk\u0161t\u0117 su Baltu Debes\u0117liu \u2013 &quot;Rainbow Hope&quot;<\/title>\n<meta name=\"description\" content=\"Prid\u0117kite spalv\u0173 savo dienai! \u0160is vaivoryk\u0161t\u0117s su debes\u0117liu segtukas yra ry\u0161kus, kokybi\u0161kas ir stilingas aksesuaras, simbolizuojantis vilt\u012f ir d\u017eiaugsm\u0105.\" \/>\n<meta name=\"robots\" content=\"index, follow, max-snippet:-1, max-image-preview:large, max-video-preview:-1\" \/>\n<link rel=\"canonical\" href=\"https:\/\/kabinam.lt\/de\/produkt\/vaivorykste-su-debeseliu-spalvingas-pin\/\" \/>\n<meta property=\"og:locale\" content=\"de_DE\" \/>\n<meta property=\"og:type\" content=\"article\" \/>\n<meta property=\"og:title\" content=\"Stiliaus Seg\u0117 | Vaivoryk\u0161t\u0117 su Baltu Debes\u0117liu \u2013 &quot;Rainbow Hope&quot;\" \/>\n<meta property=\"og:description\" content=\"Prid\u0117kite spalv\u0173 savo dienai! \u0160is vaivoryk\u0161t\u0117s su debes\u0117liu segtukas yra ry\u0161kus, kokybi\u0161kas ir stilingas aksesuaras, simbolizuojantis vilt\u012f ir d\u017eiaugsm\u0105.\" \/>\n<meta property=\"og:url\" content=\"https:\/\/kabinam.lt\/de\/produkt\/vaivorykste-su-debeseliu-spalvingas-pin\/\" \/>\n<meta property=\"og:site_name\" content=\"kabinam.lt\" \/>\n<meta property=\"article:modified_time\" content=\"2026-01-19T00:01:00+00:00\" \/>\n<meta property=\"og:image\" content=\"https:\/\/kabinam.lt\/wp-content\/uploads\/2025\/09\/1000077563.jpg\" \/>\n\t<meta property=\"og:image:width\" content=\"557\" \/>\n\t<meta property=\"og:image:height\" content=\"550\" \/>\n\t<meta property=\"og:image:type\" content=\"image\/jpeg\" \/>\n<meta name=\"twitter:card\" content=\"summary_large_image\" \/>\n<meta name=\"twitter:label1\" content=\"Gesch\u00e4tzte Lesezeit\" \/>\n\t<meta name=\"twitter:data1\" content=\"2\u00a0Minuten\" \/>\n<script type=\"application\/ld+json\" class=\"yoast-schema-graph\">{\"@context\":\"https:\/\/schema.org\",\"@graph\":[{\"@type\":[\"WebPage\",\"ItemPage\"],\"@id\":\"https:\/\/kabinam.lt\/eng\/product\/rainbow-with-cloud-colourful-pin\/\",\"url\":\"https:\/\/kabinam.lt\/eng\/product\/rainbow-with-cloud-colourful-pin\/\",\"name\":\"Stiliaus Seg\u0117 | Vaivoryk\u0161t\u0117 su Baltu Debes\u0117liu \u2013 \\\"Rainbow Hope\\\"\",\"isPartOf\":{\"@id\":\"https:\/\/kabinam.lt\/#website\"},\"primaryImageOfPage\":{\"@id\":\"https:\/\/kabinam.lt\/eng\/product\/rainbow-with-cloud-colourful-pin\/#primaryimage\"},\"image\":{\"@id\":\"https:\/\/kabinam.lt\/eng\/product\/rainbow-with-cloud-colourful-pin\/#primaryimage\"},\"thumbnailUrl\":\"https:\/\/kabinam.lt\/wp-content\/uploads\/2025\/09\/1000077563.jpg\",\"datePublished\":\"2025-09-19T20:38:44+00:00\",\"dateModified\":\"2026-01-19T00:01:00+00:00\",\"description\":\"Prid\u0117kite spalv\u0173 savo dienai! \u0160is vaivoryk\u0161t\u0117s su debes\u0117liu segtukas yra ry\u0161kus, kokybi\u0161kas ir stilingas aksesuaras, simbolizuojantis vilt\u012f ir d\u017eiaugsm\u0105.\",\"breadcrumb\":{\"@id\":\"https:\/\/kabinam.lt\/eng\/product\/rainbow-with-cloud-colourful-pin\/#breadcrumb\"},\"inLanguage\":\"de\",\"potentialAction\":[{\"@type\":\"ReadAction\",\"target\":[\"https:\/\/kabinam.lt\/eng\/product\/rainbow-with-cloud-colourful-pin\/\"]}]},{\"@type\":\"ImageObject\",\"inLanguage\":\"de\",\"@id\":\"https:\/\/kabinam.lt\/eng\/product\/rainbow-with-cloud-colourful-pin\/#primaryimage\",\"url\":\"https:\/\/kabinam.lt\/wp-content\/uploads\/2025\/09\/1000077563.jpg\",\"contentUrl\":\"https:\/\/kabinam.lt\/wp-content\/uploads\/2025\/09\/1000077563.jpg\",\"width\":557,\"height\":550,\"caption\":\"Spalvingos Vaivoryk\u0161t\u0117s ir Debes\u0117lio Emalio Segtukas\"},{\"@type\":\"BreadcrumbList\",\"@id\":\"https:\/\/kabinam.lt\/eng\/product\/rainbow-with-cloud-colourful-pin\/#breadcrumb\",\"itemListElement\":[{\"@type\":\"ListItem\",\"position\":1,\"name\":\"Home\",\"item\":\"https:\/\/kabinam.lt\/\"},{\"@type\":\"ListItem\",\"position\":2,\"name\":\"Visi Produktai\",\"item\":\"https:\/\/kabinam.lt\/visi-produktai\/\"},{\"@type\":\"ListItem\",\"position\":3,\"name\":\"Stiliaus Seg\u0117 | Vaivoryk\u0161t\u0117 su Baltu Debes\u0117liu \u2013 &#8222;Rainbow Hope&#8221;\"}]},{\"@type\":\"WebSite\",\"@id\":\"https:\/\/kabinam.lt\/#website\",\"url\":\"https:\/\/kabinam.lt\/\",\"name\":\"kabinam.lt\",\"description\":\"Kabinam.lt \u2013 raktu pakabukai ir aksesuarai\",\"publisher\":{\"@id\":\"https:\/\/kabinam.lt\/#organization\"},\"alternateName\":\"pakabukai lt\",\"potentialAction\":[{\"@type\":\"SearchAction\",\"target\":{\"@type\":\"EntryPoint\",\"urlTemplate\":\"https:\/\/kabinam.lt\/?s={search_term_string}\"},\"query-input\":{\"@type\":\"PropertyValueSpecification\",\"valueRequired\":true,\"valueName\":\"search_term_string\"}}],\"inLanguage\":\"de\"},{\"@type\":\"Organization\",\"@id\":\"https:\/\/kabinam.lt\/#organization\",\"name\":\"kabinam.lt\",\"alternateName\":\"kabinam\",\"url\":\"https:\/\/kabinam.lt\/\",\"logo\":{\"@type\":\"ImageObject\",\"inLanguage\":\"de\",\"@id\":\"https:\/\/kabinam.lt\/#\/schema\/logo\/image\/\",\"url\":\"https:\/\/kabinam.lt\/wp-content\/uploads\/2025\/05\/KABINAM_outer_glow.png\",\"contentUrl\":\"https:\/\/kabinam.lt\/wp-content\/uploads\/2025\/05\/KABINAM_outer_glow.png\",\"width\":474,\"height\":141,\"caption\":\"kabinam.lt\"},\"image\":{\"@id\":\"https:\/\/kabinam.lt\/#\/schema\/logo\/image\/\"}}]}<\/script>\n<!-- \/ Yoast SEO plugin. -->","yoast_head_json":{"title":"Stiliaus Seg\u0117 | Vaivoryk\u0161t\u0117 su Baltu Debes\u0117liu \u2013 \"Rainbow Hope\"","description":"Prid\u0117kite spalv\u0173 savo dienai! \u0160is vaivoryk\u0161t\u0117s su debes\u0117liu segtukas yra ry\u0161kus, kokybi\u0161kas ir stilingas aksesuaras, simbolizuojantis vilt\u012f ir d\u017eiaugsm\u0105.","robots":{"index":"index","follow":"follow","max-snippet":"max-snippet:-1","max-image-preview":"max-image-preview:large","max-video-preview":"max-video-preview:-1"},"canonical":"https:\/\/kabinam.lt\/de\/produkt\/vaivorykste-su-debeseliu-spalvingas-pin\/","og_locale":"de_DE","og_type":"article","og_title":"Stiliaus Seg\u0117 | Vaivoryk\u0161t\u0117 su Baltu Debes\u0117liu \u2013 \"Rainbow Hope\"","og_description":"Prid\u0117kite spalv\u0173 savo dienai! \u0160is vaivoryk\u0161t\u0117s su debes\u0117liu segtukas yra ry\u0161kus, kokybi\u0161kas ir stilingas aksesuaras, simbolizuojantis vilt\u012f ir d\u017eiaugsm\u0105.","og_url":"https:\/\/kabinam.lt\/de\/produkt\/vaivorykste-su-debeseliu-spalvingas-pin\/","og_site_name":"kabinam.lt","article_modified_time":"2026-01-19T00:01:00+00:00","og_image":[{"width":557,"height":550,"url":"https:\/\/kabinam.lt\/wp-content\/uploads\/2025\/09\/1000077563.jpg","type":"image\/jpeg"}],"twitter_card":"summary_large_image","twitter_misc":{"Gesch\u00e4tzte Lesezeit":"2\u00a0Minuten"},"schema":{"@context":"https:\/\/schema.org","@graph":[{"@type":["WebPage","ItemPage"],"@id":"https:\/\/kabinam.lt\/eng\/product\/rainbow-with-cloud-colourful-pin\/","url":"https:\/\/kabinam.lt\/eng\/product\/rainbow-with-cloud-colourful-pin\/","name":"Stiliaus Seg\u0117 | Vaivoryk\u0161t\u0117 su Baltu Debes\u0117liu \u2013 \"Rainbow Hope\"","isPartOf":{"@id":"https:\/\/kabinam.lt\/#website"},"primaryImageOfPage":{"@id":"https:\/\/kabinam.lt\/eng\/product\/rainbow-with-cloud-colourful-pin\/#primaryimage"},"image":{"@id":"https:\/\/kabinam.lt\/eng\/product\/rainbow-with-cloud-colourful-pin\/#primaryimage"},"thumbnailUrl":"https:\/\/kabinam.lt\/wp-content\/uploads\/2025\/09\/1000077563.jpg","datePublished":"2025-09-19T20:38:44+00:00","dateModified":"2026-01-19T00:01:00+00:00","description":"Prid\u0117kite spalv\u0173 savo dienai! \u0160is vaivoryk\u0161t\u0117s su debes\u0117liu segtukas yra ry\u0161kus, kokybi\u0161kas ir stilingas aksesuaras, simbolizuojantis vilt\u012f ir d\u017eiaugsm\u0105.","breadcrumb":{"@id":"https:\/\/kabinam.lt\/eng\/product\/rainbow-with-cloud-colourful-pin\/#breadcrumb"},"inLanguage":"de","potentialAction":[{"@type":"ReadAction","target":["https:\/\/kabinam.lt\/eng\/product\/rainbow-with-cloud-colourful-pin\/"]}]},{"@type":"ImageObject","inLanguage":"de","@id":"https:\/\/kabinam.lt\/eng\/product\/rainbow-with-cloud-colourful-pin\/#primaryimage","url":"https:\/\/kabinam.lt\/wp-content\/uploads\/2025\/09\/1000077563.jpg","contentUrl":"https:\/\/kabinam.lt\/wp-content\/uploads\/2025\/09\/1000077563.jpg","width":557,"height":550,"caption":"Spalvingos Vaivoryk\u0161t\u0117s ir Debes\u0117lio Emalio Segtukas"},{"@type":"BreadcrumbList","@id":"https:\/\/kabinam.lt\/eng\/product\/rainbow-with-cloud-colourful-pin\/#breadcrumb","itemListElement":[{"@type":"ListItem","position":1,"name":"Home","item":"https:\/\/kabinam.lt\/"},{"@type":"ListItem","position":2,"name":"Visi Produktai","item":"https:\/\/kabinam.lt\/visi-produktai\/"},{"@type":"ListItem","position":3,"name":"Stiliaus Seg\u0117 | Vaivoryk\u0161t\u0117 su Baltu Debes\u0117liu \u2013 &#8222;Rainbow Hope&#8221;"}]},{"@type":"WebSite","@id":"https:\/\/kabinam.lt\/#website","url":"https:\/\/kabinam.lt\/","name":"kabinam.lt","description":"Kabinam.lt - Schl\u00fcsselanh\u00e4nger und Zubeh\u00f6r","publisher":{"@id":"https:\/\/kabinam.lt\/#organization"},"alternateName":"pakabukai lt","potentialAction":[{"@type":"SearchAction","target":{"@type":"EntryPoint","urlTemplate":"https:\/\/kabinam.lt\/?s={search_term_string}"},"query-input":{"@type":"PropertyValueSpecification","valueRequired":true,"valueName":"search_term_string"}}],"inLanguage":"de"},{"@type":"Organization","@id":"https:\/\/kabinam.lt\/#organization","name":"kabinam.lt","alternateName":"kabinam","url":"https:\/\/kabinam.lt\/","logo":{"@type":"ImageObject","inLanguage":"de","@id":"https:\/\/kabinam.lt\/#\/schema\/logo\/image\/","url":"https:\/\/kabinam.lt\/wp-content\/uploads\/2025\/05\/KABINAM_outer_glow.png","contentUrl":"https:\/\/kabinam.lt\/wp-content\/uploads\/2025\/05\/KABINAM_outer_glow.png","width":474,"height":141,"caption":"kabinam.lt"},"image":{"@id":"https:\/\/kabinam.lt\/#\/schema\/logo\/image\/"}}]}},"uagb_featured_image_src":{"full":["https:\/\/kabinam.lt\/wp-content\/uploads\/2025\/09\/1000077563.jpg",557,550,false],"thumbnail":["https:\/\/kabinam.lt\/wp-content\/uploads\/2025\/09\/1000077563-150x150.jpg",150,150,true],"medium":["https:\/\/kabinam.lt\/wp-content\/uploads\/2025\/09\/1000077563-300x296.jpg",300,296,true],"medium_large":["https:\/\/kabinam.lt\/wp-content\/uploads\/2025\/09\/1000077563.jpg",557,550,false],"large":["https:\/\/kabinam.lt\/wp-content\/uploads\/2025\/09\/1000077563.jpg",557,550,false],"1536x1536":["https:\/\/kabinam.lt\/wp-content\/uploads\/2025\/09\/1000077563.jpg",557,550,false],"2048x2048":["https:\/\/kabinam.lt\/wp-content\/uploads\/2025\/09\/1000077563.jpg",557,550,false],"trp-custom-language-flag":["https:\/\/kabinam.lt\/wp-content\/uploads\/2025\/09\/1000077563-12x12.jpg",12,12,true],"woocommerce_thumbnail":["https:\/\/kabinam.lt\/wp-content\/uploads\/2025\/09\/1000077563-300x300.jpg",300,300,true],"woocommerce_single":["https:\/\/kabinam.lt\/wp-content\/uploads\/2025\/09\/1000077563.jpg",557,550,false],"woocommerce_gallery_thumbnail":["https:\/\/kabinam.lt\/wp-content\/uploads\/2025\/09\/1000077563-100x100.jpg",100,100,true]},"uagb_author_info":{"display_name":"kabinam.lt","author_link":"https:\/\/kabinam.lt\/de\/author\/"},"uagb_comment_info":0,"uagb_excerpt":"Spalvingas ir pozityvus emalio pin'as. Penki\u0173 spalv\u0173 vaivoryk\u0161t\u0117 su puriu baltu debes\u0117liu ir prabangiu auksiniu kont\u016bru \u2013 tobulas aksesuaras nuotaikai pakelti, svajotojams ir tiems, kurie vertina ry\u0161kias detales.","_links":{"self":[{"href":"https:\/\/kabinam.lt\/de\/wp-json\/wp\/v2\/product\/4208","targetHints":{"allow":["GET"]}}],"collection":[{"href":"https:\/\/kabinam.lt\/de\/wp-json\/wp\/v2\/product"}],"about":[{"href":"https:\/\/kabinam.lt\/de\/wp-json\/wp\/v2\/types\/product"}],"replies":[{"embeddable":true,"href":"https:\/\/kabinam.lt\/de\/wp-json\/wp\/v2\/comments?post=4208"}],"wp:featuredmedia":[{"embeddable":true,"href":"https:\/\/kabinam.lt\/de\/wp-json\/wp\/v2\/media\/4207"}],"wp:attachment":[{"href":"https:\/\/kabinam.lt\/de\/wp-json\/wp\/v2\/media?parent=4208"}],"wp:term":[{"taxonomy":"product_brand","embeddable":true,"href":"https:\/\/kabinam.lt\/de\/wp-json\/wp\/v2\/product_brand?post=4208"},{"taxonomy":"product_cat","embeddable":true,"href":"https:\/\/kabinam.lt\/de\/wp-json\/wp\/v2\/product_cat?post=4208"},{"taxonomy":"product_tag","embeddable":true,"href":"https:\/\/kabinam.lt\/de\/wp-json\/wp\/v2\/product_tag?post=4208"}],"curies":[{"name":"wp","href":"https:\/\/api.w.org\/{rel}","templated":true}]}}