{"id":4201,"date":"2025-09-19T22:31:47","date_gmt":"2025-09-19T20:31:47","guid":{"rendered":"https:\/\/kabinam.lt\/product\/zuikutis-kriause\/"},"modified":"2026-01-19T02:45:39","modified_gmt":"2026-01-19T00:45:39","slug":"lieblich-weises-hasenbaby-email-anstecknadel","status":"publish","type":"product","link":"https:\/\/kabinam.lt\/de\/product\/mielas-baltas-triusiukas-emalio-pin\/","title":{"rendered":"Tier-Seg\u0117 | Wei\u00dfes Kaninchen \u2013 \u201eSweet Bunny\u201d"},"content":{"rendered":"<div class=\"kk-star-ratings kksr-auto kksr-align-left kksr-valign-top\"\n    data-payload='{&quot;align&quot;:&quot;left&quot;,&quot;id&quot;:&quot;4201&quot;,&quot;slug&quot;:&quot;default&quot;,&quot;valign&quot;:&quot;top&quot;,&quot;ignore&quot;:&quot;&quot;,&quot;reference&quot;:&quot;auto&quot;,&quot;class&quot;:&quot;&quot;,&quot;count&quot;:&quot;0&quot;,&quot;legendonly&quot;:&quot;&quot;,&quot;readonly&quot;:&quot;&quot;,&quot;score&quot;:&quot;0&quot;,&quot;starsonly&quot;:&quot;&quot;,&quot;best&quot;:&quot;5&quot;,&quot;gap&quot;:&quot;5&quot;,&quot;greet&quot;:&quot;Mums svarbus j\u016bs\u0173 \u012fvertinimas&quot;,&quot;legend&quot;:&quot;0\\\/5 - (0 votes)&quot;,&quot;size&quot;:&quot;24&quot;,&quot;title&quot;:&quot;Gyv\u016bn\u0173 Seg\u0117 | Baltas Triu\u0161iukas \u2013 \\u0026quot;Sweet Bunny\\u0026quot;&quot;,&quot;width&quot;:&quot;0&quot;,&quot;_legend&quot;:&quot;{score}\\\/{best} - ({count} {votes})&quot;,&quot;font_factor&quot;:&quot;1.25&quot;}'>\n            \n<div class=\"kksr-stars\">\n    \n<div class=\"kksr-stars-inactive\">\n            <div class=\"kksr-star\" data-star=\"1\" style=\"padding-right: 5px\">\n            \n\n<div class=\"kksr-icon\" style=\"width: 24px; height: 24px;\"><\/div>\n        <\/div>\n            <div class=\"kksr-star\" data-star=\"2\" style=\"padding-right: 5px\">\n            \n\n<div class=\"kksr-icon\" style=\"width: 24px; height: 24px;\"><\/div>\n        <\/div>\n            <div class=\"kksr-star\" data-star=\"3\" style=\"padding-right: 5px\">\n            \n\n<div class=\"kksr-icon\" style=\"width: 24px; height: 24px;\"><\/div>\n        <\/div>\n            <div class=\"kksr-star\" data-star=\"4\" style=\"padding-right: 5px\">\n            \n\n<div class=\"kksr-icon\" style=\"width: 24px; height: 24px;\"><\/div>\n        <\/div>\n            <div class=\"kksr-star\" data-star=\"5\" style=\"padding-right: 5px\">\n            \n\n<div class=\"kksr-icon\" style=\"width: 24px; height: 24px;\"><\/div>\n        <\/div>\n    <\/div>\n    \n<div class=\"kksr-stars-active\" style=\"width: 0px;\">\n            <div class=\"kksr-star\" style=\"padding-right: 5px\">\n            \n\n<div class=\"kksr-icon\" style=\"width: 24px; height: 24px;\"><\/div>\n        <\/div>\n            <div class=\"kksr-star\" style=\"padding-right: 5px\">\n            \n\n<div class=\"kksr-icon\" style=\"width: 24px; height: 24px;\"><\/div>\n        <\/div>\n            <div class=\"kksr-star\" style=\"padding-right: 5px\">\n            \n\n<div class=\"kksr-icon\" style=\"width: 24px; height: 24px;\"><\/div>\n        <\/div>\n            <div class=\"kksr-star\" style=\"padding-right: 5px\">\n            \n\n<div class=\"kksr-icon\" style=\"width: 24px; height: 24px;\"><\/div>\n        <\/div>\n            <div class=\"kksr-star\" style=\"padding-right: 5px\">\n            \n\n<div class=\"kksr-icon\" style=\"width: 24px; height: 24px;\"><\/div>\n        <\/div>\n    <\/div>\n<\/div>\n                \n\n<div class=\"kksr-legend\" style=\"font-size: 19.2px;\">\n            <span class=\"kksr-muted\">Ihre Bewertung ist f\u00fcr uns wichtig<\/span>\n    <\/div>\n    <\/div>\n<h1 data-path-to-node=\"13\">S\u00fc\u00df-Akzent: Liebes wei\u00dfes Hasenbaby \u2013 Ihre Sanftheit im Stil<\/h1>\n<p data-path-to-node=\"14\">Diese <b data-path-to-node=\"14\" data-index-in-node=\"3\">Hasenemail-Anh\u00e4nger<\/b> erstellt f\u00fcr die, die Subtilit\u00e4t und Sanftheit sch\u00e4tzen! Es ist ideal <b data-path-to-node=\"14\" data-index-in-node=\"89\">Zubeh\u00f6r<\/b> f\u00fcr diejenigen, die gerne <b data-path-to-node=\"14\" data-index-in-node=\"120\">minimalistisches Design<\/b>, Tier-Thematik und m\u00f6chten Ihrer Kleidung etwas \u201ekawaii\u201c (s\u00fc\u00dfes) Flair verleihen. Auf dem Anh\u00e4nger ist ein schlafendes Hasenbaby mit rosigen Wangen abgebildet, das Ruhe und S\u00fc\u00dfheit ausstrahlt. Es ist nicht nur <b data-path-to-node=\"14\" data-index-in-node=\"334\">Emaille-Brosche<\/b> \u2013 es ist ein kleines Symbol der Freude, das jedes Mal ein L\u00e4cheln auf Ihr Gesicht zaubern wird, wenn Sie es betrachten.<\/p>\n<h2 data-path-to-node=\"15\">Minimalistisches Design und hochwertiger Email<\/h2>\n<p data-path-to-node=\"16\">Siehe <b data-path-to-node=\"16\" data-index-in-node=\"4\">Emaillestift<\/b> Sch\u00f6nheit liegt in seiner Einfachheit. Die reine wei\u00dfe Farbe, die sanften rosigen Akzente und der gl\u00e4nzende metallene Kontur in Goldt\u00f6nung schaffen ein \u00e4u\u00dferst \u00e4sthetisches Bild. Dieser <b data-path-to-node=\"16\" data-index-in-node=\"176\">Kaninchen-Pin<\/b> ist universell genug, um sowohl eine kindliche Tasche als auch einen stilvollen Mantel, Blazer oder Pullover eines Erwachsenen zu schm\u00fccken.<\/p>\n<ul data-path-to-node=\"17\">\n<li>\n<p data-path-to-node=\"17,0,0\"><b data-path-to-node=\"17,0,0\" data-index-in-node=\"0\">Stil:<\/b> Perfekt f\u00fcr <i data-path-to-node=\"17,0,0\" data-index-in-node=\"23\">minimalistisch<\/i>, <i data-path-to-node=\"17,0,0\" data-index-in-node=\"35\">s\u00fc\u00df\/kawaii<\/i>, <i data-path-to-node=\"17,0,0\" data-index-in-node=\"48\">Fr\u00fchlingserlebnis<\/i> und <b data-path-to-node=\"17,0,0\" data-index-in-node=\"63\">Tierfreunde<\/b> Stile.<\/p>\n<\/li>\n<li>\n<p data-path-to-node=\"17,1,0\"><b data-path-to-node=\"17,1,0\" data-index-in-node=\"0\">Qualit\u00e4t:<\/b> Unser <b data-path-to-node=\"17,1,0\" data-index-in-node=\"13\">Emaille-Broschen<\/b> wird unter Verwendung der Hartemail-Technologie hergestellt, was einen extrem glatten Oberfl\u00e4chenfinish und die Langlebigkeit der Farben gew\u00e4hrleistet. Der goldene Metallboden verleiht dem Anh\u00e4nger Festigkeit und ein Gef\u00fchl von Luxus. Das <b data-path-to-node=\"17,1,0\" data-index-in-node=\"209\">Hochwertiger Stift<\/b>, f\u00fcr den t\u00e4glichen Gebrauch. Mehr Tipps zum Kombinieren von Accessoires finden Sie <a class=\"ng-star-inserted\" href=\"https:\/\/www.pinnpatch.lt\" target=\"_blank\" rel=\"noopener\" data-hveid=\"0\" data-ved=\"0CAAQ_4QMahgKEwi5pqKb08yRAxUAAAAAHQAAAAAQyAU\">pinnpatch.lt<\/a>.<\/p>\n<\/li>\n<\/ul>\n<h2 data-path-to-node=\"18\">Ein Geschenk, das jeden w\u00e4rmt<\/h2>\n<p data-path-to-node=\"19\"><b data-path-to-node=\"19\" data-index-in-node=\"0\">Hasenemaille-Anh\u00e4nger<\/b> ist erstaunlich <b data-path-to-node=\"19\" data-index-in-node=\"39\">Geschenkidee<\/b> zum Geburtstag, f\u00fcr Fr\u00fchlingsfeste oder einfach, um Aufmerksamkeit zu zeigen. Der Hase wird oft mit einem neuen Anfang und Hoffnung in Verbindung gebracht, weshalb dies ein besonders bedeutendes Accessoire ist. Dieses Accessoire ziert perfekt:<\/p>\n<ul data-path-to-node=\"20\">\n<li>\n<p data-path-to-node=\"20,0,0\"><b data-path-to-node=\"20,0,0\" data-index-in-node=\"0\">Ein weichen Pullover oder Schal:<\/b> Verleiht dem Outfit zus\u00e4tzlichen Charme.<\/p>\n<\/li>\n<li>\n<p data-path-to-node=\"20,1,0\"><b data-path-to-node=\"20,1,0\" data-index-in-node=\"0\">Eine Jeansjacke:<\/b> Verwandelt ein klassisches Outfit in etwas Pers\u00f6nliches und Verspieltes.<\/p>\n<\/li>\n<\/ul>\n<p data-path-to-node=\"21\">Siehe unser vollst\u00e4ndiges <a class=\"ng-star-inserted\" href=\"https:\/\/kabinam.lt\/de\/produktkategorie-2\/anstecknadeln-pins\/\" target=\"_blank\" rel=\"noopener\" data-hveid=\"0\" data-ved=\"0CAAQ_4QMahgKEwi5pqKb08yRAxUAAAAAHQAAAAAQyQU\">die Wald- und Haustierkollektion<\/a> und w\u00e4hlen Sie Ihren Lieblingsbegleiter.<\/p>\n<p data-path-to-node=\"22\"><b data-path-to-node=\"22\" data-index-in-node=\"0\">Geben Sie Ihrem Tag mehr W\u00e4rme!<\/b> Buchen Sie dies <b data-path-to-node=\"22\" data-index-in-node=\"56\">den Hasenanh\u00e4nger<\/b> jetzt.<\/p>","protected":false},"excerpt":{"rendered":"<p><b data-path-to-node=\"4,3,1,0\" data-index-in-node=\"0\">Sanft<\/b> und <b data-path-to-node=\"4,3,1,0\" data-index-in-node=\"11\">minimalistisch<\/b> Emaille-Pin. Wei\u00df <b data-path-to-node=\"4,3,1,0\" data-index-in-node=\"48\">schl\u00e4friges Hasenbaby<\/b> mit rosigen Wangen und Ohren \u2013 perfekt <b data-path-to-node=\"4,3,1,0\" data-index-in-node=\"116\">Zubeh\u00f6r<\/b> f\u00fcr Liebhaber von S\u00fc\u00dfem, Kinder und alle langohrigen Liebhaber.<\/p>","protected":false},"featured_media":4200,"comment_status":"open","ping_status":"closed","template":"","meta":{"_uag_custom_page_level_css":"","site-sidebar-layout":"default","site-content-layout":"","ast-site-content-layout":"default","site-content-style":"default","site-sidebar-style":"default","ast-global-header-display":"","ast-banner-title-visibility":"","ast-main-header-display":"","ast-hfb-above-header-display":"","ast-hfb-below-header-display":"","ast-hfb-mobile-header-display":"","site-post-title":"","ast-breadcrumbs-content":"","ast-featured-img":"","footer-sml-layout":"","ast-disable-related-posts":"","theme-transparent-header-meta":"default","adv-header-id-meta":"","stick-header-meta":"","header-above-stick-meta":"","header-main-stick-meta":"","header-below-stick-meta":"","astra-migrate-meta-layouts":"set","ast-page-background-enabled":"default","ast-page-background-meta":{"desktop":{"background-color":"var(--ast-global-color-4)","background-image":"","background-repeat":"repeat","background-position":"center center","background-size":"auto","background-attachment":"scroll","background-type":"","background-media":"","overlay-type":"","overlay-color":"","overlay-opacity":"","overlay-gradient":""},"tablet":{"background-color":"","background-image":"","background-repeat":"repeat","background-position":"center center","background-size":"auto","background-attachment":"scroll","background-type":"","background-media":"","overlay-type":"","overlay-color":"","overlay-opacity":"","overlay-gradient":""},"mobile":{"background-color":"","background-image":"","background-repeat":"repeat","background-position":"center center","background-size":"auto","background-attachment":"scroll","background-type":"","background-media":"","overlay-type":"","overlay-color":"","overlay-opacity":"","overlay-gradient":""}},"ast-content-background-meta":{"desktop":{"background-color":"var(--ast-global-color-5)","background-image":"","background-repeat":"repeat","background-position":"center center","background-size":"auto","background-attachment":"scroll","background-type":"","background-media":"","overlay-type":"","overlay-color":"","overlay-opacity":"","overlay-gradient":""},"tablet":{"background-color":"var(--ast-global-color-5)","background-image":"","background-repeat":"repeat","background-position":"center center","background-size":"auto","background-attachment":"scroll","background-type":"","background-media":"","overlay-type":"","overlay-color":"","overlay-opacity":"","overlay-gradient":""},"mobile":{"background-color":"var(--ast-global-color-5)","background-image":"","background-repeat":"repeat","background-position":"center center","background-size":"auto","background-attachment":"scroll","background-type":"","background-media":"","overlay-type":"","overlay-color":"","overlay-opacity":"","overlay-gradient":""}}},"product_brand":[],"product_cat":[126,119],"product_tag":[],"class_list":{"0":"post-4201","1":"product","2":"type-product","3":"status-publish","4":"has-post-thumbnail","6":"product_cat-visi","7":"product_cat-smeigtukai-pins","8":"desktop-align-center","9":"tablet-align-left","10":"mobile-align-left","12":"first","13":"instock","14":"purchasable","15":"product-type-simple"},"yoast_head":"<!-- This site is optimized with the Yoast SEO plugin v27.1.1 - https:\/\/yoast.com\/product\/yoast-seo-wordpress\/ -->\n<title>Gyv\u016bn\u0173 Seg\u0117 | Baltas Triu\u0161iukas \u2013 &quot;Sweet Bunny&quot; - kabinam.lt<\/title>\n<meta name=\"description\" content=\"Prid\u0117kite \u0161velnumo savo stiliui! \u0160is balto triu\u0161iuko segtukas yra mielas, kokybi\u0161kas ir stilingas, puikiai tinkantis dovanai ar sav\u0119s prad\u017eiuginimui.\" \/>\n<meta name=\"robots\" content=\"index, follow, max-snippet:-1, max-image-preview:large, max-video-preview:-1\" \/>\n<link rel=\"canonical\" href=\"https:\/\/kabinam.lt\/de\/produkt\/lieblich-weises-hasenbaby-email-anstecknadel\/\" \/>\n<meta property=\"og:locale\" content=\"de_DE\" \/>\n<meta property=\"og:type\" content=\"article\" \/>\n<meta property=\"og:title\" content=\"Gyv\u016bn\u0173 Seg\u0117 | Baltas Triu\u0161iukas \u2013 &quot;Sweet Bunny&quot; - kabinam.lt\" \/>\n<meta property=\"og:description\" content=\"Prid\u0117kite \u0161velnumo savo stiliui! \u0160is balto triu\u0161iuko segtukas yra mielas, kokybi\u0161kas ir stilingas, puikiai tinkantis dovanai ar sav\u0119s prad\u017eiuginimui.\" \/>\n<meta property=\"og:url\" content=\"https:\/\/kabinam.lt\/de\/produkt\/lieblich-weises-hasenbaby-email-anstecknadel\/\" \/>\n<meta property=\"og:site_name\" content=\"kabinam.lt\" \/>\n<meta property=\"article:modified_time\" content=\"2026-01-19T00:45:39+00:00\" \/>\n<meta property=\"og:image\" content=\"https:\/\/kabinam.lt\/wp-content\/uploads\/2025\/09\/1000077559.jpg\" \/>\n\t<meta property=\"og:image:width\" content=\"550\" \/>\n\t<meta property=\"og:image:height\" content=\"550\" \/>\n\t<meta property=\"og:image:type\" content=\"image\/jpeg\" \/>\n<meta name=\"twitter:card\" content=\"summary_large_image\" \/>\n<meta name=\"twitter:label1\" content=\"Gesch\u00e4tzte Lesezeit\" \/>\n\t<meta name=\"twitter:data1\" content=\"1\u00a0Minute\" \/>\n<script type=\"application\/ld+json\" class=\"yoast-schema-graph\">{\"@context\":\"https:\/\/schema.org\",\"@graph\":[{\"@type\":[\"WebPage\",\"ItemPage\"],\"@id\":\"https:\/\/kabinam.lt\/eng\/product\/mielas-baltas-triusiukas-emalio-pin\/\",\"url\":\"https:\/\/kabinam.lt\/eng\/product\/mielas-baltas-triusiukas-emalio-pin\/\",\"name\":\"Gyv\u016bn\u0173 Seg\u0117 | Baltas Triu\u0161iukas \u2013 \\\"Sweet Bunny\\\" - kabinam.lt\",\"isPartOf\":{\"@id\":\"https:\/\/kabinam.lt\/#website\"},\"primaryImageOfPage\":{\"@id\":\"https:\/\/kabinam.lt\/eng\/product\/mielas-baltas-triusiukas-emalio-pin\/#primaryimage\"},\"image\":{\"@id\":\"https:\/\/kabinam.lt\/eng\/product\/mielas-baltas-triusiukas-emalio-pin\/#primaryimage\"},\"thumbnailUrl\":\"https:\/\/kabinam.lt\/wp-content\/uploads\/2025\/09\/1000077559.jpg\",\"datePublished\":\"2025-09-19T20:31:47+00:00\",\"dateModified\":\"2026-01-19T00:45:39+00:00\",\"description\":\"Prid\u0117kite \u0161velnumo savo stiliui! \u0160is balto triu\u0161iuko segtukas yra mielas, kokybi\u0161kas ir stilingas, puikiai tinkantis dovanai ar sav\u0119s prad\u017eiuginimui.\",\"breadcrumb\":{\"@id\":\"https:\/\/kabinam.lt\/eng\/product\/mielas-baltas-triusiukas-emalio-pin\/#breadcrumb\"},\"inLanguage\":\"de\",\"potentialAction\":[{\"@type\":\"ReadAction\",\"target\":[\"https:\/\/kabinam.lt\/eng\/product\/mielas-baltas-triusiukas-emalio-pin\/\"]}]},{\"@type\":\"ImageObject\",\"inLanguage\":\"de\",\"@id\":\"https:\/\/kabinam.lt\/eng\/product\/mielas-baltas-triusiukas-emalio-pin\/#primaryimage\",\"url\":\"https:\/\/kabinam.lt\/wp-content\/uploads\/2025\/09\/1000077559.jpg\",\"contentUrl\":\"https:\/\/kabinam.lt\/wp-content\/uploads\/2025\/09\/1000077559.jpg\",\"width\":550,\"height\":550,\"caption\":\"Mielo Balto Triu\u0161iuko Emalio Segtukas\"},{\"@type\":\"BreadcrumbList\",\"@id\":\"https:\/\/kabinam.lt\/eng\/product\/mielas-baltas-triusiukas-emalio-pin\/#breadcrumb\",\"itemListElement\":[{\"@type\":\"ListItem\",\"position\":1,\"name\":\"Home\",\"item\":\"https:\/\/kabinam.lt\/\"},{\"@type\":\"ListItem\",\"position\":2,\"name\":\"Visi Produktai\",\"item\":\"https:\/\/kabinam.lt\/visi-produktai\/\"},{\"@type\":\"ListItem\",\"position\":3,\"name\":\"Gyv\u016bn\u0173 Seg\u0117 | Baltas Triu\u0161iukas \u2013 &#8222;Sweet Bunny&#8221;\"}]},{\"@type\":\"WebSite\",\"@id\":\"https:\/\/kabinam.lt\/#website\",\"url\":\"https:\/\/kabinam.lt\/\",\"name\":\"kabinam.lt\",\"description\":\"Kabinam.lt \u2013 raktu pakabukai ir aksesuarai\",\"publisher\":{\"@id\":\"https:\/\/kabinam.lt\/#organization\"},\"alternateName\":\"pakabukai lt\",\"potentialAction\":[{\"@type\":\"SearchAction\",\"target\":{\"@type\":\"EntryPoint\",\"urlTemplate\":\"https:\/\/kabinam.lt\/?s={search_term_string}\"},\"query-input\":{\"@type\":\"PropertyValueSpecification\",\"valueRequired\":true,\"valueName\":\"search_term_string\"}}],\"inLanguage\":\"de\"},{\"@type\":\"Organization\",\"@id\":\"https:\/\/kabinam.lt\/#organization\",\"name\":\"kabinam.lt\",\"alternateName\":\"kabinam\",\"url\":\"https:\/\/kabinam.lt\/\",\"logo\":{\"@type\":\"ImageObject\",\"inLanguage\":\"de\",\"@id\":\"https:\/\/kabinam.lt\/#\/schema\/logo\/image\/\",\"url\":\"https:\/\/kabinam.lt\/wp-content\/uploads\/2025\/05\/KABINAM_outer_glow.png\",\"contentUrl\":\"https:\/\/kabinam.lt\/wp-content\/uploads\/2025\/05\/KABINAM_outer_glow.png\",\"width\":474,\"height\":141,\"caption\":\"kabinam.lt\"},\"image\":{\"@id\":\"https:\/\/kabinam.lt\/#\/schema\/logo\/image\/\"}}]}<\/script>\n<!-- \/ Yoast SEO plugin. -->","yoast_head_json":{"title":"Tier Gl\u00fcck | Wei\u00dfes Hasenbaby \u2013 \"Sweet Bunny\" - kabinam.lt","description":"F\u00fcgen Sie Sanftheit zu Ihrem Stil hinzu! Dieser wei\u00dfe Hasenanh\u00e4nger ist s\u00fc\u00df, qualitativ hochwertig und stilvoll, perfekt als Geschenk oder zur Belohnung f\u00fcr sich selbst.","robots":{"index":"index","follow":"follow","max-snippet":"max-snippet:-1","max-image-preview":"max-image-preview:large","max-video-preview":"max-video-preview:-1"},"canonical":"https:\/\/kabinam.lt\/de\/produkt\/lieblich-weises-hasenbaby-email-anstecknadel\/","og_locale":"de_DE","og_type":"article","og_title":"Gyv\u016bn\u0173 Seg\u0117 | Baltas Triu\u0161iukas \u2013 \"Sweet Bunny\" - kabinam.lt","og_description":"Prid\u0117kite \u0161velnumo savo stiliui! \u0160is balto triu\u0161iuko segtukas yra mielas, kokybi\u0161kas ir stilingas, puikiai tinkantis dovanai ar sav\u0119s prad\u017eiuginimui.","og_url":"https:\/\/kabinam.lt\/de\/produkt\/lieblich-weises-hasenbaby-email-anstecknadel\/","og_site_name":"kabinam.lt","article_modified_time":"2026-01-19T00:45:39+00:00","og_image":[{"width":550,"height":550,"url":"https:\/\/kabinam.lt\/wp-content\/uploads\/2025\/09\/1000077559.jpg","type":"image\/jpeg"}],"twitter_card":"summary_large_image","twitter_misc":{"Gesch\u00e4tzte Lesezeit":"1\u00a0Minute"},"schema":{"@context":"https:\/\/schema.org","@graph":[{"@type":["WebPage","ItemPage"],"@id":"https:\/\/kabinam.lt\/eng\/product\/mielas-baltas-triusiukas-emalio-pin\/","url":"https:\/\/kabinam.lt\/eng\/product\/mielas-baltas-triusiukas-emalio-pin\/","name":"Tier Gl\u00fcck | Wei\u00dfes Hasenbaby \u2013 \"Sweet Bunny\" - kabinam.lt","isPartOf":{"@id":"https:\/\/kabinam.lt\/#website"},"primaryImageOfPage":{"@id":"https:\/\/kabinam.lt\/eng\/product\/mielas-baltas-triusiukas-emalio-pin\/#primaryimage"},"image":{"@id":"https:\/\/kabinam.lt\/eng\/product\/mielas-baltas-triusiukas-emalio-pin\/#primaryimage"},"thumbnailUrl":"https:\/\/kabinam.lt\/wp-content\/uploads\/2025\/09\/1000077559.jpg","datePublished":"2025-09-19T20:31:47+00:00","dateModified":"2026-01-19T00:45:39+00:00","description":"F\u00fcgen Sie Sanftheit zu Ihrem Stil hinzu! Dieser wei\u00dfe Hasenanh\u00e4nger ist s\u00fc\u00df, qualitativ hochwertig und stilvoll, perfekt als Geschenk oder zur Belohnung f\u00fcr sich selbst.","breadcrumb":{"@id":"https:\/\/kabinam.lt\/eng\/product\/mielas-baltas-triusiukas-emalio-pin\/#breadcrumb"},"inLanguage":"de","potentialAction":[{"@type":"ReadAction","target":["https:\/\/kabinam.lt\/eng\/product\/mielas-baltas-triusiukas-emalio-pin\/"]}]},{"@type":"ImageObject","inLanguage":"de","@id":"https:\/\/kabinam.lt\/eng\/product\/mielas-baltas-triusiukas-emalio-pin\/#primaryimage","url":"https:\/\/kabinam.lt\/wp-content\/uploads\/2025\/09\/1000077559.jpg","contentUrl":"https:\/\/kabinam.lt\/wp-content\/uploads\/2025\/09\/1000077559.jpg","width":550,"height":550,"caption":"Mielo Balto Triu\u0161iuko Emalio Segtukas"},{"@type":"BreadcrumbList","@id":"https:\/\/kabinam.lt\/eng\/product\/mielas-baltas-triusiukas-emalio-pin\/#breadcrumb","itemListElement":[{"@type":"ListItem","position":1,"name":"Home","item":"https:\/\/kabinam.lt\/"},{"@type":"ListItem","position":2,"name":"Visi Produktai","item":"https:\/\/kabinam.lt\/visi-produktai\/"},{"@type":"ListItem","position":3,"name":"Gyv\u016bn\u0173 Seg\u0117 | Baltas Triu\u0161iukas \u2013 &#8222;Sweet Bunny&#8221;"}]},{"@type":"WebSite","@id":"https:\/\/kabinam.lt\/#website","url":"https:\/\/kabinam.lt\/","name":"kabinam.lt","description":"Kabinam.lt - Schl\u00fcsselanh\u00e4nger und Zubeh\u00f6r","publisher":{"@id":"https:\/\/kabinam.lt\/#organization"},"alternateName":"pakabukai lt","potentialAction":[{"@type":"SearchAction","target":{"@type":"EntryPoint","urlTemplate":"https:\/\/kabinam.lt\/?s={search_term_string}"},"query-input":{"@type":"PropertyValueSpecification","valueRequired":true,"valueName":"search_term_string"}}],"inLanguage":"de"},{"@type":"Organization","@id":"https:\/\/kabinam.lt\/#organization","name":"kabinam.lt","alternateName":"kabinam","url":"https:\/\/kabinam.lt\/","logo":{"@type":"ImageObject","inLanguage":"de","@id":"https:\/\/kabinam.lt\/#\/schema\/logo\/image\/","url":"https:\/\/kabinam.lt\/wp-content\/uploads\/2025\/05\/KABINAM_outer_glow.png","contentUrl":"https:\/\/kabinam.lt\/wp-content\/uploads\/2025\/05\/KABINAM_outer_glow.png","width":474,"height":141,"caption":"kabinam.lt"},"image":{"@id":"https:\/\/kabinam.lt\/#\/schema\/logo\/image\/"}}]}},"uagb_featured_image_src":{"full":["https:\/\/kabinam.lt\/wp-content\/uploads\/2025\/09\/1000077559.jpg",550,550,false],"thumbnail":["https:\/\/kabinam.lt\/wp-content\/uploads\/2025\/09\/1000077559-150x150.jpg",150,150,true],"medium":["https:\/\/kabinam.lt\/wp-content\/uploads\/2025\/09\/1000077559-300x300.jpg",300,300,true],"medium_large":["https:\/\/kabinam.lt\/wp-content\/uploads\/2025\/09\/1000077559.jpg",550,550,false],"large":["https:\/\/kabinam.lt\/wp-content\/uploads\/2025\/09\/1000077559.jpg",550,550,false],"1536x1536":["https:\/\/kabinam.lt\/wp-content\/uploads\/2025\/09\/1000077559.jpg",550,550,false],"2048x2048":["https:\/\/kabinam.lt\/wp-content\/uploads\/2025\/09\/1000077559.jpg",550,550,false],"trp-custom-language-flag":["https:\/\/kabinam.lt\/wp-content\/uploads\/2025\/09\/1000077559-12x12.jpg",12,12,true],"woocommerce_thumbnail":["https:\/\/kabinam.lt\/wp-content\/uploads\/2025\/09\/1000077559-300x300.jpg",300,300,true],"woocommerce_single":["https:\/\/kabinam.lt\/wp-content\/uploads\/2025\/09\/1000077559.jpg",550,550,false],"woocommerce_gallery_thumbnail":["https:\/\/kabinam.lt\/wp-content\/uploads\/2025\/09\/1000077559-100x100.jpg",100,100,true]},"uagb_author_info":{"display_name":"kabinam.lt","author_link":"https:\/\/kabinam.lt\/de\/author\/"},"uagb_comment_info":0,"uagb_excerpt":"\u0160velnus ir minimalistinis emalio pin'as. Baltas mieguistas triu\u0161iukas su rausvais skruostais ir ausyt\u0117mis \u2013 tobulas aksesuaras jaukumo ie\u0161kotojams, vaikams ir visiems ilgaausi\u0173 myl\u0117tojams.","_links":{"self":[{"href":"https:\/\/kabinam.lt\/de\/wp-json\/wp\/v2\/product\/4201","targetHints":{"allow":["GET"]}}],"collection":[{"href":"https:\/\/kabinam.lt\/de\/wp-json\/wp\/v2\/product"}],"about":[{"href":"https:\/\/kabinam.lt\/de\/wp-json\/wp\/v2\/types\/product"}],"replies":[{"embeddable":true,"href":"https:\/\/kabinam.lt\/de\/wp-json\/wp\/v2\/comments?post=4201"}],"wp:featuredmedia":[{"embeddable":true,"href":"https:\/\/kabinam.lt\/de\/wp-json\/wp\/v2\/media\/4200"}],"wp:attachment":[{"href":"https:\/\/kabinam.lt\/de\/wp-json\/wp\/v2\/media?parent=4201"}],"wp:term":[{"taxonomy":"product_brand","embeddable":true,"href":"https:\/\/kabinam.lt\/de\/wp-json\/wp\/v2\/product_brand?post=4201"},{"taxonomy":"product_cat","embeddable":true,"href":"https:\/\/kabinam.lt\/de\/wp-json\/wp\/v2\/product_cat?post=4201"},{"taxonomy":"product_tag","embeddable":true,"href":"https:\/\/kabinam.lt\/de\/wp-json\/wp\/v2\/product_tag?post=4201"}],"curies":[{"name":"wp","href":"https:\/\/api.w.org\/{rel}","templated":true}]}}