{"id":4125,"date":"2025-09-16T17:35:39","date_gmt":"2025-09-16T15:35:39","guid":{"rendered":"https:\/\/kabinam.lt\/product\/pinas-vaiduoklis\/"},"modified":"2026-01-19T02:11:52","modified_gmt":"2026-01-19T00:11:52","slug":"kleiner-geist-spinne-mit-herzen-love-ghost-pin","status":"publish","type":"product","link":"https:\/\/kabinam.lt\/de\/product\/vaiduokliuko-segtukas-su-sirdelemis-love-ghost-pin\/","title":{"rendered":"Mystik Seg\u0117 | Der kleine Geist mit den Herzen \u2013 \u201eLove Ghost\u201c"},"content":{"rendered":"<div class=\"kk-star-ratings kksr-auto kksr-align-left kksr-valign-top\"\n    data-payload='{&quot;align&quot;:&quot;left&quot;,&quot;id&quot;:&quot;4125&quot;,&quot;slug&quot;:&quot;default&quot;,&quot;valign&quot;:&quot;top&quot;,&quot;ignore&quot;:&quot;&quot;,&quot;reference&quot;:&quot;auto&quot;,&quot;class&quot;:&quot;&quot;,&quot;count&quot;:&quot;0&quot;,&quot;legendonly&quot;:&quot;&quot;,&quot;readonly&quot;:&quot;&quot;,&quot;score&quot;:&quot;0&quot;,&quot;starsonly&quot;:&quot;&quot;,&quot;best&quot;:&quot;5&quot;,&quot;gap&quot;:&quot;5&quot;,&quot;greet&quot;:&quot;Mums svarbus j\u016bs\u0173 \u012fvertinimas&quot;,&quot;legend&quot;:&quot;0\\\/5 - (0 votes)&quot;,&quot;size&quot;:&quot;24&quot;,&quot;title&quot;:&quot;Mistikos Seg\u0117 | Vaiduokliukas su \u0161irdel\u0117mis \u2013 \u201eLove Ghost\u201c&quot;,&quot;width&quot;:&quot;0&quot;,&quot;_legend&quot;:&quot;{score}\\\/{best} - ({count} {votes})&quot;,&quot;font_factor&quot;:&quot;1.25&quot;}'>\n            \n<div class=\"kksr-stars\">\n    \n<div class=\"kksr-stars-inactive\">\n            <div class=\"kksr-star\" data-star=\"1\" style=\"padding-right: 5px\">\n            \n\n<div class=\"kksr-icon\" style=\"width: 24px; height: 24px;\"><\/div>\n        <\/div>\n            <div class=\"kksr-star\" data-star=\"2\" style=\"padding-right: 5px\">\n            \n\n<div class=\"kksr-icon\" style=\"width: 24px; height: 24px;\"><\/div>\n        <\/div>\n            <div class=\"kksr-star\" data-star=\"3\" style=\"padding-right: 5px\">\n            \n\n<div class=\"kksr-icon\" style=\"width: 24px; height: 24px;\"><\/div>\n        <\/div>\n            <div class=\"kksr-star\" data-star=\"4\" style=\"padding-right: 5px\">\n            \n\n<div class=\"kksr-icon\" style=\"width: 24px; height: 24px;\"><\/div>\n        <\/div>\n            <div class=\"kksr-star\" data-star=\"5\" style=\"padding-right: 5px\">\n            \n\n<div class=\"kksr-icon\" style=\"width: 24px; height: 24px;\"><\/div>\n        <\/div>\n    <\/div>\n    \n<div class=\"kksr-stars-active\" style=\"width: 0px;\">\n            <div class=\"kksr-star\" style=\"padding-right: 5px\">\n            \n\n<div class=\"kksr-icon\" style=\"width: 24px; height: 24px;\"><\/div>\n        <\/div>\n            <div class=\"kksr-star\" style=\"padding-right: 5px\">\n            \n\n<div class=\"kksr-icon\" style=\"width: 24px; height: 24px;\"><\/div>\n        <\/div>\n            <div class=\"kksr-star\" style=\"padding-right: 5px\">\n            \n\n<div class=\"kksr-icon\" style=\"width: 24px; height: 24px;\"><\/div>\n        <\/div>\n            <div class=\"kksr-star\" style=\"padding-right: 5px\">\n            \n\n<div class=\"kksr-icon\" style=\"width: 24px; height: 24px;\"><\/div>\n        <\/div>\n            <div class=\"kksr-star\" style=\"padding-right: 5px\">\n            \n\n<div class=\"kksr-icon\" style=\"width: 24px; height: 24px;\"><\/div>\n        <\/div>\n    <\/div>\n<\/div>\n                \n\n<div class=\"kksr-legend\" style=\"font-size: 19.2px;\">\n            <span class=\"kksr-muted\">Ihre Bewertung ist f\u00fcr uns wichtig<\/span>\n    <\/div>\n    <\/div>\n<h1 data-path-to-node=\"13\">Jaukus Mistikos Akcentas: Vaiduokliukas su \u0160irdel\u0117mis \u2013 J\u016bs\u0173 Stiliaus Meil\u0117<\/h1>\n<p data-path-to-node=\"14\">Diese <b data-path-to-node=\"14\" data-index-in-node=\"3\">vaiduokliuko emalio seg\u0117<\/b> \u2013 tai puikus \u012frodymas, kad net ir vaiduokliai gali b\u016bti ne\u012ftik\u0117tinai mieli! Tai idealus <b data-path-to-node=\"14\" data-index-in-node=\"116\">Zubeh\u00f6r<\/b> tiems, kurie m\u0117gsta derinti prie\u0161ingas temas: mistik\u0105 ir romantik\u0105. Baltas vaiduokliuko siluetas, nus\u0117tas ry\u0161kiai raudonomis \u0161irdel\u0117mis, simbolizuoja meil\u0119, kuri nepaiso joki\u0173 rib\u0173. Tai ne tik <b data-path-to-node=\"14\" data-index-in-node=\"320\">Emaille-Brosche<\/b> \u2013 tai ma\u017eas, nuotaik\u0105 keliantis akcentas, kuris privers nusi\u0161ypsoti kiekvien\u0105 praeiv\u012f.<\/p>\n<h2 data-path-to-node=\"15\">\u017daismingas Dizainas Ir Romanti\u0161kos Detal\u0117s<\/h2>\n<p data-path-to-node=\"16\">Siehe <b data-path-to-node=\"16\" data-index-in-node=\"4\">Emaillestift<\/b> i\u0161skirtinumas \u2013 \u0161irdel\u0117s formos akys, kurios suteikia persona\u017eui gyvumo ir begalinio mielumo poj\u016bt\u012f. Ry\u0161kiai raudona emalio spalva puikiai kontrastuoja su sniego baltumo pagrindu, o auksinis metalinis r\u0117melis suteikia papuo\u0161alui baigtumo ir prabangos. \u0160is <b data-path-to-node=\"16\" data-index-in-node=\"275\">vaiduokliuko pin\u2019as<\/b> itin stilingai atrodo ant tamsi\u0173 megztini\u0173, kuprini\u0173 ar net kepuri\u0173, tapdamas pastebima J\u016bs\u0173 \u012fvaizd\u017eio detale.<\/p>\n<ul data-path-to-node=\"17\">\n<li>\n<p data-path-to-node=\"17,0,0\"><b data-path-to-node=\"17,0,0\" data-index-in-node=\"0\">Stil:<\/b> Perfekt f\u00fcr <i data-path-to-node=\"17,0,0\" data-index-in-node=\"23\">soft goth aesthetic<\/i>, <i data-path-to-node=\"17,0,0\" data-index-in-node=\"44\">kawaii style<\/i>, <i data-path-to-node=\"17,0,0\" data-index-in-node=\"58\">Valentine\u2019s Day fashion<\/i> und <b data-path-to-node=\"17,0,0\" data-index-in-node=\"85\">spielerisch<\/b> f\u00fcr den t\u00e4glichen Gebrauch.<\/p>\n<\/li>\n<li>\n<p data-path-to-node=\"17,1,0\"><b data-path-to-node=\"17,1,0\" data-index-in-node=\"0\">Qualit\u00e4t:<\/b> Unser <b data-path-to-node=\"17,1,0\" data-index-in-node=\"13\">Emaille-Broschen<\/b> gaminamos naudojant patvari\u0105 kietojo emalio technologij\u0105, kuri u\u017etikrina spalv\u0173 sodrum\u0105 ir pavir\u0161iaus atsparum\u0105 \u012fbr\u0117\u017eimams. Metalinis pagrindas garantuoja, kad \u0161is <b data-path-to-node=\"17,1,0\" data-index-in-node=\"190\">Hochwertiger Stift<\/b> patikimai laikysis bet kokiame audinyje. Daugiau misti\u0161k\u0173 ir miel\u0173 aksesuar\u0173 rasite <a class=\"ng-star-inserted\" href=\"https:\/\/www.pinnpatch.lt\" target=\"_blank\" rel=\"noopener\" data-hveid=\"0\" data-ved=\"0CAAQ_4QMahgKEwi5pqKb08yRAxUAAAAAHQAAAAAQrBI\">pinnpatch.lt<\/a>.<\/p>\n<\/li>\n<\/ul>\n<h2 data-path-to-node=\"18\">Dovana, Kuri \u201eNuginkluoja\u201c<\/h2>\n<p data-path-to-node=\"19\"><b data-path-to-node=\"19\" data-index-in-node=\"0\">Vaiduokliuko su \u0161irdel\u0117mis segtukas<\/b> ist erstaunlich <b data-path-to-node=\"19\" data-index-in-node=\"49\">Geschenkidee<\/b> tiek Valentino dienos proga, tiek kaip netik\u0117ta staigmena geriausiai draugei. Tai simboli\u0161kas b\u016bdas pasakyti, kad J\u016bs\u0173 draugyst\u0117 ar meil\u0117 yra tiesiog \u201emagi\u0161ka\u201c. \u0160is papuo\u0161alas puikiai papuo\u0161:<\/p>\n<ul data-path-to-node=\"20\">\n<li>\n<p data-path-to-node=\"20,0,0\"><b data-path-to-node=\"20,0,0\" data-index-in-node=\"0\">D\u017einsin\u0119 striuk\u0119 ar \u0161vark\u0105:<\/b> Suteikia drabu\u017eiui charakterio ir spalv\u0173.<\/p>\n<\/li>\n<li>\n<p data-path-to-node=\"20,1,0\"><b data-path-to-node=\"20,1,0\" data-index-in-node=\"0\">Drobini mai\u0161el\u012f:<\/b> Paver\u010dia paprast\u0105 daikt\u0105 stilingu aksesuaru.<\/p>\n<\/li>\n<\/ul>\n<p data-path-to-node=\"21\">Siehe unser vollst\u00e4ndiges <a class=\"ng-star-inserted\" href=\"https:\/\/kabinam.lt\/de\/produktkategorie-2\/anstecknadeln-pins\/\" target=\"_blank\" rel=\"noopener\" data-hveid=\"0\" data-ved=\"0CAAQ_4QMahgKEwi5pqKb08yRAxUAAAAAHQAAAAAQrRI\">meil\u0117s ir mistikos emalio segtuk\u0173 kolekcij\u0105<\/a> ir raskite savo \u0161irdies vaiduokliuk\u0105.<\/p>\n<p data-path-to-node=\"22\"><b data-path-to-node=\"22\" data-index-in-node=\"0\">Leiskite magijai ir meilei u\u017evaldyti J\u016bs\u0173 stili\u0173!<\/b> Buchen Sie dies <b data-path-to-node=\"22\" data-index-in-node=\"66\">vaiduokliuko segtuk\u0105<\/b> jetzt.<\/p>","protected":false},"excerpt":{"rendered":"<p><b data-path-to-node=\"4,3,1,0\" data-index-in-node=\"0\">S\u00fc\u00df<\/b> und <b data-path-to-node=\"4,3,1,0\" data-index-in-node=\"10\">Original<\/b> Emaille-Pin. Wei\u00df <b data-path-to-node=\"4,3,1,0\" data-index-in-node=\"43\">vaiduokliukas<\/b>, papuo\u0161tas ry\u0161kiai raudonomis <b data-path-to-node=\"4,3,1,0\" data-index-in-node=\"87\">\u0161irdel\u0117mis<\/b> ir turintis \u0161irdel\u0117s formos akis \u2013 stilingas <b data-path-to-node=\"4,3,1,0\" data-index-in-node=\"143\">Zubeh\u00f6r<\/b> meil\u0117s ir paslapties gerb\u0117jams.<\/p>","protected":false},"featured_media":4123,"comment_status":"open","ping_status":"closed","template":"","meta":{"_uag_custom_page_level_css":"","site-sidebar-layout":"default","site-content-layout":"","ast-site-content-layout":"default","site-content-style":"default","site-sidebar-style":"default","ast-global-header-display":"","ast-banner-title-visibility":"","ast-main-header-display":"","ast-hfb-above-header-display":"","ast-hfb-below-header-display":"","ast-hfb-mobile-header-display":"","site-post-title":"","ast-breadcrumbs-content":"","ast-featured-img":"","footer-sml-layout":"","ast-disable-related-posts":"","theme-transparent-header-meta":"default","adv-header-id-meta":"","stick-header-meta":"","header-above-stick-meta":"","header-main-stick-meta":"","header-below-stick-meta":"","astra-migrate-meta-layouts":"set","ast-page-background-enabled":"default","ast-page-background-meta":{"desktop":{"background-color":"var(--ast-global-color-4)","background-image":"","background-repeat":"repeat","background-position":"center center","background-size":"auto","background-attachment":"scroll","background-type":"","background-media":"","overlay-type":"","overlay-color":"","overlay-opacity":"","overlay-gradient":""},"tablet":{"background-color":"","background-image":"","background-repeat":"repeat","background-position":"center center","background-size":"auto","background-attachment":"scroll","background-type":"","background-media":"","overlay-type":"","overlay-color":"","overlay-opacity":"","overlay-gradient":""},"mobile":{"background-color":"","background-image":"","background-repeat":"repeat","background-position":"center center","background-size":"auto","background-attachment":"scroll","background-type":"","background-media":"","overlay-type":"","overlay-color":"","overlay-opacity":"","overlay-gradient":""}},"ast-content-background-meta":{"desktop":{"background-color":"var(--ast-global-color-5)","background-image":"","background-repeat":"repeat","background-position":"center center","background-size":"auto","background-attachment":"scroll","background-type":"","background-media":"","overlay-type":"","overlay-color":"","overlay-opacity":"","overlay-gradient":""},"tablet":{"background-color":"var(--ast-global-color-5)","background-image":"","background-repeat":"repeat","background-position":"center center","background-size":"auto","background-attachment":"scroll","background-type":"","background-media":"","overlay-type":"","overlay-color":"","overlay-opacity":"","overlay-gradient":""},"mobile":{"background-color":"var(--ast-global-color-5)","background-image":"","background-repeat":"repeat","background-position":"center center","background-size":"auto","background-attachment":"scroll","background-type":"","background-media":"","overlay-type":"","overlay-color":"","overlay-opacity":"","overlay-gradient":""}}},"product_brand":[],"product_cat":[125,126,119],"product_tag":[],"class_list":{"0":"post-4125","1":"product","2":"type-product","3":"status-publish","4":"has-post-thumbnail","6":"product_cat-halloween","7":"product_cat-visi","8":"product_cat-smeigtukai-pins","9":"desktop-align-center","10":"tablet-align-left","11":"mobile-align-left","13":"first","14":"instock","15":"purchasable","16":"product-type-simple"},"yoast_head":"<!-- This site is optimized with the Yoast SEO plugin v27.1.1 - https:\/\/yoast.com\/product\/yoast-seo-wordpress\/ -->\n<title>Mistikos Seg\u0117 | Vaiduokliukas su \u0161irdel\u0117mis \u2013 \u201eLove Ghost\u201c<\/title>\n<meta name=\"description\" content=\"\u012esimyl\u0117kite i\u0161 pirmo \u017evilgsnio! \u0160is vaiduokliuko segtukas su \u0161irdel\u0117mis yra \u017eaismingas ir mielas aksesuaras, suteikiantis J\u016bs\u0173 stiliui \u0161ilumos ir magijos.\" \/>\n<meta name=\"robots\" content=\"index, follow, max-snippet:-1, max-image-preview:large, max-video-preview:-1\" \/>\n<link rel=\"canonical\" href=\"https:\/\/kabinam.lt\/de\/produkt\/kleiner-geist-spinne-mit-herzen-love-ghost-pin\/\" \/>\n<meta property=\"og:locale\" content=\"de_DE\" \/>\n<meta property=\"og:type\" content=\"article\" \/>\n<meta property=\"og:title\" content=\"Mistikos Seg\u0117 | Vaiduokliukas su \u0161irdel\u0117mis \u2013 \u201eLove Ghost\u201c\" \/>\n<meta property=\"og:description\" content=\"\u012esimyl\u0117kite i\u0161 pirmo \u017evilgsnio! \u0160is vaiduokliuko segtukas su \u0161irdel\u0117mis yra \u017eaismingas ir mielas aksesuaras, suteikiantis J\u016bs\u0173 stiliui \u0161ilumos ir magijos.\" \/>\n<meta property=\"og:url\" content=\"https:\/\/kabinam.lt\/de\/produkt\/kleiner-geist-spinne-mit-herzen-love-ghost-pin\/\" \/>\n<meta property=\"og:site_name\" content=\"kabinam.lt\" \/>\n<meta property=\"article:modified_time\" content=\"2026-01-19T00:11:52+00:00\" \/>\n<meta property=\"og:image\" content=\"https:\/\/kabinam.lt\/wp-content\/uploads\/2025\/09\/1000077487.jpg\" \/>\n\t<meta property=\"og:image:width\" content=\"491\" \/>\n\t<meta property=\"og:image:height\" content=\"624\" \/>\n\t<meta property=\"og:image:type\" content=\"image\/jpeg\" \/>\n<meta name=\"twitter:card\" content=\"summary_large_image\" \/>\n<meta name=\"twitter:label1\" content=\"Gesch\u00e4tzte Lesezeit\" \/>\n\t<meta name=\"twitter:data1\" content=\"1\u00a0Minute\" \/>\n<script type=\"application\/ld+json\" class=\"yoast-schema-graph\">{\"@context\":\"https:\/\/schema.org\",\"@graph\":[{\"@type\":[\"WebPage\",\"ItemPage\"],\"@id\":\"https:\/\/kabinam.lt\/eng\/product\/ghost-pin-with-hearts-love-ghost-pin\/\",\"url\":\"https:\/\/kabinam.lt\/eng\/product\/ghost-pin-with-hearts-love-ghost-pin\/\",\"name\":\"Mistikos Seg\u0117 | Vaiduokliukas su \u0161irdel\u0117mis \u2013 \u201eLove Ghost\u201c\",\"isPartOf\":{\"@id\":\"https:\/\/kabinam.lt\/#website\"},\"primaryImageOfPage\":{\"@id\":\"https:\/\/kabinam.lt\/eng\/product\/ghost-pin-with-hearts-love-ghost-pin\/#primaryimage\"},\"image\":{\"@id\":\"https:\/\/kabinam.lt\/eng\/product\/ghost-pin-with-hearts-love-ghost-pin\/#primaryimage\"},\"thumbnailUrl\":\"https:\/\/kabinam.lt\/wp-content\/uploads\/2025\/09\/1000077487.jpg\",\"datePublished\":\"2025-09-16T15:35:39+00:00\",\"dateModified\":\"2026-01-19T00:11:52+00:00\",\"description\":\"\u012esimyl\u0117kite i\u0161 pirmo \u017evilgsnio! \u0160is vaiduokliuko segtukas su \u0161irdel\u0117mis yra \u017eaismingas ir mielas aksesuaras, suteikiantis J\u016bs\u0173 stiliui \u0161ilumos ir magijos.\",\"breadcrumb\":{\"@id\":\"https:\/\/kabinam.lt\/eng\/product\/ghost-pin-with-hearts-love-ghost-pin\/#breadcrumb\"},\"inLanguage\":\"de\",\"potentialAction\":[{\"@type\":\"ReadAction\",\"target\":[\"https:\/\/kabinam.lt\/eng\/product\/ghost-pin-with-hearts-love-ghost-pin\/\"]}]},{\"@type\":\"ImageObject\",\"inLanguage\":\"de\",\"@id\":\"https:\/\/kabinam.lt\/eng\/product\/ghost-pin-with-hearts-love-ghost-pin\/#primaryimage\",\"url\":\"https:\/\/kabinam.lt\/wp-content\/uploads\/2025\/09\/1000077487.jpg\",\"contentUrl\":\"https:\/\/kabinam.lt\/wp-content\/uploads\/2025\/09\/1000077487.jpg\",\"width\":491,\"height\":624,\"caption\":\"Mielo Vaiduokliuko su \u0160irdel\u0117mis Emalio Segtuko Dizainas\"},{\"@type\":\"BreadcrumbList\",\"@id\":\"https:\/\/kabinam.lt\/eng\/product\/ghost-pin-with-hearts-love-ghost-pin\/#breadcrumb\",\"itemListElement\":[{\"@type\":\"ListItem\",\"position\":1,\"name\":\"Home\",\"item\":\"https:\/\/kabinam.lt\/\"},{\"@type\":\"ListItem\",\"position\":2,\"name\":\"Visi Produktai\",\"item\":\"https:\/\/kabinam.lt\/visi-produktai\/\"},{\"@type\":\"ListItem\",\"position\":3,\"name\":\"Mistikos Seg\u0117 | Vaiduokliukas su \u0161irdel\u0117mis \u2013 \u201eLove Ghost\u201c\"}]},{\"@type\":\"WebSite\",\"@id\":\"https:\/\/kabinam.lt\/#website\",\"url\":\"https:\/\/kabinam.lt\/\",\"name\":\"kabinam.lt\",\"description\":\"Kabinam.lt \u2013 raktu pakabukai ir aksesuarai\",\"publisher\":{\"@id\":\"https:\/\/kabinam.lt\/#organization\"},\"alternateName\":\"pakabukai lt\",\"potentialAction\":[{\"@type\":\"SearchAction\",\"target\":{\"@type\":\"EntryPoint\",\"urlTemplate\":\"https:\/\/kabinam.lt\/?s={search_term_string}\"},\"query-input\":{\"@type\":\"PropertyValueSpecification\",\"valueRequired\":true,\"valueName\":\"search_term_string\"}}],\"inLanguage\":\"de\"},{\"@type\":\"Organization\",\"@id\":\"https:\/\/kabinam.lt\/#organization\",\"name\":\"kabinam.lt\",\"alternateName\":\"kabinam\",\"url\":\"https:\/\/kabinam.lt\/\",\"logo\":{\"@type\":\"ImageObject\",\"inLanguage\":\"de\",\"@id\":\"https:\/\/kabinam.lt\/#\/schema\/logo\/image\/\",\"url\":\"https:\/\/kabinam.lt\/wp-content\/uploads\/2025\/05\/KABINAM_outer_glow.png\",\"contentUrl\":\"https:\/\/kabinam.lt\/wp-content\/uploads\/2025\/05\/KABINAM_outer_glow.png\",\"width\":474,\"height\":141,\"caption\":\"kabinam.lt\"},\"image\":{\"@id\":\"https:\/\/kabinam.lt\/#\/schema\/logo\/image\/\"}}]}<\/script>\n<!-- \/ Yoast SEO plugin. -->","yoast_head_json":{"title":"Mystik Seg\u0117 | Der kleine Geist mit den Herzen \u2013 \u201eLove Ghost\u201c","description":"Verlieben Sie sich auf den ersten Blick! Dieser Geister-Spange mit Herzen ist ein verspielter und s\u00fc\u00dfer Accessoire, der Ihrem Stil W\u00e4rme und Magie verleiht.","robots":{"index":"index","follow":"follow","max-snippet":"max-snippet:-1","max-image-preview":"max-image-preview:large","max-video-preview":"max-video-preview:-1"},"canonical":"https:\/\/kabinam.lt\/de\/produkt\/kleiner-geist-spinne-mit-herzen-love-ghost-pin\/","og_locale":"de_DE","og_type":"article","og_title":"Mistikos Seg\u0117 | Vaiduokliukas su \u0161irdel\u0117mis \u2013 \u201eLove Ghost\u201c","og_description":"\u012esimyl\u0117kite i\u0161 pirmo \u017evilgsnio! \u0160is vaiduokliuko segtukas su \u0161irdel\u0117mis yra \u017eaismingas ir mielas aksesuaras, suteikiantis J\u016bs\u0173 stiliui \u0161ilumos ir magijos.","og_url":"https:\/\/kabinam.lt\/de\/produkt\/kleiner-geist-spinne-mit-herzen-love-ghost-pin\/","og_site_name":"kabinam.lt","article_modified_time":"2026-01-19T00:11:52+00:00","og_image":[{"width":491,"height":624,"url":"https:\/\/kabinam.lt\/wp-content\/uploads\/2025\/09\/1000077487.jpg","type":"image\/jpeg"}],"twitter_card":"summary_large_image","twitter_misc":{"Gesch\u00e4tzte Lesezeit":"1\u00a0Minute"},"schema":{"@context":"https:\/\/schema.org","@graph":[{"@type":["WebPage","ItemPage"],"@id":"https:\/\/kabinam.lt\/eng\/product\/ghost-pin-with-hearts-love-ghost-pin\/","url":"https:\/\/kabinam.lt\/eng\/product\/ghost-pin-with-hearts-love-ghost-pin\/","name":"Mystik Seg\u0117 | Der kleine Geist mit den Herzen \u2013 \u201eLove Ghost\u201c","isPartOf":{"@id":"https:\/\/kabinam.lt\/#website"},"primaryImageOfPage":{"@id":"https:\/\/kabinam.lt\/eng\/product\/ghost-pin-with-hearts-love-ghost-pin\/#primaryimage"},"image":{"@id":"https:\/\/kabinam.lt\/eng\/product\/ghost-pin-with-hearts-love-ghost-pin\/#primaryimage"},"thumbnailUrl":"https:\/\/kabinam.lt\/wp-content\/uploads\/2025\/09\/1000077487.jpg","datePublished":"2025-09-16T15:35:39+00:00","dateModified":"2026-01-19T00:11:52+00:00","description":"Verlieben Sie sich auf den ersten Blick! Dieser Geister-Spange mit Herzen ist ein verspielter und s\u00fc\u00dfer Accessoire, der Ihrem Stil W\u00e4rme und Magie verleiht.","breadcrumb":{"@id":"https:\/\/kabinam.lt\/eng\/product\/ghost-pin-with-hearts-love-ghost-pin\/#breadcrumb"},"inLanguage":"de","potentialAction":[{"@type":"ReadAction","target":["https:\/\/kabinam.lt\/eng\/product\/ghost-pin-with-hearts-love-ghost-pin\/"]}]},{"@type":"ImageObject","inLanguage":"de","@id":"https:\/\/kabinam.lt\/eng\/product\/ghost-pin-with-hearts-love-ghost-pin\/#primaryimage","url":"https:\/\/kabinam.lt\/wp-content\/uploads\/2025\/09\/1000077487.jpg","contentUrl":"https:\/\/kabinam.lt\/wp-content\/uploads\/2025\/09\/1000077487.jpg","width":491,"height":624,"caption":"Mielo Vaiduokliuko su \u0160irdel\u0117mis Emalio Segtuko Dizainas"},{"@type":"BreadcrumbList","@id":"https:\/\/kabinam.lt\/eng\/product\/ghost-pin-with-hearts-love-ghost-pin\/#breadcrumb","itemListElement":[{"@type":"ListItem","position":1,"name":"Home","item":"https:\/\/kabinam.lt\/"},{"@type":"ListItem","position":2,"name":"Visi Produktai","item":"https:\/\/kabinam.lt\/visi-produktai\/"},{"@type":"ListItem","position":3,"name":"Mistikos Seg\u0117 | Vaiduokliukas su \u0161irdel\u0117mis \u2013 \u201eLove Ghost\u201c"}]},{"@type":"WebSite","@id":"https:\/\/kabinam.lt\/#website","url":"https:\/\/kabinam.lt\/","name":"kabinam.lt","description":"Kabinam.lt - Schl\u00fcsselanh\u00e4nger und Zubeh\u00f6r","publisher":{"@id":"https:\/\/kabinam.lt\/#organization"},"alternateName":"pakabukai lt","potentialAction":[{"@type":"SearchAction","target":{"@type":"EntryPoint","urlTemplate":"https:\/\/kabinam.lt\/?s={search_term_string}"},"query-input":{"@type":"PropertyValueSpecification","valueRequired":true,"valueName":"search_term_string"}}],"inLanguage":"de"},{"@type":"Organization","@id":"https:\/\/kabinam.lt\/#organization","name":"kabinam.lt","alternateName":"kabinam","url":"https:\/\/kabinam.lt\/","logo":{"@type":"ImageObject","inLanguage":"de","@id":"https:\/\/kabinam.lt\/#\/schema\/logo\/image\/","url":"https:\/\/kabinam.lt\/wp-content\/uploads\/2025\/05\/KABINAM_outer_glow.png","contentUrl":"https:\/\/kabinam.lt\/wp-content\/uploads\/2025\/05\/KABINAM_outer_glow.png","width":474,"height":141,"caption":"kabinam.lt"},"image":{"@id":"https:\/\/kabinam.lt\/#\/schema\/logo\/image\/"}}]}},"uagb_featured_image_src":{"full":["https:\/\/kabinam.lt\/wp-content\/uploads\/2025\/09\/1000077487.jpg",491,624,false],"thumbnail":["https:\/\/kabinam.lt\/wp-content\/uploads\/2025\/09\/1000077487-150x150.jpg",150,150,true],"medium":["https:\/\/kabinam.lt\/wp-content\/uploads\/2025\/09\/1000077487-236x300.jpg",236,300,true],"medium_large":["https:\/\/kabinam.lt\/wp-content\/uploads\/2025\/09\/1000077487.jpg",491,624,false],"large":["https:\/\/kabinam.lt\/wp-content\/uploads\/2025\/09\/1000077487.jpg",491,624,false],"1536x1536":["https:\/\/kabinam.lt\/wp-content\/uploads\/2025\/09\/1000077487.jpg",491,624,false],"2048x2048":["https:\/\/kabinam.lt\/wp-content\/uploads\/2025\/09\/1000077487.jpg",491,624,false],"trp-custom-language-flag":["https:\/\/kabinam.lt\/wp-content\/uploads\/2025\/09\/1000077487-9x12.jpg",9,12,true],"woocommerce_thumbnail":["https:\/\/kabinam.lt\/wp-content\/uploads\/2025\/09\/1000077487-300x300.jpg",300,300,true],"woocommerce_single":["https:\/\/kabinam.lt\/wp-content\/uploads\/2025\/09\/1000077487.jpg",491,624,false],"woocommerce_gallery_thumbnail":["https:\/\/kabinam.lt\/wp-content\/uploads\/2025\/09\/1000077487-100x100.jpg",100,100,true]},"uagb_author_info":{"display_name":"kabinam.lt","author_link":"https:\/\/kabinam.lt\/de\/author\/"},"uagb_comment_info":0,"uagb_excerpt":"Mielas ir originalus emalio pin'as. Baltas vaiduokliukas, papuo\u0161tas ry\u0161kiai raudonomis \u0161irdel\u0117mis ir turintis \u0161irdel\u0117s formos akis \u2013 stilingas aksesuaras meil\u0117s ir paslapties gerb\u0117jams.","_links":{"self":[{"href":"https:\/\/kabinam.lt\/de\/wp-json\/wp\/v2\/product\/4125","targetHints":{"allow":["GET"]}}],"collection":[{"href":"https:\/\/kabinam.lt\/de\/wp-json\/wp\/v2\/product"}],"about":[{"href":"https:\/\/kabinam.lt\/de\/wp-json\/wp\/v2\/types\/product"}],"replies":[{"embeddable":true,"href":"https:\/\/kabinam.lt\/de\/wp-json\/wp\/v2\/comments?post=4125"}],"wp:featuredmedia":[{"embeddable":true,"href":"https:\/\/kabinam.lt\/de\/wp-json\/wp\/v2\/media\/4123"}],"wp:attachment":[{"href":"https:\/\/kabinam.lt\/de\/wp-json\/wp\/v2\/media?parent=4125"}],"wp:term":[{"taxonomy":"product_brand","embeddable":true,"href":"https:\/\/kabinam.lt\/de\/wp-json\/wp\/v2\/product_brand?post=4125"},{"taxonomy":"product_cat","embeddable":true,"href":"https:\/\/kabinam.lt\/de\/wp-json\/wp\/v2\/product_cat?post=4125"},{"taxonomy":"product_tag","embeddable":true,"href":"https:\/\/kabinam.lt\/de\/wp-json\/wp\/v2\/product_tag?post=4125"}],"curies":[{"name":"wp","href":"https:\/\/api.w.org\/{rel}","templated":true}]}}