{"id":4085,"date":"2025-09-10T21:06:53","date_gmt":"2025-09-10T19:06:53","guid":{"rendered":"https:\/\/kabinam.lt\/product\/panda\/"},"modified":"2026-01-19T01:25:39","modified_gmt":"2026-01-18T23:25:39","slug":"pandos-galvutes-segtukas-minimalistine-panda-pin","status":"publish","type":"product","link":"https:\/\/kabinam.lt\/de\/product\/pandos-galvutes-segtukas-minimalistine-panda-pin\/","title":{"rendered":"Minimalistische Panda \u2013 \u201eCute Panda Face\u201c Emaille-Brosche"},"content":{"rendered":"<div class=\"kk-star-ratings kksr-auto kksr-align-left kksr-valign-top\"\n    data-payload='{&quot;align&quot;:&quot;left&quot;,&quot;id&quot;:&quot;4085&quot;,&quot;slug&quot;:&quot;default&quot;,&quot;valign&quot;:&quot;top&quot;,&quot;ignore&quot;:&quot;&quot;,&quot;reference&quot;:&quot;auto&quot;,&quot;class&quot;:&quot;&quot;,&quot;count&quot;:&quot;0&quot;,&quot;legendonly&quot;:&quot;&quot;,&quot;readonly&quot;:&quot;&quot;,&quot;score&quot;:&quot;0&quot;,&quot;starsonly&quot;:&quot;&quot;,&quot;best&quot;:&quot;5&quot;,&quot;gap&quot;:&quot;5&quot;,&quot;greet&quot;:&quot;Mums svarbus j\u016bs\u0173 \u012fvertinimas&quot;,&quot;legend&quot;:&quot;0\\\/5 - (0 votes)&quot;,&quot;size&quot;:&quot;24&quot;,&quot;title&quot;:&quot;Minimalistin\u0117 panda \u2013 \u201eCute Panda Face\u201c Emalio Bro\u0161ka&quot;,&quot;width&quot;:&quot;0&quot;,&quot;_legend&quot;:&quot;{score}\\\/{best} - ({count} {votes})&quot;,&quot;font_factor&quot;:&quot;1.25&quot;}'>\n            \n<div class=\"kksr-stars\">\n    \n<div class=\"kksr-stars-inactive\">\n            <div class=\"kksr-star\" data-star=\"1\" style=\"padding-right: 5px\">\n            \n\n<div class=\"kksr-icon\" style=\"width: 24px; height: 24px;\"><\/div>\n        <\/div>\n            <div class=\"kksr-star\" data-star=\"2\" style=\"padding-right: 5px\">\n            \n\n<div class=\"kksr-icon\" style=\"width: 24px; height: 24px;\"><\/div>\n        <\/div>\n            <div class=\"kksr-star\" data-star=\"3\" style=\"padding-right: 5px\">\n            \n\n<div class=\"kksr-icon\" style=\"width: 24px; height: 24px;\"><\/div>\n        <\/div>\n            <div class=\"kksr-star\" data-star=\"4\" style=\"padding-right: 5px\">\n            \n\n<div class=\"kksr-icon\" style=\"width: 24px; height: 24px;\"><\/div>\n        <\/div>\n            <div class=\"kksr-star\" data-star=\"5\" style=\"padding-right: 5px\">\n            \n\n<div class=\"kksr-icon\" style=\"width: 24px; height: 24px;\"><\/div>\n        <\/div>\n    <\/div>\n    \n<div class=\"kksr-stars-active\" style=\"width: 0px;\">\n            <div class=\"kksr-star\" style=\"padding-right: 5px\">\n            \n\n<div class=\"kksr-icon\" style=\"width: 24px; height: 24px;\"><\/div>\n        <\/div>\n            <div class=\"kksr-star\" style=\"padding-right: 5px\">\n            \n\n<div class=\"kksr-icon\" style=\"width: 24px; height: 24px;\"><\/div>\n        <\/div>\n            <div class=\"kksr-star\" style=\"padding-right: 5px\">\n            \n\n<div class=\"kksr-icon\" style=\"width: 24px; height: 24px;\"><\/div>\n        <\/div>\n            <div class=\"kksr-star\" style=\"padding-right: 5px\">\n            \n\n<div class=\"kksr-icon\" style=\"width: 24px; height: 24px;\"><\/div>\n        <\/div>\n            <div class=\"kksr-star\" style=\"padding-right: 5px\">\n            \n\n<div class=\"kksr-icon\" style=\"width: 24px; height: 24px;\"><\/div>\n        <\/div>\n    <\/div>\n<\/div>\n                \n\n<div class=\"kksr-legend\" style=\"font-size: 19.2px;\">\n            <span class=\"kksr-muted\">Ihre Bewertung ist f\u00fcr uns wichtig<\/span>\n    <\/div>\n    <\/div>\n<h1 data-path-to-node=\"13\">Gamtos Ramyb\u0117: Minimalistin\u0117 Panda \u2013 J\u016bs\u0173 Stiliaus Talismanas<\/h1>\n<p data-path-to-node=\"14\">Diese <b data-path-to-node=\"14\" data-index-in-node=\"3\">pandos emalio seg\u0117<\/b> \u2013 tai ma\u017eas, bet i\u0161rai\u0161kingas simbolis, primenantis apie gamtos gro\u017e\u012f ir vidin\u0119 ramyb\u0119! Tai idealus <b data-path-to-node=\"14\" data-index-in-node=\"122\">Zubeh\u00f6r<\/b> visiems, kurie vertina minimalizm\u0105, m\u0117gsta pandas ir ie\u0161ko subtilaus akcento savo aprangai. Supaprastintas, ta\u010diau akimirksniu atpa\u017e\u012fstamas pandos veidelis suteikia \u012fvaizd\u017eiui jaukumo. Tai ne tik <b data-path-to-node=\"14\" data-index-in-node=\"329\">Emaille-Brosche<\/b> \u2013 tai J\u016bs\u0173 meil\u0117s gyv\u016bnams ir stilingo paprastumo \u017eenklas.<\/p>\n<h2 data-path-to-node=\"15\">Subtilus Dizainas Ir Nepriekai\u0161tinga Kokyb\u0117<\/h2>\n<p data-path-to-node=\"16\">Siehe <b data-path-to-node=\"16\" data-index-in-node=\"4\">Emaillestift<\/b> i\u0161skirtinumas \u2013 jo universalumas. D\u0117l klasikinio juodos ir baltos spalv\u0173 derinio bei sidabrinio metalo kont\u016bro, seg\u0117 puikiai dera prie bet koki\u0173 spalv\u0173 drabu\u017ei\u0173. \u0160is <b data-path-to-node=\"16\" data-index-in-node=\"185\">pandos pin\u2019as<\/b> itin stilingai atrodo ant \u0161vark\u0173 atlap\u0173, mar\u0161kini\u0173 apykakli\u0173, kuprini\u0173 ar kepuri\u0173. Ma\u017eas dydis leid\u017eia j\u012f lengvai derinti su kitais segtukais i\u0161 J\u016bs\u0173 kolekcijos.<\/p>\n<ul data-path-to-node=\"17\">\n<li>\n<p data-path-to-node=\"17,0,0\"><b data-path-to-node=\"17,0,0\" data-index-in-node=\"0\">Stil:<\/b> Perfekt f\u00fcr <i data-path-to-node=\"17,0,0\" data-index-in-node=\"23\">minimalist aesthetic<\/i>, <i data-path-to-node=\"17,0,0\" data-index-in-node=\"45\">kawaii style<\/i>, <i data-path-to-node=\"17,0,0\" data-index-in-node=\"59\">nature lover fashion<\/i> und <b data-path-to-node=\"17,0,0\" data-index-in-node=\"83\">subtiliai<\/b> f\u00fcr den t\u00e4glichen Gebrauch.<\/p>\n<\/li>\n<li>\n<p data-path-to-node=\"17,1,0\"><b data-path-to-node=\"17,1,0\" data-index-in-node=\"0\">Qualit\u00e4t:<\/b> Unser <b data-path-to-node=\"17,1,0\" data-index-in-node=\"13\">Emaille-Broschen<\/b> gaminamos naudojant precizi\u0161k\u0105 emalio technologij\u0105, kuri u\u017etikrina idealiai lyg\u0173 pavir\u0161i\u0173 ir sodrias spalvas. Sidabro atspalvio metalinis pagrindas garantuoja, kad \u0161is <b data-path-to-node=\"17,1,0\" data-index-in-node=\"194\">Hochwertiger Stift<\/b> patikimai laikysis ir ilgai nepraras savo pradinio spindesio. Daugiau gyv\u016bn\u0173 motyv\u0173 rasite <a class=\"ng-star-inserted\" href=\"https:\/\/www.pinnpatch.lt\" target=\"_blank\" rel=\"noopener\" data-hveid=\"0\" data-ved=\"0CAAQ_4QMahgKEwi5pqKb08yRAxUAAAAAHQAAAAAQ-RQ\">pinnpatch.lt<\/a>.<\/p>\n<\/li>\n<\/ul>\n<h2 data-path-to-node=\"18\">Dovana, Kuri Visada Prad\u017eiugina<\/h2>\n<p data-path-to-node=\"19\"><b data-path-to-node=\"19\" data-index-in-node=\"0\">Pandos galvut\u0117s segtukas<\/b> ist universell <b data-path-to-node=\"19\" data-index-in-node=\"40\">Geschenkidee<\/b> bet kokia proga. Panda simbolizuoja draugyst\u0119 ir taik\u0105, tod\u0117l tai puiki smulkmena draugams, kolegoms ar vaikams. \u0160is papuo\u0161alas puikiai papuo\u0161:<\/p>\n<ul data-path-to-node=\"20\">\n<li>\n<p data-path-to-node=\"20,0,0\"><b data-path-to-node=\"20,0,0\" data-index-in-node=\"0\">Schultasche oder Federm\u00e4ppchen:<\/b> Suteikia daiktams \u017eaismingumo ir i\u0161skirtinumo.<\/p>\n<\/li>\n<li>\n<p data-path-to-node=\"20,1,0\"><b data-path-to-node=\"20,1,0\" data-index-in-node=\"0\">Ein Pullover oder ein Pulli:<\/b> Paver\u010dia paprast\u0105 drabu\u017e\u012f mielu stiliaus akcentu.<\/p>\n<\/li>\n<\/ul>\n<p data-path-to-node=\"21\">Siehe unser vollst\u00e4ndiges <a class=\"ng-star-inserted\" href=\"https:\/\/kabinam.lt\/de\/produktkategorie-2\/anstecknadeln-pins\/\" target=\"_blank\" rel=\"noopener\" data-hveid=\"0\" data-ved=\"0CAAQ_4QMahgKEwi5pqKb08yRAxUAAAAAHQAAAAAQ-hQ\">gyv\u016bn\u0173 ir gamtos emalio segtuk\u0173 kolekcij\u0105<\/a> ir i\u0161sirinkite savo mieliausi\u0105 palydov\u0105.<\/p>\n<p data-path-to-node=\"22\"><b data-path-to-node=\"22\" data-index-in-node=\"0\">Suteikite savo stiliui pandos jaukumo!<\/b> Buchen Sie dies <b data-path-to-node=\"22\" data-index-in-node=\"55\">segtuk\u0105<\/b> jetzt.<\/p>","protected":false},"excerpt":{"rendered":"<p><b data-path-to-node=\"4,3,1,0\" data-index-in-node=\"0\">S\u00fc\u00df<\/b> und <b data-path-to-node=\"4,3,1,0\" data-index-in-node=\"10\">minimalistisch<\/b> emalio-Nadel. Wei\u00df <b data-path-to-node=\"4,3,1,0\" data-index-in-node=\"46\">pandos galvut\u0117<\/b> su juodomis ausyt\u0117mis ir d\u0117m\u0117mis aplink akis \u2013 subtilus <b data-path-to-node=\"4,3,1,0\" data-index-in-node=\"117\">Zubeh\u00f6r<\/b> gamtos ir gyv\u016bn\u0173 myl\u0117tojams.<\/p>","protected":false},"featured_media":4083,"comment_status":"open","ping_status":"closed","template":"","meta":{"_uag_custom_page_level_css":"","site-sidebar-layout":"default","site-content-layout":"","ast-site-content-layout":"default","site-content-style":"default","site-sidebar-style":"default","ast-global-header-display":"","ast-banner-title-visibility":"","ast-main-header-display":"","ast-hfb-above-header-display":"","ast-hfb-below-header-display":"","ast-hfb-mobile-header-display":"","site-post-title":"","ast-breadcrumbs-content":"","ast-featured-img":"","footer-sml-layout":"","ast-disable-related-posts":"","theme-transparent-header-meta":"default","adv-header-id-meta":"","stick-header-meta":"","header-above-stick-meta":"","header-main-stick-meta":"","header-below-stick-meta":"","astra-migrate-meta-layouts":"set","ast-page-background-enabled":"default","ast-page-background-meta":{"desktop":{"background-color":"var(--ast-global-color-4)","background-image":"","background-repeat":"repeat","background-position":"center center","background-size":"auto","background-attachment":"scroll","background-type":"","background-media":"","overlay-type":"","overlay-color":"","overlay-opacity":"","overlay-gradient":""},"tablet":{"background-color":"","background-image":"","background-repeat":"repeat","background-position":"center center","background-size":"auto","background-attachment":"scroll","background-type":"","background-media":"","overlay-type":"","overlay-color":"","overlay-opacity":"","overlay-gradient":""},"mobile":{"background-color":"","background-image":"","background-repeat":"repeat","background-position":"center center","background-size":"auto","background-attachment":"scroll","background-type":"","background-media":"","overlay-type":"","overlay-color":"","overlay-opacity":"","overlay-gradient":""}},"ast-content-background-meta":{"desktop":{"background-color":"var(--ast-global-color-5)","background-image":"","background-repeat":"repeat","background-position":"center center","background-size":"auto","background-attachment":"scroll","background-type":"","background-media":"","overlay-type":"","overlay-color":"","overlay-opacity":"","overlay-gradient":""},"tablet":{"background-color":"var(--ast-global-color-5)","background-image":"","background-repeat":"repeat","background-position":"center center","background-size":"auto","background-attachment":"scroll","background-type":"","background-media":"","overlay-type":"","overlay-color":"","overlay-opacity":"","overlay-gradient":""},"mobile":{"background-color":"var(--ast-global-color-5)","background-image":"","background-repeat":"repeat","background-position":"center center","background-size":"auto","background-attachment":"scroll","background-type":"","background-media":"","overlay-type":"","overlay-color":"","overlay-opacity":"","overlay-gradient":""}}},"product_brand":[],"product_cat":[126,119],"product_tag":[],"class_list":{"0":"post-4085","1":"product","2":"type-product","3":"status-publish","4":"has-post-thumbnail","6":"product_cat-visi","7":"product_cat-smeigtukai-pins","8":"desktop-align-center","9":"tablet-align-left","10":"mobile-align-left","12":"first","13":"instock","14":"purchasable","15":"product-type-simple"},"yoast_head":"<!-- This site is optimized with the Yoast SEO plugin v27.1.1 - https:\/\/yoast.com\/product\/yoast-seo-wordpress\/ -->\n<title>Minimalistin\u0117 panda \u2013 \u201eCute Panda Face\u201c Emalio Bro\u0161ka - kabinam.lt<\/title>\n<meta name=\"description\" content=\"Papuo\u0161kite savo kasdienyb\u0119! \u0160is pandos emalio segtukas yra kokybi\u0161kas, subtilus ir itin mielas aksesuaras, suteikiantis J\u016bs\u0173 stiliui \u017eaismingumo ir ramyb\u0117s.\" \/>\n<meta name=\"robots\" content=\"index, follow, max-snippet:-1, max-image-preview:large, max-video-preview:-1\" \/>\n<link rel=\"canonical\" href=\"https:\/\/kabinam.lt\/de\/produkt\/pandos-galvutes-segtukas-minimalistine-panda-pin\/\" \/>\n<meta property=\"og:locale\" content=\"de_DE\" \/>\n<meta property=\"og:type\" content=\"article\" \/>\n<meta property=\"og:title\" content=\"Minimalistin\u0117 panda \u2013 \u201eCute Panda Face\u201c Emalio Bro\u0161ka - kabinam.lt\" \/>\n<meta property=\"og:description\" content=\"Papuo\u0161kite savo kasdienyb\u0119! \u0160is pandos emalio segtukas yra kokybi\u0161kas, subtilus ir itin mielas aksesuaras, suteikiantis J\u016bs\u0173 stiliui \u017eaismingumo ir ramyb\u0117s.\" \/>\n<meta property=\"og:url\" content=\"https:\/\/kabinam.lt\/de\/produkt\/pandos-galvutes-segtukas-minimalistine-panda-pin\/\" \/>\n<meta property=\"og:site_name\" content=\"kabinam.lt\" \/>\n<meta property=\"article:modified_time\" content=\"2026-01-18T23:25:39+00:00\" \/>\n<meta property=\"og:image\" content=\"https:\/\/kabinam.lt\/wp-content\/uploads\/2025\/09\/1000077386.jpg\" \/>\n\t<meta property=\"og:image:width\" content=\"480\" \/>\n\t<meta property=\"og:image:height\" content=\"480\" \/>\n\t<meta property=\"og:image:type\" content=\"image\/jpeg\" \/>\n<meta name=\"twitter:card\" content=\"summary_large_image\" \/>\n<meta name=\"twitter:label1\" content=\"Gesch\u00e4tzte Lesezeit\" \/>\n\t<meta name=\"twitter:data1\" content=\"2\u00a0Minuten\" \/>\n<script type=\"application\/ld+json\" class=\"yoast-schema-graph\">{\"@context\":\"https:\/\/schema.org\",\"@graph\":[{\"@type\":[\"WebPage\",\"ItemPage\"],\"@id\":\"https:\/\/kabinam.lt\/eng\/product\/pandas-head-brooch-minimalist-panda-pin\/\",\"url\":\"https:\/\/kabinam.lt\/eng\/product\/pandas-head-brooch-minimalist-panda-pin\/\",\"name\":\"Minimalistin\u0117 panda \u2013 \u201eCute Panda Face\u201c Emalio Bro\u0161ka - kabinam.lt\",\"isPartOf\":{\"@id\":\"https:\/\/kabinam.lt\/#website\"},\"primaryImageOfPage\":{\"@id\":\"https:\/\/kabinam.lt\/eng\/product\/pandas-head-brooch-minimalist-panda-pin\/#primaryimage\"},\"image\":{\"@id\":\"https:\/\/kabinam.lt\/eng\/product\/pandas-head-brooch-minimalist-panda-pin\/#primaryimage\"},\"thumbnailUrl\":\"https:\/\/kabinam.lt\/wp-content\/uploads\/2025\/09\/1000077386.jpg\",\"datePublished\":\"2025-09-10T19:06:53+00:00\",\"dateModified\":\"2026-01-18T23:25:39+00:00\",\"description\":\"Papuo\u0161kite savo kasdienyb\u0119! \u0160is pandos emalio segtukas yra kokybi\u0161kas, subtilus ir itin mielas aksesuaras, suteikiantis J\u016bs\u0173 stiliui \u017eaismingumo ir ramyb\u0117s.\",\"breadcrumb\":{\"@id\":\"https:\/\/kabinam.lt\/eng\/product\/pandas-head-brooch-minimalist-panda-pin\/#breadcrumb\"},\"inLanguage\":\"de\",\"potentialAction\":[{\"@type\":\"ReadAction\",\"target\":[\"https:\/\/kabinam.lt\/eng\/product\/pandas-head-brooch-minimalist-panda-pin\/\"]}]},{\"@type\":\"ImageObject\",\"inLanguage\":\"de\",\"@id\":\"https:\/\/kabinam.lt\/eng\/product\/pandas-head-brooch-minimalist-panda-pin\/#primaryimage\",\"url\":\"https:\/\/kabinam.lt\/wp-content\/uploads\/2025\/09\/1000077386.jpg\",\"contentUrl\":\"https:\/\/kabinam.lt\/wp-content\/uploads\/2025\/09\/1000077386.jpg\",\"width\":480,\"height\":480,\"caption\":\"Mielos Pandos Galvut\u0117s Emalio Segtuko Dizainas\"},{\"@type\":\"BreadcrumbList\",\"@id\":\"https:\/\/kabinam.lt\/eng\/product\/pandas-head-brooch-minimalist-panda-pin\/#breadcrumb\",\"itemListElement\":[{\"@type\":\"ListItem\",\"position\":1,\"name\":\"Home\",\"item\":\"https:\/\/kabinam.lt\/\"},{\"@type\":\"ListItem\",\"position\":2,\"name\":\"Visi Produktai\",\"item\":\"https:\/\/kabinam.lt\/visi-produktai\/\"},{\"@type\":\"ListItem\",\"position\":3,\"name\":\"Minimalistin\u0117 panda \u2013 \u201eCute Panda Face\u201c Emalio Bro\u0161ka\"}]},{\"@type\":\"WebSite\",\"@id\":\"https:\/\/kabinam.lt\/#website\",\"url\":\"https:\/\/kabinam.lt\/\",\"name\":\"kabinam.lt\",\"description\":\"Kabinam.lt \u2013 raktu pakabukai ir aksesuarai\",\"publisher\":{\"@id\":\"https:\/\/kabinam.lt\/#organization\"},\"alternateName\":\"pakabukai lt\",\"potentialAction\":[{\"@type\":\"SearchAction\",\"target\":{\"@type\":\"EntryPoint\",\"urlTemplate\":\"https:\/\/kabinam.lt\/?s={search_term_string}\"},\"query-input\":{\"@type\":\"PropertyValueSpecification\",\"valueRequired\":true,\"valueName\":\"search_term_string\"}}],\"inLanguage\":\"de\"},{\"@type\":\"Organization\",\"@id\":\"https:\/\/kabinam.lt\/#organization\",\"name\":\"kabinam.lt\",\"alternateName\":\"kabinam\",\"url\":\"https:\/\/kabinam.lt\/\",\"logo\":{\"@type\":\"ImageObject\",\"inLanguage\":\"de\",\"@id\":\"https:\/\/kabinam.lt\/#\/schema\/logo\/image\/\",\"url\":\"https:\/\/kabinam.lt\/wp-content\/uploads\/2025\/05\/KABINAM_outer_glow.png\",\"contentUrl\":\"https:\/\/kabinam.lt\/wp-content\/uploads\/2025\/05\/KABINAM_outer_glow.png\",\"width\":474,\"height\":141,\"caption\":\"kabinam.lt\"},\"image\":{\"@id\":\"https:\/\/kabinam.lt\/#\/schema\/logo\/image\/\"}}]}<\/script>\n<!-- \/ Yoast SEO plugin. -->","yoast_head_json":{"title":"Minimalistin\u0117 panda \u2013 \u201eCute Panda Face\u201c Emalio Bro\u0161ka - kabinam.lt","description":"Papuo\u0161kite savo kasdienyb\u0119! \u0160is pandos emalio segtukas yra kokybi\u0161kas, subtilus ir itin mielas aksesuaras, suteikiantis J\u016bs\u0173 stiliui \u017eaismingumo ir ramyb\u0117s.","robots":{"index":"index","follow":"follow","max-snippet":"max-snippet:-1","max-image-preview":"max-image-preview:large","max-video-preview":"max-video-preview:-1"},"canonical":"https:\/\/kabinam.lt\/de\/produkt\/pandos-galvutes-segtukas-minimalistine-panda-pin\/","og_locale":"de_DE","og_type":"article","og_title":"Minimalistin\u0117 panda \u2013 \u201eCute Panda Face\u201c Emalio Bro\u0161ka - kabinam.lt","og_description":"Papuo\u0161kite savo kasdienyb\u0119! \u0160is pandos emalio segtukas yra kokybi\u0161kas, subtilus ir itin mielas aksesuaras, suteikiantis J\u016bs\u0173 stiliui \u017eaismingumo ir ramyb\u0117s.","og_url":"https:\/\/kabinam.lt\/de\/produkt\/pandos-galvutes-segtukas-minimalistine-panda-pin\/","og_site_name":"kabinam.lt","article_modified_time":"2026-01-18T23:25:39+00:00","og_image":[{"width":480,"height":480,"url":"https:\/\/kabinam.lt\/wp-content\/uploads\/2025\/09\/1000077386.jpg","type":"image\/jpeg"}],"twitter_card":"summary_large_image","twitter_misc":{"Gesch\u00e4tzte Lesezeit":"2\u00a0Minuten"},"schema":{"@context":"https:\/\/schema.org","@graph":[{"@type":["WebPage","ItemPage"],"@id":"https:\/\/kabinam.lt\/eng\/product\/pandas-head-brooch-minimalist-panda-pin\/","url":"https:\/\/kabinam.lt\/eng\/product\/pandas-head-brooch-minimalist-panda-pin\/","name":"Minimalistin\u0117 panda \u2013 \u201eCute Panda Face\u201c Emalio Bro\u0161ka - kabinam.lt","isPartOf":{"@id":"https:\/\/kabinam.lt\/#website"},"primaryImageOfPage":{"@id":"https:\/\/kabinam.lt\/eng\/product\/pandas-head-brooch-minimalist-panda-pin\/#primaryimage"},"image":{"@id":"https:\/\/kabinam.lt\/eng\/product\/pandas-head-brooch-minimalist-panda-pin\/#primaryimage"},"thumbnailUrl":"https:\/\/kabinam.lt\/wp-content\/uploads\/2025\/09\/1000077386.jpg","datePublished":"2025-09-10T19:06:53+00:00","dateModified":"2026-01-18T23:25:39+00:00","description":"Papuo\u0161kite savo kasdienyb\u0119! \u0160is pandos emalio segtukas yra kokybi\u0161kas, subtilus ir itin mielas aksesuaras, suteikiantis J\u016bs\u0173 stiliui \u017eaismingumo ir ramyb\u0117s.","breadcrumb":{"@id":"https:\/\/kabinam.lt\/eng\/product\/pandas-head-brooch-minimalist-panda-pin\/#breadcrumb"},"inLanguage":"de","potentialAction":[{"@type":"ReadAction","target":["https:\/\/kabinam.lt\/eng\/product\/pandas-head-brooch-minimalist-panda-pin\/"]}]},{"@type":"ImageObject","inLanguage":"de","@id":"https:\/\/kabinam.lt\/eng\/product\/pandas-head-brooch-minimalist-panda-pin\/#primaryimage","url":"https:\/\/kabinam.lt\/wp-content\/uploads\/2025\/09\/1000077386.jpg","contentUrl":"https:\/\/kabinam.lt\/wp-content\/uploads\/2025\/09\/1000077386.jpg","width":480,"height":480,"caption":"Mielos Pandos Galvut\u0117s Emalio Segtuko Dizainas"},{"@type":"BreadcrumbList","@id":"https:\/\/kabinam.lt\/eng\/product\/pandas-head-brooch-minimalist-panda-pin\/#breadcrumb","itemListElement":[{"@type":"ListItem","position":1,"name":"Home","item":"https:\/\/kabinam.lt\/"},{"@type":"ListItem","position":2,"name":"Visi Produktai","item":"https:\/\/kabinam.lt\/visi-produktai\/"},{"@type":"ListItem","position":3,"name":"Minimalistin\u0117 panda \u2013 \u201eCute Panda Face\u201c Emalio Bro\u0161ka"}]},{"@type":"WebSite","@id":"https:\/\/kabinam.lt\/#website","url":"https:\/\/kabinam.lt\/","name":"kabinam.lt","description":"Kabinam.lt - Schl\u00fcsselanh\u00e4nger und Zubeh\u00f6r","publisher":{"@id":"https:\/\/kabinam.lt\/#organization"},"alternateName":"pakabukai lt","potentialAction":[{"@type":"SearchAction","target":{"@type":"EntryPoint","urlTemplate":"https:\/\/kabinam.lt\/?s={search_term_string}"},"query-input":{"@type":"PropertyValueSpecification","valueRequired":true,"valueName":"search_term_string"}}],"inLanguage":"de"},{"@type":"Organization","@id":"https:\/\/kabinam.lt\/#organization","name":"kabinam.lt","alternateName":"kabinam","url":"https:\/\/kabinam.lt\/","logo":{"@type":"ImageObject","inLanguage":"de","@id":"https:\/\/kabinam.lt\/#\/schema\/logo\/image\/","url":"https:\/\/kabinam.lt\/wp-content\/uploads\/2025\/05\/KABINAM_outer_glow.png","contentUrl":"https:\/\/kabinam.lt\/wp-content\/uploads\/2025\/05\/KABINAM_outer_glow.png","width":474,"height":141,"caption":"kabinam.lt"},"image":{"@id":"https:\/\/kabinam.lt\/#\/schema\/logo\/image\/"}}]}},"uagb_featured_image_src":{"full":["https:\/\/kabinam.lt\/wp-content\/uploads\/2025\/09\/1000077386.jpg",480,480,false],"thumbnail":["https:\/\/kabinam.lt\/wp-content\/uploads\/2025\/09\/1000077386-150x150.jpg",150,150,true],"medium":["https:\/\/kabinam.lt\/wp-content\/uploads\/2025\/09\/1000077386-300x300.jpg",300,300,true],"medium_large":["https:\/\/kabinam.lt\/wp-content\/uploads\/2025\/09\/1000077386.jpg",480,480,false],"large":["https:\/\/kabinam.lt\/wp-content\/uploads\/2025\/09\/1000077386.jpg",480,480,false],"1536x1536":["https:\/\/kabinam.lt\/wp-content\/uploads\/2025\/09\/1000077386.jpg",480,480,false],"2048x2048":["https:\/\/kabinam.lt\/wp-content\/uploads\/2025\/09\/1000077386.jpg",480,480,false],"trp-custom-language-flag":["https:\/\/kabinam.lt\/wp-content\/uploads\/2025\/09\/1000077386.jpg",12,12,false],"woocommerce_thumbnail":["https:\/\/kabinam.lt\/wp-content\/uploads\/2025\/09\/1000077386-300x300.jpg",300,300,true],"woocommerce_single":["https:\/\/kabinam.lt\/wp-content\/uploads\/2025\/09\/1000077386.jpg",480,480,false],"woocommerce_gallery_thumbnail":["https:\/\/kabinam.lt\/wp-content\/uploads\/2025\/09\/1000077386-100x100.jpg",100,100,true]},"uagb_author_info":{"display_name":"kabinam.lt","author_link":"https:\/\/kabinam.lt\/de\/author\/"},"uagb_comment_info":0,"uagb_excerpt":"Mielas ir minimalistinis emalio pin'as. Balta pandos galvut\u0117 su juodomis ausyt\u0117mis ir d\u0117m\u0117mis aplink akis \u2013 subtilus aksesuaras gamtos ir gyv\u016bn\u0173 myl\u0117tojams.","_links":{"self":[{"href":"https:\/\/kabinam.lt\/de\/wp-json\/wp\/v2\/product\/4085","targetHints":{"allow":["GET"]}}],"collection":[{"href":"https:\/\/kabinam.lt\/de\/wp-json\/wp\/v2\/product"}],"about":[{"href":"https:\/\/kabinam.lt\/de\/wp-json\/wp\/v2\/types\/product"}],"replies":[{"embeddable":true,"href":"https:\/\/kabinam.lt\/de\/wp-json\/wp\/v2\/comments?post=4085"}],"wp:featuredmedia":[{"embeddable":true,"href":"https:\/\/kabinam.lt\/de\/wp-json\/wp\/v2\/media\/4083"}],"wp:attachment":[{"href":"https:\/\/kabinam.lt\/de\/wp-json\/wp\/v2\/media?parent=4085"}],"wp:term":[{"taxonomy":"product_brand","embeddable":true,"href":"https:\/\/kabinam.lt\/de\/wp-json\/wp\/v2\/product_brand?post=4085"},{"taxonomy":"product_cat","embeddable":true,"href":"https:\/\/kabinam.lt\/de\/wp-json\/wp\/v2\/product_cat?post=4085"},{"taxonomy":"product_tag","embeddable":true,"href":"https:\/\/kabinam.lt\/de\/wp-json\/wp\/v2\/product_tag?post=4085"}],"curies":[{"name":"wp","href":"https:\/\/api.w.org\/{rel}","templated":true}]}}