{"id":4061,"date":"2025-09-08T06:25:53","date_gmt":"2025-09-08T04:25:53","guid":{"rendered":"https:\/\/kabinam.lt\/product\/sege-kiausinis\/"},"modified":"2026-01-19T01:59:43","modified_gmt":"2026-01-18T23:59:43","slug":"kiausenspitzenhalter-sunny-side-up-food-pin","status":"publish","type":"product","link":"https:\/\/kabinam.lt\/de\/product\/kiausinienes-segtukas-sunny-side-up-food-pin\/","title":{"rendered":"Essen Seg\u0117 | Klassisches Spiegelei \u2013 \u201eSunny Side Up\u201c"},"content":{"rendered":"<div class=\"kk-star-ratings kksr-auto kksr-align-left kksr-valign-top\"\n    data-payload='{&quot;align&quot;:&quot;left&quot;,&quot;id&quot;:&quot;4061&quot;,&quot;slug&quot;:&quot;default&quot;,&quot;valign&quot;:&quot;top&quot;,&quot;ignore&quot;:&quot;&quot;,&quot;reference&quot;:&quot;auto&quot;,&quot;class&quot;:&quot;&quot;,&quot;count&quot;:&quot;0&quot;,&quot;legendonly&quot;:&quot;&quot;,&quot;readonly&quot;:&quot;&quot;,&quot;score&quot;:&quot;0&quot;,&quot;starsonly&quot;:&quot;&quot;,&quot;best&quot;:&quot;5&quot;,&quot;gap&quot;:&quot;5&quot;,&quot;greet&quot;:&quot;Mums svarbus j\u016bs\u0173 \u012fvertinimas&quot;,&quot;legend&quot;:&quot;0\\\/5 - (0 votes)&quot;,&quot;size&quot;:&quot;24&quot;,&quot;title&quot;:&quot;Maisto Seg\u0117 | Klasikin\u0117 kiau\u0161inien\u0117 \u2013 \u201eSunny Side Up\u201c&quot;,&quot;width&quot;:&quot;0&quot;,&quot;_legend&quot;:&quot;{score}\\\/{best} - ({count} {votes})&quot;,&quot;font_factor&quot;:&quot;1.25&quot;}'>\n            \n<div class=\"kksr-stars\">\n    \n<div class=\"kksr-stars-inactive\">\n            <div class=\"kksr-star\" data-star=\"1\" style=\"padding-right: 5px\">\n            \n\n<div class=\"kksr-icon\" style=\"width: 24px; height: 24px;\"><\/div>\n        <\/div>\n            <div class=\"kksr-star\" data-star=\"2\" style=\"padding-right: 5px\">\n            \n\n<div class=\"kksr-icon\" style=\"width: 24px; height: 24px;\"><\/div>\n        <\/div>\n            <div class=\"kksr-star\" data-star=\"3\" style=\"padding-right: 5px\">\n            \n\n<div class=\"kksr-icon\" style=\"width: 24px; height: 24px;\"><\/div>\n        <\/div>\n            <div class=\"kksr-star\" data-star=\"4\" style=\"padding-right: 5px\">\n            \n\n<div class=\"kksr-icon\" style=\"width: 24px; height: 24px;\"><\/div>\n        <\/div>\n            <div class=\"kksr-star\" data-star=\"5\" style=\"padding-right: 5px\">\n            \n\n<div class=\"kksr-icon\" style=\"width: 24px; height: 24px;\"><\/div>\n        <\/div>\n    <\/div>\n    \n<div class=\"kksr-stars-active\" style=\"width: 0px;\">\n            <div class=\"kksr-star\" style=\"padding-right: 5px\">\n            \n\n<div class=\"kksr-icon\" style=\"width: 24px; height: 24px;\"><\/div>\n        <\/div>\n            <div class=\"kksr-star\" style=\"padding-right: 5px\">\n            \n\n<div class=\"kksr-icon\" style=\"width: 24px; height: 24px;\"><\/div>\n        <\/div>\n            <div class=\"kksr-star\" style=\"padding-right: 5px\">\n            \n\n<div class=\"kksr-icon\" style=\"width: 24px; height: 24px;\"><\/div>\n        <\/div>\n            <div class=\"kksr-star\" style=\"padding-right: 5px\">\n            \n\n<div class=\"kksr-icon\" style=\"width: 24px; height: 24px;\"><\/div>\n        <\/div>\n            <div class=\"kksr-star\" style=\"padding-right: 5px\">\n            \n\n<div class=\"kksr-icon\" style=\"width: 24px; height: 24px;\"><\/div>\n        <\/div>\n    <\/div>\n<\/div>\n                \n\n<div class=\"kksr-legend\" style=\"font-size: 19.2px;\">\n            <span class=\"kksr-muted\">Ihre Bewertung ist f\u00fcr uns wichtig<\/span>\n    <\/div>\n    <\/div>\n<h1 data-path-to-node=\"13\">Fr\u00fchst\u00fccksenergie: R\u00fchrei \u2013 Ihr stilvoller Start in den Tag<\/h1>\n<p data-path-to-node=\"14\">Diese <b data-path-to-node=\"14\" data-index-in-node=\"3\">Eierbecher aus Emaille<\/b> \u2013 ein kleines, aber \u00e4u\u00dferst auff\u00e4lliges Accessoire f\u00fcr Ihre Garderobe! Es ist ideal <b data-path-to-node=\"14\" data-index-in-node=\"109\">Zubeh\u00f6r<\/b> F\u00fcr alle, die Fr\u00fchst\u00fccksrituale lieben und gerne <i data-path-to-node=\"14\" data-index-in-node=\"169\">niedlich<\/i> Stil oder einfach nur auf der Suche nach einer originellen M\u00f6glichkeit, ihre Alltagsgarderobe aufzupeppen. Leuchtende Farben und schlichte Formen heben nicht nur Ihre Stimmung, sondern auch die Ihrer Mitmenschen. Das ist nicht nur <b data-path-to-node=\"14\" data-index-in-node=\"360\">Emaille-Brosche<\/b> \u2013 ein Symbol f\u00fcr Ihre Liebe zu gutem Essen und guter Laune.<\/p>\n<h2 data-path-to-node=\"15\">Leckeres Design und hervorragende Qualit\u00e4t<\/h2>\n<p data-path-to-node=\"16\">Siehe <b data-path-to-node=\"16\" data-index-in-node=\"4\">Emaillestift<\/b> Das Besondere daran ist sein \u201ek\u00f6stlicher\u201c Minimalismus. Der wei\u00dfe Emaille-Hintergrund und das satte Gelb bilden einen tollen Kontrast, der durch die goldfarbene Metallverzierung noch verst\u00e4rkt wird. Dieser <b data-path-to-node=\"16\" data-index-in-node=\"194\">Eierkuchen<\/b> Es sieht besonders stilvoll auf Sch\u00fcrzen, Stofftaschen oder Hemdkragen aus. Dank seiner geringen Gr\u00f6\u00dfe l\u00e4sst es sich leicht mit anderen Ansteckern aus der \u201eFood\u201c-Kollektion kombinieren.<\/p>\n<ul data-path-to-node=\"17\">\n<li>\n<p data-path-to-node=\"17,0,0\"><b data-path-to-node=\"17,0,0\" data-index-in-node=\"0\">Stil:<\/b> Perfekt f\u00fcr <i data-path-to-node=\"17,0,0\" data-index-in-node=\"23\">kawaii \u00c4sthetik<\/i>, <i data-path-to-node=\"17,0,0\" data-index-in-node=\"41\">Feinschmecker Mode<\/i>, <i data-path-to-node=\"17,0,0\" data-index-in-node=\"57\">Pop-Art-Stil<\/i> und <b data-path-to-node=\"17,0,0\" data-index-in-node=\"74\">spielerisch<\/b> f\u00fcr den t\u00e4glichen Gebrauch.<\/p>\n<\/li>\n<li>\n<p data-path-to-node=\"17,1,0\"><b data-path-to-node=\"17,1,0\" data-index-in-node=\"0\">Qualit\u00e4t:<\/b> Unser <b data-path-to-node=\"17,1,0\" data-index-in-node=\"13\">Emaille-Broschen<\/b> Sie werden mit einer pr\u00e4zisen Emaille-Gie\u00dftechnik hergestellt, die eine gleichm\u00e4\u00dfige Farbverteilung und Widerstandsf\u00e4higkeit gegen Umwelteinfl\u00fcsse gew\u00e4hrleistet. Der goldfarbene Metalluntergrund garantiert, dass diese <b data-path-to-node=\"17,1,0\" data-index-in-node=\"218\">Hochwertiger Stift<\/b> fest halten und lange mit ihrem Glanz erfreuen. Weitere sch\u00f6ne Motive finden Sie unter <a class=\"ng-star-inserted\" href=\"https:\/\/www.pinnpatch.lt\" target=\"_blank\" rel=\"noopener\" data-hveid=\"0\" data-ved=\"0CAAQ_4QMahgKEwi5pqKb08yRAxUAAAAAHQAAAAAQlBg\">pinnpatch.lt<\/a>.<\/p>\n<\/li>\n<\/ul>\n<h2 data-path-to-node=\"18\">Geschenk mit einem L\u00e4cheln<\/h2>\n<p data-path-to-node=\"19\"><b data-path-to-node=\"19\" data-index-in-node=\"0\">Eierbecher aus Emaille<\/b> ist erstaunlich <b data-path-to-node=\"19\" data-index-in-node=\"42\">Geschenkidee<\/b> K\u00f6che, Late Breakfast (<i data-path-to-node=\"19\" data-index-in-node=\"87\">brunch<\/i>) f\u00fcr Liebhaber oder den besten Freund, mit dem Sie Fotos von Speisen teilen. Es ist eine Kleinigkeit, die immer Komplimente einbringt. Dieses Schmuckst\u00fcck passt perfekt zu:<\/p>\n<ul data-path-to-node=\"20\">\n<li>\n<p data-path-to-node=\"20,0,0\"><b data-path-to-node=\"20,0,0\" data-index-in-node=\"0\">K\u00fcchenchef-Sch\u00fcrze:<\/b> Verleiht professioneller Kleidung eine pers\u00f6nliche Note.<\/p>\n<\/li>\n<li>\n<p data-path-to-node=\"20,1,0\"><b data-path-to-node=\"20,1,0\" data-index-in-node=\"0\">Kollektion von Stoffbeuteln:<\/b> Verwandelt einen einfachen Korb in ein stilvolles Accessoire.<\/p>\n<\/li>\n<\/ul>\n<p data-path-to-node=\"21\">Siehe unser vollst\u00e4ndiges <a class=\"ng-star-inserted\" href=\"https:\/\/kabinam.lt\/de\/produktkategorie-2\/anstecknadeln-pins\/\" target=\"_blank\" rel=\"noopener\" data-hveid=\"0\" data-ved=\"0CAAQ_4QMahgKEwi5pqKb08yRAxUAAAAAHQAAAAAQlRg\">Sammlung von Emaille-Ansteckern mit Motiven aus dem Bereich Lebensmittel und Getr\u00e4nke<\/a> und erstellen Sie Ihr eigenes \u201eStil-Men\u00fc\u201c.<\/p>\n<p data-path-to-node=\"22\"><b data-path-to-node=\"22\" data-index-in-node=\"0\">Verleihen Sie Ihrem Stil einen Hauch von \u201eTrynio\u201c!<\/b> Buchen Sie dies <b data-path-to-node=\"22\" data-index-in-node=\"49\">Eierbecher<\/b> jetzt.<\/p>","protected":false},"excerpt":{"rendered":"<p><b data-path-to-node=\"4,3,1,0\" data-index-in-node=\"0\">S\u00fc\u00df<\/b> und <b data-path-to-node=\"4,3,1,0\" data-index-in-node=\"10\">verspielt<\/b> emalio-Nadel. Wei\u00df <b data-path-to-node=\"4,3,1,0\" data-index-in-node=\"42\">Omelett<\/b> mit leuchtend gelbem Streifen \u2013 stilvoll <b data-path-to-node=\"4,3,1,0\" data-index-in-node=\"91\">Zubeh\u00f6r<\/b> F\u00fcr Fr\u00fchst\u00fccksfans und alle, die einen positiven Start in den Tag suchen.<\/p>","protected":false},"featured_media":4059,"comment_status":"open","ping_status":"closed","template":"","meta":{"_uag_custom_page_level_css":"","site-sidebar-layout":"default","site-content-layout":"","ast-site-content-layout":"default","site-content-style":"default","site-sidebar-style":"default","ast-global-header-display":"","ast-banner-title-visibility":"","ast-main-header-display":"","ast-hfb-above-header-display":"","ast-hfb-below-header-display":"","ast-hfb-mobile-header-display":"","site-post-title":"","ast-breadcrumbs-content":"","ast-featured-img":"","footer-sml-layout":"","ast-disable-related-posts":"","theme-transparent-header-meta":"default","adv-header-id-meta":"","stick-header-meta":"","header-above-stick-meta":"","header-main-stick-meta":"","header-below-stick-meta":"","astra-migrate-meta-layouts":"set","ast-page-background-enabled":"default","ast-page-background-meta":{"desktop":{"background-color":"var(--ast-global-color-4)","background-image":"","background-repeat":"repeat","background-position":"center center","background-size":"auto","background-attachment":"scroll","background-type":"","background-media":"","overlay-type":"","overlay-color":"","overlay-opacity":"","overlay-gradient":""},"tablet":{"background-color":"","background-image":"","background-repeat":"repeat","background-position":"center center","background-size":"auto","background-attachment":"scroll","background-type":"","background-media":"","overlay-type":"","overlay-color":"","overlay-opacity":"","overlay-gradient":""},"mobile":{"background-color":"","background-image":"","background-repeat":"repeat","background-position":"center center","background-size":"auto","background-attachment":"scroll","background-type":"","background-media":"","overlay-type":"","overlay-color":"","overlay-opacity":"","overlay-gradient":""}},"ast-content-background-meta":{"desktop":{"background-color":"var(--ast-global-color-5)","background-image":"","background-repeat":"repeat","background-position":"center center","background-size":"auto","background-attachment":"scroll","background-type":"","background-media":"","overlay-type":"","overlay-color":"","overlay-opacity":"","overlay-gradient":""},"tablet":{"background-color":"var(--ast-global-color-5)","background-image":"","background-repeat":"repeat","background-position":"center center","background-size":"auto","background-attachment":"scroll","background-type":"","background-media":"","overlay-type":"","overlay-color":"","overlay-opacity":"","overlay-gradient":""},"mobile":{"background-color":"var(--ast-global-color-5)","background-image":"","background-repeat":"repeat","background-position":"center center","background-size":"auto","background-attachment":"scroll","background-type":"","background-media":"","overlay-type":"","overlay-color":"","overlay-opacity":"","overlay-gradient":""}}},"product_brand":[],"product_cat":[126,119],"product_tag":[],"class_list":{"0":"post-4061","1":"product","2":"type-product","3":"status-publish","4":"has-post-thumbnail","6":"product_cat-visi","7":"product_cat-smeigtukai-pins","8":"desktop-align-center","9":"tablet-align-left","10":"mobile-align-left","12":"first","13":"instock","14":"purchasable","15":"product-type-simple"},"yoast_head":"<!-- This site is optimized with the Yoast SEO plugin v27.1.1 - https:\/\/yoast.com\/product\/yoast-seo-wordpress\/ -->\n<title>Maisto Seg\u0117 | Klasikin\u0117 kiau\u0161inien\u0117 \u2013 \u201eSunny Side Up\u201c - kabinam.lt<\/title>\n<meta name=\"description\" content=\"Prad\u0117kite dien\u0105 stilingai! \u0160is kiau\u0161inien\u0117s emalio segtukas yra kokybi\u0161kas, minimalistinis ir itin mielas aksesuaras, suteikiantis J\u016bs\u0173 aprangai \u017eaismingos energijos.\" \/>\n<meta name=\"robots\" content=\"index, follow, max-snippet:-1, max-image-preview:large, max-video-preview:-1\" \/>\n<link rel=\"canonical\" href=\"https:\/\/kabinam.lt\/de\/produkt\/kiausenspitzenhalter-sunny-side-up-food-pin\/\" \/>\n<meta property=\"og:locale\" content=\"de_DE\" \/>\n<meta property=\"og:type\" content=\"article\" \/>\n<meta property=\"og:title\" content=\"Maisto Seg\u0117 | Klasikin\u0117 kiau\u0161inien\u0117 \u2013 \u201eSunny Side Up\u201c - kabinam.lt\" \/>\n<meta property=\"og:description\" content=\"Prad\u0117kite dien\u0105 stilingai! \u0160is kiau\u0161inien\u0117s emalio segtukas yra kokybi\u0161kas, minimalistinis ir itin mielas aksesuaras, suteikiantis J\u016bs\u0173 aprangai \u017eaismingos energijos.\" \/>\n<meta property=\"og:url\" content=\"https:\/\/kabinam.lt\/de\/produkt\/kiausenspitzenhalter-sunny-side-up-food-pin\/\" \/>\n<meta property=\"og:site_name\" content=\"kabinam.lt\" \/>\n<meta property=\"article:modified_time\" content=\"2026-01-18T23:59:43+00:00\" \/>\n<meta property=\"og:image\" content=\"https:\/\/kabinam.lt\/wp-content\/uploads\/2025\/09\/1000077263.jpg\" \/>\n\t<meta property=\"og:image:width\" content=\"600\" \/>\n\t<meta property=\"og:image:height\" content=\"600\" \/>\n\t<meta property=\"og:image:type\" content=\"image\/jpeg\" \/>\n<meta name=\"twitter:card\" content=\"summary_large_image\" \/>\n<meta name=\"twitter:label1\" content=\"Gesch\u00e4tzte Lesezeit\" \/>\n\t<meta name=\"twitter:data1\" content=\"2\u00a0Minuten\" \/>\n<script type=\"application\/ld+json\" class=\"yoast-schema-graph\">{\"@context\":\"https:\/\/schema.org\",\"@graph\":[{\"@type\":[\"WebPage\",\"ItemPage\"],\"@id\":\"https:\/\/kabinam.lt\/eng\/product\/kiausinienes-pin-sunny-side-up-food-pin\/\",\"url\":\"https:\/\/kabinam.lt\/eng\/product\/kiausinienes-pin-sunny-side-up-food-pin\/\",\"name\":\"Maisto Seg\u0117 | Klasikin\u0117 kiau\u0161inien\u0117 \u2013 \u201eSunny Side Up\u201c - kabinam.lt\",\"isPartOf\":{\"@id\":\"https:\/\/kabinam.lt\/#website\"},\"primaryImageOfPage\":{\"@id\":\"https:\/\/kabinam.lt\/eng\/product\/kiausinienes-pin-sunny-side-up-food-pin\/#primaryimage\"},\"image\":{\"@id\":\"https:\/\/kabinam.lt\/eng\/product\/kiausinienes-pin-sunny-side-up-food-pin\/#primaryimage\"},\"thumbnailUrl\":\"https:\/\/kabinam.lt\/wp-content\/uploads\/2025\/09\/1000077263.jpg\",\"datePublished\":\"2025-09-08T04:25:53+00:00\",\"dateModified\":\"2026-01-18T23:59:43+00:00\",\"description\":\"Prad\u0117kite dien\u0105 stilingai! \u0160is kiau\u0161inien\u0117s emalio segtukas yra kokybi\u0161kas, minimalistinis ir itin mielas aksesuaras, suteikiantis J\u016bs\u0173 aprangai \u017eaismingos energijos.\",\"breadcrumb\":{\"@id\":\"https:\/\/kabinam.lt\/eng\/product\/kiausinienes-pin-sunny-side-up-food-pin\/#breadcrumb\"},\"inLanguage\":\"de\",\"potentialAction\":[{\"@type\":\"ReadAction\",\"target\":[\"https:\/\/kabinam.lt\/eng\/product\/kiausinienes-pin-sunny-side-up-food-pin\/\"]}]},{\"@type\":\"ImageObject\",\"inLanguage\":\"de\",\"@id\":\"https:\/\/kabinam.lt\/eng\/product\/kiausinienes-pin-sunny-side-up-food-pin\/#primaryimage\",\"url\":\"https:\/\/kabinam.lt\/wp-content\/uploads\/2025\/09\/1000077263.jpg\",\"contentUrl\":\"https:\/\/kabinam.lt\/wp-content\/uploads\/2025\/09\/1000077263.jpg\",\"width\":600,\"height\":600,\"caption\":\"Minimalistinio Kiau\u0161inien\u0117s Emalio Segtuko Dizainas\"},{\"@type\":\"BreadcrumbList\",\"@id\":\"https:\/\/kabinam.lt\/eng\/product\/kiausinienes-pin-sunny-side-up-food-pin\/#breadcrumb\",\"itemListElement\":[{\"@type\":\"ListItem\",\"position\":1,\"name\":\"Home\",\"item\":\"https:\/\/kabinam.lt\/\"},{\"@type\":\"ListItem\",\"position\":2,\"name\":\"Visi Produktai\",\"item\":\"https:\/\/kabinam.lt\/visi-produktai\/\"},{\"@type\":\"ListItem\",\"position\":3,\"name\":\"Maisto Seg\u0117 | Klasikin\u0117 kiau\u0161inien\u0117 \u2013 \u201eSunny Side Up\u201c\"}]},{\"@type\":\"WebSite\",\"@id\":\"https:\/\/kabinam.lt\/#website\",\"url\":\"https:\/\/kabinam.lt\/\",\"name\":\"kabinam.lt\",\"description\":\"Kabinam.lt \u2013 raktu pakabukai ir aksesuarai\",\"publisher\":{\"@id\":\"https:\/\/kabinam.lt\/#organization\"},\"alternateName\":\"pakabukai lt\",\"potentialAction\":[{\"@type\":\"SearchAction\",\"target\":{\"@type\":\"EntryPoint\",\"urlTemplate\":\"https:\/\/kabinam.lt\/?s={search_term_string}\"},\"query-input\":{\"@type\":\"PropertyValueSpecification\",\"valueRequired\":true,\"valueName\":\"search_term_string\"}}],\"inLanguage\":\"de\"},{\"@type\":\"Organization\",\"@id\":\"https:\/\/kabinam.lt\/#organization\",\"name\":\"kabinam.lt\",\"alternateName\":\"kabinam\",\"url\":\"https:\/\/kabinam.lt\/\",\"logo\":{\"@type\":\"ImageObject\",\"inLanguage\":\"de\",\"@id\":\"https:\/\/kabinam.lt\/#\/schema\/logo\/image\/\",\"url\":\"https:\/\/kabinam.lt\/wp-content\/uploads\/2025\/05\/KABINAM_outer_glow.png\",\"contentUrl\":\"https:\/\/kabinam.lt\/wp-content\/uploads\/2025\/05\/KABINAM_outer_glow.png\",\"width\":474,\"height\":141,\"caption\":\"kabinam.lt\"},\"image\":{\"@id\":\"https:\/\/kabinam.lt\/#\/schema\/logo\/image\/\"}}]}<\/script>\n<!-- \/ Yoast SEO plugin. -->","yoast_head_json":{"title":"Essen Seg\u0117 | Klassisches Spiegelei \u2013 \u201eSunny Side Up\u201c - kabinam.lt","description":"Beginnen Sie den Tag stilvoll! Diese Emaille-Brosche in Form eines Spiegeleis ist ein hochwertiges, minimalistisches und besonders niedliches Accessoire, das Ihrem Outfit eine verspielte Energie verleiht.","robots":{"index":"index","follow":"follow","max-snippet":"max-snippet:-1","max-image-preview":"max-image-preview:large","max-video-preview":"max-video-preview:-1"},"canonical":"https:\/\/kabinam.lt\/de\/produkt\/kiausenspitzenhalter-sunny-side-up-food-pin\/","og_locale":"de_DE","og_type":"article","og_title":"Maisto Seg\u0117 | Klasikin\u0117 kiau\u0161inien\u0117 \u2013 \u201eSunny Side Up\u201c - kabinam.lt","og_description":"Prad\u0117kite dien\u0105 stilingai! \u0160is kiau\u0161inien\u0117s emalio segtukas yra kokybi\u0161kas, minimalistinis ir itin mielas aksesuaras, suteikiantis J\u016bs\u0173 aprangai \u017eaismingos energijos.","og_url":"https:\/\/kabinam.lt\/de\/produkt\/kiausenspitzenhalter-sunny-side-up-food-pin\/","og_site_name":"kabinam.lt","article_modified_time":"2026-01-18T23:59:43+00:00","og_image":[{"width":600,"height":600,"url":"https:\/\/kabinam.lt\/wp-content\/uploads\/2025\/09\/1000077263.jpg","type":"image\/jpeg"}],"twitter_card":"summary_large_image","twitter_misc":{"Gesch\u00e4tzte Lesezeit":"2\u00a0Minuten"},"schema":{"@context":"https:\/\/schema.org","@graph":[{"@type":["WebPage","ItemPage"],"@id":"https:\/\/kabinam.lt\/eng\/product\/kiausinienes-pin-sunny-side-up-food-pin\/","url":"https:\/\/kabinam.lt\/eng\/product\/kiausinienes-pin-sunny-side-up-food-pin\/","name":"Essen Seg\u0117 | Klassisches Spiegelei \u2013 \u201eSunny Side Up\u201c - kabinam.lt","isPartOf":{"@id":"https:\/\/kabinam.lt\/#website"},"primaryImageOfPage":{"@id":"https:\/\/kabinam.lt\/eng\/product\/kiausinienes-pin-sunny-side-up-food-pin\/#primaryimage"},"image":{"@id":"https:\/\/kabinam.lt\/eng\/product\/kiausinienes-pin-sunny-side-up-food-pin\/#primaryimage"},"thumbnailUrl":"https:\/\/kabinam.lt\/wp-content\/uploads\/2025\/09\/1000077263.jpg","datePublished":"2025-09-08T04:25:53+00:00","dateModified":"2026-01-18T23:59:43+00:00","description":"Beginnen Sie den Tag stilvoll! Diese Emaille-Brosche in Form eines Spiegeleis ist ein hochwertiges, minimalistisches und besonders niedliches Accessoire, das Ihrem Outfit eine verspielte Energie verleiht.","breadcrumb":{"@id":"https:\/\/kabinam.lt\/eng\/product\/kiausinienes-pin-sunny-side-up-food-pin\/#breadcrumb"},"inLanguage":"de","potentialAction":[{"@type":"ReadAction","target":["https:\/\/kabinam.lt\/eng\/product\/kiausinienes-pin-sunny-side-up-food-pin\/"]}]},{"@type":"ImageObject","inLanguage":"de","@id":"https:\/\/kabinam.lt\/eng\/product\/kiausinienes-pin-sunny-side-up-food-pin\/#primaryimage","url":"https:\/\/kabinam.lt\/wp-content\/uploads\/2025\/09\/1000077263.jpg","contentUrl":"https:\/\/kabinam.lt\/wp-content\/uploads\/2025\/09\/1000077263.jpg","width":600,"height":600,"caption":"Minimalistinio Kiau\u0161inien\u0117s Emalio Segtuko Dizainas"},{"@type":"BreadcrumbList","@id":"https:\/\/kabinam.lt\/eng\/product\/kiausinienes-pin-sunny-side-up-food-pin\/#breadcrumb","itemListElement":[{"@type":"ListItem","position":1,"name":"Home","item":"https:\/\/kabinam.lt\/"},{"@type":"ListItem","position":2,"name":"Visi Produktai","item":"https:\/\/kabinam.lt\/visi-produktai\/"},{"@type":"ListItem","position":3,"name":"Maisto Seg\u0117 | Klasikin\u0117 kiau\u0161inien\u0117 \u2013 \u201eSunny Side Up\u201c"}]},{"@type":"WebSite","@id":"https:\/\/kabinam.lt\/#website","url":"https:\/\/kabinam.lt\/","name":"kabinam.lt","description":"Kabinam.lt - Schl\u00fcsselanh\u00e4nger und Zubeh\u00f6r","publisher":{"@id":"https:\/\/kabinam.lt\/#organization"},"alternateName":"pakabukai lt","potentialAction":[{"@type":"SearchAction","target":{"@type":"EntryPoint","urlTemplate":"https:\/\/kabinam.lt\/?s={search_term_string}"},"query-input":{"@type":"PropertyValueSpecification","valueRequired":true,"valueName":"search_term_string"}}],"inLanguage":"de"},{"@type":"Organization","@id":"https:\/\/kabinam.lt\/#organization","name":"kabinam.lt","alternateName":"kabinam","url":"https:\/\/kabinam.lt\/","logo":{"@type":"ImageObject","inLanguage":"de","@id":"https:\/\/kabinam.lt\/#\/schema\/logo\/image\/","url":"https:\/\/kabinam.lt\/wp-content\/uploads\/2025\/05\/KABINAM_outer_glow.png","contentUrl":"https:\/\/kabinam.lt\/wp-content\/uploads\/2025\/05\/KABINAM_outer_glow.png","width":474,"height":141,"caption":"kabinam.lt"},"image":{"@id":"https:\/\/kabinam.lt\/#\/schema\/logo\/image\/"}}]}},"uagb_featured_image_src":{"full":["https:\/\/kabinam.lt\/wp-content\/uploads\/2025\/09\/1000077263.jpg",600,600,false],"thumbnail":["https:\/\/kabinam.lt\/wp-content\/uploads\/2025\/09\/1000077263-150x150.jpg",150,150,true],"medium":["https:\/\/kabinam.lt\/wp-content\/uploads\/2025\/09\/1000077263-300x300.jpg",300,300,true],"medium_large":["https:\/\/kabinam.lt\/wp-content\/uploads\/2025\/09\/1000077263.jpg",600,600,false],"large":["https:\/\/kabinam.lt\/wp-content\/uploads\/2025\/09\/1000077263.jpg",600,600,false],"1536x1536":["https:\/\/kabinam.lt\/wp-content\/uploads\/2025\/09\/1000077263.jpg",600,600,false],"2048x2048":["https:\/\/kabinam.lt\/wp-content\/uploads\/2025\/09\/1000077263.jpg",600,600,false],"trp-custom-language-flag":["https:\/\/kabinam.lt\/wp-content\/uploads\/2025\/09\/1000077263.jpg",12,12,false],"woocommerce_thumbnail":["https:\/\/kabinam.lt\/wp-content\/uploads\/2025\/09\/1000077263-300x300.jpg",300,300,true],"woocommerce_single":["https:\/\/kabinam.lt\/wp-content\/uploads\/2025\/09\/1000077263.jpg",600,600,false],"woocommerce_gallery_thumbnail":["https:\/\/kabinam.lt\/wp-content\/uploads\/2025\/09\/1000077263-100x100.jpg",100,100,true]},"uagb_author_info":{"display_name":"kabinam.lt","author_link":"https:\/\/kabinam.lt\/de\/author\/"},"uagb_comment_info":0,"uagb_excerpt":"Mielas ir \u017eaismingas emalio pin'as. Balta kiau\u0161inien\u0117 su ry\u0161kiu geltonu tryniu \u2013 stilingas aksesuaras pusry\u010di\u0173 fanams ir ie\u0161kantiems pozityvaus akcento.","_links":{"self":[{"href":"https:\/\/kabinam.lt\/de\/wp-json\/wp\/v2\/product\/4061","targetHints":{"allow":["GET"]}}],"collection":[{"href":"https:\/\/kabinam.lt\/de\/wp-json\/wp\/v2\/product"}],"about":[{"href":"https:\/\/kabinam.lt\/de\/wp-json\/wp\/v2\/types\/product"}],"replies":[{"embeddable":true,"href":"https:\/\/kabinam.lt\/de\/wp-json\/wp\/v2\/comments?post=4061"}],"wp:featuredmedia":[{"embeddable":true,"href":"https:\/\/kabinam.lt\/de\/wp-json\/wp\/v2\/media\/4059"}],"wp:attachment":[{"href":"https:\/\/kabinam.lt\/de\/wp-json\/wp\/v2\/media?parent=4061"}],"wp:term":[{"taxonomy":"product_brand","embeddable":true,"href":"https:\/\/kabinam.lt\/de\/wp-json\/wp\/v2\/product_brand?post=4061"},{"taxonomy":"product_cat","embeddable":true,"href":"https:\/\/kabinam.lt\/de\/wp-json\/wp\/v2\/product_cat?post=4061"},{"taxonomy":"product_tag","embeddable":true,"href":"https:\/\/kabinam.lt\/de\/wp-json\/wp\/v2\/product_tag?post=4061"}],"curies":[{"name":"wp","href":"https:\/\/api.w.org\/{rel}","templated":true}]}}