{"id":3950,"date":"2025-07-14T21:28:33","date_gmt":"2025-07-14T19:28:33","guid":{"rendered":"https:\/\/kabinam.lt\/?post_type=product&#038;p=3950"},"modified":"2026-01-19T01:57:48","modified_gmt":"2026-01-18T23:57:48","slug":"corgi-liebhaber-abzeichen-spas-grose","status":"publish","type":"product","link":"https:\/\/kabinam.lt\/de\/product\/korgiu-myletojai-zenkliukas-fun-size\/","title":{"rendered":"Corgi-Liebhaber - ein Abzeichen mit der Aufschrift \u201eI'm not short, I'm fun-size!\u201c"},"content":{"rendered":"<div class=\"kk-star-ratings kksr-auto kksr-align-left kksr-valign-top\"\n    data-payload='{&quot;align&quot;:&quot;left&quot;,&quot;id&quot;:&quot;3950&quot;,&quot;slug&quot;:&quot;default&quot;,&quot;valign&quot;:&quot;top&quot;,&quot;ignore&quot;:&quot;&quot;,&quot;reference&quot;:&quot;auto&quot;,&quot;class&quot;:&quot;&quot;,&quot;count&quot;:&quot;0&quot;,&quot;legendonly&quot;:&quot;&quot;,&quot;readonly&quot;:&quot;&quot;,&quot;score&quot;:&quot;0&quot;,&quot;starsonly&quot;:&quot;&quot;,&quot;best&quot;:&quot;5&quot;,&quot;gap&quot;:&quot;5&quot;,&quot;greet&quot;:&quot;Mums svarbus j\u016bs\u0173 \u012fvertinimas&quot;,&quot;legend&quot;:&quot;0\\\/5 - (0 votes)&quot;,&quot;size&quot;:&quot;24&quot;,&quot;title&quot;:&quot;Korgi\u0173 myl\u0117tojai \u2013 \u017eenkliukas su u\u017era\u0161u \u201eI\\u0026#039;m not short, I\\u0026#039;m fun-size!\u201c&quot;,&quot;width&quot;:&quot;0&quot;,&quot;_legend&quot;:&quot;{score}\\\/{best} - ({count} {votes})&quot;,&quot;font_factor&quot;:&quot;1.25&quot;}'>\n            \n<div class=\"kksr-stars\">\n    \n<div class=\"kksr-stars-inactive\">\n            <div class=\"kksr-star\" data-star=\"1\" style=\"padding-right: 5px\">\n            \n\n<div class=\"kksr-icon\" style=\"width: 24px; height: 24px;\"><\/div>\n        <\/div>\n            <div class=\"kksr-star\" data-star=\"2\" style=\"padding-right: 5px\">\n            \n\n<div class=\"kksr-icon\" style=\"width: 24px; height: 24px;\"><\/div>\n        <\/div>\n            <div class=\"kksr-star\" data-star=\"3\" style=\"padding-right: 5px\">\n            \n\n<div class=\"kksr-icon\" style=\"width: 24px; height: 24px;\"><\/div>\n        <\/div>\n            <div class=\"kksr-star\" data-star=\"4\" style=\"padding-right: 5px\">\n            \n\n<div class=\"kksr-icon\" style=\"width: 24px; height: 24px;\"><\/div>\n        <\/div>\n            <div class=\"kksr-star\" data-star=\"5\" style=\"padding-right: 5px\">\n            \n\n<div class=\"kksr-icon\" style=\"width: 24px; height: 24px;\"><\/div>\n        <\/div>\n    <\/div>\n    \n<div class=\"kksr-stars-active\" style=\"width: 0px;\">\n            <div class=\"kksr-star\" style=\"padding-right: 5px\">\n            \n\n<div class=\"kksr-icon\" style=\"width: 24px; height: 24px;\"><\/div>\n        <\/div>\n            <div class=\"kksr-star\" style=\"padding-right: 5px\">\n            \n\n<div class=\"kksr-icon\" style=\"width: 24px; height: 24px;\"><\/div>\n        <\/div>\n            <div class=\"kksr-star\" style=\"padding-right: 5px\">\n            \n\n<div class=\"kksr-icon\" style=\"width: 24px; height: 24px;\"><\/div>\n        <\/div>\n            <div class=\"kksr-star\" style=\"padding-right: 5px\">\n            \n\n<div class=\"kksr-icon\" style=\"width: 24px; height: 24px;\"><\/div>\n        <\/div>\n            <div class=\"kksr-star\" style=\"padding-right: 5px\">\n            \n\n<div class=\"kksr-icon\" style=\"width: 24px; height: 24px;\"><\/div>\n        <\/div>\n    <\/div>\n<\/div>\n                \n\n<div class=\"kksr-legend\" style=\"font-size: 19.2px;\">\n            <span class=\"kksr-muted\">Ihre Bewertung ist f\u00fcr uns wichtig<\/span>\n    <\/div>\n    <\/div>\n<h1>Corgi-Liebhaber - ein Abzeichen mit der Aufschrift \u201eI'm not short, I'm fun-size!\u201c<\/h1>\n<p>Dieser verspielte Anstecker mit einem Korken und der Aufschrift \u201eI'm not short, I'm fun-size!\u201c ist f\u00fcr jedermann <strong>Corgi-Liebhaber<\/strong> die Gemeinschaft. Er ist nicht nur ein stilvolles Accessoire, sondern auch ein St\u00fcck, das eine fr\u00f6hliche Botschaft vermittelt, die von all jenen gesch\u00e4tzt wird, die die Einzigartigkeit dieser Hunderasse kennen. Klein aber fein ist die Botschaft, die dieser Corgi jedes Mal vermittelt, wenn man ihn ansieht.<\/p>\n<h2>Corgi-Liebhaber w\u00e4hlen einzigartige Akzente<\/h2>\n<p><strong>Corgi-Liebhaber<\/strong> wissen, dass Corgis mehr als nur Hunde sind - sie sind charismatisch, einzigartig und immer f\u00fcr ein Abenteuer zu haben. Dieses Abzeichen ist perfekt f\u00fcr alle, die Sinn f\u00fcr Humor und Positivit\u00e4t sch\u00e4tzen und ihre Liebe zu ihren Haustieren auf subtile Weise zum Ausdruck bringen wollen. \u201eIch bin nicht klein, ich habe Fun-Size!\u201c vermittelt auf witzige Weise die k\u00f6rperlichen Eigenschaften von Corgis, aber auch ihre innere St\u00e4rke und Energie.<\/p>\n<h2>Elegantes Design - hohe Qualit\u00e4t<\/h2>\n<p>Das Abzeichen besteht aus robustem Metall mit farbiger Tinte, die die Form des Corgis und die markante Aufschrift hervorhebt. Die matte Oberfl\u00e4che sorgt f\u00fcr einen dezenten, aber auff\u00e4lligen Effekt, w\u00e4hrend der sichere Verschluss es erm\u00f6glicht, das Accessoire fest an einem Rucksack, einer Jacke oder sogar einem Hut zu befestigen. Es erg\u00e4nzt nicht nur ein Outfit, sondern zeigt auch Pers\u00f6nlichkeit.<\/p>\n<h3>F\u00fcr wen ist dieses Abzeichen gedacht?<\/h3>\n<ul>\n<li>F\u00fcr Tierliebhaber, insbesondere Corgi-Fans<\/li>\n<li>F\u00fcr alle, die ein lustiges und pers\u00f6nliches Geschenk suchen<\/li>\n<li>F\u00fcr alle, die mit ihren Accessoires auffallen wollen<\/li>\n<li>F\u00fcr alle, die witzige Reden sch\u00e4tzen<\/li>\n<\/ul>\n<h2>Corgis - kurz aber wichtig!<\/h2>\n<p>Corgis werden oft als k\u00f6nigliche Hunde bezeichnet, da die britische K\u00f6nigin Elisabeth II. diese Rasse viele Jahre lang gehalten hat. Aber Corgis sind nicht nur ein historisches Symbol - sie sind Teil der modernen Popkultur geworden, vor allem bei jungen Menschen. Dieses Abzeichen ist eine spielerische Art, sich dieser einzigartigen Kultur anzuschlie\u00dfen.<\/p>\n<h2>Sie suchen nach weiteren Corgi-Ideen?<\/h2>\n<p>Besuchen Sie unsere Abzeichen-Kollektion <a href=\"https:\/\/kabinam.lt\/de\/produktkategorie-2\/anstecknadeln-pins\/\">hier<\/a> und entdecken Sie weitere lustige Accessoires f\u00fcr Hundeliebhaber, insbesondere f\u00fcr Corgi-Fans. Unsere Kollektion umfasst Anstecker in verschiedenen Formen, Farben und Stimmungen, die es jedem erm\u00f6glichen, einen einzigartigen Stil zu kreieren. Wir empfehlen Ihnen auch den Besuch der Website <a class=\"\" href=\"https:\/\/www.corgilife.com\" target=\"_new\" rel=\"noopener\" data-start=\"2287\" data-end=\"2329\">corgilife.com<\/a> - hier gibt es noch mehr Inspiration f\u00fcr Corgi-Fans.<\/p>","protected":false},"excerpt":{"rendered":"<p>Dieses farbenfrohe Abzeichen mit einem niedlichen Corgi und einer witzigen Aufschrift ist die perfekte Wahl f\u00fcr alle Corgi-Liebhaber und diejenigen, die Humor zu sch\u00e4tzen wissen.<\/p>","protected":false},"featured_media":3951,"comment_status":"open","ping_status":"closed","template":"","meta":{"_uag_custom_page_level_css":"","site-sidebar-layout":"default","site-content-layout":"","ast-site-content-layout":"default","site-content-style":"default","site-sidebar-style":"default","ast-global-header-display":"","ast-banner-title-visibility":"","ast-main-header-display":"","ast-hfb-above-header-display":"","ast-hfb-below-header-display":"","ast-hfb-mobile-header-display":"","site-post-title":"","ast-breadcrumbs-content":"","ast-featured-img":"","footer-sml-layout":"","ast-disable-related-posts":"","theme-transparent-header-meta":"default","adv-header-id-meta":"","stick-header-meta":"","header-above-stick-meta":"","header-main-stick-meta":"","header-below-stick-meta":"","astra-migrate-meta-layouts":"set","ast-page-background-enabled":"default","ast-page-background-meta":{"desktop":{"background-color":"var(--ast-global-color-4)","background-image":"","background-repeat":"repeat","background-position":"center center","background-size":"auto","background-attachment":"scroll","background-type":"","background-media":"","overlay-type":"","overlay-color":"","overlay-opacity":"","overlay-gradient":""},"tablet":{"background-color":"","background-image":"","background-repeat":"repeat","background-position":"center center","background-size":"auto","background-attachment":"scroll","background-type":"","background-media":"","overlay-type":"","overlay-color":"","overlay-opacity":"","overlay-gradient":""},"mobile":{"background-color":"","background-image":"","background-repeat":"repeat","background-position":"center center","background-size":"auto","background-attachment":"scroll","background-type":"","background-media":"","overlay-type":"","overlay-color":"","overlay-opacity":"","overlay-gradient":""}},"ast-content-background-meta":{"desktop":{"background-color":"var(--ast-global-color-5)","background-image":"","background-repeat":"repeat","background-position":"center center","background-size":"auto","background-attachment":"scroll","background-type":"","background-media":"","overlay-type":"","overlay-color":"","overlay-opacity":"","overlay-gradient":""},"tablet":{"background-color":"var(--ast-global-color-5)","background-image":"","background-repeat":"repeat","background-position":"center center","background-size":"auto","background-attachment":"scroll","background-type":"","background-media":"","overlay-type":"","overlay-color":"","overlay-opacity":"","overlay-gradient":""},"mobile":{"background-color":"var(--ast-global-color-5)","background-image":"","background-repeat":"repeat","background-position":"center center","background-size":"auto","background-attachment":"scroll","background-type":"","background-media":"","overlay-type":"","overlay-color":"","overlay-opacity":"","overlay-gradient":""}}},"product_brand":[],"product_cat":[126,119,92],"product_tag":[],"class_list":{"0":"post-3950","1":"product","2":"type-product","3":"status-publish","4":"has-post-thumbnail","6":"product_cat-visi","7":"product_cat-smeigtukai-pins","8":"product_cat-populiariausiu-produktu-kategorija","9":"desktop-align-center","10":"tablet-align-left","11":"mobile-align-left","13":"first","14":"instock","15":"shipping-taxable","16":"purchasable","17":"product-type-simple"},"yoast_head":"<!-- This site is optimized with the Yoast SEO plugin v27.1.1 - https:\/\/yoast.com\/product\/yoast-seo-wordpress\/ -->\n<title>Korgi\u0173 myl\u0117tojai \u2013 \u017eenkliukas su u\u017era\u0161u \u201eI&#039;m not short, I&#039;m fun-size!\u201c - kabinam.lt<\/title>\n<meta name=\"description\" content=\"\u017denkliukas su korgiu ir u\u017era\u0161u \u201eI&#039;m not short, I&#039;m fun-size!\u201c \u2013 i\u0161skirtinis aksesuaras visiems korgi\u0173 myl\u0117tojams.\" \/>\n<meta name=\"robots\" content=\"index, follow, max-snippet:-1, max-image-preview:large, max-video-preview:-1\" \/>\n<link rel=\"canonical\" href=\"https:\/\/kabinam.lt\/de\/produkt\/corgi-liebhaber-abzeichen-spas-grose\/\" \/>\n<meta property=\"og:locale\" content=\"de_DE\" \/>\n<meta property=\"og:type\" content=\"article\" \/>\n<meta property=\"og:title\" content=\"Korgi\u0173 myl\u0117tojai \u2013 \u017eenkliukas su u\u017era\u0161u \u201eI&#039;m not short, I&#039;m fun-size!\u201c - kabinam.lt\" \/>\n<meta property=\"og:description\" content=\"\u017denkliukas su korgiu ir u\u017era\u0161u \u201eI&#039;m not short, I&#039;m fun-size!\u201c \u2013 i\u0161skirtinis aksesuaras visiems korgi\u0173 myl\u0117tojams.\" \/>\n<meta property=\"og:url\" content=\"https:\/\/kabinam.lt\/de\/produkt\/corgi-liebhaber-abzeichen-spas-grose\/\" \/>\n<meta property=\"og:site_name\" content=\"kabinam.lt\" \/>\n<meta property=\"article:modified_time\" content=\"2026-01-18T23:57:48+00:00\" \/>\n<meta property=\"og:image\" content=\"https:\/\/kabinam.lt\/wp-content\/uploads\/2025\/07\/main-image-10.jpeg\" \/>\n\t<meta property=\"og:image:width\" content=\"800\" \/>\n\t<meta property=\"og:image:height\" content=\"800\" \/>\n\t<meta property=\"og:image:type\" content=\"image\/jpeg\" \/>\n<meta name=\"twitter:card\" content=\"summary_large_image\" \/>\n<meta name=\"twitter:label1\" content=\"Gesch\u00e4tzte Lesezeit\" \/>\n\t<meta name=\"twitter:data1\" content=\"2\u00a0Minuten\" \/>\n<script type=\"application\/ld+json\" class=\"yoast-schema-graph\">{\"@context\":\"https:\/\/schema.org\",\"@graph\":[{\"@type\":[\"WebPage\",\"ItemPage\"],\"@id\":\"https:\/\/kabinam.lt\/eng\/product\/corgi-lovers-badge-fun-size\/\",\"url\":\"https:\/\/kabinam.lt\/eng\/product\/corgi-lovers-badge-fun-size\/\",\"name\":\"Korgi\u0173 myl\u0117tojai \u2013 \u017eenkliukas su u\u017era\u0161u \u201eI'm not short, I'm fun-size!\u201c - kabinam.lt\",\"isPartOf\":{\"@id\":\"https:\/\/kabinam.lt\/#website\"},\"primaryImageOfPage\":{\"@id\":\"https:\/\/kabinam.lt\/eng\/product\/corgi-lovers-badge-fun-size\/#primaryimage\"},\"image\":{\"@id\":\"https:\/\/kabinam.lt\/eng\/product\/corgi-lovers-badge-fun-size\/#primaryimage\"},\"thumbnailUrl\":\"https:\/\/kabinam.lt\/wp-content\/uploads\/2025\/07\/main-image-10.jpeg\",\"datePublished\":\"2025-07-14T19:28:33+00:00\",\"dateModified\":\"2026-01-18T23:57:48+00:00\",\"description\":\"\u017denkliukas su korgiu ir u\u017era\u0161u \u201eI'm not short, I'm fun-size!\u201c \u2013 i\u0161skirtinis aksesuaras visiems korgi\u0173 myl\u0117tojams.\",\"breadcrumb\":{\"@id\":\"https:\/\/kabinam.lt\/eng\/product\/corgi-lovers-badge-fun-size\/#breadcrumb\"},\"inLanguage\":\"de\",\"potentialAction\":[{\"@type\":\"ReadAction\",\"target\":[\"https:\/\/kabinam.lt\/eng\/product\/corgi-lovers-badge-fun-size\/\"]}]},{\"@type\":\"ImageObject\",\"inLanguage\":\"de\",\"@id\":\"https:\/\/kabinam.lt\/eng\/product\/corgi-lovers-badge-fun-size\/#primaryimage\",\"url\":\"https:\/\/kabinam.lt\/wp-content\/uploads\/2025\/07\/main-image-10.jpeg\",\"contentUrl\":\"https:\/\/kabinam.lt\/wp-content\/uploads\/2025\/07\/main-image-10.jpeg\",\"width\":800,\"height\":800,\"caption\":\"\u017daismingas \u017eenkliukas su korgiu ir \u0161maik\u0161\u010diu u\u017era\u0161u\"},{\"@type\":\"BreadcrumbList\",\"@id\":\"https:\/\/kabinam.lt\/eng\/product\/corgi-lovers-badge-fun-size\/#breadcrumb\",\"itemListElement\":[{\"@type\":\"ListItem\",\"position\":1,\"name\":\"Home\",\"item\":\"https:\/\/kabinam.lt\/\"},{\"@type\":\"ListItem\",\"position\":2,\"name\":\"Visi Produktai\",\"item\":\"https:\/\/kabinam.lt\/visi-produktai\/\"},{\"@type\":\"ListItem\",\"position\":3,\"name\":\"Korgi\u0173 myl\u0117tojai \u2013 \u017eenkliukas su u\u017era\u0161u \u201eI&#8217;m not short, I&#8217;m fun-size!\u201c\"}]},{\"@type\":\"WebSite\",\"@id\":\"https:\/\/kabinam.lt\/#website\",\"url\":\"https:\/\/kabinam.lt\/\",\"name\":\"kabinam.lt\",\"description\":\"Kabinam.lt \u2013 raktu pakabukai ir aksesuarai\",\"publisher\":{\"@id\":\"https:\/\/kabinam.lt\/#organization\"},\"alternateName\":\"pakabukai lt\",\"potentialAction\":[{\"@type\":\"SearchAction\",\"target\":{\"@type\":\"EntryPoint\",\"urlTemplate\":\"https:\/\/kabinam.lt\/?s={search_term_string}\"},\"query-input\":{\"@type\":\"PropertyValueSpecification\",\"valueRequired\":true,\"valueName\":\"search_term_string\"}}],\"inLanguage\":\"de\"},{\"@type\":\"Organization\",\"@id\":\"https:\/\/kabinam.lt\/#organization\",\"name\":\"kabinam.lt\",\"alternateName\":\"kabinam\",\"url\":\"https:\/\/kabinam.lt\/\",\"logo\":{\"@type\":\"ImageObject\",\"inLanguage\":\"de\",\"@id\":\"https:\/\/kabinam.lt\/#\/schema\/logo\/image\/\",\"url\":\"https:\/\/kabinam.lt\/wp-content\/uploads\/2025\/05\/KABINAM_outer_glow.png\",\"contentUrl\":\"https:\/\/kabinam.lt\/wp-content\/uploads\/2025\/05\/KABINAM_outer_glow.png\",\"width\":474,\"height\":141,\"caption\":\"kabinam.lt\"},\"image\":{\"@id\":\"https:\/\/kabinam.lt\/#\/schema\/logo\/image\/\"}}]}<\/script>\n<!-- \/ Yoast SEO plugin. -->","yoast_head_json":{"title":"Corgi-Liebhaber - ein Abzeichen mit \u201eI'm not short, I'm fun-size!\u201c - kabinam.lt","description":"Abzeichen mit einem Corgi und der Aufschrift \u201eI'm not short, I'm fun-size!\u201c - ein exklusives Accessoire f\u00fcr alle Corgi-Liebhaber.","robots":{"index":"index","follow":"follow","max-snippet":"max-snippet:-1","max-image-preview":"max-image-preview:large","max-video-preview":"max-video-preview:-1"},"canonical":"https:\/\/kabinam.lt\/de\/produkt\/corgi-liebhaber-abzeichen-spas-grose\/","og_locale":"de_DE","og_type":"article","og_title":"Korgi\u0173 myl\u0117tojai \u2013 \u017eenkliukas su u\u017era\u0161u \u201eI'm not short, I'm fun-size!\u201c - kabinam.lt","og_description":"\u017denkliukas su korgiu ir u\u017era\u0161u \u201eI'm not short, I'm fun-size!\u201c \u2013 i\u0161skirtinis aksesuaras visiems korgi\u0173 myl\u0117tojams.","og_url":"https:\/\/kabinam.lt\/de\/produkt\/corgi-liebhaber-abzeichen-spas-grose\/","og_site_name":"kabinam.lt","article_modified_time":"2026-01-18T23:57:48+00:00","og_image":[{"width":800,"height":800,"url":"https:\/\/kabinam.lt\/wp-content\/uploads\/2025\/07\/main-image-10.jpeg","type":"image\/jpeg"}],"twitter_card":"summary_large_image","twitter_misc":{"Gesch\u00e4tzte Lesezeit":"2\u00a0Minuten"},"schema":{"@context":"https:\/\/schema.org","@graph":[{"@type":["WebPage","ItemPage"],"@id":"https:\/\/kabinam.lt\/eng\/product\/corgi-lovers-badge-fun-size\/","url":"https:\/\/kabinam.lt\/eng\/product\/corgi-lovers-badge-fun-size\/","name":"Corgi-Liebhaber - ein Abzeichen mit \u201eI'm not short, I'm fun-size!\u201c - kabinam.lt","isPartOf":{"@id":"https:\/\/kabinam.lt\/#website"},"primaryImageOfPage":{"@id":"https:\/\/kabinam.lt\/eng\/product\/corgi-lovers-badge-fun-size\/#primaryimage"},"image":{"@id":"https:\/\/kabinam.lt\/eng\/product\/corgi-lovers-badge-fun-size\/#primaryimage"},"thumbnailUrl":"https:\/\/kabinam.lt\/wp-content\/uploads\/2025\/07\/main-image-10.jpeg","datePublished":"2025-07-14T19:28:33+00:00","dateModified":"2026-01-18T23:57:48+00:00","description":"Abzeichen mit einem Corgi und der Aufschrift \u201eI'm not short, I'm fun-size!\u201c - ein exklusives Accessoire f\u00fcr alle Corgi-Liebhaber.","breadcrumb":{"@id":"https:\/\/kabinam.lt\/eng\/product\/corgi-lovers-badge-fun-size\/#breadcrumb"},"inLanguage":"de","potentialAction":[{"@type":"ReadAction","target":["https:\/\/kabinam.lt\/eng\/product\/corgi-lovers-badge-fun-size\/"]}]},{"@type":"ImageObject","inLanguage":"de","@id":"https:\/\/kabinam.lt\/eng\/product\/corgi-lovers-badge-fun-size\/#primaryimage","url":"https:\/\/kabinam.lt\/wp-content\/uploads\/2025\/07\/main-image-10.jpeg","contentUrl":"https:\/\/kabinam.lt\/wp-content\/uploads\/2025\/07\/main-image-10.jpeg","width":800,"height":800,"caption":"\u017daismingas \u017eenkliukas su korgiu ir \u0161maik\u0161\u010diu u\u017era\u0161u"},{"@type":"BreadcrumbList","@id":"https:\/\/kabinam.lt\/eng\/product\/corgi-lovers-badge-fun-size\/#breadcrumb","itemListElement":[{"@type":"ListItem","position":1,"name":"Home","item":"https:\/\/kabinam.lt\/"},{"@type":"ListItem","position":2,"name":"Visi Produktai","item":"https:\/\/kabinam.lt\/visi-produktai\/"},{"@type":"ListItem","position":3,"name":"Korgi\u0173 myl\u0117tojai \u2013 \u017eenkliukas su u\u017era\u0161u \u201eI&#8217;m not short, I&#8217;m fun-size!\u201c"}]},{"@type":"WebSite","@id":"https:\/\/kabinam.lt\/#website","url":"https:\/\/kabinam.lt\/","name":"kabinam.lt","description":"Kabinam.lt - Schl\u00fcsselanh\u00e4nger und Zubeh\u00f6r","publisher":{"@id":"https:\/\/kabinam.lt\/#organization"},"alternateName":"pakabukai lt","potentialAction":[{"@type":"SearchAction","target":{"@type":"EntryPoint","urlTemplate":"https:\/\/kabinam.lt\/?s={search_term_string}"},"query-input":{"@type":"PropertyValueSpecification","valueRequired":true,"valueName":"search_term_string"}}],"inLanguage":"de"},{"@type":"Organization","@id":"https:\/\/kabinam.lt\/#organization","name":"kabinam.lt","alternateName":"kabinam","url":"https:\/\/kabinam.lt\/","logo":{"@type":"ImageObject","inLanguage":"de","@id":"https:\/\/kabinam.lt\/#\/schema\/logo\/image\/","url":"https:\/\/kabinam.lt\/wp-content\/uploads\/2025\/05\/KABINAM_outer_glow.png","contentUrl":"https:\/\/kabinam.lt\/wp-content\/uploads\/2025\/05\/KABINAM_outer_glow.png","width":474,"height":141,"caption":"kabinam.lt"},"image":{"@id":"https:\/\/kabinam.lt\/#\/schema\/logo\/image\/"}}]}},"uagb_featured_image_src":{"full":["https:\/\/kabinam.lt\/wp-content\/uploads\/2025\/07\/main-image-10.jpeg",800,800,false],"thumbnail":["https:\/\/kabinam.lt\/wp-content\/uploads\/2025\/07\/main-image-10-150x150.jpeg",150,150,true],"medium":["https:\/\/kabinam.lt\/wp-content\/uploads\/2025\/07\/main-image-10-300x300.jpeg",300,300,true],"medium_large":["https:\/\/kabinam.lt\/wp-content\/uploads\/2025\/07\/main-image-10-768x768.jpeg",768,768,true],"large":["https:\/\/kabinam.lt\/wp-content\/uploads\/2025\/07\/main-image-10.jpeg",800,800,false],"1536x1536":["https:\/\/kabinam.lt\/wp-content\/uploads\/2025\/07\/main-image-10.jpeg",800,800,false],"2048x2048":["https:\/\/kabinam.lt\/wp-content\/uploads\/2025\/07\/main-image-10.jpeg",800,800,false],"trp-custom-language-flag":["https:\/\/kabinam.lt\/wp-content\/uploads\/2025\/07\/main-image-10.jpeg",12,12,false],"woocommerce_thumbnail":["https:\/\/kabinam.lt\/wp-content\/uploads\/2025\/07\/main-image-10-300x300.jpeg",300,300,true],"woocommerce_single":["https:\/\/kabinam.lt\/wp-content\/uploads\/2025\/07\/main-image-10-600x600.jpeg",600,600,true],"woocommerce_gallery_thumbnail":["https:\/\/kabinam.lt\/wp-content\/uploads\/2025\/07\/main-image-10-100x100.jpeg",100,100,true]},"uagb_author_info":{"display_name":"kabinam.lt","author_link":"https:\/\/kabinam.lt\/de\/author\/"},"uagb_comment_info":0,"uagb_excerpt":"Spalvingas \u017eenkliukas su mielu korgiuku ir \u0161maik\u0161\u010diu u\u017era\u0161u \u2013 puikus pasirinkimas visiems korgi\u0173 myl\u0117tojams ir tiems, kurie vertina humor\u0105.","_links":{"self":[{"href":"https:\/\/kabinam.lt\/de\/wp-json\/wp\/v2\/product\/3950","targetHints":{"allow":["GET"]}}],"collection":[{"href":"https:\/\/kabinam.lt\/de\/wp-json\/wp\/v2\/product"}],"about":[{"href":"https:\/\/kabinam.lt\/de\/wp-json\/wp\/v2\/types\/product"}],"replies":[{"embeddable":true,"href":"https:\/\/kabinam.lt\/de\/wp-json\/wp\/v2\/comments?post=3950"}],"wp:featuredmedia":[{"embeddable":true,"href":"https:\/\/kabinam.lt\/de\/wp-json\/wp\/v2\/media\/3951"}],"wp:attachment":[{"href":"https:\/\/kabinam.lt\/de\/wp-json\/wp\/v2\/media?parent=3950"}],"wp:term":[{"taxonomy":"product_brand","embeddable":true,"href":"https:\/\/kabinam.lt\/de\/wp-json\/wp\/v2\/product_brand?post=3950"},{"taxonomy":"product_cat","embeddable":true,"href":"https:\/\/kabinam.lt\/de\/wp-json\/wp\/v2\/product_cat?post=3950"},{"taxonomy":"product_tag","embeddable":true,"href":"https:\/\/kabinam.lt\/de\/wp-json\/wp\/v2\/product_tag?post=3950"}],"curies":[{"name":"wp","href":"https:\/\/api.w.org\/{rel}","templated":true}]}}