{"id":3924,"date":"2025-07-03T20:04:20","date_gmt":"2025-07-03T18:04:20","guid":{"rendered":"https:\/\/kabinam.lt\/?post_type=product&#038;p=3924"},"modified":"2026-02-06T12:52:01","modified_gmt":"2026-02-06T10:52:01","slug":"verslo-dovanos-popierinis-lektuvelis","status":"publish","type":"product","link":"https:\/\/kabinam.lt\/de\/product\/verslo-dovanos-popierinis-lektuvelis\/","title":{"rendered":"Werbegeschenke \u2013 Metallanh\u00e4nger Papierflieger"},"content":{"rendered":"<div class=\"kk-star-ratings kksr-auto kksr-align-left kksr-valign-top\"\n    data-payload='{&quot;align&quot;:&quot;left&quot;,&quot;id&quot;:&quot;3924&quot;,&quot;slug&quot;:&quot;default&quot;,&quot;valign&quot;:&quot;top&quot;,&quot;ignore&quot;:&quot;&quot;,&quot;reference&quot;:&quot;auto&quot;,&quot;class&quot;:&quot;&quot;,&quot;count&quot;:&quot;0&quot;,&quot;legendonly&quot;:&quot;&quot;,&quot;readonly&quot;:&quot;&quot;,&quot;score&quot;:&quot;0&quot;,&quot;starsonly&quot;:&quot;&quot;,&quot;best&quot;:&quot;5&quot;,&quot;gap&quot;:&quot;5&quot;,&quot;greet&quot;:&quot;Mums svarbus j\u016bs\u0173 \u012fvertinimas&quot;,&quot;legend&quot;:&quot;0\\\/5 - (0 votes)&quot;,&quot;size&quot;:&quot;24&quot;,&quot;title&quot;:&quot;Verslo dovanos \u2013 metalinis \u017eenkliukas popierinis l\u0117ktuv\u0117lis&quot;,&quot;width&quot;:&quot;0&quot;,&quot;_legend&quot;:&quot;{score}\\\/{best} - ({count} {votes})&quot;,&quot;font_factor&quot;:&quot;1.25&quot;}'>\n            \n<div class=\"kksr-stars\">\n    \n<div class=\"kksr-stars-inactive\">\n            <div class=\"kksr-star\" data-star=\"1\" style=\"padding-right: 5px\">\n            \n\n<div class=\"kksr-icon\" style=\"width: 24px; height: 24px;\"><\/div>\n        <\/div>\n            <div class=\"kksr-star\" data-star=\"2\" style=\"padding-right: 5px\">\n            \n\n<div class=\"kksr-icon\" style=\"width: 24px; height: 24px;\"><\/div>\n        <\/div>\n            <div class=\"kksr-star\" data-star=\"3\" style=\"padding-right: 5px\">\n            \n\n<div class=\"kksr-icon\" style=\"width: 24px; height: 24px;\"><\/div>\n        <\/div>\n            <div class=\"kksr-star\" data-star=\"4\" style=\"padding-right: 5px\">\n            \n\n<div class=\"kksr-icon\" style=\"width: 24px; height: 24px;\"><\/div>\n        <\/div>\n            <div class=\"kksr-star\" data-star=\"5\" style=\"padding-right: 5px\">\n            \n\n<div class=\"kksr-icon\" style=\"width: 24px; height: 24px;\"><\/div>\n        <\/div>\n    <\/div>\n    \n<div class=\"kksr-stars-active\" style=\"width: 0px;\">\n            <div class=\"kksr-star\" style=\"padding-right: 5px\">\n            \n\n<div class=\"kksr-icon\" style=\"width: 24px; height: 24px;\"><\/div>\n        <\/div>\n            <div class=\"kksr-star\" style=\"padding-right: 5px\">\n            \n\n<div class=\"kksr-icon\" style=\"width: 24px; height: 24px;\"><\/div>\n        <\/div>\n            <div class=\"kksr-star\" style=\"padding-right: 5px\">\n            \n\n<div class=\"kksr-icon\" style=\"width: 24px; height: 24px;\"><\/div>\n        <\/div>\n            <div class=\"kksr-star\" style=\"padding-right: 5px\">\n            \n\n<div class=\"kksr-icon\" style=\"width: 24px; height: 24px;\"><\/div>\n        <\/div>\n            <div class=\"kksr-star\" style=\"padding-right: 5px\">\n            \n\n<div class=\"kksr-icon\" style=\"width: 24px; height: 24px;\"><\/div>\n        <\/div>\n    <\/div>\n<\/div>\n                \n\n<div class=\"kksr-legend\" style=\"font-size: 19.2px;\">\n            <span class=\"kksr-muted\">Ihre Bewertung ist f\u00fcr uns wichtig<\/span>\n    <\/div>\n    <\/div>\n<h1>Werbegeschenke \u2013 Metallanh\u00e4nger Papierflieger<\/h1>\n<p>Popierinio l\u0117ktuv\u0117lio formos metalinis \u017eenkliukas yra k\u016brybi\u0161ka ir \u012fsimintina <strong>verslo dovanos<\/strong> id\u0117ja, kuri eleganti\u0161kai perteikia skryd\u017eio, id\u0117j\u0173 ir pa\u017eangos simbolik\u0105. \u0160i nedidel\u0117, bet prasminga detal\u0117 padeda\u202fparodyti d\u0117mes\u012f kolegoms, partneriams ar klientams, pabr\u0117\u017eiant dr\u0105s\u0173 po\u017ei\u016br\u012f \u012f naujas kryptis ir inovacijas. Auk\u0161tos kokyb\u0117s metalas, blizgus apsauginis sluoksnis ir ry\u0161kios spalvos u\u017etikrina, kad aksesuaras ilgai i\u0161laikys i\u0161vaizd\u0105, o tvirtas u\u017esegimas leis saugiai seg\u0117ti ant \u0161varko atlapo, kuprin\u0117s ar portfelio.<\/p>\n<h2>Kod\u0117l l\u0117ktuv\u0117lis?<\/h2>\n<p>Popierinis l\u0117ktuv\u0117lis primena vaikyst\u0117s entuziazm\u0105 ir dr\u0105sias svajones. Verslo aplinkoje jis simbolizuoja id\u0117j\u0173 skryd\u012f, k\u016brybi\u0161k\u0105 m\u0105stym\u0105 ir lengv\u0105 start\u0105. Toks \u017eenkliukas lan\u202fd\u017eiai pritaikomas \u012fvairiems stiliams: minimalistiniam kostiumui suteiks \u017eaisming\u0105 akcent\u0105, laisvalaikio \u0161varkui \u2013 subtili\u0105 elegancij\u0105.<\/p>\n<h2>Tvirtas ir patikimas aksesuaras<\/h2>\n<p>\u017denkliukas i\u0161lietas i\u0161 cinko lydinio, padengtas apsaugine danga, tod\u0117l atsparus korozijai ir \u012fbr\u0117\u017eimams. U\u017esegimas su u\u017esukamu spaustuku saugo nuo netik\u0117to praradimo. Kompakti\u0161kas dydis leid\u017eia seg\u0117ti net ant plonos med\u017eiagos, nepaliekant \u017eymi\u0173. \u0160is aksesuaras tinka tiek moterims, tiek vyrams, vertinantiems subtil\u0173, bet reik\u0161ming\u0105 stiliaus akcent\u0105.<\/p>\n<h3>Pritaikymo galimyb\u0117s<\/h3>\n<ul>\n<li>\u0160varko ar kostiumo atlapas oficialiems susitikimams<\/li>\n<li>Kuprin\u0117 ar portfelis kasdieniams i\u0161vyk\u00adiams<\/li>\n<li>Kepur\u0117 ar skryb\u0117l\u0117 neformaliems renginiams<\/li>\n<li>Dovan\u0173 pakuot\u0117s akcentas konferencijoms ar seminarams<\/li>\n<\/ul>\n<h2>Prid\u0117tin\u0117 vert\u0117 j\u016bs\u0173 verslui<\/h2>\n<p>Smulkus, bet kokybi\u0161kas aksesuaras sukuria profesional\u0173 \u012fsp\u016bd\u012f ir palieka \u0161ilt\u0105 prisiminim\u0105. Partneriai ir kolegos, gav\u0119 tok\u012f simbolin\u012f \u017eenkl\u0105, da\u017enai saugo j\u012f ilgai, tod\u0117l \u017eenkliukas veikia kaip nuolatinis prek\u0117s \u017eenklo priminimas. Tai ekonomi\u0161kas, bet efektyvus b\u016bdas stiprinti ry\u0161ius.<\/p>\n<h2>Wo kann man sie kaufen?<\/h2>\n<p>Breite Auswahl an Aufn\u00e4hern f\u00fcr Unternehmen und Freizeit ist auf unserer Website verf\u00fcgbar <a href=\"https:\/\/kabinam.lt\/de\/produktkategorie-2\/anstecknadeln-pins\/\">kabinam.lt in der Kategorie der Anstecknadeln<\/a>. Wenn Sie sich tiefer mit den Tendenzen moderner repr\u00e4sentativer Geschenke vertraut machen m\u00f6chten, ist es n\u00fctzlich zu lesen <a href=\"https:\/\/www.forbes.com\/sites\/forbesbusinesscouncil\/2023\/11\/13\/top-trending-corporate-gift-ideas\/\" target=\"_blank\" rel=\"nofollow noopener\">Forbes-Artikel \u00fcber Unternehmensgeschenk-Ideen<\/a>.<\/p>","protected":false},"excerpt":{"rendered":"<p>Metalinis \u017eenkliukas popierinio l\u0117ktuv\u0117lio formos \u2013 moderni ir simboli\u0161ka verslo dovana partneriams bei kolegoms.<\/p>","protected":false},"featured_media":3927,"comment_status":"open","ping_status":"closed","template":"","meta":{"_uag_custom_page_level_css":"","site-sidebar-layout":"default","site-content-layout":"","ast-site-content-layout":"default","site-content-style":"default","site-sidebar-style":"default","ast-global-header-display":"","ast-banner-title-visibility":"","ast-main-header-display":"","ast-hfb-above-header-display":"","ast-hfb-below-header-display":"","ast-hfb-mobile-header-display":"","site-post-title":"","ast-breadcrumbs-content":"","ast-featured-img":"","footer-sml-layout":"","ast-disable-related-posts":"","theme-transparent-header-meta":"default","adv-header-id-meta":"","stick-header-meta":"","header-above-stick-meta":"","header-main-stick-meta":"","header-below-stick-meta":"","astra-migrate-meta-layouts":"set","ast-page-background-enabled":"default","ast-page-background-meta":{"desktop":{"background-color":"var(--ast-global-color-4)","background-image":"","background-repeat":"repeat","background-position":"center center","background-size":"auto","background-attachment":"scroll","background-type":"","background-media":"","overlay-type":"","overlay-color":"","overlay-opacity":"","overlay-gradient":""},"tablet":{"background-color":"","background-image":"","background-repeat":"repeat","background-position":"center center","background-size":"auto","background-attachment":"scroll","background-type":"","background-media":"","overlay-type":"","overlay-color":"","overlay-opacity":"","overlay-gradient":""},"mobile":{"background-color":"","background-image":"","background-repeat":"repeat","background-position":"center center","background-size":"auto","background-attachment":"scroll","background-type":"","background-media":"","overlay-type":"","overlay-color":"","overlay-opacity":"","overlay-gradient":""}},"ast-content-background-meta":{"desktop":{"background-color":"var(--ast-global-color-5)","background-image":"","background-repeat":"repeat","background-position":"center center","background-size":"auto","background-attachment":"scroll","background-type":"","background-media":"","overlay-type":"","overlay-color":"","overlay-opacity":"","overlay-gradient":""},"tablet":{"background-color":"var(--ast-global-color-5)","background-image":"","background-repeat":"repeat","background-position":"center center","background-size":"auto","background-attachment":"scroll","background-type":"","background-media":"","overlay-type":"","overlay-color":"","overlay-opacity":"","overlay-gradient":""},"mobile":{"background-color":"var(--ast-global-color-5)","background-image":"","background-repeat":"repeat","background-position":"center center","background-size":"auto","background-attachment":"scroll","background-type":"","background-media":"","overlay-type":"","overlay-color":"","overlay-opacity":"","overlay-gradient":""}}},"product_brand":[],"product_cat":[125,126,119],"product_tag":[],"class_list":{"0":"post-3924","1":"product","2":"type-product","3":"status-publish","4":"has-post-thumbnail","6":"product_cat-halloween","7":"product_cat-visi","8":"product_cat-smeigtukai-pins","9":"desktop-align-center","10":"tablet-align-left","11":"mobile-align-left","13":"first","14":"outofstock","15":"shipping-taxable","16":"purchasable","17":"product-type-simple"},"yoast_head":"<!-- This site is optimized with the Yoast SEO plugin v27.1.1 - https:\/\/yoast.com\/product\/yoast-seo-wordpress\/ -->\n<title>Verslo dovanos \u2013 metalinis \u017eenkliukas popierinis l\u0117ktuv\u0117lis<\/title>\n<meta name=\"description\" content=\"Metalinis popierinio l\u0117ktuv\u0117lio \u017eenkliukas \u2013 subtilus ir simboli\u0161kas pasirinkimas verslo dovanoms, kuri\u0173 vert\u0117 i\u0161lieka ilgai.\" \/>\n<meta name=\"robots\" content=\"index, follow, max-snippet:-1, max-image-preview:large, max-video-preview:-1\" \/>\n<link rel=\"canonical\" href=\"https:\/\/kabinam.lt\/de\/produkt\/verslo-dovanos-popierinis-lektuvelis\/\" \/>\n<meta property=\"og:locale\" content=\"de_DE\" \/>\n<meta property=\"og:type\" content=\"article\" \/>\n<meta property=\"og:title\" content=\"Verslo dovanos \u2013 metalinis \u017eenkliukas popierinis l\u0117ktuv\u0117lis\" \/>\n<meta property=\"og:description\" content=\"Metalinis popierinio l\u0117ktuv\u0117lio \u017eenkliukas \u2013 subtilus ir simboli\u0161kas pasirinkimas verslo dovanoms, kuri\u0173 vert\u0117 i\u0161lieka ilgai.\" \/>\n<meta property=\"og:url\" content=\"https:\/\/kabinam.lt\/de\/produkt\/verslo-dovanos-popierinis-lektuvelis\/\" \/>\n<meta property=\"og:site_name\" content=\"kabinam.lt\" \/>\n<meta property=\"article:modified_time\" content=\"2026-02-06T10:52:01+00:00\" \/>\n<meta property=\"og:image\" content=\"https:\/\/kabinam.lt\/wp-content\/uploads\/2025\/07\/5af19d7d5cbe40da965b73e1091f82ce-goods.jpeg\" \/>\n\t<meta property=\"og:image:width\" content=\"1080\" \/>\n\t<meta property=\"og:image:height\" content=\"1080\" \/>\n\t<meta property=\"og:image:type\" content=\"image\/jpeg\" \/>\n<meta name=\"twitter:card\" content=\"summary_large_image\" \/>\n<meta name=\"twitter:label1\" content=\"Gesch\u00e4tzte Lesezeit\" \/>\n\t<meta name=\"twitter:data1\" content=\"2\u00a0Minuten\" \/>\n<script type=\"application\/ld+json\" class=\"yoast-schema-graph\">{\"@context\":\"https:\/\/schema.org\",\"@graph\":[{\"@type\":[\"WebPage\",\"ItemPage\"],\"@id\":\"https:\/\/kabinam.lt\/product\/verslo-dovanos-popierinis-lektuvelis\/\",\"url\":\"https:\/\/kabinam.lt\/product\/verslo-dovanos-popierinis-lektuvelis\/\",\"name\":\"Verslo dovanos \u2013 metalinis \u017eenkliukas popierinis l\u0117ktuv\u0117lis\",\"isPartOf\":{\"@id\":\"https:\/\/kabinam.lt\/#website\"},\"primaryImageOfPage\":{\"@id\":\"https:\/\/kabinam.lt\/product\/verslo-dovanos-popierinis-lektuvelis\/#primaryimage\"},\"image\":{\"@id\":\"https:\/\/kabinam.lt\/product\/verslo-dovanos-popierinis-lektuvelis\/#primaryimage\"},\"thumbnailUrl\":\"https:\/\/kabinam.lt\/wp-content\/uploads\/2025\/07\/5af19d7d5cbe40da965b73e1091f82ce-goods.jpeg\",\"datePublished\":\"2025-07-03T18:04:20+00:00\",\"dateModified\":\"2026-02-06T10:52:01+00:00\",\"description\":\"Metalinis popierinio l\u0117ktuv\u0117lio \u017eenkliukas \u2013 subtilus ir simboli\u0161kas pasirinkimas verslo dovanoms, kuri\u0173 vert\u0117 i\u0161lieka ilgai.\",\"breadcrumb\":{\"@id\":\"https:\/\/kabinam.lt\/product\/verslo-dovanos-popierinis-lektuvelis\/#breadcrumb\"},\"inLanguage\":\"de\",\"potentialAction\":[{\"@type\":\"ReadAction\",\"target\":[\"https:\/\/kabinam.lt\/product\/verslo-dovanos-popierinis-lektuvelis\/\"]}]},{\"@type\":\"ImageObject\",\"inLanguage\":\"de\",\"@id\":\"https:\/\/kabinam.lt\/product\/verslo-dovanos-popierinis-lektuvelis\/#primaryimage\",\"url\":\"https:\/\/kabinam.lt\/wp-content\/uploads\/2025\/07\/5af19d7d5cbe40da965b73e1091f82ce-goods.jpeg\",\"contentUrl\":\"https:\/\/kabinam.lt\/wp-content\/uploads\/2025\/07\/5af19d7d5cbe40da965b73e1091f82ce-goods.jpeg\",\"width\":1080,\"height\":1080,\"caption\":\"Popierinio l\u0117ktuv\u0117lio formos metalinis \u017eenkliukas\"},{\"@type\":\"BreadcrumbList\",\"@id\":\"https:\/\/kabinam.lt\/product\/verslo-dovanos-popierinis-lektuvelis\/#breadcrumb\",\"itemListElement\":[{\"@type\":\"ListItem\",\"position\":1,\"name\":\"Home\",\"item\":\"https:\/\/kabinam.lt\/\"},{\"@type\":\"ListItem\",\"position\":2,\"name\":\"Visi Produktai\",\"item\":\"https:\/\/kabinam.lt\/visi-produktai\/\"},{\"@type\":\"ListItem\",\"position\":3,\"name\":\"Verslo dovanos \u2013 metalinis \u017eenkliukas popierinis l\u0117ktuv\u0117lis\"}]},{\"@type\":\"WebSite\",\"@id\":\"https:\/\/kabinam.lt\/#website\",\"url\":\"https:\/\/kabinam.lt\/\",\"name\":\"kabinam.lt\",\"description\":\"Kabinam.lt \u2013 raktu pakabukai ir aksesuarai\",\"publisher\":{\"@id\":\"https:\/\/kabinam.lt\/#organization\"},\"alternateName\":\"pakabukai lt\",\"potentialAction\":[{\"@type\":\"SearchAction\",\"target\":{\"@type\":\"EntryPoint\",\"urlTemplate\":\"https:\/\/kabinam.lt\/?s={search_term_string}\"},\"query-input\":{\"@type\":\"PropertyValueSpecification\",\"valueRequired\":true,\"valueName\":\"search_term_string\"}}],\"inLanguage\":\"de\"},{\"@type\":\"Organization\",\"@id\":\"https:\/\/kabinam.lt\/#organization\",\"name\":\"kabinam.lt\",\"alternateName\":\"kabinam\",\"url\":\"https:\/\/kabinam.lt\/\",\"logo\":{\"@type\":\"ImageObject\",\"inLanguage\":\"de\",\"@id\":\"https:\/\/kabinam.lt\/#\/schema\/logo\/image\/\",\"url\":\"https:\/\/kabinam.lt\/wp-content\/uploads\/2025\/05\/KABINAM_outer_glow.png\",\"contentUrl\":\"https:\/\/kabinam.lt\/wp-content\/uploads\/2025\/05\/KABINAM_outer_glow.png\",\"width\":474,\"height\":141,\"caption\":\"kabinam.lt\"},\"image\":{\"@id\":\"https:\/\/kabinam.lt\/#\/schema\/logo\/image\/\"}}]}<\/script>\n<!-- \/ Yoast SEO plugin. -->","yoast_head_json":{"title":"Werbegeschenke \u2013 Metallanh\u00e4nger Papierflieger","description":"Metalinis popierinio l\u0117ktuv\u0117lio \u017eenkliukas \u2013 subtilus ir simboli\u0161kas pasirinkimas verslo dovanoms, kuri\u0173 vert\u0117 i\u0161lieka ilgai.","robots":{"index":"index","follow":"follow","max-snippet":"max-snippet:-1","max-image-preview":"max-image-preview:large","max-video-preview":"max-video-preview:-1"},"canonical":"https:\/\/kabinam.lt\/de\/produkt\/verslo-dovanos-popierinis-lektuvelis\/","og_locale":"de_DE","og_type":"article","og_title":"Verslo dovanos \u2013 metalinis \u017eenkliukas popierinis l\u0117ktuv\u0117lis","og_description":"Metalinis popierinio l\u0117ktuv\u0117lio \u017eenkliukas \u2013 subtilus ir simboli\u0161kas pasirinkimas verslo dovanoms, kuri\u0173 vert\u0117 i\u0161lieka ilgai.","og_url":"https:\/\/kabinam.lt\/de\/produkt\/verslo-dovanos-popierinis-lektuvelis\/","og_site_name":"kabinam.lt","article_modified_time":"2026-02-06T10:52:01+00:00","og_image":[{"width":1080,"height":1080,"url":"https:\/\/kabinam.lt\/wp-content\/uploads\/2025\/07\/5af19d7d5cbe40da965b73e1091f82ce-goods.jpeg","type":"image\/jpeg"}],"twitter_card":"summary_large_image","twitter_misc":{"Gesch\u00e4tzte Lesezeit":"2\u00a0Minuten"},"schema":{"@context":"https:\/\/schema.org","@graph":[{"@type":["WebPage","ItemPage"],"@id":"https:\/\/kabinam.lt\/product\/verslo-dovanos-popierinis-lektuvelis\/","url":"https:\/\/kabinam.lt\/product\/verslo-dovanos-popierinis-lektuvelis\/","name":"Werbegeschenke \u2013 Metallanh\u00e4nger Papierflieger","isPartOf":{"@id":"https:\/\/kabinam.lt\/#website"},"primaryImageOfPage":{"@id":"https:\/\/kabinam.lt\/product\/verslo-dovanos-popierinis-lektuvelis\/#primaryimage"},"image":{"@id":"https:\/\/kabinam.lt\/product\/verslo-dovanos-popierinis-lektuvelis\/#primaryimage"},"thumbnailUrl":"https:\/\/kabinam.lt\/wp-content\/uploads\/2025\/07\/5af19d7d5cbe40da965b73e1091f82ce-goods.jpeg","datePublished":"2025-07-03T18:04:20+00:00","dateModified":"2026-02-06T10:52:01+00:00","description":"Metalinis popierinio l\u0117ktuv\u0117lio \u017eenkliukas \u2013 subtilus ir simboli\u0161kas pasirinkimas verslo dovanoms, kuri\u0173 vert\u0117 i\u0161lieka ilgai.","breadcrumb":{"@id":"https:\/\/kabinam.lt\/product\/verslo-dovanos-popierinis-lektuvelis\/#breadcrumb"},"inLanguage":"de","potentialAction":[{"@type":"ReadAction","target":["https:\/\/kabinam.lt\/product\/verslo-dovanos-popierinis-lektuvelis\/"]}]},{"@type":"ImageObject","inLanguage":"de","@id":"https:\/\/kabinam.lt\/product\/verslo-dovanos-popierinis-lektuvelis\/#primaryimage","url":"https:\/\/kabinam.lt\/wp-content\/uploads\/2025\/07\/5af19d7d5cbe40da965b73e1091f82ce-goods.jpeg","contentUrl":"https:\/\/kabinam.lt\/wp-content\/uploads\/2025\/07\/5af19d7d5cbe40da965b73e1091f82ce-goods.jpeg","width":1080,"height":1080,"caption":"Popierinio l\u0117ktuv\u0117lio formos metalinis \u017eenkliukas"},{"@type":"BreadcrumbList","@id":"https:\/\/kabinam.lt\/product\/verslo-dovanos-popierinis-lektuvelis\/#breadcrumb","itemListElement":[{"@type":"ListItem","position":1,"name":"Home","item":"https:\/\/kabinam.lt\/"},{"@type":"ListItem","position":2,"name":"Visi Produktai","item":"https:\/\/kabinam.lt\/visi-produktai\/"},{"@type":"ListItem","position":3,"name":"Verslo dovanos \u2013 metalinis \u017eenkliukas popierinis l\u0117ktuv\u0117lis"}]},{"@type":"WebSite","@id":"https:\/\/kabinam.lt\/#website","url":"https:\/\/kabinam.lt\/","name":"kabinam.lt","description":"Kabinam.lt - Schl\u00fcsselanh\u00e4nger und Zubeh\u00f6r","publisher":{"@id":"https:\/\/kabinam.lt\/#organization"},"alternateName":"pakabukai lt","potentialAction":[{"@type":"SearchAction","target":{"@type":"EntryPoint","urlTemplate":"https:\/\/kabinam.lt\/?s={search_term_string}"},"query-input":{"@type":"PropertyValueSpecification","valueRequired":true,"valueName":"search_term_string"}}],"inLanguage":"de"},{"@type":"Organization","@id":"https:\/\/kabinam.lt\/#organization","name":"kabinam.lt","alternateName":"kabinam","url":"https:\/\/kabinam.lt\/","logo":{"@type":"ImageObject","inLanguage":"de","@id":"https:\/\/kabinam.lt\/#\/schema\/logo\/image\/","url":"https:\/\/kabinam.lt\/wp-content\/uploads\/2025\/05\/KABINAM_outer_glow.png","contentUrl":"https:\/\/kabinam.lt\/wp-content\/uploads\/2025\/05\/KABINAM_outer_glow.png","width":474,"height":141,"caption":"kabinam.lt"},"image":{"@id":"https:\/\/kabinam.lt\/#\/schema\/logo\/image\/"}}]}},"uagb_featured_image_src":{"full":["https:\/\/kabinam.lt\/wp-content\/uploads\/2025\/07\/5af19d7d5cbe40da965b73e1091f82ce-goods.jpeg",1080,1080,false],"thumbnail":["https:\/\/kabinam.lt\/wp-content\/uploads\/2025\/07\/5af19d7d5cbe40da965b73e1091f82ce-goods-150x150.jpeg",150,150,true],"medium":["https:\/\/kabinam.lt\/wp-content\/uploads\/2025\/07\/5af19d7d5cbe40da965b73e1091f82ce-goods-300x300.jpeg",300,300,true],"medium_large":["https:\/\/kabinam.lt\/wp-content\/uploads\/2025\/07\/5af19d7d5cbe40da965b73e1091f82ce-goods-768x768.jpeg",768,768,true],"large":["https:\/\/kabinam.lt\/wp-content\/uploads\/2025\/07\/5af19d7d5cbe40da965b73e1091f82ce-goods-1024x1024.jpeg",1024,1024,true],"1536x1536":["https:\/\/kabinam.lt\/wp-content\/uploads\/2025\/07\/5af19d7d5cbe40da965b73e1091f82ce-goods.jpeg",1080,1080,false],"2048x2048":["https:\/\/kabinam.lt\/wp-content\/uploads\/2025\/07\/5af19d7d5cbe40da965b73e1091f82ce-goods.jpeg",1080,1080,false],"trp-custom-language-flag":["https:\/\/kabinam.lt\/wp-content\/uploads\/2025\/07\/5af19d7d5cbe40da965b73e1091f82ce-goods.jpeg",12,12,false],"woocommerce_thumbnail":["https:\/\/kabinam.lt\/wp-content\/uploads\/2025\/07\/5af19d7d5cbe40da965b73e1091f82ce-goods-300x300.jpeg",300,300,true],"woocommerce_single":["https:\/\/kabinam.lt\/wp-content\/uploads\/2025\/07\/5af19d7d5cbe40da965b73e1091f82ce-goods-600x600.jpeg",600,600,true],"woocommerce_gallery_thumbnail":["https:\/\/kabinam.lt\/wp-content\/uploads\/2025\/07\/5af19d7d5cbe40da965b73e1091f82ce-goods-100x100.jpeg",100,100,true]},"uagb_author_info":{"display_name":"kabinam.lt","author_link":"https:\/\/kabinam.lt\/de\/author\/"},"uagb_comment_info":0,"uagb_excerpt":"Metalinis \u017eenkliukas popierinio l\u0117ktuv\u0117lio formos \u2013 moderni ir simboli\u0161ka verslo dovana partneriams bei kolegoms.","_links":{"self":[{"href":"https:\/\/kabinam.lt\/de\/wp-json\/wp\/v2\/product\/3924","targetHints":{"allow":["GET"]}}],"collection":[{"href":"https:\/\/kabinam.lt\/de\/wp-json\/wp\/v2\/product"}],"about":[{"href":"https:\/\/kabinam.lt\/de\/wp-json\/wp\/v2\/types\/product"}],"replies":[{"embeddable":true,"href":"https:\/\/kabinam.lt\/de\/wp-json\/wp\/v2\/comments?post=3924"}],"wp:featuredmedia":[{"embeddable":true,"href":"https:\/\/kabinam.lt\/de\/wp-json\/wp\/v2\/media\/3927"}],"wp:attachment":[{"href":"https:\/\/kabinam.lt\/de\/wp-json\/wp\/v2\/media?parent=3924"}],"wp:term":[{"taxonomy":"product_brand","embeddable":true,"href":"https:\/\/kabinam.lt\/de\/wp-json\/wp\/v2\/product_brand?post=3924"},{"taxonomy":"product_cat","embeddable":true,"href":"https:\/\/kabinam.lt\/de\/wp-json\/wp\/v2\/product_cat?post=3924"},{"taxonomy":"product_tag","embeddable":true,"href":"https:\/\/kabinam.lt\/de\/wp-json\/wp\/v2\/product_tag?post=3924"}],"curies":[{"name":"wp","href":"https:\/\/api.w.org\/{rel}","templated":true}]}}