{"id":3920,"date":"2025-07-02T21:45:47","date_gmt":"2025-07-02T19:45:47","guid":{"rendered":"https:\/\/kabinam.lt\/?post_type=product&#038;p=3920"},"modified":"2026-03-12T07:05:45","modified_gmt":"2026-03-12T05:05:45","slug":"emaille-pin-panda-geschenkideen-fur-frauen","status":"publish","type":"product","link":"https:\/\/kabinam.lt\/de\/product\/emalio-smeigtukas-panda-dovanu-idejos-moteriai\/","title":{"rendered":"Emaille-Anstecknadel Panda \u2013 Geschenkideen f\u00fcr Frauen"},"content":{"rendered":"<div class=\"kk-star-ratings kksr-auto kksr-align-left kksr-valign-top\"\n    data-payload='{&quot;align&quot;:&quot;left&quot;,&quot;id&quot;:&quot;3920&quot;,&quot;slug&quot;:&quot;default&quot;,&quot;valign&quot;:&quot;top&quot;,&quot;ignore&quot;:&quot;&quot;,&quot;reference&quot;:&quot;auto&quot;,&quot;class&quot;:&quot;&quot;,&quot;count&quot;:&quot;0&quot;,&quot;legendonly&quot;:&quot;&quot;,&quot;readonly&quot;:&quot;&quot;,&quot;score&quot;:&quot;0&quot;,&quot;starsonly&quot;:&quot;&quot;,&quot;best&quot;:&quot;5&quot;,&quot;gap&quot;:&quot;5&quot;,&quot;greet&quot;:&quot;Mums svarbus j\u016bs\u0173 \u012fvertinimas&quot;,&quot;legend&quot;:&quot;0\\\/5 - (0 votes)&quot;,&quot;size&quot;:&quot;24&quot;,&quot;title&quot;:&quot;Emalio smeigtukas panda \u2013 dovanu idejos moteriai&quot;,&quot;width&quot;:&quot;0&quot;,&quot;_legend&quot;:&quot;{score}\\\/{best} - ({count} {votes})&quot;,&quot;font_factor&quot;:&quot;1.25&quot;}'>\n            \n<div class=\"kksr-stars\">\n    \n<div class=\"kksr-stars-inactive\">\n            <div class=\"kksr-star\" data-star=\"1\" style=\"padding-right: 5px\">\n            \n\n<div class=\"kksr-icon\" style=\"width: 24px; height: 24px;\"><\/div>\n        <\/div>\n            <div class=\"kksr-star\" data-star=\"2\" style=\"padding-right: 5px\">\n            \n\n<div class=\"kksr-icon\" style=\"width: 24px; height: 24px;\"><\/div>\n        <\/div>\n            <div class=\"kksr-star\" data-star=\"3\" style=\"padding-right: 5px\">\n            \n\n<div class=\"kksr-icon\" style=\"width: 24px; height: 24px;\"><\/div>\n        <\/div>\n            <div class=\"kksr-star\" data-star=\"4\" style=\"padding-right: 5px\">\n            \n\n<div class=\"kksr-icon\" style=\"width: 24px; height: 24px;\"><\/div>\n        <\/div>\n            <div class=\"kksr-star\" data-star=\"5\" style=\"padding-right: 5px\">\n            \n\n<div class=\"kksr-icon\" style=\"width: 24px; height: 24px;\"><\/div>\n        <\/div>\n    <\/div>\n    \n<div class=\"kksr-stars-active\" style=\"width: 0px;\">\n            <div class=\"kksr-star\" style=\"padding-right: 5px\">\n            \n\n<div class=\"kksr-icon\" style=\"width: 24px; height: 24px;\"><\/div>\n        <\/div>\n            <div class=\"kksr-star\" style=\"padding-right: 5px\">\n            \n\n<div class=\"kksr-icon\" style=\"width: 24px; height: 24px;\"><\/div>\n        <\/div>\n            <div class=\"kksr-star\" style=\"padding-right: 5px\">\n            \n\n<div class=\"kksr-icon\" style=\"width: 24px; height: 24px;\"><\/div>\n        <\/div>\n            <div class=\"kksr-star\" style=\"padding-right: 5px\">\n            \n\n<div class=\"kksr-icon\" style=\"width: 24px; height: 24px;\"><\/div>\n        <\/div>\n            <div class=\"kksr-star\" style=\"padding-right: 5px\">\n            \n\n<div class=\"kksr-icon\" style=\"width: 24px; height: 24px;\"><\/div>\n        <\/div>\n    <\/div>\n<\/div>\n                \n\n<div class=\"kksr-legend\" style=\"font-size: 19.2px;\">\n            <span class=\"kksr-muted\">Ihre Bewertung ist f\u00fcr uns wichtig<\/span>\n    <\/div>\n    <\/div>\n<h1>Emaille-Anstecknadel Panda \u2013 Geschenkideen f\u00fcr Frauen<\/h1>\n<p>Kai ie\u0161koma originalumo, \u0161velnumo ir \u017eaismingumo, emalio smeigtukas panda tampa netik\u0117tu, bet itin taikliu pasirinkimu tarp vis\u0173 kit\u0173 dovanu idejos moteriai. Mielas, bet kartu eleganti\u0161kas aksesuaras su panda \u2013 tai detal\u0117, kuri papuo\u0161 kuprin\u0119, \u0161varkel\u012f ar net skarel\u0119.<\/p>\n<p>\u0160is \u017eenkliukas tinka \u012fvairaus am\u017eiaus moterims \u2013 nuo paaugli\u0173 iki suaugusi\u0173j\u0173, kurios m\u0117gsta originalias ir simboli\u0161kas dovanas. Panda \u017eavi savo ramiu \u017evilgsniu, o emalio spalvos perteikia jaukum\u0105 ir \u0161ilum\u0105. Tai ma\u017eyt\u0117, bet labai i\u0161kalbinga detal\u0117.<\/p>\n<p>Pagamintas i\u0161 metalo ir padengtas auk\u0161tos kokyb\u0117s emaliu, smeigtukas i\u0161laiko savo i\u0161vaizd\u0105 net ne\u0161iojant kasdien. Jis tvirtai laikosi d\u0117l u\u017esukamo u\u017esegimo, tod\u0117l galima ne\u0161ioti ant \u012fvairi\u0173 pavir\u0161i\u0173 be r\u016bpes\u010di\u0173.<\/p>\n<h2>Stilingos dovanos su prasme \u2013 kod\u0117l rinktis panda \u017eenkliuk\u0105?<\/h2>\n<p>\u0160iuolaikin\u0117s dovanu idejos moteriai da\u017enai ie\u0161komos su mintimi apie unikalum\u0105. Panda simbolizuoja ramyb\u0119, kantryb\u0119 ir \u0161velnum\u0105 \u2013 tai savyb\u0117s, kurias vertina daugelis moter\u0173. D\u0117l to \u0161is \u017eenkliukas tampa ne tik gra\u017eiu aksesuaru, bet ir prasminga dovana.<\/p>\n<p>Be to, \u017eenkliukai vis labiau populiar\u0117ja tarp stiliaus entuzias\u010di\u0173. Emalio pinai \u2013 tai b\u016bdas i\u0161reik\u0161ti save per smulkias, bet i\u0161kalbingas detales. Jie puikiai dera prie minimalistinio ar \u201ekawaii\u201c stiliaus, o panda yra vienas universaliausi\u0173 simboli\u0173, tinkan\u010di\u0173 \u012fvairiems skoniams.<\/p>\n<h3>Ma\u017ea detal\u0117, kuri kalba daug<\/h3>\n<p>Emalio smeigtukas panda i\u0161siskiria savo kokybe ir detalumu. Emalio spalvos \u2013 juoda ir balta \u2013 subtiliai dera su bet kokiu garderobu. Kra\u0161tai nugludinti, tod\u0117l jis saugus net jautresnei odai. D\u0117l kompakti\u0161ko dyd\u017eio jis gali tapti miela kasdienyb\u0117s dalimi, o ne tik \u0161ventiniu akcentu.<\/p>\n<p>Tokia dovana parodo d\u0117mes\u012f \u2013 ji subtili, nebrangi, bet turinti i\u0161liekam\u0105j\u0105 vert\u0119. Puikiai tinka gimtadieniui, vardadieniui ar tiesiog kaip \u0161iltas gestas be progos.<\/p>\n<h3>Kur ie\u0161koti daugiau \u017eavi\u0173 id\u0117j\u0173?<\/h3>\n<p data-start=\"2286\" data-end=\"2529\">Ie\u0161kai daugiau k\u016brybi\u0161k\u0173 ir simboli\u0161k\u0173 aksesuar\u0173 moteriai? Apsilankyk m\u016bs\u0173 <a class=\"\" href=\"https:\/\/kabinam.lt\/de\/produktkategorie-2\/anstecknadeln-pins\/\" target=\"_new\" rel=\"noopener\" data-start=\"2361\" data-end=\"2460\">smeigtuk\u0173 kolekcijoje kabinam.lt svetain\u0117je<\/a> ir atrask daugiau unikali\u0173 variant\u0173, kurie gali tapti puikia dovana.<\/p>\n<p data-start=\"2531\" data-end=\"2775\">Norint pamatyti, kaip emalio \u017eenkliukai integruojami \u012f kasdien\u012f stili\u0173 visame pasaulyje, rekomenduojame i\u0161nagrin\u0117ti <a class=\"cursor-pointer\" target=\"_new\" rel=\"noopener\" data-start=\"2647\" data-end=\"2774\">Pinterest \u012fra\u0161us apie enamel pin ideas for women<\/a>.<\/p>","protected":false},"excerpt":{"rendered":"<p>Emalio smeigtukas panda \u2013 mielas ir simboli\u0161kas aksesuaras, puikiai tinkantis kaip originali dovana moteriai bet kokia proga.<\/p>","protected":false},"featured_media":3923,"comment_status":"open","ping_status":"closed","template":"","meta":{"_uag_custom_page_level_css":"","site-sidebar-layout":"default","site-content-layout":"","ast-site-content-layout":"default","site-content-style":"default","site-sidebar-style":"default","ast-global-header-display":"","ast-banner-title-visibility":"","ast-main-header-display":"","ast-hfb-above-header-display":"","ast-hfb-below-header-display":"","ast-hfb-mobile-header-display":"","site-post-title":"","ast-breadcrumbs-content":"","ast-featured-img":"","footer-sml-layout":"","ast-disable-related-posts":"","theme-transparent-header-meta":"default","adv-header-id-meta":"","stick-header-meta":"","header-above-stick-meta":"","header-main-stick-meta":"","header-below-stick-meta":"","astra-migrate-meta-layouts":"set","ast-page-background-enabled":"default","ast-page-background-meta":{"desktop":{"background-color":"var(--ast-global-color-4)","background-image":"","background-repeat":"repeat","background-position":"center center","background-size":"auto","background-attachment":"scroll","background-type":"","background-media":"","overlay-type":"","overlay-color":"","overlay-opacity":"","overlay-gradient":""},"tablet":{"background-color":"","background-image":"","background-repeat":"repeat","background-position":"center center","background-size":"auto","background-attachment":"scroll","background-type":"","background-media":"","overlay-type":"","overlay-color":"","overlay-opacity":"","overlay-gradient":""},"mobile":{"background-color":"","background-image":"","background-repeat":"repeat","background-position":"center center","background-size":"auto","background-attachment":"scroll","background-type":"","background-media":"","overlay-type":"","overlay-color":"","overlay-opacity":"","overlay-gradient":""}},"ast-content-background-meta":{"desktop":{"background-color":"var(--ast-global-color-5)","background-image":"","background-repeat":"repeat","background-position":"center center","background-size":"auto","background-attachment":"scroll","background-type":"","background-media":"","overlay-type":"","overlay-color":"","overlay-opacity":"","overlay-gradient":""},"tablet":{"background-color":"var(--ast-global-color-5)","background-image":"","background-repeat":"repeat","background-position":"center center","background-size":"auto","background-attachment":"scroll","background-type":"","background-media":"","overlay-type":"","overlay-color":"","overlay-opacity":"","overlay-gradient":""},"mobile":{"background-color":"var(--ast-global-color-5)","background-image":"","background-repeat":"repeat","background-position":"center center","background-size":"auto","background-attachment":"scroll","background-type":"","background-media":"","overlay-type":"","overlay-color":"","overlay-opacity":"","overlay-gradient":""}}},"product_brand":[],"product_cat":[126,119],"product_tag":[],"class_list":{"0":"post-3920","1":"product","2":"type-product","3":"status-publish","4":"has-post-thumbnail","6":"product_cat-visi","7":"product_cat-smeigtukai-pins","8":"desktop-align-center","9":"tablet-align-left","10":"mobile-align-left","12":"first","13":"instock","14":"shipping-taxable","15":"purchasable","16":"product-type-simple"},"yoast_head":"<!-- This site is optimized with the Yoast SEO plugin v27.1.1 - https:\/\/yoast.com\/product\/yoast-seo-wordpress\/ -->\n<title>Emalio smeigtukas panda \u2013 dovanu idejos moteriai - kabinam.lt<\/title>\n<meta name=\"description\" content=\"Emalio smeigtukas panda \u2013 i\u0161skirtin\u0117 ir subtili dovana moteriai. Viena originaliausi\u0173 dovanu idejos moteriai variant\u0173.\" \/>\n<meta name=\"robots\" content=\"index, follow, max-snippet:-1, max-image-preview:large, max-video-preview:-1\" \/>\n<link rel=\"canonical\" href=\"https:\/\/kabinam.lt\/de\/produkt\/emaille-pin-panda-geschenkideen-fur-frauen\/\" \/>\n<meta property=\"og:locale\" content=\"de_DE\" \/>\n<meta property=\"og:type\" content=\"article\" \/>\n<meta property=\"og:title\" content=\"Emalio smeigtukas panda \u2013 dovanu idejos moteriai - kabinam.lt\" \/>\n<meta property=\"og:description\" content=\"Emalio smeigtukas panda \u2013 i\u0161skirtin\u0117 ir subtili dovana moteriai. Viena originaliausi\u0173 dovanu idejos moteriai variant\u0173.\" \/>\n<meta property=\"og:url\" content=\"https:\/\/kabinam.lt\/de\/produkt\/emaille-pin-panda-geschenkideen-fur-frauen\/\" \/>\n<meta property=\"og:site_name\" content=\"kabinam.lt\" \/>\n<meta property=\"article:modified_time\" content=\"2026-03-12T05:05:45+00:00\" \/>\n<meta property=\"og:image\" content=\"https:\/\/kabinam.lt\/wp-content\/uploads\/2025\/07\/a4c4ea030ba44f1ab7b940d5631d7d3b-goods.jpeg\" \/>\n\t<meta property=\"og:image:width\" content=\"800\" \/>\n\t<meta property=\"og:image:height\" content=\"800\" \/>\n\t<meta property=\"og:image:type\" content=\"image\/jpeg\" \/>\n<meta name=\"twitter:card\" content=\"summary_large_image\" \/>\n<meta name=\"twitter:label1\" content=\"Gesch\u00e4tzte Lesezeit\" \/>\n\t<meta name=\"twitter:data1\" content=\"2\u00a0Minuten\" \/>\n<script type=\"application\/ld+json\" class=\"yoast-schema-graph\">{\"@context\":\"https:\/\/schema.org\",\"@graph\":[{\"@type\":[\"WebPage\",\"ItemPage\"],\"@id\":\"https:\/\/kabinam.lt\/eng\/product\/enamel-pin-panda-gift-ideas-for-women\/\",\"url\":\"https:\/\/kabinam.lt\/eng\/product\/enamel-pin-panda-gift-ideas-for-women\/\",\"name\":\"Emalio smeigtukas panda \u2013 dovanu idejos moteriai - kabinam.lt\",\"isPartOf\":{\"@id\":\"https:\/\/kabinam.lt\/#website\"},\"primaryImageOfPage\":{\"@id\":\"https:\/\/kabinam.lt\/eng\/product\/enamel-pin-panda-gift-ideas-for-women\/#primaryimage\"},\"image\":{\"@id\":\"https:\/\/kabinam.lt\/eng\/product\/enamel-pin-panda-gift-ideas-for-women\/#primaryimage\"},\"thumbnailUrl\":\"https:\/\/kabinam.lt\/wp-content\/uploads\/2025\/07\/a4c4ea030ba44f1ab7b940d5631d7d3b-goods.jpeg\",\"datePublished\":\"2025-07-02T19:45:47+00:00\",\"dateModified\":\"2026-03-12T05:05:45+00:00\",\"description\":\"Emalio smeigtukas panda \u2013 i\u0161skirtin\u0117 ir subtili dovana moteriai. Viena originaliausi\u0173 dovanu idejos moteriai variant\u0173.\",\"breadcrumb\":{\"@id\":\"https:\/\/kabinam.lt\/eng\/product\/enamel-pin-panda-gift-ideas-for-women\/#breadcrumb\"},\"inLanguage\":\"de\",\"potentialAction\":[{\"@type\":\"ReadAction\",\"target\":[\"https:\/\/kabinam.lt\/eng\/product\/enamel-pin-panda-gift-ideas-for-women\/\"]}]},{\"@type\":\"ImageObject\",\"inLanguage\":\"de\",\"@id\":\"https:\/\/kabinam.lt\/eng\/product\/enamel-pin-panda-gift-ideas-for-women\/#primaryimage\",\"url\":\"https:\/\/kabinam.lt\/wp-content\/uploads\/2025\/07\/a4c4ea030ba44f1ab7b940d5631d7d3b-goods.jpeg\",\"contentUrl\":\"https:\/\/kabinam.lt\/wp-content\/uploads\/2025\/07\/a4c4ea030ba44f1ab7b940d5631d7d3b-goods.jpeg\",\"width\":800,\"height\":800,\"caption\":\"Emalio smeigtukas panda \u2013 \u017eavinga id\u0117ja dovanai moteriai\"},{\"@type\":\"BreadcrumbList\",\"@id\":\"https:\/\/kabinam.lt\/eng\/product\/enamel-pin-panda-gift-ideas-for-women\/#breadcrumb\",\"itemListElement\":[{\"@type\":\"ListItem\",\"position\":1,\"name\":\"Home\",\"item\":\"https:\/\/kabinam.lt\/\"},{\"@type\":\"ListItem\",\"position\":2,\"name\":\"Visi Produktai\",\"item\":\"https:\/\/kabinam.lt\/visi-produktai\/\"},{\"@type\":\"ListItem\",\"position\":3,\"name\":\"Emalio smeigtukas panda \u2013 dovanu idejos moteriai\"}]},{\"@type\":\"WebSite\",\"@id\":\"https:\/\/kabinam.lt\/#website\",\"url\":\"https:\/\/kabinam.lt\/\",\"name\":\"kabinam.lt\",\"description\":\"Kabinam.lt \u2013 raktu pakabukai ir aksesuarai\",\"publisher\":{\"@id\":\"https:\/\/kabinam.lt\/#organization\"},\"alternateName\":\"pakabukai lt\",\"potentialAction\":[{\"@type\":\"SearchAction\",\"target\":{\"@type\":\"EntryPoint\",\"urlTemplate\":\"https:\/\/kabinam.lt\/?s={search_term_string}\"},\"query-input\":{\"@type\":\"PropertyValueSpecification\",\"valueRequired\":true,\"valueName\":\"search_term_string\"}}],\"inLanguage\":\"de\"},{\"@type\":\"Organization\",\"@id\":\"https:\/\/kabinam.lt\/#organization\",\"name\":\"kabinam.lt\",\"alternateName\":\"kabinam\",\"url\":\"https:\/\/kabinam.lt\/\",\"logo\":{\"@type\":\"ImageObject\",\"inLanguage\":\"de\",\"@id\":\"https:\/\/kabinam.lt\/#\/schema\/logo\/image\/\",\"url\":\"https:\/\/kabinam.lt\/wp-content\/uploads\/2025\/05\/KABINAM_outer_glow.png\",\"contentUrl\":\"https:\/\/kabinam.lt\/wp-content\/uploads\/2025\/05\/KABINAM_outer_glow.png\",\"width\":474,\"height\":141,\"caption\":\"kabinam.lt\"},\"image\":{\"@id\":\"https:\/\/kabinam.lt\/#\/schema\/logo\/image\/\"}}]}<\/script>\n<!-- \/ Yoast SEO plugin. -->","yoast_head_json":{"title":"Emalio smeigtukas panda \u2013 dovanu idejos moteriai - kabinam.lt","description":"Emalio smeigtukas panda \u2013 i\u0161skirtin\u0117 ir subtili dovana moteriai. Viena originaliausi\u0173 dovanu idejos moteriai variant\u0173.","robots":{"index":"index","follow":"follow","max-snippet":"max-snippet:-1","max-image-preview":"max-image-preview:large","max-video-preview":"max-video-preview:-1"},"canonical":"https:\/\/kabinam.lt\/de\/produkt\/emaille-pin-panda-geschenkideen-fur-frauen\/","og_locale":"de_DE","og_type":"article","og_title":"Emalio smeigtukas panda \u2013 dovanu idejos moteriai - kabinam.lt","og_description":"Emalio smeigtukas panda \u2013 i\u0161skirtin\u0117 ir subtili dovana moteriai. Viena originaliausi\u0173 dovanu idejos moteriai variant\u0173.","og_url":"https:\/\/kabinam.lt\/de\/produkt\/emaille-pin-panda-geschenkideen-fur-frauen\/","og_site_name":"kabinam.lt","article_modified_time":"2026-03-12T05:05:45+00:00","og_image":[{"width":800,"height":800,"url":"https:\/\/kabinam.lt\/wp-content\/uploads\/2025\/07\/a4c4ea030ba44f1ab7b940d5631d7d3b-goods.jpeg","type":"image\/jpeg"}],"twitter_card":"summary_large_image","twitter_misc":{"Gesch\u00e4tzte Lesezeit":"2\u00a0Minuten"},"schema":{"@context":"https:\/\/schema.org","@graph":[{"@type":["WebPage","ItemPage"],"@id":"https:\/\/kabinam.lt\/eng\/product\/enamel-pin-panda-gift-ideas-for-women\/","url":"https:\/\/kabinam.lt\/eng\/product\/enamel-pin-panda-gift-ideas-for-women\/","name":"Emalio smeigtukas panda \u2013 dovanu idejos moteriai - kabinam.lt","isPartOf":{"@id":"https:\/\/kabinam.lt\/#website"},"primaryImageOfPage":{"@id":"https:\/\/kabinam.lt\/eng\/product\/enamel-pin-panda-gift-ideas-for-women\/#primaryimage"},"image":{"@id":"https:\/\/kabinam.lt\/eng\/product\/enamel-pin-panda-gift-ideas-for-women\/#primaryimage"},"thumbnailUrl":"https:\/\/kabinam.lt\/wp-content\/uploads\/2025\/07\/a4c4ea030ba44f1ab7b940d5631d7d3b-goods.jpeg","datePublished":"2025-07-02T19:45:47+00:00","dateModified":"2026-03-12T05:05:45+00:00","description":"Emalio smeigtukas panda \u2013 i\u0161skirtin\u0117 ir subtili dovana moteriai. Viena originaliausi\u0173 dovanu idejos moteriai variant\u0173.","breadcrumb":{"@id":"https:\/\/kabinam.lt\/eng\/product\/enamel-pin-panda-gift-ideas-for-women\/#breadcrumb"},"inLanguage":"de","potentialAction":[{"@type":"ReadAction","target":["https:\/\/kabinam.lt\/eng\/product\/enamel-pin-panda-gift-ideas-for-women\/"]}]},{"@type":"ImageObject","inLanguage":"de","@id":"https:\/\/kabinam.lt\/eng\/product\/enamel-pin-panda-gift-ideas-for-women\/#primaryimage","url":"https:\/\/kabinam.lt\/wp-content\/uploads\/2025\/07\/a4c4ea030ba44f1ab7b940d5631d7d3b-goods.jpeg","contentUrl":"https:\/\/kabinam.lt\/wp-content\/uploads\/2025\/07\/a4c4ea030ba44f1ab7b940d5631d7d3b-goods.jpeg","width":800,"height":800,"caption":"Emalio smeigtukas panda \u2013 \u017eavinga id\u0117ja dovanai moteriai"},{"@type":"BreadcrumbList","@id":"https:\/\/kabinam.lt\/eng\/product\/enamel-pin-panda-gift-ideas-for-women\/#breadcrumb","itemListElement":[{"@type":"ListItem","position":1,"name":"Home","item":"https:\/\/kabinam.lt\/"},{"@type":"ListItem","position":2,"name":"Visi Produktai","item":"https:\/\/kabinam.lt\/visi-produktai\/"},{"@type":"ListItem","position":3,"name":"Emalio smeigtukas panda \u2013 dovanu idejos moteriai"}]},{"@type":"WebSite","@id":"https:\/\/kabinam.lt\/#website","url":"https:\/\/kabinam.lt\/","name":"kabinam.lt","description":"Kabinam.lt - Schl\u00fcsselanh\u00e4nger und Zubeh\u00f6r","publisher":{"@id":"https:\/\/kabinam.lt\/#organization"},"alternateName":"pakabukai lt","potentialAction":[{"@type":"SearchAction","target":{"@type":"EntryPoint","urlTemplate":"https:\/\/kabinam.lt\/?s={search_term_string}"},"query-input":{"@type":"PropertyValueSpecification","valueRequired":true,"valueName":"search_term_string"}}],"inLanguage":"de"},{"@type":"Organization","@id":"https:\/\/kabinam.lt\/#organization","name":"kabinam.lt","alternateName":"kabinam","url":"https:\/\/kabinam.lt\/","logo":{"@type":"ImageObject","inLanguage":"de","@id":"https:\/\/kabinam.lt\/#\/schema\/logo\/image\/","url":"https:\/\/kabinam.lt\/wp-content\/uploads\/2025\/05\/KABINAM_outer_glow.png","contentUrl":"https:\/\/kabinam.lt\/wp-content\/uploads\/2025\/05\/KABINAM_outer_glow.png","width":474,"height":141,"caption":"kabinam.lt"},"image":{"@id":"https:\/\/kabinam.lt\/#\/schema\/logo\/image\/"}}]}},"uagb_featured_image_src":{"full":["https:\/\/kabinam.lt\/wp-content\/uploads\/2025\/07\/a4c4ea030ba44f1ab7b940d5631d7d3b-goods.jpeg",800,800,false],"thumbnail":["https:\/\/kabinam.lt\/wp-content\/uploads\/2025\/07\/a4c4ea030ba44f1ab7b940d5631d7d3b-goods-150x150.jpeg",150,150,true],"medium":["https:\/\/kabinam.lt\/wp-content\/uploads\/2025\/07\/a4c4ea030ba44f1ab7b940d5631d7d3b-goods-300x300.jpeg",300,300,true],"medium_large":["https:\/\/kabinam.lt\/wp-content\/uploads\/2025\/07\/a4c4ea030ba44f1ab7b940d5631d7d3b-goods-768x768.jpeg",768,768,true],"large":["https:\/\/kabinam.lt\/wp-content\/uploads\/2025\/07\/a4c4ea030ba44f1ab7b940d5631d7d3b-goods.jpeg",800,800,false],"1536x1536":["https:\/\/kabinam.lt\/wp-content\/uploads\/2025\/07\/a4c4ea030ba44f1ab7b940d5631d7d3b-goods.jpeg",800,800,false],"2048x2048":["https:\/\/kabinam.lt\/wp-content\/uploads\/2025\/07\/a4c4ea030ba44f1ab7b940d5631d7d3b-goods.jpeg",800,800,false],"trp-custom-language-flag":["https:\/\/kabinam.lt\/wp-content\/uploads\/2025\/07\/a4c4ea030ba44f1ab7b940d5631d7d3b-goods.jpeg",12,12,false],"woocommerce_thumbnail":["https:\/\/kabinam.lt\/wp-content\/uploads\/2025\/07\/a4c4ea030ba44f1ab7b940d5631d7d3b-goods-300x300.jpeg",300,300,true],"woocommerce_single":["https:\/\/kabinam.lt\/wp-content\/uploads\/2025\/07\/a4c4ea030ba44f1ab7b940d5631d7d3b-goods-600x600.jpeg",600,600,true],"woocommerce_gallery_thumbnail":["https:\/\/kabinam.lt\/wp-content\/uploads\/2025\/07\/a4c4ea030ba44f1ab7b940d5631d7d3b-goods-100x100.jpeg",100,100,true]},"uagb_author_info":{"display_name":"kabinam.lt","author_link":"https:\/\/kabinam.lt\/de\/author\/"},"uagb_comment_info":0,"uagb_excerpt":"Emalio smeigtukas panda \u2013 mielas ir simboli\u0161kas aksesuaras, puikiai tinkantis kaip originali dovana moteriai bet kokia proga.","_links":{"self":[{"href":"https:\/\/kabinam.lt\/de\/wp-json\/wp\/v2\/product\/3920","targetHints":{"allow":["GET"]}}],"collection":[{"href":"https:\/\/kabinam.lt\/de\/wp-json\/wp\/v2\/product"}],"about":[{"href":"https:\/\/kabinam.lt\/de\/wp-json\/wp\/v2\/types\/product"}],"replies":[{"embeddable":true,"href":"https:\/\/kabinam.lt\/de\/wp-json\/wp\/v2\/comments?post=3920"}],"wp:featuredmedia":[{"embeddable":true,"href":"https:\/\/kabinam.lt\/de\/wp-json\/wp\/v2\/media\/3923"}],"wp:attachment":[{"href":"https:\/\/kabinam.lt\/de\/wp-json\/wp\/v2\/media?parent=3920"}],"wp:term":[{"taxonomy":"product_brand","embeddable":true,"href":"https:\/\/kabinam.lt\/de\/wp-json\/wp\/v2\/product_brand?post=3920"},{"taxonomy":"product_cat","embeddable":true,"href":"https:\/\/kabinam.lt\/de\/wp-json\/wp\/v2\/product_cat?post=3920"},{"taxonomy":"product_tag","embeddable":true,"href":"https:\/\/kabinam.lt\/de\/wp-json\/wp\/v2\/product_tag?post=3920"}],"curies":[{"name":"wp","href":"https:\/\/api.w.org\/{rel}","templated":true}]}}