{"id":3787,"date":"2025-06-08T19:51:48","date_gmt":"2025-06-08T17:51:48","guid":{"rendered":"https:\/\/kabinam.lt\/?post_type=product&#038;p=3787"},"modified":"2026-02-13T12:56:00","modified_gmt":"2026-02-13T10:56:00","slug":"rotes-herz-symbol","status":"publish","type":"product","link":"https:\/\/kabinam.lt\/de\/product\/raudonos-sirdeles-zenkliukas\/","title":{"rendered":"Rote Herz-Plakette"},"content":{"rendered":"<div class=\"kk-star-ratings kksr-auto kksr-align-left kksr-valign-top\"\n    data-payload='{&quot;align&quot;:&quot;left&quot;,&quot;id&quot;:&quot;3787&quot;,&quot;slug&quot;:&quot;default&quot;,&quot;valign&quot;:&quot;top&quot;,&quot;ignore&quot;:&quot;&quot;,&quot;reference&quot;:&quot;auto&quot;,&quot;class&quot;:&quot;&quot;,&quot;count&quot;:&quot;0&quot;,&quot;legendonly&quot;:&quot;&quot;,&quot;readonly&quot;:&quot;&quot;,&quot;score&quot;:&quot;0&quot;,&quot;starsonly&quot;:&quot;&quot;,&quot;best&quot;:&quot;5&quot;,&quot;gap&quot;:&quot;5&quot;,&quot;greet&quot;:&quot;Mums svarbus j\u016bs\u0173 \u012fvertinimas&quot;,&quot;legend&quot;:&quot;0\\\/5 - (0 votes)&quot;,&quot;size&quot;:&quot;24&quot;,&quot;title&quot;:&quot;Raudonos \u0161irdel\u0117s \u017eenkliukas&quot;,&quot;width&quot;:&quot;0&quot;,&quot;_legend&quot;:&quot;{score}\\\/{best} - ({count} {votes})&quot;,&quot;font_factor&quot;:&quot;1.25&quot;}'>\n            \n<div class=\"kksr-stars\">\n    \n<div class=\"kksr-stars-inactive\">\n            <div class=\"kksr-star\" data-star=\"1\" style=\"padding-right: 5px\">\n            \n\n<div class=\"kksr-icon\" style=\"width: 24px; height: 24px;\"><\/div>\n        <\/div>\n            <div class=\"kksr-star\" data-star=\"2\" style=\"padding-right: 5px\">\n            \n\n<div class=\"kksr-icon\" style=\"width: 24px; height: 24px;\"><\/div>\n        <\/div>\n            <div class=\"kksr-star\" data-star=\"3\" style=\"padding-right: 5px\">\n            \n\n<div class=\"kksr-icon\" style=\"width: 24px; height: 24px;\"><\/div>\n        <\/div>\n            <div class=\"kksr-star\" data-star=\"4\" style=\"padding-right: 5px\">\n            \n\n<div class=\"kksr-icon\" style=\"width: 24px; height: 24px;\"><\/div>\n        <\/div>\n            <div class=\"kksr-star\" data-star=\"5\" style=\"padding-right: 5px\">\n            \n\n<div class=\"kksr-icon\" style=\"width: 24px; height: 24px;\"><\/div>\n        <\/div>\n    <\/div>\n    \n<div class=\"kksr-stars-active\" style=\"width: 0px;\">\n            <div class=\"kksr-star\" style=\"padding-right: 5px\">\n            \n\n<div class=\"kksr-icon\" style=\"width: 24px; height: 24px;\"><\/div>\n        <\/div>\n            <div class=\"kksr-star\" style=\"padding-right: 5px\">\n            \n\n<div class=\"kksr-icon\" style=\"width: 24px; height: 24px;\"><\/div>\n        <\/div>\n            <div class=\"kksr-star\" style=\"padding-right: 5px\">\n            \n\n<div class=\"kksr-icon\" style=\"width: 24px; height: 24px;\"><\/div>\n        <\/div>\n            <div class=\"kksr-star\" style=\"padding-right: 5px\">\n            \n\n<div class=\"kksr-icon\" style=\"width: 24px; height: 24px;\"><\/div>\n        <\/div>\n            <div class=\"kksr-star\" style=\"padding-right: 5px\">\n            \n\n<div class=\"kksr-icon\" style=\"width: 24px; height: 24px;\"><\/div>\n        <\/div>\n    <\/div>\n<\/div>\n                \n\n<div class=\"kksr-legend\" style=\"font-size: 19.2px;\">\n            <span class=\"kksr-muted\">Ihre Bewertung ist f\u00fcr uns wichtig<\/span>\n    <\/div>\n    <\/div>\n<h1>Rotes Herz-Abzeichen \u2013 ein eleganter metallischer Accessoire<\/h1>\n<h2>Stilvoller herzf\u00f6rmiger steckbarer Accessoire f\u00fcr Kleidung und Taschen<\/h2>\n<p>Rotes Herz-Abzeichen \u2013 ein subtiler und ausdrucksstarker Accessoire, der Romantik, Eleganz und Individualit\u00e4t betont. Die rote Farbe wird mit Goldakzenten kombiniert, daher ist diese Nadel nicht nur f\u00fcr den t\u00e4glichen Look, sondern auch f\u00fcr besondere Anl\u00e4sse geeignet.<\/p>\n<h2>Metallischer Badge-Accessoire mit symbolischer Bedeutung<\/h2>\n<p>\u0160irdies forma da\u017enai simbolizuoja meil\u0119, atsidavim\u0105 ir \u0161ilum\u0105. B\u016btent tod\u0117l \u0161is \u017eenkliukas idealiai tinka kaip dovan\u0117l\u0117 mylimam \u017emogui ar artimam draugui. Tvirtas lydinio korpusas su aukso tonais u\u017etikrina ilgalaik\u012f blizges\u012f ir i\u0161laiko stiling\u0105 i\u0161vaizd\u0105.<\/p>\n<h3>Pritaikymas aprangoje ir aksesuaruose<\/h3>\n<p>Raudonos \u0161irdies smeigtukas puikiai dera su \u0161varkais, kaklarai\u0161\u010diais, kuprin\u0117mis ar kepur\u0117mis. Jis tampa subtiliu akcentu, kuris i\u0161siskiria, bet nei\u0161\u0161aukia. Tai universalus segamas \u017eenkliukas, kuris tinka tiek moterims, tiek vyrams.<\/p>\n<h2>Kokyb\u0117 ir ilgaam\u017ei\u0161kumas<\/h2>\n<p>Pagamintas i\u0161 cinko lydinio ir dengtas emaliu, \u0161is \u017eenkliukas atsparus nusid\u0117v\u0117jimui. Jis netepa drabu\u017ei\u0173 ir i\u0161laiko spalvas net da\u017enai ne\u0161iojant. Segimo mechanizmas \u2013 saugus ir patogus, nesukelia nepatogumo net prie plonesni\u0173 audini\u0173.<\/p>\n<h2>Dovana, kuri kalba be \u017eod\u017ei\u0173<\/h2>\n<p>Raudonos \u0161irdel\u0117s pinas \u2013 puikus pasirinkimas Valentino dienai, jubiliejui ar tiesiog kaip \u0161irdingas gestas. Tai nedidelis, bet reik\u0161mingas aksesuaras, kuris palieka \u012fsp\u016bd\u012f.<\/p>\n<h3>Dar daugiau \u012fkvepian\u010di\u0173 aksesuar\u0173<\/h3>\n<p>Breiteres <strong data-start=\"1820\" data-end=\"1833\">der Sticker<\/strong> finden Sie die Auswahl <a class=\"cursor-pointer\" target=\"_new\" rel=\"noopener\" data-start=\"1853\" data-end=\"1930\">in der Kategorie Sticker bei kabinam.lt<\/a>. Wir empfehlen Ihnen auch, sich anzusehen, wie pers\u00f6nliche Badges zur Mode geworden sind. <a class=\"cursor-pointer\" target=\"_new\" rel=\"noopener\" data-start=\"2011\" data-end=\"2123\">im Vogue-Artikel \u00fcber Accessoires-Trends 2024<\/a>.<\/p>","protected":false},"excerpt":{"rendered":"<p>Metallherz-Anh\u00e4nger \u2013 elegantes Accessoire f\u00fcr Halstuch oder Tasche.<\/p>","protected":false},"featured_media":3788,"comment_status":"open","ping_status":"closed","template":"","meta":{"_uag_custom_page_level_css":"","site-sidebar-layout":"default","site-content-layout":"","ast-site-content-layout":"default","site-content-style":"default","site-sidebar-style":"default","ast-global-header-display":"","ast-banner-title-visibility":"","ast-main-header-display":"","ast-hfb-above-header-display":"","ast-hfb-below-header-display":"","ast-hfb-mobile-header-display":"","site-post-title":"","ast-breadcrumbs-content":"","ast-featured-img":"","footer-sml-layout":"","ast-disable-related-posts":"","theme-transparent-header-meta":"default","adv-header-id-meta":"","stick-header-meta":"","header-above-stick-meta":"","header-main-stick-meta":"","header-below-stick-meta":"","astra-migrate-meta-layouts":"set","ast-page-background-enabled":"default","ast-page-background-meta":{"desktop":{"background-color":"var(--ast-global-color-4)","background-image":"","background-repeat":"repeat","background-position":"center center","background-size":"auto","background-attachment":"scroll","background-type":"","background-media":"","overlay-type":"","overlay-color":"","overlay-opacity":"","overlay-gradient":""},"tablet":{"background-color":"","background-image":"","background-repeat":"repeat","background-position":"center center","background-size":"auto","background-attachment":"scroll","background-type":"","background-media":"","overlay-type":"","overlay-color":"","overlay-opacity":"","overlay-gradient":""},"mobile":{"background-color":"","background-image":"","background-repeat":"repeat","background-position":"center center","background-size":"auto","background-attachment":"scroll","background-type":"","background-media":"","overlay-type":"","overlay-color":"","overlay-opacity":"","overlay-gradient":""}},"ast-content-background-meta":{"desktop":{"background-color":"var(--ast-global-color-5)","background-image":"","background-repeat":"repeat","background-position":"center center","background-size":"auto","background-attachment":"scroll","background-type":"","background-media":"","overlay-type":"","overlay-color":"","overlay-opacity":"","overlay-gradient":""},"tablet":{"background-color":"var(--ast-global-color-5)","background-image":"","background-repeat":"repeat","background-position":"center center","background-size":"auto","background-attachment":"scroll","background-type":"","background-media":"","overlay-type":"","overlay-color":"","overlay-opacity":"","overlay-gradient":""},"mobile":{"background-color":"var(--ast-global-color-5)","background-image":"","background-repeat":"repeat","background-position":"center center","background-size":"auto","background-attachment":"scroll","background-type":"","background-media":"","overlay-type":"","overlay-color":"","overlay-opacity":"","overlay-gradient":""}}},"product_brand":[],"product_cat":[125,126,119,92],"product_tag":[],"class_list":{"0":"post-3787","1":"product","2":"type-product","3":"status-publish","4":"has-post-thumbnail","6":"product_cat-halloween","7":"product_cat-visi","8":"product_cat-smeigtukai-pins","9":"product_cat-populiariausiu-produktu-kategorija","10":"desktop-align-center","11":"tablet-align-left","12":"mobile-align-left","14":"first","15":"instock","16":"shipping-taxable","17":"purchasable","18":"product-type-simple"},"yoast_head":"<!-- This site is optimized with the Yoast SEO plugin v27.1.1 - https:\/\/yoast.com\/product\/yoast-seo-wordpress\/ -->\n<title>Raudonos \u0161irdel\u0117s \u017eenkliukas - kabinam.lt<\/title>\n<meta name=\"description\" content=\"Raudonos \u0161irdel\u0117s \u017eenkliukas \u2013 eleganti\u0161kas aksesuaras su aukso akcentais, tinkantis drabu\u017eiams ir dovanai.\" \/>\n<meta name=\"robots\" content=\"index, follow, max-snippet:-1, max-image-preview:large, max-video-preview:-1\" \/>\n<link rel=\"canonical\" href=\"https:\/\/kabinam.lt\/de\/produkt\/rotes-herz-symbol\/\" \/>\n<meta property=\"og:locale\" content=\"de_DE\" \/>\n<meta property=\"og:type\" content=\"article\" \/>\n<meta property=\"og:title\" content=\"Raudonos \u0161irdel\u0117s \u017eenkliukas - kabinam.lt\" \/>\n<meta property=\"og:description\" content=\"Raudonos \u0161irdel\u0117s \u017eenkliukas \u2013 eleganti\u0161kas aksesuaras su aukso akcentais, tinkantis drabu\u017eiams ir dovanai.\" \/>\n<meta property=\"og:url\" content=\"https:\/\/kabinam.lt\/de\/produkt\/rotes-herz-symbol\/\" \/>\n<meta property=\"og:site_name\" content=\"kabinam.lt\" \/>\n<meta property=\"article:modified_time\" content=\"2026-02-13T10:56:00+00:00\" \/>\n<meta property=\"og:image\" content=\"https:\/\/kabinam.lt\/wp-content\/uploads\/2025\/06\/be0ebeb4-76fe-42e0-8197-9af154a128ea.jpg\" \/>\n\t<meta property=\"og:image:width\" content=\"1280\" \/>\n\t<meta property=\"og:image:height\" content=\"1280\" \/>\n\t<meta property=\"og:image:type\" content=\"image\/jpeg\" \/>\n<meta name=\"twitter:card\" content=\"summary_large_image\" \/>\n<meta name=\"twitter:label1\" content=\"Gesch\u00e4tzte Lesezeit\" \/>\n\t<meta name=\"twitter:data1\" content=\"2\u00a0Minuten\" \/>\n<script type=\"application\/ld+json\" class=\"yoast-schema-graph\">{\"@context\":\"https:\/\/schema.org\",\"@graph\":[{\"@type\":[\"WebPage\",\"ItemPage\"],\"@id\":\"https:\/\/kabinam.lt\/eng\/product\/raudonos-sirdeles-zenkliukas\/\",\"url\":\"https:\/\/kabinam.lt\/eng\/product\/raudonos-sirdeles-zenkliukas\/\",\"name\":\"Raudonos \u0161irdel\u0117s \u017eenkliukas - kabinam.lt\",\"isPartOf\":{\"@id\":\"https:\/\/kabinam.lt\/#website\"},\"primaryImageOfPage\":{\"@id\":\"https:\/\/kabinam.lt\/eng\/product\/raudonos-sirdeles-zenkliukas\/#primaryimage\"},\"image\":{\"@id\":\"https:\/\/kabinam.lt\/eng\/product\/raudonos-sirdeles-zenkliukas\/#primaryimage\"},\"thumbnailUrl\":\"https:\/\/kabinam.lt\/wp-content\/uploads\/2025\/06\/be0ebeb4-76fe-42e0-8197-9af154a128ea.jpg\",\"datePublished\":\"2025-06-08T17:51:48+00:00\",\"dateModified\":\"2026-02-13T10:56:00+00:00\",\"description\":\"Raudonos \u0161irdel\u0117s \u017eenkliukas \u2013 eleganti\u0161kas aksesuaras su aukso akcentais, tinkantis drabu\u017eiams ir dovanai.\",\"breadcrumb\":{\"@id\":\"https:\/\/kabinam.lt\/eng\/product\/raudonos-sirdeles-zenkliukas\/#breadcrumb\"},\"inLanguage\":\"de\",\"potentialAction\":[{\"@type\":\"ReadAction\",\"target\":[\"https:\/\/kabinam.lt\/eng\/product\/raudonos-sirdeles-zenkliukas\/\"]}]},{\"@type\":\"ImageObject\",\"inLanguage\":\"de\",\"@id\":\"https:\/\/kabinam.lt\/eng\/product\/raudonos-sirdeles-zenkliukas\/#primaryimage\",\"url\":\"https:\/\/kabinam.lt\/wp-content\/uploads\/2025\/06\/be0ebeb4-76fe-42e0-8197-9af154a128ea.jpg\",\"contentUrl\":\"https:\/\/kabinam.lt\/wp-content\/uploads\/2025\/06\/be0ebeb4-76fe-42e0-8197-9af154a128ea.jpg\",\"width\":1280,\"height\":1280,\"caption\":\"Raudonos \u0161irdel\u0117s formos \u017eenkliukas su aukso detal\u0117mis\"},{\"@type\":\"BreadcrumbList\",\"@id\":\"https:\/\/kabinam.lt\/eng\/product\/raudonos-sirdeles-zenkliukas\/#breadcrumb\",\"itemListElement\":[{\"@type\":\"ListItem\",\"position\":1,\"name\":\"Home\",\"item\":\"https:\/\/kabinam.lt\/\"},{\"@type\":\"ListItem\",\"position\":2,\"name\":\"Visi Produktai\",\"item\":\"https:\/\/kabinam.lt\/visi-produktai\/\"},{\"@type\":\"ListItem\",\"position\":3,\"name\":\"Raudonos \u0161irdel\u0117s \u017eenkliukas\"}]},{\"@type\":\"WebSite\",\"@id\":\"https:\/\/kabinam.lt\/#website\",\"url\":\"https:\/\/kabinam.lt\/\",\"name\":\"kabinam.lt\",\"description\":\"Kabinam.lt \u2013 raktu pakabukai ir aksesuarai\",\"publisher\":{\"@id\":\"https:\/\/kabinam.lt\/#organization\"},\"alternateName\":\"pakabukai lt\",\"potentialAction\":[{\"@type\":\"SearchAction\",\"target\":{\"@type\":\"EntryPoint\",\"urlTemplate\":\"https:\/\/kabinam.lt\/?s={search_term_string}\"},\"query-input\":{\"@type\":\"PropertyValueSpecification\",\"valueRequired\":true,\"valueName\":\"search_term_string\"}}],\"inLanguage\":\"de\"},{\"@type\":\"Organization\",\"@id\":\"https:\/\/kabinam.lt\/#organization\",\"name\":\"kabinam.lt\",\"alternateName\":\"kabinam\",\"url\":\"https:\/\/kabinam.lt\/\",\"logo\":{\"@type\":\"ImageObject\",\"inLanguage\":\"de\",\"@id\":\"https:\/\/kabinam.lt\/#\/schema\/logo\/image\/\",\"url\":\"https:\/\/kabinam.lt\/wp-content\/uploads\/2025\/05\/KABINAM_outer_glow.png\",\"contentUrl\":\"https:\/\/kabinam.lt\/wp-content\/uploads\/2025\/05\/KABINAM_outer_glow.png\",\"width\":474,\"height\":141,\"caption\":\"kabinam.lt\"},\"image\":{\"@id\":\"https:\/\/kabinam.lt\/#\/schema\/logo\/image\/\"}}]}<\/script>\n<!-- \/ Yoast SEO plugin. -->","yoast_head_json":{"title":"Rotes Herz-Symbol - kabinam.lt","description":"Rotes Herz-Anh\u00e4nger \u2013 elegantes Accessoire mit Goldakzenten, geeignet f\u00fcr Kleidung und als Geschenk.","robots":{"index":"index","follow":"follow","max-snippet":"max-snippet:-1","max-image-preview":"max-image-preview:large","max-video-preview":"max-video-preview:-1"},"canonical":"https:\/\/kabinam.lt\/de\/produkt\/rotes-herz-symbol\/","og_locale":"de_DE","og_type":"article","og_title":"Raudonos \u0161irdel\u0117s \u017eenkliukas - kabinam.lt","og_description":"Raudonos \u0161irdel\u0117s \u017eenkliukas \u2013 eleganti\u0161kas aksesuaras su aukso akcentais, tinkantis drabu\u017eiams ir dovanai.","og_url":"https:\/\/kabinam.lt\/de\/produkt\/rotes-herz-symbol\/","og_site_name":"kabinam.lt","article_modified_time":"2026-02-13T10:56:00+00:00","og_image":[{"width":1280,"height":1280,"url":"https:\/\/kabinam.lt\/wp-content\/uploads\/2025\/06\/be0ebeb4-76fe-42e0-8197-9af154a128ea.jpg","type":"image\/jpeg"}],"twitter_card":"summary_large_image","twitter_misc":{"Gesch\u00e4tzte Lesezeit":"2\u00a0Minuten"},"schema":{"@context":"https:\/\/schema.org","@graph":[{"@type":["WebPage","ItemPage"],"@id":"https:\/\/kabinam.lt\/eng\/product\/raudonos-sirdeles-zenkliukas\/","url":"https:\/\/kabinam.lt\/eng\/product\/raudonos-sirdeles-zenkliukas\/","name":"Rotes Herz-Symbol - kabinam.lt","isPartOf":{"@id":"https:\/\/kabinam.lt\/#website"},"primaryImageOfPage":{"@id":"https:\/\/kabinam.lt\/eng\/product\/raudonos-sirdeles-zenkliukas\/#primaryimage"},"image":{"@id":"https:\/\/kabinam.lt\/eng\/product\/raudonos-sirdeles-zenkliukas\/#primaryimage"},"thumbnailUrl":"https:\/\/kabinam.lt\/wp-content\/uploads\/2025\/06\/be0ebeb4-76fe-42e0-8197-9af154a128ea.jpg","datePublished":"2025-06-08T17:51:48+00:00","dateModified":"2026-02-13T10:56:00+00:00","description":"Rotes Herz-Anh\u00e4nger \u2013 elegantes Accessoire mit Goldakzenten, geeignet f\u00fcr Kleidung und als Geschenk.","breadcrumb":{"@id":"https:\/\/kabinam.lt\/eng\/product\/raudonos-sirdeles-zenkliukas\/#breadcrumb"},"inLanguage":"de","potentialAction":[{"@type":"ReadAction","target":["https:\/\/kabinam.lt\/eng\/product\/raudonos-sirdeles-zenkliukas\/"]}]},{"@type":"ImageObject","inLanguage":"de","@id":"https:\/\/kabinam.lt\/eng\/product\/raudonos-sirdeles-zenkliukas\/#primaryimage","url":"https:\/\/kabinam.lt\/wp-content\/uploads\/2025\/06\/be0ebeb4-76fe-42e0-8197-9af154a128ea.jpg","contentUrl":"https:\/\/kabinam.lt\/wp-content\/uploads\/2025\/06\/be0ebeb4-76fe-42e0-8197-9af154a128ea.jpg","width":1280,"height":1280,"caption":"Raudonos \u0161irdel\u0117s formos \u017eenkliukas su aukso detal\u0117mis"},{"@type":"BreadcrumbList","@id":"https:\/\/kabinam.lt\/eng\/product\/raudonos-sirdeles-zenkliukas\/#breadcrumb","itemListElement":[{"@type":"ListItem","position":1,"name":"Home","item":"https:\/\/kabinam.lt\/"},{"@type":"ListItem","position":2,"name":"Visi Produktai","item":"https:\/\/kabinam.lt\/visi-produktai\/"},{"@type":"ListItem","position":3,"name":"Raudonos \u0161irdel\u0117s \u017eenkliukas"}]},{"@type":"WebSite","@id":"https:\/\/kabinam.lt\/#website","url":"https:\/\/kabinam.lt\/","name":"kabinam.lt","description":"Kabinam.lt - Schl\u00fcsselanh\u00e4nger und Zubeh\u00f6r","publisher":{"@id":"https:\/\/kabinam.lt\/#organization"},"alternateName":"pakabukai lt","potentialAction":[{"@type":"SearchAction","target":{"@type":"EntryPoint","urlTemplate":"https:\/\/kabinam.lt\/?s={search_term_string}"},"query-input":{"@type":"PropertyValueSpecification","valueRequired":true,"valueName":"search_term_string"}}],"inLanguage":"de"},{"@type":"Organization","@id":"https:\/\/kabinam.lt\/#organization","name":"kabinam.lt","alternateName":"kabinam","url":"https:\/\/kabinam.lt\/","logo":{"@type":"ImageObject","inLanguage":"de","@id":"https:\/\/kabinam.lt\/#\/schema\/logo\/image\/","url":"https:\/\/kabinam.lt\/wp-content\/uploads\/2025\/05\/KABINAM_outer_glow.png","contentUrl":"https:\/\/kabinam.lt\/wp-content\/uploads\/2025\/05\/KABINAM_outer_glow.png","width":474,"height":141,"caption":"kabinam.lt"},"image":{"@id":"https:\/\/kabinam.lt\/#\/schema\/logo\/image\/"}}]}},"uagb_featured_image_src":{"full":["https:\/\/kabinam.lt\/wp-content\/uploads\/2025\/06\/be0ebeb4-76fe-42e0-8197-9af154a128ea.jpg",1280,1280,false],"thumbnail":["https:\/\/kabinam.lt\/wp-content\/uploads\/2025\/06\/be0ebeb4-76fe-42e0-8197-9af154a128ea-150x150.jpg",150,150,true],"medium":["https:\/\/kabinam.lt\/wp-content\/uploads\/2025\/06\/be0ebeb4-76fe-42e0-8197-9af154a128ea-300x300.jpg",300,300,true],"medium_large":["https:\/\/kabinam.lt\/wp-content\/uploads\/2025\/06\/be0ebeb4-76fe-42e0-8197-9af154a128ea-768x768.jpg",768,768,true],"large":["https:\/\/kabinam.lt\/wp-content\/uploads\/2025\/06\/be0ebeb4-76fe-42e0-8197-9af154a128ea-1024x1024.jpg",1024,1024,true],"1536x1536":["https:\/\/kabinam.lt\/wp-content\/uploads\/2025\/06\/be0ebeb4-76fe-42e0-8197-9af154a128ea.jpg",1280,1280,false],"2048x2048":["https:\/\/kabinam.lt\/wp-content\/uploads\/2025\/06\/be0ebeb4-76fe-42e0-8197-9af154a128ea.jpg",1280,1280,false],"trp-custom-language-flag":["https:\/\/kabinam.lt\/wp-content\/uploads\/2025\/06\/be0ebeb4-76fe-42e0-8197-9af154a128ea.jpg",12,12,false],"woocommerce_thumbnail":["https:\/\/kabinam.lt\/wp-content\/uploads\/2025\/06\/be0ebeb4-76fe-42e0-8197-9af154a128ea-300x300.jpg",300,300,true],"woocommerce_single":["https:\/\/kabinam.lt\/wp-content\/uploads\/2025\/06\/be0ebeb4-76fe-42e0-8197-9af154a128ea-600x600.jpg",600,600,true],"woocommerce_gallery_thumbnail":["https:\/\/kabinam.lt\/wp-content\/uploads\/2025\/06\/be0ebeb4-76fe-42e0-8197-9af154a128ea-100x100.jpg",100,100,true]},"uagb_author_info":{"display_name":"kabinam.lt","author_link":"https:\/\/kabinam.lt\/de\/author\/"},"uagb_comment_info":0,"uagb_excerpt":"Metalinis \u017eenkliukas \u0161irdel\u0117s formos \u2013 eleganti\u0161kas akcentas kaklarai\u0161\u010diui ar kuprinei.","_links":{"self":[{"href":"https:\/\/kabinam.lt\/de\/wp-json\/wp\/v2\/product\/3787","targetHints":{"allow":["GET"]}}],"collection":[{"href":"https:\/\/kabinam.lt\/de\/wp-json\/wp\/v2\/product"}],"about":[{"href":"https:\/\/kabinam.lt\/de\/wp-json\/wp\/v2\/types\/product"}],"replies":[{"embeddable":true,"href":"https:\/\/kabinam.lt\/de\/wp-json\/wp\/v2\/comments?post=3787"}],"wp:featuredmedia":[{"embeddable":true,"href":"https:\/\/kabinam.lt\/de\/wp-json\/wp\/v2\/media\/3788"}],"wp:attachment":[{"href":"https:\/\/kabinam.lt\/de\/wp-json\/wp\/v2\/media?parent=3787"}],"wp:term":[{"taxonomy":"product_brand","embeddable":true,"href":"https:\/\/kabinam.lt\/de\/wp-json\/wp\/v2\/product_brand?post=3787"},{"taxonomy":"product_cat","embeddable":true,"href":"https:\/\/kabinam.lt\/de\/wp-json\/wp\/v2\/product_cat?post=3787"},{"taxonomy":"product_tag","embeddable":true,"href":"https:\/\/kabinam.lt\/de\/wp-json\/wp\/v2\/product_tag?post=3787"}],"curies":[{"name":"wp","href":"https:\/\/api.w.org\/{rel}","templated":true}]}}