{"id":3573,"date":"2025-05-12T21:46:00","date_gmt":"2025-05-12T19:46:00","guid":{"rendered":"https:\/\/kabinam.lt\/?post_type=product&#038;p=3573"},"modified":"2026-01-03T18:47:22","modified_gmt":"2026-01-03T16:47:22","slug":"schlusselanhanger-fur-piloten","status":"publish","type":"product","link":"https:\/\/kabinam.lt\/de\/product\/raktu-pakabukai-pilotams\/","title":{"rendered":"Schl\u00fcsselanh\u00e4nger f\u00fcr Piloten mit gesticktem PILOT und Flugzeug"},"content":{"rendered":"<div class=\"kk-star-ratings kksr-auto kksr-align-left kksr-valign-top\"\n    data-payload='{&quot;align&quot;:&quot;left&quot;,&quot;id&quot;:&quot;3573&quot;,&quot;slug&quot;:&quot;default&quot;,&quot;valign&quot;:&quot;top&quot;,&quot;ignore&quot;:&quot;&quot;,&quot;reference&quot;:&quot;auto&quot;,&quot;class&quot;:&quot;&quot;,&quot;count&quot;:&quot;0&quot;,&quot;legendonly&quot;:&quot;&quot;,&quot;readonly&quot;:&quot;&quot;,&quot;score&quot;:&quot;0&quot;,&quot;starsonly&quot;:&quot;&quot;,&quot;best&quot;:&quot;5&quot;,&quot;gap&quot;:&quot;5&quot;,&quot;greet&quot;:&quot;Mums svarbus j\u016bs\u0173 \u012fvertinimas&quot;,&quot;legend&quot;:&quot;0\\\/5 - (0 votes)&quot;,&quot;size&quot;:&quot;24&quot;,&quot;title&quot;:&quot;Rakt\u0173 pakabukai pilotams su siuvin\u0117tu u\u017era\u0161u PILOT ir l\u0117ktuvu&quot;,&quot;width&quot;:&quot;0&quot;,&quot;_legend&quot;:&quot;{score}\\\/{best} - ({count} {votes})&quot;,&quot;font_factor&quot;:&quot;1.25&quot;}'>\n            \n<div class=\"kksr-stars\">\n    \n<div class=\"kksr-stars-inactive\">\n            <div class=\"kksr-star\" data-star=\"1\" style=\"padding-right: 5px\">\n            \n\n<div class=\"kksr-icon\" style=\"width: 24px; height: 24px;\"><\/div>\n        <\/div>\n            <div class=\"kksr-star\" data-star=\"2\" style=\"padding-right: 5px\">\n            \n\n<div class=\"kksr-icon\" style=\"width: 24px; height: 24px;\"><\/div>\n        <\/div>\n            <div class=\"kksr-star\" data-star=\"3\" style=\"padding-right: 5px\">\n            \n\n<div class=\"kksr-icon\" style=\"width: 24px; height: 24px;\"><\/div>\n        <\/div>\n            <div class=\"kksr-star\" data-star=\"4\" style=\"padding-right: 5px\">\n            \n\n<div class=\"kksr-icon\" style=\"width: 24px; height: 24px;\"><\/div>\n        <\/div>\n            <div class=\"kksr-star\" data-star=\"5\" style=\"padding-right: 5px\">\n            \n\n<div class=\"kksr-icon\" style=\"width: 24px; height: 24px;\"><\/div>\n        <\/div>\n    <\/div>\n    \n<div class=\"kksr-stars-active\" style=\"width: 0px;\">\n            <div class=\"kksr-star\" style=\"padding-right: 5px\">\n            \n\n<div class=\"kksr-icon\" style=\"width: 24px; height: 24px;\"><\/div>\n        <\/div>\n            <div class=\"kksr-star\" style=\"padding-right: 5px\">\n            \n\n<div class=\"kksr-icon\" style=\"width: 24px; height: 24px;\"><\/div>\n        <\/div>\n            <div class=\"kksr-star\" style=\"padding-right: 5px\">\n            \n\n<div class=\"kksr-icon\" style=\"width: 24px; height: 24px;\"><\/div>\n        <\/div>\n            <div class=\"kksr-star\" style=\"padding-right: 5px\">\n            \n\n<div class=\"kksr-icon\" style=\"width: 24px; height: 24px;\"><\/div>\n        <\/div>\n            <div class=\"kksr-star\" style=\"padding-right: 5px\">\n            \n\n<div class=\"kksr-icon\" style=\"width: 24px; height: 24px;\"><\/div>\n        <\/div>\n    <\/div>\n<\/div>\n                \n\n<div class=\"kksr-legend\" style=\"font-size: 19.2px;\">\n            <span class=\"kksr-muted\">Ihre Bewertung ist f\u00fcr uns wichtig<\/span>\n    <\/div>\n    <\/div>\n<h3 class=\"\" data-start=\"286\" data-end=\"355\"><strong data-start=\"290\" data-end=\"355\">Schl\u00fcsselanh\u00e4nger f\u00fcr Piloten mit gesticktem PILOT und Flugzeug<\/strong><\/h3>\n<p class=\"\" data-start=\"357\" data-end=\"546\">Ie\u0161kai originalaus akcento, kuris atskleist\u0173 tavo ry\u0161\u012f su aviacija? \u0160ie <strong data-start=\"429\" data-end=\"457\">rakt\u0173 pakabukai pilotams<\/strong> \u2013 tai funkcionalus, stilingas ir atpa\u017e\u012fstamas aksesuaras tikriems skryd\u017ei\u0173 entuziastams.<\/p>\n<hr class=\"\" data-start=\"548\" data-end=\"551\" \/>\n<p class=\"\" data-start=\"553\" data-end=\"582\"><strong data-start=\"553\" data-end=\"582\">Piloto stiliaus simbolika<\/strong><\/p>\n<p class=\"\" data-start=\"584\" data-end=\"874\">Vienoje \u0161io siuvin\u0117to pakabuko pus\u0117je i\u0161siuvin\u0117tas \u017eodis <em data-start=\"641\" data-end=\"648\">PILOT<\/em> ir keturios juostel\u0117s \u2013 identi\u0161kos toms, kurias d\u0117vi orlaivio kapitonas. Kitoje pus\u0117je \u2013 stilizuotas l\u0117ktuvo siluetas, kuris i\u0161kart atpa\u017e\u012fstamas tarp aviacijos bendruomen\u0117s nari\u0173. Tai ne tik rakt\u0173 pakabukas \u2013 tai identitetas.<\/p>\n<hr class=\"\" data-start=\"876\" data-end=\"879\" \/>\n<p class=\"\" data-start=\"881\" data-end=\"907\"><strong data-start=\"881\" data-end=\"907\">Kokybi\u0161kas ir patvarus<\/strong><\/p>\n<p class=\"\" data-start=\"909\" data-end=\"1183\">Diese <strong data-start=\"913\" data-end=\"941\">rakt\u0173 pakabukas pilotams<\/strong> pagamintas i\u0161 patvaraus poliesterio audinio. D\u0117l auk\u0161tos kokyb\u0117s siuvimo, pakabukas atlaikys kasdien\u012f naudojim\u0105 ir ilgai i\u0161liks kaip naujas. Metalinis \u017eiedas tvirtai laiko raktus, o pats pakabukas nebrai\u017eys kit\u0173 daikt\u0173 ki\u0161en\u0117je ar kuprin\u0117je.<\/p>\n<hr class=\"\" data-start=\"1185\" data-end=\"1188\" \/>\n<p class=\"\" data-start=\"1190\" data-end=\"1229\"><strong data-start=\"1190\" data-end=\"1229\">Stilingas aksesuaras visoms progoms<\/strong><\/p>\n<p class=\"\" data-start=\"1231\" data-end=\"1471\">\u0160is pakabukas yra ne tik praktinis daiktas, bet ir puiki dovanos id\u0117ja. Jis tinka tiek profesionaliems pilotams, tiek studentams, k\u0105 tik prad\u0117jusiems aviacijos studijas. Jei ie\u0161kai unikalios dovanos \u2013 tai sprendimas, kuris niekada nenuvils.<\/p>\n<p class=\"\" data-start=\"1473\" data-end=\"1649\">Rekomenduojame taip pat per\u017ei\u016br\u0117ti <a class=\"cursor-pointer\" target=\"_new\" rel=\"noopener\" data-start=\"1508\" data-end=\"1596\">aviacini\u0173 dovan\u0173 id\u0117jas pilotams<\/a>, wo Sie mehr stilvolle und praktische Optionen finden.<\/p>\n<p class=\"\" data-start=\"1651\" data-end=\"1846\">Wir laden Sie auch ein, unsere <a class=\"\" href=\"https:\/\/kabinam.lt\/de\/produktkategorie-2\/unikaliu-pakabuku-kategorija\/\" target=\"_new\" rel=\"noopener\" data-start=\"1687\" data-end=\"1785\">Sammlung einzigartiger Anh\u00e4nger<\/a>, zu besuchen, wo Sie mehr besondere Modelle mit verschiedenen Themen finden.<\/p>\n<hr class=\"\" data-start=\"1848\" data-end=\"1851\" \/>\n<p class=\"\" data-start=\"1853\" data-end=\"1900\"><strong data-start=\"1853\" data-end=\"1900\">Warum ist dieser Anh\u00e4nger bei Piloten beliebt?<\/strong><\/p>\n<ul data-start=\"1902\" data-end=\"2148\">\n<li class=\"\" data-start=\"1902\" data-end=\"1954\">\n<p class=\"\" data-start=\"1904\" data-end=\"1954\">Wiedererkennbares Design mit Flugzeug und dem Aufdruck \u201ePILOT\u201c<\/p>\n<\/li>\n<li class=\"\" data-start=\"1955\" data-end=\"1994\">\n<p class=\"\" data-start=\"1957\" data-end=\"1994\">Symbolisiert den Stolz auf den Beruf<\/p>\n<\/li>\n<li class=\"\" data-start=\"1995\" data-end=\"2077\">\n<p class=\"\" data-start=\"1997\" data-end=\"2077\">Eignet sich nicht nur zum Schl\u00fcsselbund, sondern auch als Dekoration an einer Tasche oder einem Koffer<\/p>\n<\/li>\n<li class=\"\" data-start=\"2078\" data-end=\"2148\">\n<p class=\"\" data-start=\"2080\" data-end=\"2148\">Mehr als ein Accessoire \u2013 es ist ein Zeichen der Zugeh\u00f6rigkeit zur Welt der Luftfahrt<\/p>\n<\/li>\n<\/ul>\n<hr class=\"\" data-start=\"2150\" data-end=\"2153\" \/>\n<p class=\"\" data-start=\"2155\" data-end=\"2197\"><strong data-start=\"2155\" data-end=\"2197\">Geeignet f\u00fcr M\u00e4nner und Frauen<\/strong><\/p>\n<p class=\"\" data-start=\"2199\" data-end=\"2401\">Dieser Anh\u00e4nger hat keine Geschlechts- oder Altersgrenzen \u2013 er ist eine universelle Wahl f\u00fcr alle, die das Fliegen lieben. Aufgrund seines einfachen und professionellen Designs passt er perfekt sowohl f\u00fcr die Arbeits- als auch f\u00fcr die Freizeitumgebung.<\/p>","protected":false},"excerpt":{"rendered":"<p>Siuvin\u0117tas rakt\u0173 pakabukas pilotams su l\u0117ktuvu ir keturiomis kapitono juostel\u0117mis \u2013 prakti\u0161ka ir stilinga dovana.<\/p>","protected":false},"featured_media":3575,"comment_status":"closed","ping_status":"closed","template":"","meta":{"_uag_custom_page_level_css":"","site-sidebar-layout":"default","site-content-layout":"","ast-site-content-layout":"default","site-content-style":"default","site-sidebar-style":"default","ast-global-header-display":"","ast-banner-title-visibility":"","ast-main-header-display":"","ast-hfb-above-header-display":"","ast-hfb-below-header-display":"","ast-hfb-mobile-header-display":"","site-post-title":"","ast-breadcrumbs-content":"","ast-featured-img":"","footer-sml-layout":"","ast-disable-related-posts":"","theme-transparent-header-meta":"default","adv-header-id-meta":"","stick-header-meta":"","header-above-stick-meta":"","header-main-stick-meta":"","header-below-stick-meta":"","astra-migrate-meta-layouts":"set","ast-page-background-enabled":"default","ast-page-background-meta":{"desktop":{"background-color":"var(--ast-global-color-4)","background-image":"","background-repeat":"repeat","background-position":"center center","background-size":"auto","background-attachment":"scroll","background-type":"","background-media":"","overlay-type":"","overlay-color":"","overlay-opacity":"","overlay-gradient":""},"tablet":{"background-color":"","background-image":"","background-repeat":"repeat","background-position":"center center","background-size":"auto","background-attachment":"scroll","background-type":"","background-media":"","overlay-type":"","overlay-color":"","overlay-opacity":"","overlay-gradient":""},"mobile":{"background-color":"","background-image":"","background-repeat":"repeat","background-position":"center center","background-size":"auto","background-attachment":"scroll","background-type":"","background-media":"","overlay-type":"","overlay-color":"","overlay-opacity":"","overlay-gradient":""}},"ast-content-background-meta":{"desktop":{"background-color":"var(--ast-global-color-5)","background-image":"","background-repeat":"repeat","background-position":"center center","background-size":"auto","background-attachment":"scroll","background-type":"","background-media":"","overlay-type":"","overlay-color":"","overlay-opacity":"","overlay-gradient":""},"tablet":{"background-color":"var(--ast-global-color-5)","background-image":"","background-repeat":"repeat","background-position":"center center","background-size":"auto","background-attachment":"scroll","background-type":"","background-media":"","overlay-type":"","overlay-color":"","overlay-opacity":"","overlay-gradient":""},"mobile":{"background-color":"var(--ast-global-color-5)","background-image":"","background-repeat":"repeat","background-position":"center center","background-size":"auto","background-attachment":"scroll","background-type":"","background-media":"","overlay-type":"","overlay-color":"","overlay-opacity":"","overlay-gradient":""}}},"product_brand":[],"product_cat":[125,126,91,95,118],"product_tag":[],"class_list":{"0":"post-3573","1":"product","2":"type-product","3":"status-publish","4":"has-post-thumbnail","6":"product_cat-halloween","7":"product_cat-visi","8":"product_cat-motociklo-raktu-pakabukai","9":"product_cat-unikalus-raktu-pakabukai","10":"product_cat-dovana-teciui","11":"desktop-align-center","12":"tablet-align-left","13":"mobile-align-left","15":"first","16":"instock","17":"shipping-taxable","18":"purchasable","19":"product-type-simple"},"yoast_head":"<!-- This site is optimized with the Yoast SEO plugin v27.1.1 - https:\/\/yoast.com\/product\/yoast-seo-wordpress\/ -->\n<title>Rakt\u0173 pakabukai pilotams su siuvin\u0117tu u\u017era\u0161u PILOT ir l\u0117ktuvu - kabinam.lt<\/title>\n<meta name=\"description\" content=\"Rakt\u0173 pakabukai pilotams su u\u017era\u0161u PILOT ir l\u0117ktuvo atvaizdu \u2013 stilingas aksesuaras visiems aviacijos myl\u0117tojams.\" \/>\n<meta name=\"robots\" content=\"index, follow, max-snippet:-1, max-image-preview:large, max-video-preview:-1\" \/>\n<link rel=\"canonical\" href=\"https:\/\/kabinam.lt\/de\/produkt\/schlusselanhanger-fur-piloten\/\" \/>\n<meta property=\"og:locale\" content=\"de_DE\" \/>\n<meta property=\"og:type\" content=\"article\" \/>\n<meta property=\"og:title\" content=\"Rakt\u0173 pakabukai pilotams su siuvin\u0117tu u\u017era\u0161u PILOT ir l\u0117ktuvu - kabinam.lt\" \/>\n<meta property=\"og:description\" content=\"Rakt\u0173 pakabukai pilotams su u\u017era\u0161u PILOT ir l\u0117ktuvo atvaizdu \u2013 stilingas aksesuaras visiems aviacijos myl\u0117tojams.\" \/>\n<meta property=\"og:url\" content=\"https:\/\/kabinam.lt\/de\/produkt\/schlusselanhanger-fur-piloten\/\" \/>\n<meta property=\"og:site_name\" content=\"kabinam.lt\" \/>\n<meta property=\"article:modified_time\" content=\"2026-01-03T16:47:22+00:00\" \/>\n<meta property=\"og:image\" content=\"https:\/\/kabinam.lt\/wp-content\/uploads\/2025\/05\/d7dc82b5-6738-4b71-9ab8-113a904adabc.jpg\" \/>\n\t<meta property=\"og:image:width\" content=\"1000\" \/>\n\t<meta property=\"og:image:height\" content=\"1000\" \/>\n\t<meta property=\"og:image:type\" content=\"image\/jpeg\" \/>\n<meta name=\"twitter:card\" content=\"summary_large_image\" \/>\n<meta name=\"twitter:label1\" content=\"Gesch\u00e4tzte Lesezeit\" \/>\n\t<meta name=\"twitter:data1\" content=\"2\u00a0Minuten\" \/>\n<script type=\"application\/ld+json\" class=\"yoast-schema-graph\">{\"@context\":\"https:\/\/schema.org\",\"@graph\":[{\"@type\":[\"WebPage\",\"ItemPage\"],\"@id\":\"https:\/\/kabinam.lt\/eng\/product\/raktu-pakabukai-pilotams\/\",\"url\":\"https:\/\/kabinam.lt\/eng\/product\/raktu-pakabukai-pilotams\/\",\"name\":\"Rakt\u0173 pakabukai pilotams su siuvin\u0117tu u\u017era\u0161u PILOT ir l\u0117ktuvu - kabinam.lt\",\"isPartOf\":{\"@id\":\"https:\/\/kabinam.lt\/#website\"},\"primaryImageOfPage\":{\"@id\":\"https:\/\/kabinam.lt\/eng\/product\/raktu-pakabukai-pilotams\/#primaryimage\"},\"image\":{\"@id\":\"https:\/\/kabinam.lt\/eng\/product\/raktu-pakabukai-pilotams\/#primaryimage\"},\"thumbnailUrl\":\"https:\/\/kabinam.lt\/wp-content\/uploads\/2025\/05\/d7dc82b5-6738-4b71-9ab8-113a904adabc.jpg\",\"datePublished\":\"2025-05-12T19:46:00+00:00\",\"dateModified\":\"2026-01-03T16:47:22+00:00\",\"description\":\"Rakt\u0173 pakabukai pilotams su u\u017era\u0161u PILOT ir l\u0117ktuvo atvaizdu \u2013 stilingas aksesuaras visiems aviacijos myl\u0117tojams.\",\"breadcrumb\":{\"@id\":\"https:\/\/kabinam.lt\/eng\/product\/raktu-pakabukai-pilotams\/#breadcrumb\"},\"inLanguage\":\"de\",\"potentialAction\":[{\"@type\":\"ReadAction\",\"target\":[\"https:\/\/kabinam.lt\/eng\/product\/raktu-pakabukai-pilotams\/\"]}]},{\"@type\":\"ImageObject\",\"inLanguage\":\"de\",\"@id\":\"https:\/\/kabinam.lt\/eng\/product\/raktu-pakabukai-pilotams\/#primaryimage\",\"url\":\"https:\/\/kabinam.lt\/wp-content\/uploads\/2025\/05\/d7dc82b5-6738-4b71-9ab8-113a904adabc.jpg\",\"contentUrl\":\"https:\/\/kabinam.lt\/wp-content\/uploads\/2025\/05\/d7dc82b5-6738-4b71-9ab8-113a904adabc.jpg\",\"width\":1000,\"height\":1000,\"caption\":\"Siuvin\u0117tas PILOT pakabukas su keturiomis juostel\u0117mis ir l\u0117ktuvo siluetu\"},{\"@type\":\"BreadcrumbList\",\"@id\":\"https:\/\/kabinam.lt\/eng\/product\/raktu-pakabukai-pilotams\/#breadcrumb\",\"itemListElement\":[{\"@type\":\"ListItem\",\"position\":1,\"name\":\"Home\",\"item\":\"https:\/\/kabinam.lt\/\"},{\"@type\":\"ListItem\",\"position\":2,\"name\":\"Visi Produktai\",\"item\":\"https:\/\/kabinam.lt\/visi-produktai\/\"},{\"@type\":\"ListItem\",\"position\":3,\"name\":\"Rakt\u0173 pakabukai pilotams su siuvin\u0117tu u\u017era\u0161u PILOT ir l\u0117ktuvu\"}]},{\"@type\":\"WebSite\",\"@id\":\"https:\/\/kabinam.lt\/#website\",\"url\":\"https:\/\/kabinam.lt\/\",\"name\":\"kabinam.lt\",\"description\":\"Kabinam.lt \u2013 raktu pakabukai ir aksesuarai\",\"publisher\":{\"@id\":\"https:\/\/kabinam.lt\/#organization\"},\"alternateName\":\"pakabukai lt\",\"potentialAction\":[{\"@type\":\"SearchAction\",\"target\":{\"@type\":\"EntryPoint\",\"urlTemplate\":\"https:\/\/kabinam.lt\/?s={search_term_string}\"},\"query-input\":{\"@type\":\"PropertyValueSpecification\",\"valueRequired\":true,\"valueName\":\"search_term_string\"}}],\"inLanguage\":\"de\"},{\"@type\":\"Organization\",\"@id\":\"https:\/\/kabinam.lt\/#organization\",\"name\":\"kabinam.lt\",\"alternateName\":\"kabinam\",\"url\":\"https:\/\/kabinam.lt\/\",\"logo\":{\"@type\":\"ImageObject\",\"inLanguage\":\"de\",\"@id\":\"https:\/\/kabinam.lt\/#\/schema\/logo\/image\/\",\"url\":\"https:\/\/kabinam.lt\/wp-content\/uploads\/2025\/05\/KABINAM_outer_glow.png\",\"contentUrl\":\"https:\/\/kabinam.lt\/wp-content\/uploads\/2025\/05\/KABINAM_outer_glow.png\",\"width\":474,\"height\":141,\"caption\":\"kabinam.lt\"},\"image\":{\"@id\":\"https:\/\/kabinam.lt\/#\/schema\/logo\/image\/\"}}]}<\/script>\n<!-- \/ Yoast SEO plugin. -->","yoast_head_json":{"title":"Schl\u00fcsselanh\u00e4nger f\u00fcr Piloten mit besticktem Aufdruck PILOT und Flugzeug - kabinam.lt","description":"Schl\u00fcsselanh\u00e4nger f\u00fcr Piloten mit dem Aufdruck PILOT und Flugzeugbild \u2013 stilvoller Accessoire f\u00fcr alle Flugzeugliebhaber.","robots":{"index":"index","follow":"follow","max-snippet":"max-snippet:-1","max-image-preview":"max-image-preview:large","max-video-preview":"max-video-preview:-1"},"canonical":"https:\/\/kabinam.lt\/de\/produkt\/schlusselanhanger-fur-piloten\/","og_locale":"de_DE","og_type":"article","og_title":"Rakt\u0173 pakabukai pilotams su siuvin\u0117tu u\u017era\u0161u PILOT ir l\u0117ktuvu - kabinam.lt","og_description":"Rakt\u0173 pakabukai pilotams su u\u017era\u0161u PILOT ir l\u0117ktuvo atvaizdu \u2013 stilingas aksesuaras visiems aviacijos myl\u0117tojams.","og_url":"https:\/\/kabinam.lt\/de\/produkt\/schlusselanhanger-fur-piloten\/","og_site_name":"kabinam.lt","article_modified_time":"2026-01-03T16:47:22+00:00","og_image":[{"width":1000,"height":1000,"url":"https:\/\/kabinam.lt\/wp-content\/uploads\/2025\/05\/d7dc82b5-6738-4b71-9ab8-113a904adabc.jpg","type":"image\/jpeg"}],"twitter_card":"summary_large_image","twitter_misc":{"Gesch\u00e4tzte Lesezeit":"2\u00a0Minuten"},"schema":{"@context":"https:\/\/schema.org","@graph":[{"@type":["WebPage","ItemPage"],"@id":"https:\/\/kabinam.lt\/eng\/product\/raktu-pakabukai-pilotams\/","url":"https:\/\/kabinam.lt\/eng\/product\/raktu-pakabukai-pilotams\/","name":"Schl\u00fcsselanh\u00e4nger f\u00fcr Piloten mit besticktem Aufdruck PILOT und Flugzeug - kabinam.lt","isPartOf":{"@id":"https:\/\/kabinam.lt\/#website"},"primaryImageOfPage":{"@id":"https:\/\/kabinam.lt\/eng\/product\/raktu-pakabukai-pilotams\/#primaryimage"},"image":{"@id":"https:\/\/kabinam.lt\/eng\/product\/raktu-pakabukai-pilotams\/#primaryimage"},"thumbnailUrl":"https:\/\/kabinam.lt\/wp-content\/uploads\/2025\/05\/d7dc82b5-6738-4b71-9ab8-113a904adabc.jpg","datePublished":"2025-05-12T19:46:00+00:00","dateModified":"2026-01-03T16:47:22+00:00","description":"Schl\u00fcsselanh\u00e4nger f\u00fcr Piloten mit dem Aufdruck PILOT und Flugzeugbild \u2013 stilvoller Accessoire f\u00fcr alle Flugzeugliebhaber.","breadcrumb":{"@id":"https:\/\/kabinam.lt\/eng\/product\/raktu-pakabukai-pilotams\/#breadcrumb"},"inLanguage":"de","potentialAction":[{"@type":"ReadAction","target":["https:\/\/kabinam.lt\/eng\/product\/raktu-pakabukai-pilotams\/"]}]},{"@type":"ImageObject","inLanguage":"de","@id":"https:\/\/kabinam.lt\/eng\/product\/raktu-pakabukai-pilotams\/#primaryimage","url":"https:\/\/kabinam.lt\/wp-content\/uploads\/2025\/05\/d7dc82b5-6738-4b71-9ab8-113a904adabc.jpg","contentUrl":"https:\/\/kabinam.lt\/wp-content\/uploads\/2025\/05\/d7dc82b5-6738-4b71-9ab8-113a904adabc.jpg","width":1000,"height":1000,"caption":"Siuvin\u0117tas PILOT pakabukas su keturiomis juostel\u0117mis ir l\u0117ktuvo siluetu"},{"@type":"BreadcrumbList","@id":"https:\/\/kabinam.lt\/eng\/product\/raktu-pakabukai-pilotams\/#breadcrumb","itemListElement":[{"@type":"ListItem","position":1,"name":"Home","item":"https:\/\/kabinam.lt\/"},{"@type":"ListItem","position":2,"name":"Visi Produktai","item":"https:\/\/kabinam.lt\/visi-produktai\/"},{"@type":"ListItem","position":3,"name":"Rakt\u0173 pakabukai pilotams su siuvin\u0117tu u\u017era\u0161u PILOT ir l\u0117ktuvu"}]},{"@type":"WebSite","@id":"https:\/\/kabinam.lt\/#website","url":"https:\/\/kabinam.lt\/","name":"kabinam.lt","description":"Kabinam.lt - Schl\u00fcsselanh\u00e4nger und Zubeh\u00f6r","publisher":{"@id":"https:\/\/kabinam.lt\/#organization"},"alternateName":"pakabukai lt","potentialAction":[{"@type":"SearchAction","target":{"@type":"EntryPoint","urlTemplate":"https:\/\/kabinam.lt\/?s={search_term_string}"},"query-input":{"@type":"PropertyValueSpecification","valueRequired":true,"valueName":"search_term_string"}}],"inLanguage":"de"},{"@type":"Organization","@id":"https:\/\/kabinam.lt\/#organization","name":"kabinam.lt","alternateName":"kabinam","url":"https:\/\/kabinam.lt\/","logo":{"@type":"ImageObject","inLanguage":"de","@id":"https:\/\/kabinam.lt\/#\/schema\/logo\/image\/","url":"https:\/\/kabinam.lt\/wp-content\/uploads\/2025\/05\/KABINAM_outer_glow.png","contentUrl":"https:\/\/kabinam.lt\/wp-content\/uploads\/2025\/05\/KABINAM_outer_glow.png","width":474,"height":141,"caption":"kabinam.lt"},"image":{"@id":"https:\/\/kabinam.lt\/#\/schema\/logo\/image\/"}}]}},"uagb_featured_image_src":{"full":["https:\/\/kabinam.lt\/wp-content\/uploads\/2025\/05\/d7dc82b5-6738-4b71-9ab8-113a904adabc.jpg",1000,1000,false],"thumbnail":["https:\/\/kabinam.lt\/wp-content\/uploads\/2025\/05\/d7dc82b5-6738-4b71-9ab8-113a904adabc-150x150.jpg",150,150,true],"medium":["https:\/\/kabinam.lt\/wp-content\/uploads\/2025\/05\/d7dc82b5-6738-4b71-9ab8-113a904adabc-300x300.jpg",300,300,true],"medium_large":["https:\/\/kabinam.lt\/wp-content\/uploads\/2025\/05\/d7dc82b5-6738-4b71-9ab8-113a904adabc-768x768.jpg",768,768,true],"large":["https:\/\/kabinam.lt\/wp-content\/uploads\/2025\/05\/d7dc82b5-6738-4b71-9ab8-113a904adabc.jpg",1000,1000,false],"1536x1536":["https:\/\/kabinam.lt\/wp-content\/uploads\/2025\/05\/d7dc82b5-6738-4b71-9ab8-113a904adabc.jpg",1000,1000,false],"2048x2048":["https:\/\/kabinam.lt\/wp-content\/uploads\/2025\/05\/d7dc82b5-6738-4b71-9ab8-113a904adabc.jpg",1000,1000,false],"trp-custom-language-flag":["https:\/\/kabinam.lt\/wp-content\/uploads\/2025\/05\/d7dc82b5-6738-4b71-9ab8-113a904adabc.jpg",12,12,false],"woocommerce_thumbnail":["https:\/\/kabinam.lt\/wp-content\/uploads\/2025\/05\/d7dc82b5-6738-4b71-9ab8-113a904adabc-300x300.jpg",300,300,true],"woocommerce_single":["https:\/\/kabinam.lt\/wp-content\/uploads\/2025\/05\/d7dc82b5-6738-4b71-9ab8-113a904adabc-600x600.jpg",600,600,true],"woocommerce_gallery_thumbnail":["https:\/\/kabinam.lt\/wp-content\/uploads\/2025\/05\/d7dc82b5-6738-4b71-9ab8-113a904adabc-100x100.jpg",100,100,true]},"uagb_author_info":{"display_name":"kabinam.lt","author_link":"https:\/\/kabinam.lt\/de\/author\/"},"uagb_comment_info":0,"uagb_excerpt":"Siuvin\u0117tas rakt\u0173 pakabukas pilotams su l\u0117ktuvu ir keturiomis kapitono juostel\u0117mis \u2013 prakti\u0161ka ir stilinga dovana.","_links":{"self":[{"href":"https:\/\/kabinam.lt\/de\/wp-json\/wp\/v2\/product\/3573","targetHints":{"allow":["GET"]}}],"collection":[{"href":"https:\/\/kabinam.lt\/de\/wp-json\/wp\/v2\/product"}],"about":[{"href":"https:\/\/kabinam.lt\/de\/wp-json\/wp\/v2\/types\/product"}],"replies":[{"embeddable":true,"href":"https:\/\/kabinam.lt\/de\/wp-json\/wp\/v2\/comments?post=3573"}],"wp:featuredmedia":[{"embeddable":true,"href":"https:\/\/kabinam.lt\/de\/wp-json\/wp\/v2\/media\/3575"}],"wp:attachment":[{"href":"https:\/\/kabinam.lt\/de\/wp-json\/wp\/v2\/media?parent=3573"}],"wp:term":[{"taxonomy":"product_brand","embeddable":true,"href":"https:\/\/kabinam.lt\/de\/wp-json\/wp\/v2\/product_brand?post=3573"},{"taxonomy":"product_cat","embeddable":true,"href":"https:\/\/kabinam.lt\/de\/wp-json\/wp\/v2\/product_cat?post=3573"},{"taxonomy":"product_tag","embeddable":true,"href":"https:\/\/kabinam.lt\/de\/wp-json\/wp\/v2\/product_tag?post=3573"}],"curies":[{"name":"wp","href":"https:\/\/api.w.org\/{rel}","templated":true}]}}