{"id":3448,"date":"2025-04-17T22:12:53","date_gmt":"2025-04-17T20:12:53","guid":{"rendered":"https:\/\/kabinam.lt\/?post_type=product&#038;p=3448"},"modified":"2026-01-18T15:22:38","modified_gmt":"2026-01-18T13:22:38","slug":"schlusselanhanger-youre-my-favorite-person","status":"publish","type":"product","link":"https:\/\/kabinam.lt\/de\/product\/raktu-pakabukas-youre-my-favorite-person\/","title":{"rendered":"Schl\u00fcsselanh\u00e4nger \u201eYou\u2019re My Favorite Person\u201c \u2013 ein raffiniertes Geschenk f\u00fcr einen Mann"},"content":{"rendered":"<div class=\"kk-star-ratings kksr-auto kksr-align-left kksr-valign-top\"\n    data-payload='{&quot;align&quot;:&quot;left&quot;,&quot;id&quot;:&quot;3448&quot;,&quot;slug&quot;:&quot;default&quot;,&quot;valign&quot;:&quot;top&quot;,&quot;ignore&quot;:&quot;&quot;,&quot;reference&quot;:&quot;auto&quot;,&quot;class&quot;:&quot;&quot;,&quot;count&quot;:&quot;0&quot;,&quot;legendonly&quot;:&quot;&quot;,&quot;readonly&quot;:&quot;&quot;,&quot;score&quot;:&quot;0&quot;,&quot;starsonly&quot;:&quot;&quot;,&quot;best&quot;:&quot;5&quot;,&quot;gap&quot;:&quot;5&quot;,&quot;greet&quot;:&quot;Mums svarbus j\u016bs\u0173 \u012fvertinimas&quot;,&quot;legend&quot;:&quot;0\\\/5 - (0 votes)&quot;,&quot;size&quot;:&quot;24&quot;,&quot;title&quot;:&quot;Rakt\u0173 pakabukas You\\u0026#039;re My Favorite Person \u2013 subtili dovana vyrui&quot;,&quot;width&quot;:&quot;0&quot;,&quot;_legend&quot;:&quot;{score}\\\/{best} - ({count} {votes})&quot;,&quot;font_factor&quot;:&quot;1.25&quot;}'>\n            \n<div class=\"kksr-stars\">\n    \n<div class=\"kksr-stars-inactive\">\n            <div class=\"kksr-star\" data-star=\"1\" style=\"padding-right: 5px\">\n            \n\n<div class=\"kksr-icon\" style=\"width: 24px; height: 24px;\"><\/div>\n        <\/div>\n            <div class=\"kksr-star\" data-star=\"2\" style=\"padding-right: 5px\">\n            \n\n<div class=\"kksr-icon\" style=\"width: 24px; height: 24px;\"><\/div>\n        <\/div>\n            <div class=\"kksr-star\" data-star=\"3\" style=\"padding-right: 5px\">\n            \n\n<div class=\"kksr-icon\" style=\"width: 24px; height: 24px;\"><\/div>\n        <\/div>\n            <div class=\"kksr-star\" data-star=\"4\" style=\"padding-right: 5px\">\n            \n\n<div class=\"kksr-icon\" style=\"width: 24px; height: 24px;\"><\/div>\n        <\/div>\n            <div class=\"kksr-star\" data-star=\"5\" style=\"padding-right: 5px\">\n            \n\n<div class=\"kksr-icon\" style=\"width: 24px; height: 24px;\"><\/div>\n        <\/div>\n    <\/div>\n    \n<div class=\"kksr-stars-active\" style=\"width: 0px;\">\n            <div class=\"kksr-star\" style=\"padding-right: 5px\">\n            \n\n<div class=\"kksr-icon\" style=\"width: 24px; height: 24px;\"><\/div>\n        <\/div>\n            <div class=\"kksr-star\" style=\"padding-right: 5px\">\n            \n\n<div class=\"kksr-icon\" style=\"width: 24px; height: 24px;\"><\/div>\n        <\/div>\n            <div class=\"kksr-star\" style=\"padding-right: 5px\">\n            \n\n<div class=\"kksr-icon\" style=\"width: 24px; height: 24px;\"><\/div>\n        <\/div>\n            <div class=\"kksr-star\" style=\"padding-right: 5px\">\n            \n\n<div class=\"kksr-icon\" style=\"width: 24px; height: 24px;\"><\/div>\n        <\/div>\n            <div class=\"kksr-star\" style=\"padding-right: 5px\">\n            \n\n<div class=\"kksr-icon\" style=\"width: 24px; height: 24px;\"><\/div>\n        <\/div>\n    <\/div>\n<\/div>\n                \n\n<div class=\"kksr-legend\" style=\"font-size: 19.2px;\">\n            <span class=\"kksr-muted\">Ihre Bewertung ist f\u00fcr uns wichtig<\/span>\n    <\/div>\n    <\/div>\n<h4 class=\"\" data-start=\"168\" data-end=\"208\">Ein pers\u00f6nliches und sinnvolles Geschenk f\u00fcr Ihren Mann<\/h4>\n<p class=\"\" data-start=\"210\" data-end=\"565\"><strong data-start=\"210\" data-end=\"255\">Schl\u00fcsselanh\u00e4nger You're My Favorite Person<\/strong> - Sie ist eine au\u00dfergew\u00f6hnliche Wahl f\u00fcr alle, die ihre Gef\u00fchle auf eine nicht zu pomp\u00f6se, sondern aufrichtige Weise ausdr\u00fccken wollen. Die eingravierte Inschrift \u201eYou're My Favorite Person\u201c vermittelt eine einfache, aber aussagekr\u00e4ftige Botschaft: \u201eDu bist mein Lieblingsmensch\u201c. Eine Kleinigkeit wie diese kann eine warme Erinnerung daran sein, dass jemand Sie sch\u00e4tzt und liebt.<\/p>\n<p class=\"\" data-start=\"567\" data-end=\"794\">Dieser Anh\u00e4nger ist aus rostfreiem Stahl gefertigt, wodurch er stark und langlebig ist und seinen Glanz auch nach langem Gebrauch beibeh\u00e4lt. Das elegante Design passt perfekt zu Ihrem Schl\u00fcsselbund, Rucksack oder Autoschl\u00fcssel.<\/p>\n<hr class=\"\" data-start=\"796\" data-end=\"799\" \/>\n<h4 class=\"\" data-start=\"801\" data-end=\"829\">Geeignet f\u00fcr alle Gelegenheiten<\/h4>\n<p class=\"\" data-start=\"831\" data-end=\"1114\">Suchen Sie eine Geschenkidee f\u00fcr Ihren Mann? Diese <strong data-start=\"863\" data-end=\"908\">You're My Favourite Person Schl\u00fcsselanh\u00e4nger<\/strong> - die perfekte Wahl f\u00fcr Geburtstage, den Valentinstag, Jahrestage oder jeden anderen besonderen Anlass. Sein vielseitiges Design macht es perfekt f\u00fcr Freunde, Ehem\u00e4nner, Br\u00fcder oder sogar beste Freunde.<\/p>\n<p class=\"\" data-start=\"1116\" data-end=\"1303\">Der dezente Look dieses Anh\u00e4ngers macht ihn auch f\u00fcr diejenigen geeignet, die normalerweise keine hellen Accessoires m\u00f6gen. Er ist eine elegante und doch schlichte Wahl - genau die Art von Anh\u00e4nger, die jeden gl\u00fccklich macht.<\/p>\n<hr class=\"\" data-start=\"1305\" data-end=\"1308\" \/>\n<h4 class=\"\" data-start=\"1310\" data-end=\"1351\">Au\u00dfergew\u00f6hnliche Qualit\u00e4t und Emotion in Einem<\/h4>\n<p class=\"\" data-start=\"1353\" data-end=\"1616\">Dieser Anh\u00e4nger ist nicht nur von emotionalem Wert, sondern auch von hoher Qualit\u00e4t. Das Material aus rostfreiem Stahl ist korrosionsbest\u00e4ndig und der lasergravierte Text verblasst mit der Zeit nicht. Er ist die ideale Wahl f\u00fcr alle, die ein Geschenk suchen, das sowohl symbolisch als auch praktisch ist.<\/p>\n<p class=\"\" data-start=\"1618\" data-end=\"1941\">Wir laden Sie ein, einen Blick auf andere <a target=\"_new\" rel=\"noopener\" data-start=\"1648\" data-end=\"1736\">einzigartige Anh\u00e4nger<\/a> in unserem E-Shop. Wenn Sie auf der Suche nach weiteren Geschenkideen f\u00fcr M\u00e4nner sind, empfehlen wir Ihnen au\u00dferdem einen Blick auf <a target=\"_new\" rel=\"noopener\" data-start=\"1837\" data-end=\"1885\">Feuerb\u00fcchse<\/a> Die Website ist voll von interessanten und originellen L\u00f6sungen.<\/p>","protected":false},"excerpt":{"rendered":"<p>Eleganter Anh\u00e4nger aus Edelstahl mit zarter Gravur - das perfekte Geschenk f\u00fcr Ihren Mann oder einen geliebten Menschen.<\/p>","protected":false},"featured_media":3449,"comment_status":"closed","ping_status":"closed","template":"","meta":{"_uag_custom_page_level_css":"","site-sidebar-layout":"default","site-content-layout":"","ast-site-content-layout":"default","site-content-style":"default","site-sidebar-style":"default","ast-global-header-display":"","ast-banner-title-visibility":"","ast-main-header-display":"","ast-hfb-above-header-display":"","ast-hfb-below-header-display":"","ast-hfb-mobile-header-display":"","site-post-title":"","ast-breadcrumbs-content":"","ast-featured-img":"","footer-sml-layout":"","ast-disable-related-posts":"","theme-transparent-header-meta":"default","adv-header-id-meta":"","stick-header-meta":"","header-above-stick-meta":"","header-main-stick-meta":"","header-below-stick-meta":"","astra-migrate-meta-layouts":"set","ast-page-background-enabled":"default","ast-page-background-meta":{"desktop":{"background-color":"var(--ast-global-color-4)","background-image":"","background-repeat":"repeat","background-position":"center center","background-size":"auto","background-attachment":"scroll","background-type":"","background-media":"","overlay-type":"","overlay-color":"","overlay-opacity":"","overlay-gradient":""},"tablet":{"background-color":"","background-image":"","background-repeat":"repeat","background-position":"center center","background-size":"auto","background-attachment":"scroll","background-type":"","background-media":"","overlay-type":"","overlay-color":"","overlay-opacity":"","overlay-gradient":""},"mobile":{"background-color":"","background-image":"","background-repeat":"repeat","background-position":"center center","background-size":"auto","background-attachment":"scroll","background-type":"","background-media":"","overlay-type":"","overlay-color":"","overlay-opacity":"","overlay-gradient":""}},"ast-content-background-meta":{"desktop":{"background-color":"var(--ast-global-color-5)","background-image":"","background-repeat":"repeat","background-position":"center center","background-size":"auto","background-attachment":"scroll","background-type":"","background-media":"","overlay-type":"","overlay-color":"","overlay-opacity":"","overlay-gradient":""},"tablet":{"background-color":"var(--ast-global-color-5)","background-image":"","background-repeat":"repeat","background-position":"center center","background-size":"auto","background-attachment":"scroll","background-type":"","background-media":"","overlay-type":"","overlay-color":"","overlay-opacity":"","overlay-gradient":""},"mobile":{"background-color":"var(--ast-global-color-5)","background-image":"","background-repeat":"repeat","background-position":"center center","background-size":"auto","background-attachment":"scroll","background-type":"","background-media":"","overlay-type":"","overlay-color":"","overlay-opacity":"","overlay-gradient":""}}},"product_brand":[],"product_cat":[126,117,116,95,118],"product_tag":[],"class_list":{"0":"post-3448","1":"product","2":"type-product","3":"status-publish","4":"has-post-thumbnail","6":"product_cat-visi","7":"product_cat-graviruoti-raktu-pakabukai","8":"product_cat-metaliniai-raktu-pakabukai","9":"product_cat-unikalus-raktu-pakabukai","10":"product_cat-dovana-teciui","11":"desktop-align-center","12":"tablet-align-left","13":"mobile-align-left","15":"first","16":"instock","17":"shipping-taxable","18":"purchasable","19":"product-type-simple"},"yoast_head":"<!-- This site is optimized with the Yoast SEO plugin v27.1.1 - https:\/\/yoast.com\/product\/yoast-seo-wordpress\/ -->\n<title>Rakt\u0173 pakabukas You&#039;re My Favorite Person \u2013 subtili dovana vyrui - kabinam.lt<\/title>\n<meta name=\"description\" content=\"Eleganti\u0161kas rakt\u0173 pakabukas su u\u017era\u0161u \u201eYou&#039;re My Favorite Person\u201c \u2013 ideali dovana vyrui ar artimam \u017emogui.\" \/>\n<meta name=\"robots\" content=\"index, follow, max-snippet:-1, max-image-preview:large, max-video-preview:-1\" \/>\n<link rel=\"canonical\" href=\"https:\/\/kabinam.lt\/de\/produkt\/schlusselanhanger-youre-my-favorite-person\/\" \/>\n<meta property=\"og:locale\" content=\"de_DE\" \/>\n<meta property=\"og:type\" content=\"article\" \/>\n<meta property=\"og:title\" content=\"Rakt\u0173 pakabukas You&#039;re My Favorite Person \u2013 subtili dovana vyrui - kabinam.lt\" \/>\n<meta property=\"og:description\" content=\"Eleganti\u0161kas rakt\u0173 pakabukas su u\u017era\u0161u \u201eYou&#039;re My Favorite Person\u201c \u2013 ideali dovana vyrui ar artimam \u017emogui.\" \/>\n<meta property=\"og:url\" content=\"https:\/\/kabinam.lt\/de\/produkt\/schlusselanhanger-youre-my-favorite-person\/\" \/>\n<meta property=\"og:site_name\" content=\"kabinam.lt\" \/>\n<meta property=\"article:modified_time\" content=\"2026-01-18T13:22:38+00:00\" \/>\n<meta property=\"og:image\" content=\"https:\/\/kabinam.lt\/wp-content\/uploads\/2025\/04\/f750a514-ceeb-4c6c-9403-a548d4715888.jpg\" \/>\n\t<meta property=\"og:image:width\" content=\"1000\" \/>\n\t<meta property=\"og:image:height\" content=\"1000\" \/>\n\t<meta property=\"og:image:type\" content=\"image\/jpeg\" \/>\n<meta name=\"twitter:card\" content=\"summary_large_image\" \/>\n<meta name=\"twitter:label1\" content=\"Gesch\u00e4tzte Lesezeit\" \/>\n\t<meta name=\"twitter:data1\" content=\"2\u00a0Minuten\" \/>\n<script type=\"application\/ld+json\" class=\"yoast-schema-graph\">{\"@context\":\"https:\/\/schema.org\",\"@graph\":[{\"@type\":[\"WebPage\",\"ItemPage\"],\"@id\":\"https:\/\/kabinam.lt\/eng\/product\/raktu-pakabukas-youre-my-favorite-person\/\",\"url\":\"https:\/\/kabinam.lt\/eng\/product\/raktu-pakabukas-youre-my-favorite-person\/\",\"name\":\"Rakt\u0173 pakabukas You're My Favorite Person \u2013 subtili dovana vyrui - kabinam.lt\",\"isPartOf\":{\"@id\":\"https:\/\/kabinam.lt\/#website\"},\"primaryImageOfPage\":{\"@id\":\"https:\/\/kabinam.lt\/eng\/product\/raktu-pakabukas-youre-my-favorite-person\/#primaryimage\"},\"image\":{\"@id\":\"https:\/\/kabinam.lt\/eng\/product\/raktu-pakabukas-youre-my-favorite-person\/#primaryimage\"},\"thumbnailUrl\":\"https:\/\/kabinam.lt\/wp-content\/uploads\/2025\/04\/f750a514-ceeb-4c6c-9403-a548d4715888.jpg\",\"datePublished\":\"2025-04-17T20:12:53+00:00\",\"dateModified\":\"2026-01-18T13:22:38+00:00\",\"description\":\"Eleganti\u0161kas rakt\u0173 pakabukas su u\u017era\u0161u \u201eYou're My Favorite Person\u201c \u2013 ideali dovana vyrui ar artimam \u017emogui.\",\"breadcrumb\":{\"@id\":\"https:\/\/kabinam.lt\/eng\/product\/raktu-pakabukas-youre-my-favorite-person\/#breadcrumb\"},\"inLanguage\":\"de\",\"potentialAction\":[{\"@type\":\"ReadAction\",\"target\":[\"https:\/\/kabinam.lt\/eng\/product\/raktu-pakabukas-youre-my-favorite-person\/\"]}]},{\"@type\":\"ImageObject\",\"inLanguage\":\"de\",\"@id\":\"https:\/\/kabinam.lt\/eng\/product\/raktu-pakabukas-youre-my-favorite-person\/#primaryimage\",\"url\":\"https:\/\/kabinam.lt\/wp-content\/uploads\/2025\/04\/f750a514-ceeb-4c6c-9403-a548d4715888.jpg\",\"contentUrl\":\"https:\/\/kabinam.lt\/wp-content\/uploads\/2025\/04\/f750a514-ceeb-4c6c-9403-a548d4715888.jpg\",\"width\":1000,\"height\":1000,\"caption\":\"Graviruotas rakt\u0173 pakabukas vyrui\"},{\"@type\":\"BreadcrumbList\",\"@id\":\"https:\/\/kabinam.lt\/eng\/product\/raktu-pakabukas-youre-my-favorite-person\/#breadcrumb\",\"itemListElement\":[{\"@type\":\"ListItem\",\"position\":1,\"name\":\"Home\",\"item\":\"https:\/\/kabinam.lt\/\"},{\"@type\":\"ListItem\",\"position\":2,\"name\":\"Visi Produktai\",\"item\":\"https:\/\/kabinam.lt\/visi-produktai\/\"},{\"@type\":\"ListItem\",\"position\":3,\"name\":\"Rakt\u0173 pakabukas You&#8217;re My Favorite Person \u2013 subtili dovana vyrui\"}]},{\"@type\":\"WebSite\",\"@id\":\"https:\/\/kabinam.lt\/#website\",\"url\":\"https:\/\/kabinam.lt\/\",\"name\":\"kabinam.lt\",\"description\":\"Kabinam.lt \u2013 raktu pakabukai ir aksesuarai\",\"publisher\":{\"@id\":\"https:\/\/kabinam.lt\/#organization\"},\"alternateName\":\"pakabukai lt\",\"potentialAction\":[{\"@type\":\"SearchAction\",\"target\":{\"@type\":\"EntryPoint\",\"urlTemplate\":\"https:\/\/kabinam.lt\/?s={search_term_string}\"},\"query-input\":{\"@type\":\"PropertyValueSpecification\",\"valueRequired\":true,\"valueName\":\"search_term_string\"}}],\"inLanguage\":\"de\"},{\"@type\":\"Organization\",\"@id\":\"https:\/\/kabinam.lt\/#organization\",\"name\":\"kabinam.lt\",\"alternateName\":\"kabinam\",\"url\":\"https:\/\/kabinam.lt\/\",\"logo\":{\"@type\":\"ImageObject\",\"inLanguage\":\"de\",\"@id\":\"https:\/\/kabinam.lt\/#\/schema\/logo\/image\/\",\"url\":\"https:\/\/kabinam.lt\/wp-content\/uploads\/2025\/05\/KABINAM_outer_glow.png\",\"contentUrl\":\"https:\/\/kabinam.lt\/wp-content\/uploads\/2025\/05\/KABINAM_outer_glow.png\",\"width\":474,\"height\":141,\"caption\":\"kabinam.lt\"},\"image\":{\"@id\":\"https:\/\/kabinam.lt\/#\/schema\/logo\/image\/\"}}]}<\/script>\n<!-- \/ Yoast SEO plugin. -->","yoast_head_json":{"title":"Schl\u00fcsselanh\u00e4nger You're My Favorite Person \u2013 eine subtile Geschenk f\u00fcr einen Mann - kabinam.lt","description":"Eleganter Schl\u00fcsselanh\u00e4nger mit der Aufschrift \u201eYou're My Favorite Person\u201c \u2013 die perfekte Geschenk f\u00fcr einen Mann oder eine nahestehende Person.","robots":{"index":"index","follow":"follow","max-snippet":"max-snippet:-1","max-image-preview":"max-image-preview:large","max-video-preview":"max-video-preview:-1"},"canonical":"https:\/\/kabinam.lt\/de\/produkt\/schlusselanhanger-youre-my-favorite-person\/","og_locale":"de_DE","og_type":"article","og_title":"Rakt\u0173 pakabukas You're My Favorite Person \u2013 subtili dovana vyrui - kabinam.lt","og_description":"Eleganti\u0161kas rakt\u0173 pakabukas su u\u017era\u0161u \u201eYou're My Favorite Person\u201c \u2013 ideali dovana vyrui ar artimam \u017emogui.","og_url":"https:\/\/kabinam.lt\/de\/produkt\/schlusselanhanger-youre-my-favorite-person\/","og_site_name":"kabinam.lt","article_modified_time":"2026-01-18T13:22:38+00:00","og_image":[{"width":1000,"height":1000,"url":"https:\/\/kabinam.lt\/wp-content\/uploads\/2025\/04\/f750a514-ceeb-4c6c-9403-a548d4715888.jpg","type":"image\/jpeg"}],"twitter_card":"summary_large_image","twitter_misc":{"Gesch\u00e4tzte Lesezeit":"2\u00a0Minuten"},"schema":{"@context":"https:\/\/schema.org","@graph":[{"@type":["WebPage","ItemPage"],"@id":"https:\/\/kabinam.lt\/eng\/product\/raktu-pakabukas-youre-my-favorite-person\/","url":"https:\/\/kabinam.lt\/eng\/product\/raktu-pakabukas-youre-my-favorite-person\/","name":"Schl\u00fcsselanh\u00e4nger You're My Favorite Person \u2013 eine subtile Geschenk f\u00fcr einen Mann - kabinam.lt","isPartOf":{"@id":"https:\/\/kabinam.lt\/#website"},"primaryImageOfPage":{"@id":"https:\/\/kabinam.lt\/eng\/product\/raktu-pakabukas-youre-my-favorite-person\/#primaryimage"},"image":{"@id":"https:\/\/kabinam.lt\/eng\/product\/raktu-pakabukas-youre-my-favorite-person\/#primaryimage"},"thumbnailUrl":"https:\/\/kabinam.lt\/wp-content\/uploads\/2025\/04\/f750a514-ceeb-4c6c-9403-a548d4715888.jpg","datePublished":"2025-04-17T20:12:53+00:00","dateModified":"2026-01-18T13:22:38+00:00","description":"Eleganter Schl\u00fcsselanh\u00e4nger mit der Aufschrift \u201eYou're My Favorite Person\u201c \u2013 die perfekte Geschenk f\u00fcr einen Mann oder eine nahestehende Person.","breadcrumb":{"@id":"https:\/\/kabinam.lt\/eng\/product\/raktu-pakabukas-youre-my-favorite-person\/#breadcrumb"},"inLanguage":"de","potentialAction":[{"@type":"ReadAction","target":["https:\/\/kabinam.lt\/eng\/product\/raktu-pakabukas-youre-my-favorite-person\/"]}]},{"@type":"ImageObject","inLanguage":"de","@id":"https:\/\/kabinam.lt\/eng\/product\/raktu-pakabukas-youre-my-favorite-person\/#primaryimage","url":"https:\/\/kabinam.lt\/wp-content\/uploads\/2025\/04\/f750a514-ceeb-4c6c-9403-a548d4715888.jpg","contentUrl":"https:\/\/kabinam.lt\/wp-content\/uploads\/2025\/04\/f750a514-ceeb-4c6c-9403-a548d4715888.jpg","width":1000,"height":1000,"caption":"Graviruotas rakt\u0173 pakabukas vyrui"},{"@type":"BreadcrumbList","@id":"https:\/\/kabinam.lt\/eng\/product\/raktu-pakabukas-youre-my-favorite-person\/#breadcrumb","itemListElement":[{"@type":"ListItem","position":1,"name":"Home","item":"https:\/\/kabinam.lt\/"},{"@type":"ListItem","position":2,"name":"Visi Produktai","item":"https:\/\/kabinam.lt\/visi-produktai\/"},{"@type":"ListItem","position":3,"name":"Rakt\u0173 pakabukas You&#8217;re My Favorite Person \u2013 subtili dovana vyrui"}]},{"@type":"WebSite","@id":"https:\/\/kabinam.lt\/#website","url":"https:\/\/kabinam.lt\/","name":"kabinam.lt","description":"Kabinam.lt - Schl\u00fcsselanh\u00e4nger und Zubeh\u00f6r","publisher":{"@id":"https:\/\/kabinam.lt\/#organization"},"alternateName":"pakabukai lt","potentialAction":[{"@type":"SearchAction","target":{"@type":"EntryPoint","urlTemplate":"https:\/\/kabinam.lt\/?s={search_term_string}"},"query-input":{"@type":"PropertyValueSpecification","valueRequired":true,"valueName":"search_term_string"}}],"inLanguage":"de"},{"@type":"Organization","@id":"https:\/\/kabinam.lt\/#organization","name":"kabinam.lt","alternateName":"kabinam","url":"https:\/\/kabinam.lt\/","logo":{"@type":"ImageObject","inLanguage":"de","@id":"https:\/\/kabinam.lt\/#\/schema\/logo\/image\/","url":"https:\/\/kabinam.lt\/wp-content\/uploads\/2025\/05\/KABINAM_outer_glow.png","contentUrl":"https:\/\/kabinam.lt\/wp-content\/uploads\/2025\/05\/KABINAM_outer_glow.png","width":474,"height":141,"caption":"kabinam.lt"},"image":{"@id":"https:\/\/kabinam.lt\/#\/schema\/logo\/image\/"}}]}},"uagb_featured_image_src":{"full":["https:\/\/kabinam.lt\/wp-content\/uploads\/2025\/04\/f750a514-ceeb-4c6c-9403-a548d4715888.jpg",1000,1000,false],"thumbnail":["https:\/\/kabinam.lt\/wp-content\/uploads\/2025\/04\/f750a514-ceeb-4c6c-9403-a548d4715888-150x150.jpg",150,150,true],"medium":["https:\/\/kabinam.lt\/wp-content\/uploads\/2025\/04\/f750a514-ceeb-4c6c-9403-a548d4715888-300x300.jpg",300,300,true],"medium_large":["https:\/\/kabinam.lt\/wp-content\/uploads\/2025\/04\/f750a514-ceeb-4c6c-9403-a548d4715888-768x768.jpg",768,768,true],"large":["https:\/\/kabinam.lt\/wp-content\/uploads\/2025\/04\/f750a514-ceeb-4c6c-9403-a548d4715888.jpg",1000,1000,false],"1536x1536":["https:\/\/kabinam.lt\/wp-content\/uploads\/2025\/04\/f750a514-ceeb-4c6c-9403-a548d4715888.jpg",1000,1000,false],"2048x2048":["https:\/\/kabinam.lt\/wp-content\/uploads\/2025\/04\/f750a514-ceeb-4c6c-9403-a548d4715888.jpg",1000,1000,false],"trp-custom-language-flag":["https:\/\/kabinam.lt\/wp-content\/uploads\/2025\/04\/f750a514-ceeb-4c6c-9403-a548d4715888.jpg",12,12,false],"woocommerce_thumbnail":["https:\/\/kabinam.lt\/wp-content\/uploads\/2025\/04\/f750a514-ceeb-4c6c-9403-a548d4715888-300x300.jpg",300,300,true],"woocommerce_single":["https:\/\/kabinam.lt\/wp-content\/uploads\/2025\/04\/f750a514-ceeb-4c6c-9403-a548d4715888-600x600.jpg",600,600,true],"woocommerce_gallery_thumbnail":["https:\/\/kabinam.lt\/wp-content\/uploads\/2025\/04\/f750a514-ceeb-4c6c-9403-a548d4715888-100x100.jpg",100,100,true]},"uagb_author_info":{"display_name":"kabinam.lt","author_link":"https:\/\/kabinam.lt\/de\/author\/"},"uagb_comment_info":0,"uagb_excerpt":"Eleganti\u0161kas ner\u016bdijan\u010dio plieno pakabukas su jautriu graviruotu u\u017era\u0161u \u2013 puiki dovana vyrui ar artimam \u017emogui.","_links":{"self":[{"href":"https:\/\/kabinam.lt\/de\/wp-json\/wp\/v2\/product\/3448","targetHints":{"allow":["GET"]}}],"collection":[{"href":"https:\/\/kabinam.lt\/de\/wp-json\/wp\/v2\/product"}],"about":[{"href":"https:\/\/kabinam.lt\/de\/wp-json\/wp\/v2\/types\/product"}],"replies":[{"embeddable":true,"href":"https:\/\/kabinam.lt\/de\/wp-json\/wp\/v2\/comments?post=3448"}],"wp:featuredmedia":[{"embeddable":true,"href":"https:\/\/kabinam.lt\/de\/wp-json\/wp\/v2\/media\/3449"}],"wp:attachment":[{"href":"https:\/\/kabinam.lt\/de\/wp-json\/wp\/v2\/media?parent=3448"}],"wp:term":[{"taxonomy":"product_brand","embeddable":true,"href":"https:\/\/kabinam.lt\/de\/wp-json\/wp\/v2\/product_brand?post=3448"},{"taxonomy":"product_cat","embeddable":true,"href":"https:\/\/kabinam.lt\/de\/wp-json\/wp\/v2\/product_cat?post=3448"},{"taxonomy":"product_tag","embeddable":true,"href":"https:\/\/kabinam.lt\/de\/wp-json\/wp\/v2\/product_tag?post=3448"}],"curies":[{"name":"wp","href":"https:\/\/api.w.org\/{rel}","templated":true}]}}