{"id":3444,"date":"2025-04-17T22:08:51","date_gmt":"2025-04-17T20:08:51","guid":{"rendered":"https:\/\/kabinam.lt\/?post_type=product&#038;p=3444"},"modified":"2026-01-18T15:22:50","modified_gmt":"2026-01-18T13:22:50","slug":"schlusselanhanger-believe-in-you","status":"publish","type":"product","link":"https:\/\/kabinam.lt\/de\/product\/raktu-pakabukas-believe-in-you\/","title":{"rendered":"Believe in You Schl\u00fcsselanh\u00e4nger - ein inspirierendes Geschenk f\u00fcr einen lieben Menschen"},"content":{"rendered":"<div class=\"kk-star-ratings kksr-auto kksr-align-left kksr-valign-top\"\n    data-payload='{&quot;align&quot;:&quot;left&quot;,&quot;id&quot;:&quot;3444&quot;,&quot;slug&quot;:&quot;default&quot;,&quot;valign&quot;:&quot;top&quot;,&quot;ignore&quot;:&quot;&quot;,&quot;reference&quot;:&quot;auto&quot;,&quot;class&quot;:&quot;&quot;,&quot;count&quot;:&quot;0&quot;,&quot;legendonly&quot;:&quot;&quot;,&quot;readonly&quot;:&quot;&quot;,&quot;score&quot;:&quot;0&quot;,&quot;starsonly&quot;:&quot;&quot;,&quot;best&quot;:&quot;5&quot;,&quot;gap&quot;:&quot;5&quot;,&quot;greet&quot;:&quot;Mums svarbus j\u016bs\u0173 \u012fvertinimas&quot;,&quot;legend&quot;:&quot;0\\\/5 - (0 votes)&quot;,&quot;size&quot;:&quot;24&quot;,&quot;title&quot;:&quot;Rakt\u0173 pakabukas Believe in You \u2013 \u012fkvepianti dovana artimam \u017emogui&quot;,&quot;width&quot;:&quot;0&quot;,&quot;_legend&quot;:&quot;{score}\\\/{best} - ({count} {votes})&quot;,&quot;font_factor&quot;:&quot;1.25&quot;}'>\n            \n<div class=\"kksr-stars\">\n    \n<div class=\"kksr-stars-inactive\">\n            <div class=\"kksr-star\" data-star=\"1\" style=\"padding-right: 5px\">\n            \n\n<div class=\"kksr-icon\" style=\"width: 24px; height: 24px;\"><\/div>\n        <\/div>\n            <div class=\"kksr-star\" data-star=\"2\" style=\"padding-right: 5px\">\n            \n\n<div class=\"kksr-icon\" style=\"width: 24px; height: 24px;\"><\/div>\n        <\/div>\n            <div class=\"kksr-star\" data-star=\"3\" style=\"padding-right: 5px\">\n            \n\n<div class=\"kksr-icon\" style=\"width: 24px; height: 24px;\"><\/div>\n        <\/div>\n            <div class=\"kksr-star\" data-star=\"4\" style=\"padding-right: 5px\">\n            \n\n<div class=\"kksr-icon\" style=\"width: 24px; height: 24px;\"><\/div>\n        <\/div>\n            <div class=\"kksr-star\" data-star=\"5\" style=\"padding-right: 5px\">\n            \n\n<div class=\"kksr-icon\" style=\"width: 24px; height: 24px;\"><\/div>\n        <\/div>\n    <\/div>\n    \n<div class=\"kksr-stars-active\" style=\"width: 0px;\">\n            <div class=\"kksr-star\" style=\"padding-right: 5px\">\n            \n\n<div class=\"kksr-icon\" style=\"width: 24px; height: 24px;\"><\/div>\n        <\/div>\n            <div class=\"kksr-star\" style=\"padding-right: 5px\">\n            \n\n<div class=\"kksr-icon\" style=\"width: 24px; height: 24px;\"><\/div>\n        <\/div>\n            <div class=\"kksr-star\" style=\"padding-right: 5px\">\n            \n\n<div class=\"kksr-icon\" style=\"width: 24px; height: 24px;\"><\/div>\n        <\/div>\n            <div class=\"kksr-star\" style=\"padding-right: 5px\">\n            \n\n<div class=\"kksr-icon\" style=\"width: 24px; height: 24px;\"><\/div>\n        <\/div>\n            <div class=\"kksr-star\" style=\"padding-right: 5px\">\n            \n\n<div class=\"kksr-icon\" style=\"width: 24px; height: 24px;\"><\/div>\n        <\/div>\n    <\/div>\n<\/div>\n                \n\n<div class=\"kksr-legend\" style=\"font-size: 19.2px;\">\n            <span class=\"kksr-muted\">Ihre Bewertung ist f\u00fcr uns wichtig<\/span>\n    <\/div>\n    <\/div>\n<h4 class=\"\" data-start=\"166\" data-end=\"198\">Eine Quelle der Inspiration f\u00fcr den Alltag<\/h4>\n<p class=\"\" data-start=\"200\" data-end=\"533\"><strong data-start=\"200\" data-end=\"234\">Believe in You Schl\u00fcsselanh\u00e4nger<\/strong> - Sie ist nicht nur ein funktionelles Accessoire, sondern auch eine starke emotionale Botschaft, die man jeden Tag bei sich tragen kann. Der eingravierte Text \u201eBelieve in You Like I Do\u201c symbolisiert Unterst\u00fctzung, Vertrauen und Liebe. Es ist eine kleine Sache, die eine starke Erinnerung daran ist, dass jemand an dich glaubt, selbst wenn du daran zweifelst.<\/p>\n<p class=\"\" data-start=\"535\" data-end=\"755\">Der Anh\u00e4nger ist aus rostfreiem Stahl gefertigt, daher ist er verschlei\u00dffest, kratzfest und langlebig. Rechteckig, minimalistisch und stilvoll - sowohl f\u00fcr M\u00e4nner als auch f\u00fcr Frauen geeignet.<\/p>\n<hr class=\"\" data-start=\"757\" data-end=\"760\" \/>\n<h4 class=\"\" data-start=\"762\" data-end=\"790\">Geeignet f\u00fcr verschiedene Anl\u00e4sse<\/h4>\n<p class=\"\" data-start=\"792\" data-end=\"1053\">Diese <strong data-start=\"796\" data-end=\"830\">Believe in You Schl\u00fcsselanh\u00e4nger<\/strong> ist eine tolle Geschenkidee f\u00fcr Geburtstage, Abschlussfeiern oder einfach nur als kleine Geste an einen geliebten Menschen. Egal, ob es sich um einen Sohn, eine Tochter, einen besten Freund oder einen geliebten Menschen handelt, dieser Anh\u00e4nger sendet eine klare Botschaft: \u201eIch glaube an dich\u201c.\u201c<\/p>\n<p class=\"\" data-start=\"1055\" data-end=\"1270\">Seine Vielseitigkeit macht es zu einem Geschenk f\u00fcr Kinder und Erwachsene. Es ist ein besonders geeignetes Geschenk f\u00fcr diejenigen, die einen neuen Lebensabschnitt beginnen oder vor Herausforderungen stehen - ein inspirierendes Detail, das sie daran erinnert, dass sie nicht allein sind.<\/p>\n<hr class=\"\" data-start=\"1272\" data-end=\"1275\" \/>\n<h4 class=\"\" data-start=\"1277\" data-end=\"1317\">Stilvoll, symbolisch und praktisch<\/h4>\n<p class=\"\" data-start=\"1319\" data-end=\"1560\">Der Anh\u00e4nger hat eine minimalistische Form und der eingravierte Text ist dezent, aber klar. Er eignet sich perfekt f\u00fcr einen Schl\u00fcsselring, einen Rucksack, eine Handtasche oder sogar Autoschl\u00fcssel. Das Material aus rostfreiem Stahl sorgt f\u00fcr Langlebigkeit und Best\u00e4ndigkeit im t\u00e4glichen Gebrauch.<\/p>\n<p class=\"\" data-start=\"1562\" data-end=\"1965\">Wenn Sie auf der Suche nach weiteren originellen Optionen sind, schauen Sie sich unsere <a target=\"_new\" rel=\"noopener\" data-start=\"1628\" data-end=\"1736\">eine Auswahl der beliebtesten Produkte<\/a> oder sehen Sie sich um <a target=\"_new\" rel=\"noopener\" data-start=\"1758\" data-end=\"1817\">alle Schl\u00fcsselanh\u00e4nger<\/a>. Viele inspirierende Geschenkideen finden Sie auch auf <a target=\"_new\" rel=\"noopener\" data-start=\"1871\" data-end=\"1937\">Nicht auf der High Street<\/a> - definitiv einen Blick wert.<\/p>","protected":false},"excerpt":{"rendered":"<p>Inspirierender Schl\u00fcsselanh\u00e4nger aus Edelstahl mit eingravierter Inschrift. Die perfekte Wahl f\u00fcr ein Geschenk f\u00fcr einen geliebten Menschen.<\/p>","protected":false},"featured_media":3445,"comment_status":"closed","ping_status":"closed","template":"","meta":{"_uag_custom_page_level_css":"","site-sidebar-layout":"default","site-content-layout":"","ast-site-content-layout":"default","site-content-style":"default","site-sidebar-style":"default","ast-global-header-display":"","ast-banner-title-visibility":"","ast-main-header-display":"","ast-hfb-above-header-display":"","ast-hfb-below-header-display":"","ast-hfb-mobile-header-display":"","site-post-title":"","ast-breadcrumbs-content":"","ast-featured-img":"","footer-sml-layout":"","ast-disable-related-posts":"","theme-transparent-header-meta":"default","adv-header-id-meta":"","stick-header-meta":"","header-above-stick-meta":"","header-main-stick-meta":"","header-below-stick-meta":"","astra-migrate-meta-layouts":"set","ast-page-background-enabled":"default","ast-page-background-meta":{"desktop":{"background-color":"var(--ast-global-color-4)","background-image":"","background-repeat":"repeat","background-position":"center center","background-size":"auto","background-attachment":"scroll","background-type":"","background-media":"","overlay-type":"","overlay-color":"","overlay-opacity":"","overlay-gradient":""},"tablet":{"background-color":"","background-image":"","background-repeat":"repeat","background-position":"center center","background-size":"auto","background-attachment":"scroll","background-type":"","background-media":"","overlay-type":"","overlay-color":"","overlay-opacity":"","overlay-gradient":""},"mobile":{"background-color":"","background-image":"","background-repeat":"repeat","background-position":"center center","background-size":"auto","background-attachment":"scroll","background-type":"","background-media":"","overlay-type":"","overlay-color":"","overlay-opacity":"","overlay-gradient":""}},"ast-content-background-meta":{"desktop":{"background-color":"var(--ast-global-color-5)","background-image":"","background-repeat":"repeat","background-position":"center center","background-size":"auto","background-attachment":"scroll","background-type":"","background-media":"","overlay-type":"","overlay-color":"","overlay-opacity":"","overlay-gradient":""},"tablet":{"background-color":"var(--ast-global-color-5)","background-image":"","background-repeat":"repeat","background-position":"center center","background-size":"auto","background-attachment":"scroll","background-type":"","background-media":"","overlay-type":"","overlay-color":"","overlay-opacity":"","overlay-gradient":""},"mobile":{"background-color":"var(--ast-global-color-5)","background-image":"","background-repeat":"repeat","background-position":"center center","background-size":"auto","background-attachment":"scroll","background-type":"","background-media":"","overlay-type":"","overlay-color":"","overlay-opacity":"","overlay-gradient":""}}},"product_brand":[],"product_cat":[126,117,116,95,118],"product_tag":[],"class_list":{"0":"post-3444","1":"product","2":"type-product","3":"status-publish","4":"has-post-thumbnail","6":"product_cat-visi","7":"product_cat-graviruoti-raktu-pakabukai","8":"product_cat-metaliniai-raktu-pakabukai","9":"product_cat-unikalus-raktu-pakabukai","10":"product_cat-dovana-teciui","11":"desktop-align-center","12":"tablet-align-left","13":"mobile-align-left","15":"first","16":"instock","17":"shipping-taxable","18":"purchasable","19":"product-type-simple"},"yoast_head":"<!-- This site is optimized with the Yoast SEO plugin v27.1.1 - https:\/\/yoast.com\/product\/yoast-seo-wordpress\/ -->\n<title>Rakt\u0173 pakabukas Believe in You \u2013 \u012fkvepianti dovana artimam \u017emogui<\/title>\n<meta name=\"description\" content=\"Ner\u016bdijan\u010dio plieno rakt\u0173 pakabukas su u\u017era\u0161u \u201eBelieve in You\u201c. \u012ekvepianti dovana s\u016bnui, dukrai ar artimam \u017emogui.\" \/>\n<meta name=\"robots\" content=\"index, follow, max-snippet:-1, max-image-preview:large, max-video-preview:-1\" \/>\n<link rel=\"canonical\" href=\"https:\/\/kabinam.lt\/de\/produkt\/schlusselanhanger-believe-in-you\/\" \/>\n<meta property=\"og:locale\" content=\"de_DE\" \/>\n<meta property=\"og:type\" content=\"article\" \/>\n<meta property=\"og:title\" content=\"Rakt\u0173 pakabukas Believe in You \u2013 \u012fkvepianti dovana artimam \u017emogui\" \/>\n<meta property=\"og:description\" content=\"Ner\u016bdijan\u010dio plieno rakt\u0173 pakabukas su u\u017era\u0161u \u201eBelieve in You\u201c. \u012ekvepianti dovana s\u016bnui, dukrai ar artimam \u017emogui.\" \/>\n<meta property=\"og:url\" content=\"https:\/\/kabinam.lt\/de\/produkt\/schlusselanhanger-believe-in-you\/\" \/>\n<meta property=\"og:site_name\" content=\"kabinam.lt\" \/>\n<meta property=\"article:modified_time\" content=\"2026-01-18T13:22:50+00:00\" \/>\n<meta property=\"og:image\" content=\"https:\/\/kabinam.lt\/wp-content\/uploads\/2025\/04\/20c0551f-4d87-4af4-8f39-488726f31f63.jpg\" \/>\n\t<meta property=\"og:image:width\" content=\"800\" \/>\n\t<meta property=\"og:image:height\" content=\"800\" \/>\n\t<meta property=\"og:image:type\" content=\"image\/jpeg\" \/>\n<meta name=\"twitter:card\" content=\"summary_large_image\" \/>\n<meta name=\"twitter:label1\" content=\"Gesch\u00e4tzte Lesezeit\" \/>\n\t<meta name=\"twitter:data1\" content=\"2\u00a0Minuten\" \/>\n<script type=\"application\/ld+json\" class=\"yoast-schema-graph\">{\"@context\":\"https:\/\/schema.org\",\"@graph\":[{\"@type\":[\"WebPage\",\"ItemPage\"],\"@id\":\"https:\/\/kabinam.lt\/eng\/product\/raktu-pakabukas-believe-in-you\/\",\"url\":\"https:\/\/kabinam.lt\/eng\/product\/raktu-pakabukas-believe-in-you\/\",\"name\":\"Rakt\u0173 pakabukas Believe in You \u2013 \u012fkvepianti dovana artimam \u017emogui\",\"isPartOf\":{\"@id\":\"https:\/\/kabinam.lt\/#website\"},\"primaryImageOfPage\":{\"@id\":\"https:\/\/kabinam.lt\/eng\/product\/raktu-pakabukas-believe-in-you\/#primaryimage\"},\"image\":{\"@id\":\"https:\/\/kabinam.lt\/eng\/product\/raktu-pakabukas-believe-in-you\/#primaryimage\"},\"thumbnailUrl\":\"https:\/\/kabinam.lt\/wp-content\/uploads\/2025\/04\/20c0551f-4d87-4af4-8f39-488726f31f63.jpg\",\"datePublished\":\"2025-04-17T20:08:51+00:00\",\"dateModified\":\"2026-01-18T13:22:50+00:00\",\"description\":\"Ner\u016bdijan\u010dio plieno rakt\u0173 pakabukas su u\u017era\u0161u \u201eBelieve in You\u201c. \u012ekvepianti dovana s\u016bnui, dukrai ar artimam \u017emogui.\",\"breadcrumb\":{\"@id\":\"https:\/\/kabinam.lt\/eng\/product\/raktu-pakabukas-believe-in-you\/#breadcrumb\"},\"inLanguage\":\"de\",\"potentialAction\":[{\"@type\":\"ReadAction\",\"target\":[\"https:\/\/kabinam.lt\/eng\/product\/raktu-pakabukas-believe-in-you\/\"]}]},{\"@type\":\"ImageObject\",\"inLanguage\":\"de\",\"@id\":\"https:\/\/kabinam.lt\/eng\/product\/raktu-pakabukas-believe-in-you\/#primaryimage\",\"url\":\"https:\/\/kabinam.lt\/wp-content\/uploads\/2025\/04\/20c0551f-4d87-4af4-8f39-488726f31f63.jpg\",\"contentUrl\":\"https:\/\/kabinam.lt\/wp-content\/uploads\/2025\/04\/20c0551f-4d87-4af4-8f39-488726f31f63.jpg\",\"width\":800,\"height\":800,\"caption\":\"Graviruotas \u012fkvepiantis rakt\u0173 pakabukas\"},{\"@type\":\"BreadcrumbList\",\"@id\":\"https:\/\/kabinam.lt\/eng\/product\/raktu-pakabukas-believe-in-you\/#breadcrumb\",\"itemListElement\":[{\"@type\":\"ListItem\",\"position\":1,\"name\":\"Home\",\"item\":\"https:\/\/kabinam.lt\/\"},{\"@type\":\"ListItem\",\"position\":2,\"name\":\"Visi Produktai\",\"item\":\"https:\/\/kabinam.lt\/visi-produktai\/\"},{\"@type\":\"ListItem\",\"position\":3,\"name\":\"Rakt\u0173 pakabukas Believe in You \u2013 \u012fkvepianti dovana artimam \u017emogui\"}]},{\"@type\":\"WebSite\",\"@id\":\"https:\/\/kabinam.lt\/#website\",\"url\":\"https:\/\/kabinam.lt\/\",\"name\":\"kabinam.lt\",\"description\":\"Kabinam.lt \u2013 raktu pakabukai ir aksesuarai\",\"publisher\":{\"@id\":\"https:\/\/kabinam.lt\/#organization\"},\"alternateName\":\"pakabukai lt\",\"potentialAction\":[{\"@type\":\"SearchAction\",\"target\":{\"@type\":\"EntryPoint\",\"urlTemplate\":\"https:\/\/kabinam.lt\/?s={search_term_string}\"},\"query-input\":{\"@type\":\"PropertyValueSpecification\",\"valueRequired\":true,\"valueName\":\"search_term_string\"}}],\"inLanguage\":\"de\"},{\"@type\":\"Organization\",\"@id\":\"https:\/\/kabinam.lt\/#organization\",\"name\":\"kabinam.lt\",\"alternateName\":\"kabinam\",\"url\":\"https:\/\/kabinam.lt\/\",\"logo\":{\"@type\":\"ImageObject\",\"inLanguage\":\"de\",\"@id\":\"https:\/\/kabinam.lt\/#\/schema\/logo\/image\/\",\"url\":\"https:\/\/kabinam.lt\/wp-content\/uploads\/2025\/05\/KABINAM_outer_glow.png\",\"contentUrl\":\"https:\/\/kabinam.lt\/wp-content\/uploads\/2025\/05\/KABINAM_outer_glow.png\",\"width\":474,\"height\":141,\"caption\":\"kabinam.lt\"},\"image\":{\"@id\":\"https:\/\/kabinam.lt\/#\/schema\/logo\/image\/\"}}]}<\/script>\n<!-- \/ Yoast SEO plugin. -->","yoast_head_json":{"title":"Believe in You Schl\u00fcsselanh\u00e4nger - ein inspirierendes Geschenk f\u00fcr einen lieben Menschen","description":"Schl\u00fcsselanh\u00e4nger aus Edelstahl mit der Aufschrift \u201eBelieve in You\u201c. Ein inspirierendes Geschenk f\u00fcr einen Sohn, eine Tochter oder einen geliebten Menschen.","robots":{"index":"index","follow":"follow","max-snippet":"max-snippet:-1","max-image-preview":"max-image-preview:large","max-video-preview":"max-video-preview:-1"},"canonical":"https:\/\/kabinam.lt\/de\/produkt\/schlusselanhanger-believe-in-you\/","og_locale":"de_DE","og_type":"article","og_title":"Rakt\u0173 pakabukas Believe in You \u2013 \u012fkvepianti dovana artimam \u017emogui","og_description":"Ner\u016bdijan\u010dio plieno rakt\u0173 pakabukas su u\u017era\u0161u \u201eBelieve in You\u201c. \u012ekvepianti dovana s\u016bnui, dukrai ar artimam \u017emogui.","og_url":"https:\/\/kabinam.lt\/de\/produkt\/schlusselanhanger-believe-in-you\/","og_site_name":"kabinam.lt","article_modified_time":"2026-01-18T13:22:50+00:00","og_image":[{"width":800,"height":800,"url":"https:\/\/kabinam.lt\/wp-content\/uploads\/2025\/04\/20c0551f-4d87-4af4-8f39-488726f31f63.jpg","type":"image\/jpeg"}],"twitter_card":"summary_large_image","twitter_misc":{"Gesch\u00e4tzte Lesezeit":"2\u00a0Minuten"},"schema":{"@context":"https:\/\/schema.org","@graph":[{"@type":["WebPage","ItemPage"],"@id":"https:\/\/kabinam.lt\/eng\/product\/raktu-pakabukas-believe-in-you\/","url":"https:\/\/kabinam.lt\/eng\/product\/raktu-pakabukas-believe-in-you\/","name":"Believe in You Schl\u00fcsselanh\u00e4nger - ein inspirierendes Geschenk f\u00fcr einen lieben Menschen","isPartOf":{"@id":"https:\/\/kabinam.lt\/#website"},"primaryImageOfPage":{"@id":"https:\/\/kabinam.lt\/eng\/product\/raktu-pakabukas-believe-in-you\/#primaryimage"},"image":{"@id":"https:\/\/kabinam.lt\/eng\/product\/raktu-pakabukas-believe-in-you\/#primaryimage"},"thumbnailUrl":"https:\/\/kabinam.lt\/wp-content\/uploads\/2025\/04\/20c0551f-4d87-4af4-8f39-488726f31f63.jpg","datePublished":"2025-04-17T20:08:51+00:00","dateModified":"2026-01-18T13:22:50+00:00","description":"Schl\u00fcsselanh\u00e4nger aus Edelstahl mit der Aufschrift \u201eBelieve in You\u201c. Ein inspirierendes Geschenk f\u00fcr einen Sohn, eine Tochter oder einen geliebten Menschen.","breadcrumb":{"@id":"https:\/\/kabinam.lt\/eng\/product\/raktu-pakabukas-believe-in-you\/#breadcrumb"},"inLanguage":"de","potentialAction":[{"@type":"ReadAction","target":["https:\/\/kabinam.lt\/eng\/product\/raktu-pakabukas-believe-in-you\/"]}]},{"@type":"ImageObject","inLanguage":"de","@id":"https:\/\/kabinam.lt\/eng\/product\/raktu-pakabukas-believe-in-you\/#primaryimage","url":"https:\/\/kabinam.lt\/wp-content\/uploads\/2025\/04\/20c0551f-4d87-4af4-8f39-488726f31f63.jpg","contentUrl":"https:\/\/kabinam.lt\/wp-content\/uploads\/2025\/04\/20c0551f-4d87-4af4-8f39-488726f31f63.jpg","width":800,"height":800,"caption":"Graviruotas \u012fkvepiantis rakt\u0173 pakabukas"},{"@type":"BreadcrumbList","@id":"https:\/\/kabinam.lt\/eng\/product\/raktu-pakabukas-believe-in-you\/#breadcrumb","itemListElement":[{"@type":"ListItem","position":1,"name":"Home","item":"https:\/\/kabinam.lt\/"},{"@type":"ListItem","position":2,"name":"Visi Produktai","item":"https:\/\/kabinam.lt\/visi-produktai\/"},{"@type":"ListItem","position":3,"name":"Rakt\u0173 pakabukas Believe in You \u2013 \u012fkvepianti dovana artimam \u017emogui"}]},{"@type":"WebSite","@id":"https:\/\/kabinam.lt\/#website","url":"https:\/\/kabinam.lt\/","name":"kabinam.lt","description":"Kabinam.lt - Schl\u00fcsselanh\u00e4nger und Zubeh\u00f6r","publisher":{"@id":"https:\/\/kabinam.lt\/#organization"},"alternateName":"pakabukai lt","potentialAction":[{"@type":"SearchAction","target":{"@type":"EntryPoint","urlTemplate":"https:\/\/kabinam.lt\/?s={search_term_string}"},"query-input":{"@type":"PropertyValueSpecification","valueRequired":true,"valueName":"search_term_string"}}],"inLanguage":"de"},{"@type":"Organization","@id":"https:\/\/kabinam.lt\/#organization","name":"kabinam.lt","alternateName":"kabinam","url":"https:\/\/kabinam.lt\/","logo":{"@type":"ImageObject","inLanguage":"de","@id":"https:\/\/kabinam.lt\/#\/schema\/logo\/image\/","url":"https:\/\/kabinam.lt\/wp-content\/uploads\/2025\/05\/KABINAM_outer_glow.png","contentUrl":"https:\/\/kabinam.lt\/wp-content\/uploads\/2025\/05\/KABINAM_outer_glow.png","width":474,"height":141,"caption":"kabinam.lt"},"image":{"@id":"https:\/\/kabinam.lt\/#\/schema\/logo\/image\/"}}]}},"uagb_featured_image_src":{"full":["https:\/\/kabinam.lt\/wp-content\/uploads\/2025\/04\/20c0551f-4d87-4af4-8f39-488726f31f63.jpg",800,800,false],"thumbnail":["https:\/\/kabinam.lt\/wp-content\/uploads\/2025\/04\/20c0551f-4d87-4af4-8f39-488726f31f63-150x150.jpg",150,150,true],"medium":["https:\/\/kabinam.lt\/wp-content\/uploads\/2025\/04\/20c0551f-4d87-4af4-8f39-488726f31f63-300x300.jpg",300,300,true],"medium_large":["https:\/\/kabinam.lt\/wp-content\/uploads\/2025\/04\/20c0551f-4d87-4af4-8f39-488726f31f63-768x768.jpg",768,768,true],"large":["https:\/\/kabinam.lt\/wp-content\/uploads\/2025\/04\/20c0551f-4d87-4af4-8f39-488726f31f63.jpg",800,800,false],"1536x1536":["https:\/\/kabinam.lt\/wp-content\/uploads\/2025\/04\/20c0551f-4d87-4af4-8f39-488726f31f63.jpg",800,800,false],"2048x2048":["https:\/\/kabinam.lt\/wp-content\/uploads\/2025\/04\/20c0551f-4d87-4af4-8f39-488726f31f63.jpg",800,800,false],"trp-custom-language-flag":["https:\/\/kabinam.lt\/wp-content\/uploads\/2025\/04\/20c0551f-4d87-4af4-8f39-488726f31f63.jpg",12,12,false],"woocommerce_thumbnail":["https:\/\/kabinam.lt\/wp-content\/uploads\/2025\/04\/20c0551f-4d87-4af4-8f39-488726f31f63-300x300.jpg",300,300,true],"woocommerce_single":["https:\/\/kabinam.lt\/wp-content\/uploads\/2025\/04\/20c0551f-4d87-4af4-8f39-488726f31f63-600x600.jpg",600,600,true],"woocommerce_gallery_thumbnail":["https:\/\/kabinam.lt\/wp-content\/uploads\/2025\/04\/20c0551f-4d87-4af4-8f39-488726f31f63-100x100.jpg",100,100,true]},"uagb_author_info":{"display_name":"kabinam.lt","author_link":"https:\/\/kabinam.lt\/de\/author\/"},"uagb_comment_info":0,"uagb_excerpt":"\u012ekvepiantis rakt\u0173 pakabukas i\u0161 ner\u016bdijan\u010dio plieno su graviruotu u\u017era\u0161u. Puikus pasirinkimas dovanai artimam \u017emogui.","_links":{"self":[{"href":"https:\/\/kabinam.lt\/de\/wp-json\/wp\/v2\/product\/3444","targetHints":{"allow":["GET"]}}],"collection":[{"href":"https:\/\/kabinam.lt\/de\/wp-json\/wp\/v2\/product"}],"about":[{"href":"https:\/\/kabinam.lt\/de\/wp-json\/wp\/v2\/types\/product"}],"replies":[{"embeddable":true,"href":"https:\/\/kabinam.lt\/de\/wp-json\/wp\/v2\/comments?post=3444"}],"wp:featuredmedia":[{"embeddable":true,"href":"https:\/\/kabinam.lt\/de\/wp-json\/wp\/v2\/media\/3445"}],"wp:attachment":[{"href":"https:\/\/kabinam.lt\/de\/wp-json\/wp\/v2\/media?parent=3444"}],"wp:term":[{"taxonomy":"product_brand","embeddable":true,"href":"https:\/\/kabinam.lt\/de\/wp-json\/wp\/v2\/product_brand?post=3444"},{"taxonomy":"product_cat","embeddable":true,"href":"https:\/\/kabinam.lt\/de\/wp-json\/wp\/v2\/product_cat?post=3444"},{"taxonomy":"product_tag","embeddable":true,"href":"https:\/\/kabinam.lt\/de\/wp-json\/wp\/v2\/product_tag?post=3444"}],"curies":[{"name":"wp","href":"https:\/\/api.w.org\/{rel}","templated":true}]}}