{"id":3441,"date":"2025-04-17T21:20:04","date_gmt":"2025-04-17T19:20:04","guid":{"rendered":"https:\/\/kabinam.lt\/?post_type=product&#038;p=3441"},"modified":"2026-01-03T18:47:23","modified_gmt":"2026-01-03T16:47:23","slug":"schlusselanhanger-fahr-sicher","status":"publish","type":"product","link":"https:\/\/kabinam.lt\/de\/product\/raktu-pakabukas-drive-safe\/","title":{"rendered":"Drive Safe Schl\u00fcsselanh\u00e4nger - die ultimative Wahl f\u00fcr Paare"},"content":{"rendered":"<div class=\"kk-star-ratings kksr-auto kksr-align-left kksr-valign-top\"\n    data-payload='{&quot;align&quot;:&quot;left&quot;,&quot;id&quot;:&quot;3441&quot;,&quot;slug&quot;:&quot;default&quot;,&quot;valign&quot;:&quot;top&quot;,&quot;ignore&quot;:&quot;&quot;,&quot;reference&quot;:&quot;auto&quot;,&quot;class&quot;:&quot;&quot;,&quot;count&quot;:&quot;0&quot;,&quot;legendonly&quot;:&quot;&quot;,&quot;readonly&quot;:&quot;&quot;,&quot;score&quot;:&quot;0&quot;,&quot;starsonly&quot;:&quot;&quot;,&quot;best&quot;:&quot;5&quot;,&quot;gap&quot;:&quot;5&quot;,&quot;greet&quot;:&quot;Mums svarbus j\u016bs\u0173 \u012fvertinimas&quot;,&quot;legend&quot;:&quot;0\\\/5 - (0 votes)&quot;,&quot;size&quot;:&quot;24&quot;,&quot;title&quot;:&quot;Rakt\u0173 pakabukas Drive Safe \u2013 i\u0161skirtinis pasirinkimas poroms&quot;,&quot;width&quot;:&quot;0&quot;,&quot;_legend&quot;:&quot;{score}\\\/{best} - ({count} {votes})&quot;,&quot;font_factor&quot;:&quot;1.25&quot;}'>\n            \n<div class=\"kksr-stars\">\n    \n<div class=\"kksr-stars-inactive\">\n            <div class=\"kksr-star\" data-star=\"1\" style=\"padding-right: 5px\">\n            \n\n<div class=\"kksr-icon\" style=\"width: 24px; height: 24px;\"><\/div>\n        <\/div>\n            <div class=\"kksr-star\" data-star=\"2\" style=\"padding-right: 5px\">\n            \n\n<div class=\"kksr-icon\" style=\"width: 24px; height: 24px;\"><\/div>\n        <\/div>\n            <div class=\"kksr-star\" data-star=\"3\" style=\"padding-right: 5px\">\n            \n\n<div class=\"kksr-icon\" style=\"width: 24px; height: 24px;\"><\/div>\n        <\/div>\n            <div class=\"kksr-star\" data-star=\"4\" style=\"padding-right: 5px\">\n            \n\n<div class=\"kksr-icon\" style=\"width: 24px; height: 24px;\"><\/div>\n        <\/div>\n            <div class=\"kksr-star\" data-star=\"5\" style=\"padding-right: 5px\">\n            \n\n<div class=\"kksr-icon\" style=\"width: 24px; height: 24px;\"><\/div>\n        <\/div>\n    <\/div>\n    \n<div class=\"kksr-stars-active\" style=\"width: 0px;\">\n            <div class=\"kksr-star\" style=\"padding-right: 5px\">\n            \n\n<div class=\"kksr-icon\" style=\"width: 24px; height: 24px;\"><\/div>\n        <\/div>\n            <div class=\"kksr-star\" style=\"padding-right: 5px\">\n            \n\n<div class=\"kksr-icon\" style=\"width: 24px; height: 24px;\"><\/div>\n        <\/div>\n            <div class=\"kksr-star\" style=\"padding-right: 5px\">\n            \n\n<div class=\"kksr-icon\" style=\"width: 24px; height: 24px;\"><\/div>\n        <\/div>\n            <div class=\"kksr-star\" style=\"padding-right: 5px\">\n            \n\n<div class=\"kksr-icon\" style=\"width: 24px; height: 24px;\"><\/div>\n        <\/div>\n            <div class=\"kksr-star\" style=\"padding-right: 5px\">\n            \n\n<div class=\"kksr-icon\" style=\"width: 24px; height: 24px;\"><\/div>\n        <\/div>\n    <\/div>\n<\/div>\n                \n\n<div class=\"kksr-legend\" style=\"font-size: 19.2px;\">\n            <span class=\"kksr-muted\">Ihre Bewertung ist f\u00fcr uns wichtig<\/span>\n    <\/div>\n    <\/div>\n<h4 class=\"\" data-start=\"518\" data-end=\"569\">Warum sollte man den Schl\u00fcsselanh\u00e4nger Drive Safe w\u00e4hlen?<\/h4>\n<p class=\"\" data-start=\"571\" data-end=\"929\"><strong data-start=\"571\" data-end=\"601\">Schl\u00fcsselanh\u00e4nger Drive Safe<\/strong> \u2013 das ist nicht nur ein Accessoire, sondern auch eine Botschaft, die man t\u00e4glich bei sich tr\u00e4gt. Seine witzige, aber bedeutungsvolle Aufschrift <em data-start=\"705\" data-end=\"750\">\u201eFahr vorsichtig \u2013 sonst wird mich niemand ertragen\u201c<\/em> wird denen gefallen, die Sinn f\u00fcr Humor sch\u00e4tzen, aber auch ihre Lieben pflegen. Es ist eine besonders beliebte Wahl unter Paaren \u2013 als symbolisches Geschenk f\u00fcr den Partner oder einen guten Freund.<\/p>\n<p class=\"\" data-start=\"931\" data-end=\"1107\">Dieser Anh\u00e4nger ist ideal nicht nur f\u00fcr Motorrad- oder Autoschl\u00fcssel, sondern auch f\u00fcr Rucks\u00e4cke, Koffer oder sogar Sporttaschen. Sein minimalistischer Stil passt sowohl M\u00e4nnern als auch Frauen.<\/p>\n<hr class=\"\" data-start=\"1109\" data-end=\"1112\" \/>\n<h4 class=\"\" data-start=\"1114\" data-end=\"1156\">Praktische und emotionale Kombination in einem<\/h4>\n<p class=\"\" data-start=\"1158\" data-end=\"1570\">Diese Art von <strong data-start=\"1167\" data-end=\"1193\">Schl\u00fcsselanh\u00e4nger Drive Safe f\u00fcr Paare<\/strong> wird immer beliebter. Es ist wie ein kleines, aber bedeutungsvolles Alltagsgeschenk, das st\u00e4ndig an F\u00fcrsorge erinnert. Solche Accessoires werden zu einem untrennbaren Symbol der Beziehung. Wie in dem <a target=\"_new\" rel=\"noopener\" data-start=\"1370\" data-end=\"1514\">Psychology Today Artikel \u00fcber symbolische Geschenke<\/a>, verst\u00e4rken Gegenst\u00e4nde mit einer emotionalen Botschaft die Bindung zwischen Menschen.<\/p>\n<hr class=\"\" data-start=\"1572\" data-end=\"1575\" \/>\n<h4 class=\"\" data-start=\"1577\" data-end=\"1604\">Qualit\u00e4t, die nicht entt\u00e4uscht<\/h4>\n<p class=\"\" data-start=\"1606\" data-end=\"1911\">Hergestellt aus strapazierf\u00e4higem, besticktem Polyester, ist dieser Anh\u00e4nger langlebig und f\u00fcr den t\u00e4glichen Gebrauch geeignet. Er ist abriebfest, leicht, und die Aufschrift bleibt auch nach langem Tragen klar. Dar\u00fcber hinaus ist er perfekt f\u00fcr Motorrad-Enthusiasten oder Fahrer, die nicht nur Funktionalit\u00e4t, sondern auch Stil sch\u00e4tzen.<\/p>\n<hr class=\"\" data-start=\"1913\" data-end=\"1916\" \/>\n<h4 class=\"\" data-start=\"1918\" data-end=\"1952\">Weitere Schl\u00fcsselanh\u00e4nger f\u00fcr Paare<\/h4>\n<p class=\"\" data-start=\"1954\" data-end=\"2219\">Suchst du noch mehr exklusive Optionen? Besuche unsere <a target=\"_new\" rel=\"noopener\" data-start=\"2008\" data-end=\"2108\">eine Sammlung von Motorrad-Schl\u00fcsselanh\u00e4ngern<\/a> oder durchst\u00f6bere <a target=\"_new\" rel=\"noopener\" data-start=\"2123\" data-end=\"2181\">alle unsere Anh\u00e4nger<\/a> \u2013 sicherlich wirst du den passendsten f\u00fcr dich ausw\u00e4hlen.<\/p>","protected":false},"excerpt":{"rendered":"<p>Bestickter Schl\u00fcsselanh\u00e4nger Drive Safe \u2013 ein funktionales Accessoire mit einer witzigen und f\u00fcrsorglichen Botschaft f\u00fcr einen Freund oder Angeh\u00f6rigen.<\/p>","protected":false},"featured_media":3442,"comment_status":"closed","ping_status":"closed","template":"","meta":{"_uag_custom_page_level_css":"","site-sidebar-layout":"default","site-content-layout":"","ast-site-content-layout":"default","site-content-style":"default","site-sidebar-style":"default","ast-global-header-display":"","ast-banner-title-visibility":"","ast-main-header-display":"","ast-hfb-above-header-display":"","ast-hfb-below-header-display":"","ast-hfb-mobile-header-display":"","site-post-title":"","ast-breadcrumbs-content":"","ast-featured-img":"","footer-sml-layout":"","ast-disable-related-posts":"","theme-transparent-header-meta":"default","adv-header-id-meta":"","stick-header-meta":"","header-above-stick-meta":"","header-main-stick-meta":"","header-below-stick-meta":"","astra-migrate-meta-layouts":"set","ast-page-background-enabled":"default","ast-page-background-meta":{"desktop":{"background-color":"var(--ast-global-color-4)","background-image":"","background-repeat":"repeat","background-position":"center center","background-size":"auto","background-attachment":"scroll","background-type":"","background-media":"","overlay-type":"","overlay-color":"","overlay-opacity":"","overlay-gradient":""},"tablet":{"background-color":"","background-image":"","background-repeat":"repeat","background-position":"center center","background-size":"auto","background-attachment":"scroll","background-type":"","background-media":"","overlay-type":"","overlay-color":"","overlay-opacity":"","overlay-gradient":""},"mobile":{"background-color":"","background-image":"","background-repeat":"repeat","background-position":"center center","background-size":"auto","background-attachment":"scroll","background-type":"","background-media":"","overlay-type":"","overlay-color":"","overlay-opacity":"","overlay-gradient":""}},"ast-content-background-meta":{"desktop":{"background-color":"var(--ast-global-color-5)","background-image":"","background-repeat":"repeat","background-position":"center center","background-size":"auto","background-attachment":"scroll","background-type":"","background-media":"","overlay-type":"","overlay-color":"","overlay-opacity":"","overlay-gradient":""},"tablet":{"background-color":"var(--ast-global-color-5)","background-image":"","background-repeat":"repeat","background-position":"center center","background-size":"auto","background-attachment":"scroll","background-type":"","background-media":"","overlay-type":"","overlay-color":"","overlay-opacity":"","overlay-gradient":""},"mobile":{"background-color":"var(--ast-global-color-5)","background-image":"","background-repeat":"repeat","background-position":"center center","background-size":"auto","background-attachment":"scroll","background-type":"","background-media":"","overlay-type":"","overlay-color":"","overlay-opacity":"","overlay-gradient":""}}},"product_brand":[],"product_cat":[126,91,118],"product_tag":[],"class_list":{"0":"post-3441","1":"product","2":"type-product","3":"status-publish","4":"has-post-thumbnail","6":"product_cat-visi","7":"product_cat-motociklo-raktu-pakabukai","8":"product_cat-dovana-teciui","9":"desktop-align-center","10":"tablet-align-left","11":"mobile-align-left","13":"first","14":"instock","15":"shipping-taxable","16":"purchasable","17":"product-type-simple"},"yoast_head":"<!-- This site is optimized with the Yoast SEO plugin v27.1.1 - https:\/\/yoast.com\/product\/yoast-seo-wordpress\/ -->\n<title>Rakt\u0173 pakabukas Drive Safe \u2013 i\u0161skirtinis pasirinkimas poroms<\/title>\n<meta name=\"description\" content=\"Rakt\u0173 pakabukas Drive Safe \u2013 prakti\u0161ka ir \u0161maik\u0161ti dovana motocikl\u0173, automobili\u0173 ar kuprini\u0173 myl\u0117tojams.\" \/>\n<meta name=\"robots\" content=\"index, follow, max-snippet:-1, max-image-preview:large, max-video-preview:-1\" \/>\n<link rel=\"canonical\" href=\"https:\/\/kabinam.lt\/de\/produkt\/schlusselanhanger-fahr-sicher\/\" \/>\n<meta property=\"og:locale\" content=\"de_DE\" \/>\n<meta property=\"og:type\" content=\"article\" \/>\n<meta property=\"og:title\" content=\"Rakt\u0173 pakabukas Drive Safe \u2013 i\u0161skirtinis pasirinkimas poroms\" \/>\n<meta property=\"og:description\" content=\"Rakt\u0173 pakabukas Drive Safe \u2013 prakti\u0161ka ir \u0161maik\u0161ti dovana motocikl\u0173, automobili\u0173 ar kuprini\u0173 myl\u0117tojams.\" \/>\n<meta property=\"og:url\" content=\"https:\/\/kabinam.lt\/de\/produkt\/schlusselanhanger-fahr-sicher\/\" \/>\n<meta property=\"og:site_name\" content=\"kabinam.lt\" \/>\n<meta property=\"article:modified_time\" content=\"2026-01-03T16:47:23+00:00\" \/>\n<meta property=\"og:image\" content=\"https:\/\/kabinam.lt\/wp-content\/uploads\/2025\/04\/e9e36f43612e4c88ac3861a4eaa22ca2-goods.jpeg\" \/>\n\t<meta property=\"og:image:width\" content=\"1200\" \/>\n\t<meta property=\"og:image:height\" content=\"1200\" \/>\n\t<meta property=\"og:image:type\" content=\"image\/jpeg\" \/>\n<meta name=\"twitter:card\" content=\"summary_large_image\" \/>\n<meta name=\"twitter:label1\" content=\"Gesch\u00e4tzte Lesezeit\" \/>\n\t<meta name=\"twitter:data1\" content=\"2\u00a0Minuten\" \/>\n<script type=\"application\/ld+json\" class=\"yoast-schema-graph\">{\"@context\":\"https:\/\/schema.org\",\"@graph\":[{\"@type\":[\"WebPage\",\"ItemPage\"],\"@id\":\"https:\/\/kabinam.lt\/et\/toode\/raktu-pakabukas-drive-safe\/\",\"url\":\"https:\/\/kabinam.lt\/et\/toode\/raktu-pakabukas-drive-safe\/\",\"name\":\"Rakt\u0173 pakabukas Drive Safe \u2013 i\u0161skirtinis pasirinkimas poroms\",\"isPartOf\":{\"@id\":\"https:\/\/kabinam.lt\/#website\"},\"primaryImageOfPage\":{\"@id\":\"https:\/\/kabinam.lt\/et\/toode\/raktu-pakabukas-drive-safe\/#primaryimage\"},\"image\":{\"@id\":\"https:\/\/kabinam.lt\/et\/toode\/raktu-pakabukas-drive-safe\/#primaryimage\"},\"thumbnailUrl\":\"https:\/\/kabinam.lt\/wp-content\/uploads\/2025\/04\/e9e36f43612e4c88ac3861a4eaa22ca2-goods.jpeg\",\"datePublished\":\"2025-04-17T19:20:04+00:00\",\"dateModified\":\"2026-01-03T16:47:23+00:00\",\"description\":\"Rakt\u0173 pakabukas Drive Safe \u2013 prakti\u0161ka ir \u0161maik\u0161ti dovana motocikl\u0173, automobili\u0173 ar kuprini\u0173 myl\u0117tojams.\",\"breadcrumb\":{\"@id\":\"https:\/\/kabinam.lt\/et\/toode\/raktu-pakabukas-drive-safe\/#breadcrumb\"},\"inLanguage\":\"de\",\"potentialAction\":[{\"@type\":\"ReadAction\",\"target\":[\"https:\/\/kabinam.lt\/et\/toode\/raktu-pakabukas-drive-safe\/\"]}]},{\"@type\":\"ImageObject\",\"inLanguage\":\"de\",\"@id\":\"https:\/\/kabinam.lt\/et\/toode\/raktu-pakabukas-drive-safe\/#primaryimage\",\"url\":\"https:\/\/kabinam.lt\/wp-content\/uploads\/2025\/04\/e9e36f43612e4c88ac3861a4eaa22ca2-goods.jpeg\",\"contentUrl\":\"https:\/\/kabinam.lt\/wp-content\/uploads\/2025\/04\/e9e36f43612e4c88ac3861a4eaa22ca2-goods.jpeg\",\"width\":1200,\"height\":1200,\"caption\":\"Siuvin\u0117tas pakabukas su u\u017era\u0161u Drive Safe\"},{\"@type\":\"BreadcrumbList\",\"@id\":\"https:\/\/kabinam.lt\/et\/toode\/raktu-pakabukas-drive-safe\/#breadcrumb\",\"itemListElement\":[{\"@type\":\"ListItem\",\"position\":1,\"name\":\"Home\",\"item\":\"https:\/\/kabinam.lt\/\"},{\"@type\":\"ListItem\",\"position\":2,\"name\":\"Visi Produktai\",\"item\":\"https:\/\/kabinam.lt\/visi-produktai\/\"},{\"@type\":\"ListItem\",\"position\":3,\"name\":\"Rakt\u0173 pakabukas Drive Safe \u2013 i\u0161skirtinis pasirinkimas poroms\"}]},{\"@type\":\"WebSite\",\"@id\":\"https:\/\/kabinam.lt\/#website\",\"url\":\"https:\/\/kabinam.lt\/\",\"name\":\"kabinam.lt\",\"description\":\"Kabinam.lt \u2013 raktu pakabukai ir aksesuarai\",\"publisher\":{\"@id\":\"https:\/\/kabinam.lt\/#organization\"},\"alternateName\":\"pakabukai lt\",\"potentialAction\":[{\"@type\":\"SearchAction\",\"target\":{\"@type\":\"EntryPoint\",\"urlTemplate\":\"https:\/\/kabinam.lt\/?s={search_term_string}\"},\"query-input\":{\"@type\":\"PropertyValueSpecification\",\"valueRequired\":true,\"valueName\":\"search_term_string\"}}],\"inLanguage\":\"de\"},{\"@type\":\"Organization\",\"@id\":\"https:\/\/kabinam.lt\/#organization\",\"name\":\"kabinam.lt\",\"alternateName\":\"kabinam\",\"url\":\"https:\/\/kabinam.lt\/\",\"logo\":{\"@type\":\"ImageObject\",\"inLanguage\":\"de\",\"@id\":\"https:\/\/kabinam.lt\/#\/schema\/logo\/image\/\",\"url\":\"https:\/\/kabinam.lt\/wp-content\/uploads\/2025\/05\/KABINAM_outer_glow.png\",\"contentUrl\":\"https:\/\/kabinam.lt\/wp-content\/uploads\/2025\/05\/KABINAM_outer_glow.png\",\"width\":474,\"height\":141,\"caption\":\"kabinam.lt\"},\"image\":{\"@id\":\"https:\/\/kabinam.lt\/#\/schema\/logo\/image\/\"}}]}<\/script>\n<!-- \/ Yoast SEO plugin. -->","yoast_head_json":{"title":"Drive Safe Schl\u00fcsselanh\u00e4nger - die ultimative Wahl f\u00fcr Paare","description":"Schl\u00fcsselanh\u00e4nger Drive Safe \u2013 ein praktisches und witziges Geschenk f\u00fcr Motorrad-, Auto- oder Rucksackliebhaber.","robots":{"index":"index","follow":"follow","max-snippet":"max-snippet:-1","max-image-preview":"max-image-preview:large","max-video-preview":"max-video-preview:-1"},"canonical":"https:\/\/kabinam.lt\/de\/produkt\/schlusselanhanger-fahr-sicher\/","og_locale":"de_DE","og_type":"article","og_title":"Rakt\u0173 pakabukas Drive Safe \u2013 i\u0161skirtinis pasirinkimas poroms","og_description":"Rakt\u0173 pakabukas Drive Safe \u2013 prakti\u0161ka ir \u0161maik\u0161ti dovana motocikl\u0173, automobili\u0173 ar kuprini\u0173 myl\u0117tojams.","og_url":"https:\/\/kabinam.lt\/de\/produkt\/schlusselanhanger-fahr-sicher\/","og_site_name":"kabinam.lt","article_modified_time":"2026-01-03T16:47:23+00:00","og_image":[{"width":1200,"height":1200,"url":"https:\/\/kabinam.lt\/wp-content\/uploads\/2025\/04\/e9e36f43612e4c88ac3861a4eaa22ca2-goods.jpeg","type":"image\/jpeg"}],"twitter_card":"summary_large_image","twitter_misc":{"Gesch\u00e4tzte Lesezeit":"2\u00a0Minuten"},"schema":{"@context":"https:\/\/schema.org","@graph":[{"@type":["WebPage","ItemPage"],"@id":"https:\/\/kabinam.lt\/et\/toode\/raktu-pakabukas-drive-safe\/","url":"https:\/\/kabinam.lt\/et\/toode\/raktu-pakabukas-drive-safe\/","name":"Drive Safe Schl\u00fcsselanh\u00e4nger - die ultimative Wahl f\u00fcr Paare","isPartOf":{"@id":"https:\/\/kabinam.lt\/#website"},"primaryImageOfPage":{"@id":"https:\/\/kabinam.lt\/et\/toode\/raktu-pakabukas-drive-safe\/#primaryimage"},"image":{"@id":"https:\/\/kabinam.lt\/et\/toode\/raktu-pakabukas-drive-safe\/#primaryimage"},"thumbnailUrl":"https:\/\/kabinam.lt\/wp-content\/uploads\/2025\/04\/e9e36f43612e4c88ac3861a4eaa22ca2-goods.jpeg","datePublished":"2025-04-17T19:20:04+00:00","dateModified":"2026-01-03T16:47:23+00:00","description":"Schl\u00fcsselanh\u00e4nger Drive Safe \u2013 ein praktisches und witziges Geschenk f\u00fcr Motorrad-, Auto- oder Rucksackliebhaber.","breadcrumb":{"@id":"https:\/\/kabinam.lt\/et\/toode\/raktu-pakabukas-drive-safe\/#breadcrumb"},"inLanguage":"de","potentialAction":[{"@type":"ReadAction","target":["https:\/\/kabinam.lt\/et\/toode\/raktu-pakabukas-drive-safe\/"]}]},{"@type":"ImageObject","inLanguage":"de","@id":"https:\/\/kabinam.lt\/et\/toode\/raktu-pakabukas-drive-safe\/#primaryimage","url":"https:\/\/kabinam.lt\/wp-content\/uploads\/2025\/04\/e9e36f43612e4c88ac3861a4eaa22ca2-goods.jpeg","contentUrl":"https:\/\/kabinam.lt\/wp-content\/uploads\/2025\/04\/e9e36f43612e4c88ac3861a4eaa22ca2-goods.jpeg","width":1200,"height":1200,"caption":"Siuvin\u0117tas pakabukas su u\u017era\u0161u Drive Safe"},{"@type":"BreadcrumbList","@id":"https:\/\/kabinam.lt\/et\/toode\/raktu-pakabukas-drive-safe\/#breadcrumb","itemListElement":[{"@type":"ListItem","position":1,"name":"Home","item":"https:\/\/kabinam.lt\/"},{"@type":"ListItem","position":2,"name":"Visi Produktai","item":"https:\/\/kabinam.lt\/visi-produktai\/"},{"@type":"ListItem","position":3,"name":"Rakt\u0173 pakabukas Drive Safe \u2013 i\u0161skirtinis pasirinkimas poroms"}]},{"@type":"WebSite","@id":"https:\/\/kabinam.lt\/#website","url":"https:\/\/kabinam.lt\/","name":"kabinam.lt","description":"Kabinam.lt - Schl\u00fcsselanh\u00e4nger und Zubeh\u00f6r","publisher":{"@id":"https:\/\/kabinam.lt\/#organization"},"alternateName":"pakabukai lt","potentialAction":[{"@type":"SearchAction","target":{"@type":"EntryPoint","urlTemplate":"https:\/\/kabinam.lt\/?s={search_term_string}"},"query-input":{"@type":"PropertyValueSpecification","valueRequired":true,"valueName":"search_term_string"}}],"inLanguage":"de"},{"@type":"Organization","@id":"https:\/\/kabinam.lt\/#organization","name":"kabinam.lt","alternateName":"kabinam","url":"https:\/\/kabinam.lt\/","logo":{"@type":"ImageObject","inLanguage":"de","@id":"https:\/\/kabinam.lt\/#\/schema\/logo\/image\/","url":"https:\/\/kabinam.lt\/wp-content\/uploads\/2025\/05\/KABINAM_outer_glow.png","contentUrl":"https:\/\/kabinam.lt\/wp-content\/uploads\/2025\/05\/KABINAM_outer_glow.png","width":474,"height":141,"caption":"kabinam.lt"},"image":{"@id":"https:\/\/kabinam.lt\/#\/schema\/logo\/image\/"}}]}},"uagb_featured_image_src":{"full":["https:\/\/kabinam.lt\/wp-content\/uploads\/2025\/04\/e9e36f43612e4c88ac3861a4eaa22ca2-goods.jpeg",1200,1200,false],"thumbnail":["https:\/\/kabinam.lt\/wp-content\/uploads\/2025\/04\/e9e36f43612e4c88ac3861a4eaa22ca2-goods-150x150.jpeg",150,150,true],"medium":["https:\/\/kabinam.lt\/wp-content\/uploads\/2025\/04\/e9e36f43612e4c88ac3861a4eaa22ca2-goods-300x300.jpeg",300,300,true],"medium_large":["https:\/\/kabinam.lt\/wp-content\/uploads\/2025\/04\/e9e36f43612e4c88ac3861a4eaa22ca2-goods-768x768.jpeg",768,768,true],"large":["https:\/\/kabinam.lt\/wp-content\/uploads\/2025\/04\/e9e36f43612e4c88ac3861a4eaa22ca2-goods-1024x1024.jpeg",1024,1024,true],"1536x1536":["https:\/\/kabinam.lt\/wp-content\/uploads\/2025\/04\/e9e36f43612e4c88ac3861a4eaa22ca2-goods.jpeg",1200,1200,false],"2048x2048":["https:\/\/kabinam.lt\/wp-content\/uploads\/2025\/04\/e9e36f43612e4c88ac3861a4eaa22ca2-goods.jpeg",1200,1200,false],"trp-custom-language-flag":["https:\/\/kabinam.lt\/wp-content\/uploads\/2025\/04\/e9e36f43612e4c88ac3861a4eaa22ca2-goods.jpeg",12,12,false],"woocommerce_thumbnail":["https:\/\/kabinam.lt\/wp-content\/uploads\/2025\/04\/e9e36f43612e4c88ac3861a4eaa22ca2-goods-300x300.jpeg",300,300,true],"woocommerce_single":["https:\/\/kabinam.lt\/wp-content\/uploads\/2025\/04\/e9e36f43612e4c88ac3861a4eaa22ca2-goods-600x600.jpeg",600,600,true],"woocommerce_gallery_thumbnail":["https:\/\/kabinam.lt\/wp-content\/uploads\/2025\/04\/e9e36f43612e4c88ac3861a4eaa22ca2-goods-100x100.jpeg",100,100,true]},"uagb_author_info":{"display_name":"kabinam.lt","author_link":"https:\/\/kabinam.lt\/de\/author\/"},"uagb_comment_info":0,"uagb_excerpt":"Siuvin\u0117tas rakt\u0173 pakabukas Drive Safe \u2013 funkcionalus aksesuaras su \u0161maik\u0161\u010dia ir r\u016bpestinga \u017einute draugui ar artimajam.","_links":{"self":[{"href":"https:\/\/kabinam.lt\/de\/wp-json\/wp\/v2\/product\/3441","targetHints":{"allow":["GET"]}}],"collection":[{"href":"https:\/\/kabinam.lt\/de\/wp-json\/wp\/v2\/product"}],"about":[{"href":"https:\/\/kabinam.lt\/de\/wp-json\/wp\/v2\/types\/product"}],"replies":[{"embeddable":true,"href":"https:\/\/kabinam.lt\/de\/wp-json\/wp\/v2\/comments?post=3441"}],"wp:featuredmedia":[{"embeddable":true,"href":"https:\/\/kabinam.lt\/de\/wp-json\/wp\/v2\/media\/3442"}],"wp:attachment":[{"href":"https:\/\/kabinam.lt\/de\/wp-json\/wp\/v2\/media?parent=3441"}],"wp:term":[{"taxonomy":"product_brand","embeddable":true,"href":"https:\/\/kabinam.lt\/de\/wp-json\/wp\/v2\/product_brand?post=3441"},{"taxonomy":"product_cat","embeddable":true,"href":"https:\/\/kabinam.lt\/de\/wp-json\/wp\/v2\/product_cat?post=3441"},{"taxonomy":"product_tag","embeddable":true,"href":"https:\/\/kabinam.lt\/de\/wp-json\/wp\/v2\/product_tag?post=3441"}],"curies":[{"name":"wp","href":"https:\/\/api.w.org\/{rel}","templated":true}]}}