{"id":3437,"date":"2025-04-17T21:10:10","date_gmt":"2025-04-17T19:10:10","guid":{"rendered":"https:\/\/kabinam.lt\/?post_type=product&#038;p=3437"},"modified":"2026-01-18T15:22:28","modified_gmt":"2026-01-18T13:22:28","slug":"flamingo-raktu-pakabukas","status":"publish","type":"product","link":"https:\/\/kabinam.lt\/de\/product\/flamingo-raktu-pakabukas\/","title":{"rendered":"Motivierender Flamingo-Schl\u00fcsselanh\u00e4nger - Accessoire aus Edelstahl f\u00fcr Frauen"},"content":{"rendered":"<div class=\"kk-star-ratings kksr-auto kksr-align-left kksr-valign-top\"\n    data-payload='{&quot;align&quot;:&quot;left&quot;,&quot;id&quot;:&quot;3437&quot;,&quot;slug&quot;:&quot;default&quot;,&quot;valign&quot;:&quot;top&quot;,&quot;ignore&quot;:&quot;&quot;,&quot;reference&quot;:&quot;auto&quot;,&quot;class&quot;:&quot;&quot;,&quot;count&quot;:&quot;0&quot;,&quot;legendonly&quot;:&quot;&quot;,&quot;readonly&quot;:&quot;&quot;,&quot;score&quot;:&quot;0&quot;,&quot;starsonly&quot;:&quot;&quot;,&quot;best&quot;:&quot;5&quot;,&quot;gap&quot;:&quot;5&quot;,&quot;greet&quot;:&quot;Mums svarbus j\u016bs\u0173 \u012fvertinimas&quot;,&quot;legend&quot;:&quot;0\\\/5 - (0 votes)&quot;,&quot;size&quot;:&quot;24&quot;,&quot;title&quot;:&quot;Motyvuojantis flamingo rakt\u0173 pakabukas \u2013 ner\u016bdijan\u010dio plieno aksesuaras moterims&quot;,&quot;width&quot;:&quot;0&quot;,&quot;_legend&quot;:&quot;{score}\\\/{best} - ({count} {votes})&quot;,&quot;font_factor&quot;:&quot;1.25&quot;}'>\n            \n<div class=\"kksr-stars\">\n    \n<div class=\"kksr-stars-inactive\">\n            <div class=\"kksr-star\" data-star=\"1\" style=\"padding-right: 5px\">\n            \n\n<div class=\"kksr-icon\" style=\"width: 24px; height: 24px;\"><\/div>\n        <\/div>\n            <div class=\"kksr-star\" data-star=\"2\" style=\"padding-right: 5px\">\n            \n\n<div class=\"kksr-icon\" style=\"width: 24px; height: 24px;\"><\/div>\n        <\/div>\n            <div class=\"kksr-star\" data-star=\"3\" style=\"padding-right: 5px\">\n            \n\n<div class=\"kksr-icon\" style=\"width: 24px; height: 24px;\"><\/div>\n        <\/div>\n            <div class=\"kksr-star\" data-star=\"4\" style=\"padding-right: 5px\">\n            \n\n<div class=\"kksr-icon\" style=\"width: 24px; height: 24px;\"><\/div>\n        <\/div>\n            <div class=\"kksr-star\" data-star=\"5\" style=\"padding-right: 5px\">\n            \n\n<div class=\"kksr-icon\" style=\"width: 24px; height: 24px;\"><\/div>\n        <\/div>\n    <\/div>\n    \n<div class=\"kksr-stars-active\" style=\"width: 0px;\">\n            <div class=\"kksr-star\" style=\"padding-right: 5px\">\n            \n\n<div class=\"kksr-icon\" style=\"width: 24px; height: 24px;\"><\/div>\n        <\/div>\n            <div class=\"kksr-star\" style=\"padding-right: 5px\">\n            \n\n<div class=\"kksr-icon\" style=\"width: 24px; height: 24px;\"><\/div>\n        <\/div>\n            <div class=\"kksr-star\" style=\"padding-right: 5px\">\n            \n\n<div class=\"kksr-icon\" style=\"width: 24px; height: 24px;\"><\/div>\n        <\/div>\n            <div class=\"kksr-star\" style=\"padding-right: 5px\">\n            \n\n<div class=\"kksr-icon\" style=\"width: 24px; height: 24px;\"><\/div>\n        <\/div>\n            <div class=\"kksr-star\" style=\"padding-right: 5px\">\n            \n\n<div class=\"kksr-icon\" style=\"width: 24px; height: 24px;\"><\/div>\n        <\/div>\n    <\/div>\n<\/div>\n                \n\n<div class=\"kksr-legend\" style=\"font-size: 19.2px;\">\n            <span class=\"kksr-muted\">Ihre Bewertung ist f\u00fcr uns wichtig<\/span>\n    <\/div>\n    <\/div>\n<h4 class=\"\" data-start=\"205\" data-end=\"266\">Flamingo-Schl\u00fcsselanh\u00e4nger - t\u00e4gliche Inspiration<\/h4>\n<p class=\"\" data-start=\"268\" data-end=\"643\">Sie suchen ein kleines, aber sinnvolles Geschenk? Diese <strong data-start=\"314\" data-end=\"342\">Flamingo-Schl\u00fcsselanh\u00e4nger<\/strong> - die perfekte Wahl f\u00fcr eine Frau, die Stil und Positivit\u00e4t zu sch\u00e4tzen wei\u00df und jeden Tag einen symbolischen Talisman haben m\u00f6chte. Der auf dem Anh\u00e4nger eingravierte Spruch <em data-start=\"483\" data-end=\"521\">\u201eVergiss nie, wie toll du bist\u201c<\/em> (\u201eVergiss nie, wie wunderbar du bist\u201c ist eine sanfte Botschaft, die selbst an den tr\u00fcbsten Tagen die Stimmung heben kann.<\/p>\n<p class=\"\" data-start=\"645\" data-end=\"870\">Aus robustem Edelstahl gefertigt und mit einem Flamingo-Detail aus rosa Emaille versehen, sieht dieser Anh\u00e4nger nicht nur stilvoll aus, sondern ist auch sehr langlebig. Er l\u00e4sst sich leicht an Ihren Autoschl\u00fcsseln, Ihrer Handtasche oder Ihrem Rucksack befestigen.<\/p>\n<hr class=\"\" data-start=\"872\" data-end=\"875\" \/>\n<h4 class=\"\" data-start=\"877\" data-end=\"931\">Flamingo Schl\u00fcsselanh\u00e4nger - das perfekte Geschenk f\u00fcr eine Frau<\/h4>\n<p class=\"\" data-start=\"933\" data-end=\"1193\"><strong data-start=\"933\" data-end=\"961\">Flamingo Schl\u00fcsselanh\u00e4nger<\/strong> Ideal als Geschenk f\u00fcr eine Freundin, Schwester, Mutter oder Kollegin. Es ist eine gute Wahl f\u00fcr Geburtstage, Weihnachten oder auch als Geschenk der Ermutigung in schwierigen Zeiten. Eine aussagekr\u00e4ftige Notiz wird Sie jeden Tag daran erinnern, dass Sie es wert sind, geliebt, respektiert und inspiriert zu werden.<\/p>\n<p class=\"\" data-start=\"1195\" data-end=\"1554\">Diese Art von Accessoire erfreut sich weltweit wachsender Beliebtheit als ein Gegenstand mit emotionaler Bedeutung. Wie es hei\u00dft <a target=\"_new\" rel=\"noopener\" data-start=\"1297\" data-end=\"1458\">Artikel in Harper's Bazaar \u00fcber modische und sinnvolle Accessoires<\/a>, Kleine, aber unverwechselbare Schmuckst\u00fccke helfen, die Pers\u00f6nlichkeit auszudr\u00fccken und werden zu einem besonderen Zeichen der Verbundenheit.<\/p>\n<hr class=\"\" data-start=\"1556\" data-end=\"1559\" \/>\n<h4 class=\"\" data-start=\"1561\" data-end=\"1597\">Ein Accessoire, das f\u00fcr Sie spricht<\/h4>\n<p class=\"\" data-start=\"1599\" data-end=\"1785\">Mehr als nur ein Schl\u00fcsselanh\u00e4nger, er ist eine Botschaft, Inspiration und emotionale Unterst\u00fctzung. Dieser Flamingo erinnert dich daran: Du bist einzigartig. Und wenn du ihn verschenkst, wird er zu einer z\u00e4rtlichen Geste der Liebe.<\/p>\n<hr class=\"\" data-start=\"1787\" data-end=\"1790\" \/>\n<h4 class=\"\" data-start=\"1792\" data-end=\"1833\">Finden Sie noch mehr Accessoires f\u00fcr Frauen<\/h4>\n<p class=\"\" data-start=\"1835\" data-end=\"2126\">Wenn Ihnen dieser Anh\u00e4nger gef\u00e4llt, werfen Sie einen Blick auf unsere <a target=\"_new\" rel=\"noopener\" data-start=\"1887\" data-end=\"1987\">die beliebtesten Produkte<\/a> \u00fcber <a target=\"_new\" rel=\"noopener\" data-start=\"1991\" data-end=\"2044\">alle Anh\u00e4nger<\/a> - finden Sie vielleicht einen anderen, der f\u00fcr Sie spricht oder ein lieber Begleiter wird.<\/p>","protected":false},"excerpt":{"rendered":"<p>Der Flamingo-Schl\u00fcsselanh\u00e4nger ist ein feminines Accessoire mit einer Aufschrift, eine gute Wahl f\u00fcr ein Geschenk oder eine Inspiration f\u00fcr den Alltag.<\/p>","protected":false},"featured_media":3438,"comment_status":"closed","ping_status":"closed","template":"","meta":{"_uag_custom_page_level_css":"","site-sidebar-layout":"default","site-content-layout":"","ast-site-content-layout":"default","site-content-style":"default","site-sidebar-style":"default","ast-global-header-display":"","ast-banner-title-visibility":"","ast-main-header-display":"","ast-hfb-above-header-display":"","ast-hfb-below-header-display":"","ast-hfb-mobile-header-display":"","site-post-title":"","ast-breadcrumbs-content":"","ast-featured-img":"","footer-sml-layout":"","ast-disable-related-posts":"","theme-transparent-header-meta":"default","adv-header-id-meta":"","stick-header-meta":"","header-above-stick-meta":"","header-main-stick-meta":"","header-below-stick-meta":"","astra-migrate-meta-layouts":"set","ast-page-background-enabled":"default","ast-page-background-meta":{"desktop":{"background-color":"var(--ast-global-color-4)","background-image":"","background-repeat":"repeat","background-position":"center center","background-size":"auto","background-attachment":"scroll","background-type":"","background-media":"","overlay-type":"","overlay-color":"","overlay-opacity":"","overlay-gradient":""},"tablet":{"background-color":"","background-image":"","background-repeat":"repeat","background-position":"center center","background-size":"auto","background-attachment":"scroll","background-type":"","background-media":"","overlay-type":"","overlay-color":"","overlay-opacity":"","overlay-gradient":""},"mobile":{"background-color":"","background-image":"","background-repeat":"repeat","background-position":"center center","background-size":"auto","background-attachment":"scroll","background-type":"","background-media":"","overlay-type":"","overlay-color":"","overlay-opacity":"","overlay-gradient":""}},"ast-content-background-meta":{"desktop":{"background-color":"var(--ast-global-color-5)","background-image":"","background-repeat":"repeat","background-position":"center center","background-size":"auto","background-attachment":"scroll","background-type":"","background-media":"","overlay-type":"","overlay-color":"","overlay-opacity":"","overlay-gradient":""},"tablet":{"background-color":"var(--ast-global-color-5)","background-image":"","background-repeat":"repeat","background-position":"center center","background-size":"auto","background-attachment":"scroll","background-type":"","background-media":"","overlay-type":"","overlay-color":"","overlay-opacity":"","overlay-gradient":""},"mobile":{"background-color":"var(--ast-global-color-5)","background-image":"","background-repeat":"repeat","background-position":"center center","background-size":"auto","background-attachment":"scroll","background-type":"","background-media":"","overlay-type":"","overlay-color":"","overlay-opacity":"","overlay-gradient":""}}},"product_brand":[],"product_cat":[125,126,117,116,95,118],"product_tag":[],"class_list":{"0":"post-3437","1":"product","2":"type-product","3":"status-publish","4":"has-post-thumbnail","6":"product_cat-halloween","7":"product_cat-visi","8":"product_cat-graviruoti-raktu-pakabukai","9":"product_cat-metaliniai-raktu-pakabukai","10":"product_cat-unikalus-raktu-pakabukai","11":"product_cat-dovana-teciui","12":"desktop-align-center","13":"tablet-align-left","14":"mobile-align-left","16":"first","17":"instock","18":"shipping-taxable","19":"purchasable","20":"product-type-simple"},"yoast_head":"<!-- This site is optimized with the Yoast SEO plugin v27.1.1 - https:\/\/yoast.com\/product\/yoast-seo-wordpress\/ -->\n<title>Motyvuojantis flamingo rakt\u0173 pakabukas \u2013 ner\u016bdijan\u010dio plieno aksesuaras moterims<\/title>\n<meta name=\"description\" content=\"Flamingo rakt\u0173 pakabukas moterims \u2013 su motyvaciniu u\u017era\u0161u, stilingas, ro\u017einis, puikiai tinka dovanai ar kasdienai.\" \/>\n<meta name=\"robots\" content=\"index, follow, max-snippet:-1, max-image-preview:large, max-video-preview:-1\" \/>\n<link rel=\"canonical\" href=\"https:\/\/kabinam.lt\/de\/produkt\/flamingo-raktu-pakabukas\/\" \/>\n<meta property=\"og:locale\" content=\"de_DE\" \/>\n<meta property=\"og:type\" content=\"article\" \/>\n<meta property=\"og:title\" content=\"Motyvuojantis flamingo rakt\u0173 pakabukas \u2013 ner\u016bdijan\u010dio plieno aksesuaras moterims\" \/>\n<meta property=\"og:description\" content=\"Flamingo rakt\u0173 pakabukas moterims \u2013 su motyvaciniu u\u017era\u0161u, stilingas, ro\u017einis, puikiai tinka dovanai ar kasdienai.\" \/>\n<meta property=\"og:url\" content=\"https:\/\/kabinam.lt\/de\/produkt\/flamingo-raktu-pakabukas\/\" \/>\n<meta property=\"og:site_name\" content=\"kabinam.lt\" \/>\n<meta property=\"article:modified_time\" content=\"2026-01-18T13:22:28+00:00\" \/>\n<meta property=\"og:image\" content=\"https:\/\/kabinam.lt\/wp-content\/uploads\/2025\/04\/770e3505-4969-4624-9587-e353c4680e6a.jpg\" \/>\n\t<meta property=\"og:image:width\" content=\"800\" \/>\n\t<meta property=\"og:image:height\" content=\"800\" \/>\n\t<meta property=\"og:image:type\" content=\"image\/jpeg\" \/>\n<meta name=\"twitter:card\" content=\"summary_large_image\" \/>\n<meta name=\"twitter:label1\" content=\"Gesch\u00e4tzte Lesezeit\" \/>\n\t<meta name=\"twitter:data1\" content=\"2\u00a0Minuten\" \/>\n<script type=\"application\/ld+json\" class=\"yoast-schema-graph\">{\"@context\":\"https:\/\/schema.org\",\"@graph\":[{\"@type\":[\"WebPage\",\"ItemPage\"],\"@id\":\"https:\/\/kabinam.lt\/eng\/product\/flamingo-raktu-pakabukas\/\",\"url\":\"https:\/\/kabinam.lt\/eng\/product\/flamingo-raktu-pakabukas\/\",\"name\":\"Motyvuojantis flamingo rakt\u0173 pakabukas \u2013 ner\u016bdijan\u010dio plieno aksesuaras moterims\",\"isPartOf\":{\"@id\":\"https:\/\/kabinam.lt\/#website\"},\"primaryImageOfPage\":{\"@id\":\"https:\/\/kabinam.lt\/eng\/product\/flamingo-raktu-pakabukas\/#primaryimage\"},\"image\":{\"@id\":\"https:\/\/kabinam.lt\/eng\/product\/flamingo-raktu-pakabukas\/#primaryimage\"},\"thumbnailUrl\":\"https:\/\/kabinam.lt\/wp-content\/uploads\/2025\/04\/770e3505-4969-4624-9587-e353c4680e6a.jpg\",\"datePublished\":\"2025-04-17T19:10:10+00:00\",\"dateModified\":\"2026-01-18T13:22:28+00:00\",\"description\":\"Flamingo rakt\u0173 pakabukas moterims \u2013 su motyvaciniu u\u017era\u0161u, stilingas, ro\u017einis, puikiai tinka dovanai ar kasdienai.\",\"breadcrumb\":{\"@id\":\"https:\/\/kabinam.lt\/eng\/product\/flamingo-raktu-pakabukas\/#breadcrumb\"},\"inLanguage\":\"de\",\"potentialAction\":[{\"@type\":\"ReadAction\",\"target\":[\"https:\/\/kabinam.lt\/eng\/product\/flamingo-raktu-pakabukas\/\"]}]},{\"@type\":\"ImageObject\",\"inLanguage\":\"de\",\"@id\":\"https:\/\/kabinam.lt\/eng\/product\/flamingo-raktu-pakabukas\/#primaryimage\",\"url\":\"https:\/\/kabinam.lt\/wp-content\/uploads\/2025\/04\/770e3505-4969-4624-9587-e353c4680e6a.jpg\",\"contentUrl\":\"https:\/\/kabinam.lt\/wp-content\/uploads\/2025\/04\/770e3505-4969-4624-9587-e353c4680e6a.jpg\",\"width\":800,\"height\":800,\"caption\":\"Flamingo pakabukas raktams su motyvaciniu u\u017era\u0161u\"},{\"@type\":\"BreadcrumbList\",\"@id\":\"https:\/\/kabinam.lt\/eng\/product\/flamingo-raktu-pakabukas\/#breadcrumb\",\"itemListElement\":[{\"@type\":\"ListItem\",\"position\":1,\"name\":\"Home\",\"item\":\"https:\/\/kabinam.lt\/\"},{\"@type\":\"ListItem\",\"position\":2,\"name\":\"Visi Produktai\",\"item\":\"https:\/\/kabinam.lt\/visi-produktai\/\"},{\"@type\":\"ListItem\",\"position\":3,\"name\":\"Motyvuojantis flamingo rakt\u0173 pakabukas \u2013 ner\u016bdijan\u010dio plieno aksesuaras moterims\"}]},{\"@type\":\"WebSite\",\"@id\":\"https:\/\/kabinam.lt\/#website\",\"url\":\"https:\/\/kabinam.lt\/\",\"name\":\"kabinam.lt\",\"description\":\"Kabinam.lt \u2013 raktu pakabukai ir aksesuarai\",\"publisher\":{\"@id\":\"https:\/\/kabinam.lt\/#organization\"},\"alternateName\":\"pakabukai lt\",\"potentialAction\":[{\"@type\":\"SearchAction\",\"target\":{\"@type\":\"EntryPoint\",\"urlTemplate\":\"https:\/\/kabinam.lt\/?s={search_term_string}\"},\"query-input\":{\"@type\":\"PropertyValueSpecification\",\"valueRequired\":true,\"valueName\":\"search_term_string\"}}],\"inLanguage\":\"de\"},{\"@type\":\"Organization\",\"@id\":\"https:\/\/kabinam.lt\/#organization\",\"name\":\"kabinam.lt\",\"alternateName\":\"kabinam\",\"url\":\"https:\/\/kabinam.lt\/\",\"logo\":{\"@type\":\"ImageObject\",\"inLanguage\":\"de\",\"@id\":\"https:\/\/kabinam.lt\/#\/schema\/logo\/image\/\",\"url\":\"https:\/\/kabinam.lt\/wp-content\/uploads\/2025\/05\/KABINAM_outer_glow.png\",\"contentUrl\":\"https:\/\/kabinam.lt\/wp-content\/uploads\/2025\/05\/KABINAM_outer_glow.png\",\"width\":474,\"height\":141,\"caption\":\"kabinam.lt\"},\"image\":{\"@id\":\"https:\/\/kabinam.lt\/#\/schema\/logo\/image\/\"}}]}<\/script>\n<!-- \/ Yoast SEO plugin. -->","yoast_head_json":{"title":"Motivierender Flamingo-Schl\u00fcsselanh\u00e4nger - Accessoire aus Edelstahl f\u00fcr Frauen","description":"Flamingo rakt\u0173 pakabukas moterims \u2013 su motyvaciniu u\u017era\u0161u, stilingas, ro\u017einis, puikiai tinka dovanai ar kasdienai.","robots":{"index":"index","follow":"follow","max-snippet":"max-snippet:-1","max-image-preview":"max-image-preview:large","max-video-preview":"max-video-preview:-1"},"canonical":"https:\/\/kabinam.lt\/de\/produkt\/flamingo-raktu-pakabukas\/","og_locale":"de_DE","og_type":"article","og_title":"Motyvuojantis flamingo rakt\u0173 pakabukas \u2013 ner\u016bdijan\u010dio plieno aksesuaras moterims","og_description":"Flamingo rakt\u0173 pakabukas moterims \u2013 su motyvaciniu u\u017era\u0161u, stilingas, ro\u017einis, puikiai tinka dovanai ar kasdienai.","og_url":"https:\/\/kabinam.lt\/de\/produkt\/flamingo-raktu-pakabukas\/","og_site_name":"kabinam.lt","article_modified_time":"2026-01-18T13:22:28+00:00","og_image":[{"width":800,"height":800,"url":"https:\/\/kabinam.lt\/wp-content\/uploads\/2025\/04\/770e3505-4969-4624-9587-e353c4680e6a.jpg","type":"image\/jpeg"}],"twitter_card":"summary_large_image","twitter_misc":{"Gesch\u00e4tzte Lesezeit":"2\u00a0Minuten"},"schema":{"@context":"https:\/\/schema.org","@graph":[{"@type":["WebPage","ItemPage"],"@id":"https:\/\/kabinam.lt\/eng\/product\/flamingo-raktu-pakabukas\/","url":"https:\/\/kabinam.lt\/eng\/product\/flamingo-raktu-pakabukas\/","name":"Motivierender Flamingo-Schl\u00fcsselanh\u00e4nger - Accessoire aus Edelstahl f\u00fcr Frauen","isPartOf":{"@id":"https:\/\/kabinam.lt\/#website"},"primaryImageOfPage":{"@id":"https:\/\/kabinam.lt\/eng\/product\/flamingo-raktu-pakabukas\/#primaryimage"},"image":{"@id":"https:\/\/kabinam.lt\/eng\/product\/flamingo-raktu-pakabukas\/#primaryimage"},"thumbnailUrl":"https:\/\/kabinam.lt\/wp-content\/uploads\/2025\/04\/770e3505-4969-4624-9587-e353c4680e6a.jpg","datePublished":"2025-04-17T19:10:10+00:00","dateModified":"2026-01-18T13:22:28+00:00","description":"Flamingo rakt\u0173 pakabukas moterims \u2013 su motyvaciniu u\u017era\u0161u, stilingas, ro\u017einis, puikiai tinka dovanai ar kasdienai.","breadcrumb":{"@id":"https:\/\/kabinam.lt\/eng\/product\/flamingo-raktu-pakabukas\/#breadcrumb"},"inLanguage":"de","potentialAction":[{"@type":"ReadAction","target":["https:\/\/kabinam.lt\/eng\/product\/flamingo-raktu-pakabukas\/"]}]},{"@type":"ImageObject","inLanguage":"de","@id":"https:\/\/kabinam.lt\/eng\/product\/flamingo-raktu-pakabukas\/#primaryimage","url":"https:\/\/kabinam.lt\/wp-content\/uploads\/2025\/04\/770e3505-4969-4624-9587-e353c4680e6a.jpg","contentUrl":"https:\/\/kabinam.lt\/wp-content\/uploads\/2025\/04\/770e3505-4969-4624-9587-e353c4680e6a.jpg","width":800,"height":800,"caption":"Flamingo pakabukas raktams su motyvaciniu u\u017era\u0161u"},{"@type":"BreadcrumbList","@id":"https:\/\/kabinam.lt\/eng\/product\/flamingo-raktu-pakabukas\/#breadcrumb","itemListElement":[{"@type":"ListItem","position":1,"name":"Home","item":"https:\/\/kabinam.lt\/"},{"@type":"ListItem","position":2,"name":"Visi Produktai","item":"https:\/\/kabinam.lt\/visi-produktai\/"},{"@type":"ListItem","position":3,"name":"Motyvuojantis flamingo rakt\u0173 pakabukas \u2013 ner\u016bdijan\u010dio plieno aksesuaras moterims"}]},{"@type":"WebSite","@id":"https:\/\/kabinam.lt\/#website","url":"https:\/\/kabinam.lt\/","name":"kabinam.lt","description":"Kabinam.lt - Schl\u00fcsselanh\u00e4nger und Zubeh\u00f6r","publisher":{"@id":"https:\/\/kabinam.lt\/#organization"},"alternateName":"pakabukai lt","potentialAction":[{"@type":"SearchAction","target":{"@type":"EntryPoint","urlTemplate":"https:\/\/kabinam.lt\/?s={search_term_string}"},"query-input":{"@type":"PropertyValueSpecification","valueRequired":true,"valueName":"search_term_string"}}],"inLanguage":"de"},{"@type":"Organization","@id":"https:\/\/kabinam.lt\/#organization","name":"kabinam.lt","alternateName":"kabinam","url":"https:\/\/kabinam.lt\/","logo":{"@type":"ImageObject","inLanguage":"de","@id":"https:\/\/kabinam.lt\/#\/schema\/logo\/image\/","url":"https:\/\/kabinam.lt\/wp-content\/uploads\/2025\/05\/KABINAM_outer_glow.png","contentUrl":"https:\/\/kabinam.lt\/wp-content\/uploads\/2025\/05\/KABINAM_outer_glow.png","width":474,"height":141,"caption":"kabinam.lt"},"image":{"@id":"https:\/\/kabinam.lt\/#\/schema\/logo\/image\/"}}]}},"uagb_featured_image_src":{"full":["https:\/\/kabinam.lt\/wp-content\/uploads\/2025\/04\/770e3505-4969-4624-9587-e353c4680e6a.jpg",800,800,false],"thumbnail":["https:\/\/kabinam.lt\/wp-content\/uploads\/2025\/04\/770e3505-4969-4624-9587-e353c4680e6a-150x150.jpg",150,150,true],"medium":["https:\/\/kabinam.lt\/wp-content\/uploads\/2025\/04\/770e3505-4969-4624-9587-e353c4680e6a-300x300.jpg",300,300,true],"medium_large":["https:\/\/kabinam.lt\/wp-content\/uploads\/2025\/04\/770e3505-4969-4624-9587-e353c4680e6a-768x768.jpg",768,768,true],"large":["https:\/\/kabinam.lt\/wp-content\/uploads\/2025\/04\/770e3505-4969-4624-9587-e353c4680e6a.jpg",800,800,false],"1536x1536":["https:\/\/kabinam.lt\/wp-content\/uploads\/2025\/04\/770e3505-4969-4624-9587-e353c4680e6a.jpg",800,800,false],"2048x2048":["https:\/\/kabinam.lt\/wp-content\/uploads\/2025\/04\/770e3505-4969-4624-9587-e353c4680e6a.jpg",800,800,false],"trp-custom-language-flag":["https:\/\/kabinam.lt\/wp-content\/uploads\/2025\/04\/770e3505-4969-4624-9587-e353c4680e6a.jpg",12,12,false],"woocommerce_thumbnail":["https:\/\/kabinam.lt\/wp-content\/uploads\/2025\/04\/770e3505-4969-4624-9587-e353c4680e6a-300x300.jpg",300,300,true],"woocommerce_single":["https:\/\/kabinam.lt\/wp-content\/uploads\/2025\/04\/770e3505-4969-4624-9587-e353c4680e6a-600x600.jpg",600,600,true],"woocommerce_gallery_thumbnail":["https:\/\/kabinam.lt\/wp-content\/uploads\/2025\/04\/770e3505-4969-4624-9587-e353c4680e6a-100x100.jpg",100,100,true]},"uagb_author_info":{"display_name":"kabinam.lt","author_link":"https:\/\/kabinam.lt\/de\/author\/"},"uagb_comment_info":0,"uagb_excerpt":"Flamingo rakt\u0173 pakabukas \u2013 moteri\u0161kas aksesuaras su u\u017era\u0161u, puikus pasirinkimas dovanai ar kasdieniam \u012fkv\u0117pimui.","_links":{"self":[{"href":"https:\/\/kabinam.lt\/de\/wp-json\/wp\/v2\/product\/3437","targetHints":{"allow":["GET"]}}],"collection":[{"href":"https:\/\/kabinam.lt\/de\/wp-json\/wp\/v2\/product"}],"about":[{"href":"https:\/\/kabinam.lt\/de\/wp-json\/wp\/v2\/types\/product"}],"replies":[{"embeddable":true,"href":"https:\/\/kabinam.lt\/de\/wp-json\/wp\/v2\/comments?post=3437"}],"wp:featuredmedia":[{"embeddable":true,"href":"https:\/\/kabinam.lt\/de\/wp-json\/wp\/v2\/media\/3438"}],"wp:attachment":[{"href":"https:\/\/kabinam.lt\/de\/wp-json\/wp\/v2\/media?parent=3437"}],"wp:term":[{"taxonomy":"product_brand","embeddable":true,"href":"https:\/\/kabinam.lt\/de\/wp-json\/wp\/v2\/product_brand?post=3437"},{"taxonomy":"product_cat","embeddable":true,"href":"https:\/\/kabinam.lt\/de\/wp-json\/wp\/v2\/product_cat?post=3437"},{"taxonomy":"product_tag","embeddable":true,"href":"https:\/\/kabinam.lt\/de\/wp-json\/wp\/v2\/product_tag?post=3437"}],"curies":[{"name":"wp","href":"https:\/\/api.w.org\/{rel}","templated":true}]}}