{"id":3385,"date":"2025-04-09T10:45:58","date_gmt":"2025-04-09T08:45:58","guid":{"rendered":"https:\/\/kabinam.lt\/?post_type=product&#038;p=3385"},"modified":"2026-01-18T15:23:23","modified_gmt":"2026-01-18T13:23:23","slug":"motorradschlussel-zubehor-4-rader-bewegen-die-karosserie","status":"publish","type":"product","link":"https:\/\/kabinam.lt\/de\/product\/motociklu-raktu-akcesuaras-4-wheels-move-the-body\/","title":{"rendered":"Motorrad-Schl\u00fcsselzubeh\u00f6r \u201e4 R\u00e4der bewegen den K\u00f6rper\u201c"},"content":{"rendered":"<div class=\"kk-star-ratings kksr-auto kksr-align-left kksr-valign-top\"\n    data-payload='{&quot;align&quot;:&quot;left&quot;,&quot;id&quot;:&quot;3385&quot;,&quot;slug&quot;:&quot;default&quot;,&quot;valign&quot;:&quot;top&quot;,&quot;ignore&quot;:&quot;&quot;,&quot;reference&quot;:&quot;auto&quot;,&quot;class&quot;:&quot;&quot;,&quot;count&quot;:&quot;0&quot;,&quot;legendonly&quot;:&quot;&quot;,&quot;readonly&quot;:&quot;&quot;,&quot;score&quot;:&quot;0&quot;,&quot;starsonly&quot;:&quot;&quot;,&quot;best&quot;:&quot;5&quot;,&quot;gap&quot;:&quot;5&quot;,&quot;greet&quot;:&quot;Mums svarbus j\u016bs\u0173 \u012fvertinimas&quot;,&quot;legend&quot;:&quot;0\\\/5 - (0 votes)&quot;,&quot;size&quot;:&quot;24&quot;,&quot;title&quot;:&quot;Motocikl\u0173 rakt\u0173 aksesuaras \u201e4 wheels move the body\u201c&quot;,&quot;width&quot;:&quot;0&quot;,&quot;_legend&quot;:&quot;{score}\\\/{best} - ({count} {votes})&quot;,&quot;font_factor&quot;:&quot;1.25&quot;}'>\n            \n<div class=\"kksr-stars\">\n    \n<div class=\"kksr-stars-inactive\">\n            <div class=\"kksr-star\" data-star=\"1\" style=\"padding-right: 5px\">\n            \n\n<div class=\"kksr-icon\" style=\"width: 24px; height: 24px;\"><\/div>\n        <\/div>\n            <div class=\"kksr-star\" data-star=\"2\" style=\"padding-right: 5px\">\n            \n\n<div class=\"kksr-icon\" style=\"width: 24px; height: 24px;\"><\/div>\n        <\/div>\n            <div class=\"kksr-star\" data-star=\"3\" style=\"padding-right: 5px\">\n            \n\n<div class=\"kksr-icon\" style=\"width: 24px; height: 24px;\"><\/div>\n        <\/div>\n            <div class=\"kksr-star\" data-star=\"4\" style=\"padding-right: 5px\">\n            \n\n<div class=\"kksr-icon\" style=\"width: 24px; height: 24px;\"><\/div>\n        <\/div>\n            <div class=\"kksr-star\" data-star=\"5\" style=\"padding-right: 5px\">\n            \n\n<div class=\"kksr-icon\" style=\"width: 24px; height: 24px;\"><\/div>\n        <\/div>\n    <\/div>\n    \n<div class=\"kksr-stars-active\" style=\"width: 0px;\">\n            <div class=\"kksr-star\" style=\"padding-right: 5px\">\n            \n\n<div class=\"kksr-icon\" style=\"width: 24px; height: 24px;\"><\/div>\n        <\/div>\n            <div class=\"kksr-star\" style=\"padding-right: 5px\">\n            \n\n<div class=\"kksr-icon\" style=\"width: 24px; height: 24px;\"><\/div>\n        <\/div>\n            <div class=\"kksr-star\" style=\"padding-right: 5px\">\n            \n\n<div class=\"kksr-icon\" style=\"width: 24px; height: 24px;\"><\/div>\n        <\/div>\n            <div class=\"kksr-star\" style=\"padding-right: 5px\">\n            \n\n<div class=\"kksr-icon\" style=\"width: 24px; height: 24px;\"><\/div>\n        <\/div>\n            <div class=\"kksr-star\" style=\"padding-right: 5px\">\n            \n\n<div class=\"kksr-icon\" style=\"width: 24px; height: 24px;\"><\/div>\n        <\/div>\n    <\/div>\n<\/div>\n                \n\n<div class=\"kksr-legend\" style=\"font-size: 19.2px;\">\n            <span class=\"kksr-muted\">Ihre Bewertung ist f\u00fcr uns wichtig<\/span>\n    <\/div>\n    <\/div>\n<p class=\"\" data-start=\"233\" data-end=\"870\">Diese einzigartige <strong data-start=\"288\" data-end=\"318\">Motorradschl\u00fcssel-Zubeh\u00f6r<\/strong> bestickt mit \u201e4 R\u00e4der bewegen den K\u00f6rper, 2 R\u00e4der bewegen die Seele\u201c - die perfekte Wahl f\u00fcr echte Motorradfans, die nach au\u00dfergew\u00f6hnlichem Stil und Qualit\u00e4t suchen. Das aus hochwertigem Metall gefertigte Produkt ist langlebig und widersteht selbst den h\u00e4rtesten Bedingungen, wie Feuchtigkeit, pl\u00f6tzlichen Temperaturschwankungen und intensivem Sonnenlicht. Sein robustes und doch subtiles Design vermittelt echte Motorradkultur und einen Geist der Freiheit, der Sie dazu ermutigt, Ihren pers\u00f6nlichen Stil und Ihr Selbstbewusstsein zum Ausdruck zu bringen.<\/p>\n<p class=\"\" data-start=\"872\" data-end=\"1420\">Diese <strong data-start=\"876\" data-end=\"906\">Motorradschl\u00fcssel-Zubeh\u00f6r<\/strong> l\u00e4sst sich nicht nur funktionell an Ihren Schl\u00fcsseln befestigen, sondern macht sie auch zu einem stilvollen Accessoire, das sofort die Aufmerksamkeit auf sich zieht. Er eignet sich sowohl f\u00fcr den t\u00e4glichen Gebrauch als auch als exklusives Geschenk f\u00fcr alle, die Einzigartigkeit und originelles Design zu sch\u00e4tzen wissen. Mit diesem Produkt erh\u00e4lt Ihr Schl\u00fcsselbund einen besonderen Charakter und wird zu einem festen Bestandteil Ihres Alltags. Dar\u00fcber hinaus gibt Ihnen dieses Produkt die M\u00f6glichkeit, Ihre Leidenschaft f\u00fcr Geschwindigkeit, Abenteuer und Freiheit zu zeigen, was f\u00fcr jeden echten Motorradliebhaber wichtig ist.<\/p>\n<p class=\"\" data-start=\"1422\" data-end=\"1794\">Zus\u00e4tzlich zu den grundlegenden Merkmalen ist hervorzuheben, dass jedes unserer Produkte gr\u00fcndlich getestet und angepasst wird, um den h\u00f6chsten Qualit\u00e4tsstandards zu entsprechen. Wir sind stolz auf unsere Arbeit und wollen sicherstellen, dass jeder Kunde ein Produkt erh\u00e4lt, das seine Erwartungen nicht nur erf\u00fcllt, sondern \u00fcbertrifft. Auf diese Weise investieren Sie mit dem Kauf dieses Zubeh\u00f6rs in Zuverl\u00e4ssigkeit, Stil und Wertbest\u00e4ndigkeit.<\/p>\n<p class=\"\" data-start=\"1796\" data-end=\"2460\">Mehr ausw\u00e4hlen <strong data-start=\"1824\" data-end=\"1918\"><a target=\"_new\" rel=\"noopener\" data-start=\"1826\" data-end=\"1916\">Motorradschl\u00fcsselanh\u00e4nger<\/a><\/strong>, besuchen Sie bitte unsere Website. Sie k\u00f6nnen auch sehen <strong data-start=\"1973\" data-end=\"2063\"><a target=\"_new\" rel=\"noopener\" data-start=\"1975\" data-end=\"2061\">einzigartige Anh\u00e4nger<\/a><\/strong> Abschnitt oder siehe <strong data-start=\"2088\" data-end=\"2190\"><a target=\"_new\" rel=\"noopener\" data-start=\"2090\" data-end=\"2188\">beliebteste Produkte<\/a><\/strong> Vorschl\u00e4ge.<br data-start=\"2202\" data-end=\"2205\" \/>F\u00fcr einen tieferen Einblick in die Geschichte und Kultur von Motorr\u00e4dern empfehlen wir einen Besuch <strong data-start=\"2293\" data-end=\"2367\"><a class=\"\" href=\"https:\/\/www.museumofmotorcycles.com\/\" target=\"_new\" rel=\"noopener\" data-start=\"2295\" data-end=\"2365\">Website des Motorradmuseums<\/a><\/strong>, wo Sie viele interessante Informationen \u00fcber die ber\u00fchmtesten Motorr\u00e4der der Welt und ihre Entwicklung finden.<\/p>\n<p class=\"\" data-start=\"2462\" data-end=\"2865\">W\u00e4hlen Sie dies <strong data-start=\"2477\" data-end=\"2506\">Motorradschl\u00fcssel-Zubeh\u00f6r<\/strong> und lassen Sie Ihren Stil f\u00fcr sich sprechen. Machen Sie Ihre Schl\u00fcssel nicht nur sicher, sondern auch einzigartig - zeigen Sie Ihre Leidenschaft f\u00fcr Motorr\u00e4der und den Geist der Freiheit. Kaufen Sie noch heute einen, um jede Fahrt zu einem besonderen Erlebnis zu machen und Ihre einzigartige Lebenseinstellung widerzuspiegeln. Haben Sie den Mut, Ihren Stil zu zeigen und lassen Sie Ihre Entscheidungen f\u00fcr sich sprechen!<\/p>","protected":false},"excerpt":{"rendered":"<p>Originelles Motorradschl\u00fcssel-Accessoire mit der Aufschrift \u201e4 R\u00e4der bewegen den K\u00f6rper, 2 R\u00e4der bewegen die Seele\u201c. Die perfekte Wahl f\u00fcr alle, die Exklusivit\u00e4t lieben.<\/p>","protected":false},"featured_media":3386,"comment_status":"closed","ping_status":"closed","template":"","meta":{"_uag_custom_page_level_css":"","site-sidebar-layout":"default","site-content-layout":"","ast-site-content-layout":"default","site-content-style":"default","site-sidebar-style":"default","ast-global-header-display":"","ast-banner-title-visibility":"","ast-main-header-display":"","ast-hfb-above-header-display":"","ast-hfb-below-header-display":"","ast-hfb-mobile-header-display":"","site-post-title":"","ast-breadcrumbs-content":"","ast-featured-img":"","footer-sml-layout":"","ast-disable-related-posts":"","theme-transparent-header-meta":"default","adv-header-id-meta":"","stick-header-meta":"","header-above-stick-meta":"","header-main-stick-meta":"","header-below-stick-meta":"","astra-migrate-meta-layouts":"set","ast-page-background-enabled":"default","ast-page-background-meta":{"desktop":{"background-color":"var(--ast-global-color-4)","background-image":"","background-repeat":"repeat","background-position":"center center","background-size":"auto","background-attachment":"scroll","background-type":"","background-media":"","overlay-type":"","overlay-color":"","overlay-opacity":"","overlay-gradient":""},"tablet":{"background-color":"","background-image":"","background-repeat":"repeat","background-position":"center center","background-size":"auto","background-attachment":"scroll","background-type":"","background-media":"","overlay-type":"","overlay-color":"","overlay-opacity":"","overlay-gradient":""},"mobile":{"background-color":"","background-image":"","background-repeat":"repeat","background-position":"center center","background-size":"auto","background-attachment":"scroll","background-type":"","background-media":"","overlay-type":"","overlay-color":"","overlay-opacity":"","overlay-gradient":""}},"ast-content-background-meta":{"desktop":{"background-color":"var(--ast-global-color-5)","background-image":"","background-repeat":"repeat","background-position":"center center","background-size":"auto","background-attachment":"scroll","background-type":"","background-media":"","overlay-type":"","overlay-color":"","overlay-opacity":"","overlay-gradient":""},"tablet":{"background-color":"var(--ast-global-color-5)","background-image":"","background-repeat":"repeat","background-position":"center center","background-size":"auto","background-attachment":"scroll","background-type":"","background-media":"","overlay-type":"","overlay-color":"","overlay-opacity":"","overlay-gradient":""},"mobile":{"background-color":"var(--ast-global-color-5)","background-image":"","background-repeat":"repeat","background-position":"center center","background-size":"auto","background-attachment":"scroll","background-type":"","background-media":"","overlay-type":"","overlay-color":"","overlay-opacity":"","overlay-gradient":""}}},"product_brand":[],"product_cat":[126,91],"product_tag":[],"class_list":{"0":"post-3385","1":"product","2":"type-product","3":"status-publish","4":"has-post-thumbnail","6":"product_cat-visi","7":"product_cat-motociklo-raktu-pakabukai","8":"desktop-align-center","9":"tablet-align-left","10":"mobile-align-left","12":"first","13":"instock","14":"shipping-taxable","15":"purchasable","16":"product-type-simple"},"yoast_head":"<!-- This site is optimized with the Yoast SEO plugin v27.1.1 - https:\/\/yoast.com\/product\/yoast-seo-wordpress\/ -->\n<title>Motocikl\u0173 rakt\u0173 aksesuaras \u201e4 wheels move the body\u201c<\/title>\n<meta name=\"description\" content=\"Stilingas motocikl\u0173 rakt\u0173 aksesuaras \u201e4 wheels move the body, 2 wheels move the soul\u201c. Puiki dovana bei stiliaus akcentas entuziastams.\" \/>\n<meta name=\"robots\" content=\"index, follow, max-snippet:-1, max-image-preview:large, max-video-preview:-1\" \/>\n<link rel=\"canonical\" href=\"https:\/\/kabinam.lt\/de\/produkt\/motorradschlussel-zubehor-4-rader-bewegen-die-karosserie\/\" \/>\n<meta property=\"og:locale\" content=\"de_DE\" \/>\n<meta property=\"og:type\" content=\"article\" \/>\n<meta property=\"og:title\" content=\"Motocikl\u0173 rakt\u0173 aksesuaras \u201e4 wheels move the body\u201c\" \/>\n<meta property=\"og:description\" content=\"Stilingas motocikl\u0173 rakt\u0173 aksesuaras \u201e4 wheels move the body, 2 wheels move the soul\u201c. Puiki dovana bei stiliaus akcentas entuziastams.\" \/>\n<meta property=\"og:url\" content=\"https:\/\/kabinam.lt\/de\/produkt\/motorradschlussel-zubehor-4-rader-bewegen-die-karosserie\/\" \/>\n<meta property=\"og:site_name\" content=\"kabinam.lt\" \/>\n<meta property=\"article:modified_time\" content=\"2026-01-18T13:23:23+00:00\" \/>\n<meta property=\"og:image\" content=\"https:\/\/kabinam.lt\/wp-content\/uploads\/2025\/04\/motociklo-raktu-pakabukas-4-wheels-move-the-body.png\" \/>\n\t<meta property=\"og:image:width\" content=\"800\" \/>\n\t<meta property=\"og:image:height\" content=\"800\" \/>\n\t<meta property=\"og:image:type\" content=\"image\/png\" \/>\n<meta name=\"twitter:card\" content=\"summary_large_image\" \/>\n<meta name=\"twitter:label1\" content=\"Gesch\u00e4tzte Lesezeit\" \/>\n\t<meta name=\"twitter:data1\" content=\"2\u00a0Minuten\" \/>\n<script type=\"application\/ld+json\" class=\"yoast-schema-graph\">{\"@context\":\"https:\/\/schema.org\",\"@graph\":[{\"@type\":[\"WebPage\",\"ItemPage\"],\"@id\":\"https:\/\/kabinam.lt\/eng\/product\/motorcycle-key-accessory-4-wheels-move-the-body\/\",\"url\":\"https:\/\/kabinam.lt\/eng\/product\/motorcycle-key-accessory-4-wheels-move-the-body\/\",\"name\":\"Motocikl\u0173 rakt\u0173 aksesuaras \u201e4 wheels move the body\u201c\",\"isPartOf\":{\"@id\":\"https:\/\/kabinam.lt\/#website\"},\"primaryImageOfPage\":{\"@id\":\"https:\/\/kabinam.lt\/eng\/product\/motorcycle-key-accessory-4-wheels-move-the-body\/#primaryimage\"},\"image\":{\"@id\":\"https:\/\/kabinam.lt\/eng\/product\/motorcycle-key-accessory-4-wheels-move-the-body\/#primaryimage\"},\"thumbnailUrl\":\"https:\/\/kabinam.lt\/wp-content\/uploads\/2025\/04\/motociklo-raktu-pakabukas-4-wheels-move-the-body.png\",\"datePublished\":\"2025-04-09T08:45:58+00:00\",\"dateModified\":\"2026-01-18T13:23:23+00:00\",\"description\":\"Stilingas motocikl\u0173 rakt\u0173 aksesuaras \u201e4 wheels move the body, 2 wheels move the soul\u201c. Puiki dovana bei stiliaus akcentas entuziastams.\",\"breadcrumb\":{\"@id\":\"https:\/\/kabinam.lt\/eng\/product\/motorcycle-key-accessory-4-wheels-move-the-body\/#breadcrumb\"},\"inLanguage\":\"de\",\"potentialAction\":[{\"@type\":\"ReadAction\",\"target\":[\"https:\/\/kabinam.lt\/eng\/product\/motorcycle-key-accessory-4-wheels-move-the-body\/\"]}]},{\"@type\":\"ImageObject\",\"inLanguage\":\"de\",\"@id\":\"https:\/\/kabinam.lt\/eng\/product\/motorcycle-key-accessory-4-wheels-move-the-body\/#primaryimage\",\"url\":\"https:\/\/kabinam.lt\/wp-content\/uploads\/2025\/04\/motociklo-raktu-pakabukas-4-wheels-move-the-body.png\",\"contentUrl\":\"https:\/\/kabinam.lt\/wp-content\/uploads\/2025\/04\/motociklo-raktu-pakabukas-4-wheels-move-the-body.png\",\"width\":800,\"height\":800,\"caption\":\"Motocikl\u0173 rakt\u0173 aksesuaras su u\u017era\u0161u \u201e4 wheels move the body, 2 wheels move the soul\u201c\"},{\"@type\":\"BreadcrumbList\",\"@id\":\"https:\/\/kabinam.lt\/eng\/product\/motorcycle-key-accessory-4-wheels-move-the-body\/#breadcrumb\",\"itemListElement\":[{\"@type\":\"ListItem\",\"position\":1,\"name\":\"Home\",\"item\":\"https:\/\/kabinam.lt\/\"},{\"@type\":\"ListItem\",\"position\":2,\"name\":\"Visi Produktai\",\"item\":\"https:\/\/kabinam.lt\/visi-produktai\/\"},{\"@type\":\"ListItem\",\"position\":3,\"name\":\"Motocikl\u0173 rakt\u0173 aksesuaras \u201e4 wheels move the body\u201c\"}]},{\"@type\":\"WebSite\",\"@id\":\"https:\/\/kabinam.lt\/#website\",\"url\":\"https:\/\/kabinam.lt\/\",\"name\":\"kabinam.lt\",\"description\":\"Kabinam.lt \u2013 raktu pakabukai ir aksesuarai\",\"publisher\":{\"@id\":\"https:\/\/kabinam.lt\/#organization\"},\"alternateName\":\"pakabukai lt\",\"potentialAction\":[{\"@type\":\"SearchAction\",\"target\":{\"@type\":\"EntryPoint\",\"urlTemplate\":\"https:\/\/kabinam.lt\/?s={search_term_string}\"},\"query-input\":{\"@type\":\"PropertyValueSpecification\",\"valueRequired\":true,\"valueName\":\"search_term_string\"}}],\"inLanguage\":\"de\"},{\"@type\":\"Organization\",\"@id\":\"https:\/\/kabinam.lt\/#organization\",\"name\":\"kabinam.lt\",\"alternateName\":\"kabinam\",\"url\":\"https:\/\/kabinam.lt\/\",\"logo\":{\"@type\":\"ImageObject\",\"inLanguage\":\"de\",\"@id\":\"https:\/\/kabinam.lt\/#\/schema\/logo\/image\/\",\"url\":\"https:\/\/kabinam.lt\/wp-content\/uploads\/2025\/05\/KABINAM_outer_glow.png\",\"contentUrl\":\"https:\/\/kabinam.lt\/wp-content\/uploads\/2025\/05\/KABINAM_outer_glow.png\",\"width\":474,\"height\":141,\"caption\":\"kabinam.lt\"},\"image\":{\"@id\":\"https:\/\/kabinam.lt\/#\/schema\/logo\/image\/\"}}]}<\/script>\n<!-- \/ Yoast SEO plugin. -->","yoast_head_json":{"title":"Motorrad-Schl\u00fcsselzubeh\u00f6r \u201e4 R\u00e4der bewegen den K\u00f6rper\u201c","description":"Stylisches Motorrad-Schl\u00fcssel-Accessoire \u201e4 R\u00e4der bewegen den K\u00f6rper, 2 R\u00e4der bewegen die Seele\u201c. Das perfekte Geschenk und Stil-Akzent f\u00fcr Enthusiasten.","robots":{"index":"index","follow":"follow","max-snippet":"max-snippet:-1","max-image-preview":"max-image-preview:large","max-video-preview":"max-video-preview:-1"},"canonical":"https:\/\/kabinam.lt\/de\/produkt\/motorradschlussel-zubehor-4-rader-bewegen-die-karosserie\/","og_locale":"de_DE","og_type":"article","og_title":"Motocikl\u0173 rakt\u0173 aksesuaras \u201e4 wheels move the body\u201c","og_description":"Stilingas motocikl\u0173 rakt\u0173 aksesuaras \u201e4 wheels move the body, 2 wheels move the soul\u201c. Puiki dovana bei stiliaus akcentas entuziastams.","og_url":"https:\/\/kabinam.lt\/de\/produkt\/motorradschlussel-zubehor-4-rader-bewegen-die-karosserie\/","og_site_name":"kabinam.lt","article_modified_time":"2026-01-18T13:23:23+00:00","og_image":[{"width":800,"height":800,"url":"https:\/\/kabinam.lt\/wp-content\/uploads\/2025\/04\/motociklo-raktu-pakabukas-4-wheels-move-the-body.png","type":"image\/png"}],"twitter_card":"summary_large_image","twitter_misc":{"Gesch\u00e4tzte Lesezeit":"2\u00a0Minuten"},"schema":{"@context":"https:\/\/schema.org","@graph":[{"@type":["WebPage","ItemPage"],"@id":"https:\/\/kabinam.lt\/eng\/product\/motorcycle-key-accessory-4-wheels-move-the-body\/","url":"https:\/\/kabinam.lt\/eng\/product\/motorcycle-key-accessory-4-wheels-move-the-body\/","name":"Motorrad-Schl\u00fcsselzubeh\u00f6r \u201e4 R\u00e4der bewegen den K\u00f6rper\u201c","isPartOf":{"@id":"https:\/\/kabinam.lt\/#website"},"primaryImageOfPage":{"@id":"https:\/\/kabinam.lt\/eng\/product\/motorcycle-key-accessory-4-wheels-move-the-body\/#primaryimage"},"image":{"@id":"https:\/\/kabinam.lt\/eng\/product\/motorcycle-key-accessory-4-wheels-move-the-body\/#primaryimage"},"thumbnailUrl":"https:\/\/kabinam.lt\/wp-content\/uploads\/2025\/04\/motociklo-raktu-pakabukas-4-wheels-move-the-body.png","datePublished":"2025-04-09T08:45:58+00:00","dateModified":"2026-01-18T13:23:23+00:00","description":"Stylisches Motorrad-Schl\u00fcssel-Accessoire \u201e4 R\u00e4der bewegen den K\u00f6rper, 2 R\u00e4der bewegen die Seele\u201c. Das perfekte Geschenk und Stil-Akzent f\u00fcr Enthusiasten.","breadcrumb":{"@id":"https:\/\/kabinam.lt\/eng\/product\/motorcycle-key-accessory-4-wheels-move-the-body\/#breadcrumb"},"inLanguage":"de","potentialAction":[{"@type":"ReadAction","target":["https:\/\/kabinam.lt\/eng\/product\/motorcycle-key-accessory-4-wheels-move-the-body\/"]}]},{"@type":"ImageObject","inLanguage":"de","@id":"https:\/\/kabinam.lt\/eng\/product\/motorcycle-key-accessory-4-wheels-move-the-body\/#primaryimage","url":"https:\/\/kabinam.lt\/wp-content\/uploads\/2025\/04\/motociklo-raktu-pakabukas-4-wheels-move-the-body.png","contentUrl":"https:\/\/kabinam.lt\/wp-content\/uploads\/2025\/04\/motociklo-raktu-pakabukas-4-wheels-move-the-body.png","width":800,"height":800,"caption":"Motocikl\u0173 rakt\u0173 aksesuaras su u\u017era\u0161u \u201e4 wheels move the body, 2 wheels move the soul\u201c"},{"@type":"BreadcrumbList","@id":"https:\/\/kabinam.lt\/eng\/product\/motorcycle-key-accessory-4-wheels-move-the-body\/#breadcrumb","itemListElement":[{"@type":"ListItem","position":1,"name":"Home","item":"https:\/\/kabinam.lt\/"},{"@type":"ListItem","position":2,"name":"Visi Produktai","item":"https:\/\/kabinam.lt\/visi-produktai\/"},{"@type":"ListItem","position":3,"name":"Motocikl\u0173 rakt\u0173 aksesuaras \u201e4 wheels move the body\u201c"}]},{"@type":"WebSite","@id":"https:\/\/kabinam.lt\/#website","url":"https:\/\/kabinam.lt\/","name":"kabinam.lt","description":"Kabinam.lt - Schl\u00fcsselanh\u00e4nger und Zubeh\u00f6r","publisher":{"@id":"https:\/\/kabinam.lt\/#organization"},"alternateName":"pakabukai lt","potentialAction":[{"@type":"SearchAction","target":{"@type":"EntryPoint","urlTemplate":"https:\/\/kabinam.lt\/?s={search_term_string}"},"query-input":{"@type":"PropertyValueSpecification","valueRequired":true,"valueName":"search_term_string"}}],"inLanguage":"de"},{"@type":"Organization","@id":"https:\/\/kabinam.lt\/#organization","name":"kabinam.lt","alternateName":"kabinam","url":"https:\/\/kabinam.lt\/","logo":{"@type":"ImageObject","inLanguage":"de","@id":"https:\/\/kabinam.lt\/#\/schema\/logo\/image\/","url":"https:\/\/kabinam.lt\/wp-content\/uploads\/2025\/05\/KABINAM_outer_glow.png","contentUrl":"https:\/\/kabinam.lt\/wp-content\/uploads\/2025\/05\/KABINAM_outer_glow.png","width":474,"height":141,"caption":"kabinam.lt"},"image":{"@id":"https:\/\/kabinam.lt\/#\/schema\/logo\/image\/"}}]}},"uagb_featured_image_src":{"full":["https:\/\/kabinam.lt\/wp-content\/uploads\/2025\/04\/motociklo-raktu-pakabukas-4-wheels-move-the-body.png",800,800,false],"thumbnail":["https:\/\/kabinam.lt\/wp-content\/uploads\/2025\/04\/motociklo-raktu-pakabukas-4-wheels-move-the-body-150x150.png",150,150,true],"medium":["https:\/\/kabinam.lt\/wp-content\/uploads\/2025\/04\/motociklo-raktu-pakabukas-4-wheels-move-the-body-300x300.png",300,300,true],"medium_large":["https:\/\/kabinam.lt\/wp-content\/uploads\/2025\/04\/motociklo-raktu-pakabukas-4-wheels-move-the-body-768x768.png",768,768,true],"large":["https:\/\/kabinam.lt\/wp-content\/uploads\/2025\/04\/motociklo-raktu-pakabukas-4-wheels-move-the-body.png",800,800,false],"1536x1536":["https:\/\/kabinam.lt\/wp-content\/uploads\/2025\/04\/motociklo-raktu-pakabukas-4-wheels-move-the-body.png",800,800,false],"2048x2048":["https:\/\/kabinam.lt\/wp-content\/uploads\/2025\/04\/motociklo-raktu-pakabukas-4-wheels-move-the-body.png",800,800,false],"trp-custom-language-flag":["https:\/\/kabinam.lt\/wp-content\/uploads\/2025\/04\/motociklo-raktu-pakabukas-4-wheels-move-the-body.png",12,12,false],"woocommerce_thumbnail":["https:\/\/kabinam.lt\/wp-content\/uploads\/2025\/04\/motociklo-raktu-pakabukas-4-wheels-move-the-body-300x300.png",300,300,true],"woocommerce_single":["https:\/\/kabinam.lt\/wp-content\/uploads\/2025\/04\/motociklo-raktu-pakabukas-4-wheels-move-the-body-600x600.png",600,600,true],"woocommerce_gallery_thumbnail":["https:\/\/kabinam.lt\/wp-content\/uploads\/2025\/04\/motociklo-raktu-pakabukas-4-wheels-move-the-body-100x100.png",100,100,true]},"uagb_author_info":{"display_name":"kabinam.lt","author_link":"https:\/\/kabinam.lt\/de\/author\/"},"uagb_comment_info":0,"uagb_excerpt":"Originalus motocikl\u0173 rakt\u0173 aksesuaras su u\u017era\u0161u \u201e4 wheels move the body, 2 wheels move the soul\u201c. Puikus pasirinkimas tiems, kurie m\u0117gsta i\u0161skirtinum\u0105.","_links":{"self":[{"href":"https:\/\/kabinam.lt\/de\/wp-json\/wp\/v2\/product\/3385","targetHints":{"allow":["GET"]}}],"collection":[{"href":"https:\/\/kabinam.lt\/de\/wp-json\/wp\/v2\/product"}],"about":[{"href":"https:\/\/kabinam.lt\/de\/wp-json\/wp\/v2\/types\/product"}],"replies":[{"embeddable":true,"href":"https:\/\/kabinam.lt\/de\/wp-json\/wp\/v2\/comments?post=3385"}],"wp:featuredmedia":[{"embeddable":true,"href":"https:\/\/kabinam.lt\/de\/wp-json\/wp\/v2\/media\/3386"}],"wp:attachment":[{"href":"https:\/\/kabinam.lt\/de\/wp-json\/wp\/v2\/media?parent=3385"}],"wp:term":[{"taxonomy":"product_brand","embeddable":true,"href":"https:\/\/kabinam.lt\/de\/wp-json\/wp\/v2\/product_brand?post=3385"},{"taxonomy":"product_cat","embeddable":true,"href":"https:\/\/kabinam.lt\/de\/wp-json\/wp\/v2\/product_cat?post=3385"},{"taxonomy":"product_tag","embeddable":true,"href":"https:\/\/kabinam.lt\/de\/wp-json\/wp\/v2\/product_tag?post=3385"}],"curies":[{"name":"wp","href":"https:\/\/api.w.org\/{rel}","templated":true}]}}