{"id":3096,"date":"2024-10-06T10:32:45","date_gmt":"2024-10-06T07:32:45","guid":{"rendered":"https:\/\/kabinam.lt\/?post_type=product&#038;p=3096"},"modified":"2026-03-25T12:46:37","modified_gmt":"2026-03-25T10:46:37","slug":"minimalistische-schlusselanhanger-sonnenschliff","status":"publish","type":"product","link":"https:\/\/kabinam.lt\/de\/product\/minimalistiniai-raktu-pakabukai-saukstelis\/","title":{"rendered":"Minimalistische Schl\u00fcsselanh\u00e4nger - der Party-L\u00f6ffel"},"content":{"rendered":"<div class=\"kk-star-ratings kksr-auto kksr-align-left kksr-valign-top\"\n    data-payload='{&quot;align&quot;:&quot;left&quot;,&quot;id&quot;:&quot;3096&quot;,&quot;slug&quot;:&quot;default&quot;,&quot;valign&quot;:&quot;top&quot;,&quot;ignore&quot;:&quot;&quot;,&quot;reference&quot;:&quot;auto&quot;,&quot;class&quot;:&quot;&quot;,&quot;count&quot;:&quot;0&quot;,&quot;legendonly&quot;:&quot;&quot;,&quot;readonly&quot;:&quot;&quot;,&quot;score&quot;:&quot;0&quot;,&quot;starsonly&quot;:&quot;&quot;,&quot;best&quot;:&quot;5&quot;,&quot;gap&quot;:&quot;5&quot;,&quot;greet&quot;:&quot;Mums svarbus j\u016bs\u0173 \u012fvertinimas&quot;,&quot;legend&quot;:&quot;0\\\/5 - (0 votes)&quot;,&quot;size&quot;:&quot;24&quot;,&quot;title&quot;:&quot;Minimalistiniai rakt\u0173 pakabukai \u2013 \u0161auk\u0161telis vakar\u0117liams&quot;,&quot;width&quot;:&quot;0&quot;,&quot;_legend&quot;:&quot;{score}\\\/{best} - ({count} {votes})&quot;,&quot;font_factor&quot;:&quot;1.25&quot;}'>\n            \n<div class=\"kksr-stars\">\n    \n<div class=\"kksr-stars-inactive\">\n            <div class=\"kksr-star\" data-star=\"1\" style=\"padding-right: 5px\">\n            \n\n<div class=\"kksr-icon\" style=\"width: 24px; height: 24px;\"><\/div>\n        <\/div>\n            <div class=\"kksr-star\" data-star=\"2\" style=\"padding-right: 5px\">\n            \n\n<div class=\"kksr-icon\" style=\"width: 24px; height: 24px;\"><\/div>\n        <\/div>\n            <div class=\"kksr-star\" data-star=\"3\" style=\"padding-right: 5px\">\n            \n\n<div class=\"kksr-icon\" style=\"width: 24px; height: 24px;\"><\/div>\n        <\/div>\n            <div class=\"kksr-star\" data-star=\"4\" style=\"padding-right: 5px\">\n            \n\n<div class=\"kksr-icon\" style=\"width: 24px; height: 24px;\"><\/div>\n        <\/div>\n            <div class=\"kksr-star\" data-star=\"5\" style=\"padding-right: 5px\">\n            \n\n<div class=\"kksr-icon\" style=\"width: 24px; height: 24px;\"><\/div>\n        <\/div>\n    <\/div>\n    \n<div class=\"kksr-stars-active\" style=\"width: 0px;\">\n            <div class=\"kksr-star\" style=\"padding-right: 5px\">\n            \n\n<div class=\"kksr-icon\" style=\"width: 24px; height: 24px;\"><\/div>\n        <\/div>\n            <div class=\"kksr-star\" style=\"padding-right: 5px\">\n            \n\n<div class=\"kksr-icon\" style=\"width: 24px; height: 24px;\"><\/div>\n        <\/div>\n            <div class=\"kksr-star\" style=\"padding-right: 5px\">\n            \n\n<div class=\"kksr-icon\" style=\"width: 24px; height: 24px;\"><\/div>\n        <\/div>\n            <div class=\"kksr-star\" style=\"padding-right: 5px\">\n            \n\n<div class=\"kksr-icon\" style=\"width: 24px; height: 24px;\"><\/div>\n        <\/div>\n            <div class=\"kksr-star\" style=\"padding-right: 5px\">\n            \n\n<div class=\"kksr-icon\" style=\"width: 24px; height: 24px;\"><\/div>\n        <\/div>\n    <\/div>\n<\/div>\n                \n\n<div class=\"kksr-legend\" style=\"font-size: 19.2px;\">\n            <span class=\"kksr-muted\">Ihre Bewertung ist f\u00fcr uns wichtig<\/span>\n    <\/div>\n    <\/div>\n<h3 class=\"\" data-start=\"295\" data-end=\"377\"><strong data-start=\"299\" data-end=\"377\">Minimalistische Schl\u00fcsselanh\u00e4nger - ein Accessoire in Form eines L\u00f6ffels mit einer Krone<\/strong><\/h3>\n<p class=\"\" data-start=\"379\" data-end=\"653\">Sie suchen nach etwas Dezentem und doch Exklusivem? <strong data-start=\"423\" data-end=\"458\">Minimalistische Schl\u00fcsselanh\u00e4nger<\/strong> erfreuen sich zunehmender Beliebtheit bei all jenen, die \u00c4sthetik, Stil und Funktionalit\u00e4t in einem sch\u00e4tzen. Dieser dekorative l\u00f6ffelf\u00f6rmige Anh\u00e4nger mit einer zarten Krone ist das perfekte Geschenk oder Accessoire f\u00fcr Sie selbst.<\/p>\n<hr class=\"\" data-start=\"655\" data-end=\"658\" \/>\n<h4 class=\"\" data-start=\"660\" data-end=\"721\"><strong data-start=\"665\" data-end=\"721\">Unverwechselbare Form - ein subtiler Akzent f\u00fcr jeden Tag<\/strong><\/h4>\n<p class=\"\" data-start=\"723\" data-end=\"989\">Die Form des Anh\u00e4ngers \u00e4hnelt einem dekorativen Teel\u00f6ffel. Es ist nicht nur originell, sondern auch ein sehr charmantes Design, das sich von den \u00fcblichen Schl\u00fcsselanh\u00e4ngern abhebt. Die elegante Krone auf dem Stiel des Teel\u00f6ffels verleiht diesem Accessoire einen Hauch von k\u00f6niglichem Luxus.<\/p>\n<p class=\"\" data-start=\"991\" data-end=\"1102\">Diese Art von Anh\u00e4ngern ist ideal f\u00fcr diejenigen, die ihre Individualit\u00e4t und ihren Stil ohne \u00fcberfl\u00fcssige Details zum Ausdruck bringen wollen.<\/p>\n<hr class=\"\" data-start=\"1104\" data-end=\"1107\" \/>\n<h4 class=\"\" data-start=\"1109\" data-end=\"1142\"><strong data-start=\"1114\" data-end=\"1142\">Qualit\u00e4t, die ins Auge sticht<\/strong><\/h4>\n<p class=\"\" data-start=\"1144\" data-end=\"1402\">Der Anh\u00e4nger ist aus gl\u00e4nzendem, robustem Metall gefertigt, das gegen Umwelteinfl\u00fcsse resistent ist. Dank seiner geringen Gr\u00f6\u00dfe l\u00e4sst er sich leicht an Schl\u00fcsseln, Rucks\u00e4cken oder sogar am Rei\u00dfverschluss einer Kosmetiktasche befestigen. Er ist nicht nur stilvoll, sondern auch eine funktionelle L\u00f6sung f\u00fcr jeden Tag.<\/p>\n<hr class=\"\" data-start=\"1404\" data-end=\"1407\" \/>\n<h4 class=\"\" data-start=\"1409\" data-end=\"1444\"><strong data-start=\"1414\" data-end=\"1444\">Das perfekte Accessoire f\u00fcr ein Geschenk<\/strong><\/h4>\n<p class=\"\" data-start=\"1446\" data-end=\"1681\">Du suchst ein s\u00fc\u00dfes, aber nicht banales Geschenk? Dieser minimalistische l\u00f6ffelf\u00f6rmige Schl\u00fcsselanh\u00e4nger mit Krone ist perfekt f\u00fcr eine Freundin, Schwester, Mutter oder Kollegin. Ein Geschenk, das Aufmerksamkeit und \u00e4sthetischen Geschmack beweist und gleichzeitig praktisch ist.<\/p>\n<hr class=\"\" data-start=\"1683\" data-end=\"1686\" \/>\n<h4 class=\"\" data-start=\"1688\" data-end=\"1721\"><strong data-start=\"1693\" data-end=\"1721\">Stil trifft Funktion<\/strong><\/h4>\n<p class=\"\" data-start=\"1723\" data-end=\"1923\"><strong data-start=\"1723\" data-end=\"1758\">Minimalistische Schl\u00fcsselanh\u00e4nger<\/strong> perfekt nicht nur f\u00fcr Schl\u00fcssel, sondern auch als Accessoire an Handtaschen, Geldb\u00f6rsen oder Rucks\u00e4cken. Es ist die perfekte Erg\u00e4nzung zu Ihrem t\u00e4glichen Stil - sowohl elegant als auch l\u00e4ssig.<\/p>\n<hr class=\"\" data-start=\"1925\" data-end=\"1928\" \/>\n<h4 class=\"\" data-start=\"1930\" data-end=\"1972\"><strong data-start=\"1935\" data-end=\"1972\">Entdecken Sie mehr subtile L\u00f6sungen<\/strong><\/h4>\n<p class=\"\" data-start=\"1974\" data-end=\"2255\">Wenn Sie auf der Suche nach \u00e4hnlichen oder exklusiven Designs sind, werfen Sie einen Blick auf unsere <a class=\"\" href=\"https:\/\/kabinam.lt\/de\/produktkategorie-2\/unikaliu-pakabuku-kategorija\/\" target=\"_new\" rel=\"noopener\" data-start=\"2043\" data-end=\"2131\">einzigartige Anh\u00e4nger<\/a> \u00fcber <a class=\"cursor-pointer\" target=\"_new\" rel=\"noopener\" data-start=\"2135\" data-end=\"2212\">eine Sammlung von Metall-Accessoires<\/a>. Jedes Accessoire hat seine eigene Geschichte.<\/p>\n<hr class=\"\" data-start=\"2257\" data-end=\"2260\" \/>\n<h4 class=\"\" data-start=\"2262\" data-end=\"2311\"><strong data-start=\"2267\" data-end=\"2311\">Externer Link zur Produktdemonstration<\/strong><\/h4>\n<p class=\"\" data-start=\"2313\" data-end=\"2526\">M\u00f6chten Sie diesen Anh\u00e4nger pers\u00f6nlich sehen? Sehen Sie sich ein kurzes Pr\u00e4sentationsvideo an <a class=\"\" href=\"https:\/\/www.amazon.com\/live\/video\/0c6b5177557a4263971796a5139adb6c?ref_=vse_cards_2\" target=\"_new\" rel=\"noopener\" data-start=\"2382\" data-end=\"2488\">hier auf Amazon Live<\/a> - sehen Sie selbst, wie einzigartig sie ist.<\/p>\n<h3 class=\"\" data-start=\"2533\" data-end=\"2552\"><\/h3>","protected":false},"excerpt":{"rendered":"<p><strong>Schl\u00fcsselanh\u00e4nger im Vintage-Stil<\/strong> - Schl\u00fcsselanh\u00e4nger aus Metall in Form eines L\u00f6ffels mit Krone - ein stilvolles Accessoire f\u00fcr jeden Tag.<\/p>","protected":false},"featured_media":3106,"comment_status":"closed","ping_status":"closed","template":"","meta":{"_uag_custom_page_level_css":"","site-sidebar-layout":"default","site-content-layout":"","ast-site-content-layout":"default","site-content-style":"default","site-sidebar-style":"default","ast-global-header-display":"","ast-banner-title-visibility":"","ast-main-header-display":"","ast-hfb-above-header-display":"","ast-hfb-below-header-display":"","ast-hfb-mobile-header-display":"","site-post-title":"","ast-breadcrumbs-content":"","ast-featured-img":"","footer-sml-layout":"","ast-disable-related-posts":"","theme-transparent-header-meta":"default","adv-header-id-meta":"","stick-header-meta":"","header-above-stick-meta":"","header-main-stick-meta":"","header-below-stick-meta":"","astra-migrate-meta-layouts":"set","ast-page-background-enabled":"default","ast-page-background-meta":{"desktop":{"background-color":"var(--ast-global-color-4)","background-image":"","background-repeat":"repeat","background-position":"center center","background-size":"auto","background-attachment":"scroll","background-type":"","background-media":"","overlay-type":"","overlay-color":"","overlay-opacity":"","overlay-gradient":""},"tablet":{"background-color":"","background-image":"","background-repeat":"repeat","background-position":"center center","background-size":"auto","background-attachment":"scroll","background-type":"","background-media":"","overlay-type":"","overlay-color":"","overlay-opacity":"","overlay-gradient":""},"mobile":{"background-color":"","background-image":"","background-repeat":"repeat","background-position":"center center","background-size":"auto","background-attachment":"scroll","background-type":"","background-media":"","overlay-type":"","overlay-color":"","overlay-opacity":"","overlay-gradient":""}},"ast-content-background-meta":{"desktop":{"background-color":"var(--ast-global-color-5)","background-image":"","background-repeat":"repeat","background-position":"center center","background-size":"auto","background-attachment":"scroll","background-type":"","background-media":"","overlay-type":"","overlay-color":"","overlay-opacity":"","overlay-gradient":""},"tablet":{"background-color":"var(--ast-global-color-5)","background-image":"","background-repeat":"repeat","background-position":"center center","background-size":"auto","background-attachment":"scroll","background-type":"","background-media":"","overlay-type":"","overlay-color":"","overlay-opacity":"","overlay-gradient":""},"mobile":{"background-color":"var(--ast-global-color-5)","background-image":"","background-repeat":"repeat","background-position":"center center","background-size":"auto","background-attachment":"scroll","background-type":"","background-media":"","overlay-type":"","overlay-color":"","overlay-opacity":"","overlay-gradient":""}}},"product_brand":[],"product_cat":[125,126,116,95,92],"product_tag":[],"class_list":{"0":"post-3096","1":"product","2":"type-product","3":"status-publish","4":"has-post-thumbnail","6":"product_cat-halloween","7":"product_cat-visi","8":"product_cat-metaliniai-raktu-pakabukai","9":"product_cat-unikalus-raktu-pakabukai","10":"product_cat-populiariausiu-produktu-kategorija","11":"desktop-align-center","12":"tablet-align-left","13":"mobile-align-left","15":"first","16":"instock","17":"shipping-taxable","18":"purchasable","19":"product-type-variable"},"yoast_head":"<!-- This site is optimized with the Yoast SEO plugin v27.1.1 - https:\/\/yoast.com\/product\/yoast-seo-wordpress\/ -->\n<title>Minimalistiniai rakt\u0173 pakabukai \u2013 \u0161auk\u0161telis vakar\u0117liams - kabinam.lt<\/title>\n<meta name=\"description\" content=\"Dekoratyviniai minimalistiniai rakt\u0173 pakabukai \u2013 \u0161auk\u0161telio su kar\u016bn\u0117le formos aksesuaras ie\u0161kantiems elegancijos ir originalumo.\" \/>\n<meta name=\"robots\" content=\"index, follow, max-snippet:-1, max-image-preview:large, max-video-preview:-1\" \/>\n<link rel=\"canonical\" href=\"https:\/\/kabinam.lt\/de\/produkt\/minimalistische-schlusselanhanger-sonnenschliff\/\" \/>\n<meta property=\"og:locale\" content=\"de_DE\" \/>\n<meta property=\"og:type\" content=\"article\" \/>\n<meta property=\"og:title\" content=\"Minimalistiniai rakt\u0173 pakabukai \u2013 \u0161auk\u0161telis vakar\u0117liams - kabinam.lt\" \/>\n<meta property=\"og:description\" content=\"Dekoratyviniai minimalistiniai rakt\u0173 pakabukai \u2013 \u0161auk\u0161telio su kar\u016bn\u0117le formos aksesuaras ie\u0161kantiems elegancijos ir originalumo.\" \/>\n<meta property=\"og:url\" content=\"https:\/\/kabinam.lt\/de\/produkt\/minimalistische-schlusselanhanger-sonnenschliff\/\" \/>\n<meta property=\"og:site_name\" content=\"kabinam.lt\" \/>\n<meta property=\"article:modified_time\" content=\"2026-03-25T10:46:37+00:00\" \/>\n<meta property=\"og:image\" content=\"https:\/\/kabinam.lt\/wp-content\/uploads\/2024\/10\/1721352549836-495fa32d2649490e8c9474f65379c759-goods.jpeg\" \/>\n\t<meta property=\"og:image:width\" content=\"800\" \/>\n\t<meta property=\"og:image:height\" content=\"800\" \/>\n\t<meta property=\"og:image:type\" content=\"image\/jpeg\" \/>\n<meta name=\"twitter:card\" content=\"summary_large_image\" \/>\n<meta name=\"twitter:label1\" content=\"Gesch\u00e4tzte Lesezeit\" \/>\n\t<meta name=\"twitter:data1\" content=\"2\u00a0Minuten\" \/>\n<script type=\"application\/ld+json\" class=\"yoast-schema-graph\">{\"@context\":\"https:\/\/schema.org\",\"@graph\":[{\"@type\":[\"WebPage\",\"ItemPage\"],\"@id\":\"https:\/\/kabinam.lt\/eng\/product\/minimalist-keyrings-sunburst\/\",\"url\":\"https:\/\/kabinam.lt\/eng\/product\/minimalist-keyrings-sunburst\/\",\"name\":\"Minimalistiniai rakt\u0173 pakabukai \u2013 \u0161auk\u0161telis vakar\u0117liams - kabinam.lt\",\"isPartOf\":{\"@id\":\"https:\/\/kabinam.lt\/#website\"},\"primaryImageOfPage\":{\"@id\":\"https:\/\/kabinam.lt\/eng\/product\/minimalist-keyrings-sunburst\/#primaryimage\"},\"image\":{\"@id\":\"https:\/\/kabinam.lt\/eng\/product\/minimalist-keyrings-sunburst\/#primaryimage\"},\"thumbnailUrl\":\"https:\/\/kabinam.lt\/wp-content\/uploads\/2024\/10\/1721352549836-495fa32d2649490e8c9474f65379c759-goods.jpeg\",\"datePublished\":\"2024-10-06T07:32:45+00:00\",\"dateModified\":\"2026-03-25T10:46:37+00:00\",\"description\":\"Dekoratyviniai minimalistiniai rakt\u0173 pakabukai \u2013 \u0161auk\u0161telio su kar\u016bn\u0117le formos aksesuaras ie\u0161kantiems elegancijos ir originalumo.\",\"breadcrumb\":{\"@id\":\"https:\/\/kabinam.lt\/eng\/product\/minimalist-keyrings-sunburst\/#breadcrumb\"},\"inLanguage\":\"de\",\"potentialAction\":[{\"@type\":\"ReadAction\",\"target\":[\"https:\/\/kabinam.lt\/eng\/product\/minimalist-keyrings-sunburst\/\"]}]},{\"@type\":\"ImageObject\",\"inLanguage\":\"de\",\"@id\":\"https:\/\/kabinam.lt\/eng\/product\/minimalist-keyrings-sunburst\/#primaryimage\",\"url\":\"https:\/\/kabinam.lt\/wp-content\/uploads\/2024\/10\/1721352549836-495fa32d2649490e8c9474f65379c759-goods.jpeg\",\"contentUrl\":\"https:\/\/kabinam.lt\/wp-content\/uploads\/2024\/10\/1721352549836-495fa32d2649490e8c9474f65379c759-goods.jpeg\",\"width\":800,\"height\":800,\"caption\":\"\u0160auk\u0161telio su kar\u016bn\u0117le formos metalinis pakabukas\"},{\"@type\":\"BreadcrumbList\",\"@id\":\"https:\/\/kabinam.lt\/eng\/product\/minimalist-keyrings-sunburst\/#breadcrumb\",\"itemListElement\":[{\"@type\":\"ListItem\",\"position\":1,\"name\":\"Home\",\"item\":\"https:\/\/kabinam.lt\/\"},{\"@type\":\"ListItem\",\"position\":2,\"name\":\"Visi Produktai\",\"item\":\"https:\/\/kabinam.lt\/visi-produktai\/\"},{\"@type\":\"ListItem\",\"position\":3,\"name\":\"Minimalistiniai rakt\u0173 pakabukai \u2013 \u0161auk\u0161telis vakar\u0117liams\"}]},{\"@type\":\"WebSite\",\"@id\":\"https:\/\/kabinam.lt\/#website\",\"url\":\"https:\/\/kabinam.lt\/\",\"name\":\"kabinam.lt\",\"description\":\"Kabinam.lt \u2013 raktu pakabukai ir aksesuarai\",\"publisher\":{\"@id\":\"https:\/\/kabinam.lt\/#organization\"},\"alternateName\":\"pakabukai lt\",\"potentialAction\":[{\"@type\":\"SearchAction\",\"target\":{\"@type\":\"EntryPoint\",\"urlTemplate\":\"https:\/\/kabinam.lt\/?s={search_term_string}\"},\"query-input\":{\"@type\":\"PropertyValueSpecification\",\"valueRequired\":true,\"valueName\":\"search_term_string\"}}],\"inLanguage\":\"de\"},{\"@type\":\"Organization\",\"@id\":\"https:\/\/kabinam.lt\/#organization\",\"name\":\"kabinam.lt\",\"alternateName\":\"kabinam\",\"url\":\"https:\/\/kabinam.lt\/\",\"logo\":{\"@type\":\"ImageObject\",\"inLanguage\":\"de\",\"@id\":\"https:\/\/kabinam.lt\/#\/schema\/logo\/image\/\",\"url\":\"https:\/\/kabinam.lt\/wp-content\/uploads\/2025\/05\/KABINAM_outer_glow.png\",\"contentUrl\":\"https:\/\/kabinam.lt\/wp-content\/uploads\/2025\/05\/KABINAM_outer_glow.png\",\"width\":474,\"height\":141,\"caption\":\"kabinam.lt\"},\"image\":{\"@id\":\"https:\/\/kabinam.lt\/#\/schema\/logo\/image\/\"}}]}<\/script>\n<!-- \/ Yoast SEO plugin. -->","yoast_head_json":{"title":"Minimalistische Schl\u00fcsselanh\u00e4nger - L\u00f6ffel f\u00fcr Partys - kabinam.lt","description":"Dekorative minimalistische Schl\u00fcsselanh\u00e4nger in Form eines L\u00f6ffels mit Krone f\u00fcr alle, die auf der Suche nach Eleganz und Originalit\u00e4t sind.","robots":{"index":"index","follow":"follow","max-snippet":"max-snippet:-1","max-image-preview":"max-image-preview:large","max-video-preview":"max-video-preview:-1"},"canonical":"https:\/\/kabinam.lt\/de\/produkt\/minimalistische-schlusselanhanger-sonnenschliff\/","og_locale":"de_DE","og_type":"article","og_title":"Minimalistiniai rakt\u0173 pakabukai \u2013 \u0161auk\u0161telis vakar\u0117liams - kabinam.lt","og_description":"Dekoratyviniai minimalistiniai rakt\u0173 pakabukai \u2013 \u0161auk\u0161telio su kar\u016bn\u0117le formos aksesuaras ie\u0161kantiems elegancijos ir originalumo.","og_url":"https:\/\/kabinam.lt\/de\/produkt\/minimalistische-schlusselanhanger-sonnenschliff\/","og_site_name":"kabinam.lt","article_modified_time":"2026-03-25T10:46:37+00:00","og_image":[{"width":800,"height":800,"url":"https:\/\/kabinam.lt\/wp-content\/uploads\/2024\/10\/1721352549836-495fa32d2649490e8c9474f65379c759-goods.jpeg","type":"image\/jpeg"}],"twitter_card":"summary_large_image","twitter_misc":{"Gesch\u00e4tzte Lesezeit":"2\u00a0Minuten"},"schema":{"@context":"https:\/\/schema.org","@graph":[{"@type":["WebPage","ItemPage"],"@id":"https:\/\/kabinam.lt\/eng\/product\/minimalist-keyrings-sunburst\/","url":"https:\/\/kabinam.lt\/eng\/product\/minimalist-keyrings-sunburst\/","name":"Minimalistische Schl\u00fcsselanh\u00e4nger - L\u00f6ffel f\u00fcr Partys - kabinam.lt","isPartOf":{"@id":"https:\/\/kabinam.lt\/#website"},"primaryImageOfPage":{"@id":"https:\/\/kabinam.lt\/eng\/product\/minimalist-keyrings-sunburst\/#primaryimage"},"image":{"@id":"https:\/\/kabinam.lt\/eng\/product\/minimalist-keyrings-sunburst\/#primaryimage"},"thumbnailUrl":"https:\/\/kabinam.lt\/wp-content\/uploads\/2024\/10\/1721352549836-495fa32d2649490e8c9474f65379c759-goods.jpeg","datePublished":"2024-10-06T07:32:45+00:00","dateModified":"2026-03-25T10:46:37+00:00","description":"Dekorative minimalistische Schl\u00fcsselanh\u00e4nger in Form eines L\u00f6ffels mit Krone f\u00fcr alle, die auf der Suche nach Eleganz und Originalit\u00e4t sind.","breadcrumb":{"@id":"https:\/\/kabinam.lt\/eng\/product\/minimalist-keyrings-sunburst\/#breadcrumb"},"inLanguage":"de","potentialAction":[{"@type":"ReadAction","target":["https:\/\/kabinam.lt\/eng\/product\/minimalist-keyrings-sunburst\/"]}]},{"@type":"ImageObject","inLanguage":"de","@id":"https:\/\/kabinam.lt\/eng\/product\/minimalist-keyrings-sunburst\/#primaryimage","url":"https:\/\/kabinam.lt\/wp-content\/uploads\/2024\/10\/1721352549836-495fa32d2649490e8c9474f65379c759-goods.jpeg","contentUrl":"https:\/\/kabinam.lt\/wp-content\/uploads\/2024\/10\/1721352549836-495fa32d2649490e8c9474f65379c759-goods.jpeg","width":800,"height":800,"caption":"\u0160auk\u0161telio su kar\u016bn\u0117le formos metalinis pakabukas"},{"@type":"BreadcrumbList","@id":"https:\/\/kabinam.lt\/eng\/product\/minimalist-keyrings-sunburst\/#breadcrumb","itemListElement":[{"@type":"ListItem","position":1,"name":"Home","item":"https:\/\/kabinam.lt\/"},{"@type":"ListItem","position":2,"name":"Visi Produktai","item":"https:\/\/kabinam.lt\/visi-produktai\/"},{"@type":"ListItem","position":3,"name":"Minimalistiniai rakt\u0173 pakabukai \u2013 \u0161auk\u0161telis vakar\u0117liams"}]},{"@type":"WebSite","@id":"https:\/\/kabinam.lt\/#website","url":"https:\/\/kabinam.lt\/","name":"kabinam.lt","description":"Kabinam.lt - Schl\u00fcsselanh\u00e4nger und Zubeh\u00f6r","publisher":{"@id":"https:\/\/kabinam.lt\/#organization"},"alternateName":"pakabukai lt","potentialAction":[{"@type":"SearchAction","target":{"@type":"EntryPoint","urlTemplate":"https:\/\/kabinam.lt\/?s={search_term_string}"},"query-input":{"@type":"PropertyValueSpecification","valueRequired":true,"valueName":"search_term_string"}}],"inLanguage":"de"},{"@type":"Organization","@id":"https:\/\/kabinam.lt\/#organization","name":"kabinam.lt","alternateName":"kabinam","url":"https:\/\/kabinam.lt\/","logo":{"@type":"ImageObject","inLanguage":"de","@id":"https:\/\/kabinam.lt\/#\/schema\/logo\/image\/","url":"https:\/\/kabinam.lt\/wp-content\/uploads\/2025\/05\/KABINAM_outer_glow.png","contentUrl":"https:\/\/kabinam.lt\/wp-content\/uploads\/2025\/05\/KABINAM_outer_glow.png","width":474,"height":141,"caption":"kabinam.lt"},"image":{"@id":"https:\/\/kabinam.lt\/#\/schema\/logo\/image\/"}}]}},"uagb_featured_image_src":{"full":["https:\/\/kabinam.lt\/wp-content\/uploads\/2024\/10\/1721352549836-495fa32d2649490e8c9474f65379c759-goods.jpeg",800,800,false],"thumbnail":["https:\/\/kabinam.lt\/wp-content\/uploads\/2024\/10\/1721352549836-495fa32d2649490e8c9474f65379c759-goods-150x150.jpeg",150,150,true],"medium":["https:\/\/kabinam.lt\/wp-content\/uploads\/2024\/10\/1721352549836-495fa32d2649490e8c9474f65379c759-goods-300x300.jpeg",300,300,true],"medium_large":["https:\/\/kabinam.lt\/wp-content\/uploads\/2024\/10\/1721352549836-495fa32d2649490e8c9474f65379c759-goods-768x768.jpeg",768,768,true],"large":["https:\/\/kabinam.lt\/wp-content\/uploads\/2024\/10\/1721352549836-495fa32d2649490e8c9474f65379c759-goods.jpeg",800,800,false],"1536x1536":["https:\/\/kabinam.lt\/wp-content\/uploads\/2024\/10\/1721352549836-495fa32d2649490e8c9474f65379c759-goods.jpeg",800,800,false],"2048x2048":["https:\/\/kabinam.lt\/wp-content\/uploads\/2024\/10\/1721352549836-495fa32d2649490e8c9474f65379c759-goods.jpeg",800,800,false],"trp-custom-language-flag":["https:\/\/kabinam.lt\/wp-content\/uploads\/2024\/10\/1721352549836-495fa32d2649490e8c9474f65379c759-goods.jpeg",12,12,false],"woocommerce_thumbnail":["https:\/\/kabinam.lt\/wp-content\/uploads\/2024\/10\/1721352549836-495fa32d2649490e8c9474f65379c759-goods-300x300.jpeg",300,300,true],"woocommerce_single":["https:\/\/kabinam.lt\/wp-content\/uploads\/2024\/10\/1721352549836-495fa32d2649490e8c9474f65379c759-goods-600x600.jpeg",600,600,true],"woocommerce_gallery_thumbnail":["https:\/\/kabinam.lt\/wp-content\/uploads\/2024\/10\/1721352549836-495fa32d2649490e8c9474f65379c759-goods-100x100.jpeg",100,100,true]},"uagb_author_info":{"display_name":"kabinam.lt","author_link":"https:\/\/kabinam.lt\/de\/author\/"},"uagb_comment_info":0,"uagb_excerpt":"Vintage stiliaus rakt\u0173 pakabukai - Metalinis \u0161auk\u0161telio formos rakt\u0173 pakabukas su kar\u016bn\u0117le \u2013 stilingas aksesuaras kasdienai.","_links":{"self":[{"href":"https:\/\/kabinam.lt\/de\/wp-json\/wp\/v2\/product\/3096","targetHints":{"allow":["GET"]}}],"collection":[{"href":"https:\/\/kabinam.lt\/de\/wp-json\/wp\/v2\/product"}],"about":[{"href":"https:\/\/kabinam.lt\/de\/wp-json\/wp\/v2\/types\/product"}],"replies":[{"embeddable":true,"href":"https:\/\/kabinam.lt\/de\/wp-json\/wp\/v2\/comments?post=3096"}],"wp:featuredmedia":[{"embeddable":true,"href":"https:\/\/kabinam.lt\/de\/wp-json\/wp\/v2\/media\/3106"}],"wp:attachment":[{"href":"https:\/\/kabinam.lt\/de\/wp-json\/wp\/v2\/media?parent=3096"}],"wp:term":[{"taxonomy":"product_brand","embeddable":true,"href":"https:\/\/kabinam.lt\/de\/wp-json\/wp\/v2\/product_brand?post=3096"},{"taxonomy":"product_cat","embeddable":true,"href":"https:\/\/kabinam.lt\/de\/wp-json\/wp\/v2\/product_cat?post=3096"},{"taxonomy":"product_tag","embeddable":true,"href":"https:\/\/kabinam.lt\/de\/wp-json\/wp\/v2\/product_tag?post=3096"}],"curies":[{"name":"wp","href":"https:\/\/api.w.org\/{rel}","templated":true}]}}