{"id":3089,"date":"2024-10-06T10:21:27","date_gmt":"2024-10-06T07:21:27","guid":{"rendered":"https:\/\/kabinam.lt\/?post_type=product&#038;p=3089"},"modified":"2026-01-18T15:25:53","modified_gmt":"2026-01-18T13:25:53","slug":"reise-schlusselanhanger-reise-schildkrote","status":"publish","type":"product","link":"https:\/\/kabinam.lt\/de\/product\/kelioniniai-raktu-pakabukai-vezliukas-travel-turtle\/","title":{"rendered":"Travel Turtle Schl\u00fcsselanh\u00e4nger Travel Turtle\u201e"},"content":{"rendered":"<div class=\"kk-star-ratings kksr-auto kksr-align-left kksr-valign-top\"\n    data-payload='{&quot;align&quot;:&quot;left&quot;,&quot;id&quot;:&quot;3089&quot;,&quot;slug&quot;:&quot;default&quot;,&quot;valign&quot;:&quot;top&quot;,&quot;ignore&quot;:&quot;&quot;,&quot;reference&quot;:&quot;auto&quot;,&quot;class&quot;:&quot;&quot;,&quot;count&quot;:&quot;0&quot;,&quot;legendonly&quot;:&quot;&quot;,&quot;readonly&quot;:&quot;&quot;,&quot;score&quot;:&quot;0&quot;,&quot;starsonly&quot;:&quot;&quot;,&quot;best&quot;:&quot;5&quot;,&quot;gap&quot;:&quot;5&quot;,&quot;greet&quot;:&quot;Mums svarbus j\u016bs\u0173 \u012fvertinimas&quot;,&quot;legend&quot;:&quot;0\\\/5 - (0 votes)&quot;,&quot;size&quot;:&quot;24&quot;,&quot;title&quot;:&quot;Kelioniniai rakt\u0173 pakabukai \u2013 v\u0117\u017eliukas \u201eTravel Turtle\u201c&quot;,&quot;width&quot;:&quot;0&quot;,&quot;_legend&quot;:&quot;{score}\\\/{best} - ({count} {votes})&quot;,&quot;font_factor&quot;:&quot;1.25&quot;}'>\n            \n<div class=\"kksr-stars\">\n    \n<div class=\"kksr-stars-inactive\">\n            <div class=\"kksr-star\" data-star=\"1\" style=\"padding-right: 5px\">\n            \n\n<div class=\"kksr-icon\" style=\"width: 24px; height: 24px;\"><\/div>\n        <\/div>\n            <div class=\"kksr-star\" data-star=\"2\" style=\"padding-right: 5px\">\n            \n\n<div class=\"kksr-icon\" style=\"width: 24px; height: 24px;\"><\/div>\n        <\/div>\n            <div class=\"kksr-star\" data-star=\"3\" style=\"padding-right: 5px\">\n            \n\n<div class=\"kksr-icon\" style=\"width: 24px; height: 24px;\"><\/div>\n        <\/div>\n            <div class=\"kksr-star\" data-star=\"4\" style=\"padding-right: 5px\">\n            \n\n<div class=\"kksr-icon\" style=\"width: 24px; height: 24px;\"><\/div>\n        <\/div>\n            <div class=\"kksr-star\" data-star=\"5\" style=\"padding-right: 5px\">\n            \n\n<div class=\"kksr-icon\" style=\"width: 24px; height: 24px;\"><\/div>\n        <\/div>\n    <\/div>\n    \n<div class=\"kksr-stars-active\" style=\"width: 0px;\">\n            <div class=\"kksr-star\" style=\"padding-right: 5px\">\n            \n\n<div class=\"kksr-icon\" style=\"width: 24px; height: 24px;\"><\/div>\n        <\/div>\n            <div class=\"kksr-star\" style=\"padding-right: 5px\">\n            \n\n<div class=\"kksr-icon\" style=\"width: 24px; height: 24px;\"><\/div>\n        <\/div>\n            <div class=\"kksr-star\" style=\"padding-right: 5px\">\n            \n\n<div class=\"kksr-icon\" style=\"width: 24px; height: 24px;\"><\/div>\n        <\/div>\n            <div class=\"kksr-star\" style=\"padding-right: 5px\">\n            \n\n<div class=\"kksr-icon\" style=\"width: 24px; height: 24px;\"><\/div>\n        <\/div>\n            <div class=\"kksr-star\" style=\"padding-right: 5px\">\n            \n\n<div class=\"kksr-icon\" style=\"width: 24px; height: 24px;\"><\/div>\n        <\/div>\n    <\/div>\n<\/div>\n                \n\n<div class=\"kksr-legend\" style=\"font-size: 19.2px;\">\n            <span class=\"kksr-muted\">Ihre Bewertung ist f\u00fcr uns wichtig<\/span>\n    <\/div>\n    <\/div>\n<h2 data-start=\"172\" data-end=\"230\">Travel Turtle Schl\u00fcsselanh\u00e4nger Travel Turtle\u201e<\/h2>\n<p data-start=\"232\" data-end=\"580\">Sie suchen ein kleines, aber sinnvolles Geschenk f\u00fcr einen Reisenden? Reiseschl\u00fcsselanh\u00e4nger, wie diese niedliche Schildkr\u00f6te mit der Aufschrift \u201eTravel Turtle\u201c, sind eine gute Wahl. Er ist nicht nur symbolisch, sondern auch sehr praktisch - passend f\u00fcr Schl\u00fcssel, Rucksack oder Koffer. Dank seines geringen Gewichts und seiner kompakten Gr\u00f6\u00dfe wird dieser Anh\u00e4nger auf Reisen immer an Ihrer Seite sein.<\/p>\n<hr data-start=\"582\" data-end=\"585\" \/>\n<h3 data-start=\"587\" data-end=\"630\">Die Schildkr\u00f6te als Symbol des Reiseerfolgs<\/h3>\n<p data-start=\"632\" data-end=\"875\">Seit dem Altertum symbolisiert die Schildkr\u00f6te Weisheit, Schutz und eine erfolgreiche Reise. Dieser Anh\u00e4nger kann als Talisman verwendet werden - ein stiller Begleiter auf jeder Reise. Sein Design ist verspielt, aber auch \u00e4sthetisch und damit f\u00fcr Menschen jeden Alters geeignet.<\/p>\n<hr data-start=\"877\" data-end=\"880\" \/>\n<h3 data-start=\"882\" data-end=\"915\">Ein kleines Geschenk mit gro\u00dfer Bedeutung<\/h3>\n<p data-start=\"917\" data-end=\"1225\">\u201eDie Travel Turtle ist das ideale Geschenk f\u00fcr einen Freund, der auf eine Reise geht, einen Studenten, der zum Studium verreist, oder einen lieben Menschen, der das Abenteuer liebt. Eine kleine Schildkr\u00f6te wird Sie daran erinnern, dass jemand Ihnen eine sichere und unvergessliche Reise w\u00fcnscht. Es ist ein einfaches Geschenk, aber es hat eine gro\u00dfe Bedeutung.<\/p>\n<hr data-start=\"1227\" data-end=\"1230\" \/>\n<h3 data-start=\"1232\" data-end=\"1270\">Das originelle Accessoire f\u00fcr Reisende<\/h3>\n<p data-start=\"1272\" data-end=\"1524\">Reiseschl\u00fcsselanh\u00e4nger werden bei jungen Leuten und Reiselustigen immer beliebter. Sie sind nicht nur sch\u00f6n, sondern auch n\u00fctzlich - sie erleichtern das Trennen von Koffer, Rucksack oder Schl\u00fcssel. Diese Schildkr\u00f6te ist ein gutes Beispiel daf\u00fcr, wie ein Accessoire eine Botschaft vermitteln kann.<\/p>\n<hr data-start=\"1526\" data-end=\"1529\" \/>\n<h3 data-start=\"1531\" data-end=\"1566\">Wo finde ich weitere Geschenke dieser Art?<\/h3>\n<p data-start=\"1568\" data-end=\"1851\">Auschecken <a class=\"\" href=\"https:\/\/kabinam.lt\/de\/visi-produktai\/\" target=\"_new\" rel=\"noopener\" data-start=\"1581\" data-end=\"1639\">alle unsere Produkte<\/a>, f\u00fcr Reiseliebhaber. Wenn Sie auf der Suche nach noch mehr Ideen sind, empfehlen wir Ihnen den Besuch <a class=\"cursor-pointer\" target=\"_new\" rel=\"noopener\" data-start=\"1733\" data-end=\"1806\">auf dieser externen Website<\/a>, wo Sie inspirierende Geschenke f\u00fcr Reisende finden k\u00f6nnen.<\/p>","protected":false},"excerpt":{"rendered":"<p>Der kleine Schildkr\u00f6ten-Schl\u00fcsselanh\u00e4nger mit der Aufschrift \u201eTravel Turtle\u201c ist ein symbolisches Accessoire und ein tolles Geschenk f\u00fcr Reisende.<\/p>","protected":false},"featured_media":3095,"comment_status":"closed","ping_status":"closed","template":"","meta":{"_uag_custom_page_level_css":"","site-sidebar-layout":"default","site-content-layout":"","ast-site-content-layout":"default","site-content-style":"default","site-sidebar-style":"default","ast-global-header-display":"","ast-banner-title-visibility":"","ast-main-header-display":"","ast-hfb-above-header-display":"","ast-hfb-below-header-display":"","ast-hfb-mobile-header-display":"","site-post-title":"","ast-breadcrumbs-content":"","ast-featured-img":"","footer-sml-layout":"","ast-disable-related-posts":"","theme-transparent-header-meta":"default","adv-header-id-meta":"","stick-header-meta":"","header-above-stick-meta":"","header-main-stick-meta":"","header-below-stick-meta":"","astra-migrate-meta-layouts":"set","ast-page-background-enabled":"default","ast-page-background-meta":{"desktop":{"background-color":"var(--ast-global-color-4)","background-image":"","background-repeat":"repeat","background-position":"center center","background-size":"auto","background-attachment":"scroll","background-type":"","background-media":"","overlay-type":"","overlay-color":"","overlay-opacity":"","overlay-gradient":""},"tablet":{"background-color":"","background-image":"","background-repeat":"repeat","background-position":"center center","background-size":"auto","background-attachment":"scroll","background-type":"","background-media":"","overlay-type":"","overlay-color":"","overlay-opacity":"","overlay-gradient":""},"mobile":{"background-color":"","background-image":"","background-repeat":"repeat","background-position":"center center","background-size":"auto","background-attachment":"scroll","background-type":"","background-media":"","overlay-type":"","overlay-color":"","overlay-opacity":"","overlay-gradient":""}},"ast-content-background-meta":{"desktop":{"background-color":"var(--ast-global-color-5)","background-image":"","background-repeat":"repeat","background-position":"center center","background-size":"auto","background-attachment":"scroll","background-type":"","background-media":"","overlay-type":"","overlay-color":"","overlay-opacity":"","overlay-gradient":""},"tablet":{"background-color":"var(--ast-global-color-5)","background-image":"","background-repeat":"repeat","background-position":"center center","background-size":"auto","background-attachment":"scroll","background-type":"","background-media":"","overlay-type":"","overlay-color":"","overlay-opacity":"","overlay-gradient":""},"mobile":{"background-color":"var(--ast-global-color-5)","background-image":"","background-repeat":"repeat","background-position":"center center","background-size":"auto","background-attachment":"scroll","background-type":"","background-media":"","overlay-type":"","overlay-color":"","overlay-opacity":"","overlay-gradient":""}}},"product_brand":[],"product_cat":[125,126,95,118,92],"product_tag":[],"class_list":{"0":"post-3089","1":"product","2":"type-product","3":"status-publish","4":"has-post-thumbnail","6":"product_cat-halloween","7":"product_cat-visi","8":"product_cat-unikalus-raktu-pakabukai","9":"product_cat-dovana-teciui","10":"product_cat-populiariausiu-produktu-kategorija","11":"desktop-align-center","12":"tablet-align-left","13":"mobile-align-left","15":"first","16":"instock","17":"shipping-taxable","18":"purchasable","19":"product-type-variable"},"yoast_head":"<!-- This site is optimized with the Yoast SEO plugin v27.1.1 - https:\/\/yoast.com\/product\/yoast-seo-wordpress\/ -->\n<title>Kelioniniai rakt\u0173 pakabukai \u2013 v\u0117\u017eliukas \u201eTravel Turtle\u201c - kabinam.lt<\/title>\n<meta name=\"description\" content=\"\u201eTravel Turtle\u201c \u2013 simbolinis kelioninis rakt\u0173 pakabukas. Ma\u017ea, bet prasminga dovana kiekvienam keliautojui su palink\u0117jimu.\" \/>\n<meta name=\"robots\" content=\"index, follow, max-snippet:-1, max-image-preview:large, max-video-preview:-1\" \/>\n<link rel=\"canonical\" href=\"https:\/\/kabinam.lt\/de\/produkt\/reise-schlusselanhanger-reise-schildkrote\/\" \/>\n<meta property=\"og:locale\" content=\"de_DE\" \/>\n<meta property=\"og:type\" content=\"article\" \/>\n<meta property=\"og:title\" content=\"Kelioniniai rakt\u0173 pakabukai \u2013 v\u0117\u017eliukas \u201eTravel Turtle\u201c - kabinam.lt\" \/>\n<meta property=\"og:description\" content=\"\u201eTravel Turtle\u201c \u2013 simbolinis kelioninis rakt\u0173 pakabukas. Ma\u017ea, bet prasminga dovana kiekvienam keliautojui su palink\u0117jimu.\" \/>\n<meta property=\"og:url\" content=\"https:\/\/kabinam.lt\/de\/produkt\/reise-schlusselanhanger-reise-schildkrote\/\" \/>\n<meta property=\"og:site_name\" content=\"kabinam.lt\" \/>\n<meta property=\"article:modified_time\" content=\"2026-01-18T13:25:53+00:00\" \/>\n<meta property=\"og:image\" content=\"https:\/\/kabinam.lt\/wp-content\/uploads\/2024\/10\/20854cb8-89ea-477f-98cf-7913cc54b00f.jpg\" \/>\n\t<meta property=\"og:image:width\" content=\"800\" \/>\n\t<meta property=\"og:image:height\" content=\"800\" \/>\n\t<meta property=\"og:image:type\" content=\"image\/jpeg\" \/>\n<meta name=\"twitter:card\" content=\"summary_large_image\" \/>\n<meta name=\"twitter:label1\" content=\"Gesch\u00e4tzte Lesezeit\" \/>\n\t<meta name=\"twitter:data1\" content=\"2\u00a0Minuten\" \/>\n<script type=\"application\/ld+json\" class=\"yoast-schema-graph\">{\"@context\":\"https:\/\/schema.org\",\"@graph\":[{\"@type\":[\"WebPage\",\"ItemPage\"],\"@id\":\"https:\/\/kabinam.lt\/de\/produkt\/reise-schlusselanhanger-reise-schildkrote\/\",\"url\":\"https:\/\/kabinam.lt\/de\/produkt\/reise-schlusselanhanger-reise-schildkrote\/\",\"name\":\"Kelioniniai rakt\u0173 pakabukai \u2013 v\u0117\u017eliukas \u201eTravel Turtle\u201c - kabinam.lt\",\"isPartOf\":{\"@id\":\"https:\/\/kabinam.lt\/#website\"},\"primaryImageOfPage\":{\"@id\":\"https:\/\/kabinam.lt\/de\/produkt\/reise-schlusselanhanger-reise-schildkrote\/#primaryimage\"},\"image\":{\"@id\":\"https:\/\/kabinam.lt\/de\/produkt\/reise-schlusselanhanger-reise-schildkrote\/#primaryimage\"},\"thumbnailUrl\":\"https:\/\/kabinam.lt\/wp-content\/uploads\/2024\/10\/20854cb8-89ea-477f-98cf-7913cc54b00f.jpg\",\"datePublished\":\"2024-10-06T07:21:27+00:00\",\"dateModified\":\"2026-01-18T13:25:53+00:00\",\"description\":\"\u201eTravel Turtle\u201c \u2013 simbolinis kelioninis rakt\u0173 pakabukas. Ma\u017ea, bet prasminga dovana kiekvienam keliautojui su palink\u0117jimu.\",\"breadcrumb\":{\"@id\":\"https:\/\/kabinam.lt\/de\/produkt\/reise-schlusselanhanger-reise-schildkrote\/#breadcrumb\"},\"inLanguage\":\"de\",\"potentialAction\":[{\"@type\":\"ReadAction\",\"target\":[\"https:\/\/kabinam.lt\/de\/produkt\/reise-schlusselanhanger-reise-schildkrote\/\"]}]},{\"@type\":\"ImageObject\",\"inLanguage\":\"de\",\"@id\":\"https:\/\/kabinam.lt\/de\/produkt\/reise-schlusselanhanger-reise-schildkrote\/#primaryimage\",\"url\":\"https:\/\/kabinam.lt\/wp-content\/uploads\/2024\/10\/20854cb8-89ea-477f-98cf-7913cc54b00f.jpg\",\"contentUrl\":\"https:\/\/kabinam.lt\/wp-content\/uploads\/2024\/10\/20854cb8-89ea-477f-98cf-7913cc54b00f.jpg\",\"width\":800,\"height\":800,\"caption\":\"Simbolinis v\u0117\u017eliuko pakabukas keliautojui\"},{\"@type\":\"BreadcrumbList\",\"@id\":\"https:\/\/kabinam.lt\/de\/produkt\/reise-schlusselanhanger-reise-schildkrote\/#breadcrumb\",\"itemListElement\":[{\"@type\":\"ListItem\",\"position\":1,\"name\":\"Home\",\"item\":\"https:\/\/kabinam.lt\/\"},{\"@type\":\"ListItem\",\"position\":2,\"name\":\"Visi Produktai\",\"item\":\"https:\/\/kabinam.lt\/visi-produktai\/\"},{\"@type\":\"ListItem\",\"position\":3,\"name\":\"Kelioniniai rakt\u0173 pakabukai \u2013 v\u0117\u017eliukas \u201eTravel Turtle\u201c\"}]},{\"@type\":\"WebSite\",\"@id\":\"https:\/\/kabinam.lt\/#website\",\"url\":\"https:\/\/kabinam.lt\/\",\"name\":\"kabinam.lt\",\"description\":\"Kabinam.lt \u2013 raktu pakabukai ir aksesuarai\",\"publisher\":{\"@id\":\"https:\/\/kabinam.lt\/#organization\"},\"alternateName\":\"pakabukai lt\",\"potentialAction\":[{\"@type\":\"SearchAction\",\"target\":{\"@type\":\"EntryPoint\",\"urlTemplate\":\"https:\/\/kabinam.lt\/?s={search_term_string}\"},\"query-input\":{\"@type\":\"PropertyValueSpecification\",\"valueRequired\":true,\"valueName\":\"search_term_string\"}}],\"inLanguage\":\"de\"},{\"@type\":\"Organization\",\"@id\":\"https:\/\/kabinam.lt\/#organization\",\"name\":\"kabinam.lt\",\"alternateName\":\"kabinam\",\"url\":\"https:\/\/kabinam.lt\/\",\"logo\":{\"@type\":\"ImageObject\",\"inLanguage\":\"de\",\"@id\":\"https:\/\/kabinam.lt\/#\/schema\/logo\/image\/\",\"url\":\"https:\/\/kabinam.lt\/wp-content\/uploads\/2025\/05\/KABINAM_outer_glow.png\",\"contentUrl\":\"https:\/\/kabinam.lt\/wp-content\/uploads\/2025\/05\/KABINAM_outer_glow.png\",\"width\":474,\"height\":141,\"caption\":\"kabinam.lt\"},\"image\":{\"@id\":\"https:\/\/kabinam.lt\/#\/schema\/logo\/image\/\"}}]}<\/script>\n<!-- \/ Yoast SEO plugin. -->","yoast_head_json":{"title":"Reise-Schl\u00fcsselanh\u00e4nger - Reise-Schildkr\u00f6te - kabinam.lt","description":"\u201eTravel Turtle - symbolischer Schl\u00fcsselanh\u00e4nger f\u00fcr Reisen. Ein kleines aber sinnvolles Geschenk f\u00fcr jeden Reisenden mit einem Wunsch.","robots":{"index":"index","follow":"follow","max-snippet":"max-snippet:-1","max-image-preview":"max-image-preview:large","max-video-preview":"max-video-preview:-1"},"canonical":"https:\/\/kabinam.lt\/de\/produkt\/reise-schlusselanhanger-reise-schildkrote\/","og_locale":"de_DE","og_type":"article","og_title":"Kelioniniai rakt\u0173 pakabukai \u2013 v\u0117\u017eliukas \u201eTravel Turtle\u201c - kabinam.lt","og_description":"\u201eTravel Turtle\u201c \u2013 simbolinis kelioninis rakt\u0173 pakabukas. Ma\u017ea, bet prasminga dovana kiekvienam keliautojui su palink\u0117jimu.","og_url":"https:\/\/kabinam.lt\/de\/produkt\/reise-schlusselanhanger-reise-schildkrote\/","og_site_name":"kabinam.lt","article_modified_time":"2026-01-18T13:25:53+00:00","og_image":[{"width":800,"height":800,"url":"https:\/\/kabinam.lt\/wp-content\/uploads\/2024\/10\/20854cb8-89ea-477f-98cf-7913cc54b00f.jpg","type":"image\/jpeg"}],"twitter_card":"summary_large_image","twitter_misc":{"Gesch\u00e4tzte Lesezeit":"2\u00a0Minuten"},"schema":{"@context":"https:\/\/schema.org","@graph":[{"@type":["WebPage","ItemPage"],"@id":"https:\/\/kabinam.lt\/de\/produkt\/reise-schlusselanhanger-reise-schildkrote\/","url":"https:\/\/kabinam.lt\/de\/produkt\/reise-schlusselanhanger-reise-schildkrote\/","name":"Reise-Schl\u00fcsselanh\u00e4nger - Reise-Schildkr\u00f6te - kabinam.lt","isPartOf":{"@id":"https:\/\/kabinam.lt\/#website"},"primaryImageOfPage":{"@id":"https:\/\/kabinam.lt\/de\/produkt\/reise-schlusselanhanger-reise-schildkrote\/#primaryimage"},"image":{"@id":"https:\/\/kabinam.lt\/de\/produkt\/reise-schlusselanhanger-reise-schildkrote\/#primaryimage"},"thumbnailUrl":"https:\/\/kabinam.lt\/wp-content\/uploads\/2024\/10\/20854cb8-89ea-477f-98cf-7913cc54b00f.jpg","datePublished":"2024-10-06T07:21:27+00:00","dateModified":"2026-01-18T13:25:53+00:00","description":"\u201eTravel Turtle - symbolischer Schl\u00fcsselanh\u00e4nger f\u00fcr Reisen. Ein kleines aber sinnvolles Geschenk f\u00fcr jeden Reisenden mit einem Wunsch.","breadcrumb":{"@id":"https:\/\/kabinam.lt\/de\/produkt\/reise-schlusselanhanger-reise-schildkrote\/#breadcrumb"},"inLanguage":"de","potentialAction":[{"@type":"ReadAction","target":["https:\/\/kabinam.lt\/de\/produkt\/reise-schlusselanhanger-reise-schildkrote\/"]}]},{"@type":"ImageObject","inLanguage":"de","@id":"https:\/\/kabinam.lt\/de\/produkt\/reise-schlusselanhanger-reise-schildkrote\/#primaryimage","url":"https:\/\/kabinam.lt\/wp-content\/uploads\/2024\/10\/20854cb8-89ea-477f-98cf-7913cc54b00f.jpg","contentUrl":"https:\/\/kabinam.lt\/wp-content\/uploads\/2024\/10\/20854cb8-89ea-477f-98cf-7913cc54b00f.jpg","width":800,"height":800,"caption":"Simbolinis v\u0117\u017eliuko pakabukas keliautojui"},{"@type":"BreadcrumbList","@id":"https:\/\/kabinam.lt\/de\/produkt\/reise-schlusselanhanger-reise-schildkrote\/#breadcrumb","itemListElement":[{"@type":"ListItem","position":1,"name":"Home","item":"https:\/\/kabinam.lt\/"},{"@type":"ListItem","position":2,"name":"Visi Produktai","item":"https:\/\/kabinam.lt\/visi-produktai\/"},{"@type":"ListItem","position":3,"name":"Kelioniniai rakt\u0173 pakabukai \u2013 v\u0117\u017eliukas \u201eTravel Turtle\u201c"}]},{"@type":"WebSite","@id":"https:\/\/kabinam.lt\/#website","url":"https:\/\/kabinam.lt\/","name":"kabinam.lt","description":"Kabinam.lt - Schl\u00fcsselanh\u00e4nger und Zubeh\u00f6r","publisher":{"@id":"https:\/\/kabinam.lt\/#organization"},"alternateName":"pakabukai lt","potentialAction":[{"@type":"SearchAction","target":{"@type":"EntryPoint","urlTemplate":"https:\/\/kabinam.lt\/?s={search_term_string}"},"query-input":{"@type":"PropertyValueSpecification","valueRequired":true,"valueName":"search_term_string"}}],"inLanguage":"de"},{"@type":"Organization","@id":"https:\/\/kabinam.lt\/#organization","name":"kabinam.lt","alternateName":"kabinam","url":"https:\/\/kabinam.lt\/","logo":{"@type":"ImageObject","inLanguage":"de","@id":"https:\/\/kabinam.lt\/#\/schema\/logo\/image\/","url":"https:\/\/kabinam.lt\/wp-content\/uploads\/2025\/05\/KABINAM_outer_glow.png","contentUrl":"https:\/\/kabinam.lt\/wp-content\/uploads\/2025\/05\/KABINAM_outer_glow.png","width":474,"height":141,"caption":"kabinam.lt"},"image":{"@id":"https:\/\/kabinam.lt\/#\/schema\/logo\/image\/"}}]}},"uagb_featured_image_src":{"full":["https:\/\/kabinam.lt\/wp-content\/uploads\/2024\/10\/20854cb8-89ea-477f-98cf-7913cc54b00f.jpg",800,800,false],"thumbnail":["https:\/\/kabinam.lt\/wp-content\/uploads\/2024\/10\/20854cb8-89ea-477f-98cf-7913cc54b00f-150x150.jpg",150,150,true],"medium":["https:\/\/kabinam.lt\/wp-content\/uploads\/2024\/10\/20854cb8-89ea-477f-98cf-7913cc54b00f-300x300.jpg",300,300,true],"medium_large":["https:\/\/kabinam.lt\/wp-content\/uploads\/2024\/10\/20854cb8-89ea-477f-98cf-7913cc54b00f-768x768.jpg",768,768,true],"large":["https:\/\/kabinam.lt\/wp-content\/uploads\/2024\/10\/20854cb8-89ea-477f-98cf-7913cc54b00f.jpg",800,800,false],"1536x1536":["https:\/\/kabinam.lt\/wp-content\/uploads\/2024\/10\/20854cb8-89ea-477f-98cf-7913cc54b00f.jpg",800,800,false],"2048x2048":["https:\/\/kabinam.lt\/wp-content\/uploads\/2024\/10\/20854cb8-89ea-477f-98cf-7913cc54b00f.jpg",800,800,false],"trp-custom-language-flag":["https:\/\/kabinam.lt\/wp-content\/uploads\/2024\/10\/20854cb8-89ea-477f-98cf-7913cc54b00f.jpg",12,12,false],"woocommerce_thumbnail":["https:\/\/kabinam.lt\/wp-content\/uploads\/2024\/10\/20854cb8-89ea-477f-98cf-7913cc54b00f-300x300.jpg",300,300,true],"woocommerce_single":["https:\/\/kabinam.lt\/wp-content\/uploads\/2024\/10\/20854cb8-89ea-477f-98cf-7913cc54b00f-600x600.jpg",600,600,true],"woocommerce_gallery_thumbnail":["https:\/\/kabinam.lt\/wp-content\/uploads\/2024\/10\/20854cb8-89ea-477f-98cf-7913cc54b00f-100x100.jpg",100,100,true]},"uagb_author_info":{"display_name":"kabinam.lt","author_link":"https:\/\/kabinam.lt\/de\/author\/"},"uagb_comment_info":0,"uagb_excerpt":"Ma\u017eas rakt\u0173 pakabukas v\u0117\u017eliukas su u\u017era\u0161u \u201eTravel Turtle\u201c \u2013 simbolinis aksesuaras ir puiki dovana keliaujantiems.","_links":{"self":[{"href":"https:\/\/kabinam.lt\/de\/wp-json\/wp\/v2\/product\/3089","targetHints":{"allow":["GET"]}}],"collection":[{"href":"https:\/\/kabinam.lt\/de\/wp-json\/wp\/v2\/product"}],"about":[{"href":"https:\/\/kabinam.lt\/de\/wp-json\/wp\/v2\/types\/product"}],"replies":[{"embeddable":true,"href":"https:\/\/kabinam.lt\/de\/wp-json\/wp\/v2\/comments?post=3089"}],"wp:featuredmedia":[{"embeddable":true,"href":"https:\/\/kabinam.lt\/de\/wp-json\/wp\/v2\/media\/3095"}],"wp:attachment":[{"href":"https:\/\/kabinam.lt\/de\/wp-json\/wp\/v2\/media?parent=3089"}],"wp:term":[{"taxonomy":"product_brand","embeddable":true,"href":"https:\/\/kabinam.lt\/de\/wp-json\/wp\/v2\/product_brand?post=3089"},{"taxonomy":"product_cat","embeddable":true,"href":"https:\/\/kabinam.lt\/de\/wp-json\/wp\/v2\/product_cat?post=3089"},{"taxonomy":"product_tag","embeddable":true,"href":"https:\/\/kabinam.lt\/de\/wp-json\/wp\/v2\/product_tag?post=3089"}],"curies":[{"name":"wp","href":"https:\/\/api.w.org\/{rel}","templated":true}]}}