{"id":3071,"date":"2024-10-06T09:50:02","date_gmt":"2024-10-06T06:50:02","guid":{"rendered":"https:\/\/kabinam.lt\/?post_type=product&#038;p=3071"},"modified":"2026-01-18T15:27:52","modified_gmt":"2026-01-18T13:27:52","slug":"schlusselanhanger-mit-spielmotiven","status":"publish","type":"product","link":"https:\/\/kabinam.lt\/de\/product\/zaidimu-tematikos-raktu-pakabukai\/","title":{"rendered":"Schl\u00fcsselanh\u00e4nger mit Spielmotiven - Metallmesser mit 4 einzigartigen Designs"},"content":{"rendered":"\n\n<div class=\"kk-star-ratings kksr-auto kksr-align-left kksr-valign-top\"\n    data-payload='{&quot;align&quot;:&quot;left&quot;,&quot;id&quot;:&quot;3071&quot;,&quot;slug&quot;:&quot;default&quot;,&quot;valign&quot;:&quot;top&quot;,&quot;ignore&quot;:&quot;&quot;,&quot;reference&quot;:&quot;auto&quot;,&quot;class&quot;:&quot;&quot;,&quot;count&quot;:&quot;0&quot;,&quot;legendonly&quot;:&quot;&quot;,&quot;readonly&quot;:&quot;&quot;,&quot;score&quot;:&quot;0&quot;,&quot;starsonly&quot;:&quot;&quot;,&quot;best&quot;:&quot;5&quot;,&quot;gap&quot;:&quot;5&quot;,&quot;greet&quot;:&quot;Mums svarbus j\u016bs\u0173 \u012fvertinimas&quot;,&quot;legend&quot;:&quot;0\\\/5 - (0 votes)&quot;,&quot;size&quot;:&quot;24&quot;,&quot;title&quot;:&quot;\u017daidim\u0173 tematikos rakt\u0173 pakabukai \u2013 metalinis peilis su 4 unikaliais dizainais&quot;,&quot;width&quot;:&quot;0&quot;,&quot;_legend&quot;:&quot;{score}\\\/{best} - ({count} {votes})&quot;,&quot;font_factor&quot;:&quot;1.25&quot;}'>\n            \n<div class=\"kksr-stars\">\n    \n<div class=\"kksr-stars-inactive\">\n            <div class=\"kksr-star\" data-star=\"1\" style=\"padding-right: 5px\">\n            \n\n<div class=\"kksr-icon\" style=\"width: 24px; height: 24px;\"><\/div>\n        <\/div>\n            <div class=\"kksr-star\" data-star=\"2\" style=\"padding-right: 5px\">\n            \n\n<div class=\"kksr-icon\" style=\"width: 24px; height: 24px;\"><\/div>\n        <\/div>\n            <div class=\"kksr-star\" data-star=\"3\" style=\"padding-right: 5px\">\n            \n\n<div class=\"kksr-icon\" style=\"width: 24px; height: 24px;\"><\/div>\n        <\/div>\n            <div class=\"kksr-star\" data-star=\"4\" style=\"padding-right: 5px\">\n            \n\n<div class=\"kksr-icon\" style=\"width: 24px; height: 24px;\"><\/div>\n        <\/div>\n            <div class=\"kksr-star\" data-star=\"5\" style=\"padding-right: 5px\">\n            \n\n<div class=\"kksr-icon\" style=\"width: 24px; height: 24px;\"><\/div>\n        <\/div>\n    <\/div>\n    \n<div class=\"kksr-stars-active\" style=\"width: 0px;\">\n            <div class=\"kksr-star\" style=\"padding-right: 5px\">\n            \n\n<div class=\"kksr-icon\" style=\"width: 24px; height: 24px;\"><\/div>\n        <\/div>\n            <div class=\"kksr-star\" style=\"padding-right: 5px\">\n            \n\n<div class=\"kksr-icon\" style=\"width: 24px; height: 24px;\"><\/div>\n        <\/div>\n            <div class=\"kksr-star\" style=\"padding-right: 5px\">\n            \n\n<div class=\"kksr-icon\" style=\"width: 24px; height: 24px;\"><\/div>\n        <\/div>\n            <div class=\"kksr-star\" style=\"padding-right: 5px\">\n            \n\n<div class=\"kksr-icon\" style=\"width: 24px; height: 24px;\"><\/div>\n        <\/div>\n            <div class=\"kksr-star\" style=\"padding-right: 5px\">\n            \n\n<div class=\"kksr-icon\" style=\"width: 24px; height: 24px;\"><\/div>\n        <\/div>\n    <\/div>\n<\/div>\n                \n\n<div class=\"kksr-legend\" style=\"font-size: 19.2px;\">\n            <span class=\"kksr-muted\">Mums svarbus j\u016bs\u0173 \u012fvertinimas<\/span>\n    <\/div>\n    <\/div>\n<h2 data-start=\"119\" data-end=\"200\">\u017daidim\u0173 tematikos rakt\u0173 pakabukai \u2013 metalinis peilis su 4 unikaliais dizainais<\/h2>\n<p data-start=\"202\" data-end=\"358\"><span class=\"relative -mx-px my-[-0.2rem] rounded px-px py-[0.2rem] transition-colors duration-100 ease-in-out\">Ie\u0161kote i\u0161skirtinio aksesuaro, kuris atspind\u0117t\u0173 j\u016bs\u0173 aistr\u0105 kompiuteriniams \u017eaidimams?<\/span> <span class=\"relative -mx-px my-[-0.2rem] rounded px-px py-[0.2rem] transition-colors duration-100 ease-in-out\">\u017daidim\u0173 tematikos rakt\u0173 pakabukai, tokie kaip \u0161is metalinis peilis su keturiais unikaliais dizainais, yra puikus pasirinkimas.<\/span> <span class=\"relative -mx-px my-[-0.2rem] rounded px-px py-[0.2rem] transition-colors duration-100 ease-in-out\">Kiekvienas dizainas primena peilius i\u0161 populiari\u0173 \u017eaidim\u0173, suteikdamas galimyb\u0119 ne\u0161iotis dalel\u0119 savo m\u0117gstamo \u017eaidimo kasdien.<\/span><\/p>\n<hr data-start=\"360\" data-end=\"363\" \/>\n<h3 data-start=\"365\" data-end=\"395\">\u012ekv\u0117pti populiari\u0173 \u017eaidim\u0173<\/h3>\n<p data-start=\"397\" data-end=\"515\"><span class=\"relative -mx-px my-[-0.2rem] rounded px-px py-[0.2rem] transition-colors duration-100 ease-in-out\">\u0160ie rakt\u0173 pakabukai sukurti \u012fkv\u0117pti \u017einom\u0173 kompiuterini\u0173 \u017eaidim\u0173, kuriuose peiliai yra neatsiejama \u017eaidimo dalis.<\/span> <span class=\"relative -mx-px my-[-0.2rem] rounded px-px py-[0.2rem] transition-colors duration-100 ease-in-out\">Kiekvienas dizainas atspindi skirting\u0105 stili\u0173 ir atmosfer\u0105, leid\u017eiant\u012f pasirinkti t\u0105, kuris geriausiai atitinka j\u016bs\u0173 asmenyb\u0119 ir \u017eaidim\u0173 skon\u012f.<\/span><\/p>\n<hr data-start=\"517\" data-end=\"520\" \/>\n<h3 data-start=\"522\" data-end=\"556\">Kokybi\u0161kas ir detalus dizainas<\/h3>\n<p data-start=\"558\" data-end=\"676\"><span class=\"relative -mx-px my-[-0.2rem] rounded px-px py-[0.2rem] transition-colors duration-100 ease-in-out\">Pagaminti i\u0161 auk\u0161tos kokyb\u0117s metalo, \u0161ie pakabukai yra ne tik patvar\u016bs, bet ir i\u0161siskiria detaliu dizainu.<\/span> <span class=\"relative -mx-px my-[-0.2rem] rounded px-px py-[0.2rem] transition-colors duration-100 ease-in-out\">Kiekvienas peilio modelis kruop\u0161\u010diai i\u0161graviruotas, atkreipiant d\u0117mes\u012f \u012f smulkiausias detales, kad atspind\u0117t\u0173 tikr\u0105 \u017eaidim\u0173 peili\u0173 i\u0161vaizd\u0105.<\/span><\/p>\n<hr data-start=\"678\" data-end=\"681\" \/>\n<h3 data-start=\"683\" data-end=\"720\">Puiki dovana \u017eaidim\u0173 entuziastams<\/h3>\n<p data-start=\"722\" data-end=\"880\"><span class=\"relative -mx-px my-[-0.2rem] rounded px-px py-[0.2rem] transition-colors duration-100 ease-in-out\">Ie\u0161kote dovanos draugui ar artimajam, kuris yra aistringas \u017eaid\u0117jas?<\/span> <span class=\"relative -mx-px my-[-0.2rem] rounded px-px py-[0.2rem] transition-colors duration-100 ease-in-out\">\u0160ie \u017eaidim\u0173 tematikos rakt\u0173 pakabukai yra puiki dovana bet kokiai progai \u2013 gimtadieniui, \u0161vent\u0117ms ar tiesiog norint nustebinti.<\/span> <span class=\"relative -mx-px my-[-0.2rem] rounded px-px py-[0.2rem] transition-colors duration-100 ease-in-out\">Jie ne tik prakti\u0161ki, bet ir turi simbolin\u0119 reik\u0161m\u0119, primenan\u010di\u0105 m\u0117gstamus \u017eaidimus.<\/span><\/p>\n<hr data-start=\"882\" data-end=\"885\" \/>\n<h3 data-start=\"887\" data-end=\"920\">Prakti\u0161kumas ir universalumas<\/h3>\n<p data-start=\"922\" data-end=\"1040\"><span class=\"relative -mx-px my-[-0.2rem] rounded px-px py-[0.2rem] transition-colors duration-100 ease-in-out\">\u0160ie pakabukai ne tik puo\u0161ia raktus, bet ir gali b\u016bti pritvirtinti prie kuprin\u0117s, rankin\u0117s ar net automobilio veidrod\u0117lio.<\/span> <span class=\"relative -mx-px my-[-0.2rem] rounded px-px py-[0.2rem] transition-colors duration-100 ease-in-out\">J\u0173 universalumas leid\u017eia juos naudoti \u012fvairiose situacijose, o tvirtas \u017eiedas u\u017etikrina, kad pakabukas saugiai laikysis.<\/span><\/p>\n<hr data-start=\"1042\" data-end=\"1045\" \/>\n<h3 data-start=\"1047\" data-end=\"1063\">Kur \u012fsigyti?<\/h3>\n<p data-start=\"1065\" data-end=\"1183\"><span class=\"relative -mx-px my-[-0.2rem] rounded px-px py-[0.2rem] transition-colors duration-100 ease-in-out\">Per\u017ei\u016br\u0117kite m\u016bs\u0173 <a href=\"https:\/\/kabinam.lt\/visi-produktai\/\" target=\"_new\" rel=\"noopener noreferrer\" data-start=\"18\" data-end=\"71\">visus produktus<\/a>, kuriuose rasite \u012fvairi\u0173 stili\u0173 rakt\u0173 pakabuk\u0173.<\/span> <span class=\"relative -mx-px my-[-0.2rem] rounded px-px py-[0.2rem] transition-colors duration-100 ease-in-out\">Taip pat rekomenduojame apsilankyti <a href=\"https:\/\/www.etsy.com\/market\/gaming_keychain\" target=\"_new\" rel=\"noopener noreferrer\" data-start=\"36\" data-end=\"109\">\u0161ioje i\u0161orin\u0117je svetain\u0117je<\/a>, kur rasite dar daugiau unikali\u0173 aksesuar\u0173.<\/span><\/p>\n","protected":false},"excerpt":{"rendered":"<p><span class=\"relative -mx-px my-[-0.2rem] rounded px-px py-[0.2rem] transition-colors duration-100 ease-in-out\">Metalinis rakt\u0173 pakabukas peilis su keturiais unikaliais dizainais, primenan\u010diais peilius i\u0161 populiari\u0173 kompiuterini\u0173 \u017eaidim\u0173.<\/span> <span class=\"relative -mx-px my-[-0.2rem] rounded px-px py-[0.2rem] transition-colors duration-100 ease-in-out\">Auk\u0161tos kokyb\u0117s aksesuaras \u017eaidim\u0173 entuziastams.<\/span><\/p>\n","protected":false},"featured_media":3084,"comment_status":"closed","ping_status":"closed","template":"","meta":{"_uag_custom_page_level_css":"","site-sidebar-layout":"default","site-content-layout":"","ast-site-content-layout":"default","site-content-style":"default","site-sidebar-style":"default","ast-global-header-display":"","ast-banner-title-visibility":"","ast-main-header-display":"","ast-hfb-above-header-display":"","ast-hfb-below-header-display":"","ast-hfb-mobile-header-display":"","site-post-title":"","ast-breadcrumbs-content":"","ast-featured-img":"","footer-sml-layout":"","ast-disable-related-posts":"","theme-transparent-header-meta":"default","adv-header-id-meta":"","stick-header-meta":"","header-above-stick-meta":"","header-main-stick-meta":"","header-below-stick-meta":"","astra-migrate-meta-layouts":"set","ast-page-background-enabled":"default","ast-page-background-meta":{"desktop":{"background-color":"var(--ast-global-color-4)","background-image":"","background-repeat":"repeat","background-position":"center center","background-size":"auto","background-attachment":"scroll","background-type":"","background-media":"","overlay-type":"","overlay-color":"","overlay-opacity":"","overlay-gradient":""},"tablet":{"background-color":"","background-image":"","background-repeat":"repeat","background-position":"center center","background-size":"auto","background-attachment":"scroll","background-type":"","background-media":"","overlay-type":"","overlay-color":"","overlay-opacity":"","overlay-gradient":""},"mobile":{"background-color":"","background-image":"","background-repeat":"repeat","background-position":"center center","background-size":"auto","background-attachment":"scroll","background-type":"","background-media":"","overlay-type":"","overlay-color":"","overlay-opacity":"","overlay-gradient":""}},"ast-content-background-meta":{"desktop":{"background-color":"var(--ast-global-color-5)","background-image":"","background-repeat":"repeat","background-position":"center center","background-size":"auto","background-attachment":"scroll","background-type":"","background-media":"","overlay-type":"","overlay-color":"","overlay-opacity":"","overlay-gradient":""},"tablet":{"background-color":"var(--ast-global-color-5)","background-image":"","background-repeat":"repeat","background-position":"center center","background-size":"auto","background-attachment":"scroll","background-type":"","background-media":"","overlay-type":"","overlay-color":"","overlay-opacity":"","overlay-gradient":""},"mobile":{"background-color":"var(--ast-global-color-5)","background-image":"","background-repeat":"repeat","background-position":"center center","background-size":"auto","background-attachment":"scroll","background-type":"","background-media":"","overlay-type":"","overlay-color":"","overlay-opacity":"","overlay-gradient":""}}},"product_brand":[],"product_cat":[125,126,116,95,118,92],"product_tag":[],"class_list":{"0":"post-3071","1":"product","2":"type-product","3":"status-publish","4":"has-post-thumbnail","6":"product_cat-halloween","7":"product_cat-visi","8":"product_cat-metaliniai-raktu-pakabukai","9":"product_cat-unikalus-raktu-pakabukai","10":"product_cat-dovana-teciui","11":"product_cat-populiariausiu-produktu-kategorija","12":"desktop-align-center","13":"tablet-align-left","14":"mobile-align-left","16":"first","17":"instock","18":"shipping-taxable","19":"purchasable","20":"product-type-variable"},"yoast_head":"<!-- This site is optimized with the Yoast SEO plugin v27.1.1 - https:\/\/yoast.com\/product\/yoast-seo-wordpress\/ -->\n<title>\u017daidim\u0173 tematikos rakt\u0173 pakabukai \u2013 metalinis peilis su 4 unikaliais dizainais<\/title>\n<meta name=\"description\" content=\"Metalinis rakt\u0173 pakabukas peilis su 4 unikaliais dizainais, \u012fkv\u0117ptais populiari\u0173 kompiuterini\u0173 \u017eaidim\u0173. Puiki dovana \u017eaidim\u0173 entuziastams.\" \/>\n<meta name=\"robots\" content=\"index, follow, max-snippet:-1, max-image-preview:large, max-video-preview:-1\" \/>\n<link rel=\"canonical\" href=\"https:\/\/kabinam.lt\/de\/produkt\/schlusselanhanger-mit-spielmotiven\/\" \/>\n<meta property=\"og:locale\" content=\"de_DE\" \/>\n<meta property=\"og:type\" content=\"article\" \/>\n<meta property=\"og:title\" content=\"\u017daidim\u0173 tematikos rakt\u0173 pakabukai \u2013 metalinis peilis su 4 unikaliais dizainais\" \/>\n<meta property=\"og:description\" content=\"Metalinis rakt\u0173 pakabukas peilis su 4 unikaliais dizainais, \u012fkv\u0117ptais populiari\u0173 kompiuterini\u0173 \u017eaidim\u0173. Puiki dovana \u017eaidim\u0173 entuziastams.\" \/>\n<meta property=\"og:url\" content=\"https:\/\/kabinam.lt\/de\/produkt\/schlusselanhanger-mit-spielmotiven\/\" \/>\n<meta property=\"og:site_name\" content=\"kabinam.lt\" \/>\n<meta property=\"article:modified_time\" content=\"2026-01-18T13:27:52+00:00\" \/>\n<meta property=\"og:image\" content=\"https:\/\/kabinam.lt\/wp-content\/uploads\/2024\/10\/f3092ad5-173d-4748-8e74-e812811af1ce.jpg\" \/>\n\t<meta property=\"og:image:width\" content=\"800\" \/>\n\t<meta property=\"og:image:height\" content=\"800\" \/>\n\t<meta property=\"og:image:type\" content=\"image\/jpeg\" \/>\n<meta name=\"twitter:card\" content=\"summary_large_image\" \/>\n<meta name=\"twitter:label1\" content=\"Gesch\u00e4tzte Lesezeit\" \/>\n\t<meta name=\"twitter:data1\" content=\"2\u00a0Minuten\" \/>\n<script type=\"application\/ld+json\" class=\"yoast-schema-graph\">{\"@context\":\"https:\/\/schema.org\",\"@graph\":[{\"@type\":[\"WebPage\",\"ItemPage\"],\"@id\":\"https:\/\/kabinam.lt\/eng\/product\/game-themed-key-chains\/\",\"url\":\"https:\/\/kabinam.lt\/eng\/product\/game-themed-key-chains\/\",\"name\":\"\u017daidim\u0173 tematikos rakt\u0173 pakabukai \u2013 metalinis peilis su 4 unikaliais dizainais\",\"isPartOf\":{\"@id\":\"https:\/\/kabinam.lt\/#website\"},\"primaryImageOfPage\":{\"@id\":\"https:\/\/kabinam.lt\/eng\/product\/game-themed-key-chains\/#primaryimage\"},\"image\":{\"@id\":\"https:\/\/kabinam.lt\/eng\/product\/game-themed-key-chains\/#primaryimage\"},\"thumbnailUrl\":\"https:\/\/kabinam.lt\/wp-content\/uploads\/2024\/10\/f3092ad5-173d-4748-8e74-e812811af1ce.jpg\",\"datePublished\":\"2024-10-06T06:50:02+00:00\",\"dateModified\":\"2026-01-18T13:27:52+00:00\",\"description\":\"Metalinis rakt\u0173 pakabukas peilis su 4 unikaliais dizainais, \u012fkv\u0117ptais populiari\u0173 kompiuterini\u0173 \u017eaidim\u0173. Puiki dovana \u017eaidim\u0173 entuziastams.\",\"breadcrumb\":{\"@id\":\"https:\/\/kabinam.lt\/eng\/product\/game-themed-key-chains\/#breadcrumb\"},\"inLanguage\":\"de\",\"potentialAction\":[{\"@type\":\"ReadAction\",\"target\":[\"https:\/\/kabinam.lt\/eng\/product\/game-themed-key-chains\/\"]}]},{\"@type\":\"ImageObject\",\"inLanguage\":\"de\",\"@id\":\"https:\/\/kabinam.lt\/eng\/product\/game-themed-key-chains\/#primaryimage\",\"url\":\"https:\/\/kabinam.lt\/wp-content\/uploads\/2024\/10\/f3092ad5-173d-4748-8e74-e812811af1ce.jpg\",\"contentUrl\":\"https:\/\/kabinam.lt\/wp-content\/uploads\/2024\/10\/f3092ad5-173d-4748-8e74-e812811af1ce.jpg\",\"width\":800,\"height\":800,\"caption\":\"Metalinis rakt\u0173 pakabukas peilis \u2013 \u012fkv\u0117ptas populiari\u0173 \u017eaidim\u0173\"},{\"@type\":\"BreadcrumbList\",\"@id\":\"https:\/\/kabinam.lt\/eng\/product\/game-themed-key-chains\/#breadcrumb\",\"itemListElement\":[{\"@type\":\"ListItem\",\"position\":1,\"name\":\"Home\",\"item\":\"https:\/\/kabinam.lt\/\"},{\"@type\":\"ListItem\",\"position\":2,\"name\":\"Visi Produktai\",\"item\":\"https:\/\/kabinam.lt\/visi-produktai\/\"},{\"@type\":\"ListItem\",\"position\":3,\"name\":\"\u017daidim\u0173 tematikos rakt\u0173 pakabukai \u2013 metalinis peilis su 4 unikaliais dizainais\"}]},{\"@type\":\"WebSite\",\"@id\":\"https:\/\/kabinam.lt\/#website\",\"url\":\"https:\/\/kabinam.lt\/\",\"name\":\"kabinam.lt\",\"description\":\"Kabinam.lt \u2013 raktu pakabukai ir aksesuarai\",\"publisher\":{\"@id\":\"https:\/\/kabinam.lt\/#organization\"},\"alternateName\":\"pakabukai lt\",\"potentialAction\":[{\"@type\":\"SearchAction\",\"target\":{\"@type\":\"EntryPoint\",\"urlTemplate\":\"https:\/\/kabinam.lt\/?s={search_term_string}\"},\"query-input\":{\"@type\":\"PropertyValueSpecification\",\"valueRequired\":true,\"valueName\":\"search_term_string\"}}],\"inLanguage\":\"de\"},{\"@type\":\"Organization\",\"@id\":\"https:\/\/kabinam.lt\/#organization\",\"name\":\"kabinam.lt\",\"alternateName\":\"kabinam\",\"url\":\"https:\/\/kabinam.lt\/\",\"logo\":{\"@type\":\"ImageObject\",\"inLanguage\":\"de\",\"@id\":\"https:\/\/kabinam.lt\/#\/schema\/logo\/image\/\",\"url\":\"https:\/\/kabinam.lt\/wp-content\/uploads\/2025\/05\/KABINAM_outer_glow.png\",\"contentUrl\":\"https:\/\/kabinam.lt\/wp-content\/uploads\/2025\/05\/KABINAM_outer_glow.png\",\"width\":474,\"height\":141,\"caption\":\"kabinam.lt\"},\"image\":{\"@id\":\"https:\/\/kabinam.lt\/#\/schema\/logo\/image\/\"}}]}<\/script>\n<!-- \/ Yoast SEO plugin. -->","yoast_head_json":{"title":"Schl\u00fcsselanh\u00e4nger mit Spielmotiven - Metallmesser mit 4 einzigartigen Designs","description":"Metallischer Schl\u00fcsselanh\u00e4nger-Messer mit 4 einzigartigen Designs, inspiriert von beliebten Computerspielen. Eine tolle Geschenkidee f\u00fcr Spieleenthusiasten.","robots":{"index":"index","follow":"follow","max-snippet":"max-snippet:-1","max-image-preview":"max-image-preview:large","max-video-preview":"max-video-preview:-1"},"canonical":"https:\/\/kabinam.lt\/de\/produkt\/schlusselanhanger-mit-spielmotiven\/","og_locale":"de_DE","og_type":"article","og_title":"\u017daidim\u0173 tematikos rakt\u0173 pakabukai \u2013 metalinis peilis su 4 unikaliais dizainais","og_description":"Metalinis rakt\u0173 pakabukas peilis su 4 unikaliais dizainais, \u012fkv\u0117ptais populiari\u0173 kompiuterini\u0173 \u017eaidim\u0173. Puiki dovana \u017eaidim\u0173 entuziastams.","og_url":"https:\/\/kabinam.lt\/de\/produkt\/schlusselanhanger-mit-spielmotiven\/","og_site_name":"kabinam.lt","article_modified_time":"2026-01-18T13:27:52+00:00","og_image":[{"width":800,"height":800,"url":"https:\/\/kabinam.lt\/wp-content\/uploads\/2024\/10\/f3092ad5-173d-4748-8e74-e812811af1ce.jpg","type":"image\/jpeg"}],"twitter_card":"summary_large_image","twitter_misc":{"Gesch\u00e4tzte Lesezeit":"2\u00a0Minuten"},"schema":{"@context":"https:\/\/schema.org","@graph":[{"@type":["WebPage","ItemPage"],"@id":"https:\/\/kabinam.lt\/eng\/product\/game-themed-key-chains\/","url":"https:\/\/kabinam.lt\/eng\/product\/game-themed-key-chains\/","name":"Schl\u00fcsselanh\u00e4nger mit Spielmotiven - Metallmesser mit 4 einzigartigen Designs","isPartOf":{"@id":"https:\/\/kabinam.lt\/#website"},"primaryImageOfPage":{"@id":"https:\/\/kabinam.lt\/eng\/product\/game-themed-key-chains\/#primaryimage"},"image":{"@id":"https:\/\/kabinam.lt\/eng\/product\/game-themed-key-chains\/#primaryimage"},"thumbnailUrl":"https:\/\/kabinam.lt\/wp-content\/uploads\/2024\/10\/f3092ad5-173d-4748-8e74-e812811af1ce.jpg","datePublished":"2024-10-06T06:50:02+00:00","dateModified":"2026-01-18T13:27:52+00:00","description":"Metallischer Schl\u00fcsselanh\u00e4nger-Messer mit 4 einzigartigen Designs, inspiriert von beliebten Computerspielen. Eine tolle Geschenkidee f\u00fcr Spieleenthusiasten.","breadcrumb":{"@id":"https:\/\/kabinam.lt\/eng\/product\/game-themed-key-chains\/#breadcrumb"},"inLanguage":"de","potentialAction":[{"@type":"ReadAction","target":["https:\/\/kabinam.lt\/eng\/product\/game-themed-key-chains\/"]}]},{"@type":"ImageObject","inLanguage":"de","@id":"https:\/\/kabinam.lt\/eng\/product\/game-themed-key-chains\/#primaryimage","url":"https:\/\/kabinam.lt\/wp-content\/uploads\/2024\/10\/f3092ad5-173d-4748-8e74-e812811af1ce.jpg","contentUrl":"https:\/\/kabinam.lt\/wp-content\/uploads\/2024\/10\/f3092ad5-173d-4748-8e74-e812811af1ce.jpg","width":800,"height":800,"caption":"Metalinis rakt\u0173 pakabukas peilis \u2013 \u012fkv\u0117ptas populiari\u0173 \u017eaidim\u0173"},{"@type":"BreadcrumbList","@id":"https:\/\/kabinam.lt\/eng\/product\/game-themed-key-chains\/#breadcrumb","itemListElement":[{"@type":"ListItem","position":1,"name":"Home","item":"https:\/\/kabinam.lt\/"},{"@type":"ListItem","position":2,"name":"Visi Produktai","item":"https:\/\/kabinam.lt\/visi-produktai\/"},{"@type":"ListItem","position":3,"name":"\u017daidim\u0173 tematikos rakt\u0173 pakabukai \u2013 metalinis peilis su 4 unikaliais dizainais"}]},{"@type":"WebSite","@id":"https:\/\/kabinam.lt\/#website","url":"https:\/\/kabinam.lt\/","name":"kabinam.lt","description":"Kabinam.lt - Schl\u00fcsselanh\u00e4nger und Zubeh\u00f6r","publisher":{"@id":"https:\/\/kabinam.lt\/#organization"},"alternateName":"pakabukai lt","potentialAction":[{"@type":"SearchAction","target":{"@type":"EntryPoint","urlTemplate":"https:\/\/kabinam.lt\/?s={search_term_string}"},"query-input":{"@type":"PropertyValueSpecification","valueRequired":true,"valueName":"search_term_string"}}],"inLanguage":"de"},{"@type":"Organization","@id":"https:\/\/kabinam.lt\/#organization","name":"kabinam.lt","alternateName":"kabinam","url":"https:\/\/kabinam.lt\/","logo":{"@type":"ImageObject","inLanguage":"de","@id":"https:\/\/kabinam.lt\/#\/schema\/logo\/image\/","url":"https:\/\/kabinam.lt\/wp-content\/uploads\/2025\/05\/KABINAM_outer_glow.png","contentUrl":"https:\/\/kabinam.lt\/wp-content\/uploads\/2025\/05\/KABINAM_outer_glow.png","width":474,"height":141,"caption":"kabinam.lt"},"image":{"@id":"https:\/\/kabinam.lt\/#\/schema\/logo\/image\/"}}]}},"uagb_featured_image_src":{"full":["https:\/\/kabinam.lt\/wp-content\/uploads\/2024\/10\/f3092ad5-173d-4748-8e74-e812811af1ce.jpg",800,800,false],"thumbnail":["https:\/\/kabinam.lt\/wp-content\/uploads\/2024\/10\/f3092ad5-173d-4748-8e74-e812811af1ce-150x150.jpg",150,150,true],"medium":["https:\/\/kabinam.lt\/wp-content\/uploads\/2024\/10\/f3092ad5-173d-4748-8e74-e812811af1ce-300x300.jpg",300,300,true],"medium_large":["https:\/\/kabinam.lt\/wp-content\/uploads\/2024\/10\/f3092ad5-173d-4748-8e74-e812811af1ce-768x768.jpg",768,768,true],"large":["https:\/\/kabinam.lt\/wp-content\/uploads\/2024\/10\/f3092ad5-173d-4748-8e74-e812811af1ce.jpg",800,800,false],"1536x1536":["https:\/\/kabinam.lt\/wp-content\/uploads\/2024\/10\/f3092ad5-173d-4748-8e74-e812811af1ce.jpg",800,800,false],"2048x2048":["https:\/\/kabinam.lt\/wp-content\/uploads\/2024\/10\/f3092ad5-173d-4748-8e74-e812811af1ce.jpg",800,800,false],"trp-custom-language-flag":["https:\/\/kabinam.lt\/wp-content\/uploads\/2024\/10\/f3092ad5-173d-4748-8e74-e812811af1ce.jpg",12,12,false],"woocommerce_thumbnail":["https:\/\/kabinam.lt\/wp-content\/uploads\/2024\/10\/f3092ad5-173d-4748-8e74-e812811af1ce-300x300.jpg",300,300,true],"woocommerce_single":["https:\/\/kabinam.lt\/wp-content\/uploads\/2024\/10\/f3092ad5-173d-4748-8e74-e812811af1ce-600x600.jpg",600,600,true],"woocommerce_gallery_thumbnail":["https:\/\/kabinam.lt\/wp-content\/uploads\/2024\/10\/f3092ad5-173d-4748-8e74-e812811af1ce-100x100.jpg",100,100,true]},"uagb_author_info":{"display_name":"kabinam.lt","author_link":"https:\/\/kabinam.lt\/de\/author\/"},"uagb_comment_info":0,"uagb_excerpt":"Metalinis rakt\u0173 pakabukas peilis su keturiais unikaliais dizainais, primenan\u010diais peilius i\u0161 populiari\u0173 kompiuterini\u0173 \u017eaidim\u0173. Auk\u0161tos kokyb\u0117s aksesuaras \u017eaidim\u0173 entuziastams.","_links":{"self":[{"href":"https:\/\/kabinam.lt\/de\/wp-json\/wp\/v2\/product\/3071","targetHints":{"allow":["GET"]}}],"collection":[{"href":"https:\/\/kabinam.lt\/de\/wp-json\/wp\/v2\/product"}],"about":[{"href":"https:\/\/kabinam.lt\/de\/wp-json\/wp\/v2\/types\/product"}],"replies":[{"embeddable":true,"href":"https:\/\/kabinam.lt\/de\/wp-json\/wp\/v2\/comments?post=3071"}],"wp:featuredmedia":[{"embeddable":true,"href":"https:\/\/kabinam.lt\/de\/wp-json\/wp\/v2\/media\/3084"}],"wp:attachment":[{"href":"https:\/\/kabinam.lt\/de\/wp-json\/wp\/v2\/media?parent=3071"}],"wp:term":[{"taxonomy":"product_brand","embeddable":true,"href":"https:\/\/kabinam.lt\/de\/wp-json\/wp\/v2\/product_brand?post=3071"},{"taxonomy":"product_cat","embeddable":true,"href":"https:\/\/kabinam.lt\/de\/wp-json\/wp\/v2\/product_cat?post=3071"},{"taxonomy":"product_tag","embeddable":true,"href":"https:\/\/kabinam.lt\/de\/wp-json\/wp\/v2\/product_tag?post=3071"}],"curies":[{"name":"wp","href":"https:\/\/api.w.org\/{rel}","templated":true}]}}