{"id":3045,"date":"2024-09-24T19:40:55","date_gmt":"2024-09-24T16:40:55","guid":{"rendered":"https:\/\/kabinam.lt\/?post_type=product&#038;p=3045"},"modified":"2026-01-03T18:48:06","modified_gmt":"2026-01-03T16:48:06","slug":"schlussel-anhanger-gummi-anhanger","status":"publish","type":"product","link":"https:\/\/kabinam.lt\/de\/product\/raktu-pakabukas-gumine-antyte\/","title":{"rendered":"Gummimaske"},"content":{"rendered":"<div class=\"kk-star-ratings kksr-auto kksr-align-left kksr-valign-top\"\n    data-payload='{&quot;align&quot;:&quot;left&quot;,&quot;id&quot;:&quot;3045&quot;,&quot;slug&quot;:&quot;default&quot;,&quot;valign&quot;:&quot;top&quot;,&quot;ignore&quot;:&quot;&quot;,&quot;reference&quot;:&quot;auto&quot;,&quot;class&quot;:&quot;&quot;,&quot;count&quot;:&quot;0&quot;,&quot;legendonly&quot;:&quot;&quot;,&quot;readonly&quot;:&quot;&quot;,&quot;score&quot;:&quot;0&quot;,&quot;starsonly&quot;:&quot;&quot;,&quot;best&quot;:&quot;5&quot;,&quot;gap&quot;:&quot;5&quot;,&quot;greet&quot;:&quot;Mums svarbus j\u016bs\u0173 \u012fvertinimas&quot;,&quot;legend&quot;:&quot;0\\\/5 - (0 votes)&quot;,&quot;size&quot;:&quot;24&quot;,&quot;title&quot;:&quot;Gumin\u0117 antyt\u0117&quot;,&quot;width&quot;:&quot;0&quot;,&quot;_legend&quot;:&quot;{score}\\\/{best} - ({count} {votes})&quot;,&quot;font_factor&quot;:&quot;1.25&quot;}'>\n            \n<div class=\"kksr-stars\">\n    \n<div class=\"kksr-stars-inactive\">\n            <div class=\"kksr-star\" data-star=\"1\" style=\"padding-right: 5px\">\n            \n\n<div class=\"kksr-icon\" style=\"width: 24px; height: 24px;\"><\/div>\n        <\/div>\n            <div class=\"kksr-star\" data-star=\"2\" style=\"padding-right: 5px\">\n            \n\n<div class=\"kksr-icon\" style=\"width: 24px; height: 24px;\"><\/div>\n        <\/div>\n            <div class=\"kksr-star\" data-star=\"3\" style=\"padding-right: 5px\">\n            \n\n<div class=\"kksr-icon\" style=\"width: 24px; height: 24px;\"><\/div>\n        <\/div>\n            <div class=\"kksr-star\" data-star=\"4\" style=\"padding-right: 5px\">\n            \n\n<div class=\"kksr-icon\" style=\"width: 24px; height: 24px;\"><\/div>\n        <\/div>\n            <div class=\"kksr-star\" data-star=\"5\" style=\"padding-right: 5px\">\n            \n\n<div class=\"kksr-icon\" style=\"width: 24px; height: 24px;\"><\/div>\n        <\/div>\n    <\/div>\n    \n<div class=\"kksr-stars-active\" style=\"width: 0px;\">\n            <div class=\"kksr-star\" style=\"padding-right: 5px\">\n            \n\n<div class=\"kksr-icon\" style=\"width: 24px; height: 24px;\"><\/div>\n        <\/div>\n            <div class=\"kksr-star\" style=\"padding-right: 5px\">\n            \n\n<div class=\"kksr-icon\" style=\"width: 24px; height: 24px;\"><\/div>\n        <\/div>\n            <div class=\"kksr-star\" style=\"padding-right: 5px\">\n            \n\n<div class=\"kksr-icon\" style=\"width: 24px; height: 24px;\"><\/div>\n        <\/div>\n            <div class=\"kksr-star\" style=\"padding-right: 5px\">\n            \n\n<div class=\"kksr-icon\" style=\"width: 24px; height: 24px;\"><\/div>\n        <\/div>\n            <div class=\"kksr-star\" style=\"padding-right: 5px\">\n            \n\n<div class=\"kksr-icon\" style=\"width: 24px; height: 24px;\"><\/div>\n        <\/div>\n    <\/div>\n<\/div>\n                \n\n<div class=\"kksr-legend\" style=\"font-size: 19.2px;\">\n            <span class=\"kksr-muted\">Ihre Bewertung ist f\u00fcr uns wichtig<\/span>\n    <\/div>\n    <\/div>\n<h4 data-start=\"67\" data-end=\"91\"><strong data-start=\"72\" data-end=\"89\">\u00dcber das Produkt<\/strong><\/h4>\n<p data-start=\"92\" data-end=\"794\">Rakt\u0173 pakabukas gumin\u0117 antyt\u0117 yra originalus ir \u017eaismingas aksesuaras. Jis pagamintas i\u0161 auk\u0161tos kokyb\u0117s gumos, kuri u\u017etikrina ilgaam\u017ei\u0161kum\u0105. Produkto pagrindin\u0117 spalva yra ry\u0161kiai geltona. Ant pakabuko matomos ma\u017eos juodos akys. Oran\u017ein\u0117 nosis suteikia detalum\u0105. Ma\u017eos oran\u017ein\u0117s kojel\u0117s dar labiau i\u0161ry\u0161kina dizain\u0105. \u0160is aksesuaras puikiai perteikia linksm\u0105 nuotaik\u0105 ir optimizm\u0105. Jis sukurtas tiems, kurie nori parodyti savo individualum\u0105. Pakabukas yra idealus sprendimas motocikl\u0173, automobili\u0173 bei nam\u0173 raktams. Jis prideda unikal\u0173 akcent\u0105 j\u016bs\u0173 asmeniniam stiliui. Produktas gali b\u016bti puiki dovana tiems, kurie vertina originalum\u0105. Aksesuaras paver\u010dia j\u016bs\u0173 raktus patrauklesniais ir linksmesniais.<\/p>\n<h4 data-start=\"796\" data-end=\"835\"><strong data-start=\"801\" data-end=\"833\">Funktionsweise und Verwendung<\/strong><\/h4>\n<p data-start=\"836\" data-end=\"1377\">Pakabukas gumin\u0117 antyt\u0117 saugo j\u016bs\u0173 raktus patikimai. Tvirtas \u017eiedelis leid\u017eia lengvai pritvirtinti j\u012f prie rakt\u0173 rinkinio. Integruotas karabinas leid\u017eia greitai prijungti aksesuar\u0105 prie kuprin\u0117s ar dir\u017eo. Universalus dizainas tinka \u012fvairaus dyd\u017eio rakt\u0173 komplektams. Naudojimas yra intuityvus ir paprastas. Aksesuaras i\u0161laiko savo form\u0105 net po intensyvaus kasdienio naudojimo. Jis u\u017etikrina, kad j\u016bs\u0173 raktai visuomet b\u016bt\u0173 pasiekiami. Tai prakti\u0161kas sprendimas kasdieniams poreikiams. Produkto dizainas padeda i\u0161laikyti tvark\u0105 ir patrauklum\u0105.<\/p>\n<h4 data-start=\"1379\" data-end=\"1408\"><strong data-start=\"1384\" data-end=\"1406\">Design und Qualit\u00e4t<\/strong><\/h4>\n<p data-start=\"1409\" data-end=\"1911\">Dizainas yra modernus ir \u017eaismingas. Geltona gumin\u0117 med\u017eiaga suteikia produkto pagrind\u0105. Ma\u017eos juodos akys, oran\u017ein\u0117 nosis ir kojel\u0117s sukuria ai\u0161k\u0173 kontrast\u0105. Kiekviena detal\u0117 yra kruop\u0161\u010diai apdorota. Gumin\u0117 tekst\u016bra yra patvari ir atspari nusid\u0117v\u0117jimui. Produkto forma yra kompakti\u0161ka ir lengvai ne\u0161iojama. \u0160is aksesuaras puikiai dera su \u012fvairiais stili\u0173 sprendimais. Jo originalus dizainas pabr\u0117\u017eia jaunatvi\u0161kum\u0105 ir linksmum\u0105. Investavimas \u012f tok\u012f aksesuar\u0105 rodo, kad vertinate kokyb\u0119 ir originalum\u0105.<\/p>\n<h4 data-start=\"1913\" data-end=\"1944\"><strong data-start=\"1918\" data-end=\"1942\">Warum w\u00e4hlen?<\/strong><\/h4>\n<p data-start=\"1945\" data-end=\"2541\">Pasirinkdami rakt\u0173 pakabuk\u0105 gumin\u0117 antyt\u0117, j\u016bs investuojate \u012f unikal\u0173 ir funkcional\u0173 sprendim\u0105. Jis ne tik saugo j\u016bs\u0173 raktus, bet ir suteikia jiems i\u0161skirtin\u012f, \u017eaisming\u0105 akcent\u0105. Produkto dizainas perteikia pozityvi\u0105 energij\u0105 ir optimizm\u0105. Aksesuaras yra puikus pasirinkimas dovanojimui. Jis gali tapti stilingu akcentu j\u016bs\u0173 rakt\u0173 rinkiniui. Jei vertinate originalum\u0105 ir patikimum\u0105, \u0161is pakabukas atitiks j\u016bs\u0173 l\u016bkes\u010dius. Investuokite \u012f \u0161\u012f produkt\u0105, kad j\u016bs\u0173 raktai tapt\u0173 ne tik saug\u016bs, bet ir i\u0161skirtinai patraukl\u016bs. Tai prakti\u0161kas, lengvas ir patvarus sprendimas, kuris papildys j\u016bs\u0173 kasdienyb\u0119.<\/p>\n<p data-start=\"2543\" data-end=\"2764\">Um mehr \u00fcber die neuesten Schl\u00fcsselaufbewahrungsl\u00f6sungen zu erfahren, besuchen Sie <a target=\"_new\" rel=\"noopener\" data-start=\"2625\" data-end=\"2686\">Externe Ressource<\/a> oder sehen Sie sich unser <a href=\"https:\/\/kabinam.lt\/de\/visi-produktai\/\" target=\"_new\" rel=\"noopener\" data-start=\"2710\" data-end=\"2763\">Produktkatalog<\/a>.<\/p>","protected":false},"excerpt":{"rendered":"<p>Rakt\u0173 pakabukas gumin\u0117 antyt\u0117 \u2013 originalus ir linksmas aksesuaras su geltonu vi\u0161\u010diuko dizainu, skirtas raktams saugoti.<\/p>","protected":false},"featured_media":3047,"comment_status":"closed","ping_status":"closed","template":"","meta":{"_uag_custom_page_level_css":"","site-sidebar-layout":"default","site-content-layout":"","ast-site-content-layout":"default","site-content-style":"default","site-sidebar-style":"default","ast-global-header-display":"","ast-banner-title-visibility":"","ast-main-header-display":"","ast-hfb-above-header-display":"","ast-hfb-below-header-display":"","ast-hfb-mobile-header-display":"","site-post-title":"","ast-breadcrumbs-content":"","ast-featured-img":"","footer-sml-layout":"","ast-disable-related-posts":"","theme-transparent-header-meta":"default","adv-header-id-meta":"","stick-header-meta":"","header-above-stick-meta":"","header-main-stick-meta":"","header-below-stick-meta":"","astra-migrate-meta-layouts":"set","ast-page-background-enabled":"default","ast-page-background-meta":{"desktop":{"background-color":"var(--ast-global-color-4)","background-image":"","background-repeat":"repeat","background-position":"center center","background-size":"auto","background-attachment":"scroll","background-type":"","background-media":"","overlay-type":"","overlay-color":"","overlay-opacity":"","overlay-gradient":""},"tablet":{"background-color":"","background-image":"","background-repeat":"repeat","background-position":"center center","background-size":"auto","background-attachment":"scroll","background-type":"","background-media":"","overlay-type":"","overlay-color":"","overlay-opacity":"","overlay-gradient":""},"mobile":{"background-color":"","background-image":"","background-repeat":"repeat","background-position":"center center","background-size":"auto","background-attachment":"scroll","background-type":"","background-media":"","overlay-type":"","overlay-color":"","overlay-opacity":"","overlay-gradient":""}},"ast-content-background-meta":{"desktop":{"background-color":"var(--ast-global-color-5)","background-image":"","background-repeat":"repeat","background-position":"center center","background-size":"auto","background-attachment":"scroll","background-type":"","background-media":"","overlay-type":"","overlay-color":"","overlay-opacity":"","overlay-gradient":""},"tablet":{"background-color":"var(--ast-global-color-5)","background-image":"","background-repeat":"repeat","background-position":"center center","background-size":"auto","background-attachment":"scroll","background-type":"","background-media":"","overlay-type":"","overlay-color":"","overlay-opacity":"","overlay-gradient":""},"mobile":{"background-color":"var(--ast-global-color-5)","background-image":"","background-repeat":"repeat","background-position":"center center","background-size":"auto","background-attachment":"scroll","background-type":"","background-media":"","overlay-type":"","overlay-color":"","overlay-opacity":"","overlay-gradient":""}}},"product_brand":[],"product_cat":[125,126,95],"product_tag":[],"class_list":{"0":"post-3045","1":"product","2":"type-product","3":"status-publish","4":"has-post-thumbnail","6":"product_cat-halloween","7":"product_cat-visi","8":"product_cat-unikalus-raktu-pakabukai","9":"desktop-align-center","10":"tablet-align-left","11":"mobile-align-left","13":"first","14":"instock","15":"shipping-taxable","16":"purchasable","17":"product-type-simple"},"yoast_head":"<!-- This site is optimized with the Yoast SEO plugin v27.1.1 - https:\/\/yoast.com\/product\/yoast-seo-wordpress\/ -->\n<title>Gumin\u0117 antyt\u0117 - kabinam.lt<\/title>\n<meta name=\"description\" content=\"Rakt\u0173 pakabukas gumin\u0117 antyt\u0117 \u2013 originalus geltonos gumos aksesuaras su ma\u017eomis juodomis akimis, oran\u017eine nosimi ir kojel\u0117mis. Tvirtas ir linksmas pasirinkimas\" \/>\n<meta name=\"robots\" content=\"index, follow, max-snippet:-1, max-image-preview:large, max-video-preview:-1\" \/>\n<link rel=\"canonical\" href=\"https:\/\/kabinam.lt\/de\/produkt\/schlussel-anhanger-gummi-anhanger\/\" \/>\n<meta property=\"og:locale\" content=\"de_DE\" \/>\n<meta property=\"og:type\" content=\"article\" \/>\n<meta property=\"og:title\" content=\"Gumin\u0117 antyt\u0117 - kabinam.lt\" \/>\n<meta property=\"og:description\" content=\"Rakt\u0173 pakabukas gumin\u0117 antyt\u0117 \u2013 originalus geltonos gumos aksesuaras su ma\u017eomis juodomis akimis, oran\u017eine nosimi ir kojel\u0117mis. Tvirtas ir linksmas pasirinkimas\" \/>\n<meta property=\"og:url\" content=\"https:\/\/kabinam.lt\/de\/produkt\/schlussel-anhanger-gummi-anhanger\/\" \/>\n<meta property=\"og:site_name\" content=\"kabinam.lt\" \/>\n<meta property=\"article:modified_time\" content=\"2026-01-03T16:48:06+00:00\" \/>\n<meta property=\"og:image\" content=\"https:\/\/kabinam.lt\/wp-content\/uploads\/2024\/09\/0438aa01-4e03-46da-a19c-2d77a687c36c.jpg\" \/>\n\t<meta property=\"og:image:width\" content=\"800\" \/>\n\t<meta property=\"og:image:height\" content=\"800\" \/>\n\t<meta property=\"og:image:type\" content=\"image\/jpeg\" \/>\n<meta name=\"twitter:card\" content=\"summary_large_image\" \/>\n<meta name=\"twitter:label1\" content=\"Gesch\u00e4tzte Lesezeit\" \/>\n\t<meta name=\"twitter:data1\" content=\"2\u00a0Minuten\" \/>\n<script type=\"application\/ld+json\" class=\"yoast-schema-graph\">{\"@context\":\"https:\/\/schema.org\",\"@graph\":[{\"@type\":[\"WebPage\",\"ItemPage\"],\"@id\":\"https:\/\/kabinam.lt\/eng\/product\/key-pendant-rubber-charm\/\",\"url\":\"https:\/\/kabinam.lt\/eng\/product\/key-pendant-rubber-charm\/\",\"name\":\"Gumin\u0117 antyt\u0117 - kabinam.lt\",\"isPartOf\":{\"@id\":\"https:\/\/kabinam.lt\/#website\"},\"primaryImageOfPage\":{\"@id\":\"https:\/\/kabinam.lt\/eng\/product\/key-pendant-rubber-charm\/#primaryimage\"},\"image\":{\"@id\":\"https:\/\/kabinam.lt\/eng\/product\/key-pendant-rubber-charm\/#primaryimage\"},\"thumbnailUrl\":\"https:\/\/kabinam.lt\/wp-content\/uploads\/2024\/09\/0438aa01-4e03-46da-a19c-2d77a687c36c.jpg\",\"datePublished\":\"2024-09-24T16:40:55+00:00\",\"dateModified\":\"2026-01-03T16:48:06+00:00\",\"description\":\"Rakt\u0173 pakabukas gumin\u0117 antyt\u0117 \u2013 originalus geltonos gumos aksesuaras su ma\u017eomis juodomis akimis, oran\u017eine nosimi ir kojel\u0117mis. Tvirtas ir linksmas pasirinkimas\",\"breadcrumb\":{\"@id\":\"https:\/\/kabinam.lt\/eng\/product\/key-pendant-rubber-charm\/#breadcrumb\"},\"inLanguage\":\"de\",\"potentialAction\":[{\"@type\":\"ReadAction\",\"target\":[\"https:\/\/kabinam.lt\/eng\/product\/key-pendant-rubber-charm\/\"]}]},{\"@type\":\"ImageObject\",\"inLanguage\":\"de\",\"@id\":\"https:\/\/kabinam.lt\/eng\/product\/key-pendant-rubber-charm\/#primaryimage\",\"url\":\"https:\/\/kabinam.lt\/wp-content\/uploads\/2024\/09\/0438aa01-4e03-46da-a19c-2d77a687c36c.jpg\",\"contentUrl\":\"https:\/\/kabinam.lt\/wp-content\/uploads\/2024\/09\/0438aa01-4e03-46da-a19c-2d77a687c36c.jpg\",\"width\":800,\"height\":800,\"caption\":\"Rakt\u0173 pakabukas gumin\u0117 antyt\u0117 \u2013 Linksm\u0173 Spalv\u0173 Aksesuaras\"},{\"@type\":\"BreadcrumbList\",\"@id\":\"https:\/\/kabinam.lt\/eng\/product\/key-pendant-rubber-charm\/#breadcrumb\",\"itemListElement\":[{\"@type\":\"ListItem\",\"position\":1,\"name\":\"Home\",\"item\":\"https:\/\/kabinam.lt\/\"},{\"@type\":\"ListItem\",\"position\":2,\"name\":\"Visi Produktai\",\"item\":\"https:\/\/kabinam.lt\/visi-produktai\/\"},{\"@type\":\"ListItem\",\"position\":3,\"name\":\"Gumin\u0117 antyt\u0117\"}]},{\"@type\":\"WebSite\",\"@id\":\"https:\/\/kabinam.lt\/#website\",\"url\":\"https:\/\/kabinam.lt\/\",\"name\":\"kabinam.lt\",\"description\":\"Kabinam.lt \u2013 raktu pakabukai ir aksesuarai\",\"publisher\":{\"@id\":\"https:\/\/kabinam.lt\/#organization\"},\"alternateName\":\"pakabukai lt\",\"potentialAction\":[{\"@type\":\"SearchAction\",\"target\":{\"@type\":\"EntryPoint\",\"urlTemplate\":\"https:\/\/kabinam.lt\/?s={search_term_string}\"},\"query-input\":{\"@type\":\"PropertyValueSpecification\",\"valueRequired\":true,\"valueName\":\"search_term_string\"}}],\"inLanguage\":\"de\"},{\"@type\":\"Organization\",\"@id\":\"https:\/\/kabinam.lt\/#organization\",\"name\":\"kabinam.lt\",\"alternateName\":\"kabinam\",\"url\":\"https:\/\/kabinam.lt\/\",\"logo\":{\"@type\":\"ImageObject\",\"inLanguage\":\"de\",\"@id\":\"https:\/\/kabinam.lt\/#\/schema\/logo\/image\/\",\"url\":\"https:\/\/kabinam.lt\/wp-content\/uploads\/2025\/05\/KABINAM_outer_glow.png\",\"contentUrl\":\"https:\/\/kabinam.lt\/wp-content\/uploads\/2025\/05\/KABINAM_outer_glow.png\",\"width\":474,\"height\":141,\"caption\":\"kabinam.lt\"},\"image\":{\"@id\":\"https:\/\/kabinam.lt\/#\/schema\/logo\/image\/\"}}]}<\/script>\n<!-- \/ Yoast SEO plugin. -->","yoast_head_json":{"title":"Gummi-Anh\u00e4nger - kabinam.lt","description":"Schl\u00fcsselanh\u00e4nger aus Gummi \u2013 ein originelles Accessoire aus gelbem Gummi mit kleinen schwarzen Augen, einer orangenen Nase und Beinchen. Eine stabile und lustige Wahl","robots":{"index":"index","follow":"follow","max-snippet":"max-snippet:-1","max-image-preview":"max-image-preview:large","max-video-preview":"max-video-preview:-1"},"canonical":"https:\/\/kabinam.lt\/de\/produkt\/schlussel-anhanger-gummi-anhanger\/","og_locale":"de_DE","og_type":"article","og_title":"Gumin\u0117 antyt\u0117 - kabinam.lt","og_description":"Rakt\u0173 pakabukas gumin\u0117 antyt\u0117 \u2013 originalus geltonos gumos aksesuaras su ma\u017eomis juodomis akimis, oran\u017eine nosimi ir kojel\u0117mis. Tvirtas ir linksmas pasirinkimas","og_url":"https:\/\/kabinam.lt\/de\/produkt\/schlussel-anhanger-gummi-anhanger\/","og_site_name":"kabinam.lt","article_modified_time":"2026-01-03T16:48:06+00:00","og_image":[{"width":800,"height":800,"url":"https:\/\/kabinam.lt\/wp-content\/uploads\/2024\/09\/0438aa01-4e03-46da-a19c-2d77a687c36c.jpg","type":"image\/jpeg"}],"twitter_card":"summary_large_image","twitter_misc":{"Gesch\u00e4tzte Lesezeit":"2\u00a0Minuten"},"schema":{"@context":"https:\/\/schema.org","@graph":[{"@type":["WebPage","ItemPage"],"@id":"https:\/\/kabinam.lt\/eng\/product\/key-pendant-rubber-charm\/","url":"https:\/\/kabinam.lt\/eng\/product\/key-pendant-rubber-charm\/","name":"Gummi-Anh\u00e4nger - kabinam.lt","isPartOf":{"@id":"https:\/\/kabinam.lt\/#website"},"primaryImageOfPage":{"@id":"https:\/\/kabinam.lt\/eng\/product\/key-pendant-rubber-charm\/#primaryimage"},"image":{"@id":"https:\/\/kabinam.lt\/eng\/product\/key-pendant-rubber-charm\/#primaryimage"},"thumbnailUrl":"https:\/\/kabinam.lt\/wp-content\/uploads\/2024\/09\/0438aa01-4e03-46da-a19c-2d77a687c36c.jpg","datePublished":"2024-09-24T16:40:55+00:00","dateModified":"2026-01-03T16:48:06+00:00","description":"Schl\u00fcsselanh\u00e4nger aus Gummi \u2013 ein originelles Accessoire aus gelbem Gummi mit kleinen schwarzen Augen, einer orangenen Nase und Beinchen. Eine stabile und lustige Wahl","breadcrumb":{"@id":"https:\/\/kabinam.lt\/eng\/product\/key-pendant-rubber-charm\/#breadcrumb"},"inLanguage":"de","potentialAction":[{"@type":"ReadAction","target":["https:\/\/kabinam.lt\/eng\/product\/key-pendant-rubber-charm\/"]}]},{"@type":"ImageObject","inLanguage":"de","@id":"https:\/\/kabinam.lt\/eng\/product\/key-pendant-rubber-charm\/#primaryimage","url":"https:\/\/kabinam.lt\/wp-content\/uploads\/2024\/09\/0438aa01-4e03-46da-a19c-2d77a687c36c.jpg","contentUrl":"https:\/\/kabinam.lt\/wp-content\/uploads\/2024\/09\/0438aa01-4e03-46da-a19c-2d77a687c36c.jpg","width":800,"height":800,"caption":"Rakt\u0173 pakabukas gumin\u0117 antyt\u0117 \u2013 Linksm\u0173 Spalv\u0173 Aksesuaras"},{"@type":"BreadcrumbList","@id":"https:\/\/kabinam.lt\/eng\/product\/key-pendant-rubber-charm\/#breadcrumb","itemListElement":[{"@type":"ListItem","position":1,"name":"Home","item":"https:\/\/kabinam.lt\/"},{"@type":"ListItem","position":2,"name":"Visi Produktai","item":"https:\/\/kabinam.lt\/visi-produktai\/"},{"@type":"ListItem","position":3,"name":"Gumin\u0117 antyt\u0117"}]},{"@type":"WebSite","@id":"https:\/\/kabinam.lt\/#website","url":"https:\/\/kabinam.lt\/","name":"kabinam.lt","description":"Kabinam.lt - Schl\u00fcsselanh\u00e4nger und Zubeh\u00f6r","publisher":{"@id":"https:\/\/kabinam.lt\/#organization"},"alternateName":"pakabukai lt","potentialAction":[{"@type":"SearchAction","target":{"@type":"EntryPoint","urlTemplate":"https:\/\/kabinam.lt\/?s={search_term_string}"},"query-input":{"@type":"PropertyValueSpecification","valueRequired":true,"valueName":"search_term_string"}}],"inLanguage":"de"},{"@type":"Organization","@id":"https:\/\/kabinam.lt\/#organization","name":"kabinam.lt","alternateName":"kabinam","url":"https:\/\/kabinam.lt\/","logo":{"@type":"ImageObject","inLanguage":"de","@id":"https:\/\/kabinam.lt\/#\/schema\/logo\/image\/","url":"https:\/\/kabinam.lt\/wp-content\/uploads\/2025\/05\/KABINAM_outer_glow.png","contentUrl":"https:\/\/kabinam.lt\/wp-content\/uploads\/2025\/05\/KABINAM_outer_glow.png","width":474,"height":141,"caption":"kabinam.lt"},"image":{"@id":"https:\/\/kabinam.lt\/#\/schema\/logo\/image\/"}}]}},"uagb_featured_image_src":{"full":["https:\/\/kabinam.lt\/wp-content\/uploads\/2024\/09\/0438aa01-4e03-46da-a19c-2d77a687c36c.jpg",800,800,false],"thumbnail":["https:\/\/kabinam.lt\/wp-content\/uploads\/2024\/09\/0438aa01-4e03-46da-a19c-2d77a687c36c-150x150.jpg",150,150,true],"medium":["https:\/\/kabinam.lt\/wp-content\/uploads\/2024\/09\/0438aa01-4e03-46da-a19c-2d77a687c36c-300x300.jpg",300,300,true],"medium_large":["https:\/\/kabinam.lt\/wp-content\/uploads\/2024\/09\/0438aa01-4e03-46da-a19c-2d77a687c36c-768x768.jpg",768,768,true],"large":["https:\/\/kabinam.lt\/wp-content\/uploads\/2024\/09\/0438aa01-4e03-46da-a19c-2d77a687c36c.jpg",800,800,false],"1536x1536":["https:\/\/kabinam.lt\/wp-content\/uploads\/2024\/09\/0438aa01-4e03-46da-a19c-2d77a687c36c.jpg",800,800,false],"2048x2048":["https:\/\/kabinam.lt\/wp-content\/uploads\/2024\/09\/0438aa01-4e03-46da-a19c-2d77a687c36c.jpg",800,800,false],"trp-custom-language-flag":["https:\/\/kabinam.lt\/wp-content\/uploads\/2024\/09\/0438aa01-4e03-46da-a19c-2d77a687c36c.jpg",12,12,false],"woocommerce_thumbnail":["https:\/\/kabinam.lt\/wp-content\/uploads\/2024\/09\/0438aa01-4e03-46da-a19c-2d77a687c36c-300x300.jpg",300,300,true],"woocommerce_single":["https:\/\/kabinam.lt\/wp-content\/uploads\/2024\/09\/0438aa01-4e03-46da-a19c-2d77a687c36c-600x600.jpg",600,600,true],"woocommerce_gallery_thumbnail":["https:\/\/kabinam.lt\/wp-content\/uploads\/2024\/09\/0438aa01-4e03-46da-a19c-2d77a687c36c-100x100.jpg",100,100,true]},"uagb_author_info":{"display_name":"kabinam.lt","author_link":"https:\/\/kabinam.lt\/de\/author\/"},"uagb_comment_info":0,"uagb_excerpt":"Rakt\u0173 pakabukas gumin\u0117 antyt\u0117 \u2013 originalus ir linksmas aksesuaras su geltonu vi\u0161\u010diuko dizainu, skirtas raktams saugoti.","_links":{"self":[{"href":"https:\/\/kabinam.lt\/de\/wp-json\/wp\/v2\/product\/3045","targetHints":{"allow":["GET"]}}],"collection":[{"href":"https:\/\/kabinam.lt\/de\/wp-json\/wp\/v2\/product"}],"about":[{"href":"https:\/\/kabinam.lt\/de\/wp-json\/wp\/v2\/types\/product"}],"replies":[{"embeddable":true,"href":"https:\/\/kabinam.lt\/de\/wp-json\/wp\/v2\/comments?post=3045"}],"wp:featuredmedia":[{"embeddable":true,"href":"https:\/\/kabinam.lt\/de\/wp-json\/wp\/v2\/media\/3047"}],"wp:attachment":[{"href":"https:\/\/kabinam.lt\/de\/wp-json\/wp\/v2\/media?parent=3045"}],"wp:term":[{"taxonomy":"product_brand","embeddable":true,"href":"https:\/\/kabinam.lt\/de\/wp-json\/wp\/v2\/product_brand?post=3045"},{"taxonomy":"product_cat","embeddable":true,"href":"https:\/\/kabinam.lt\/de\/wp-json\/wp\/v2\/product_cat?post=3045"},{"taxonomy":"product_tag","embeddable":true,"href":"https:\/\/kabinam.lt\/de\/wp-json\/wp\/v2\/product_tag?post=3045"}],"curies":[{"name":"wp","href":"https:\/\/api.w.org\/{rel}","templated":true}]}}