{"id":2891,"date":"2024-08-18T11:48:37","date_gmt":"2024-08-18T08:48:37","guid":{"rendered":"https:\/\/kabinam.lt\/?post_type=product&#038;p=2891"},"modified":"2026-01-18T15:34:40","modified_gmt":"2026-01-18T13:34:40","slug":"odinis-raktu-pakabukas-karabinas","status":"publish","type":"product","link":"https:\/\/kabinam.lt\/de\/product\/odinis-raktu-pakabukas-karabinas\/","title":{"rendered":"Geflochtener Lederschl\u00fcsselanh\u00e4nger mit Karabiner"},"content":{"rendered":"<div class=\"kk-star-ratings kksr-auto kksr-align-left kksr-valign-top\"\n    data-payload='{&quot;align&quot;:&quot;left&quot;,&quot;id&quot;:&quot;2891&quot;,&quot;slug&quot;:&quot;default&quot;,&quot;valign&quot;:&quot;top&quot;,&quot;ignore&quot;:&quot;&quot;,&quot;reference&quot;:&quot;auto&quot;,&quot;class&quot;:&quot;&quot;,&quot;count&quot;:&quot;0&quot;,&quot;legendonly&quot;:&quot;&quot;,&quot;readonly&quot;:&quot;&quot;,&quot;score&quot;:&quot;0&quot;,&quot;starsonly&quot;:&quot;&quot;,&quot;best&quot;:&quot;5&quot;,&quot;gap&quot;:&quot;5&quot;,&quot;greet&quot;:&quot;Mums svarbus j\u016bs\u0173 \u012fvertinimas&quot;,&quot;legend&quot;:&quot;0\\\/5 - (0 votes)&quot;,&quot;size&quot;:&quot;24&quot;,&quot;title&quot;:&quot;Pintos Odos Rakt\u0173 Pakabukas su Karabinu&quot;,&quot;width&quot;:&quot;0&quot;,&quot;_legend&quot;:&quot;{score}\\\/{best} - ({count} {votes})&quot;,&quot;font_factor&quot;:&quot;1.25&quot;}'>\n            \n<div class=\"kksr-stars\">\n    \n<div class=\"kksr-stars-inactive\">\n            <div class=\"kksr-star\" data-star=\"1\" style=\"padding-right: 5px\">\n            \n\n<div class=\"kksr-icon\" style=\"width: 24px; height: 24px;\"><\/div>\n        <\/div>\n            <div class=\"kksr-star\" data-star=\"2\" style=\"padding-right: 5px\">\n            \n\n<div class=\"kksr-icon\" style=\"width: 24px; height: 24px;\"><\/div>\n        <\/div>\n            <div class=\"kksr-star\" data-star=\"3\" style=\"padding-right: 5px\">\n            \n\n<div class=\"kksr-icon\" style=\"width: 24px; height: 24px;\"><\/div>\n        <\/div>\n            <div class=\"kksr-star\" data-star=\"4\" style=\"padding-right: 5px\">\n            \n\n<div class=\"kksr-icon\" style=\"width: 24px; height: 24px;\"><\/div>\n        <\/div>\n            <div class=\"kksr-star\" data-star=\"5\" style=\"padding-right: 5px\">\n            \n\n<div class=\"kksr-icon\" style=\"width: 24px; height: 24px;\"><\/div>\n        <\/div>\n    <\/div>\n    \n<div class=\"kksr-stars-active\" style=\"width: 0px;\">\n            <div class=\"kksr-star\" style=\"padding-right: 5px\">\n            \n\n<div class=\"kksr-icon\" style=\"width: 24px; height: 24px;\"><\/div>\n        <\/div>\n            <div class=\"kksr-star\" style=\"padding-right: 5px\">\n            \n\n<div class=\"kksr-icon\" style=\"width: 24px; height: 24px;\"><\/div>\n        <\/div>\n            <div class=\"kksr-star\" style=\"padding-right: 5px\">\n            \n\n<div class=\"kksr-icon\" style=\"width: 24px; height: 24px;\"><\/div>\n        <\/div>\n            <div class=\"kksr-star\" style=\"padding-right: 5px\">\n            \n\n<div class=\"kksr-icon\" style=\"width: 24px; height: 24px;\"><\/div>\n        <\/div>\n            <div class=\"kksr-star\" style=\"padding-right: 5px\">\n            \n\n<div class=\"kksr-icon\" style=\"width: 24px; height: 24px;\"><\/div>\n        <\/div>\n    <\/div>\n<\/div>\n                \n\n<div class=\"kksr-legend\" style=\"font-size: 19.2px;\">\n            <span class=\"kksr-muted\">Ihre Bewertung ist f\u00fcr uns wichtig<\/span>\n    <\/div>\n    <\/div>\n<h3 data-start=\"0\" data-end=\"76\"><strong data-start=\"4\" data-end=\"76\">Auk\u0161tos Kokyb\u0117s Pintos Odos Rakt\u0173 Pakabukas su Karabinu<\/strong><\/h3>\n<h4 data-start=\"78\" data-end=\"102\"><strong data-start=\"83\" data-end=\"100\">\u00dcber das Produkt<\/strong><\/h4>\n<p data-start=\"103\" data-end=\"715\">\u0160is rakt\u0173 priedas pagamintas i\u0161 pintos odos. Jis pasi\u017eymi auk\u0161ta kokybe ir ilgaam\u017ei\u0161kumu. Produktas turi integruot\u0105 karabin\u0105, kuris u\u017etikrina tvirt\u0105 pritvirtinim\u0105. Pakabukas prieinamas \u012fvairiomis spalvomis, kad atitikt\u0173 skirtingus stilius. Jis skirtas motocikl\u0173, automobili\u0173 ir nam\u0173 raktams. M\u016bs\u0173 gaminys i\u0161siskiria eleganti\u0161ku dizainu ir funkcionalumu. Aksesuaras padeda i\u0161reik\u0161ti asmenin\u012f stili\u0173. Jis yra lengvas ir patvarus. Kiekviena detal\u0117 yra kruop\u0161\u010diai i\u0161dirbta, kad produktas b\u016bt\u0173 nepriekai\u0161tingas. Nor\u0117dami su\u017einoti daugiau apie m\u016bs\u0173 inovatyvius sprendimus, apsilankykite <a href=\"https:\/\/www.example.com\" target=\"_new\" rel=\"noopener\" data-start=\"684\" data-end=\"714\">hier<\/a>.<\/p>\n<h4 data-start=\"717\" data-end=\"756\"><strong data-start=\"722\" data-end=\"754\">Funktionsweise und Verwendung<\/strong><\/h4>\n<p data-start=\"757\" data-end=\"1240\">Pakabukas saugo raktus patikimai. Jis lengvai pritvirtinamas prie rakt\u0173 rinkini\u0173, kuprini\u0173 ar automobili\u0173 rakt\u0173. Karabinas u\u017etikrina, kad aksesuaras neatsiskleis net intensyvaus naudojimo metu. Naudojimo procesas yra paprastas ir intuityvus. Produktas suma\u017eina rizik\u0105 prarasti raktus. Aksesuaras yra prakti\u0161kas kasdieniam naudojimui. Jis tinka tiek asmeniniam, tiek dovan\u0173 naudojimui. Su\u017einokite daugiau apie m\u016bs\u0173 sprendimus m\u016bs\u0173 <a href=\"https:\/\/kabinam.lt\/de\/visi-produktai\/\" target=\"_new\" rel=\"noopener\" data-start=\"1187\" data-end=\"1239\">im Produktkatalog<\/a>.<\/p>\n<h4 data-start=\"1242\" data-end=\"1271\"><strong data-start=\"1247\" data-end=\"1269\">Design und Qualit\u00e4t<\/strong><\/h4>\n<p data-start=\"1272\" data-end=\"1846\">M\u016bs\u0173 pintos odos aksesuaras pasi\u017eymi moderniu ir eleganti\u0161ku dizainu. Odos pavir\u0161ius yra tvirtas ir malonus liesti. Karabinas yra integruotas patikimai ir saugiai. Produktas prieinamas \u012fvairi\u0173 spalv\u0173 variantais, tod\u0117l kiekvienas pirk\u0117jas gali pasirinkti jam tinkamiausi\u0105. Kiekviena detal\u0117 yra i\u0161dirbta precizi\u0161kai. Dizainas atitinka naujausias tendencijas ir i\u0161siskiria individualumu. Auk\u0161tos kokyb\u0117s med\u017eiaga u\u017etikrina, kad pakabukas i\u0161liks naujas net po ilgalaikio naudojimo. \u0160is aksesuaras puikiai dera su bet kokiu stiliumi ir prideda i\u0161skirtinumo j\u016bs\u0173 rakt\u0173 kolekcijai.<\/p>\n<h4 data-start=\"1848\" data-end=\"1890\"><strong data-start=\"1853\" data-end=\"1888\">Schlussfolgerungen und Vorteile der Verwendung<\/strong><\/h4>\n<p data-start=\"1891\" data-end=\"2481\">Auk\u0161tos kokyb\u0117s pintos odos rakt\u0173 pakabukas su karabinu yra ne tik stilingas, bet ir labai funkcionalus. Jis saugo raktus, u\u017etikrina j\u0173 tvark\u0105 ir atspindi asmenin\u012f stili\u0173. Produkto tvirtumas ir patvarumas leid\u017eia j\u012f naudoti kasdien be r\u016bpes\u010di\u0173. Aksesuaras yra puikus pasirinkimas dovanojimui bei asmeniniam naudojimui. Investuokite \u012f kokyb\u0119 ir originalum\u0105, kad j\u016bs\u0173 raktai visada b\u016bt\u0173 saug\u016bs ir patraukl\u016bs. Atraskite m\u016bs\u0173 kolekcij\u0105 ir raskite jums tinkamiausi\u0105 variant\u0105. Daugiau informacijos apie m\u016bs\u0173 inovatyvius sprendimus rasite m\u016bs\u0173 <a href=\"https:\/\/kabinam.lt\/de\/produkt\/\" target=\"_new\" rel=\"noopener\" data-start=\"2428\" data-end=\"2480\">im Produktkatalog<\/a>.<\/p>","protected":false},"excerpt":{"rendered":"<p>Auk\u0161tos kokyb\u0117s pintos odos rakt\u0173 pakabukas su karabinu, prieinamas \u012fvairiomis spalvomis, tvirtas ir stilingas pasirinkimas j\u016bs\u0173 raktams.<\/p>","protected":false},"featured_media":2899,"comment_status":"closed","ping_status":"closed","template":"","meta":{"_uag_custom_page_level_css":"","site-sidebar-layout":"default","site-content-layout":"","ast-site-content-layout":"default","site-content-style":"default","site-sidebar-style":"default","ast-global-header-display":"","ast-banner-title-visibility":"","ast-main-header-display":"","ast-hfb-above-header-display":"","ast-hfb-below-header-display":"","ast-hfb-mobile-header-display":"","site-post-title":"","ast-breadcrumbs-content":"","ast-featured-img":"","footer-sml-layout":"","ast-disable-related-posts":"","theme-transparent-header-meta":"default","adv-header-id-meta":"","stick-header-meta":"","header-above-stick-meta":"","header-main-stick-meta":"","header-below-stick-meta":"","astra-migrate-meta-layouts":"set","ast-page-background-enabled":"default","ast-page-background-meta":{"desktop":{"background-color":"var(--ast-global-color-4)","background-image":"","background-repeat":"repeat","background-position":"center center","background-size":"auto","background-attachment":"scroll","background-type":"","background-media":"","overlay-type":"","overlay-color":"","overlay-opacity":"","overlay-gradient":""},"tablet":{"background-color":"","background-image":"","background-repeat":"repeat","background-position":"center center","background-size":"auto","background-attachment":"scroll","background-type":"","background-media":"","overlay-type":"","overlay-color":"","overlay-opacity":"","overlay-gradient":""},"mobile":{"background-color":"","background-image":"","background-repeat":"repeat","background-position":"center center","background-size":"auto","background-attachment":"scroll","background-type":"","background-media":"","overlay-type":"","overlay-color":"","overlay-opacity":"","overlay-gradient":""}},"ast-content-background-meta":{"desktop":{"background-color":"var(--ast-global-color-5)","background-image":"","background-repeat":"repeat","background-position":"center center","background-size":"auto","background-attachment":"scroll","background-type":"","background-media":"","overlay-type":"","overlay-color":"","overlay-opacity":"","overlay-gradient":""},"tablet":{"background-color":"var(--ast-global-color-5)","background-image":"","background-repeat":"repeat","background-position":"center center","background-size":"auto","background-attachment":"scroll","background-type":"","background-media":"","overlay-type":"","overlay-color":"","overlay-opacity":"","overlay-gradient":""},"mobile":{"background-color":"var(--ast-global-color-5)","background-image":"","background-repeat":"repeat","background-position":"center center","background-size":"auto","background-attachment":"scroll","background-type":"","background-media":"","overlay-type":"","overlay-color":"","overlay-opacity":"","overlay-gradient":""}}},"product_brand":[],"product_cat":[125,126,95,118,92],"product_tag":[],"class_list":{"0":"post-2891","1":"product","2":"type-product","3":"status-publish","4":"has-post-thumbnail","6":"product_cat-halloween","7":"product_cat-visi","8":"product_cat-unikalus-raktu-pakabukai","9":"product_cat-dovana-teciui","10":"product_cat-populiariausiu-produktu-kategorija","11":"desktop-align-center","12":"tablet-align-left","13":"mobile-align-left","15":"first","16":"instock","17":"shipping-taxable","18":"purchasable","19":"product-type-variable"},"yoast_head":"<!-- This site is optimized with the Yoast SEO plugin v27.1.1 - https:\/\/yoast.com\/product\/yoast-seo-wordpress\/ -->\n<title>Pintos Odos Rakt\u0173 Pakabukas su Karabinu - kabinam.lt<\/title>\n<meta name=\"description\" content=\"Atraskite auk\u0161tos kokyb\u0117s pintos odos rakt\u0173 pakabuk\u0105 su karabinu. Stilingas, patvarus, prieinamas \u012fvairiomis spalvomis \u2013 idealus aksesuaras!\" \/>\n<meta name=\"robots\" content=\"index, follow, max-snippet:-1, max-image-preview:large, max-video-preview:-1\" \/>\n<link rel=\"canonical\" href=\"https:\/\/kabinam.lt\/de\/produkt\/odinis-raktu-pakabukas-karabinas\/\" \/>\n<meta property=\"og:locale\" content=\"de_DE\" \/>\n<meta property=\"og:type\" content=\"article\" \/>\n<meta property=\"og:title\" content=\"Pintos Odos Rakt\u0173 Pakabukas su Karabinu - kabinam.lt\" \/>\n<meta property=\"og:description\" content=\"Atraskite auk\u0161tos kokyb\u0117s pintos odos rakt\u0173 pakabuk\u0105 su karabinu. Stilingas, patvarus, prieinamas \u012fvairiomis spalvomis \u2013 idealus aksesuaras!\" \/>\n<meta property=\"og:url\" content=\"https:\/\/kabinam.lt\/de\/produkt\/odinis-raktu-pakabukas-karabinas\/\" \/>\n<meta property=\"og:site_name\" content=\"kabinam.lt\" \/>\n<meta property=\"article:modified_time\" content=\"2026-01-18T13:34:40+00:00\" \/>\n<meta property=\"og:image\" content=\"https:\/\/kabinam.lt\/wp-content\/uploads\/2024\/08\/54dc8907-1e0c-45c7-a31f-84621a5bd685.jpg\" \/>\n\t<meta property=\"og:image:width\" content=\"800\" \/>\n\t<meta property=\"og:image:height\" content=\"800\" \/>\n\t<meta property=\"og:image:type\" content=\"image\/jpeg\" \/>\n<meta name=\"twitter:card\" content=\"summary_large_image\" \/>\n<meta name=\"twitter:label1\" content=\"Gesch\u00e4tzte Lesezeit\" \/>\n\t<meta name=\"twitter:data1\" content=\"2\u00a0Minuten\" \/>\n<script type=\"application\/ld+json\" class=\"yoast-schema-graph\">{\"@context\":\"https:\/\/schema.org\",\"@graph\":[{\"@type\":[\"WebPage\",\"ItemPage\"],\"@id\":\"https:\/\/kabinam.lt\/eng\/product\/leather-key-pendant-carabiner\/\",\"url\":\"https:\/\/kabinam.lt\/eng\/product\/leather-key-pendant-carabiner\/\",\"name\":\"Pintos Odos Rakt\u0173 Pakabukas su Karabinu - kabinam.lt\",\"isPartOf\":{\"@id\":\"https:\/\/kabinam.lt\/#website\"},\"primaryImageOfPage\":{\"@id\":\"https:\/\/kabinam.lt\/eng\/product\/leather-key-pendant-carabiner\/#primaryimage\"},\"image\":{\"@id\":\"https:\/\/kabinam.lt\/eng\/product\/leather-key-pendant-carabiner\/#primaryimage\"},\"thumbnailUrl\":\"https:\/\/kabinam.lt\/wp-content\/uploads\/2024\/08\/54dc8907-1e0c-45c7-a31f-84621a5bd685.jpg\",\"datePublished\":\"2024-08-18T08:48:37+00:00\",\"dateModified\":\"2026-01-18T13:34:40+00:00\",\"description\":\"Atraskite auk\u0161tos kokyb\u0117s pintos odos rakt\u0173 pakabuk\u0105 su karabinu. Stilingas, patvarus, prieinamas \u012fvairiomis spalvomis \u2013 idealus aksesuaras!\",\"breadcrumb\":{\"@id\":\"https:\/\/kabinam.lt\/eng\/product\/leather-key-pendant-carabiner\/#breadcrumb\"},\"inLanguage\":\"de\",\"potentialAction\":[{\"@type\":\"ReadAction\",\"target\":[\"https:\/\/kabinam.lt\/eng\/product\/leather-key-pendant-carabiner\/\"]}]},{\"@type\":\"ImageObject\",\"inLanguage\":\"de\",\"@id\":\"https:\/\/kabinam.lt\/eng\/product\/leather-key-pendant-carabiner\/#primaryimage\",\"url\":\"https:\/\/kabinam.lt\/wp-content\/uploads\/2024\/08\/54dc8907-1e0c-45c7-a31f-84621a5bd685.jpg\",\"contentUrl\":\"https:\/\/kabinam.lt\/wp-content\/uploads\/2024\/08\/54dc8907-1e0c-45c7-a31f-84621a5bd685.jpg\",\"width\":800,\"height\":800,\"caption\":\"Pintos Odos Rakt\u0173 Pakabukas su Karabinu\"},{\"@type\":\"BreadcrumbList\",\"@id\":\"https:\/\/kabinam.lt\/eng\/product\/leather-key-pendant-carabiner\/#breadcrumb\",\"itemListElement\":[{\"@type\":\"ListItem\",\"position\":1,\"name\":\"Home\",\"item\":\"https:\/\/kabinam.lt\/\"},{\"@type\":\"ListItem\",\"position\":2,\"name\":\"Visi Produktai\",\"item\":\"https:\/\/kabinam.lt\/visi-produktai\/\"},{\"@type\":\"ListItem\",\"position\":3,\"name\":\"Pintos Odos Rakt\u0173 Pakabukas su Karabinu\"}]},{\"@type\":\"WebSite\",\"@id\":\"https:\/\/kabinam.lt\/#website\",\"url\":\"https:\/\/kabinam.lt\/\",\"name\":\"kabinam.lt\",\"description\":\"Kabinam.lt \u2013 raktu pakabukai ir aksesuarai\",\"publisher\":{\"@id\":\"https:\/\/kabinam.lt\/#organization\"},\"alternateName\":\"pakabukai lt\",\"potentialAction\":[{\"@type\":\"SearchAction\",\"target\":{\"@type\":\"EntryPoint\",\"urlTemplate\":\"https:\/\/kabinam.lt\/?s={search_term_string}\"},\"query-input\":{\"@type\":\"PropertyValueSpecification\",\"valueRequired\":true,\"valueName\":\"search_term_string\"}}],\"inLanguage\":\"de\"},{\"@type\":\"Organization\",\"@id\":\"https:\/\/kabinam.lt\/#organization\",\"name\":\"kabinam.lt\",\"alternateName\":\"kabinam\",\"url\":\"https:\/\/kabinam.lt\/\",\"logo\":{\"@type\":\"ImageObject\",\"inLanguage\":\"de\",\"@id\":\"https:\/\/kabinam.lt\/#\/schema\/logo\/image\/\",\"url\":\"https:\/\/kabinam.lt\/wp-content\/uploads\/2025\/05\/KABINAM_outer_glow.png\",\"contentUrl\":\"https:\/\/kabinam.lt\/wp-content\/uploads\/2025\/05\/KABINAM_outer_glow.png\",\"width\":474,\"height\":141,\"caption\":\"kabinam.lt\"},\"image\":{\"@id\":\"https:\/\/kabinam.lt\/#\/schema\/logo\/image\/\"}}]}<\/script>\n<!-- \/ Yoast SEO plugin. -->","yoast_head_json":{"title":"Pintos Odos Rakt\u0173 Pakabukas su Karabinu - kabinam.lt","description":"Atraskite auk\u0161tos kokyb\u0117s pintos odos rakt\u0173 pakabuk\u0105 su karabinu. Stilingas, patvarus, prieinamas \u012fvairiomis spalvomis \u2013 idealus aksesuaras!","robots":{"index":"index","follow":"follow","max-snippet":"max-snippet:-1","max-image-preview":"max-image-preview:large","max-video-preview":"max-video-preview:-1"},"canonical":"https:\/\/kabinam.lt\/de\/produkt\/odinis-raktu-pakabukas-karabinas\/","og_locale":"de_DE","og_type":"article","og_title":"Pintos Odos Rakt\u0173 Pakabukas su Karabinu - kabinam.lt","og_description":"Atraskite auk\u0161tos kokyb\u0117s pintos odos rakt\u0173 pakabuk\u0105 su karabinu. Stilingas, patvarus, prieinamas \u012fvairiomis spalvomis \u2013 idealus aksesuaras!","og_url":"https:\/\/kabinam.lt\/de\/produkt\/odinis-raktu-pakabukas-karabinas\/","og_site_name":"kabinam.lt","article_modified_time":"2026-01-18T13:34:40+00:00","og_image":[{"width":800,"height":800,"url":"https:\/\/kabinam.lt\/wp-content\/uploads\/2024\/08\/54dc8907-1e0c-45c7-a31f-84621a5bd685.jpg","type":"image\/jpeg"}],"twitter_card":"summary_large_image","twitter_misc":{"Gesch\u00e4tzte Lesezeit":"2\u00a0Minuten"},"schema":{"@context":"https:\/\/schema.org","@graph":[{"@type":["WebPage","ItemPage"],"@id":"https:\/\/kabinam.lt\/eng\/product\/leather-key-pendant-carabiner\/","url":"https:\/\/kabinam.lt\/eng\/product\/leather-key-pendant-carabiner\/","name":"Pintos Odos Rakt\u0173 Pakabukas su Karabinu - kabinam.lt","isPartOf":{"@id":"https:\/\/kabinam.lt\/#website"},"primaryImageOfPage":{"@id":"https:\/\/kabinam.lt\/eng\/product\/leather-key-pendant-carabiner\/#primaryimage"},"image":{"@id":"https:\/\/kabinam.lt\/eng\/product\/leather-key-pendant-carabiner\/#primaryimage"},"thumbnailUrl":"https:\/\/kabinam.lt\/wp-content\/uploads\/2024\/08\/54dc8907-1e0c-45c7-a31f-84621a5bd685.jpg","datePublished":"2024-08-18T08:48:37+00:00","dateModified":"2026-01-18T13:34:40+00:00","description":"Atraskite auk\u0161tos kokyb\u0117s pintos odos rakt\u0173 pakabuk\u0105 su karabinu. Stilingas, patvarus, prieinamas \u012fvairiomis spalvomis \u2013 idealus aksesuaras!","breadcrumb":{"@id":"https:\/\/kabinam.lt\/eng\/product\/leather-key-pendant-carabiner\/#breadcrumb"},"inLanguage":"de","potentialAction":[{"@type":"ReadAction","target":["https:\/\/kabinam.lt\/eng\/product\/leather-key-pendant-carabiner\/"]}]},{"@type":"ImageObject","inLanguage":"de","@id":"https:\/\/kabinam.lt\/eng\/product\/leather-key-pendant-carabiner\/#primaryimage","url":"https:\/\/kabinam.lt\/wp-content\/uploads\/2024\/08\/54dc8907-1e0c-45c7-a31f-84621a5bd685.jpg","contentUrl":"https:\/\/kabinam.lt\/wp-content\/uploads\/2024\/08\/54dc8907-1e0c-45c7-a31f-84621a5bd685.jpg","width":800,"height":800,"caption":"Pintos Odos Rakt\u0173 Pakabukas su Karabinu"},{"@type":"BreadcrumbList","@id":"https:\/\/kabinam.lt\/eng\/product\/leather-key-pendant-carabiner\/#breadcrumb","itemListElement":[{"@type":"ListItem","position":1,"name":"Home","item":"https:\/\/kabinam.lt\/"},{"@type":"ListItem","position":2,"name":"Visi Produktai","item":"https:\/\/kabinam.lt\/visi-produktai\/"},{"@type":"ListItem","position":3,"name":"Pintos Odos Rakt\u0173 Pakabukas su Karabinu"}]},{"@type":"WebSite","@id":"https:\/\/kabinam.lt\/#website","url":"https:\/\/kabinam.lt\/","name":"kabinam.lt","description":"Kabinam.lt - Schl\u00fcsselanh\u00e4nger und Zubeh\u00f6r","publisher":{"@id":"https:\/\/kabinam.lt\/#organization"},"alternateName":"pakabukai lt","potentialAction":[{"@type":"SearchAction","target":{"@type":"EntryPoint","urlTemplate":"https:\/\/kabinam.lt\/?s={search_term_string}"},"query-input":{"@type":"PropertyValueSpecification","valueRequired":true,"valueName":"search_term_string"}}],"inLanguage":"de"},{"@type":"Organization","@id":"https:\/\/kabinam.lt\/#organization","name":"kabinam.lt","alternateName":"kabinam","url":"https:\/\/kabinam.lt\/","logo":{"@type":"ImageObject","inLanguage":"de","@id":"https:\/\/kabinam.lt\/#\/schema\/logo\/image\/","url":"https:\/\/kabinam.lt\/wp-content\/uploads\/2025\/05\/KABINAM_outer_glow.png","contentUrl":"https:\/\/kabinam.lt\/wp-content\/uploads\/2025\/05\/KABINAM_outer_glow.png","width":474,"height":141,"caption":"kabinam.lt"},"image":{"@id":"https:\/\/kabinam.lt\/#\/schema\/logo\/image\/"}}]}},"uagb_featured_image_src":{"full":["https:\/\/kabinam.lt\/wp-content\/uploads\/2024\/08\/54dc8907-1e0c-45c7-a31f-84621a5bd685.jpg",800,800,false],"thumbnail":["https:\/\/kabinam.lt\/wp-content\/uploads\/2024\/08\/54dc8907-1e0c-45c7-a31f-84621a5bd685-150x150.jpg",150,150,true],"medium":["https:\/\/kabinam.lt\/wp-content\/uploads\/2024\/08\/54dc8907-1e0c-45c7-a31f-84621a5bd685-300x300.jpg",300,300,true],"medium_large":["https:\/\/kabinam.lt\/wp-content\/uploads\/2024\/08\/54dc8907-1e0c-45c7-a31f-84621a5bd685-768x768.jpg",768,768,true],"large":["https:\/\/kabinam.lt\/wp-content\/uploads\/2024\/08\/54dc8907-1e0c-45c7-a31f-84621a5bd685.jpg",800,800,false],"1536x1536":["https:\/\/kabinam.lt\/wp-content\/uploads\/2024\/08\/54dc8907-1e0c-45c7-a31f-84621a5bd685.jpg",800,800,false],"2048x2048":["https:\/\/kabinam.lt\/wp-content\/uploads\/2024\/08\/54dc8907-1e0c-45c7-a31f-84621a5bd685.jpg",800,800,false],"trp-custom-language-flag":["https:\/\/kabinam.lt\/wp-content\/uploads\/2024\/08\/54dc8907-1e0c-45c7-a31f-84621a5bd685.jpg",12,12,false],"woocommerce_thumbnail":["https:\/\/kabinam.lt\/wp-content\/uploads\/2024\/08\/54dc8907-1e0c-45c7-a31f-84621a5bd685-300x300.jpg",300,300,true],"woocommerce_single":["https:\/\/kabinam.lt\/wp-content\/uploads\/2024\/08\/54dc8907-1e0c-45c7-a31f-84621a5bd685-600x600.jpg",600,600,true],"woocommerce_gallery_thumbnail":["https:\/\/kabinam.lt\/wp-content\/uploads\/2024\/08\/54dc8907-1e0c-45c7-a31f-84621a5bd685-100x100.jpg",100,100,true]},"uagb_author_info":{"display_name":"kabinam.lt","author_link":"https:\/\/kabinam.lt\/de\/author\/"},"uagb_comment_info":0,"uagb_excerpt":"Auk\u0161tos kokyb\u0117s pintos odos rakt\u0173 pakabukas su karabinu, prieinamas \u012fvairiomis spalvomis, tvirtas ir stilingas pasirinkimas j\u016bs\u0173 raktams.","_links":{"self":[{"href":"https:\/\/kabinam.lt\/de\/wp-json\/wp\/v2\/product\/2891","targetHints":{"allow":["GET"]}}],"collection":[{"href":"https:\/\/kabinam.lt\/de\/wp-json\/wp\/v2\/product"}],"about":[{"href":"https:\/\/kabinam.lt\/de\/wp-json\/wp\/v2\/types\/product"}],"replies":[{"embeddable":true,"href":"https:\/\/kabinam.lt\/de\/wp-json\/wp\/v2\/comments?post=2891"}],"wp:featuredmedia":[{"embeddable":true,"href":"https:\/\/kabinam.lt\/de\/wp-json\/wp\/v2\/media\/2899"}],"wp:attachment":[{"href":"https:\/\/kabinam.lt\/de\/wp-json\/wp\/v2\/media?parent=2891"}],"wp:term":[{"taxonomy":"product_brand","embeddable":true,"href":"https:\/\/kabinam.lt\/de\/wp-json\/wp\/v2\/product_brand?post=2891"},{"taxonomy":"product_cat","embeddable":true,"href":"https:\/\/kabinam.lt\/de\/wp-json\/wp\/v2\/product_cat?post=2891"},{"taxonomy":"product_tag","embeddable":true,"href":"https:\/\/kabinam.lt\/de\/wp-json\/wp\/v2\/product_tag?post=2891"}],"curies":[{"name":"wp","href":"https:\/\/api.w.org\/{rel}","templated":true}]}}