{"id":2877,"date":"2024-08-18T11:34:28","date_gmt":"2024-08-18T08:34:28","guid":{"rendered":"https:\/\/kabinam.lt\/?post_type=product&#038;p=2877"},"modified":"2026-01-03T18:49:56","modified_gmt":"2026-01-03T16:49:56","slug":"metall-anhanger-regenbogen-katze","status":"publish","type":"product","link":"https:\/\/kabinam.lt\/de\/product\/metalinis-pakabukas-rainbow-cat\/","title":{"rendered":"Metallanh\u00e4nger Rainbow Cat"},"content":{"rendered":"<div class=\"kk-star-ratings kksr-auto kksr-align-left kksr-valign-top\"\n    data-payload='{&quot;align&quot;:&quot;left&quot;,&quot;id&quot;:&quot;2877&quot;,&quot;slug&quot;:&quot;default&quot;,&quot;valign&quot;:&quot;top&quot;,&quot;ignore&quot;:&quot;&quot;,&quot;reference&quot;:&quot;auto&quot;,&quot;class&quot;:&quot;&quot;,&quot;count&quot;:&quot;0&quot;,&quot;legendonly&quot;:&quot;&quot;,&quot;readonly&quot;:&quot;&quot;,&quot;score&quot;:&quot;0&quot;,&quot;starsonly&quot;:&quot;&quot;,&quot;best&quot;:&quot;5&quot;,&quot;gap&quot;:&quot;5&quot;,&quot;greet&quot;:&quot;Mums svarbus j\u016bs\u0173 \u012fvertinimas&quot;,&quot;legend&quot;:&quot;0\\\/5 - (0 votes)&quot;,&quot;size&quot;:&quot;24&quot;,&quot;title&quot;:&quot;Metalinis pakabukas Rainbow Cat&quot;,&quot;width&quot;:&quot;0&quot;,&quot;_legend&quot;:&quot;{score}\\\/{best} - ({count} {votes})&quot;,&quot;font_factor&quot;:&quot;1.25&quot;}'>\n            \n<div class=\"kksr-stars\">\n    \n<div class=\"kksr-stars-inactive\">\n            <div class=\"kksr-star\" data-star=\"1\" style=\"padding-right: 5px\">\n            \n\n<div class=\"kksr-icon\" style=\"width: 24px; height: 24px;\"><\/div>\n        <\/div>\n            <div class=\"kksr-star\" data-star=\"2\" style=\"padding-right: 5px\">\n            \n\n<div class=\"kksr-icon\" style=\"width: 24px; height: 24px;\"><\/div>\n        <\/div>\n            <div class=\"kksr-star\" data-star=\"3\" style=\"padding-right: 5px\">\n            \n\n<div class=\"kksr-icon\" style=\"width: 24px; height: 24px;\"><\/div>\n        <\/div>\n            <div class=\"kksr-star\" data-star=\"4\" style=\"padding-right: 5px\">\n            \n\n<div class=\"kksr-icon\" style=\"width: 24px; height: 24px;\"><\/div>\n        <\/div>\n            <div class=\"kksr-star\" data-star=\"5\" style=\"padding-right: 5px\">\n            \n\n<div class=\"kksr-icon\" style=\"width: 24px; height: 24px;\"><\/div>\n        <\/div>\n    <\/div>\n    \n<div class=\"kksr-stars-active\" style=\"width: 0px;\">\n            <div class=\"kksr-star\" style=\"padding-right: 5px\">\n            \n\n<div class=\"kksr-icon\" style=\"width: 24px; height: 24px;\"><\/div>\n        <\/div>\n            <div class=\"kksr-star\" style=\"padding-right: 5px\">\n            \n\n<div class=\"kksr-icon\" style=\"width: 24px; height: 24px;\"><\/div>\n        <\/div>\n            <div class=\"kksr-star\" style=\"padding-right: 5px\">\n            \n\n<div class=\"kksr-icon\" style=\"width: 24px; height: 24px;\"><\/div>\n        <\/div>\n            <div class=\"kksr-star\" style=\"padding-right: 5px\">\n            \n\n<div class=\"kksr-icon\" style=\"width: 24px; height: 24px;\"><\/div>\n        <\/div>\n            <div class=\"kksr-star\" style=\"padding-right: 5px\">\n            \n\n<div class=\"kksr-icon\" style=\"width: 24px; height: 24px;\"><\/div>\n        <\/div>\n    <\/div>\n<\/div>\n                \n\n<div class=\"kksr-legend\" style=\"font-size: 19.2px;\">\n            <span class=\"kksr-muted\">Ihre Bewertung ist f\u00fcr uns wichtig<\/span>\n    <\/div>\n    <\/div>\n<h4 data-start=\"85\" data-end=\"109\"><strong data-start=\"90\" data-end=\"107\">\u00dcber das Produkt<\/strong><\/h4>\n<p data-start=\"110\" data-end=\"1172\">Der Metallanh\u00e4nger Regenbogenkatze ist ein einzigartiges Accessoire f\u00fcr alle, die ihren pers\u00f6nlichen Stil und ihre Kreativit\u00e4t zum Ausdruck bringen m\u00f6chten. Der Metallanh\u00e4nger Regenbogenkatze hat die markante Form einer Katze und einen Cham\u00e4leon-Farbeffekt, der je nach Lichteinfall die Schattierungen \u00e4ndert. Aus hochwertigem Metall gefertigt, ist dieser Anh\u00e4nger robust, verschlei\u00dffest und langlebig. Jedes Detail ist sorgf\u00e4ltig ausgearbeitet, und die Katzensilhouette verleiht dem Accessoire einen verspielten und modernen Touch. Das Produkt ist vielseitig einsetzbar und eignet sich f\u00fcr Auto-, Motorrad- und Hausschl\u00fcssel und kann auch als originelles Dekorationselement verwendet werden.<br data-start=\"744\" data-end=\"747\" \/>Dieser Regenbogen-Katzenanh\u00e4nger aus Metall ist f\u00fcr alle, die auffallen und ihre Individualit\u00e4t betonen wollen. Sein innovatives Design erm\u00f6glicht es Ihnen, die Farben zu wechseln, was dem Accessoire ein Gef\u00fchl von Dynamik verleiht. Dieses Produkt ist die perfekte Wahl f\u00fcr Modebegeisterte und alle, die einzigartige und funktionelle L\u00f6sungen sch\u00e4tzen. Das exklusive Katzendesign und der Cham\u00e4leoneffekt sorgen f\u00fcr einen visuell ansprechenden Eindruck, den Sie nicht vergessen werden.<\/p>\n<h4 data-start=\"1174\" data-end=\"1213\"><strong data-start=\"1179\" data-end=\"1211\">Funktionsweise und Verwendung<\/strong><\/h4>\n<p data-start=\"1214\" data-end=\"1981\">Der Regenbogenkatzen-Metall-Schl\u00fcsselanh\u00e4nger bewahrt Ihre Schl\u00fcssel sicher und gesch\u00fctzt auf. Der robuste Metallring und der integrierte Karabiner sorgen f\u00fcr eine sichere Befestigung an Schl\u00fcsselbund, Rucksack oder G\u00fcrtel. Durch die einfache Handhabung l\u00e4sst sich dieses Accessoire schnell und einfach anbringen und ist somit perfekt f\u00fcr den t\u00e4glichen Gebrauch geeignet. Dank der vielseitigen Gr\u00f6\u00dfe und des kompakten Designs kann das Produkt \u00fcberall getragen werden und minimiert das Risiko, Schl\u00fcssel zu verlieren. Mit dem Metallanh\u00e4nger Regenbogenkatze sorgen Sie f\u00fcr Ordnung und verleihen Ihrem pers\u00f6nlichen Stil eine besondere Note.<br data-start=\"1755\" data-end=\"1758\" \/>Dar\u00fcber hinaus kann dieses Accessoire auch als Geschenk verwendet werden. Sein originelles Design zieht die Aufmerksamkeit auf sich und weckt Interesse. Mit diesem Produkt sind Ihre Schl\u00fcssel nicht nur sicher, sondern erg\u00e4nzen auch Ihren Alltagslook.<\/p>\n<h4 data-start=\"1983\" data-end=\"2012\"><strong data-start=\"1988\" data-end=\"2010\">Design und Qualit\u00e4t<\/strong><\/h4>\n<p data-start=\"2013\" data-end=\"2089\">Die Pendelleuchte aus Metall hat ein modernes, minimalistisches Design.<\/p>\n<ul data-start=\"2090\" data-end=\"2760\">\n<li data-start=\"2090\" data-end=\"2161\"><strong data-start=\"2092\" data-end=\"2105\">Material:<\/strong> Hochwertiges Metall f\u00fcr lange Haltbarkeit.<\/li>\n<li data-start=\"2162\" data-end=\"2252\"><strong data-start=\"2164\" data-end=\"2176\">Farben:<\/strong> Cham\u00e4leon-Effekt f\u00fcr wechselnde Farbt\u00f6ne - hell und bunt.<\/li>\n<li data-start=\"2253\" data-end=\"2331\"><strong data-start=\"2255\" data-end=\"2265\">Gr\u00f6\u00dfe:<\/strong> Kompakt, aber auff\u00e4llig, geeignet f\u00fcr verschiedene Schl\u00fcsselgr\u00f6\u00dfen.<\/li>\n<li data-start=\"2332\" data-end=\"2411\"><strong data-start=\"2334\" data-end=\"2346\">Merkmale:<\/strong> Katzenform, ausgepr\u00e4gter Regenbogeneffekt, robuste Befestigung.<\/li>\n<li data-start=\"2412\" data-end=\"2760\"><strong data-start=\"2414\" data-end=\"2430\">Reparieren:<\/strong> Metallring und Karabiner f\u00fcr eine sichere Verbindung mit den Schl\u00fcsseln.<br data-start=\"2511\" data-end=\"2514\" \/>Der Herstellungsprozess ist akribisch und jedes Detail ist genauestens ausgearbeitet, um dem Produkt den h\u00f6chsten \u00e4sthetischen und funktionalen Wert zu verleihen. Dank des modernen Designs kann dieses Accessoire als modisches Zubeh\u00f6r dienen und Ihren pers\u00f6nlichen Stil erg\u00e4nzen.<\/li>\n<\/ul>\n<h4 data-start=\"2762\" data-end=\"2793\"><strong data-start=\"2767\" data-end=\"2791\">Warum w\u00e4hlen?<\/strong><\/h4>\n<p data-start=\"2794\" data-end=\"3584\">Die Investition in einen Metallanh\u00e4nger mit Regenbogenkatze ist eine kluge Entscheidung f\u00fcr alle, die Qualit\u00e4t, Originalit\u00e4t und Funktionalit\u00e4t sch\u00e4tzen. Dieses Produkt hilft, Ihre Schl\u00fcssel sicher aufzubewahren, bietet ein unverwechselbares Design und einen dynamischen Farbeffekt. Er erf\u00fcllt perfekt die Anforderungen an moderne Accessoires und sein einzigartiges Katzendesign zieht die Aufmerksamkeit auf sich und l\u00e4sst Sie aus der Masse herausstechen. Wenn Sie Ihren Schl\u00fcsselbund um ein einzigartiges Accessoire erg\u00e4nzen m\u00f6chten oder ein originelles Geschenk suchen, ist der Metallanh\u00e4nger Rainbow Cat die ideale Wahl.<br data-start=\"3313\" data-end=\"3316\" \/>Siehe auch unser <a href=\"https:\/\/kabinam.lt\/de\/visi-produktai\/\" target=\"_new\" rel=\"noopener\" data-start=\"3497\" data-end=\"3550\">Produktkatalog<\/a> f\u00fcr mehr originelle L\u00f6sungen.<\/p>","protected":false},"excerpt":{"rendered":"<p>Metallanh\u00e4nger Regenbogenkatze - ein originelles, robustes und farbenfrohes Accessoire in Form einer Katze zum Schutz und zur Dekoration Ihrer Schl\u00fcssel.<\/p>","protected":false},"featured_media":2878,"comment_status":"closed","ping_status":"closed","template":"","meta":{"_uag_custom_page_level_css":"","site-sidebar-layout":"default","site-content-layout":"","ast-site-content-layout":"default","site-content-style":"default","site-sidebar-style":"default","ast-global-header-display":"","ast-banner-title-visibility":"","ast-main-header-display":"","ast-hfb-above-header-display":"","ast-hfb-below-header-display":"","ast-hfb-mobile-header-display":"","site-post-title":"","ast-breadcrumbs-content":"","ast-featured-img":"","footer-sml-layout":"","ast-disable-related-posts":"","theme-transparent-header-meta":"default","adv-header-id-meta":"","stick-header-meta":"","header-above-stick-meta":"","header-main-stick-meta":"","header-below-stick-meta":"","astra-migrate-meta-layouts":"set","ast-page-background-enabled":"default","ast-page-background-meta":{"desktop":{"background-color":"var(--ast-global-color-4)","background-image":"","background-repeat":"repeat","background-position":"center center","background-size":"auto","background-attachment":"scroll","background-type":"","background-media":"","overlay-type":"","overlay-color":"","overlay-opacity":"","overlay-gradient":""},"tablet":{"background-color":"","background-image":"","background-repeat":"repeat","background-position":"center center","background-size":"auto","background-attachment":"scroll","background-type":"","background-media":"","overlay-type":"","overlay-color":"","overlay-opacity":"","overlay-gradient":""},"mobile":{"background-color":"","background-image":"","background-repeat":"repeat","background-position":"center center","background-size":"auto","background-attachment":"scroll","background-type":"","background-media":"","overlay-type":"","overlay-color":"","overlay-opacity":"","overlay-gradient":""}},"ast-content-background-meta":{"desktop":{"background-color":"var(--ast-global-color-5)","background-image":"","background-repeat":"repeat","background-position":"center center","background-size":"auto","background-attachment":"scroll","background-type":"","background-media":"","overlay-type":"","overlay-color":"","overlay-opacity":"","overlay-gradient":""},"tablet":{"background-color":"var(--ast-global-color-5)","background-image":"","background-repeat":"repeat","background-position":"center center","background-size":"auto","background-attachment":"scroll","background-type":"","background-media":"","overlay-type":"","overlay-color":"","overlay-opacity":"","overlay-gradient":""},"mobile":{"background-color":"var(--ast-global-color-5)","background-image":"","background-repeat":"repeat","background-position":"center center","background-size":"auto","background-attachment":"scroll","background-type":"","background-media":"","overlay-type":"","overlay-color":"","overlay-opacity":"","overlay-gradient":""}}},"product_brand":[],"product_cat":[125,126,116,95,118,92],"product_tag":[],"class_list":{"0":"post-2877","1":"product","2":"type-product","3":"status-publish","4":"has-post-thumbnail","6":"product_cat-halloween","7":"product_cat-visi","8":"product_cat-metaliniai-raktu-pakabukai","9":"product_cat-unikalus-raktu-pakabukai","10":"product_cat-dovana-teciui","11":"product_cat-populiariausiu-produktu-kategorija","12":"desktop-align-center","13":"tablet-align-left","14":"mobile-align-left","16":"first","17":"instock","18":"shipping-taxable","19":"purchasable","20":"product-type-simple"},"yoast_head":"<!-- This site is optimized with the Yoast SEO plugin v27.1.1 - https:\/\/yoast.com\/product\/yoast-seo-wordpress\/ -->\n<title>Metalinis pakabukas Rainbow Cat - kabinam.lt<\/title>\n<meta name=\"description\" content=\"Metalinis pakabukas rainbow cat \u2013 unikalus chameleono spalv\u0173 aksesuaras. Tvirtas, stilingas ir funkcionalus pasirinkimas j\u016bs\u0173 raktams!\" \/>\n<meta name=\"robots\" content=\"index, follow, max-snippet:-1, max-image-preview:large, max-video-preview:-1\" \/>\n<link rel=\"canonical\" href=\"https:\/\/kabinam.lt\/de\/produkt\/metall-anhanger-regenbogen-katze\/\" \/>\n<meta property=\"og:locale\" content=\"de_DE\" \/>\n<meta property=\"og:type\" content=\"article\" \/>\n<meta property=\"og:title\" content=\"Metalinis pakabukas Rainbow Cat - kabinam.lt\" \/>\n<meta property=\"og:description\" content=\"Metalinis pakabukas rainbow cat \u2013 unikalus chameleono spalv\u0173 aksesuaras. Tvirtas, stilingas ir funkcionalus pasirinkimas j\u016bs\u0173 raktams!\" \/>\n<meta property=\"og:url\" content=\"https:\/\/kabinam.lt\/de\/produkt\/metall-anhanger-regenbogen-katze\/\" \/>\n<meta property=\"og:site_name\" content=\"kabinam.lt\" \/>\n<meta property=\"article:modified_time\" content=\"2026-01-03T16:49:56+00:00\" \/>\n<meta property=\"og:image\" content=\"https:\/\/kabinam.lt\/wp-content\/uploads\/2024\/08\/70b8b00b-14b9-4f83-b447-8894ac50398d.jpg\" \/>\n\t<meta property=\"og:image:width\" content=\"800\" \/>\n\t<meta property=\"og:image:height\" content=\"800\" \/>\n\t<meta property=\"og:image:type\" content=\"image\/jpeg\" \/>\n<meta name=\"twitter:card\" content=\"summary_large_image\" \/>\n<meta name=\"twitter:label1\" content=\"Gesch\u00e4tzte Lesezeit\" \/>\n\t<meta name=\"twitter:data1\" content=\"3\u00a0Minuten\" \/>\n<script type=\"application\/ld+json\" class=\"yoast-schema-graph\">{\"@context\":\"https:\/\/schema.org\",\"@graph\":[{\"@type\":[\"WebPage\",\"ItemPage\"],\"@id\":\"https:\/\/kabinam.lt\/lt\/product\/metalinis-pakabukas-rainbow-cat\/\",\"url\":\"https:\/\/kabinam.lt\/lt\/product\/metalinis-pakabukas-rainbow-cat\/\",\"name\":\"Metalinis pakabukas Rainbow Cat - kabinam.lt\",\"isPartOf\":{\"@id\":\"https:\/\/kabinam.lt\/#website\"},\"primaryImageOfPage\":{\"@id\":\"https:\/\/kabinam.lt\/lt\/product\/metalinis-pakabukas-rainbow-cat\/#primaryimage\"},\"image\":{\"@id\":\"https:\/\/kabinam.lt\/lt\/product\/metalinis-pakabukas-rainbow-cat\/#primaryimage\"},\"thumbnailUrl\":\"https:\/\/kabinam.lt\/wp-content\/uploads\/2024\/08\/70b8b00b-14b9-4f83-b447-8894ac50398d.jpg\",\"datePublished\":\"2024-08-18T08:34:28+00:00\",\"dateModified\":\"2026-01-03T16:49:56+00:00\",\"description\":\"Metalinis pakabukas rainbow cat \u2013 unikalus chameleono spalv\u0173 aksesuaras. Tvirtas, stilingas ir funkcionalus pasirinkimas j\u016bs\u0173 raktams!\",\"breadcrumb\":{\"@id\":\"https:\/\/kabinam.lt\/lt\/product\/metalinis-pakabukas-rainbow-cat\/#breadcrumb\"},\"inLanguage\":\"de\",\"potentialAction\":[{\"@type\":\"ReadAction\",\"target\":[\"https:\/\/kabinam.lt\/lt\/product\/metalinis-pakabukas-rainbow-cat\/\"]}]},{\"@type\":\"ImageObject\",\"inLanguage\":\"de\",\"@id\":\"https:\/\/kabinam.lt\/lt\/product\/metalinis-pakabukas-rainbow-cat\/#primaryimage\",\"url\":\"https:\/\/kabinam.lt\/wp-content\/uploads\/2024\/08\/70b8b00b-14b9-4f83-b447-8894ac50398d.jpg\",\"contentUrl\":\"https:\/\/kabinam.lt\/wp-content\/uploads\/2024\/08\/70b8b00b-14b9-4f83-b447-8894ac50398d.jpg\",\"width\":800,\"height\":800,\"caption\":\"Metalinis pakabukas rainbow cat \u2013 chameleono spalv\u0173 kat\u0117s formos aksesuaras.\"},{\"@type\":\"BreadcrumbList\",\"@id\":\"https:\/\/kabinam.lt\/lt\/product\/metalinis-pakabukas-rainbow-cat\/#breadcrumb\",\"itemListElement\":[{\"@type\":\"ListItem\",\"position\":1,\"name\":\"Home\",\"item\":\"https:\/\/kabinam.lt\/\"},{\"@type\":\"ListItem\",\"position\":2,\"name\":\"Visi Produktai\",\"item\":\"https:\/\/kabinam.lt\/visi-produktai\/\"},{\"@type\":\"ListItem\",\"position\":3,\"name\":\"Metalinis pakabukas Rainbow Cat\"}]},{\"@type\":\"WebSite\",\"@id\":\"https:\/\/kabinam.lt\/#website\",\"url\":\"https:\/\/kabinam.lt\/\",\"name\":\"kabinam.lt\",\"description\":\"Kabinam.lt \u2013 raktu pakabukai ir aksesuarai\",\"publisher\":{\"@id\":\"https:\/\/kabinam.lt\/#organization\"},\"alternateName\":\"pakabukai lt\",\"potentialAction\":[{\"@type\":\"SearchAction\",\"target\":{\"@type\":\"EntryPoint\",\"urlTemplate\":\"https:\/\/kabinam.lt\/?s={search_term_string}\"},\"query-input\":{\"@type\":\"PropertyValueSpecification\",\"valueRequired\":true,\"valueName\":\"search_term_string\"}}],\"inLanguage\":\"de\"},{\"@type\":\"Organization\",\"@id\":\"https:\/\/kabinam.lt\/#organization\",\"name\":\"kabinam.lt\",\"alternateName\":\"kabinam\",\"url\":\"https:\/\/kabinam.lt\/\",\"logo\":{\"@type\":\"ImageObject\",\"inLanguage\":\"de\",\"@id\":\"https:\/\/kabinam.lt\/#\/schema\/logo\/image\/\",\"url\":\"https:\/\/kabinam.lt\/wp-content\/uploads\/2025\/05\/KABINAM_outer_glow.png\",\"contentUrl\":\"https:\/\/kabinam.lt\/wp-content\/uploads\/2025\/05\/KABINAM_outer_glow.png\",\"width\":474,\"height\":141,\"caption\":\"kabinam.lt\"},\"image\":{\"@id\":\"https:\/\/kabinam.lt\/#\/schema\/logo\/image\/\"}}]}<\/script>\n<!-- \/ Yoast SEO plugin. -->","yoast_head_json":{"title":"Metall-Anh\u00e4nger Regenbogen Katze - kabinam.lt","description":"Regenbogenkatze Metallanh\u00e4nger - ein einzigartiges cham\u00e4leonfarbenes Accessoire. Eine robuste, stilvolle und funktionelle Wahl f\u00fcr Ihre Schl\u00fcssel!","robots":{"index":"index","follow":"follow","max-snippet":"max-snippet:-1","max-image-preview":"max-image-preview:large","max-video-preview":"max-video-preview:-1"},"canonical":"https:\/\/kabinam.lt\/de\/produkt\/metall-anhanger-regenbogen-katze\/","og_locale":"de_DE","og_type":"article","og_title":"Metalinis pakabukas Rainbow Cat - kabinam.lt","og_description":"Metalinis pakabukas rainbow cat \u2013 unikalus chameleono spalv\u0173 aksesuaras. Tvirtas, stilingas ir funkcionalus pasirinkimas j\u016bs\u0173 raktams!","og_url":"https:\/\/kabinam.lt\/de\/produkt\/metall-anhanger-regenbogen-katze\/","og_site_name":"kabinam.lt","article_modified_time":"2026-01-03T16:49:56+00:00","og_image":[{"width":800,"height":800,"url":"https:\/\/kabinam.lt\/wp-content\/uploads\/2024\/08\/70b8b00b-14b9-4f83-b447-8894ac50398d.jpg","type":"image\/jpeg"}],"twitter_card":"summary_large_image","twitter_misc":{"Gesch\u00e4tzte Lesezeit":"3\u00a0Minuten"},"schema":{"@context":"https:\/\/schema.org","@graph":[{"@type":["WebPage","ItemPage"],"@id":"https:\/\/kabinam.lt\/lt\/product\/metalinis-pakabukas-rainbow-cat\/","url":"https:\/\/kabinam.lt\/lt\/product\/metalinis-pakabukas-rainbow-cat\/","name":"Metall-Anh\u00e4nger Regenbogen Katze - kabinam.lt","isPartOf":{"@id":"https:\/\/kabinam.lt\/#website"},"primaryImageOfPage":{"@id":"https:\/\/kabinam.lt\/lt\/product\/metalinis-pakabukas-rainbow-cat\/#primaryimage"},"image":{"@id":"https:\/\/kabinam.lt\/lt\/product\/metalinis-pakabukas-rainbow-cat\/#primaryimage"},"thumbnailUrl":"https:\/\/kabinam.lt\/wp-content\/uploads\/2024\/08\/70b8b00b-14b9-4f83-b447-8894ac50398d.jpg","datePublished":"2024-08-18T08:34:28+00:00","dateModified":"2026-01-03T16:49:56+00:00","description":"Regenbogenkatze Metallanh\u00e4nger - ein einzigartiges cham\u00e4leonfarbenes Accessoire. Eine robuste, stilvolle und funktionelle Wahl f\u00fcr Ihre Schl\u00fcssel!","breadcrumb":{"@id":"https:\/\/kabinam.lt\/lt\/product\/metalinis-pakabukas-rainbow-cat\/#breadcrumb"},"inLanguage":"de","potentialAction":[{"@type":"ReadAction","target":["https:\/\/kabinam.lt\/lt\/product\/metalinis-pakabukas-rainbow-cat\/"]}]},{"@type":"ImageObject","inLanguage":"de","@id":"https:\/\/kabinam.lt\/lt\/product\/metalinis-pakabukas-rainbow-cat\/#primaryimage","url":"https:\/\/kabinam.lt\/wp-content\/uploads\/2024\/08\/70b8b00b-14b9-4f83-b447-8894ac50398d.jpg","contentUrl":"https:\/\/kabinam.lt\/wp-content\/uploads\/2024\/08\/70b8b00b-14b9-4f83-b447-8894ac50398d.jpg","width":800,"height":800,"caption":"Metalinis pakabukas rainbow cat \u2013 chameleono spalv\u0173 kat\u0117s formos aksesuaras."},{"@type":"BreadcrumbList","@id":"https:\/\/kabinam.lt\/lt\/product\/metalinis-pakabukas-rainbow-cat\/#breadcrumb","itemListElement":[{"@type":"ListItem","position":1,"name":"Home","item":"https:\/\/kabinam.lt\/"},{"@type":"ListItem","position":2,"name":"Visi Produktai","item":"https:\/\/kabinam.lt\/visi-produktai\/"},{"@type":"ListItem","position":3,"name":"Metalinis pakabukas Rainbow Cat"}]},{"@type":"WebSite","@id":"https:\/\/kabinam.lt\/#website","url":"https:\/\/kabinam.lt\/","name":"kabinam.lt","description":"Kabinam.lt - Schl\u00fcsselanh\u00e4nger und Zubeh\u00f6r","publisher":{"@id":"https:\/\/kabinam.lt\/#organization"},"alternateName":"pakabukai lt","potentialAction":[{"@type":"SearchAction","target":{"@type":"EntryPoint","urlTemplate":"https:\/\/kabinam.lt\/?s={search_term_string}"},"query-input":{"@type":"PropertyValueSpecification","valueRequired":true,"valueName":"search_term_string"}}],"inLanguage":"de"},{"@type":"Organization","@id":"https:\/\/kabinam.lt\/#organization","name":"kabinam.lt","alternateName":"kabinam","url":"https:\/\/kabinam.lt\/","logo":{"@type":"ImageObject","inLanguage":"de","@id":"https:\/\/kabinam.lt\/#\/schema\/logo\/image\/","url":"https:\/\/kabinam.lt\/wp-content\/uploads\/2025\/05\/KABINAM_outer_glow.png","contentUrl":"https:\/\/kabinam.lt\/wp-content\/uploads\/2025\/05\/KABINAM_outer_glow.png","width":474,"height":141,"caption":"kabinam.lt"},"image":{"@id":"https:\/\/kabinam.lt\/#\/schema\/logo\/image\/"}}]}},"uagb_featured_image_src":{"full":["https:\/\/kabinam.lt\/wp-content\/uploads\/2024\/08\/70b8b00b-14b9-4f83-b447-8894ac50398d.jpg",800,800,false],"thumbnail":["https:\/\/kabinam.lt\/wp-content\/uploads\/2024\/08\/70b8b00b-14b9-4f83-b447-8894ac50398d-150x150.jpg",150,150,true],"medium":["https:\/\/kabinam.lt\/wp-content\/uploads\/2024\/08\/70b8b00b-14b9-4f83-b447-8894ac50398d-300x300.jpg",300,300,true],"medium_large":["https:\/\/kabinam.lt\/wp-content\/uploads\/2024\/08\/70b8b00b-14b9-4f83-b447-8894ac50398d-768x768.jpg",768,768,true],"large":["https:\/\/kabinam.lt\/wp-content\/uploads\/2024\/08\/70b8b00b-14b9-4f83-b447-8894ac50398d.jpg",800,800,false],"1536x1536":["https:\/\/kabinam.lt\/wp-content\/uploads\/2024\/08\/70b8b00b-14b9-4f83-b447-8894ac50398d.jpg",800,800,false],"2048x2048":["https:\/\/kabinam.lt\/wp-content\/uploads\/2024\/08\/70b8b00b-14b9-4f83-b447-8894ac50398d.jpg",800,800,false],"trp-custom-language-flag":["https:\/\/kabinam.lt\/wp-content\/uploads\/2024\/08\/70b8b00b-14b9-4f83-b447-8894ac50398d.jpg",12,12,false],"woocommerce_thumbnail":["https:\/\/kabinam.lt\/wp-content\/uploads\/2024\/08\/70b8b00b-14b9-4f83-b447-8894ac50398d-300x300.jpg",300,300,true],"woocommerce_single":["https:\/\/kabinam.lt\/wp-content\/uploads\/2024\/08\/70b8b00b-14b9-4f83-b447-8894ac50398d-600x600.jpg",600,600,true],"woocommerce_gallery_thumbnail":["https:\/\/kabinam.lt\/wp-content\/uploads\/2024\/08\/70b8b00b-14b9-4f83-b447-8894ac50398d-100x100.jpg",100,100,true]},"uagb_author_info":{"display_name":"kabinam.lt","author_link":"https:\/\/kabinam.lt\/de\/author\/"},"uagb_comment_info":0,"uagb_excerpt":"Metalinis pakabukas rainbow cat \u2013 originalus, tvirtas ir spalvingas kat\u0117s formos aksesuaras, sukurtas apsaugoti ir papuo\u0161ti j\u016bs\u0173 raktus.","_links":{"self":[{"href":"https:\/\/kabinam.lt\/de\/wp-json\/wp\/v2\/product\/2877","targetHints":{"allow":["GET"]}}],"collection":[{"href":"https:\/\/kabinam.lt\/de\/wp-json\/wp\/v2\/product"}],"about":[{"href":"https:\/\/kabinam.lt\/de\/wp-json\/wp\/v2\/types\/product"}],"replies":[{"embeddable":true,"href":"https:\/\/kabinam.lt\/de\/wp-json\/wp\/v2\/comments?post=2877"}],"wp:featuredmedia":[{"embeddable":true,"href":"https:\/\/kabinam.lt\/de\/wp-json\/wp\/v2\/media\/2878"}],"wp:attachment":[{"href":"https:\/\/kabinam.lt\/de\/wp-json\/wp\/v2\/media?parent=2877"}],"wp:term":[{"taxonomy":"product_brand","embeddable":true,"href":"https:\/\/kabinam.lt\/de\/wp-json\/wp\/v2\/product_brand?post=2877"},{"taxonomy":"product_cat","embeddable":true,"href":"https:\/\/kabinam.lt\/de\/wp-json\/wp\/v2\/product_cat?post=2877"},{"taxonomy":"product_tag","embeddable":true,"href":"https:\/\/kabinam.lt\/de\/wp-json\/wp\/v2\/product_tag?post=2877"}],"curies":[{"name":"wp","href":"https:\/\/api.w.org\/{rel}","templated":true}]}}