{"id":2848,"date":"2024-08-18T11:14:47","date_gmt":"2024-08-18T08:14:47","guid":{"rendered":"https:\/\/kabinam.lt\/?post_type=product&#038;p=2848"},"modified":"2026-01-03T18:49:56","modified_gmt":"2026-01-03T16:49:56","slug":"childs-play-chucky-metall-schlusselanhanger","status":"publish","type":"product","link":"https:\/\/kabinam.lt\/de\/product\/childs-play-chucky-metalinis-raktu-pakabukas\/","title":{"rendered":"Child's Play Chucky Schl\u00fcsselanh\u00e4nger aus Metall"},"content":{"rendered":"<div class=\"kk-star-ratings kksr-auto kksr-align-left kksr-valign-top\"\n    data-payload='{&quot;align&quot;:&quot;left&quot;,&quot;id&quot;:&quot;2848&quot;,&quot;slug&quot;:&quot;default&quot;,&quot;valign&quot;:&quot;top&quot;,&quot;ignore&quot;:&quot;&quot;,&quot;reference&quot;:&quot;auto&quot;,&quot;class&quot;:&quot;&quot;,&quot;count&quot;:&quot;0&quot;,&quot;legendonly&quot;:&quot;&quot;,&quot;readonly&quot;:&quot;&quot;,&quot;score&quot;:&quot;0&quot;,&quot;starsonly&quot;:&quot;&quot;,&quot;best&quot;:&quot;5&quot;,&quot;gap&quot;:&quot;5&quot;,&quot;greet&quot;:&quot;Mums svarbus j\u016bs\u0173 \u012fvertinimas&quot;,&quot;legend&quot;:&quot;0\\\/5 - (0 votes)&quot;,&quot;size&quot;:&quot;24&quot;,&quot;title&quot;:&quot;Child\\u0026#039;s Play Chucky metalinis rakt\u0173 pakabukas&quot;,&quot;width&quot;:&quot;0&quot;,&quot;_legend&quot;:&quot;{score}\\\/{best} - ({count} {votes})&quot;,&quot;font_factor&quot;:&quot;1.25&quot;}'>\n            \n<div class=\"kksr-stars\">\n    \n<div class=\"kksr-stars-inactive\">\n            <div class=\"kksr-star\" data-star=\"1\" style=\"padding-right: 5px\">\n            \n\n<div class=\"kksr-icon\" style=\"width: 24px; height: 24px;\"><\/div>\n        <\/div>\n            <div class=\"kksr-star\" data-star=\"2\" style=\"padding-right: 5px\">\n            \n\n<div class=\"kksr-icon\" style=\"width: 24px; height: 24px;\"><\/div>\n        <\/div>\n            <div class=\"kksr-star\" data-star=\"3\" style=\"padding-right: 5px\">\n            \n\n<div class=\"kksr-icon\" style=\"width: 24px; height: 24px;\"><\/div>\n        <\/div>\n            <div class=\"kksr-star\" data-star=\"4\" style=\"padding-right: 5px\">\n            \n\n<div class=\"kksr-icon\" style=\"width: 24px; height: 24px;\"><\/div>\n        <\/div>\n            <div class=\"kksr-star\" data-star=\"5\" style=\"padding-right: 5px\">\n            \n\n<div class=\"kksr-icon\" style=\"width: 24px; height: 24px;\"><\/div>\n        <\/div>\n    <\/div>\n    \n<div class=\"kksr-stars-active\" style=\"width: 0px;\">\n            <div class=\"kksr-star\" style=\"padding-right: 5px\">\n            \n\n<div class=\"kksr-icon\" style=\"width: 24px; height: 24px;\"><\/div>\n        <\/div>\n            <div class=\"kksr-star\" style=\"padding-right: 5px\">\n            \n\n<div class=\"kksr-icon\" style=\"width: 24px; height: 24px;\"><\/div>\n        <\/div>\n            <div class=\"kksr-star\" style=\"padding-right: 5px\">\n            \n\n<div class=\"kksr-icon\" style=\"width: 24px; height: 24px;\"><\/div>\n        <\/div>\n            <div class=\"kksr-star\" style=\"padding-right: 5px\">\n            \n\n<div class=\"kksr-icon\" style=\"width: 24px; height: 24px;\"><\/div>\n        <\/div>\n            <div class=\"kksr-star\" style=\"padding-right: 5px\">\n            \n\n<div class=\"kksr-icon\" style=\"width: 24px; height: 24px;\"><\/div>\n        <\/div>\n    <\/div>\n<\/div>\n                \n\n<div class=\"kksr-legend\" style=\"font-size: 19.2px;\">\n            <span class=\"kksr-muted\">Ihre Bewertung ist f\u00fcr uns wichtig<\/span>\n    <\/div>\n    <\/div>\n<h4 data-start=\"83\" data-end=\"107\"><strong data-start=\"88\" data-end=\"105\">\u00dcber das Produkt<\/strong><\/h4>\n<p data-start=\"108\" data-end=\"893\">childs play. chucky. metalinis rakt\u0173 pakabukas. \u2013 tai originalus aksesuaras, sukurtas siaubo filmo gerb\u0117jams. Produktas pagamintas i\u0161 auk\u0161tos kokyb\u0117s metalo, o pagrindas \u2013 juoda med\u017eiaga \u2013 u\u017etikrina tvirtum\u0105 ir ilgaam\u017ei\u0161kum\u0105. Ant pakabuko i\u0161graviruotas u\u017era\u0161as \u201eIN THE DARKEST HOUR WHEN THE DEMONS COME CALL ON ME BROTHER AND WE WILL FIGHT THEM TOGETHER\u201d yra ai\u0161kus ir matomas d\u0117l kontrasting\u0173 balt\u0173 raid\u017ei\u0173. Be to, ant aksesuaro integruotos dvi animacinio stiliaus fig\u016bros, susikibusios rankomis, perteikia bendr\u0105 kovos dvasi\u0105 ir vienyb\u0119. Pakabukas turi sta\u010diakampio form\u0105 su u\u017eapvalintais kampais ir pritvirtintas prie metalinio \u017eiedelio bei grandin\u0117l\u0117s. \u0160is aksesuaras tinka motocikl\u0173, automobili\u0173 bei nam\u0173 raktams ir perteikia motyvuojan\u010di\u0105 \u017einut\u0119, skatinan\u010di\u0105 bendr\u0105 kovos dvasi\u0105.<\/p>\n<h4 data-start=\"895\" data-end=\"934\"><strong data-start=\"900\" data-end=\"932\">Funktionsweise und Verwendung<\/strong><\/h4>\n<p data-start=\"935\" data-end=\"1546\">childs play. chucky. metalinis rakt\u0173 pakabukas. saugo j\u016bs\u0173 raktus patikimai. Tvirtas metalinis \u017eiedelis ir integruotas karabinas leid\u017eia lengvai pritvirtinti aksesuar\u0105 prie rakt\u0173 rinkinio, kuprin\u0117s ar dir\u017eo. Universalus dizainas tinka \u012fvairaus dyd\u017eio rakt\u0173 komplektams. Naudojimo procesas yra intuityvus ir paprastas. Aksesuaras i\u0161laiko savo form\u0105 net po intensyvaus kasdienio naudojimo. Jei norite su\u017einoti daugiau apie efektyvius rakt\u0173 laikymo sprendimus, apsilankykite <a target=\"_new\" rel=\"noopener\" data-start=\"1407\" data-end=\"1468\">Externe Ressource<\/a> oder sehen Sie sich unser <a href=\"https:\/\/kabinam.lt\/de\/visi-produktai\/\" target=\"_new\" rel=\"noopener\" data-start=\"1492\" data-end=\"1545\">Produktkatalog<\/a>.<\/p>\n<h4 data-start=\"1548\" data-end=\"1577\"><strong data-start=\"1553\" data-end=\"1575\">Design und Qualit\u00e4t<\/strong><\/h4>\n<p data-start=\"1578\" data-end=\"2139\">Dizainas yra modernus ir i\u0161skirtinis. Juoda med\u017eiaga su baltu i\u0161graviruotu u\u017era\u0161u suteikia aksesuarui elegancijos, o dvi animacinio stiliaus fig\u016bros, susikibusios rankomis, prideda dinami\u0161kumo. Sta\u010diakampio forma su u\u017eapvalintais kampais pabr\u0117\u017eia tvirtum\u0105 ir profesional\u0173 apdorojim\u0105. Auk\u0161tos kokyb\u0117s metalas u\u017etikrina, kad produktas i\u0161liks naujas net po ilgalaikio naudojimo. Tvirtas karabinas ir metalinis \u017eiedelis garantuoja patikim\u0105 pritvirtinim\u0105 prie rakt\u0173. \u0160is produktas atitinka \u0161iuolaikini\u0173 aksesuar\u0173 tendencijas ir suteikia j\u016bs\u0173 raktams unikal\u0173 akcent\u0105.<\/p>\n<h4 data-start=\"2141\" data-end=\"2172\"><strong data-start=\"2146\" data-end=\"2170\">Warum w\u00e4hlen?<\/strong><\/h4>\n<p data-start=\"2173\" data-end=\"2722\">Investuodami \u012f childs play. chucky. metalinis rakt\u0173 pakabukas., j\u016bs pasirenkate originalum\u0105 ir patikimum\u0105. \u0160is aksesuaras saugo j\u016bs\u0173 raktus ir perteikia stipri\u0105 motyvuojan\u010di\u0105 \u017einut\u0119. Jo originalus u\u017era\u0161as ir animacin\u0117s fig\u016bros \u012fkvepia bendryst\u0119 bei kovos dvasi\u0105. Universalus dizainas tinka tiek motocikl\u0173, tiek automobili\u0173 ir nam\u0173 raktams. Investavimas \u012f \u0161\u012f produkt\u0105 rodo, kad vertinate kokyb\u0119, inovatyvius sprendimus ir dr\u0105s\u0173 po\u017ei\u016br\u012f \u012f gyvenim\u0105. Pasirinkdami \u0161\u012f pakabuk\u0105, j\u016bs papildysite savo asmenin\u012f stili\u0173 ir leisite savo raktams kalb\u0117ti u\u017e jus.<\/p>","protected":false},"excerpt":{"rendered":"<p>Apie Produkt\u0105 childs play. chucky. metalinis rakt\u0173 pakabukas. \u2013 tai originalus aksesuaras, sukurtas siaubo filmo gerb\u0117jams. Produktas pagamintas i\u0161 auk\u0161tos kokyb\u0117s metalo, o pagrindas \u2013 juoda med\u017eiaga \u2013 u\u017etikrina tvirtum\u0105 ir ilgaam\u017ei\u0161kum\u0105. Ant pakabuko i\u0161graviruotas u\u017era\u0161as &#8222;IN THE DARKEST HOUR WHEN THE DEMONS COME CALL ON ME BROTHER AND WE WILL FIGHT THEM TOGETHER&#8221; yra [&hellip;]<\/p>\n","protected":false},"featured_media":2849,"comment_status":"closed","ping_status":"closed","template":"","meta":{"_uag_custom_page_level_css":"","site-sidebar-layout":"default","site-content-layout":"","ast-site-content-layout":"default","site-content-style":"default","site-sidebar-style":"default","ast-global-header-display":"","ast-banner-title-visibility":"","ast-main-header-display":"","ast-hfb-above-header-display":"","ast-hfb-below-header-display":"","ast-hfb-mobile-header-display":"","site-post-title":"","ast-breadcrumbs-content":"","ast-featured-img":"","footer-sml-layout":"","ast-disable-related-posts":"","theme-transparent-header-meta":"default","adv-header-id-meta":"","stick-header-meta":"","header-above-stick-meta":"","header-main-stick-meta":"","header-below-stick-meta":"","astra-migrate-meta-layouts":"set","ast-page-background-enabled":"default","ast-page-background-meta":{"desktop":{"background-color":"var(--ast-global-color-4)","background-image":"","background-repeat":"repeat","background-position":"center center","background-size":"auto","background-attachment":"scroll","background-type":"","background-media":"","overlay-type":"","overlay-color":"","overlay-opacity":"","overlay-gradient":""},"tablet":{"background-color":"","background-image":"","background-repeat":"repeat","background-position":"center center","background-size":"auto","background-attachment":"scroll","background-type":"","background-media":"","overlay-type":"","overlay-color":"","overlay-opacity":"","overlay-gradient":""},"mobile":{"background-color":"","background-image":"","background-repeat":"repeat","background-position":"center center","background-size":"auto","background-attachment":"scroll","background-type":"","background-media":"","overlay-type":"","overlay-color":"","overlay-opacity":"","overlay-gradient":""}},"ast-content-background-meta":{"desktop":{"background-color":"var(--ast-global-color-5)","background-image":"","background-repeat":"repeat","background-position":"center center","background-size":"auto","background-attachment":"scroll","background-type":"","background-media":"","overlay-type":"","overlay-color":"","overlay-opacity":"","overlay-gradient":""},"tablet":{"background-color":"var(--ast-global-color-5)","background-image":"","background-repeat":"repeat","background-position":"center center","background-size":"auto","background-attachment":"scroll","background-type":"","background-media":"","overlay-type":"","overlay-color":"","overlay-opacity":"","overlay-gradient":""},"mobile":{"background-color":"var(--ast-global-color-5)","background-image":"","background-repeat":"repeat","background-position":"center center","background-size":"auto","background-attachment":"scroll","background-type":"","background-media":"","overlay-type":"","overlay-color":"","overlay-opacity":"","overlay-gradient":""}}},"product_brand":[],"product_cat":[125,126,116,95,118],"product_tag":[],"class_list":{"0":"post-2848","1":"product","2":"type-product","3":"status-publish","4":"has-post-thumbnail","6":"product_cat-halloween","7":"product_cat-visi","8":"product_cat-metaliniai-raktu-pakabukai","9":"product_cat-unikalus-raktu-pakabukai","10":"product_cat-dovana-teciui","11":"desktop-align-center","12":"tablet-align-left","13":"mobile-align-left","15":"first","16":"instock","17":"shipping-taxable","18":"purchasable","19":"product-type-simple"},"yoast_head":"<!-- This site is optimized with the Yoast SEO plugin v27.1.1 - https:\/\/yoast.com\/product\/yoast-seo-wordpress\/ -->\n<title>Child&#039;s Play Chucky metalinis rakt\u0173 pakabukas - kabinam.lt<\/title>\n<meta name=\"description\" content=\"Child&#039;s Play Chucky metalinis rakt\u0173 pakabukas \u2013 originalus siaubo filmo aksesuaras su u\u017era\u0161u ir animacin\u0117mis fig\u016bromis. Tvirtas ir unikalus pasirinkimas\" \/>\n<meta name=\"robots\" content=\"index, follow, max-snippet:-1, max-image-preview:large, max-video-preview:-1\" \/>\n<link rel=\"canonical\" href=\"https:\/\/kabinam.lt\/de\/produkt\/childs-play-chucky-metall-schlusselanhanger\/\" \/>\n<meta property=\"og:locale\" content=\"de_DE\" \/>\n<meta property=\"og:type\" content=\"article\" \/>\n<meta property=\"og:title\" content=\"Child&#039;s Play Chucky metalinis rakt\u0173 pakabukas - kabinam.lt\" \/>\n<meta property=\"og:description\" content=\"Child&#039;s Play Chucky metalinis rakt\u0173 pakabukas \u2013 originalus siaubo filmo aksesuaras su u\u017era\u0161u ir animacin\u0117mis fig\u016bromis. Tvirtas ir unikalus pasirinkimas\" \/>\n<meta property=\"og:url\" content=\"https:\/\/kabinam.lt\/de\/produkt\/childs-play-chucky-metall-schlusselanhanger\/\" \/>\n<meta property=\"og:site_name\" content=\"kabinam.lt\" \/>\n<meta property=\"article:modified_time\" content=\"2026-01-03T16:49:56+00:00\" \/>\n<meta property=\"og:image\" content=\"https:\/\/kabinam.lt\/wp-content\/uploads\/2024\/08\/21e5f06c3757f5a9f3414bd482ff7afa.jpg\" \/>\n\t<meta property=\"og:image:width\" content=\"800\" \/>\n\t<meta property=\"og:image:height\" content=\"800\" \/>\n\t<meta property=\"og:image:type\" content=\"image\/jpeg\" \/>\n<meta name=\"twitter:card\" content=\"summary_large_image\" \/>\n<meta name=\"twitter:label1\" content=\"Gesch\u00e4tzte Lesezeit\" \/>\n\t<meta name=\"twitter:data1\" content=\"2\u00a0Minuten\" \/>\n<script type=\"application\/ld+json\" class=\"yoast-schema-graph\">{\"@context\":\"https:\/\/schema.org\",\"@graph\":[{\"@type\":[\"WebPage\",\"ItemPage\"],\"@id\":\"https:\/\/kabinam.lt\/lv\/produkts\/bernu-speles-cakija-metala-atslegu-piekarins\/\",\"url\":\"https:\/\/kabinam.lt\/lv\/produkts\/bernu-speles-cakija-metala-atslegu-piekarins\/\",\"name\":\"Child's Play Chucky metalinis rakt\u0173 pakabukas - kabinam.lt\",\"isPartOf\":{\"@id\":\"https:\/\/kabinam.lt\/#website\"},\"primaryImageOfPage\":{\"@id\":\"https:\/\/kabinam.lt\/lv\/produkts\/bernu-speles-cakija-metala-atslegu-piekarins\/#primaryimage\"},\"image\":{\"@id\":\"https:\/\/kabinam.lt\/lv\/produkts\/bernu-speles-cakija-metala-atslegu-piekarins\/#primaryimage\"},\"thumbnailUrl\":\"https:\/\/kabinam.lt\/wp-content\/uploads\/2024\/08\/21e5f06c3757f5a9f3414bd482ff7afa.jpg\",\"datePublished\":\"2024-08-18T08:14:47+00:00\",\"dateModified\":\"2026-01-03T16:49:56+00:00\",\"description\":\"Child's Play Chucky metalinis rakt\u0173 pakabukas \u2013 originalus siaubo filmo aksesuaras su u\u017era\u0161u ir animacin\u0117mis fig\u016bromis. Tvirtas ir unikalus pasirinkimas\",\"breadcrumb\":{\"@id\":\"https:\/\/kabinam.lt\/lv\/produkts\/bernu-speles-cakija-metala-atslegu-piekarins\/#breadcrumb\"},\"inLanguage\":\"de\",\"potentialAction\":[{\"@type\":\"ReadAction\",\"target\":[\"https:\/\/kabinam.lt\/lv\/produkts\/bernu-speles-cakija-metala-atslegu-piekarins\/\"]}]},{\"@type\":\"ImageObject\",\"inLanguage\":\"de\",\"@id\":\"https:\/\/kabinam.lt\/lv\/produkts\/bernu-speles-cakija-metala-atslegu-piekarins\/#primaryimage\",\"url\":\"https:\/\/kabinam.lt\/wp-content\/uploads\/2024\/08\/21e5f06c3757f5a9f3414bd482ff7afa.jpg\",\"contentUrl\":\"https:\/\/kabinam.lt\/wp-content\/uploads\/2024\/08\/21e5f06c3757f5a9f3414bd482ff7afa.jpg\",\"width\":800,\"height\":800,\"caption\":\"Child's Play Chucky metalinis rakt\u0173 pakabukas \u2013 siaubo filmo herojus\"},{\"@type\":\"BreadcrumbList\",\"@id\":\"https:\/\/kabinam.lt\/lv\/produkts\/bernu-speles-cakija-metala-atslegu-piekarins\/#breadcrumb\",\"itemListElement\":[{\"@type\":\"ListItem\",\"position\":1,\"name\":\"Home\",\"item\":\"https:\/\/kabinam.lt\/\"},{\"@type\":\"ListItem\",\"position\":2,\"name\":\"Visi Produktai\",\"item\":\"https:\/\/kabinam.lt\/visi-produktai\/\"},{\"@type\":\"ListItem\",\"position\":3,\"name\":\"Child&#8217;s Play Chucky metalinis rakt\u0173 pakabukas\"}]},{\"@type\":\"WebSite\",\"@id\":\"https:\/\/kabinam.lt\/#website\",\"url\":\"https:\/\/kabinam.lt\/\",\"name\":\"kabinam.lt\",\"description\":\"Kabinam.lt \u2013 raktu pakabukai ir aksesuarai\",\"publisher\":{\"@id\":\"https:\/\/kabinam.lt\/#organization\"},\"alternateName\":\"pakabukai lt\",\"potentialAction\":[{\"@type\":\"SearchAction\",\"target\":{\"@type\":\"EntryPoint\",\"urlTemplate\":\"https:\/\/kabinam.lt\/?s={search_term_string}\"},\"query-input\":{\"@type\":\"PropertyValueSpecification\",\"valueRequired\":true,\"valueName\":\"search_term_string\"}}],\"inLanguage\":\"de\"},{\"@type\":\"Organization\",\"@id\":\"https:\/\/kabinam.lt\/#organization\",\"name\":\"kabinam.lt\",\"alternateName\":\"kabinam\",\"url\":\"https:\/\/kabinam.lt\/\",\"logo\":{\"@type\":\"ImageObject\",\"inLanguage\":\"de\",\"@id\":\"https:\/\/kabinam.lt\/#\/schema\/logo\/image\/\",\"url\":\"https:\/\/kabinam.lt\/wp-content\/uploads\/2025\/05\/KABINAM_outer_glow.png\",\"contentUrl\":\"https:\/\/kabinam.lt\/wp-content\/uploads\/2025\/05\/KABINAM_outer_glow.png\",\"width\":474,\"height\":141,\"caption\":\"kabinam.lt\"},\"image\":{\"@id\":\"https:\/\/kabinam.lt\/#\/schema\/logo\/image\/\"}}]}<\/script>\n<!-- \/ Yoast SEO plugin. -->","yoast_head_json":{"title":"Child's Play Chucky metallischer Schl\u00fcsselanh\u00e4nger - kabinam.lt","description":"Child's Play Chucky Metallschl\u00fcsselanh\u00e4nger \u2013 originaler Horrorfilm-Accessoire mit Aufschrift und animierten Figuren. Stabiles und einzigartiges Geschenk","robots":{"index":"index","follow":"follow","max-snippet":"max-snippet:-1","max-image-preview":"max-image-preview:large","max-video-preview":"max-video-preview:-1"},"canonical":"https:\/\/kabinam.lt\/de\/produkt\/childs-play-chucky-metall-schlusselanhanger\/","og_locale":"de_DE","og_type":"article","og_title":"Child's Play Chucky metalinis rakt\u0173 pakabukas - kabinam.lt","og_description":"Child's Play Chucky metalinis rakt\u0173 pakabukas \u2013 originalus siaubo filmo aksesuaras su u\u017era\u0161u ir animacin\u0117mis fig\u016bromis. Tvirtas ir unikalus pasirinkimas","og_url":"https:\/\/kabinam.lt\/de\/produkt\/childs-play-chucky-metall-schlusselanhanger\/","og_site_name":"kabinam.lt","article_modified_time":"2026-01-03T16:49:56+00:00","og_image":[{"width":800,"height":800,"url":"https:\/\/kabinam.lt\/wp-content\/uploads\/2024\/08\/21e5f06c3757f5a9f3414bd482ff7afa.jpg","type":"image\/jpeg"}],"twitter_card":"summary_large_image","twitter_misc":{"Gesch\u00e4tzte Lesezeit":"2\u00a0Minuten"},"schema":{"@context":"https:\/\/schema.org","@graph":[{"@type":["WebPage","ItemPage"],"@id":"https:\/\/kabinam.lt\/lv\/produkts\/bernu-speles-cakija-metala-atslegu-piekarins\/","url":"https:\/\/kabinam.lt\/lv\/produkts\/bernu-speles-cakija-metala-atslegu-piekarins\/","name":"Child's Play Chucky metallischer Schl\u00fcsselanh\u00e4nger - kabinam.lt","isPartOf":{"@id":"https:\/\/kabinam.lt\/#website"},"primaryImageOfPage":{"@id":"https:\/\/kabinam.lt\/lv\/produkts\/bernu-speles-cakija-metala-atslegu-piekarins\/#primaryimage"},"image":{"@id":"https:\/\/kabinam.lt\/lv\/produkts\/bernu-speles-cakija-metala-atslegu-piekarins\/#primaryimage"},"thumbnailUrl":"https:\/\/kabinam.lt\/wp-content\/uploads\/2024\/08\/21e5f06c3757f5a9f3414bd482ff7afa.jpg","datePublished":"2024-08-18T08:14:47+00:00","dateModified":"2026-01-03T16:49:56+00:00","description":"Child's Play Chucky Metallschl\u00fcsselanh\u00e4nger \u2013 originaler Horrorfilm-Accessoire mit Aufschrift und animierten Figuren. Stabiles und einzigartiges Geschenk","breadcrumb":{"@id":"https:\/\/kabinam.lt\/lv\/produkts\/bernu-speles-cakija-metala-atslegu-piekarins\/#breadcrumb"},"inLanguage":"de","potentialAction":[{"@type":"ReadAction","target":["https:\/\/kabinam.lt\/lv\/produkts\/bernu-speles-cakija-metala-atslegu-piekarins\/"]}]},{"@type":"ImageObject","inLanguage":"de","@id":"https:\/\/kabinam.lt\/lv\/produkts\/bernu-speles-cakija-metala-atslegu-piekarins\/#primaryimage","url":"https:\/\/kabinam.lt\/wp-content\/uploads\/2024\/08\/21e5f06c3757f5a9f3414bd482ff7afa.jpg","contentUrl":"https:\/\/kabinam.lt\/wp-content\/uploads\/2024\/08\/21e5f06c3757f5a9f3414bd482ff7afa.jpg","width":800,"height":800,"caption":"Child's Play Chucky metalinis rakt\u0173 pakabukas \u2013 siaubo filmo herojus"},{"@type":"BreadcrumbList","@id":"https:\/\/kabinam.lt\/lv\/produkts\/bernu-speles-cakija-metala-atslegu-piekarins\/#breadcrumb","itemListElement":[{"@type":"ListItem","position":1,"name":"Home","item":"https:\/\/kabinam.lt\/"},{"@type":"ListItem","position":2,"name":"Visi Produktai","item":"https:\/\/kabinam.lt\/visi-produktai\/"},{"@type":"ListItem","position":3,"name":"Child&#8217;s Play Chucky metalinis rakt\u0173 pakabukas"}]},{"@type":"WebSite","@id":"https:\/\/kabinam.lt\/#website","url":"https:\/\/kabinam.lt\/","name":"kabinam.lt","description":"Kabinam.lt - Schl\u00fcsselanh\u00e4nger und Zubeh\u00f6r","publisher":{"@id":"https:\/\/kabinam.lt\/#organization"},"alternateName":"pakabukai lt","potentialAction":[{"@type":"SearchAction","target":{"@type":"EntryPoint","urlTemplate":"https:\/\/kabinam.lt\/?s={search_term_string}"},"query-input":{"@type":"PropertyValueSpecification","valueRequired":true,"valueName":"search_term_string"}}],"inLanguage":"de"},{"@type":"Organization","@id":"https:\/\/kabinam.lt\/#organization","name":"kabinam.lt","alternateName":"kabinam","url":"https:\/\/kabinam.lt\/","logo":{"@type":"ImageObject","inLanguage":"de","@id":"https:\/\/kabinam.lt\/#\/schema\/logo\/image\/","url":"https:\/\/kabinam.lt\/wp-content\/uploads\/2025\/05\/KABINAM_outer_glow.png","contentUrl":"https:\/\/kabinam.lt\/wp-content\/uploads\/2025\/05\/KABINAM_outer_glow.png","width":474,"height":141,"caption":"kabinam.lt"},"image":{"@id":"https:\/\/kabinam.lt\/#\/schema\/logo\/image\/"}}]}},"uagb_featured_image_src":{"full":["https:\/\/kabinam.lt\/wp-content\/uploads\/2024\/08\/21e5f06c3757f5a9f3414bd482ff7afa.jpg",800,800,false],"thumbnail":["https:\/\/kabinam.lt\/wp-content\/uploads\/2024\/08\/21e5f06c3757f5a9f3414bd482ff7afa-150x150.jpg",150,150,true],"medium":["https:\/\/kabinam.lt\/wp-content\/uploads\/2024\/08\/21e5f06c3757f5a9f3414bd482ff7afa-300x300.jpg",300,300,true],"medium_large":["https:\/\/kabinam.lt\/wp-content\/uploads\/2024\/08\/21e5f06c3757f5a9f3414bd482ff7afa-768x768.jpg",768,768,true],"large":["https:\/\/kabinam.lt\/wp-content\/uploads\/2024\/08\/21e5f06c3757f5a9f3414bd482ff7afa.jpg",800,800,false],"1536x1536":["https:\/\/kabinam.lt\/wp-content\/uploads\/2024\/08\/21e5f06c3757f5a9f3414bd482ff7afa.jpg",800,800,false],"2048x2048":["https:\/\/kabinam.lt\/wp-content\/uploads\/2024\/08\/21e5f06c3757f5a9f3414bd482ff7afa.jpg",800,800,false],"trp-custom-language-flag":["https:\/\/kabinam.lt\/wp-content\/uploads\/2024\/08\/21e5f06c3757f5a9f3414bd482ff7afa.jpg",12,12,false],"woocommerce_thumbnail":["https:\/\/kabinam.lt\/wp-content\/uploads\/2024\/08\/21e5f06c3757f5a9f3414bd482ff7afa-300x300.jpg",300,300,true],"woocommerce_single":["https:\/\/kabinam.lt\/wp-content\/uploads\/2024\/08\/21e5f06c3757f5a9f3414bd482ff7afa-600x600.jpg",600,600,true],"woocommerce_gallery_thumbnail":["https:\/\/kabinam.lt\/wp-content\/uploads\/2024\/08\/21e5f06c3757f5a9f3414bd482ff7afa-100x100.jpg",100,100,true]},"uagb_author_info":{"display_name":"kabinam.lt","author_link":"https:\/\/kabinam.lt\/de\/author\/"},"uagb_comment_info":0,"uagb_excerpt":"Apie Produkt\u0105 childs play. chucky. metalinis rakt\u0173 pakabukas. \u2013 tai originalus aksesuaras, sukurtas siaubo filmo gerb\u0117jams. Produktas pagamintas i\u0161 auk\u0161tos kokyb\u0117s metalo, o pagrindas \u2013 juoda med\u017eiaga \u2013 u\u017etikrina tvirtum\u0105 ir ilgaam\u017ei\u0161kum\u0105. Ant pakabuko i\u0161graviruotas u\u017era\u0161as &#8222;IN THE DARKEST HOUR WHEN THE DEMONS COME CALL ON ME BROTHER AND WE WILL FIGHT THEM TOGETHER&#8221; yra&hellip;","_links":{"self":[{"href":"https:\/\/kabinam.lt\/de\/wp-json\/wp\/v2\/product\/2848","targetHints":{"allow":["GET"]}}],"collection":[{"href":"https:\/\/kabinam.lt\/de\/wp-json\/wp\/v2\/product"}],"about":[{"href":"https:\/\/kabinam.lt\/de\/wp-json\/wp\/v2\/types\/product"}],"replies":[{"embeddable":true,"href":"https:\/\/kabinam.lt\/de\/wp-json\/wp\/v2\/comments?post=2848"}],"wp:featuredmedia":[{"embeddable":true,"href":"https:\/\/kabinam.lt\/de\/wp-json\/wp\/v2\/media\/2849"}],"wp:attachment":[{"href":"https:\/\/kabinam.lt\/de\/wp-json\/wp\/v2\/media?parent=2848"}],"wp:term":[{"taxonomy":"product_brand","embeddable":true,"href":"https:\/\/kabinam.lt\/de\/wp-json\/wp\/v2\/product_brand?post=2848"},{"taxonomy":"product_cat","embeddable":true,"href":"https:\/\/kabinam.lt\/de\/wp-json\/wp\/v2\/product_cat?post=2848"},{"taxonomy":"product_tag","embeddable":true,"href":"https:\/\/kabinam.lt\/de\/wp-json\/wp\/v2\/product_tag?post=2848"}],"curies":[{"name":"wp","href":"https:\/\/api.w.org\/{rel}","templated":true}]}}