{"id":2844,"date":"2024-08-18T11:07:09","date_gmt":"2024-08-18T08:07:09","guid":{"rendered":"https:\/\/kabinam.lt\/?post_type=product&#038;p=2844"},"modified":"2026-01-24T16:57:31","modified_gmt":"2026-01-24T14:57:31","slug":"metall-anhanger-barbier","status":"publish","type":"product","link":"https:\/\/kabinam.lt\/de\/product\/metalinis-pakabukas-barber\/","title":{"rendered":"Anh\u00e4nger \u201eBarbier\u201d"},"content":{"rendered":"<div class=\"kk-star-ratings kksr-auto kksr-align-left kksr-valign-top\"\n    data-payload='{&quot;align&quot;:&quot;left&quot;,&quot;id&quot;:&quot;2844&quot;,&quot;slug&quot;:&quot;default&quot;,&quot;valign&quot;:&quot;top&quot;,&quot;ignore&quot;:&quot;&quot;,&quot;reference&quot;:&quot;auto&quot;,&quot;class&quot;:&quot;&quot;,&quot;count&quot;:&quot;0&quot;,&quot;legendonly&quot;:&quot;&quot;,&quot;readonly&quot;:&quot;&quot;,&quot;score&quot;:&quot;0&quot;,&quot;starsonly&quot;:&quot;&quot;,&quot;best&quot;:&quot;5&quot;,&quot;gap&quot;:&quot;5&quot;,&quot;greet&quot;:&quot;Mums svarbus j\u016bs\u0173 \u012fvertinimas&quot;,&quot;legend&quot;:&quot;0\\\/5 - (0 votes)&quot;,&quot;size&quot;:&quot;24&quot;,&quot;title&quot;:&quot;Pakabukas \\u0026quot;Barber\\u0026quot;&quot;,&quot;width&quot;:&quot;0&quot;,&quot;_legend&quot;:&quot;{score}\\\/{best} - ({count} {votes})&quot;,&quot;font_factor&quot;:&quot;1.25&quot;}'>\n            \n<div class=\"kksr-stars\">\n    \n<div class=\"kksr-stars-inactive\">\n            <div class=\"kksr-star\" data-star=\"1\" style=\"padding-right: 5px\">\n            \n\n<div class=\"kksr-icon\" style=\"width: 24px; height: 24px;\"><\/div>\n        <\/div>\n            <div class=\"kksr-star\" data-star=\"2\" style=\"padding-right: 5px\">\n            \n\n<div class=\"kksr-icon\" style=\"width: 24px; height: 24px;\"><\/div>\n        <\/div>\n            <div class=\"kksr-star\" data-star=\"3\" style=\"padding-right: 5px\">\n            \n\n<div class=\"kksr-icon\" style=\"width: 24px; height: 24px;\"><\/div>\n        <\/div>\n            <div class=\"kksr-star\" data-star=\"4\" style=\"padding-right: 5px\">\n            \n\n<div class=\"kksr-icon\" style=\"width: 24px; height: 24px;\"><\/div>\n        <\/div>\n            <div class=\"kksr-star\" data-star=\"5\" style=\"padding-right: 5px\">\n            \n\n<div class=\"kksr-icon\" style=\"width: 24px; height: 24px;\"><\/div>\n        <\/div>\n    <\/div>\n    \n<div class=\"kksr-stars-active\" style=\"width: 0px;\">\n            <div class=\"kksr-star\" style=\"padding-right: 5px\">\n            \n\n<div class=\"kksr-icon\" style=\"width: 24px; height: 24px;\"><\/div>\n        <\/div>\n            <div class=\"kksr-star\" style=\"padding-right: 5px\">\n            \n\n<div class=\"kksr-icon\" style=\"width: 24px; height: 24px;\"><\/div>\n        <\/div>\n            <div class=\"kksr-star\" style=\"padding-right: 5px\">\n            \n\n<div class=\"kksr-icon\" style=\"width: 24px; height: 24px;\"><\/div>\n        <\/div>\n            <div class=\"kksr-star\" style=\"padding-right: 5px\">\n            \n\n<div class=\"kksr-icon\" style=\"width: 24px; height: 24px;\"><\/div>\n        <\/div>\n            <div class=\"kksr-star\" style=\"padding-right: 5px\">\n            \n\n<div class=\"kksr-icon\" style=\"width: 24px; height: 24px;\"><\/div>\n        <\/div>\n    <\/div>\n<\/div>\n                \n\n<div class=\"kksr-legend\" style=\"font-size: 19.2px;\">\n            <span class=\"kksr-muted\">Ihre Bewertung ist f\u00fcr uns wichtig<\/span>\n    <\/div>\n    <\/div>\n<h4 data-start=\"77\" data-end=\"101\"><strong data-start=\"82\" data-end=\"99\">\u00dcber das Produkt<\/strong><\/h4>\n<p data-start=\"102\" data-end=\"831\">Metalinis pakabukas Barber yra unikalus aksesuaras, sukurtas atspind\u0117ti kirp\u0117j\u0173 men\u0105. Jis pagamintas i\u0161 auk\u0161tos kokyb\u0117s metalo, kuris u\u017etikrina patvarum\u0105 ir ilgaam\u017ei\u0161kum\u0105. Pakabuko dizainas imituoja tikrus kirp\u0117j\u0173 \u012frankius. Jame yra miniati\u016brin\u0117s \u017eirkl\u0117s, plauk\u0173 d\u017eiovintuvas ir \u0161ukos. Visi trys elementai yra pagaminti i\u0161 sidabrin\u0117s spalvos metalo. Kiekviena detal\u0117 atkuria pilno dyd\u017eio objekt\u0173 miniati\u016bras. Produktas pasi\u017eymi originalumu ir i\u0161skirtiniu stiliumi. Jis puikiai tinka automobili\u0173, motocikl\u0173 ar nam\u0173 raktams. \u0160is aksesuaras yra skirtas tiems, kurie nori parodyti savo ry\u0161\u012f su kirp\u0117j\u0173 profesija. Nor\u0117dami su\u017einoti daugiau apie m\u016bs\u0173 kirp\u0117j\u0173 aksesuarus, apsilankykite <a target=\"_new\" rel=\"noopener\" data-start=\"781\" data-end=\"830\">hier<\/a>.<\/p>\n<h4 data-start=\"833\" data-end=\"872\"><strong data-start=\"838\" data-end=\"870\">Funktionsweise und Verwendung<\/strong><\/h4>\n<p data-start=\"873\" data-end=\"1374\">Pakabukas Barber saugo j\u016bs\u0173 raktus patikimai. Jo tvirta konstrukcija ir integruotas karabinas u\u017etikrina, kad raktai liks saugiai pritvirtinti. Naudojimas yra intuityvus ir paprastas. Aksesuaras yra lengvas, tod\u0117l j\u012f galima ne\u0161iotis kiekvien\u0105 dien\u0105. Jis tinka \u012fvairi\u0173 tip\u0173 raktams \u2013 automobili\u0173, motocikl\u0173 ar nam\u0173. Be to, pakabukas gali b\u016bti naudojamas kaip i\u0161skirtinis dekoratyvinis elementas. I\u0161samiau apie funkcionalumo privalumus rasite <a target=\"_new\" rel=\"noopener\" data-start=\"1313\" data-end=\"1373\">daugiau informacijos<\/a>.<\/p>\n<h4 data-start=\"1376\" data-end=\"1405\"><strong data-start=\"1381\" data-end=\"1403\">Design und Qualit\u00e4t<\/strong><\/h4>\n<ul data-start=\"1406\" data-end=\"1948\">\n<li data-start=\"1406\" data-end=\"1468\"><strong data-start=\"1408\" data-end=\"1421\">Material:<\/strong> Auk\u0161tos kokyb\u0117s metalas su sidabrine apdaila<\/li>\n<li data-start=\"1469\" data-end=\"1517\"><strong data-start=\"1471\" data-end=\"1482\">Farbe:<\/strong> Sidabrin\u0117 su nat\u016braliu blizgesiu<\/li>\n<li data-start=\"1518\" data-end=\"1561\"><strong data-start=\"1520\" data-end=\"1530\">Gr\u00f6\u00dfe:<\/strong> Kompakti\u0161kas, bet pastebimas<\/li>\n<li data-start=\"1562\" data-end=\"1665\"><strong data-start=\"1564\" data-end=\"1576\">Merkmale:<\/strong> Miniati\u016brin\u0117s \u017eirkl\u0117s, plauk\u0173 d\u017eiovintuvas ir \u0161ukos, tikri kirp\u0117j\u0173 \u012franki\u0173 atspind\u017eiai<\/li>\n<li data-start=\"1666\" data-end=\"1948\"><strong data-start=\"1668\" data-end=\"1684\">Reparieren:<\/strong> Patvarus karabinas ir metalinis \u017eiedelis u\u017etikrina saug\u0173 pritvirtinim\u0105<br data-start=\"1755\" data-end=\"1758\" \/>Dizainas yra i\u0161skirtinis, nes kiekviena detal\u0117 atkuria tikro dyd\u017eio kirp\u0117j\u0173 \u012franki\u0173 form\u0105. Produkto konstrukcija yra kruop\u0161\u010diai suprojektuota, kad atitikt\u0173 \u0161iuolaikini\u0173 aksesuar\u0173 standartus.<\/li>\n<\/ul>\n<h4 data-start=\"1950\" data-end=\"1981\"><strong data-start=\"1955\" data-end=\"1979\">Warum w\u00e4hlen?<\/strong><\/h4>\n<p data-start=\"1982\" data-end=\"2478\">Investavimas \u012f pakabuk\u0105 Barber yra i\u0161mintingas sprendimas tiems, kurie vertina kokyb\u0119 ir originalum\u0105. \u0160is produktas ne tik saugo j\u016bs\u0173 raktus, bet ir pabr\u0117\u017eia j\u016bs\u0173 ry\u0161\u012f su kirp\u0117j\u0173 profesija. Jo unikalus dizainas ir detalumas i\u0161siskiria rinkoje. Aksesuaras yra puiki dovana profesionaliems kirp\u0117jams bei entuziastams. Tvirtumas ir funkcionalumas u\u017etikrina ilgalaik\u012f naudojim\u0105 net intensyvioje kasdien\u0117je veikloje. Pasirinkite \u0161\u012f pakabuk\u0105 ir leiskite savo raktams tapti i\u0161skirtiniu stiliaus akcentu.<\/p>","protected":false},"excerpt":{"rendered":"<p>Metalinis pakabukas Barber \u2013 originalus aksesuaras su sidabrin\u0117mis miniati\u016bromis, sukurtas specialiai kirp\u0117jams.<\/p>","protected":false},"featured_media":4870,"comment_status":"closed","ping_status":"closed","template":"","meta":{"_uag_custom_page_level_css":"","site-sidebar-layout":"default","site-content-layout":"","ast-site-content-layout":"default","site-content-style":"default","site-sidebar-style":"default","ast-global-header-display":"","ast-banner-title-visibility":"","ast-main-header-display":"","ast-hfb-above-header-display":"","ast-hfb-below-header-display":"","ast-hfb-mobile-header-display":"","site-post-title":"","ast-breadcrumbs-content":"","ast-featured-img":"","footer-sml-layout":"","ast-disable-related-posts":"","theme-transparent-header-meta":"default","adv-header-id-meta":"","stick-header-meta":"","header-above-stick-meta":"","header-main-stick-meta":"","header-below-stick-meta":"","astra-migrate-meta-layouts":"set","ast-page-background-enabled":"default","ast-page-background-meta":{"desktop":{"background-color":"var(--ast-global-color-4)","background-image":"","background-repeat":"repeat","background-position":"center center","background-size":"auto","background-attachment":"scroll","background-type":"","background-media":"","overlay-type":"","overlay-color":"","overlay-opacity":"","overlay-gradient":""},"tablet":{"background-color":"","background-image":"","background-repeat":"repeat","background-position":"center center","background-size":"auto","background-attachment":"scroll","background-type":"","background-media":"","overlay-type":"","overlay-color":"","overlay-opacity":"","overlay-gradient":""},"mobile":{"background-color":"","background-image":"","background-repeat":"repeat","background-position":"center center","background-size":"auto","background-attachment":"scroll","background-type":"","background-media":"","overlay-type":"","overlay-color":"","overlay-opacity":"","overlay-gradient":""}},"ast-content-background-meta":{"desktop":{"background-color":"var(--ast-global-color-5)","background-image":"","background-repeat":"repeat","background-position":"center center","background-size":"auto","background-attachment":"scroll","background-type":"","background-media":"","overlay-type":"","overlay-color":"","overlay-opacity":"","overlay-gradient":""},"tablet":{"background-color":"var(--ast-global-color-5)","background-image":"","background-repeat":"repeat","background-position":"center center","background-size":"auto","background-attachment":"scroll","background-type":"","background-media":"","overlay-type":"","overlay-color":"","overlay-opacity":"","overlay-gradient":""},"mobile":{"background-color":"var(--ast-global-color-5)","background-image":"","background-repeat":"repeat","background-position":"center center","background-size":"auto","background-attachment":"scroll","background-type":"","background-media":"","overlay-type":"","overlay-color":"","overlay-opacity":"","overlay-gradient":""}}},"product_brand":[],"product_cat":[125,126,116,95,118],"product_tag":[],"class_list":{"0":"post-2844","1":"product","2":"type-product","3":"status-publish","4":"has-post-thumbnail","6":"product_cat-halloween","7":"product_cat-visi","8":"product_cat-metaliniai-raktu-pakabukai","9":"product_cat-unikalus-raktu-pakabukai","10":"product_cat-dovana-teciui","11":"desktop-align-center","12":"tablet-align-left","13":"mobile-align-left","15":"first","16":"instock","17":"shipping-taxable","18":"purchasable","19":"product-type-variable"},"yoast_head":"<!-- This site is optimized with the Yoast SEO plugin v27.1.1 - https:\/\/yoast.com\/product\/yoast-seo-wordpress\/ -->\n<title>Pakabukas &quot;Barber&quot; - kabinam.lt<\/title>\n<meta name=\"description\" content=\"Metalinis pakabukas Barber \u2013 tvirtas, stilingas aksesuaras su sidabrin\u0117mis miniati\u016bromis \u017eirkl\u0117ms, plauk\u0173 d\u017eiovintuvui ir \u0161ukoms. Puiki dovana kirp\u0117jams!\" \/>\n<meta name=\"robots\" content=\"index, follow, max-snippet:-1, max-image-preview:large, max-video-preview:-1\" \/>\n<link rel=\"canonical\" href=\"https:\/\/kabinam.lt\/de\/produkt\/metall-anhanger-barbier\/\" \/>\n<meta property=\"og:locale\" content=\"de_DE\" \/>\n<meta property=\"og:type\" content=\"article\" \/>\n<meta property=\"og:title\" content=\"Pakabukas &quot;Barber&quot; - kabinam.lt\" \/>\n<meta property=\"og:description\" content=\"Metalinis pakabukas Barber \u2013 tvirtas, stilingas aksesuaras su sidabrin\u0117mis miniati\u016bromis \u017eirkl\u0117ms, plauk\u0173 d\u017eiovintuvui ir \u0161ukoms. Puiki dovana kirp\u0117jams!\" \/>\n<meta property=\"og:url\" content=\"https:\/\/kabinam.lt\/de\/produkt\/metall-anhanger-barbier\/\" \/>\n<meta property=\"og:site_name\" content=\"kabinam.lt\" \/>\n<meta property=\"article:modified_time\" content=\"2026-01-24T14:57:31+00:00\" \/>\n<meta property=\"og:image\" content=\"https:\/\/kabinam.lt\/wp-content\/uploads\/2024\/08\/1bd577a0eb8c6b2fd78ad013d7eda44e.jpg\" \/>\n\t<meta property=\"og:image:width\" content=\"800\" \/>\n\t<meta property=\"og:image:height\" content=\"800\" \/>\n\t<meta property=\"og:image:type\" content=\"image\/jpeg\" \/>\n<meta name=\"twitter:card\" content=\"summary_large_image\" \/>\n<meta name=\"twitter:label1\" content=\"Gesch\u00e4tzte Lesezeit\" \/>\n\t<meta name=\"twitter:data1\" content=\"2\u00a0Minuten\" \/>\n<script type=\"application\/ld+json\" class=\"yoast-schema-graph\">{\"@context\":\"https:\/\/schema.org\",\"@graph\":[{\"@type\":[\"WebPage\",\"ItemPage\"],\"@id\":\"https:\/\/kabinam.lt\/et\/toode\/metalinis-pakabukas-barber\/\",\"url\":\"https:\/\/kabinam.lt\/et\/toode\/metalinis-pakabukas-barber\/\",\"name\":\"Pakabukas \\\"Barber\\\" - kabinam.lt\",\"isPartOf\":{\"@id\":\"https:\/\/kabinam.lt\/#website\"},\"primaryImageOfPage\":{\"@id\":\"https:\/\/kabinam.lt\/et\/toode\/metalinis-pakabukas-barber\/#primaryimage\"},\"image\":{\"@id\":\"https:\/\/kabinam.lt\/et\/toode\/metalinis-pakabukas-barber\/#primaryimage\"},\"thumbnailUrl\":\"https:\/\/kabinam.lt\/wp-content\/uploads\/2024\/08\/1bd577a0eb8c6b2fd78ad013d7eda44e.jpg\",\"datePublished\":\"2024-08-18T08:07:09+00:00\",\"dateModified\":\"2026-01-24T14:57:31+00:00\",\"description\":\"Metalinis pakabukas Barber \u2013 tvirtas, stilingas aksesuaras su sidabrin\u0117mis miniati\u016bromis \u017eirkl\u0117ms, plauk\u0173 d\u017eiovintuvui ir \u0161ukoms. Puiki dovana kirp\u0117jams!\",\"breadcrumb\":{\"@id\":\"https:\/\/kabinam.lt\/et\/toode\/metalinis-pakabukas-barber\/#breadcrumb\"},\"inLanguage\":\"de\",\"potentialAction\":[{\"@type\":\"ReadAction\",\"target\":[\"https:\/\/kabinam.lt\/et\/toode\/metalinis-pakabukas-barber\/\"]}]},{\"@type\":\"ImageObject\",\"inLanguage\":\"de\",\"@id\":\"https:\/\/kabinam.lt\/et\/toode\/metalinis-pakabukas-barber\/#primaryimage\",\"url\":\"https:\/\/kabinam.lt\/wp-content\/uploads\/2024\/08\/1bd577a0eb8c6b2fd78ad013d7eda44e.jpg\",\"contentUrl\":\"https:\/\/kabinam.lt\/wp-content\/uploads\/2024\/08\/1bd577a0eb8c6b2fd78ad013d7eda44e.jpg\",\"width\":800,\"height\":800,\"caption\":\"Stilingi Kirp\u0117jo \u012eranki\u0173 Rakt\u0173 Pakabukai\"},{\"@type\":\"BreadcrumbList\",\"@id\":\"https:\/\/kabinam.lt\/et\/toode\/metalinis-pakabukas-barber\/#breadcrumb\",\"itemListElement\":[{\"@type\":\"ListItem\",\"position\":1,\"name\":\"Home\",\"item\":\"https:\/\/kabinam.lt\/\"},{\"@type\":\"ListItem\",\"position\":2,\"name\":\"Visi Produktai\",\"item\":\"https:\/\/kabinam.lt\/visi-produktai\/\"},{\"@type\":\"ListItem\",\"position\":3,\"name\":\"Pakabukas &#8222;Barber&#8221;\"}]},{\"@type\":\"WebSite\",\"@id\":\"https:\/\/kabinam.lt\/#website\",\"url\":\"https:\/\/kabinam.lt\/\",\"name\":\"kabinam.lt\",\"description\":\"Kabinam.lt \u2013 raktu pakabukai ir aksesuarai\",\"publisher\":{\"@id\":\"https:\/\/kabinam.lt\/#organization\"},\"alternateName\":\"pakabukai lt\",\"potentialAction\":[{\"@type\":\"SearchAction\",\"target\":{\"@type\":\"EntryPoint\",\"urlTemplate\":\"https:\/\/kabinam.lt\/?s={search_term_string}\"},\"query-input\":{\"@type\":\"PropertyValueSpecification\",\"valueRequired\":true,\"valueName\":\"search_term_string\"}}],\"inLanguage\":\"de\"},{\"@type\":\"Organization\",\"@id\":\"https:\/\/kabinam.lt\/#organization\",\"name\":\"kabinam.lt\",\"alternateName\":\"kabinam\",\"url\":\"https:\/\/kabinam.lt\/\",\"logo\":{\"@type\":\"ImageObject\",\"inLanguage\":\"de\",\"@id\":\"https:\/\/kabinam.lt\/#\/schema\/logo\/image\/\",\"url\":\"https:\/\/kabinam.lt\/wp-content\/uploads\/2025\/05\/KABINAM_outer_glow.png\",\"contentUrl\":\"https:\/\/kabinam.lt\/wp-content\/uploads\/2025\/05\/KABINAM_outer_glow.png\",\"width\":474,\"height\":141,\"caption\":\"kabinam.lt\"},\"image\":{\"@id\":\"https:\/\/kabinam.lt\/#\/schema\/logo\/image\/\"}}]}<\/script>\n<!-- \/ Yoast SEO plugin. -->","yoast_head_json":{"title":"Anh\u00e4nger \"Barbier\" - kabinam.lt","description":"Barbier-Anh\u00e4nger aus Metall - ein robustes, stilvolles Accessoire mit silbernen Miniaturen f\u00fcr Schere, F\u00f6n und Kamm. Das perfekte Geschenk f\u00fcr Friseure!","robots":{"index":"index","follow":"follow","max-snippet":"max-snippet:-1","max-image-preview":"max-image-preview:large","max-video-preview":"max-video-preview:-1"},"canonical":"https:\/\/kabinam.lt\/de\/produkt\/metall-anhanger-barbier\/","og_locale":"de_DE","og_type":"article","og_title":"Pakabukas \"Barber\" - kabinam.lt","og_description":"Metalinis pakabukas Barber \u2013 tvirtas, stilingas aksesuaras su sidabrin\u0117mis miniati\u016bromis \u017eirkl\u0117ms, plauk\u0173 d\u017eiovintuvui ir \u0161ukoms. Puiki dovana kirp\u0117jams!","og_url":"https:\/\/kabinam.lt\/de\/produkt\/metall-anhanger-barbier\/","og_site_name":"kabinam.lt","article_modified_time":"2026-01-24T14:57:31+00:00","og_image":[{"width":800,"height":800,"url":"https:\/\/kabinam.lt\/wp-content\/uploads\/2024\/08\/1bd577a0eb8c6b2fd78ad013d7eda44e.jpg","type":"image\/jpeg"}],"twitter_card":"summary_large_image","twitter_misc":{"Gesch\u00e4tzte Lesezeit":"2\u00a0Minuten"},"schema":{"@context":"https:\/\/schema.org","@graph":[{"@type":["WebPage","ItemPage"],"@id":"https:\/\/kabinam.lt\/et\/toode\/metalinis-pakabukas-barber\/","url":"https:\/\/kabinam.lt\/et\/toode\/metalinis-pakabukas-barber\/","name":"Anh\u00e4nger \"Barbier\" - kabinam.lt","isPartOf":{"@id":"https:\/\/kabinam.lt\/#website"},"primaryImageOfPage":{"@id":"https:\/\/kabinam.lt\/et\/toode\/metalinis-pakabukas-barber\/#primaryimage"},"image":{"@id":"https:\/\/kabinam.lt\/et\/toode\/metalinis-pakabukas-barber\/#primaryimage"},"thumbnailUrl":"https:\/\/kabinam.lt\/wp-content\/uploads\/2024\/08\/1bd577a0eb8c6b2fd78ad013d7eda44e.jpg","datePublished":"2024-08-18T08:07:09+00:00","dateModified":"2026-01-24T14:57:31+00:00","description":"Barbier-Anh\u00e4nger aus Metall - ein robustes, stilvolles Accessoire mit silbernen Miniaturen f\u00fcr Schere, F\u00f6n und Kamm. Das perfekte Geschenk f\u00fcr Friseure!","breadcrumb":{"@id":"https:\/\/kabinam.lt\/et\/toode\/metalinis-pakabukas-barber\/#breadcrumb"},"inLanguage":"de","potentialAction":[{"@type":"ReadAction","target":["https:\/\/kabinam.lt\/et\/toode\/metalinis-pakabukas-barber\/"]}]},{"@type":"ImageObject","inLanguage":"de","@id":"https:\/\/kabinam.lt\/et\/toode\/metalinis-pakabukas-barber\/#primaryimage","url":"https:\/\/kabinam.lt\/wp-content\/uploads\/2024\/08\/1bd577a0eb8c6b2fd78ad013d7eda44e.jpg","contentUrl":"https:\/\/kabinam.lt\/wp-content\/uploads\/2024\/08\/1bd577a0eb8c6b2fd78ad013d7eda44e.jpg","width":800,"height":800,"caption":"Stilingi Kirp\u0117jo \u012eranki\u0173 Rakt\u0173 Pakabukai"},{"@type":"BreadcrumbList","@id":"https:\/\/kabinam.lt\/et\/toode\/metalinis-pakabukas-barber\/#breadcrumb","itemListElement":[{"@type":"ListItem","position":1,"name":"Home","item":"https:\/\/kabinam.lt\/"},{"@type":"ListItem","position":2,"name":"Visi Produktai","item":"https:\/\/kabinam.lt\/visi-produktai\/"},{"@type":"ListItem","position":3,"name":"Pakabukas &#8222;Barber&#8221;"}]},{"@type":"WebSite","@id":"https:\/\/kabinam.lt\/#website","url":"https:\/\/kabinam.lt\/","name":"kabinam.lt","description":"Kabinam.lt - Schl\u00fcsselanh\u00e4nger und Zubeh\u00f6r","publisher":{"@id":"https:\/\/kabinam.lt\/#organization"},"alternateName":"pakabukai lt","potentialAction":[{"@type":"SearchAction","target":{"@type":"EntryPoint","urlTemplate":"https:\/\/kabinam.lt\/?s={search_term_string}"},"query-input":{"@type":"PropertyValueSpecification","valueRequired":true,"valueName":"search_term_string"}}],"inLanguage":"de"},{"@type":"Organization","@id":"https:\/\/kabinam.lt\/#organization","name":"kabinam.lt","alternateName":"kabinam","url":"https:\/\/kabinam.lt\/","logo":{"@type":"ImageObject","inLanguage":"de","@id":"https:\/\/kabinam.lt\/#\/schema\/logo\/image\/","url":"https:\/\/kabinam.lt\/wp-content\/uploads\/2025\/05\/KABINAM_outer_glow.png","contentUrl":"https:\/\/kabinam.lt\/wp-content\/uploads\/2025\/05\/KABINAM_outer_glow.png","width":474,"height":141,"caption":"kabinam.lt"},"image":{"@id":"https:\/\/kabinam.lt\/#\/schema\/logo\/image\/"}}]}},"uagb_featured_image_src":{"full":["https:\/\/kabinam.lt\/wp-content\/uploads\/2024\/08\/1bd577a0eb8c6b2fd78ad013d7eda44e.jpg",800,800,false],"thumbnail":["https:\/\/kabinam.lt\/wp-content\/uploads\/2024\/08\/1bd577a0eb8c6b2fd78ad013d7eda44e-150x150.jpg",150,150,true],"medium":["https:\/\/kabinam.lt\/wp-content\/uploads\/2024\/08\/1bd577a0eb8c6b2fd78ad013d7eda44e-300x300.jpg",300,300,true],"medium_large":["https:\/\/kabinam.lt\/wp-content\/uploads\/2024\/08\/1bd577a0eb8c6b2fd78ad013d7eda44e-768x768.jpg",768,768,true],"large":["https:\/\/kabinam.lt\/wp-content\/uploads\/2024\/08\/1bd577a0eb8c6b2fd78ad013d7eda44e.jpg",800,800,false],"1536x1536":["https:\/\/kabinam.lt\/wp-content\/uploads\/2024\/08\/1bd577a0eb8c6b2fd78ad013d7eda44e.jpg",800,800,false],"2048x2048":["https:\/\/kabinam.lt\/wp-content\/uploads\/2024\/08\/1bd577a0eb8c6b2fd78ad013d7eda44e.jpg",800,800,false],"trp-custom-language-flag":["https:\/\/kabinam.lt\/wp-content\/uploads\/2024\/08\/1bd577a0eb8c6b2fd78ad013d7eda44e-12x12.jpg",12,12,true],"woocommerce_thumbnail":["https:\/\/kabinam.lt\/wp-content\/uploads\/2024\/08\/1bd577a0eb8c6b2fd78ad013d7eda44e-300x300.jpg",300,300,true],"woocommerce_single":["https:\/\/kabinam.lt\/wp-content\/uploads\/2024\/08\/1bd577a0eb8c6b2fd78ad013d7eda44e-600x600.jpg",600,600,true],"woocommerce_gallery_thumbnail":["https:\/\/kabinam.lt\/wp-content\/uploads\/2024\/08\/1bd577a0eb8c6b2fd78ad013d7eda44e-100x100.jpg",100,100,true]},"uagb_author_info":{"display_name":"kabinam.lt","author_link":"https:\/\/kabinam.lt\/de\/author\/"},"uagb_comment_info":0,"uagb_excerpt":"Metalinis pakabukas Barber \u2013 originalus aksesuaras su sidabrin\u0117mis miniati\u016bromis, sukurtas specialiai kirp\u0117jams.","_links":{"self":[{"href":"https:\/\/kabinam.lt\/de\/wp-json\/wp\/v2\/product\/2844","targetHints":{"allow":["GET"]}}],"collection":[{"href":"https:\/\/kabinam.lt\/de\/wp-json\/wp\/v2\/product"}],"about":[{"href":"https:\/\/kabinam.lt\/de\/wp-json\/wp\/v2\/types\/product"}],"replies":[{"embeddable":true,"href":"https:\/\/kabinam.lt\/de\/wp-json\/wp\/v2\/comments?post=2844"}],"wp:featuredmedia":[{"embeddable":true,"href":"https:\/\/kabinam.lt\/de\/wp-json\/wp\/v2\/media\/4870"}],"wp:attachment":[{"href":"https:\/\/kabinam.lt\/de\/wp-json\/wp\/v2\/media?parent=2844"}],"wp:term":[{"taxonomy":"product_brand","embeddable":true,"href":"https:\/\/kabinam.lt\/de\/wp-json\/wp\/v2\/product_brand?post=2844"},{"taxonomy":"product_cat","embeddable":true,"href":"https:\/\/kabinam.lt\/de\/wp-json\/wp\/v2\/product_cat?post=2844"},{"taxonomy":"product_tag","embeddable":true,"href":"https:\/\/kabinam.lt\/de\/wp-json\/wp\/v2\/product_tag?post=2844"}],"curies":[{"name":"wp","href":"https:\/\/api.w.org\/{rel}","templated":true}]}}