{"id":2840,"date":"2024-08-18T10:45:34","date_gmt":"2024-08-18T07:45:34","guid":{"rendered":"https:\/\/kabinam.lt\/?post_type=product&#038;p=2840"},"modified":"2026-02-22T10:25:35","modified_gmt":"2026-02-22T08:25:35","slug":"cabin-crew-stoff-schlusselanhanger","status":"publish","type":"product","link":"https:\/\/kabinam.lt\/de\/product\/cabin-crew-medziaginis-raktu-pakabukas\/","title":{"rendered":"Schl\u00fcsselanh\u00e4nger f\u00fcr Kabinenpersonal aus Stoff"},"content":{"rendered":"<div class=\"kk-star-ratings kksr-auto kksr-align-left kksr-valign-top\"\n    data-payload='{&quot;align&quot;:&quot;left&quot;,&quot;id&quot;:&quot;2840&quot;,&quot;slug&quot;:&quot;default&quot;,&quot;valign&quot;:&quot;top&quot;,&quot;ignore&quot;:&quot;&quot;,&quot;reference&quot;:&quot;auto&quot;,&quot;class&quot;:&quot;&quot;,&quot;count&quot;:&quot;0&quot;,&quot;legendonly&quot;:&quot;&quot;,&quot;readonly&quot;:&quot;&quot;,&quot;score&quot;:&quot;0&quot;,&quot;starsonly&quot;:&quot;&quot;,&quot;best&quot;:&quot;5&quot;,&quot;gap&quot;:&quot;5&quot;,&quot;greet&quot;:&quot;Mums svarbus j\u016bs\u0173 \u012fvertinimas&quot;,&quot;legend&quot;:&quot;0\\\/5 - (0 votes)&quot;,&quot;size&quot;:&quot;24&quot;,&quot;title&quot;:&quot;Cabin crew med\u017eiaginis rakt\u0173 pakabukas&quot;,&quot;width&quot;:&quot;0&quot;,&quot;_legend&quot;:&quot;{score}\\\/{best} - ({count} {votes})&quot;,&quot;font_factor&quot;:&quot;1.25&quot;}'>\n            \n<div class=\"kksr-stars\">\n    \n<div class=\"kksr-stars-inactive\">\n            <div class=\"kksr-star\" data-star=\"1\" style=\"padding-right: 5px\">\n            \n\n<div class=\"kksr-icon\" style=\"width: 24px; height: 24px;\"><\/div>\n        <\/div>\n            <div class=\"kksr-star\" data-star=\"2\" style=\"padding-right: 5px\">\n            \n\n<div class=\"kksr-icon\" style=\"width: 24px; height: 24px;\"><\/div>\n        <\/div>\n            <div class=\"kksr-star\" data-star=\"3\" style=\"padding-right: 5px\">\n            \n\n<div class=\"kksr-icon\" style=\"width: 24px; height: 24px;\"><\/div>\n        <\/div>\n            <div class=\"kksr-star\" data-star=\"4\" style=\"padding-right: 5px\">\n            \n\n<div class=\"kksr-icon\" style=\"width: 24px; height: 24px;\"><\/div>\n        <\/div>\n            <div class=\"kksr-star\" data-star=\"5\" style=\"padding-right: 5px\">\n            \n\n<div class=\"kksr-icon\" style=\"width: 24px; height: 24px;\"><\/div>\n        <\/div>\n    <\/div>\n    \n<div class=\"kksr-stars-active\" style=\"width: 0px;\">\n            <div class=\"kksr-star\" style=\"padding-right: 5px\">\n            \n\n<div class=\"kksr-icon\" style=\"width: 24px; height: 24px;\"><\/div>\n        <\/div>\n            <div class=\"kksr-star\" style=\"padding-right: 5px\">\n            \n\n<div class=\"kksr-icon\" style=\"width: 24px; height: 24px;\"><\/div>\n        <\/div>\n            <div class=\"kksr-star\" style=\"padding-right: 5px\">\n            \n\n<div class=\"kksr-icon\" style=\"width: 24px; height: 24px;\"><\/div>\n        <\/div>\n            <div class=\"kksr-star\" style=\"padding-right: 5px\">\n            \n\n<div class=\"kksr-icon\" style=\"width: 24px; height: 24px;\"><\/div>\n        <\/div>\n            <div class=\"kksr-star\" style=\"padding-right: 5px\">\n            \n\n<div class=\"kksr-icon\" style=\"width: 24px; height: 24px;\"><\/div>\n        <\/div>\n    <\/div>\n<\/div>\n                \n\n<div class=\"kksr-legend\" style=\"font-size: 19.2px;\">\n            <span class=\"kksr-muted\">Ihre Bewertung ist f\u00fcr uns wichtig<\/span>\n    <\/div>\n    <\/div>\n<h4 data-start=\"81\" data-end=\"105\"><strong data-start=\"86\" data-end=\"103\">\u00dcber das Produkt<\/strong><\/h4>\n<p data-start=\"106\" data-end=\"635\">Cabin crew med\u017eiaginis rakt\u0173 pakabukas yra originalus ir patvarus aksesuaras. Jis skirtas aviacijos m\u0117g\u0117jams ir keleivi\u0173 salono \u012fgulos nariams. Pakabukas pagamintas i\u0161 tvirtos med\u017eiagos, kuri\u0105 puo\u0161ia i\u0161siuvin\u0117tas u\u017era\u0161as \u201eCABIN CREW\u201c. Kitoje pus\u0117je matomas l\u0117ktuvas, taip pat i\u0161siuvin\u0117tas geltonais si\u016blais. Kra\u0161tai yra kruop\u0161\u010diai apsi\u016bti, kad aksesuaras i\u0161likt\u0173 tvarkingas net po da\u017eno naudojimo. Pakabukas tinka tiek automobili\u0173, tiek motocikl\u0173 ar nam\u0173 raktams. Jis pabr\u0117\u017eia meil\u0119 aviacijai ir suteikia raktams ry\u0161k\u0173 akcent\u0105.<\/p>\n<p data-start=\"637\" data-end=\"1184\">\u0160is gaminys yra ne tik stilingas, bet ir prakti\u0161kas. Med\u017eiagin\u0117 konstrukcija leid\u017eia lengvai atpa\u017einti raktus net tamsoje ar didel\u0117je kuprin\u0117je. Geltoni si\u016blai sukuria ry\u0161k\u0173 kontrast\u0105 su juodu fonu. Tai padeda atkreipti d\u0117mes\u012f ir suteikia aksesuarui i\u0161skirtinumo. Jei norite su\u017einoti daugiau apie pana\u0161ius aviacinio stiliaus gaminius, apsilankykite <a target=\"_new\" rel=\"noopener\" data-start=\"986\" data-end=\"1054\">i\u0161oriniame \u0161altinyje<\/a>. Siehe auch unser <a href=\"https:\/\/kabinam.lt\/de\/visi-produktai\/\" target=\"_new\" rel=\"noopener\" data-start=\"1083\" data-end=\"1136\">Produktkatalog<\/a>, kuriame rasite daugiau med\u017eiagini\u0173 pakabuk\u0173.<\/p>\n<h4 data-start=\"1186\" data-end=\"1225\"><strong data-start=\"1191\" data-end=\"1223\">Funktionsweise und Verwendung<\/strong><\/h4>\n<p data-start=\"1226\" data-end=\"1762\">Cabin crew med\u017eiaginis rakt\u0173 pakabukas efektyviai saugo raktus. Tvirtas metalinis \u017eiedelis leid\u017eia j\u012f greitai pritvirtinti prie rakt\u0173 rinkinio. Integruotas karabinas u\u017etikrina, kad pakabukas nenukris net intensyviai naudojant. Aksesuaras yra lengvas ir neu\u017eima daug vietos. Jis tinka tiek ma\u017eiems, tiek didesniems rakt\u0173 komplektams. Naudojimas yra intuityvus, tod\u0117l pakabukas puikiai atitinka \u0161iuolaikini\u0173 \u017emoni\u0173 poreikius. D\u0117l med\u017eiaginio pavir\u0161iaus rakt\u0173 ry\u0161ulys i\u0161lieka tylus ir nesubrai\u017eo kit\u0173 daikt\u0173, pavyzd\u017eiui, telefono ekrano.<\/p>\n<h4 data-start=\"1764\" data-end=\"1793\"><strong data-start=\"1769\" data-end=\"1791\">Design und Qualit\u00e4t<\/strong><\/h4>\n<p data-start=\"1794\" data-end=\"2308\">Dizainas yra minimalistinis, bet ak\u012f traukiantis. Juodas pagrindas suteikia aksesuarui elegancijos, o geltonas u\u017era\u0161as \u201eCABIN CREW\u201c ir l\u0117ktuvo atvaizdas pary\u0161kina aviacin\u0119 tematik\u0105. Kra\u0161tai apsi\u016bti tiksliai, kad pakabukas i\u0161likt\u0173 tvarkingas net po ilgo naudojimo. Auk\u0161tos kokyb\u0117s si\u016blai u\u017etikrina, kad i\u0161siuvin\u0117tas tekstas ir l\u0117ktuvo siluetas nei\u0161bluks. Tvirtas metalinis \u017eiedelis ir karabinas padeda i\u0161laikyti raktus saugiai pritvirtintus. \u0160is gaminys atspindi kokybi\u0161k\u0173 med\u017eiag\u0173 ir kruop\u0161taus apdirbimo derin\u012f.<\/p>\n<h4 data-start=\"2310\" data-end=\"2341\"><strong data-start=\"2315\" data-end=\"2339\">Warum w\u00e4hlen?<\/strong><\/h4>\n<p data-start=\"2342\" data-end=\"2968\">Pasirinkdami cabin crew med\u017eiagin\u012f rakt\u0173 pakabuk\u0105, investuojate \u012f funkcionalum\u0105 ir i\u0161skirtin\u012f dizain\u0105. Aksesuaras ne tik saugo raktus, bet ir suteikia jiems unikal\u0173 aviacin\u012f akcent\u0105. Jis puikiai dera prie \u012fvairi\u0173 stili\u0173, nuo kasdienio iki oficialaus. Tai puikus pasirinkimas tiek aviacijos entuziastams, tiek keliautojams. Investuokite \u012f \u0161\u012f pakabuk\u0105, jei vertinate patvarum\u0105 ir originalum\u0105. Nor\u0117dami su\u017einoti daugiau apie pana\u0161ius gaminius, apsilankykite <a href=\"https:\/\/www.example.com\/products\" target=\"_new\" rel=\"noopener\" data-start=\"2797\" data-end=\"2850\">im Produktkatalog<\/a>. Taip pat per\u017ei\u016br\u0117kite <a target=\"_new\" rel=\"noopener\" data-start=\"2874\" data-end=\"2935\">i\u0161orin\u012f \u0161altin\u012f<\/a> zu Flugzeug-Stil-Empfehlungen.<\/p>","protected":false},"excerpt":{"rendered":"<p>Cabin crew med\u017eiaginis rakt\u0173 pakabukas \u2013 originalus aviacinis aksesuaras su geltonais si\u016blais i\u0161siuvin\u0117tu u\u017era\u0161u ir l\u0117ktuvu, skirtas raktams saugoti.<\/p>","protected":false},"featured_media":2842,"comment_status":"closed","ping_status":"closed","template":"","meta":{"_uag_custom_page_level_css":"","site-sidebar-layout":"default","site-content-layout":"","ast-site-content-layout":"default","site-content-style":"default","site-sidebar-style":"default","ast-global-header-display":"","ast-banner-title-visibility":"","ast-main-header-display":"","ast-hfb-above-header-display":"","ast-hfb-below-header-display":"","ast-hfb-mobile-header-display":"","site-post-title":"","ast-breadcrumbs-content":"","ast-featured-img":"","footer-sml-layout":"","ast-disable-related-posts":"","theme-transparent-header-meta":"default","adv-header-id-meta":"","stick-header-meta":"","header-above-stick-meta":"","header-main-stick-meta":"","header-below-stick-meta":"","astra-migrate-meta-layouts":"set","ast-page-background-enabled":"default","ast-page-background-meta":{"desktop":{"background-color":"var(--ast-global-color-4)","background-image":"","background-repeat":"repeat","background-position":"center center","background-size":"auto","background-attachment":"scroll","background-type":"","background-media":"","overlay-type":"","overlay-color":"","overlay-opacity":"","overlay-gradient":""},"tablet":{"background-color":"","background-image":"","background-repeat":"repeat","background-position":"center center","background-size":"auto","background-attachment":"scroll","background-type":"","background-media":"","overlay-type":"","overlay-color":"","overlay-opacity":"","overlay-gradient":""},"mobile":{"background-color":"","background-image":"","background-repeat":"repeat","background-position":"center center","background-size":"auto","background-attachment":"scroll","background-type":"","background-media":"","overlay-type":"","overlay-color":"","overlay-opacity":"","overlay-gradient":""}},"ast-content-background-meta":{"desktop":{"background-color":"var(--ast-global-color-5)","background-image":"","background-repeat":"repeat","background-position":"center center","background-size":"auto","background-attachment":"scroll","background-type":"","background-media":"","overlay-type":"","overlay-color":"","overlay-opacity":"","overlay-gradient":""},"tablet":{"background-color":"var(--ast-global-color-5)","background-image":"","background-repeat":"repeat","background-position":"center center","background-size":"auto","background-attachment":"scroll","background-type":"","background-media":"","overlay-type":"","overlay-color":"","overlay-opacity":"","overlay-gradient":""},"mobile":{"background-color":"var(--ast-global-color-5)","background-image":"","background-repeat":"repeat","background-position":"center center","background-size":"auto","background-attachment":"scroll","background-type":"","background-media":"","overlay-type":"","overlay-color":"","overlay-opacity":"","overlay-gradient":""}}},"product_brand":[],"product_cat":[125,126,91,118,92],"product_tag":[],"class_list":{"0":"post-2840","1":"product","2":"type-product","3":"status-publish","4":"has-post-thumbnail","6":"product_cat-halloween","7":"product_cat-visi","8":"product_cat-motociklo-raktu-pakabukai","9":"product_cat-dovana-teciui","10":"product_cat-populiariausiu-produktu-kategorija","11":"desktop-align-center","12":"tablet-align-left","13":"mobile-align-left","15":"first","16":"instock","17":"shipping-taxable","18":"purchasable","19":"product-type-simple"},"yoast_head":"<!-- This site is optimized with the Yoast SEO plugin v27.1.1 - https:\/\/yoast.com\/product\/yoast-seo-wordpress\/ -->\n<title>Cabin crew med\u017eiaginis rakt\u0173 pakabukas - kabinam.lt<\/title>\n<meta name=\"description\" content=\"Cabin crew med\u017eiaginis rakt\u0173 pakabukas \u2013 tvirtas, stilingas ir apsi\u016btais kra\u0161tais aksesuaras su geltonais si\u016blais i\u0161siuvin\u0117tu \u201eCABIN CREW\u201c u\u017era\u0161u!\" \/>\n<meta name=\"robots\" content=\"index, follow, max-snippet:-1, max-image-preview:large, max-video-preview:-1\" \/>\n<link rel=\"canonical\" href=\"https:\/\/kabinam.lt\/de\/produkt\/cabin-crew-stoff-schlusselanhanger\/\" \/>\n<meta property=\"og:locale\" content=\"de_DE\" \/>\n<meta property=\"og:type\" content=\"article\" \/>\n<meta property=\"og:title\" content=\"Cabin crew med\u017eiaginis rakt\u0173 pakabukas - kabinam.lt\" \/>\n<meta property=\"og:description\" content=\"Cabin crew med\u017eiaginis rakt\u0173 pakabukas \u2013 tvirtas, stilingas ir apsi\u016btais kra\u0161tais aksesuaras su geltonais si\u016blais i\u0161siuvin\u0117tu \u201eCABIN CREW\u201c u\u017era\u0161u!\" \/>\n<meta property=\"og:url\" content=\"https:\/\/kabinam.lt\/de\/produkt\/cabin-crew-stoff-schlusselanhanger\/\" \/>\n<meta property=\"og:site_name\" content=\"kabinam.lt\" \/>\n<meta property=\"article:modified_time\" content=\"2026-02-22T08:25:35+00:00\" \/>\n<meta property=\"og:image\" content=\"https:\/\/kabinam.lt\/wp-content\/uploads\/2024\/08\/adf18a898903d57dcf6569912c405b1e.jpg\" \/>\n\t<meta property=\"og:image:width\" content=\"1000\" \/>\n\t<meta property=\"og:image:height\" content=\"1000\" \/>\n\t<meta property=\"og:image:type\" content=\"image\/jpeg\" \/>\n<meta name=\"twitter:card\" content=\"summary_large_image\" \/>\n<meta name=\"twitter:label1\" content=\"Gesch\u00e4tzte Lesezeit\" \/>\n\t<meta name=\"twitter:data1\" content=\"3\u00a0Minuten\" \/>\n<script type=\"application\/ld+json\" class=\"yoast-schema-graph\">{\"@context\":\"https:\/\/schema.org\",\"@graph\":[{\"@type\":[\"WebPage\",\"ItemPage\"],\"@id\":\"https:\/\/kabinam.lt\/eng\/product\/cabin-crew-fabric-keychain\/\",\"url\":\"https:\/\/kabinam.lt\/eng\/product\/cabin-crew-fabric-keychain\/\",\"name\":\"Cabin crew med\u017eiaginis rakt\u0173 pakabukas - kabinam.lt\",\"isPartOf\":{\"@id\":\"https:\/\/kabinam.lt\/#website\"},\"primaryImageOfPage\":{\"@id\":\"https:\/\/kabinam.lt\/eng\/product\/cabin-crew-fabric-keychain\/#primaryimage\"},\"image\":{\"@id\":\"https:\/\/kabinam.lt\/eng\/product\/cabin-crew-fabric-keychain\/#primaryimage\"},\"thumbnailUrl\":\"https:\/\/kabinam.lt\/wp-content\/uploads\/2024\/08\/adf18a898903d57dcf6569912c405b1e.jpg\",\"datePublished\":\"2024-08-18T07:45:34+00:00\",\"dateModified\":\"2026-02-22T08:25:35+00:00\",\"description\":\"Cabin crew med\u017eiaginis rakt\u0173 pakabukas \u2013 tvirtas, stilingas ir apsi\u016btais kra\u0161tais aksesuaras su geltonais si\u016blais i\u0161siuvin\u0117tu \u201eCABIN CREW\u201c u\u017era\u0161u!\",\"breadcrumb\":{\"@id\":\"https:\/\/kabinam.lt\/eng\/product\/cabin-crew-fabric-keychain\/#breadcrumb\"},\"inLanguage\":\"de\",\"potentialAction\":[{\"@type\":\"ReadAction\",\"target\":[\"https:\/\/kabinam.lt\/eng\/product\/cabin-crew-fabric-keychain\/\"]}]},{\"@type\":\"ImageObject\",\"inLanguage\":\"de\",\"@id\":\"https:\/\/kabinam.lt\/eng\/product\/cabin-crew-fabric-keychain\/#primaryimage\",\"url\":\"https:\/\/kabinam.lt\/wp-content\/uploads\/2024\/08\/adf18a898903d57dcf6569912c405b1e.jpg\",\"contentUrl\":\"https:\/\/kabinam.lt\/wp-content\/uploads\/2024\/08\/adf18a898903d57dcf6569912c405b1e.jpg\",\"width\":1000,\"height\":1000,\"caption\":\"Cabin crew med\u017eiaginis rakt\u0173 pakabukas \u2013 stilingas aviacinis aksesuaras\"},{\"@type\":\"BreadcrumbList\",\"@id\":\"https:\/\/kabinam.lt\/eng\/product\/cabin-crew-fabric-keychain\/#breadcrumb\",\"itemListElement\":[{\"@type\":\"ListItem\",\"position\":1,\"name\":\"Home\",\"item\":\"https:\/\/kabinam.lt\/\"},{\"@type\":\"ListItem\",\"position\":2,\"name\":\"Visi Produktai\",\"item\":\"https:\/\/kabinam.lt\/visi-produktai\/\"},{\"@type\":\"ListItem\",\"position\":3,\"name\":\"Cabin crew med\u017eiaginis rakt\u0173 pakabukas\"}]},{\"@type\":\"WebSite\",\"@id\":\"https:\/\/kabinam.lt\/#website\",\"url\":\"https:\/\/kabinam.lt\/\",\"name\":\"kabinam.lt\",\"description\":\"Kabinam.lt \u2013 raktu pakabukai ir aksesuarai\",\"publisher\":{\"@id\":\"https:\/\/kabinam.lt\/#organization\"},\"alternateName\":\"pakabukai lt\",\"potentialAction\":[{\"@type\":\"SearchAction\",\"target\":{\"@type\":\"EntryPoint\",\"urlTemplate\":\"https:\/\/kabinam.lt\/?s={search_term_string}\"},\"query-input\":{\"@type\":\"PropertyValueSpecification\",\"valueRequired\":true,\"valueName\":\"search_term_string\"}}],\"inLanguage\":\"de\"},{\"@type\":\"Organization\",\"@id\":\"https:\/\/kabinam.lt\/#organization\",\"name\":\"kabinam.lt\",\"alternateName\":\"kabinam\",\"url\":\"https:\/\/kabinam.lt\/\",\"logo\":{\"@type\":\"ImageObject\",\"inLanguage\":\"de\",\"@id\":\"https:\/\/kabinam.lt\/#\/schema\/logo\/image\/\",\"url\":\"https:\/\/kabinam.lt\/wp-content\/uploads\/2025\/05\/KABINAM_outer_glow.png\",\"contentUrl\":\"https:\/\/kabinam.lt\/wp-content\/uploads\/2025\/05\/KABINAM_outer_glow.png\",\"width\":474,\"height\":141,\"caption\":\"kabinam.lt\"},\"image\":{\"@id\":\"https:\/\/kabinam.lt\/#\/schema\/logo\/image\/\"}}]}<\/script>\n<!-- \/ Yoast SEO plugin. -->","yoast_head_json":{"title":"Cabin crew Material-Schl\u00fcsselanh\u00e4nger - kabinam.lt","description":"Cabin crew Stoff-Schl\u00fcsselanh\u00e4nger \u2013 ein solider, stilvoller Accessoire mit ums\u00e4umten Kanten und dem gelb gestickten Aufschrift \u201eCABIN CREW\u201c!","robots":{"index":"index","follow":"follow","max-snippet":"max-snippet:-1","max-image-preview":"max-image-preview:large","max-video-preview":"max-video-preview:-1"},"canonical":"https:\/\/kabinam.lt\/de\/produkt\/cabin-crew-stoff-schlusselanhanger\/","og_locale":"de_DE","og_type":"article","og_title":"Cabin crew med\u017eiaginis rakt\u0173 pakabukas - kabinam.lt","og_description":"Cabin crew med\u017eiaginis rakt\u0173 pakabukas \u2013 tvirtas, stilingas ir apsi\u016btais kra\u0161tais aksesuaras su geltonais si\u016blais i\u0161siuvin\u0117tu \u201eCABIN CREW\u201c u\u017era\u0161u!","og_url":"https:\/\/kabinam.lt\/de\/produkt\/cabin-crew-stoff-schlusselanhanger\/","og_site_name":"kabinam.lt","article_modified_time":"2026-02-22T08:25:35+00:00","og_image":[{"width":1000,"height":1000,"url":"https:\/\/kabinam.lt\/wp-content\/uploads\/2024\/08\/adf18a898903d57dcf6569912c405b1e.jpg","type":"image\/jpeg"}],"twitter_card":"summary_large_image","twitter_misc":{"Gesch\u00e4tzte Lesezeit":"3\u00a0Minuten"},"schema":{"@context":"https:\/\/schema.org","@graph":[{"@type":["WebPage","ItemPage"],"@id":"https:\/\/kabinam.lt\/eng\/product\/cabin-crew-fabric-keychain\/","url":"https:\/\/kabinam.lt\/eng\/product\/cabin-crew-fabric-keychain\/","name":"Cabin crew Material-Schl\u00fcsselanh\u00e4nger - kabinam.lt","isPartOf":{"@id":"https:\/\/kabinam.lt\/#website"},"primaryImageOfPage":{"@id":"https:\/\/kabinam.lt\/eng\/product\/cabin-crew-fabric-keychain\/#primaryimage"},"image":{"@id":"https:\/\/kabinam.lt\/eng\/product\/cabin-crew-fabric-keychain\/#primaryimage"},"thumbnailUrl":"https:\/\/kabinam.lt\/wp-content\/uploads\/2024\/08\/adf18a898903d57dcf6569912c405b1e.jpg","datePublished":"2024-08-18T07:45:34+00:00","dateModified":"2026-02-22T08:25:35+00:00","description":"Cabin crew Stoff-Schl\u00fcsselanh\u00e4nger \u2013 ein solider, stilvoller Accessoire mit ums\u00e4umten Kanten und dem gelb gestickten Aufschrift \u201eCABIN CREW\u201c!","breadcrumb":{"@id":"https:\/\/kabinam.lt\/eng\/product\/cabin-crew-fabric-keychain\/#breadcrumb"},"inLanguage":"de","potentialAction":[{"@type":"ReadAction","target":["https:\/\/kabinam.lt\/eng\/product\/cabin-crew-fabric-keychain\/"]}]},{"@type":"ImageObject","inLanguage":"de","@id":"https:\/\/kabinam.lt\/eng\/product\/cabin-crew-fabric-keychain\/#primaryimage","url":"https:\/\/kabinam.lt\/wp-content\/uploads\/2024\/08\/adf18a898903d57dcf6569912c405b1e.jpg","contentUrl":"https:\/\/kabinam.lt\/wp-content\/uploads\/2024\/08\/adf18a898903d57dcf6569912c405b1e.jpg","width":1000,"height":1000,"caption":"Cabin crew med\u017eiaginis rakt\u0173 pakabukas \u2013 stilingas aviacinis aksesuaras"},{"@type":"BreadcrumbList","@id":"https:\/\/kabinam.lt\/eng\/product\/cabin-crew-fabric-keychain\/#breadcrumb","itemListElement":[{"@type":"ListItem","position":1,"name":"Home","item":"https:\/\/kabinam.lt\/"},{"@type":"ListItem","position":2,"name":"Visi Produktai","item":"https:\/\/kabinam.lt\/visi-produktai\/"},{"@type":"ListItem","position":3,"name":"Cabin crew med\u017eiaginis rakt\u0173 pakabukas"}]},{"@type":"WebSite","@id":"https:\/\/kabinam.lt\/#website","url":"https:\/\/kabinam.lt\/","name":"kabinam.lt","description":"Kabinam.lt - Schl\u00fcsselanh\u00e4nger und Zubeh\u00f6r","publisher":{"@id":"https:\/\/kabinam.lt\/#organization"},"alternateName":"pakabukai lt","potentialAction":[{"@type":"SearchAction","target":{"@type":"EntryPoint","urlTemplate":"https:\/\/kabinam.lt\/?s={search_term_string}"},"query-input":{"@type":"PropertyValueSpecification","valueRequired":true,"valueName":"search_term_string"}}],"inLanguage":"de"},{"@type":"Organization","@id":"https:\/\/kabinam.lt\/#organization","name":"kabinam.lt","alternateName":"kabinam","url":"https:\/\/kabinam.lt\/","logo":{"@type":"ImageObject","inLanguage":"de","@id":"https:\/\/kabinam.lt\/#\/schema\/logo\/image\/","url":"https:\/\/kabinam.lt\/wp-content\/uploads\/2025\/05\/KABINAM_outer_glow.png","contentUrl":"https:\/\/kabinam.lt\/wp-content\/uploads\/2025\/05\/KABINAM_outer_glow.png","width":474,"height":141,"caption":"kabinam.lt"},"image":{"@id":"https:\/\/kabinam.lt\/#\/schema\/logo\/image\/"}}]}},"uagb_featured_image_src":{"full":["https:\/\/kabinam.lt\/wp-content\/uploads\/2024\/08\/adf18a898903d57dcf6569912c405b1e.jpg",1000,1000,false],"thumbnail":["https:\/\/kabinam.lt\/wp-content\/uploads\/2024\/08\/adf18a898903d57dcf6569912c405b1e-150x150.jpg",150,150,true],"medium":["https:\/\/kabinam.lt\/wp-content\/uploads\/2024\/08\/adf18a898903d57dcf6569912c405b1e-300x300.jpg",300,300,true],"medium_large":["https:\/\/kabinam.lt\/wp-content\/uploads\/2024\/08\/adf18a898903d57dcf6569912c405b1e-768x768.jpg",768,768,true],"large":["https:\/\/kabinam.lt\/wp-content\/uploads\/2024\/08\/adf18a898903d57dcf6569912c405b1e.jpg",1000,1000,false],"1536x1536":["https:\/\/kabinam.lt\/wp-content\/uploads\/2024\/08\/adf18a898903d57dcf6569912c405b1e.jpg",1000,1000,false],"2048x2048":["https:\/\/kabinam.lt\/wp-content\/uploads\/2024\/08\/adf18a898903d57dcf6569912c405b1e.jpg",1000,1000,false],"trp-custom-language-flag":["https:\/\/kabinam.lt\/wp-content\/uploads\/2024\/08\/adf18a898903d57dcf6569912c405b1e.jpg",12,12,false],"woocommerce_thumbnail":["https:\/\/kabinam.lt\/wp-content\/uploads\/2024\/08\/adf18a898903d57dcf6569912c405b1e-300x300.jpg",300,300,true],"woocommerce_single":["https:\/\/kabinam.lt\/wp-content\/uploads\/2024\/08\/adf18a898903d57dcf6569912c405b1e-600x600.jpg",600,600,true],"woocommerce_gallery_thumbnail":["https:\/\/kabinam.lt\/wp-content\/uploads\/2024\/08\/adf18a898903d57dcf6569912c405b1e-100x100.jpg",100,100,true]},"uagb_author_info":{"display_name":"kabinam.lt","author_link":"https:\/\/kabinam.lt\/de\/author\/"},"uagb_comment_info":0,"uagb_excerpt":"Cabin crew med\u017eiaginis rakt\u0173 pakabukas \u2013 originalus aviacinis aksesuaras su geltonais si\u016blais i\u0161siuvin\u0117tu u\u017era\u0161u ir l\u0117ktuvu, skirtas raktams saugoti.","_links":{"self":[{"href":"https:\/\/kabinam.lt\/de\/wp-json\/wp\/v2\/product\/2840","targetHints":{"allow":["GET"]}}],"collection":[{"href":"https:\/\/kabinam.lt\/de\/wp-json\/wp\/v2\/product"}],"about":[{"href":"https:\/\/kabinam.lt\/de\/wp-json\/wp\/v2\/types\/product"}],"replies":[{"embeddable":true,"href":"https:\/\/kabinam.lt\/de\/wp-json\/wp\/v2\/comments?post=2840"}],"wp:featuredmedia":[{"embeddable":true,"href":"https:\/\/kabinam.lt\/de\/wp-json\/wp\/v2\/media\/2842"}],"wp:attachment":[{"href":"https:\/\/kabinam.lt\/de\/wp-json\/wp\/v2\/media?parent=2840"}],"wp:term":[{"taxonomy":"product_brand","embeddable":true,"href":"https:\/\/kabinam.lt\/de\/wp-json\/wp\/v2\/product_brand?post=2840"},{"taxonomy":"product_cat","embeddable":true,"href":"https:\/\/kabinam.lt\/de\/wp-json\/wp\/v2\/product_cat?post=2840"},{"taxonomy":"product_tag","embeddable":true,"href":"https:\/\/kabinam.lt\/de\/wp-json\/wp\/v2\/product_tag?post=2840"}],"curies":[{"name":"wp","href":"https:\/\/api.w.org\/{rel}","templated":true}]}}