{"id":2837,"date":"2024-08-18T10:43:31","date_gmt":"2024-08-18T07:43:31","guid":{"rendered":"https:\/\/kabinam.lt\/?post_type=product&#038;p=2837"},"modified":"2026-01-03T18:49:56","modified_gmt":"2026-01-03T16:49:56","slug":"raktu-pakabukas-eat-sleep-fly","status":"publish","type":"product","link":"https:\/\/kabinam.lt\/de\/product\/raktu-pakabukas-eat-sleep-fly\/","title":{"rendered":"Eat Sleep Fly Schl\u00fcsselanh\u00e4nger - Luftfahrt-Zubeh\u00f6r"},"content":{"rendered":"<div class=\"kk-star-ratings kksr-auto kksr-align-left kksr-valign-top\"\n    data-payload='{&quot;align&quot;:&quot;left&quot;,&quot;id&quot;:&quot;2837&quot;,&quot;slug&quot;:&quot;default&quot;,&quot;valign&quot;:&quot;top&quot;,&quot;ignore&quot;:&quot;&quot;,&quot;reference&quot;:&quot;auto&quot;,&quot;class&quot;:&quot;&quot;,&quot;count&quot;:&quot;0&quot;,&quot;legendonly&quot;:&quot;&quot;,&quot;readonly&quot;:&quot;&quot;,&quot;score&quot;:&quot;0&quot;,&quot;starsonly&quot;:&quot;&quot;,&quot;best&quot;:&quot;5&quot;,&quot;gap&quot;:&quot;5&quot;,&quot;greet&quot;:&quot;Mums svarbus j\u016bs\u0173 \u012fvertinimas&quot;,&quot;legend&quot;:&quot;0\\\/5 - (0 votes)&quot;,&quot;size&quot;:&quot;24&quot;,&quot;title&quot;:&quot;Rakt\u0173 pakabukas Eat Sleep Fly \u2013 Aviacijos Aksesuaras&quot;,&quot;width&quot;:&quot;0&quot;,&quot;_legend&quot;:&quot;{score}\\\/{best} - ({count} {votes})&quot;,&quot;font_factor&quot;:&quot;1.25&quot;}'>\n            \n<div class=\"kksr-stars\">\n    \n<div class=\"kksr-stars-inactive\">\n            <div class=\"kksr-star\" data-star=\"1\" style=\"padding-right: 5px\">\n            \n\n<div class=\"kksr-icon\" style=\"width: 24px; height: 24px;\"><\/div>\n        <\/div>\n            <div class=\"kksr-star\" data-star=\"2\" style=\"padding-right: 5px\">\n            \n\n<div class=\"kksr-icon\" style=\"width: 24px; height: 24px;\"><\/div>\n        <\/div>\n            <div class=\"kksr-star\" data-star=\"3\" style=\"padding-right: 5px\">\n            \n\n<div class=\"kksr-icon\" style=\"width: 24px; height: 24px;\"><\/div>\n        <\/div>\n            <div class=\"kksr-star\" data-star=\"4\" style=\"padding-right: 5px\">\n            \n\n<div class=\"kksr-icon\" style=\"width: 24px; height: 24px;\"><\/div>\n        <\/div>\n            <div class=\"kksr-star\" data-star=\"5\" style=\"padding-right: 5px\">\n            \n\n<div class=\"kksr-icon\" style=\"width: 24px; height: 24px;\"><\/div>\n        <\/div>\n    <\/div>\n    \n<div class=\"kksr-stars-active\" style=\"width: 0px;\">\n            <div class=\"kksr-star\" style=\"padding-right: 5px\">\n            \n\n<div class=\"kksr-icon\" style=\"width: 24px; height: 24px;\"><\/div>\n        <\/div>\n            <div class=\"kksr-star\" style=\"padding-right: 5px\">\n            \n\n<div class=\"kksr-icon\" style=\"width: 24px; height: 24px;\"><\/div>\n        <\/div>\n            <div class=\"kksr-star\" style=\"padding-right: 5px\">\n            \n\n<div class=\"kksr-icon\" style=\"width: 24px; height: 24px;\"><\/div>\n        <\/div>\n            <div class=\"kksr-star\" style=\"padding-right: 5px\">\n            \n\n<div class=\"kksr-icon\" style=\"width: 24px; height: 24px;\"><\/div>\n        <\/div>\n            <div class=\"kksr-star\" style=\"padding-right: 5px\">\n            \n\n<div class=\"kksr-icon\" style=\"width: 24px; height: 24px;\"><\/div>\n        <\/div>\n    <\/div>\n<\/div>\n                \n\n<div class=\"kksr-legend\" style=\"font-size: 19.2px;\">\n            <span class=\"kksr-muted\">Ihre Bewertung ist f\u00fcr uns wichtig<\/span>\n    <\/div>\n    <\/div>\n<h4 class=\"\" data-start=\"69\" data-end=\"93\"><strong data-start=\"74\" data-end=\"91\">\u00dcber das Produkt<\/strong><\/h4>\n<p class=\"\" data-start=\"94\" data-end=\"793\">Moto rakt\u0173 pakabukas Eat Sleep Fly yra originalus aksesuaras, skirtas aviacijos pasaulio profesionalams ir keliaujantiems. P<strong data-start=\"217\" data-end=\"255\">akabukas Eat Sleep Fly<\/strong> \u2013 tai produktas, sukurtas moterims ir vyrams, kurie dirba aviacijoje, baga\u017ee ar kaip pilotai, stiuard\u0117s ir kiti keliautojai. Jis pagamintas i\u0161 patvarios juodos med\u017eiagos, kuri u\u017etikrina ilgalaik\u012f naudojim\u0105 net intensyvaus kelioni\u0173 tempo metu. Ant pakabuko i\u0161graviruotas u\u017era\u0161as \u201eEat Sleep Fly\u201c yra ai\u0161kiai matomas ir kontrastingai i\u0161ry\u0161kintas, o tai suteikia aksesuarui modern\u0173 bei profesional\u0173 \u012fvaizd\u012f. \u0160is <strong data-start=\"664\" data-end=\"702\">moto rakt\u0173 pakabukas Eat Sleep Fly<\/strong> perteikia aistr\u0105 skryd\u017ei\u0173 ir kelioni\u0173 pasauliui, pabr\u0117\u017edamas laisv\u0117s ir nuotyki\u0173 dvasi\u0105.<\/p>\n<h4 class=\"\" data-start=\"795\" data-end=\"834\"><strong data-start=\"800\" data-end=\"832\">Funktionsweise und Verwendung<\/strong><\/h4>\n<p class=\"\" data-start=\"835\" data-end=\"1497\">\u0160is moto rakt\u0173 pakabukas buvo sukurtas ne tik kaip esteti\u0161kas, bet ir kaip funkcionalus sprendimas rakt\u0173 saugojimui. Tvirtas metalinis \u017eiedelis leis patikimai pritvirtinti raktus prie pakabuko, u\u017etikrindamas j\u0173 saugum\u0105 visomis kelion\u0117mis. Integruotas karabinas leid\u017eia greitai pritvirtinti pakabuk\u0105 prie kuprin\u0117s, dir\u017eo ar rankin\u0117s, tod\u0117l jis yra idealus pritaikyti tiek automobilio, tiek motociklo ar l\u0117ktuvo raktams. Universalus dizainas leid\u017eia pakabuk\u0105 naudoti su \u012fvairaus dyd\u017eio rakt\u0173 komplektais. D\u0117l patvarios med\u017eiagos ir tvirt\u0173 komponent\u0173 \u0161is <strong data-start=\"1387\" data-end=\"1425\">moto rakt\u0173 pakabukas Eat Sleep Fly<\/strong> i\u0161laiko savo form\u0105 ir dizain\u0105 net po intensyvaus kasdienio naudojimo.<\/p>\n<h4 class=\"\" data-start=\"1499\" data-end=\"1528\"><strong data-start=\"1504\" data-end=\"1526\">Design und Qualit\u00e4t<\/strong><\/h4>\n<p class=\"\" data-start=\"1529\" data-end=\"2050\">Dizainas yra minimalistinis, ta\u010diau ak\u012f traukiantis. Juoda med\u017eiaga su ai\u0161kiu, i\u0161graviruotu u\u017era\u0161u \u201eEat Sleep Fly\u201c suteikia pakabukui profesional\u0173 \u012fvaizd\u012f, tuo pa\u010diu perteikdamas aviacijos tematik\u0105. Kiekviena detal\u0117 apdorota precizi\u0161kai, o med\u017eiaga atspari dilimui, dr\u0117gmei ir net ekstremalioms temperat\u016broms, tod\u0117l pakabukas puikiai tinka kelion\u0117ms. Jei ie\u0161kote daugiau aviacinio dizaino aksesuar\u0173, per\u017ei\u016br\u0117kite m\u016bs\u0173 <a class=\"\" href=\"https:\/\/kabinam.lt\/de\/produktkategorie-2\/motorrad-schlusselanhanger-2\/\" target=\"_new\" rel=\"noopener\" data-start=\"1947\" data-end=\"2047\">eine Sammlung von Motorrad-Schl\u00fcsselanh\u00e4ngern<\/a>.<\/p>\n<h4 class=\"\" data-start=\"2052\" data-end=\"2083\"><strong data-start=\"2057\" data-end=\"2081\">Warum w\u00e4hlen?<\/strong><\/h4>\n<p class=\"\" data-start=\"2084\" data-end=\"2933\">Investuodami \u012f <strong data-start=\"2099\" data-end=\"2137\">moto rakt\u0173 pakabukas Eat Sleep Fly<\/strong>, j\u016bs pasirenkate auk\u0161tos kokyb\u0117s, funkcional\u0173 ir stiling\u0105 aksesuar\u0105, kuris perteikia j\u016bs\u0173 aistr\u0105 aviacijai ir kelion\u0117ms. \u0160is pakabukas ne tik saugo j\u016bs\u0173 raktus, bet ir pabr\u0117\u017eia j\u016bs\u0173 individual\u0173 stili\u0173, prideda modern\u0173 akcent\u0105 ir puikiai tinka tiek profesiniam, tiek asmeniniam naudojimui. Jis puikiai tinka kaip dovana aviacijos entuziastams, pilotams, stiuard\u0117ms ir visiems, kurie m\u0117gsta keliauti. Pasirinkus \u0161\u012f produkt\u0105, j\u016bs investuojate \u012f patikimum\u0105 ir i\u0161skirtinum\u0105. Daugiau informacijos apie naujausius aksesuar\u0173 sprendimus rasite m\u016bs\u0173 <a class=\"\" href=\"https:\/\/kabinam.lt\/de\/visi-produktai\/\" target=\"_new\" rel=\"noopener\" data-start=\"2678\" data-end=\"2735\">Visuose produktuose<\/a>. Taip pat rekomenduojame apsilankyti <a class=\"\" href=\"https:\/\/kabinam.lt\/de\/produktkategorie-2\/metaliniai\/\" target=\"_new\" rel=\"noopener\" data-start=\"2773\" data-end=\"2844\">Metallanh\u00e4nger<\/a> und <a class=\"\" href=\"https:\/\/kabinam.lt\/de\/produktkategorie-2\/graviruoti\/\" target=\"_new\" rel=\"noopener\" data-start=\"2848\" data-end=\"2919\">Gravierte Schl\u00fcsselanh\u00e4nger<\/a> kategorijose.<\/p>","protected":false},"excerpt":{"rendered":"<p>Moto rakt\u0173 pakabukas Eat Sleep Fly \u2013 juodos med\u017eiagos aksesuaras su i\u0161graviruotu u\u017era\u0161u, puikiai tinkantis aviacijos entuziastams.<\/p>","protected":false},"featured_media":2839,"comment_status":"closed","ping_status":"closed","template":"","meta":{"_uag_custom_page_level_css":"","site-sidebar-layout":"default","site-content-layout":"","ast-site-content-layout":"default","site-content-style":"default","site-sidebar-style":"default","ast-global-header-display":"","ast-banner-title-visibility":"","ast-main-header-display":"","ast-hfb-above-header-display":"","ast-hfb-below-header-display":"","ast-hfb-mobile-header-display":"","site-post-title":"","ast-breadcrumbs-content":"","ast-featured-img":"","footer-sml-layout":"","ast-disable-related-posts":"","theme-transparent-header-meta":"default","adv-header-id-meta":"","stick-header-meta":"","header-above-stick-meta":"","header-main-stick-meta":"","header-below-stick-meta":"","astra-migrate-meta-layouts":"set","ast-page-background-enabled":"default","ast-page-background-meta":{"desktop":{"background-color":"var(--ast-global-color-4)","background-image":"","background-repeat":"repeat","background-position":"center center","background-size":"auto","background-attachment":"scroll","background-type":"","background-media":"","overlay-type":"","overlay-color":"","overlay-opacity":"","overlay-gradient":""},"tablet":{"background-color":"","background-image":"","background-repeat":"repeat","background-position":"center center","background-size":"auto","background-attachment":"scroll","background-type":"","background-media":"","overlay-type":"","overlay-color":"","overlay-opacity":"","overlay-gradient":""},"mobile":{"background-color":"","background-image":"","background-repeat":"repeat","background-position":"center center","background-size":"auto","background-attachment":"scroll","background-type":"","background-media":"","overlay-type":"","overlay-color":"","overlay-opacity":"","overlay-gradient":""}},"ast-content-background-meta":{"desktop":{"background-color":"var(--ast-global-color-5)","background-image":"","background-repeat":"repeat","background-position":"center center","background-size":"auto","background-attachment":"scroll","background-type":"","background-media":"","overlay-type":"","overlay-color":"","overlay-opacity":"","overlay-gradient":""},"tablet":{"background-color":"var(--ast-global-color-5)","background-image":"","background-repeat":"repeat","background-position":"center center","background-size":"auto","background-attachment":"scroll","background-type":"","background-media":"","overlay-type":"","overlay-color":"","overlay-opacity":"","overlay-gradient":""},"mobile":{"background-color":"var(--ast-global-color-5)","background-image":"","background-repeat":"repeat","background-position":"center center","background-size":"auto","background-attachment":"scroll","background-type":"","background-media":"","overlay-type":"","overlay-color":"","overlay-opacity":"","overlay-gradient":""}}},"product_brand":[],"product_cat":[125,126,91,118],"product_tag":[],"class_list":{"0":"post-2837","1":"product","2":"type-product","3":"status-publish","4":"has-post-thumbnail","6":"product_cat-halloween","7":"product_cat-visi","8":"product_cat-motociklo-raktu-pakabukai","9":"product_cat-dovana-teciui","10":"desktop-align-center","11":"tablet-align-left","12":"mobile-align-left","14":"first","15":"instock","16":"shipping-taxable","17":"purchasable","18":"product-type-simple"},"yoast_head":"<!-- This site is optimized with the Yoast SEO plugin v27.1.1 - https:\/\/yoast.com\/product\/yoast-seo-wordpress\/ -->\n<title>Rakt\u0173 pakabukas Eat Sleep Fly \u2013 Aviacijos Aksesuaras - kabinam.lt<\/title>\n<meta name=\"description\" content=\"Moto rakt\u0173 pakabukas Eat Sleep Fly \u2013 profesionalus ir funkcionalus aksesuaras, pagamintas i\u0161 juodos med\u017eiagos su i\u0161graviruotu u\u017era\u0161u.\" \/>\n<meta name=\"robots\" content=\"index, follow, max-snippet:-1, max-image-preview:large, max-video-preview:-1\" \/>\n<link rel=\"canonical\" href=\"https:\/\/kabinam.lt\/de\/produkt\/raktu-pakabukas-eat-sleep-fly\/\" \/>\n<meta property=\"og:locale\" content=\"de_DE\" \/>\n<meta property=\"og:type\" content=\"article\" \/>\n<meta property=\"og:title\" content=\"Rakt\u0173 pakabukas Eat Sleep Fly \u2013 Aviacijos Aksesuaras - kabinam.lt\" \/>\n<meta property=\"og:description\" content=\"Moto rakt\u0173 pakabukas Eat Sleep Fly \u2013 profesionalus ir funkcionalus aksesuaras, pagamintas i\u0161 juodos med\u017eiagos su i\u0161graviruotu u\u017era\u0161u.\" \/>\n<meta property=\"og:url\" content=\"https:\/\/kabinam.lt\/de\/produkt\/raktu-pakabukas-eat-sleep-fly\/\" \/>\n<meta property=\"og:site_name\" content=\"kabinam.lt\" \/>\n<meta property=\"article:modified_time\" content=\"2026-01-03T16:49:56+00:00\" \/>\n<meta property=\"og:image\" content=\"https:\/\/kabinam.lt\/wp-content\/uploads\/2024\/08\/04b55e53-57d7-4265-9534-ad221e24f0ef.jpg\" \/>\n\t<meta property=\"og:image:width\" content=\"1000\" \/>\n\t<meta property=\"og:image:height\" content=\"1000\" \/>\n\t<meta property=\"og:image:type\" content=\"image\/jpeg\" \/>\n<meta name=\"twitter:card\" content=\"summary_large_image\" \/>\n<meta name=\"twitter:label1\" content=\"Gesch\u00e4tzte Lesezeit\" \/>\n\t<meta name=\"twitter:data1\" content=\"3\u00a0Minuten\" \/>\n<script type=\"application\/ld+json\" class=\"yoast-schema-graph\">{\"@context\":\"https:\/\/schema.org\",\"@graph\":[{\"@type\":[\"WebPage\",\"ItemPage\"],\"@id\":\"https:\/\/kabinam.lt\/eng\/product\/keyring-eat-sleep-fly\/\",\"url\":\"https:\/\/kabinam.lt\/eng\/product\/keyring-eat-sleep-fly\/\",\"name\":\"Rakt\u0173 pakabukas Eat Sleep Fly \u2013 Aviacijos Aksesuaras - kabinam.lt\",\"isPartOf\":{\"@id\":\"https:\/\/kabinam.lt\/#website\"},\"primaryImageOfPage\":{\"@id\":\"https:\/\/kabinam.lt\/eng\/product\/keyring-eat-sleep-fly\/#primaryimage\"},\"image\":{\"@id\":\"https:\/\/kabinam.lt\/eng\/product\/keyring-eat-sleep-fly\/#primaryimage\"},\"thumbnailUrl\":\"https:\/\/kabinam.lt\/wp-content\/uploads\/2024\/08\/04b55e53-57d7-4265-9534-ad221e24f0ef.jpg\",\"datePublished\":\"2024-08-18T07:43:31+00:00\",\"dateModified\":\"2026-01-03T16:49:56+00:00\",\"description\":\"Moto rakt\u0173 pakabukas Eat Sleep Fly \u2013 profesionalus ir funkcionalus aksesuaras, pagamintas i\u0161 juodos med\u017eiagos su i\u0161graviruotu u\u017era\u0161u.\",\"breadcrumb\":{\"@id\":\"https:\/\/kabinam.lt\/eng\/product\/keyring-eat-sleep-fly\/#breadcrumb\"},\"inLanguage\":\"de\",\"potentialAction\":[{\"@type\":\"ReadAction\",\"target\":[\"https:\/\/kabinam.lt\/eng\/product\/keyring-eat-sleep-fly\/\"]}]},{\"@type\":\"ImageObject\",\"inLanguage\":\"de\",\"@id\":\"https:\/\/kabinam.lt\/eng\/product\/keyring-eat-sleep-fly\/#primaryimage\",\"url\":\"https:\/\/kabinam.lt\/wp-content\/uploads\/2024\/08\/04b55e53-57d7-4265-9534-ad221e24f0ef.jpg\",\"contentUrl\":\"https:\/\/kabinam.lt\/wp-content\/uploads\/2024\/08\/04b55e53-57d7-4265-9534-ad221e24f0ef.jpg\",\"width\":1000,\"height\":1000,\"caption\":\"Moto rakt\u0173 pakabukas Eat Sleep Fly \u2013 Aviacinis Aksesuaras\"},{\"@type\":\"BreadcrumbList\",\"@id\":\"https:\/\/kabinam.lt\/eng\/product\/keyring-eat-sleep-fly\/#breadcrumb\",\"itemListElement\":[{\"@type\":\"ListItem\",\"position\":1,\"name\":\"Home\",\"item\":\"https:\/\/kabinam.lt\/\"},{\"@type\":\"ListItem\",\"position\":2,\"name\":\"Visi Produktai\",\"item\":\"https:\/\/kabinam.lt\/visi-produktai\/\"},{\"@type\":\"ListItem\",\"position\":3,\"name\":\"Rakt\u0173 pakabukas Eat Sleep Fly \u2013 Aviacijos Aksesuaras\"}]},{\"@type\":\"WebSite\",\"@id\":\"https:\/\/kabinam.lt\/#website\",\"url\":\"https:\/\/kabinam.lt\/\",\"name\":\"kabinam.lt\",\"description\":\"Kabinam.lt \u2013 raktu pakabukai ir aksesuarai\",\"publisher\":{\"@id\":\"https:\/\/kabinam.lt\/#organization\"},\"alternateName\":\"pakabukai lt\",\"potentialAction\":[{\"@type\":\"SearchAction\",\"target\":{\"@type\":\"EntryPoint\",\"urlTemplate\":\"https:\/\/kabinam.lt\/?s={search_term_string}\"},\"query-input\":{\"@type\":\"PropertyValueSpecification\",\"valueRequired\":true,\"valueName\":\"search_term_string\"}}],\"inLanguage\":\"de\"},{\"@type\":\"Organization\",\"@id\":\"https:\/\/kabinam.lt\/#organization\",\"name\":\"kabinam.lt\",\"alternateName\":\"kabinam\",\"url\":\"https:\/\/kabinam.lt\/\",\"logo\":{\"@type\":\"ImageObject\",\"inLanguage\":\"de\",\"@id\":\"https:\/\/kabinam.lt\/#\/schema\/logo\/image\/\",\"url\":\"https:\/\/kabinam.lt\/wp-content\/uploads\/2025\/05\/KABINAM_outer_glow.png\",\"contentUrl\":\"https:\/\/kabinam.lt\/wp-content\/uploads\/2025\/05\/KABINAM_outer_glow.png\",\"width\":474,\"height\":141,\"caption\":\"kabinam.lt\"},\"image\":{\"@id\":\"https:\/\/kabinam.lt\/#\/schema\/logo\/image\/\"}}]}<\/script>\n<!-- \/ Yoast SEO plugin. -->","yoast_head_json":{"title":"Schl\u00fcsselanh\u00e4nger Eat Sleep Fly \u2013 Flugzeugzubeh\u00f6r - kabinam.lt","description":"Motorrad-Schl\u00fcsselanh\u00e4nger Eat Sleep Fly \u2013 professionelles und funktionales Accessoire, aus schwarzem Material hergestellt mit eingraviertem Text.","robots":{"index":"index","follow":"follow","max-snippet":"max-snippet:-1","max-image-preview":"max-image-preview:large","max-video-preview":"max-video-preview:-1"},"canonical":"https:\/\/kabinam.lt\/de\/produkt\/raktu-pakabukas-eat-sleep-fly\/","og_locale":"de_DE","og_type":"article","og_title":"Rakt\u0173 pakabukas Eat Sleep Fly \u2013 Aviacijos Aksesuaras - kabinam.lt","og_description":"Moto rakt\u0173 pakabukas Eat Sleep Fly \u2013 profesionalus ir funkcionalus aksesuaras, pagamintas i\u0161 juodos med\u017eiagos su i\u0161graviruotu u\u017era\u0161u.","og_url":"https:\/\/kabinam.lt\/de\/produkt\/raktu-pakabukas-eat-sleep-fly\/","og_site_name":"kabinam.lt","article_modified_time":"2026-01-03T16:49:56+00:00","og_image":[{"width":1000,"height":1000,"url":"https:\/\/kabinam.lt\/wp-content\/uploads\/2024\/08\/04b55e53-57d7-4265-9534-ad221e24f0ef.jpg","type":"image\/jpeg"}],"twitter_card":"summary_large_image","twitter_misc":{"Gesch\u00e4tzte Lesezeit":"3\u00a0Minuten"},"schema":{"@context":"https:\/\/schema.org","@graph":[{"@type":["WebPage","ItemPage"],"@id":"https:\/\/kabinam.lt\/eng\/product\/keyring-eat-sleep-fly\/","url":"https:\/\/kabinam.lt\/eng\/product\/keyring-eat-sleep-fly\/","name":"Schl\u00fcsselanh\u00e4nger Eat Sleep Fly \u2013 Flugzeugzubeh\u00f6r - kabinam.lt","isPartOf":{"@id":"https:\/\/kabinam.lt\/#website"},"primaryImageOfPage":{"@id":"https:\/\/kabinam.lt\/eng\/product\/keyring-eat-sleep-fly\/#primaryimage"},"image":{"@id":"https:\/\/kabinam.lt\/eng\/product\/keyring-eat-sleep-fly\/#primaryimage"},"thumbnailUrl":"https:\/\/kabinam.lt\/wp-content\/uploads\/2024\/08\/04b55e53-57d7-4265-9534-ad221e24f0ef.jpg","datePublished":"2024-08-18T07:43:31+00:00","dateModified":"2026-01-03T16:49:56+00:00","description":"Motorrad-Schl\u00fcsselanh\u00e4nger Eat Sleep Fly \u2013 professionelles und funktionales Accessoire, aus schwarzem Material hergestellt mit eingraviertem Text.","breadcrumb":{"@id":"https:\/\/kabinam.lt\/eng\/product\/keyring-eat-sleep-fly\/#breadcrumb"},"inLanguage":"de","potentialAction":[{"@type":"ReadAction","target":["https:\/\/kabinam.lt\/eng\/product\/keyring-eat-sleep-fly\/"]}]},{"@type":"ImageObject","inLanguage":"de","@id":"https:\/\/kabinam.lt\/eng\/product\/keyring-eat-sleep-fly\/#primaryimage","url":"https:\/\/kabinam.lt\/wp-content\/uploads\/2024\/08\/04b55e53-57d7-4265-9534-ad221e24f0ef.jpg","contentUrl":"https:\/\/kabinam.lt\/wp-content\/uploads\/2024\/08\/04b55e53-57d7-4265-9534-ad221e24f0ef.jpg","width":1000,"height":1000,"caption":"Moto rakt\u0173 pakabukas Eat Sleep Fly \u2013 Aviacinis Aksesuaras"},{"@type":"BreadcrumbList","@id":"https:\/\/kabinam.lt\/eng\/product\/keyring-eat-sleep-fly\/#breadcrumb","itemListElement":[{"@type":"ListItem","position":1,"name":"Home","item":"https:\/\/kabinam.lt\/"},{"@type":"ListItem","position":2,"name":"Visi Produktai","item":"https:\/\/kabinam.lt\/visi-produktai\/"},{"@type":"ListItem","position":3,"name":"Rakt\u0173 pakabukas Eat Sleep Fly \u2013 Aviacijos Aksesuaras"}]},{"@type":"WebSite","@id":"https:\/\/kabinam.lt\/#website","url":"https:\/\/kabinam.lt\/","name":"kabinam.lt","description":"Kabinam.lt - Schl\u00fcsselanh\u00e4nger und Zubeh\u00f6r","publisher":{"@id":"https:\/\/kabinam.lt\/#organization"},"alternateName":"pakabukai lt","potentialAction":[{"@type":"SearchAction","target":{"@type":"EntryPoint","urlTemplate":"https:\/\/kabinam.lt\/?s={search_term_string}"},"query-input":{"@type":"PropertyValueSpecification","valueRequired":true,"valueName":"search_term_string"}}],"inLanguage":"de"},{"@type":"Organization","@id":"https:\/\/kabinam.lt\/#organization","name":"kabinam.lt","alternateName":"kabinam","url":"https:\/\/kabinam.lt\/","logo":{"@type":"ImageObject","inLanguage":"de","@id":"https:\/\/kabinam.lt\/#\/schema\/logo\/image\/","url":"https:\/\/kabinam.lt\/wp-content\/uploads\/2025\/05\/KABINAM_outer_glow.png","contentUrl":"https:\/\/kabinam.lt\/wp-content\/uploads\/2025\/05\/KABINAM_outer_glow.png","width":474,"height":141,"caption":"kabinam.lt"},"image":{"@id":"https:\/\/kabinam.lt\/#\/schema\/logo\/image\/"}}]}},"uagb_featured_image_src":{"full":["https:\/\/kabinam.lt\/wp-content\/uploads\/2024\/08\/04b55e53-57d7-4265-9534-ad221e24f0ef.jpg",1000,1000,false],"thumbnail":["https:\/\/kabinam.lt\/wp-content\/uploads\/2024\/08\/04b55e53-57d7-4265-9534-ad221e24f0ef-150x150.jpg",150,150,true],"medium":["https:\/\/kabinam.lt\/wp-content\/uploads\/2024\/08\/04b55e53-57d7-4265-9534-ad221e24f0ef-300x300.jpg",300,300,true],"medium_large":["https:\/\/kabinam.lt\/wp-content\/uploads\/2024\/08\/04b55e53-57d7-4265-9534-ad221e24f0ef-768x768.jpg",768,768,true],"large":["https:\/\/kabinam.lt\/wp-content\/uploads\/2024\/08\/04b55e53-57d7-4265-9534-ad221e24f0ef.jpg",1000,1000,false],"1536x1536":["https:\/\/kabinam.lt\/wp-content\/uploads\/2024\/08\/04b55e53-57d7-4265-9534-ad221e24f0ef.jpg",1000,1000,false],"2048x2048":["https:\/\/kabinam.lt\/wp-content\/uploads\/2024\/08\/04b55e53-57d7-4265-9534-ad221e24f0ef.jpg",1000,1000,false],"trp-custom-language-flag":["https:\/\/kabinam.lt\/wp-content\/uploads\/2024\/08\/04b55e53-57d7-4265-9534-ad221e24f0ef.jpg",12,12,false],"woocommerce_thumbnail":["https:\/\/kabinam.lt\/wp-content\/uploads\/2024\/08\/04b55e53-57d7-4265-9534-ad221e24f0ef-300x300.jpg",300,300,true],"woocommerce_single":["https:\/\/kabinam.lt\/wp-content\/uploads\/2024\/08\/04b55e53-57d7-4265-9534-ad221e24f0ef-600x600.jpg",600,600,true],"woocommerce_gallery_thumbnail":["https:\/\/kabinam.lt\/wp-content\/uploads\/2024\/08\/04b55e53-57d7-4265-9534-ad221e24f0ef-100x100.jpg",100,100,true]},"uagb_author_info":{"display_name":"kabinam.lt","author_link":"https:\/\/kabinam.lt\/de\/author\/"},"uagb_comment_info":0,"uagb_excerpt":"Moto rakt\u0173 pakabukas Eat Sleep Fly \u2013 juodos med\u017eiagos aksesuaras su i\u0161graviruotu u\u017era\u0161u, puikiai tinkantis aviacijos entuziastams.","_links":{"self":[{"href":"https:\/\/kabinam.lt\/de\/wp-json\/wp\/v2\/product\/2837","targetHints":{"allow":["GET"]}}],"collection":[{"href":"https:\/\/kabinam.lt\/de\/wp-json\/wp\/v2\/product"}],"about":[{"href":"https:\/\/kabinam.lt\/de\/wp-json\/wp\/v2\/types\/product"}],"replies":[{"embeddable":true,"href":"https:\/\/kabinam.lt\/de\/wp-json\/wp\/v2\/comments?post=2837"}],"wp:featuredmedia":[{"embeddable":true,"href":"https:\/\/kabinam.lt\/de\/wp-json\/wp\/v2\/media\/2839"}],"wp:attachment":[{"href":"https:\/\/kabinam.lt\/de\/wp-json\/wp\/v2\/media?parent=2837"}],"wp:term":[{"taxonomy":"product_brand","embeddable":true,"href":"https:\/\/kabinam.lt\/de\/wp-json\/wp\/v2\/product_brand?post=2837"},{"taxonomy":"product_cat","embeddable":true,"href":"https:\/\/kabinam.lt\/de\/wp-json\/wp\/v2\/product_cat?post=2837"},{"taxonomy":"product_tag","embeddable":true,"href":"https:\/\/kabinam.lt\/de\/wp-json\/wp\/v2\/product_tag?post=2837"}],"curies":[{"name":"wp","href":"https:\/\/api.w.org\/{rel}","templated":true}]}}