{"id":2835,"date":"2024-08-18T10:39:36","date_gmt":"2024-08-18T07:39:36","guid":{"rendered":"https:\/\/kabinam.lt\/?post_type=product&#038;p=2835"},"modified":"2026-01-03T18:49:56","modified_gmt":"2026-01-03T16:49:56","slug":"schlusselband-nein-es-ist-nicht-sein-fahrrad","status":"publish","type":"product","link":"https:\/\/kabinam.lt\/de\/product\/raktu-pakabukas-no-its-not-his-bike\/","title":{"rendered":"Nein, es ist nicht sein Fahrrad"},"content":{"rendered":"<div class=\"kk-star-ratings kksr-auto kksr-align-left kksr-valign-top\"\n    data-payload='{&quot;align&quot;:&quot;left&quot;,&quot;id&quot;:&quot;2835&quot;,&quot;slug&quot;:&quot;default&quot;,&quot;valign&quot;:&quot;top&quot;,&quot;ignore&quot;:&quot;&quot;,&quot;reference&quot;:&quot;auto&quot;,&quot;class&quot;:&quot;&quot;,&quot;count&quot;:&quot;0&quot;,&quot;legendonly&quot;:&quot;&quot;,&quot;readonly&quot;:&quot;&quot;,&quot;score&quot;:&quot;0&quot;,&quot;starsonly&quot;:&quot;&quot;,&quot;best&quot;:&quot;5&quot;,&quot;gap&quot;:&quot;5&quot;,&quot;greet&quot;:&quot;Mums svarbus j\u016bs\u0173 \u012fvertinimas&quot;,&quot;legend&quot;:&quot;0\\\/5 - (0 votes)&quot;,&quot;size&quot;:&quot;24&quot;,&quot;title&quot;:&quot;No it\\u0026#039;s not his bike&quot;,&quot;width&quot;:&quot;0&quot;,&quot;_legend&quot;:&quot;{score}\\\/{best} - ({count} {votes})&quot;,&quot;font_factor&quot;:&quot;1.25&quot;}'>\n            \n<div class=\"kksr-stars\">\n    \n<div class=\"kksr-stars-inactive\">\n            <div class=\"kksr-star\" data-star=\"1\" style=\"padding-right: 5px\">\n            \n\n<div class=\"kksr-icon\" style=\"width: 24px; height: 24px;\"><\/div>\n        <\/div>\n            <div class=\"kksr-star\" data-star=\"2\" style=\"padding-right: 5px\">\n            \n\n<div class=\"kksr-icon\" style=\"width: 24px; height: 24px;\"><\/div>\n        <\/div>\n            <div class=\"kksr-star\" data-star=\"3\" style=\"padding-right: 5px\">\n            \n\n<div class=\"kksr-icon\" style=\"width: 24px; height: 24px;\"><\/div>\n        <\/div>\n            <div class=\"kksr-star\" data-star=\"4\" style=\"padding-right: 5px\">\n            \n\n<div class=\"kksr-icon\" style=\"width: 24px; height: 24px;\"><\/div>\n        <\/div>\n            <div class=\"kksr-star\" data-star=\"5\" style=\"padding-right: 5px\">\n            \n\n<div class=\"kksr-icon\" style=\"width: 24px; height: 24px;\"><\/div>\n        <\/div>\n    <\/div>\n    \n<div class=\"kksr-stars-active\" style=\"width: 0px;\">\n            <div class=\"kksr-star\" style=\"padding-right: 5px\">\n            \n\n<div class=\"kksr-icon\" style=\"width: 24px; height: 24px;\"><\/div>\n        <\/div>\n            <div class=\"kksr-star\" style=\"padding-right: 5px\">\n            \n\n<div class=\"kksr-icon\" style=\"width: 24px; height: 24px;\"><\/div>\n        <\/div>\n            <div class=\"kksr-star\" style=\"padding-right: 5px\">\n            \n\n<div class=\"kksr-icon\" style=\"width: 24px; height: 24px;\"><\/div>\n        <\/div>\n            <div class=\"kksr-star\" style=\"padding-right: 5px\">\n            \n\n<div class=\"kksr-icon\" style=\"width: 24px; height: 24px;\"><\/div>\n        <\/div>\n            <div class=\"kksr-star\" style=\"padding-right: 5px\">\n            \n\n<div class=\"kksr-icon\" style=\"width: 24px; height: 24px;\"><\/div>\n        <\/div>\n    <\/div>\n<\/div>\n                \n\n<div class=\"kksr-legend\" style=\"font-size: 19.2px;\">\n            <span class=\"kksr-muted\">Ihre Bewertung ist f\u00fcr uns wichtig<\/span>\n    <\/div>\n    <\/div>\n<h4 data-start=\"48\" data-end=\"72\"><strong data-start=\"53\" data-end=\"70\">\u00dcber das Produkt<\/strong><\/h4>\n<p data-start=\"73\" data-end=\"675\">Rakt\u0173 pakabukas \u201eNO IT\u2019S NOT HIS BIKE\u201d yra originalus ir humoro kupinas aksesuaras. Pagamintas i\u0161 juodos med\u017eiagos, jis pasi\u017eymi i\u0161siuv\u0117tu tekstu, kurio si\u016bl\u0117s yra baltos, raudonos ir ro\u017ein\u0117s. Tekstas ai\u0161kiai skelbia: \u201eNO IT\u2019S NOT HIS BIKE\u201d. Produktas yra sukurtas tiems, kurie vertina unikalum\u0105 ir nori i\u0161siskirti. \u0160is pakabukas tinka automobili\u0173, motocikl\u0173 bei nam\u0173 raktams. Jo dizainas suteikia j\u016bs\u0173 raktams modern\u0173 akcent\u0105, o tvirta konstrukcija u\u017etikrina ilgaam\u017ei\u0161kum\u0105 net kasdien\u0117je rutinoje. I\u0161siuv\u0117tas tekstas pabr\u0117\u017eia humoristin\u012f po\u017ei\u016br\u012f, o spalv\u0173 kontrastas suteikia aksesuarui dinami\u0161kumo.<\/p>\n<p data-start=\"677\" data-end=\"1054\">Pagamintas pagal auk\u0161tus standartus, \u0161is rakt\u0173 pakabukas pasi\u017eymi ne tik estetika, bet ir funkcionalumu. Jei norite su\u017einoti daugiau apie tekstil\u0117s ir siuvin\u0117jimo technikas, apsilankykite <a target=\"_new\" rel=\"noopener\" data-start=\"865\" data-end=\"927\">Externe Ressource<\/a>. Nor\u0117dami per\u017ei\u016br\u0117ti kitus m\u016bs\u0173 unikalius aksesuarus, spustel\u0117kite <a target=\"_new\" rel=\"noopener\" data-start=\"995\" data-end=\"1053\">In unserem Produktkatalog<\/a>.<\/p>\n<h4 data-start=\"1056\" data-end=\"1095\"><strong data-start=\"1061\" data-end=\"1093\">Funktionsweise und Verwendung<\/strong><\/h4>\n<p data-start=\"1096\" data-end=\"1630\">Pakabukas \u201eNO IT\u2019S NOT HIS BIKE\u201d saugo j\u016bs\u0173 raktus patikimai. Tvirtas metalinis \u017eiedelis u\u017etikrina, kad raktai bus saugiai pritvirtinti. Integruotas karabinas leid\u017eia greitai pritvirtinti aksesuar\u0105 prie rakt\u0173 rinkinio, kuprin\u0117s ar dir\u017eo. Jo universalus dydis leid\u017eia patogiai ne\u0161iotis tiek automobili\u0173, tiek motocikl\u0173 raktams. Naudojimas yra intuityvus, o pakabuko konstrukcija padeda i\u0161laikyti tvark\u0105 kasdien\u0117je veikloje. \u0160is produktas yra puikus pasirinkimas tiems, kurie nori, kad j\u0173 raktai b\u016bt\u0173 ne tik saug\u016bs, bet ir i\u0161skirtiniai.<\/p>\n<h4 data-start=\"1632\" data-end=\"1661\"><strong data-start=\"1637\" data-end=\"1659\">Design und Qualit\u00e4t<\/strong><\/h4>\n<p data-start=\"1662\" data-end=\"1720\">Pakabuko dizainas yra kruop\u0161\u010diai apgalvotas ir modernus.<\/p>\n<ul data-start=\"1721\" data-end=\"2190\">\n<li data-start=\"1721\" data-end=\"1816\"><strong data-start=\"1723\" data-end=\"1736\">Material:<\/strong> Juoda med\u017eiaga, kurioje i\u0161siuv\u0117tas tekstas, u\u017etikrina tvirtum\u0105 ir elegancij\u0105.<\/li>\n<li data-start=\"1817\" data-end=\"1909\"><strong data-start=\"1819\" data-end=\"1831\">Farben:<\/strong> I\u0161siuv\u0117tos si\u016bl\u0117s \u2013 baltos, raudonos ir ro\u017ein\u0117s \u2013 suteikia ry\u0161k\u0173 kontrast\u0105.<\/li>\n<li data-start=\"1910\" data-end=\"1988\"><strong data-start=\"1912\" data-end=\"1922\">Gr\u00f6\u00dfe:<\/strong> Kompakt, aber auff\u00e4llig, geeignet f\u00fcr verschiedene Schl\u00fcsselgr\u00f6\u00dfen.<\/li>\n<li data-start=\"1989\" data-end=\"2088\"><strong data-start=\"1991\" data-end=\"2003\">Merkmale:<\/strong> Unikalus humoristinis u\u017era\u0161as, tiksliai atkurian\u010dios siuvin\u0117jimo technik\u0105 detal\u0117s.<\/li>\n<li data-start=\"2089\" data-end=\"2190\"><strong data-start=\"2091\" data-end=\"2107\">Reparieren:<\/strong> Patvarus metalinis \u017eiedelis ir karabinas u\u017etikrina saug\u0173 pritvirtinim\u0105 prie rakt\u0173.<\/li>\n<\/ul>\n<p data-start=\"2192\" data-end=\"2410\">I\u0161skirtinis dizainas ir kokybi\u0161kos med\u017eiagos garantuoja, kad pakabukas i\u0161liks naujas net po intensyvaus kasdienio naudojimo. Jo originalus stilius gali tapti tiek praktiniu, tiek esteti\u0161ku akcentu j\u016bs\u0173 rakt\u0173 rinkiniui.<\/p>\n<h4 data-start=\"2412\" data-end=\"2443\"><strong data-start=\"2417\" data-end=\"2441\">Warum w\u00e4hlen?<\/strong><\/h4>\n<p data-start=\"2444\" data-end=\"2574\">Investavimas \u012f rakt\u0173 pakabuk\u0105 \u201eNO IT\u2019S NOT HIS BIKE\u201d yra puikus sprendimas tiems, kurie nori i\u0161siskirti ir parodyti savo humor\u0105.<\/p>\n<ul data-start=\"2575\" data-end=\"3063\">\n<li data-start=\"2575\" data-end=\"2659\">Produktas pasi\u017eymi originaliu dizainu ir smagiu u\u017era\u0161u, kuris pritraukia d\u0117mes\u012f.<\/li>\n<li data-start=\"2660\" data-end=\"2739\">Tvirta konstrukcija u\u017etikrina, kad j\u016bs\u0173 raktai bus saugiai laikomi kasdien.<\/li>\n<li data-start=\"2740\" data-end=\"2833\">Aksesuaras tinka tiek asmeniniam naudojimui, tiek dovanojimui draugams ar \u0161eimos nariams.<\/li>\n<li data-start=\"2834\" data-end=\"3063\">Die Bedienung ist einfach und der integrierte Karabiner erm\u00f6glicht eine schnelle Befestigung des Anh\u00e4ngers.<br data-start=\"2924\" data-end=\"2927\" \/>W\u00e4hlen Sie dieses Produkt, damit Ihre Schl\u00fcssel nicht nur sicher sind, sondern auch Ihren pers\u00f6nlichen Stil erg\u00e4nzen und Ihnen jeden Tag ein L\u00e4cheln schenken.<\/li>\n<\/ul>\n<p data-start=\"3065\" data-end=\"3148\">W\u00e4hlen Sie diesen Schl\u00fcsselanh\u00e4nger, damit Ihr Alltag fr\u00f6hlicher und stilvoller wird.<\/p>","protected":false},"excerpt":{"rendered":"<p>Juodos med\u017eiagos rakt\u0173 pakabukas \u201eNO IT\u2019S NOT HIS BIKE\u201d \u2013 originalus, modernus ir patvarus aksesuaras j\u016bs\u0173 raktams.<\/p>","protected":false},"featured_media":2836,"comment_status":"closed","ping_status":"closed","template":"","meta":{"_uag_custom_page_level_css":"","site-sidebar-layout":"default","site-content-layout":"","ast-site-content-layout":"default","site-content-style":"default","site-sidebar-style":"default","ast-global-header-display":"","ast-banner-title-visibility":"","ast-main-header-display":"","ast-hfb-above-header-display":"","ast-hfb-below-header-display":"","ast-hfb-mobile-header-display":"","site-post-title":"","ast-breadcrumbs-content":"","ast-featured-img":"","footer-sml-layout":"","ast-disable-related-posts":"","theme-transparent-header-meta":"default","adv-header-id-meta":"","stick-header-meta":"","header-above-stick-meta":"","header-main-stick-meta":"","header-below-stick-meta":"","astra-migrate-meta-layouts":"set","ast-page-background-enabled":"default","ast-page-background-meta":{"desktop":{"background-color":"var(--ast-global-color-4)","background-image":"","background-repeat":"repeat","background-position":"center center","background-size":"auto","background-attachment":"scroll","background-type":"","background-media":"","overlay-type":"","overlay-color":"","overlay-opacity":"","overlay-gradient":""},"tablet":{"background-color":"","background-image":"","background-repeat":"repeat","background-position":"center center","background-size":"auto","background-attachment":"scroll","background-type":"","background-media":"","overlay-type":"","overlay-color":"","overlay-opacity":"","overlay-gradient":""},"mobile":{"background-color":"","background-image":"","background-repeat":"repeat","background-position":"center center","background-size":"auto","background-attachment":"scroll","background-type":"","background-media":"","overlay-type":"","overlay-color":"","overlay-opacity":"","overlay-gradient":""}},"ast-content-background-meta":{"desktop":{"background-color":"var(--ast-global-color-5)","background-image":"","background-repeat":"repeat","background-position":"center center","background-size":"auto","background-attachment":"scroll","background-type":"","background-media":"","overlay-type":"","overlay-color":"","overlay-opacity":"","overlay-gradient":""},"tablet":{"background-color":"var(--ast-global-color-5)","background-image":"","background-repeat":"repeat","background-position":"center center","background-size":"auto","background-attachment":"scroll","background-type":"","background-media":"","overlay-type":"","overlay-color":"","overlay-opacity":"","overlay-gradient":""},"mobile":{"background-color":"var(--ast-global-color-5)","background-image":"","background-repeat":"repeat","background-position":"center center","background-size":"auto","background-attachment":"scroll","background-type":"","background-media":"","overlay-type":"","overlay-color":"","overlay-opacity":"","overlay-gradient":""}}},"product_brand":[],"product_cat":[126,91],"product_tag":[],"class_list":{"0":"post-2835","1":"product","2":"type-product","3":"status-publish","4":"has-post-thumbnail","6":"product_cat-visi","7":"product_cat-motociklo-raktu-pakabukai","8":"desktop-align-center","9":"tablet-align-left","10":"mobile-align-left","12":"first","13":"instock","14":"shipping-taxable","15":"purchasable","16":"product-type-simple"},"yoast_head":"<!-- This site is optimized with the Yoast SEO plugin v27.1.1 - https:\/\/yoast.com\/product\/yoast-seo-wordpress\/ -->\n<title>No it&#039;s not his bike - kabinam.lt<\/title>\n<meta name=\"description\" content=\"Rakt\u0173 pakabukas &quot;NO IT&#039;S NOT HIS BIKE&quot; \u2013 juodos med\u017eiagos aksesuaras su i\u0161siuv\u0117tu tekstu baltomis, raudonomis ir ro\u017ein\u0117mis si\u016bl\u0117mis. Modernus ir originalus pasirinkimas j\u016bs\u0173 raktams!\" \/>\n<meta name=\"robots\" content=\"index, follow, max-snippet:-1, max-image-preview:large, max-video-preview:-1\" \/>\n<link rel=\"canonical\" href=\"https:\/\/kabinam.lt\/de\/produkt\/schlusselband-nein-es-ist-nicht-sein-fahrrad\/\" \/>\n<meta property=\"og:locale\" content=\"de_DE\" \/>\n<meta property=\"og:type\" content=\"article\" \/>\n<meta property=\"og:title\" content=\"No it&#039;s not his bike - kabinam.lt\" \/>\n<meta property=\"og:description\" content=\"Rakt\u0173 pakabukas &quot;NO IT&#039;S NOT HIS BIKE&quot; \u2013 juodos med\u017eiagos aksesuaras su i\u0161siuv\u0117tu tekstu baltomis, raudonomis ir ro\u017ein\u0117mis si\u016bl\u0117mis. Modernus ir originalus pasirinkimas j\u016bs\u0173 raktams!\" \/>\n<meta property=\"og:url\" content=\"https:\/\/kabinam.lt\/de\/produkt\/schlusselband-nein-es-ist-nicht-sein-fahrrad\/\" \/>\n<meta property=\"og:site_name\" content=\"kabinam.lt\" \/>\n<meta property=\"article:modified_time\" content=\"2026-01-03T16:49:56+00:00\" \/>\n<meta property=\"og:image\" content=\"https:\/\/kabinam.lt\/wp-content\/uploads\/2024\/08\/e1083105-176e-4f38-bdea-a81b96adbb37.jpg\" \/>\n\t<meta property=\"og:image:width\" content=\"800\" \/>\n\t<meta property=\"og:image:height\" content=\"800\" \/>\n\t<meta property=\"og:image:type\" content=\"image\/jpeg\" \/>\n<meta name=\"twitter:card\" content=\"summary_large_image\" \/>\n<meta name=\"twitter:label1\" content=\"Gesch\u00e4tzte Lesezeit\" \/>\n\t<meta name=\"twitter:data1\" content=\"3\u00a0Minuten\" \/>\n<script type=\"application\/ld+json\" class=\"yoast-schema-graph\">{\"@context\":\"https:\/\/schema.org\",\"@graph\":[{\"@type\":[\"WebPage\",\"ItemPage\"],\"@id\":\"https:\/\/kabinam.lt\/eng\/product\/key-fob-no-its-not-his-bike\/\",\"url\":\"https:\/\/kabinam.lt\/eng\/product\/key-fob-no-its-not-his-bike\/\",\"name\":\"No it's not his bike - kabinam.lt\",\"isPartOf\":{\"@id\":\"https:\/\/kabinam.lt\/#website\"},\"primaryImageOfPage\":{\"@id\":\"https:\/\/kabinam.lt\/eng\/product\/key-fob-no-its-not-his-bike\/#primaryimage\"},\"image\":{\"@id\":\"https:\/\/kabinam.lt\/eng\/product\/key-fob-no-its-not-his-bike\/#primaryimage\"},\"thumbnailUrl\":\"https:\/\/kabinam.lt\/wp-content\/uploads\/2024\/08\/e1083105-176e-4f38-bdea-a81b96adbb37.jpg\",\"datePublished\":\"2024-08-18T07:39:36+00:00\",\"dateModified\":\"2026-01-03T16:49:56+00:00\",\"description\":\"Rakt\u0173 pakabukas \\\"NO IT'S NOT HIS BIKE\\\" \u2013 juodos med\u017eiagos aksesuaras su i\u0161siuv\u0117tu tekstu baltomis, raudonomis ir ro\u017ein\u0117mis si\u016bl\u0117mis. Modernus ir originalus pasirinkimas j\u016bs\u0173 raktams!\",\"breadcrumb\":{\"@id\":\"https:\/\/kabinam.lt\/eng\/product\/key-fob-no-its-not-his-bike\/#breadcrumb\"},\"inLanguage\":\"de\",\"potentialAction\":[{\"@type\":\"ReadAction\",\"target\":[\"https:\/\/kabinam.lt\/eng\/product\/key-fob-no-its-not-his-bike\/\"]}]},{\"@type\":\"ImageObject\",\"inLanguage\":\"de\",\"@id\":\"https:\/\/kabinam.lt\/eng\/product\/key-fob-no-its-not-his-bike\/#primaryimage\",\"url\":\"https:\/\/kabinam.lt\/wp-content\/uploads\/2024\/08\/e1083105-176e-4f38-bdea-a81b96adbb37.jpg\",\"contentUrl\":\"https:\/\/kabinam.lt\/wp-content\/uploads\/2024\/08\/e1083105-176e-4f38-bdea-a81b96adbb37.jpg\",\"width\":800,\"height\":800,\"caption\":\"Rakt\u0173 pakabukas \\\"NO IT'S NOT HIS BIKE\\\"\"},{\"@type\":\"BreadcrumbList\",\"@id\":\"https:\/\/kabinam.lt\/eng\/product\/key-fob-no-its-not-his-bike\/#breadcrumb\",\"itemListElement\":[{\"@type\":\"ListItem\",\"position\":1,\"name\":\"Home\",\"item\":\"https:\/\/kabinam.lt\/\"},{\"@type\":\"ListItem\",\"position\":2,\"name\":\"Visi Produktai\",\"item\":\"https:\/\/kabinam.lt\/visi-produktai\/\"},{\"@type\":\"ListItem\",\"position\":3,\"name\":\"No it&#8217;s not his bike\"}]},{\"@type\":\"WebSite\",\"@id\":\"https:\/\/kabinam.lt\/#website\",\"url\":\"https:\/\/kabinam.lt\/\",\"name\":\"kabinam.lt\",\"description\":\"Kabinam.lt \u2013 raktu pakabukai ir aksesuarai\",\"publisher\":{\"@id\":\"https:\/\/kabinam.lt\/#organization\"},\"alternateName\":\"pakabukai lt\",\"potentialAction\":[{\"@type\":\"SearchAction\",\"target\":{\"@type\":\"EntryPoint\",\"urlTemplate\":\"https:\/\/kabinam.lt\/?s={search_term_string}\"},\"query-input\":{\"@type\":\"PropertyValueSpecification\",\"valueRequired\":true,\"valueName\":\"search_term_string\"}}],\"inLanguage\":\"de\"},{\"@type\":\"Organization\",\"@id\":\"https:\/\/kabinam.lt\/#organization\",\"name\":\"kabinam.lt\",\"alternateName\":\"kabinam\",\"url\":\"https:\/\/kabinam.lt\/\",\"logo\":{\"@type\":\"ImageObject\",\"inLanguage\":\"de\",\"@id\":\"https:\/\/kabinam.lt\/#\/schema\/logo\/image\/\",\"url\":\"https:\/\/kabinam.lt\/wp-content\/uploads\/2025\/05\/KABINAM_outer_glow.png\",\"contentUrl\":\"https:\/\/kabinam.lt\/wp-content\/uploads\/2025\/05\/KABINAM_outer_glow.png\",\"width\":474,\"height\":141,\"caption\":\"kabinam.lt\"},\"image\":{\"@id\":\"https:\/\/kabinam.lt\/#\/schema\/logo\/image\/\"}}]}<\/script>\n<!-- \/ Yoast SEO plugin. -->","yoast_head_json":{"title":"No it's not his bike - kabinam.lt","description":"Schl\u00fcsselanh\u00e4nger \"NO IT'S NOT HIS BIKE\" \u2013 Zubeh\u00f6r aus schwarzem Material mit aufgesticktem Text in wei\u00dfen, roten und rosa F\u00e4den. Ein modernes und originales Auswahlst\u00fcck f\u00fcr Ihre Schl\u00fcssel!","robots":{"index":"index","follow":"follow","max-snippet":"max-snippet:-1","max-image-preview":"max-image-preview:large","max-video-preview":"max-video-preview:-1"},"canonical":"https:\/\/kabinam.lt\/de\/produkt\/schlusselband-nein-es-ist-nicht-sein-fahrrad\/","og_locale":"de_DE","og_type":"article","og_title":"No it's not his bike - kabinam.lt","og_description":"Rakt\u0173 pakabukas \"NO IT'S NOT HIS BIKE\" \u2013 juodos med\u017eiagos aksesuaras su i\u0161siuv\u0117tu tekstu baltomis, raudonomis ir ro\u017ein\u0117mis si\u016bl\u0117mis. Modernus ir originalus pasirinkimas j\u016bs\u0173 raktams!","og_url":"https:\/\/kabinam.lt\/de\/produkt\/schlusselband-nein-es-ist-nicht-sein-fahrrad\/","og_site_name":"kabinam.lt","article_modified_time":"2026-01-03T16:49:56+00:00","og_image":[{"width":800,"height":800,"url":"https:\/\/kabinam.lt\/wp-content\/uploads\/2024\/08\/e1083105-176e-4f38-bdea-a81b96adbb37.jpg","type":"image\/jpeg"}],"twitter_card":"summary_large_image","twitter_misc":{"Gesch\u00e4tzte Lesezeit":"3\u00a0Minuten"},"schema":{"@context":"https:\/\/schema.org","@graph":[{"@type":["WebPage","ItemPage"],"@id":"https:\/\/kabinam.lt\/eng\/product\/key-fob-no-its-not-his-bike\/","url":"https:\/\/kabinam.lt\/eng\/product\/key-fob-no-its-not-his-bike\/","name":"No it's not his bike - kabinam.lt","isPartOf":{"@id":"https:\/\/kabinam.lt\/#website"},"primaryImageOfPage":{"@id":"https:\/\/kabinam.lt\/eng\/product\/key-fob-no-its-not-his-bike\/#primaryimage"},"image":{"@id":"https:\/\/kabinam.lt\/eng\/product\/key-fob-no-its-not-his-bike\/#primaryimage"},"thumbnailUrl":"https:\/\/kabinam.lt\/wp-content\/uploads\/2024\/08\/e1083105-176e-4f38-bdea-a81b96adbb37.jpg","datePublished":"2024-08-18T07:39:36+00:00","dateModified":"2026-01-03T16:49:56+00:00","description":"Schl\u00fcsselanh\u00e4nger \"NO IT'S NOT HIS BIKE\" \u2013 Zubeh\u00f6r aus schwarzem Material mit aufgesticktem Text in wei\u00dfen, roten und rosa F\u00e4den. Ein modernes und originales Auswahlst\u00fcck f\u00fcr Ihre Schl\u00fcssel!","breadcrumb":{"@id":"https:\/\/kabinam.lt\/eng\/product\/key-fob-no-its-not-his-bike\/#breadcrumb"},"inLanguage":"de","potentialAction":[{"@type":"ReadAction","target":["https:\/\/kabinam.lt\/eng\/product\/key-fob-no-its-not-his-bike\/"]}]},{"@type":"ImageObject","inLanguage":"de","@id":"https:\/\/kabinam.lt\/eng\/product\/key-fob-no-its-not-his-bike\/#primaryimage","url":"https:\/\/kabinam.lt\/wp-content\/uploads\/2024\/08\/e1083105-176e-4f38-bdea-a81b96adbb37.jpg","contentUrl":"https:\/\/kabinam.lt\/wp-content\/uploads\/2024\/08\/e1083105-176e-4f38-bdea-a81b96adbb37.jpg","width":800,"height":800,"caption":"Rakt\u0173 pakabukas \"NO IT'S NOT HIS BIKE\""},{"@type":"BreadcrumbList","@id":"https:\/\/kabinam.lt\/eng\/product\/key-fob-no-its-not-his-bike\/#breadcrumb","itemListElement":[{"@type":"ListItem","position":1,"name":"Home","item":"https:\/\/kabinam.lt\/"},{"@type":"ListItem","position":2,"name":"Visi Produktai","item":"https:\/\/kabinam.lt\/visi-produktai\/"},{"@type":"ListItem","position":3,"name":"No it&#8217;s not his bike"}]},{"@type":"WebSite","@id":"https:\/\/kabinam.lt\/#website","url":"https:\/\/kabinam.lt\/","name":"kabinam.lt","description":"Kabinam.lt - Schl\u00fcsselanh\u00e4nger und Zubeh\u00f6r","publisher":{"@id":"https:\/\/kabinam.lt\/#organization"},"alternateName":"pakabukai lt","potentialAction":[{"@type":"SearchAction","target":{"@type":"EntryPoint","urlTemplate":"https:\/\/kabinam.lt\/?s={search_term_string}"},"query-input":{"@type":"PropertyValueSpecification","valueRequired":true,"valueName":"search_term_string"}}],"inLanguage":"de"},{"@type":"Organization","@id":"https:\/\/kabinam.lt\/#organization","name":"kabinam.lt","alternateName":"kabinam","url":"https:\/\/kabinam.lt\/","logo":{"@type":"ImageObject","inLanguage":"de","@id":"https:\/\/kabinam.lt\/#\/schema\/logo\/image\/","url":"https:\/\/kabinam.lt\/wp-content\/uploads\/2025\/05\/KABINAM_outer_glow.png","contentUrl":"https:\/\/kabinam.lt\/wp-content\/uploads\/2025\/05\/KABINAM_outer_glow.png","width":474,"height":141,"caption":"kabinam.lt"},"image":{"@id":"https:\/\/kabinam.lt\/#\/schema\/logo\/image\/"}}]}},"uagb_featured_image_src":{"full":["https:\/\/kabinam.lt\/wp-content\/uploads\/2024\/08\/e1083105-176e-4f38-bdea-a81b96adbb37.jpg",800,800,false],"thumbnail":["https:\/\/kabinam.lt\/wp-content\/uploads\/2024\/08\/e1083105-176e-4f38-bdea-a81b96adbb37-150x150.jpg",150,150,true],"medium":["https:\/\/kabinam.lt\/wp-content\/uploads\/2024\/08\/e1083105-176e-4f38-bdea-a81b96adbb37-300x300.jpg",300,300,true],"medium_large":["https:\/\/kabinam.lt\/wp-content\/uploads\/2024\/08\/e1083105-176e-4f38-bdea-a81b96adbb37-768x768.jpg",768,768,true],"large":["https:\/\/kabinam.lt\/wp-content\/uploads\/2024\/08\/e1083105-176e-4f38-bdea-a81b96adbb37.jpg",800,800,false],"1536x1536":["https:\/\/kabinam.lt\/wp-content\/uploads\/2024\/08\/e1083105-176e-4f38-bdea-a81b96adbb37.jpg",800,800,false],"2048x2048":["https:\/\/kabinam.lt\/wp-content\/uploads\/2024\/08\/e1083105-176e-4f38-bdea-a81b96adbb37.jpg",800,800,false],"trp-custom-language-flag":["https:\/\/kabinam.lt\/wp-content\/uploads\/2024\/08\/e1083105-176e-4f38-bdea-a81b96adbb37.jpg",12,12,false],"woocommerce_thumbnail":["https:\/\/kabinam.lt\/wp-content\/uploads\/2024\/08\/e1083105-176e-4f38-bdea-a81b96adbb37-300x300.jpg",300,300,true],"woocommerce_single":["https:\/\/kabinam.lt\/wp-content\/uploads\/2024\/08\/e1083105-176e-4f38-bdea-a81b96adbb37-600x600.jpg",600,600,true],"woocommerce_gallery_thumbnail":["https:\/\/kabinam.lt\/wp-content\/uploads\/2024\/08\/e1083105-176e-4f38-bdea-a81b96adbb37-100x100.jpg",100,100,true]},"uagb_author_info":{"display_name":"kabinam.lt","author_link":"https:\/\/kabinam.lt\/de\/author\/"},"uagb_comment_info":0,"uagb_excerpt":"Juodos med\u017eiagos rakt\u0173 pakabukas \"NO IT'S NOT HIS BIKE\" \u2013 originalus, modernus ir patvarus aksesuaras j\u016bs\u0173 raktams.","_links":{"self":[{"href":"https:\/\/kabinam.lt\/de\/wp-json\/wp\/v2\/product\/2835","targetHints":{"allow":["GET"]}}],"collection":[{"href":"https:\/\/kabinam.lt\/de\/wp-json\/wp\/v2\/product"}],"about":[{"href":"https:\/\/kabinam.lt\/de\/wp-json\/wp\/v2\/types\/product"}],"replies":[{"embeddable":true,"href":"https:\/\/kabinam.lt\/de\/wp-json\/wp\/v2\/comments?post=2835"}],"wp:featuredmedia":[{"embeddable":true,"href":"https:\/\/kabinam.lt\/de\/wp-json\/wp\/v2\/media\/2836"}],"wp:attachment":[{"href":"https:\/\/kabinam.lt\/de\/wp-json\/wp\/v2\/media?parent=2835"}],"wp:term":[{"taxonomy":"product_brand","embeddable":true,"href":"https:\/\/kabinam.lt\/de\/wp-json\/wp\/v2\/product_brand?post=2835"},{"taxonomy":"product_cat","embeddable":true,"href":"https:\/\/kabinam.lt\/de\/wp-json\/wp\/v2\/product_cat?post=2835"},{"taxonomy":"product_tag","embeddable":true,"href":"https:\/\/kabinam.lt\/de\/wp-json\/wp\/v2\/product_tag?post=2835"}],"curies":[{"name":"wp","href":"https:\/\/api.w.org\/{rel}","templated":true}]}}