{"id":2822,"date":"2024-08-18T10:12:47","date_gmt":"2024-08-18T07:12:47","guid":{"rendered":"https:\/\/kabinam.lt\/?post_type=product&#038;p=2822"},"modified":"2026-01-03T18:49:56","modified_gmt":"2026-01-03T16:49:56","slug":"textiler-motorradschlusselanhanger-packman-google","status":"publish","type":"product","link":"https:\/\/kabinam.lt\/de\/product\/tekstilinis-motociklo-raktu-pakabukas-packman-google\/","title":{"rendered":"Textil-Motorrad-Schl\u00fcsselanh\u00e4nger Packman - Google"},"content":{"rendered":"<div class=\"kk-star-ratings kksr-auto kksr-align-left kksr-valign-top\"\n    data-payload='{&quot;align&quot;:&quot;left&quot;,&quot;id&quot;:&quot;2822&quot;,&quot;slug&quot;:&quot;default&quot;,&quot;valign&quot;:&quot;top&quot;,&quot;ignore&quot;:&quot;&quot;,&quot;reference&quot;:&quot;auto&quot;,&quot;class&quot;:&quot;&quot;,&quot;count&quot;:&quot;0&quot;,&quot;legendonly&quot;:&quot;&quot;,&quot;readonly&quot;:&quot;&quot;,&quot;score&quot;:&quot;0&quot;,&quot;starsonly&quot;:&quot;&quot;,&quot;best&quot;:&quot;5&quot;,&quot;gap&quot;:&quot;5&quot;,&quot;greet&quot;:&quot;Mums svarbus j\u016bs\u0173 \u012fvertinimas&quot;,&quot;legend&quot;:&quot;0\\\/5 - (0 votes)&quot;,&quot;size&quot;:&quot;24&quot;,&quot;title&quot;:&quot;Tekstilinis motociklo rakt\u0173 pakabukas Packman - Google&quot;,&quot;width&quot;:&quot;0&quot;,&quot;_legend&quot;:&quot;{score}\\\/{best} - ({count} {votes})&quot;,&quot;font_factor&quot;:&quot;1.25&quot;}'>\n            \n<div class=\"kksr-stars\">\n    \n<div class=\"kksr-stars-inactive\">\n            <div class=\"kksr-star\" data-star=\"1\" style=\"padding-right: 5px\">\n            \n\n<div class=\"kksr-icon\" style=\"width: 24px; height: 24px;\"><\/div>\n        <\/div>\n            <div class=\"kksr-star\" data-star=\"2\" style=\"padding-right: 5px\">\n            \n\n<div class=\"kksr-icon\" style=\"width: 24px; height: 24px;\"><\/div>\n        <\/div>\n            <div class=\"kksr-star\" data-star=\"3\" style=\"padding-right: 5px\">\n            \n\n<div class=\"kksr-icon\" style=\"width: 24px; height: 24px;\"><\/div>\n        <\/div>\n            <div class=\"kksr-star\" data-star=\"4\" style=\"padding-right: 5px\">\n            \n\n<div class=\"kksr-icon\" style=\"width: 24px; height: 24px;\"><\/div>\n        <\/div>\n            <div class=\"kksr-star\" data-star=\"5\" style=\"padding-right: 5px\">\n            \n\n<div class=\"kksr-icon\" style=\"width: 24px; height: 24px;\"><\/div>\n        <\/div>\n    <\/div>\n    \n<div class=\"kksr-stars-active\" style=\"width: 0px;\">\n            <div class=\"kksr-star\" style=\"padding-right: 5px\">\n            \n\n<div class=\"kksr-icon\" style=\"width: 24px; height: 24px;\"><\/div>\n        <\/div>\n            <div class=\"kksr-star\" style=\"padding-right: 5px\">\n            \n\n<div class=\"kksr-icon\" style=\"width: 24px; height: 24px;\"><\/div>\n        <\/div>\n            <div class=\"kksr-star\" style=\"padding-right: 5px\">\n            \n\n<div class=\"kksr-icon\" style=\"width: 24px; height: 24px;\"><\/div>\n        <\/div>\n            <div class=\"kksr-star\" style=\"padding-right: 5px\">\n            \n\n<div class=\"kksr-icon\" style=\"width: 24px; height: 24px;\"><\/div>\n        <\/div>\n            <div class=\"kksr-star\" style=\"padding-right: 5px\">\n            \n\n<div class=\"kksr-icon\" style=\"width: 24px; height: 24px;\"><\/div>\n        <\/div>\n    <\/div>\n<\/div>\n                \n\n<div class=\"kksr-legend\" style=\"font-size: 19.2px;\">\n            <span class=\"kksr-muted\">Ihre Bewertung ist f\u00fcr uns wichtig<\/span>\n    <\/div>\n    <\/div>\n<h4 data-start=\"494\" data-end=\"537\">Auk\u0161tos kokyb\u0117s tekstilinis sprendimas<\/h4>\n<p data-start=\"539\" data-end=\"911\"><strong data-start=\"539\" data-end=\"580\">Tekstilinis motociklo rakt\u0173 pakabukas<\/strong> \u2013 tai ne tik aksesuaras, bet ir asmeninio stiliaus detal\u0117, kuri atspindi motociklininko charakter\u012f. \u0160is pakabukas pagamintas i\u0161 tvirtos, nusid\u0117v\u0117jimui atsparios tekstil\u0117s, tod\u0117l i\u0161lieka kokybi\u0161kas net ir po ilgalaikio naudojimo. Jis yra ne tik patvarus, bet ir itin lengvas, tod\u0117l nepajusite jokio papildomo svorio ar diskomforto.<\/p>\n<h4 data-start=\"913\" data-end=\"955\">Siuvin\u0117jimo dizainas \u2013 dviguba \u017einut\u0117<\/h4>\n<p data-start=\"957\" data-end=\"1301\">Pakabukas i\u0161siskiria savo dizainu \u2013 vienoje pus\u0117je i\u0161siuvin\u0117tas u\u017era\u0161as \u201eGoogle\u201c, kitoje \u2013 ikoni\u0161ki <strong data-start=\"1057\" data-end=\"1068\">Pac-Man<\/strong> \u017eaidimo veik\u0117jai. Tokia dvipus\u0117 simbolika patiks tiek technologij\u0173 gerb\u0117jams, tiek nostalgij\u0105 jau\u010diantiems \u017eaidim\u0173 myl\u0117tojams. I\u0161siuvin\u0117ti elementai \u2013 ry\u0161k\u016bs ir ilgaam\u017eiai, tod\u0117l i\u0161laiko savo i\u0161vaizd\u0105 net ir po nuolatinio ne\u0161iojimo.<\/p>\n<h4 data-start=\"1303\" data-end=\"1332\">Funkcionalumas kasdienai<\/h4>\n<p data-start=\"1334\" data-end=\"1592\">Pakabuko forma ir dydis puikiai pritaikyti kasdieniam naudojimui. Jis lengvai tvirtinamas prie motociklo rakt\u0173, kuprin\u0117s u\u017etrauktuko ar net kelni\u0173 kilpos. D\u0117l savo tekstil\u0117s strukt\u016bros jis nebrai\u017eo pavir\u0161i\u0173, nekelia triuk\u0161mo ir nesipainioja tarp kit\u0173 daikt\u0173.<\/p>\n<h4 data-start=\"1594\" data-end=\"1618\">Stilistin\u0117 i\u0161rai\u0161ka<\/h4>\n<p data-start=\"1620\" data-end=\"1930\">\u0160io pakabuko siuvin\u0117ti motyvai simbolizuoja dr\u0105s\u0105, \u017eaidybi\u0161kum\u0105 ir \u0161iuolaikin\u0119 savirai\u0161k\u0105. Tokie aksesuarai da\u017enai matomi tarp miesto motociklinink\u0173, kurie nori savo transporto priemon\u0119 papuo\u0161ti individualiai. Tai ne tik stiliaus detal\u0117, bet ir galimyb\u0117 parodyti priklausym\u0105 tam tikrai kult\u016brinei bendruomenei.<\/p>\n<h4 data-start=\"1932\" data-end=\"1961\">F\u00fcr wen ist dieser Anh\u00e4nger bestimmt?<\/h4>\n<ul data-start=\"1963\" data-end=\"2108\">\n<li data-start=\"1963\" data-end=\"1988\">\n<p data-start=\"1965\" data-end=\"1988\">Motocikl\u0173 entuziastams.<\/p>\n<\/li>\n<li data-start=\"1989\" data-end=\"2012\">\n<p data-start=\"1991\" data-end=\"2012\">Retro \u017eaidim\u0173 fanams.<\/p>\n<\/li>\n<li data-start=\"2013\" data-end=\"2059\">\n<p data-start=\"2015\" data-end=\"2059\">Technikos ar IT srityje dirbantiems \u017emon\u0117ms.<\/p>\n<\/li>\n<li data-start=\"2060\" data-end=\"2108\">\n<p data-start=\"2062\" data-end=\"2108\">Ie\u0161kantiems originalios ir nebanalios dovanos.<\/p>\n<\/li>\n<\/ul>\n<h4 data-start=\"2110\" data-end=\"2127\">Das perfekte Geschenk<\/h4>\n<p data-start=\"2129\" data-end=\"2397\">Tai idealus pasirinkimas dovanai \u2013 \u0161ven\u010di\u0173 proga, gimtadieniui ar tiesiog norint prad\u017eiuginti artim\u0105. D\u0117l neutralios, bet \u0161iuolaiki\u0161kos estetikos, pakabukas tinka tiek vyrams, tiek moterims. Jo prakti\u0161kumas ir dizainas garantuoja, kad dovana bus naudinga ir originali.<\/p>\n<h4 data-start=\"2399\" data-end=\"2431\">Prie\u017ei\u016bra ir ilgaam\u017ei\u0161kumas<\/h4>\n<p data-start=\"2433\" data-end=\"2693\">Pakabukas i\u0161lieka \u0161varus ilg\u0105 laik\u0105, ta\u010diau prireikus j\u012f galima \u0161velniai nuvalyti dr\u0117gna mikropluo\u0161to \u0161luoste. Siuvin\u0117jimas i\u0161lieka ry\u0161kus net ir po ilgalaikio naudojimo lauko s\u0105lygomis. D\u0117l savo atsparumo \u0161is aksesuaras tinka naudoti \u012fvairiomis oro s\u0105lygomis.<\/p>\n<h4 data-start=\"2695\" data-end=\"2712\">Wo kann man sie kaufen?<\/h4>\n<p data-start=\"2714\" data-end=\"2974\">\u0160\u012f tekstilin\u012f motociklo rakt\u0173 pakabuk\u0105 galite \u012fsigyti m\u016bs\u0173 elektronin\u0117je parduotuv\u0117je <a class=\"\" href=\"https:\/\/kabinam.lt\/de\/\" target=\"_new\" rel=\"noopener\" data-start=\"2800\" data-end=\"2832\">kabinam.lt<\/a>, kur taip pat rasite kit\u0173 i\u0161skirtini\u0173 aksesuar\u0173 motociklininkams. Si\u016blome greit\u0105 pristatym\u0105 visoje Lietuvoje ir patogias atsiskaitymo formas.<\/p>\n<h4 data-start=\"2976\" data-end=\"2999\">Papildomas turinys<\/h4>\n<p data-start=\"3001\" data-end=\"3286\">Norint su\u017einoti daugiau apie \u0161io tipo siuvin\u0117tus pakabukus ar j\u0173 reik\u0161m\u0119 motocikl\u0173 kult\u016broje, galite paskaityti straipsn\u012f <a class=\"cursor-pointer\" target=\"_new\" rel=\"noopener\" data-start=\"3123\" data-end=\"3222\">RideApart portale<\/a> \u2013 \u010dia pateikiamos \u012f\u017evalgos apie j\u0173 istorin\u0119 ir stiliaus svarb\u0105.<\/p>","protected":false},"excerpt":{"rendered":"<p>I\u0161skirtinis tekstilinis motociklo rakt\u0173 pakabukas su siuvin\u0117tais motyvais.<\/p>","protected":false},"featured_media":2823,"comment_status":"closed","ping_status":"closed","template":"","meta":{"_uag_custom_page_level_css":"","site-sidebar-layout":"default","site-content-layout":"","ast-site-content-layout":"default","site-content-style":"default","site-sidebar-style":"default","ast-global-header-display":"","ast-banner-title-visibility":"","ast-main-header-display":"","ast-hfb-above-header-display":"","ast-hfb-below-header-display":"","ast-hfb-mobile-header-display":"","site-post-title":"","ast-breadcrumbs-content":"","ast-featured-img":"","footer-sml-layout":"","ast-disable-related-posts":"","theme-transparent-header-meta":"default","adv-header-id-meta":"","stick-header-meta":"","header-above-stick-meta":"","header-main-stick-meta":"","header-below-stick-meta":"","astra-migrate-meta-layouts":"set","ast-page-background-enabled":"default","ast-page-background-meta":{"desktop":{"background-color":"var(--ast-global-color-4)","background-image":"","background-repeat":"repeat","background-position":"center center","background-size":"auto","background-attachment":"scroll","background-type":"","background-media":"","overlay-type":"","overlay-color":"","overlay-opacity":"","overlay-gradient":""},"tablet":{"background-color":"","background-image":"","background-repeat":"repeat","background-position":"center center","background-size":"auto","background-attachment":"scroll","background-type":"","background-media":"","overlay-type":"","overlay-color":"","overlay-opacity":"","overlay-gradient":""},"mobile":{"background-color":"","background-image":"","background-repeat":"repeat","background-position":"center center","background-size":"auto","background-attachment":"scroll","background-type":"","background-media":"","overlay-type":"","overlay-color":"","overlay-opacity":"","overlay-gradient":""}},"ast-content-background-meta":{"desktop":{"background-color":"var(--ast-global-color-5)","background-image":"","background-repeat":"repeat","background-position":"center center","background-size":"auto","background-attachment":"scroll","background-type":"","background-media":"","overlay-type":"","overlay-color":"","overlay-opacity":"","overlay-gradient":""},"tablet":{"background-color":"var(--ast-global-color-5)","background-image":"","background-repeat":"repeat","background-position":"center center","background-size":"auto","background-attachment":"scroll","background-type":"","background-media":"","overlay-type":"","overlay-color":"","overlay-opacity":"","overlay-gradient":""},"mobile":{"background-color":"var(--ast-global-color-5)","background-image":"","background-repeat":"repeat","background-position":"center center","background-size":"auto","background-attachment":"scroll","background-type":"","background-media":"","overlay-type":"","overlay-color":"","overlay-opacity":"","overlay-gradient":""}}},"product_brand":[],"product_cat":[125,126,91],"product_tag":[],"class_list":{"0":"post-2822","1":"product","2":"type-product","3":"status-publish","4":"has-post-thumbnail","6":"product_cat-halloween","7":"product_cat-visi","8":"product_cat-motociklo-raktu-pakabukai","9":"desktop-align-center","10":"tablet-align-left","11":"mobile-align-left","13":"first","14":"outofstock","15":"shipping-taxable","16":"purchasable","17":"product-type-simple"},"yoast_head":"<!-- This site is optimized with the Yoast SEO plugin v27.1.1 - https:\/\/yoast.com\/product\/yoast-seo-wordpress\/ -->\n<title>Tekstilinis motociklo rakt\u0173 pakabukas Packman - Google - kabinam.lt<\/title>\n<meta name=\"description\" content=\"Tekstilinis motociklo rakt\u0173 pakabukas su siuvin\u0117tais motyvais \u2013 i\u0161skirtinis aksesuaras motocikl\u0173 entuziastams. I\u0161skirtinis tekstilinis motociklo pakabukas.\" \/>\n<meta name=\"robots\" content=\"index, follow, max-snippet:-1, max-image-preview:large, max-video-preview:-1\" \/>\n<link rel=\"canonical\" href=\"https:\/\/kabinam.lt\/de\/produkt\/textiler-motorradschlusselanhanger-packman-google\/\" \/>\n<meta property=\"og:locale\" content=\"de_DE\" \/>\n<meta property=\"og:type\" content=\"article\" \/>\n<meta property=\"og:title\" content=\"Tekstilinis motociklo rakt\u0173 pakabukas Packman - Google - kabinam.lt\" \/>\n<meta property=\"og:description\" content=\"Tekstilinis motociklo rakt\u0173 pakabukas su siuvin\u0117tais motyvais \u2013 i\u0161skirtinis aksesuaras motocikl\u0173 entuziastams. I\u0161skirtinis tekstilinis motociklo pakabukas.\" \/>\n<meta property=\"og:url\" content=\"https:\/\/kabinam.lt\/de\/produkt\/textiler-motorradschlusselanhanger-packman-google\/\" \/>\n<meta property=\"og:site_name\" content=\"kabinam.lt\" \/>\n<meta property=\"article:modified_time\" content=\"2026-01-03T16:49:56+00:00\" \/>\n<meta property=\"og:image\" content=\"https:\/\/kabinam.lt\/wp-content\/uploads\/2024\/08\/1716185812597-23b4fe4ad86a4b5781e6de9742f2a7e4-goods.jpeg\" \/>\n\t<meta property=\"og:image:width\" content=\"1200\" \/>\n\t<meta property=\"og:image:height\" content=\"1200\" \/>\n\t<meta property=\"og:image:type\" content=\"image\/jpeg\" \/>\n<meta name=\"twitter:card\" content=\"summary_large_image\" \/>\n<meta name=\"twitter:label1\" content=\"Gesch\u00e4tzte Lesezeit\" \/>\n\t<meta name=\"twitter:data1\" content=\"2\u00a0Minuten\" \/>\n<script type=\"application\/ld+json\" class=\"yoast-schema-graph\">{\"@context\":\"https:\/\/schema.org\",\"@graph\":[{\"@type\":[\"WebPage\",\"ItemPage\"],\"@id\":\"https:\/\/kabinam.lt\/eng\/product\/textile-motorcycle-key-ring-packman-google\/\",\"url\":\"https:\/\/kabinam.lt\/eng\/product\/textile-motorcycle-key-ring-packman-google\/\",\"name\":\"Tekstilinis motociklo rakt\u0173 pakabukas Packman - Google - kabinam.lt\",\"isPartOf\":{\"@id\":\"https:\/\/kabinam.lt\/#website\"},\"primaryImageOfPage\":{\"@id\":\"https:\/\/kabinam.lt\/eng\/product\/textile-motorcycle-key-ring-packman-google\/#primaryimage\"},\"image\":{\"@id\":\"https:\/\/kabinam.lt\/eng\/product\/textile-motorcycle-key-ring-packman-google\/#primaryimage\"},\"thumbnailUrl\":\"https:\/\/kabinam.lt\/wp-content\/uploads\/2024\/08\/1716185812597-23b4fe4ad86a4b5781e6de9742f2a7e4-goods.jpeg\",\"datePublished\":\"2024-08-18T07:12:47+00:00\",\"dateModified\":\"2026-01-03T16:49:56+00:00\",\"description\":\"Tekstilinis motociklo rakt\u0173 pakabukas su siuvin\u0117tais motyvais \u2013 i\u0161skirtinis aksesuaras motocikl\u0173 entuziastams. I\u0161skirtinis tekstilinis motociklo pakabukas.\",\"breadcrumb\":{\"@id\":\"https:\/\/kabinam.lt\/eng\/product\/textile-motorcycle-key-ring-packman-google\/#breadcrumb\"},\"inLanguage\":\"de\",\"potentialAction\":[{\"@type\":\"ReadAction\",\"target\":[\"https:\/\/kabinam.lt\/eng\/product\/textile-motorcycle-key-ring-packman-google\/\"]}]},{\"@type\":\"ImageObject\",\"inLanguage\":\"de\",\"@id\":\"https:\/\/kabinam.lt\/eng\/product\/textile-motorcycle-key-ring-packman-google\/#primaryimage\",\"url\":\"https:\/\/kabinam.lt\/wp-content\/uploads\/2024\/08\/1716185812597-23b4fe4ad86a4b5781e6de9742f2a7e4-goods.jpeg\",\"contentUrl\":\"https:\/\/kabinam.lt\/wp-content\/uploads\/2024\/08\/1716185812597-23b4fe4ad86a4b5781e6de9742f2a7e4-goods.jpeg\",\"width\":1200,\"height\":1200,\"caption\":\"Originalus tekstilinis motociklo rakt\u0173 pakabukas su siuvin\u0117tais motyvais\"},{\"@type\":\"BreadcrumbList\",\"@id\":\"https:\/\/kabinam.lt\/eng\/product\/textile-motorcycle-key-ring-packman-google\/#breadcrumb\",\"itemListElement\":[{\"@type\":\"ListItem\",\"position\":1,\"name\":\"Home\",\"item\":\"https:\/\/kabinam.lt\/\"},{\"@type\":\"ListItem\",\"position\":2,\"name\":\"Visi Produktai\",\"item\":\"https:\/\/kabinam.lt\/visi-produktai\/\"},{\"@type\":\"ListItem\",\"position\":3,\"name\":\"Tekstilinis motociklo rakt\u0173 pakabukas Packman &#8211; Google\"}]},{\"@type\":\"WebSite\",\"@id\":\"https:\/\/kabinam.lt\/#website\",\"url\":\"https:\/\/kabinam.lt\/\",\"name\":\"kabinam.lt\",\"description\":\"Kabinam.lt \u2013 raktu pakabukai ir aksesuarai\",\"publisher\":{\"@id\":\"https:\/\/kabinam.lt\/#organization\"},\"alternateName\":\"pakabukai lt\",\"potentialAction\":[{\"@type\":\"SearchAction\",\"target\":{\"@type\":\"EntryPoint\",\"urlTemplate\":\"https:\/\/kabinam.lt\/?s={search_term_string}\"},\"query-input\":{\"@type\":\"PropertyValueSpecification\",\"valueRequired\":true,\"valueName\":\"search_term_string\"}}],\"inLanguage\":\"de\"},{\"@type\":\"Organization\",\"@id\":\"https:\/\/kabinam.lt\/#organization\",\"name\":\"kabinam.lt\",\"alternateName\":\"kabinam\",\"url\":\"https:\/\/kabinam.lt\/\",\"logo\":{\"@type\":\"ImageObject\",\"inLanguage\":\"de\",\"@id\":\"https:\/\/kabinam.lt\/#\/schema\/logo\/image\/\",\"url\":\"https:\/\/kabinam.lt\/wp-content\/uploads\/2025\/05\/KABINAM_outer_glow.png\",\"contentUrl\":\"https:\/\/kabinam.lt\/wp-content\/uploads\/2025\/05\/KABINAM_outer_glow.png\",\"width\":474,\"height\":141,\"caption\":\"kabinam.lt\"},\"image\":{\"@id\":\"https:\/\/kabinam.lt\/#\/schema\/logo\/image\/\"}}]}<\/script>\n<!-- \/ Yoast SEO plugin. -->","yoast_head_json":{"title":"Textiler Motorradschl\u00fcsselanh\u00e4nger Packman - Google - kabinam.lt","description":"Textilischer Motorradschl\u00fcsselanh\u00e4nger mit bestickten Motiven \u2013 einzigartiges Accessoire f\u00fcr Motorradenthusiasten. Einzigartiger textilischer Motorradanh\u00e4nger.","robots":{"index":"index","follow":"follow","max-snippet":"max-snippet:-1","max-image-preview":"max-image-preview:large","max-video-preview":"max-video-preview:-1"},"canonical":"https:\/\/kabinam.lt\/de\/produkt\/textiler-motorradschlusselanhanger-packman-google\/","og_locale":"de_DE","og_type":"article","og_title":"Tekstilinis motociklo rakt\u0173 pakabukas Packman - Google - kabinam.lt","og_description":"Tekstilinis motociklo rakt\u0173 pakabukas su siuvin\u0117tais motyvais \u2013 i\u0161skirtinis aksesuaras motocikl\u0173 entuziastams. I\u0161skirtinis tekstilinis motociklo pakabukas.","og_url":"https:\/\/kabinam.lt\/de\/produkt\/textiler-motorradschlusselanhanger-packman-google\/","og_site_name":"kabinam.lt","article_modified_time":"2026-01-03T16:49:56+00:00","og_image":[{"width":1200,"height":1200,"url":"https:\/\/kabinam.lt\/wp-content\/uploads\/2024\/08\/1716185812597-23b4fe4ad86a4b5781e6de9742f2a7e4-goods.jpeg","type":"image\/jpeg"}],"twitter_card":"summary_large_image","twitter_misc":{"Gesch\u00e4tzte Lesezeit":"2\u00a0Minuten"},"schema":{"@context":"https:\/\/schema.org","@graph":[{"@type":["WebPage","ItemPage"],"@id":"https:\/\/kabinam.lt\/eng\/product\/textile-motorcycle-key-ring-packman-google\/","url":"https:\/\/kabinam.lt\/eng\/product\/textile-motorcycle-key-ring-packman-google\/","name":"Textiler Motorradschl\u00fcsselanh\u00e4nger Packman - Google - kabinam.lt","isPartOf":{"@id":"https:\/\/kabinam.lt\/#website"},"primaryImageOfPage":{"@id":"https:\/\/kabinam.lt\/eng\/product\/textile-motorcycle-key-ring-packman-google\/#primaryimage"},"image":{"@id":"https:\/\/kabinam.lt\/eng\/product\/textile-motorcycle-key-ring-packman-google\/#primaryimage"},"thumbnailUrl":"https:\/\/kabinam.lt\/wp-content\/uploads\/2024\/08\/1716185812597-23b4fe4ad86a4b5781e6de9742f2a7e4-goods.jpeg","datePublished":"2024-08-18T07:12:47+00:00","dateModified":"2026-01-03T16:49:56+00:00","description":"Textilischer Motorradschl\u00fcsselanh\u00e4nger mit bestickten Motiven \u2013 einzigartiges Accessoire f\u00fcr Motorradenthusiasten. Einzigartiger textilischer Motorradanh\u00e4nger.","breadcrumb":{"@id":"https:\/\/kabinam.lt\/eng\/product\/textile-motorcycle-key-ring-packman-google\/#breadcrumb"},"inLanguage":"de","potentialAction":[{"@type":"ReadAction","target":["https:\/\/kabinam.lt\/eng\/product\/textile-motorcycle-key-ring-packman-google\/"]}]},{"@type":"ImageObject","inLanguage":"de","@id":"https:\/\/kabinam.lt\/eng\/product\/textile-motorcycle-key-ring-packman-google\/#primaryimage","url":"https:\/\/kabinam.lt\/wp-content\/uploads\/2024\/08\/1716185812597-23b4fe4ad86a4b5781e6de9742f2a7e4-goods.jpeg","contentUrl":"https:\/\/kabinam.lt\/wp-content\/uploads\/2024\/08\/1716185812597-23b4fe4ad86a4b5781e6de9742f2a7e4-goods.jpeg","width":1200,"height":1200,"caption":"Originalus tekstilinis motociklo rakt\u0173 pakabukas su siuvin\u0117tais motyvais"},{"@type":"BreadcrumbList","@id":"https:\/\/kabinam.lt\/eng\/product\/textile-motorcycle-key-ring-packman-google\/#breadcrumb","itemListElement":[{"@type":"ListItem","position":1,"name":"Home","item":"https:\/\/kabinam.lt\/"},{"@type":"ListItem","position":2,"name":"Visi Produktai","item":"https:\/\/kabinam.lt\/visi-produktai\/"},{"@type":"ListItem","position":3,"name":"Tekstilinis motociklo rakt\u0173 pakabukas Packman &#8211; Google"}]},{"@type":"WebSite","@id":"https:\/\/kabinam.lt\/#website","url":"https:\/\/kabinam.lt\/","name":"kabinam.lt","description":"Kabinam.lt - Schl\u00fcsselanh\u00e4nger und Zubeh\u00f6r","publisher":{"@id":"https:\/\/kabinam.lt\/#organization"},"alternateName":"pakabukai lt","potentialAction":[{"@type":"SearchAction","target":{"@type":"EntryPoint","urlTemplate":"https:\/\/kabinam.lt\/?s={search_term_string}"},"query-input":{"@type":"PropertyValueSpecification","valueRequired":true,"valueName":"search_term_string"}}],"inLanguage":"de"},{"@type":"Organization","@id":"https:\/\/kabinam.lt\/#organization","name":"kabinam.lt","alternateName":"kabinam","url":"https:\/\/kabinam.lt\/","logo":{"@type":"ImageObject","inLanguage":"de","@id":"https:\/\/kabinam.lt\/#\/schema\/logo\/image\/","url":"https:\/\/kabinam.lt\/wp-content\/uploads\/2025\/05\/KABINAM_outer_glow.png","contentUrl":"https:\/\/kabinam.lt\/wp-content\/uploads\/2025\/05\/KABINAM_outer_glow.png","width":474,"height":141,"caption":"kabinam.lt"},"image":{"@id":"https:\/\/kabinam.lt\/#\/schema\/logo\/image\/"}}]}},"uagb_featured_image_src":{"full":["https:\/\/kabinam.lt\/wp-content\/uploads\/2024\/08\/1716185812597-23b4fe4ad86a4b5781e6de9742f2a7e4-goods.jpeg",1200,1200,false],"thumbnail":["https:\/\/kabinam.lt\/wp-content\/uploads\/2024\/08\/1716185812597-23b4fe4ad86a4b5781e6de9742f2a7e4-goods-150x150.jpeg",150,150,true],"medium":["https:\/\/kabinam.lt\/wp-content\/uploads\/2024\/08\/1716185812597-23b4fe4ad86a4b5781e6de9742f2a7e4-goods-300x300.jpeg",300,300,true],"medium_large":["https:\/\/kabinam.lt\/wp-content\/uploads\/2024\/08\/1716185812597-23b4fe4ad86a4b5781e6de9742f2a7e4-goods-768x768.jpeg",768,768,true],"large":["https:\/\/kabinam.lt\/wp-content\/uploads\/2024\/08\/1716185812597-23b4fe4ad86a4b5781e6de9742f2a7e4-goods-1024x1024.jpeg",1024,1024,true],"1536x1536":["https:\/\/kabinam.lt\/wp-content\/uploads\/2024\/08\/1716185812597-23b4fe4ad86a4b5781e6de9742f2a7e4-goods.jpeg",1200,1200,false],"2048x2048":["https:\/\/kabinam.lt\/wp-content\/uploads\/2024\/08\/1716185812597-23b4fe4ad86a4b5781e6de9742f2a7e4-goods.jpeg",1200,1200,false],"trp-custom-language-flag":["https:\/\/kabinam.lt\/wp-content\/uploads\/2024\/08\/1716185812597-23b4fe4ad86a4b5781e6de9742f2a7e4-goods.jpeg",12,12,false],"woocommerce_thumbnail":["https:\/\/kabinam.lt\/wp-content\/uploads\/2024\/08\/1716185812597-23b4fe4ad86a4b5781e6de9742f2a7e4-goods-300x300.jpeg",300,300,true],"woocommerce_single":["https:\/\/kabinam.lt\/wp-content\/uploads\/2024\/08\/1716185812597-23b4fe4ad86a4b5781e6de9742f2a7e4-goods-600x600.jpeg",600,600,true],"woocommerce_gallery_thumbnail":["https:\/\/kabinam.lt\/wp-content\/uploads\/2024\/08\/1716185812597-23b4fe4ad86a4b5781e6de9742f2a7e4-goods-100x100.jpeg",100,100,true]},"uagb_author_info":{"display_name":"kabinam.lt","author_link":"https:\/\/kabinam.lt\/de\/author\/"},"uagb_comment_info":0,"uagb_excerpt":"I\u0161skirtinis tekstilinis motociklo rakt\u0173 pakabukas su siuvin\u0117tais motyvais.","_links":{"self":[{"href":"https:\/\/kabinam.lt\/de\/wp-json\/wp\/v2\/product\/2822","targetHints":{"allow":["GET"]}}],"collection":[{"href":"https:\/\/kabinam.lt\/de\/wp-json\/wp\/v2\/product"}],"about":[{"href":"https:\/\/kabinam.lt\/de\/wp-json\/wp\/v2\/types\/product"}],"replies":[{"embeddable":true,"href":"https:\/\/kabinam.lt\/de\/wp-json\/wp\/v2\/comments?post=2822"}],"wp:featuredmedia":[{"embeddable":true,"href":"https:\/\/kabinam.lt\/de\/wp-json\/wp\/v2\/media\/2823"}],"wp:attachment":[{"href":"https:\/\/kabinam.lt\/de\/wp-json\/wp\/v2\/media?parent=2822"}],"wp:term":[{"taxonomy":"product_brand","embeddable":true,"href":"https:\/\/kabinam.lt\/de\/wp-json\/wp\/v2\/product_brand?post=2822"},{"taxonomy":"product_cat","embeddable":true,"href":"https:\/\/kabinam.lt\/de\/wp-json\/wp\/v2\/product_cat?post=2822"},{"taxonomy":"product_tag","embeddable":true,"href":"https:\/\/kabinam.lt\/de\/wp-json\/wp\/v2\/product_tag?post=2822"}],"curies":[{"name":"wp","href":"https:\/\/api.w.org\/{rel}","templated":true}]}}