{"id":2820,"date":"2024-08-18T10:08:58","date_gmt":"2024-08-18T07:08:58","guid":{"rendered":"https:\/\/kabinam.lt\/?post_type=product&#038;p=2820"},"modified":"2026-01-03T18:49:56","modified_gmt":"2026-01-03T16:49:56","slug":"anhanger-stay-positive","status":"publish","type":"product","link":"https:\/\/kabinam.lt\/de\/product\/pakabukas-stay-positive\/","title":{"rendered":"Positiv bleiben"},"content":{"rendered":"<div class=\"kk-star-ratings kksr-auto kksr-align-left kksr-valign-top\"\n    data-payload='{&quot;align&quot;:&quot;left&quot;,&quot;id&quot;:&quot;2820&quot;,&quot;slug&quot;:&quot;default&quot;,&quot;valign&quot;:&quot;top&quot;,&quot;ignore&quot;:&quot;&quot;,&quot;reference&quot;:&quot;auto&quot;,&quot;class&quot;:&quot;&quot;,&quot;count&quot;:&quot;0&quot;,&quot;legendonly&quot;:&quot;&quot;,&quot;readonly&quot;:&quot;&quot;,&quot;score&quot;:&quot;0&quot;,&quot;starsonly&quot;:&quot;&quot;,&quot;best&quot;:&quot;5&quot;,&quot;gap&quot;:&quot;5&quot;,&quot;greet&quot;:&quot;Mums svarbus j\u016bs\u0173 \u012fvertinimas&quot;,&quot;legend&quot;:&quot;0\\\/5 - (0 votes)&quot;,&quot;size&quot;:&quot;24&quot;,&quot;title&quot;:&quot;Stay Positive&quot;,&quot;width&quot;:&quot;0&quot;,&quot;_legend&quot;:&quot;{score}\\\/{best} - ({count} {votes})&quot;,&quot;font_factor&quot;:&quot;1.25&quot;}'>\n            \n<div class=\"kksr-stars\">\n    \n<div class=\"kksr-stars-inactive\">\n            <div class=\"kksr-star\" data-star=\"1\" style=\"padding-right: 5px\">\n            \n\n<div class=\"kksr-icon\" style=\"width: 24px; height: 24px;\"><\/div>\n        <\/div>\n            <div class=\"kksr-star\" data-star=\"2\" style=\"padding-right: 5px\">\n            \n\n<div class=\"kksr-icon\" style=\"width: 24px; height: 24px;\"><\/div>\n        <\/div>\n            <div class=\"kksr-star\" data-star=\"3\" style=\"padding-right: 5px\">\n            \n\n<div class=\"kksr-icon\" style=\"width: 24px; height: 24px;\"><\/div>\n        <\/div>\n            <div class=\"kksr-star\" data-star=\"4\" style=\"padding-right: 5px\">\n            \n\n<div class=\"kksr-icon\" style=\"width: 24px; height: 24px;\"><\/div>\n        <\/div>\n            <div class=\"kksr-star\" data-star=\"5\" style=\"padding-right: 5px\">\n            \n\n<div class=\"kksr-icon\" style=\"width: 24px; height: 24px;\"><\/div>\n        <\/div>\n    <\/div>\n    \n<div class=\"kksr-stars-active\" style=\"width: 0px;\">\n            <div class=\"kksr-star\" style=\"padding-right: 5px\">\n            \n\n<div class=\"kksr-icon\" style=\"width: 24px; height: 24px;\"><\/div>\n        <\/div>\n            <div class=\"kksr-star\" style=\"padding-right: 5px\">\n            \n\n<div class=\"kksr-icon\" style=\"width: 24px; height: 24px;\"><\/div>\n        <\/div>\n            <div class=\"kksr-star\" style=\"padding-right: 5px\">\n            \n\n<div class=\"kksr-icon\" style=\"width: 24px; height: 24px;\"><\/div>\n        <\/div>\n            <div class=\"kksr-star\" style=\"padding-right: 5px\">\n            \n\n<div class=\"kksr-icon\" style=\"width: 24px; height: 24px;\"><\/div>\n        <\/div>\n            <div class=\"kksr-star\" style=\"padding-right: 5px\">\n            \n\n<div class=\"kksr-icon\" style=\"width: 24px; height: 24px;\"><\/div>\n        <\/div>\n    <\/div>\n<\/div>\n                \n\n<div class=\"kksr-legend\" style=\"font-size: 19.2px;\">\n            <span class=\"kksr-muted\">Ihre Bewertung ist f\u00fcr uns wichtig<\/span>\n    <\/div>\n    <\/div>\n<h4 data-start=\"76\" data-end=\"100\"><strong data-start=\"81\" data-end=\"98\">\u00dcber das Produkt<\/strong><\/h4>\n<p data-start=\"101\" data-end=\"691\">Pakabukas Stay Positive yra originalus med\u017eiaginis aksesuaras, sukurtas skleid\u017eiant pozityvumo \u017einut\u0119. Jis pagamintas i\u0161 auk\u0161tos kokyb\u0117s tvirtos med\u017eiagos, kurios pagrindas \u2013 juoda, o fone spindi rausva ir violetin\u0117 blizgi tekst\u016bra. Ant pakabuko i\u0161siuv\u0117tas u\u017era\u0161as \u201eStay Positive\u201c yra atliktas stilingu \u0161riftu, o po tekstu matyti juoda rodykl\u0117, kuri pabr\u0117\u017eia kryptingum\u0105 ir energij\u0105. \u0160is pakabukas yra skirtas motociklo raktams, ta\u010diau puikiai tinka ir automobili\u0173 bei nam\u0173 raktams. Produktas pabr\u0117\u017eia unikalum\u0105 ir asmenin\u012f stili\u0173, suteikdamas j\u016bs\u0173 raktams i\u0161skirtinumo ir modernumo poj\u016bt\u012f.<\/p>\n<h4 data-start=\"693\" data-end=\"732\"><strong data-start=\"698\" data-end=\"730\">Funktionsweise und Verwendung<\/strong><\/h4>\n<p data-start=\"733\" data-end=\"1427\">Pakabukas Stay Positive ne tik i\u0161siskiria savo dizainu, bet ir yra itin funkcionalus. Tvirtas metalinis \u017eiedelis ir integruotas karabinas u\u017etikrina, kad j\u016bs\u0173 raktai bus saugiai pritvirtinti. Naudojimo paprastumas leid\u017eia greitai pritvirtinti aksesuar\u0105 prie rakt\u0173 rinkinio, kuprin\u0117s ar dir\u017eo. Universalus dizainas leid\u017eia j\u012f patogiai naudoti tiek kasdien, tiek specialioms progoms. Produkto konstrukcija atitinka auk\u0161tus kokyb\u0117s standartus, tod\u0117l pakabukas i\u0161lieka tvirtas net intensyvaus naudojimo metu. Jis padeda i\u0161laikyti tvark\u0105 ir suteikia papildom\u0105 stiling\u0105 akcent\u0105 j\u016bs\u0173 raktams. Su\u017einokite daugiau apie naujausias mados tendencijas apsilank\u0119 <a target=\"_new\" rel=\"noopener\" data-start=\"1381\" data-end=\"1426\">hier<\/a>.<\/p>\n<h4 data-start=\"1429\" data-end=\"1458\"><strong data-start=\"1434\" data-end=\"1456\">Design und Qualit\u00e4t<\/strong><\/h4>\n<p data-start=\"1459\" data-end=\"2151\">\u0160io pakabuko dizainas yra kruop\u0161\u010diai apgalvotas ir i\u0161dirbtas iki smulkmen\u0173. Juoda med\u017eiaga suteikia aksesuarui elegancijos, o rausvos ir violetin\u0117s blizgios fono detal\u0117s kartu su baltais u\u017era\u0161ais pabr\u0117\u017eia modern\u0173 ir dr\u0105s\u0173 stili\u0173. Integruota juoda rodykl\u0117 po u\u017era\u0161u simbolizuoja kryptingum\u0105 ir tik\u0117jim\u0105 ateitimi. Pagamintas i\u0161 auk\u0161tos kokyb\u0117s med\u017eiagos, pakabukas Stay Positive u\u017etikrina ilgaam\u017ei\u0161kum\u0105 ir atsparum\u0105 nusid\u0117v\u0117jimui. Tvirtas karabinas ir metalinis \u017eiedelis garantuoja patikim\u0105 tvirtinim\u0105, tod\u0117l \u0161is aksesuaras bus nepamainomas kasdieniniame naudojime. I\u0161samiau apie auk\u0161tos kokyb\u0117s med\u017eiag\u0173 privalumus galite perskaityti m\u016bs\u0173 <a href=\"https:\/\/www.example.com\/products\" target=\"_new\" rel=\"noopener\" data-start=\"2097\" data-end=\"2150\">im Produktkatalog<\/a>.<\/p>\n<h4 data-start=\"2153\" data-end=\"2184\"><strong data-start=\"2158\" data-end=\"2182\">Warum w\u00e4hlen?<\/strong><\/h4>\n<p data-start=\"2185\" data-end=\"2712\">Investavimas \u012f pakabuk\u0105 Stay Positive yra i\u0161mintingas sprendimas tiems, kurie vertina originalum\u0105 ir funkcionalum\u0105. \u0160is aksesuaras ne tik saugo j\u016bs\u0173 raktus, bet ir \u012fkvepia pozityvumo bei energijos. Jo unikalus dizainas, kuriame i\u0161skirtinai i\u0161siuv\u0117tas u\u017era\u0161as ir kontrastingos spalvos, padeda i\u0161siskirti i\u0161 minios. Jei norite, kad j\u016bs\u0173 raktai spind\u0117t\u0173 stiliumi ir ne\u0161\u0173 \u017einut\u0119 apie pozityvum\u0105, \u0161is pakabukas yra puikus pasirinkimas. Pasirinkite pakabuk\u0105 Stay Positive, kad j\u016bs\u0173 kasdienyb\u0117 tapt\u0173 dar ry\u0161kesn\u0117 ir labiau \u012fkvepianti.<\/p>","protected":false},"excerpt":{"rendered":"<p>Pakabukas Stay Positive \u2013 juodos med\u017eiagos aksesuaras su rausva ir violetine blizgia fone bei baltais u\u017era\u0161u \u201eStay Positive\u201d. Stilingas ir funkcionalus pasirinkimas j\u016bs\u0173 raktams.<\/p>","protected":false},"featured_media":2821,"comment_status":"closed","ping_status":"closed","template":"","meta":{"_uag_custom_page_level_css":"","site-sidebar-layout":"default","site-content-layout":"","ast-site-content-layout":"default","site-content-style":"default","site-sidebar-style":"default","ast-global-header-display":"","ast-banner-title-visibility":"","ast-main-header-display":"","ast-hfb-above-header-display":"","ast-hfb-below-header-display":"","ast-hfb-mobile-header-display":"","site-post-title":"","ast-breadcrumbs-content":"","ast-featured-img":"","footer-sml-layout":"","ast-disable-related-posts":"","theme-transparent-header-meta":"default","adv-header-id-meta":"","stick-header-meta":"","header-above-stick-meta":"","header-main-stick-meta":"","header-below-stick-meta":"","astra-migrate-meta-layouts":"set","ast-page-background-enabled":"default","ast-page-background-meta":{"desktop":{"background-color":"var(--ast-global-color-4)","background-image":"","background-repeat":"repeat","background-position":"center center","background-size":"auto","background-attachment":"scroll","background-type":"","background-media":"","overlay-type":"","overlay-color":"","overlay-opacity":"","overlay-gradient":""},"tablet":{"background-color":"","background-image":"","background-repeat":"repeat","background-position":"center center","background-size":"auto","background-attachment":"scroll","background-type":"","background-media":"","overlay-type":"","overlay-color":"","overlay-opacity":"","overlay-gradient":""},"mobile":{"background-color":"","background-image":"","background-repeat":"repeat","background-position":"center center","background-size":"auto","background-attachment":"scroll","background-type":"","background-media":"","overlay-type":"","overlay-color":"","overlay-opacity":"","overlay-gradient":""}},"ast-content-background-meta":{"desktop":{"background-color":"var(--ast-global-color-5)","background-image":"","background-repeat":"repeat","background-position":"center center","background-size":"auto","background-attachment":"scroll","background-type":"","background-media":"","overlay-type":"","overlay-color":"","overlay-opacity":"","overlay-gradient":""},"tablet":{"background-color":"var(--ast-global-color-5)","background-image":"","background-repeat":"repeat","background-position":"center center","background-size":"auto","background-attachment":"scroll","background-type":"","background-media":"","overlay-type":"","overlay-color":"","overlay-opacity":"","overlay-gradient":""},"mobile":{"background-color":"var(--ast-global-color-5)","background-image":"","background-repeat":"repeat","background-position":"center center","background-size":"auto","background-attachment":"scroll","background-type":"","background-media":"","overlay-type":"","overlay-color":"","overlay-opacity":"","overlay-gradient":""}}},"product_brand":[],"product_cat":[126,91],"product_tag":[],"class_list":{"0":"post-2820","1":"product","2":"type-product","3":"status-publish","4":"has-post-thumbnail","6":"product_cat-visi","7":"product_cat-motociklo-raktu-pakabukai","8":"desktop-align-center","9":"tablet-align-left","10":"mobile-align-left","12":"first","13":"instock","14":"shipping-taxable","15":"purchasable","16":"product-type-simple"},"yoast_head":"<!-- This site is optimized with the Yoast SEO plugin v27.1.1 - https:\/\/yoast.com\/product\/yoast-seo-wordpress\/ -->\n<title>Stay Positive - kabinam.lt<\/title>\n<meta name=\"description\" content=\"Pakabukas Stay Positive \u2013 unikalus med\u017eiaginis aksesuaras su baltais u\u017era\u0161u &quot;Stay Positive&quot; ir blizgiu fono dizainu. Puikus pasirinkimas motociklo raktams!\" \/>\n<meta name=\"robots\" content=\"index, follow, max-snippet:-1, max-image-preview:large, max-video-preview:-1\" \/>\n<link rel=\"canonical\" href=\"https:\/\/kabinam.lt\/de\/produkt\/anhanger-stay-positive\/\" \/>\n<meta property=\"og:locale\" content=\"de_DE\" \/>\n<meta property=\"og:type\" content=\"article\" \/>\n<meta property=\"og:title\" content=\"Stay Positive - kabinam.lt\" \/>\n<meta property=\"og:description\" content=\"Pakabukas Stay Positive \u2013 unikalus med\u017eiaginis aksesuaras su baltais u\u017era\u0161u &quot;Stay Positive&quot; ir blizgiu fono dizainu. Puikus pasirinkimas motociklo raktams!\" \/>\n<meta property=\"og:url\" content=\"https:\/\/kabinam.lt\/de\/produkt\/anhanger-stay-positive\/\" \/>\n<meta property=\"og:site_name\" content=\"kabinam.lt\" \/>\n<meta property=\"article:modified_time\" content=\"2026-01-03T16:49:56+00:00\" \/>\n<meta property=\"og:image\" content=\"https:\/\/kabinam.lt\/wp-content\/uploads\/2024\/08\/1712912269786-8edd9c85b25641e0a11c1b95195d4090-goods.jpeg\" \/>\n\t<meta property=\"og:image:width\" content=\"1200\" \/>\n\t<meta property=\"og:image:height\" content=\"1200\" \/>\n\t<meta property=\"og:image:type\" content=\"image\/jpeg\" \/>\n<meta name=\"twitter:card\" content=\"summary_large_image\" \/>\n<meta name=\"twitter:label1\" content=\"Gesch\u00e4tzte Lesezeit\" \/>\n\t<meta name=\"twitter:data1\" content=\"2\u00a0Minuten\" \/>\n<script type=\"application\/ld+json\" class=\"yoast-schema-graph\">{\"@context\":\"https:\/\/schema.org\",\"@graph\":[{\"@type\":[\"WebPage\",\"ItemPage\"],\"@id\":\"https:\/\/kabinam.lt\/lt\/product\/pakabukas-stay-positive\/\",\"url\":\"https:\/\/kabinam.lt\/lt\/product\/pakabukas-stay-positive\/\",\"name\":\"Stay Positive - kabinam.lt\",\"isPartOf\":{\"@id\":\"https:\/\/kabinam.lt\/#website\"},\"primaryImageOfPage\":{\"@id\":\"https:\/\/kabinam.lt\/lt\/product\/pakabukas-stay-positive\/#primaryimage\"},\"image\":{\"@id\":\"https:\/\/kabinam.lt\/lt\/product\/pakabukas-stay-positive\/#primaryimage\"},\"thumbnailUrl\":\"https:\/\/kabinam.lt\/wp-content\/uploads\/2024\/08\/1712912269786-8edd9c85b25641e0a11c1b95195d4090-goods.jpeg\",\"datePublished\":\"2024-08-18T07:08:58+00:00\",\"dateModified\":\"2026-01-03T16:49:56+00:00\",\"description\":\"Pakabukas Stay Positive \u2013 unikalus med\u017eiaginis aksesuaras su baltais u\u017era\u0161u \\\"Stay Positive\\\" ir blizgiu fono dizainu. Puikus pasirinkimas motociklo raktams!\",\"breadcrumb\":{\"@id\":\"https:\/\/kabinam.lt\/lt\/product\/pakabukas-stay-positive\/#breadcrumb\"},\"inLanguage\":\"de\",\"potentialAction\":[{\"@type\":\"ReadAction\",\"target\":[\"https:\/\/kabinam.lt\/lt\/product\/pakabukas-stay-positive\/\"]}]},{\"@type\":\"ImageObject\",\"inLanguage\":\"de\",\"@id\":\"https:\/\/kabinam.lt\/lt\/product\/pakabukas-stay-positive\/#primaryimage\",\"url\":\"https:\/\/kabinam.lt\/wp-content\/uploads\/2024\/08\/1712912269786-8edd9c85b25641e0a11c1b95195d4090-goods.jpeg\",\"contentUrl\":\"https:\/\/kabinam.lt\/wp-content\/uploads\/2024\/08\/1712912269786-8edd9c85b25641e0a11c1b95195d4090-goods.jpeg\",\"width\":1200,\"height\":1200,\"caption\":\"Pakabukas Stay Positive \u2013 Aksesuaras motociklo raktams su pozityvia \u017einute.\"},{\"@type\":\"BreadcrumbList\",\"@id\":\"https:\/\/kabinam.lt\/lt\/product\/pakabukas-stay-positive\/#breadcrumb\",\"itemListElement\":[{\"@type\":\"ListItem\",\"position\":1,\"name\":\"Home\",\"item\":\"https:\/\/kabinam.lt\/\"},{\"@type\":\"ListItem\",\"position\":2,\"name\":\"Visi Produktai\",\"item\":\"https:\/\/kabinam.lt\/visi-produktai\/\"},{\"@type\":\"ListItem\",\"position\":3,\"name\":\"Stay Positive\"}]},{\"@type\":\"WebSite\",\"@id\":\"https:\/\/kabinam.lt\/#website\",\"url\":\"https:\/\/kabinam.lt\/\",\"name\":\"kabinam.lt\",\"description\":\"Kabinam.lt \u2013 raktu pakabukai ir aksesuarai\",\"publisher\":{\"@id\":\"https:\/\/kabinam.lt\/#organization\"},\"alternateName\":\"pakabukai lt\",\"potentialAction\":[{\"@type\":\"SearchAction\",\"target\":{\"@type\":\"EntryPoint\",\"urlTemplate\":\"https:\/\/kabinam.lt\/?s={search_term_string}\"},\"query-input\":{\"@type\":\"PropertyValueSpecification\",\"valueRequired\":true,\"valueName\":\"search_term_string\"}}],\"inLanguage\":\"de\"},{\"@type\":\"Organization\",\"@id\":\"https:\/\/kabinam.lt\/#organization\",\"name\":\"kabinam.lt\",\"alternateName\":\"kabinam\",\"url\":\"https:\/\/kabinam.lt\/\",\"logo\":{\"@type\":\"ImageObject\",\"inLanguage\":\"de\",\"@id\":\"https:\/\/kabinam.lt\/#\/schema\/logo\/image\/\",\"url\":\"https:\/\/kabinam.lt\/wp-content\/uploads\/2025\/05\/KABINAM_outer_glow.png\",\"contentUrl\":\"https:\/\/kabinam.lt\/wp-content\/uploads\/2025\/05\/KABINAM_outer_glow.png\",\"width\":474,\"height\":141,\"caption\":\"kabinam.lt\"},\"image\":{\"@id\":\"https:\/\/kabinam.lt\/#\/schema\/logo\/image\/\"}}]}<\/script>\n<!-- \/ Yoast SEO plugin. -->","yoast_head_json":{"title":"Stay Positive - kabinam.lt","description":"Anh\u00e4nger Stay Positive \u2013 ein einzigartiges Stoffaccessoire mit dem wei\u00dfen Aufdruck \"Stay Positive\" und gl\u00e4nzendem Hintergrunddesign. Eine tolle Wahl f\u00fcr Motorradchl\u00fcssel!","robots":{"index":"index","follow":"follow","max-snippet":"max-snippet:-1","max-image-preview":"max-image-preview:large","max-video-preview":"max-video-preview:-1"},"canonical":"https:\/\/kabinam.lt\/de\/produkt\/anhanger-stay-positive\/","og_locale":"de_DE","og_type":"article","og_title":"Stay Positive - kabinam.lt","og_description":"Pakabukas Stay Positive \u2013 unikalus med\u017eiaginis aksesuaras su baltais u\u017era\u0161u \"Stay Positive\" ir blizgiu fono dizainu. Puikus pasirinkimas motociklo raktams!","og_url":"https:\/\/kabinam.lt\/de\/produkt\/anhanger-stay-positive\/","og_site_name":"kabinam.lt","article_modified_time":"2026-01-03T16:49:56+00:00","og_image":[{"width":1200,"height":1200,"url":"https:\/\/kabinam.lt\/wp-content\/uploads\/2024\/08\/1712912269786-8edd9c85b25641e0a11c1b95195d4090-goods.jpeg","type":"image\/jpeg"}],"twitter_card":"summary_large_image","twitter_misc":{"Gesch\u00e4tzte Lesezeit":"2\u00a0Minuten"},"schema":{"@context":"https:\/\/schema.org","@graph":[{"@type":["WebPage","ItemPage"],"@id":"https:\/\/kabinam.lt\/lt\/product\/pakabukas-stay-positive\/","url":"https:\/\/kabinam.lt\/lt\/product\/pakabukas-stay-positive\/","name":"Stay Positive - kabinam.lt","isPartOf":{"@id":"https:\/\/kabinam.lt\/#website"},"primaryImageOfPage":{"@id":"https:\/\/kabinam.lt\/lt\/product\/pakabukas-stay-positive\/#primaryimage"},"image":{"@id":"https:\/\/kabinam.lt\/lt\/product\/pakabukas-stay-positive\/#primaryimage"},"thumbnailUrl":"https:\/\/kabinam.lt\/wp-content\/uploads\/2024\/08\/1712912269786-8edd9c85b25641e0a11c1b95195d4090-goods.jpeg","datePublished":"2024-08-18T07:08:58+00:00","dateModified":"2026-01-03T16:49:56+00:00","description":"Anh\u00e4nger Stay Positive \u2013 ein einzigartiges Stoffaccessoire mit dem wei\u00dfen Aufdruck \"Stay Positive\" und gl\u00e4nzendem Hintergrunddesign. Eine tolle Wahl f\u00fcr Motorradchl\u00fcssel!","breadcrumb":{"@id":"https:\/\/kabinam.lt\/lt\/product\/pakabukas-stay-positive\/#breadcrumb"},"inLanguage":"de","potentialAction":[{"@type":"ReadAction","target":["https:\/\/kabinam.lt\/lt\/product\/pakabukas-stay-positive\/"]}]},{"@type":"ImageObject","inLanguage":"de","@id":"https:\/\/kabinam.lt\/lt\/product\/pakabukas-stay-positive\/#primaryimage","url":"https:\/\/kabinam.lt\/wp-content\/uploads\/2024\/08\/1712912269786-8edd9c85b25641e0a11c1b95195d4090-goods.jpeg","contentUrl":"https:\/\/kabinam.lt\/wp-content\/uploads\/2024\/08\/1712912269786-8edd9c85b25641e0a11c1b95195d4090-goods.jpeg","width":1200,"height":1200,"caption":"Pakabukas Stay Positive \u2013 Aksesuaras motociklo raktams su pozityvia \u017einute."},{"@type":"BreadcrumbList","@id":"https:\/\/kabinam.lt\/lt\/product\/pakabukas-stay-positive\/#breadcrumb","itemListElement":[{"@type":"ListItem","position":1,"name":"Home","item":"https:\/\/kabinam.lt\/"},{"@type":"ListItem","position":2,"name":"Visi Produktai","item":"https:\/\/kabinam.lt\/visi-produktai\/"},{"@type":"ListItem","position":3,"name":"Stay Positive"}]},{"@type":"WebSite","@id":"https:\/\/kabinam.lt\/#website","url":"https:\/\/kabinam.lt\/","name":"kabinam.lt","description":"Kabinam.lt - Schl\u00fcsselanh\u00e4nger und Zubeh\u00f6r","publisher":{"@id":"https:\/\/kabinam.lt\/#organization"},"alternateName":"pakabukai lt","potentialAction":[{"@type":"SearchAction","target":{"@type":"EntryPoint","urlTemplate":"https:\/\/kabinam.lt\/?s={search_term_string}"},"query-input":{"@type":"PropertyValueSpecification","valueRequired":true,"valueName":"search_term_string"}}],"inLanguage":"de"},{"@type":"Organization","@id":"https:\/\/kabinam.lt\/#organization","name":"kabinam.lt","alternateName":"kabinam","url":"https:\/\/kabinam.lt\/","logo":{"@type":"ImageObject","inLanguage":"de","@id":"https:\/\/kabinam.lt\/#\/schema\/logo\/image\/","url":"https:\/\/kabinam.lt\/wp-content\/uploads\/2025\/05\/KABINAM_outer_glow.png","contentUrl":"https:\/\/kabinam.lt\/wp-content\/uploads\/2025\/05\/KABINAM_outer_glow.png","width":474,"height":141,"caption":"kabinam.lt"},"image":{"@id":"https:\/\/kabinam.lt\/#\/schema\/logo\/image\/"}}]}},"uagb_featured_image_src":{"full":["https:\/\/kabinam.lt\/wp-content\/uploads\/2024\/08\/1712912269786-8edd9c85b25641e0a11c1b95195d4090-goods.jpeg",1200,1200,false],"thumbnail":["https:\/\/kabinam.lt\/wp-content\/uploads\/2024\/08\/1712912269786-8edd9c85b25641e0a11c1b95195d4090-goods-150x150.jpeg",150,150,true],"medium":["https:\/\/kabinam.lt\/wp-content\/uploads\/2024\/08\/1712912269786-8edd9c85b25641e0a11c1b95195d4090-goods-300x300.jpeg",300,300,true],"medium_large":["https:\/\/kabinam.lt\/wp-content\/uploads\/2024\/08\/1712912269786-8edd9c85b25641e0a11c1b95195d4090-goods-768x768.jpeg",768,768,true],"large":["https:\/\/kabinam.lt\/wp-content\/uploads\/2024\/08\/1712912269786-8edd9c85b25641e0a11c1b95195d4090-goods-1024x1024.jpeg",1024,1024,true],"1536x1536":["https:\/\/kabinam.lt\/wp-content\/uploads\/2024\/08\/1712912269786-8edd9c85b25641e0a11c1b95195d4090-goods.jpeg",1200,1200,false],"2048x2048":["https:\/\/kabinam.lt\/wp-content\/uploads\/2024\/08\/1712912269786-8edd9c85b25641e0a11c1b95195d4090-goods.jpeg",1200,1200,false],"trp-custom-language-flag":["https:\/\/kabinam.lt\/wp-content\/uploads\/2024\/08\/1712912269786-8edd9c85b25641e0a11c1b95195d4090-goods.jpeg",12,12,false],"woocommerce_thumbnail":["https:\/\/kabinam.lt\/wp-content\/uploads\/2024\/08\/1712912269786-8edd9c85b25641e0a11c1b95195d4090-goods-300x300.jpeg",300,300,true],"woocommerce_single":["https:\/\/kabinam.lt\/wp-content\/uploads\/2024\/08\/1712912269786-8edd9c85b25641e0a11c1b95195d4090-goods-600x600.jpeg",600,600,true],"woocommerce_gallery_thumbnail":["https:\/\/kabinam.lt\/wp-content\/uploads\/2024\/08\/1712912269786-8edd9c85b25641e0a11c1b95195d4090-goods-100x100.jpeg",100,100,true]},"uagb_author_info":{"display_name":"kabinam.lt","author_link":"https:\/\/kabinam.lt\/de\/author\/"},"uagb_comment_info":0,"uagb_excerpt":"Pakabukas Stay Positive \u2013 juodos med\u017eiagos aksesuaras su rausva ir violetine blizgia fone bei baltais u\u017era\u0161u \"Stay Positive\". Stilingas ir funkcionalus pasirinkimas j\u016bs\u0173 raktams.","_links":{"self":[{"href":"https:\/\/kabinam.lt\/de\/wp-json\/wp\/v2\/product\/2820","targetHints":{"allow":["GET"]}}],"collection":[{"href":"https:\/\/kabinam.lt\/de\/wp-json\/wp\/v2\/product"}],"about":[{"href":"https:\/\/kabinam.lt\/de\/wp-json\/wp\/v2\/types\/product"}],"replies":[{"embeddable":true,"href":"https:\/\/kabinam.lt\/de\/wp-json\/wp\/v2\/comments?post=2820"}],"wp:featuredmedia":[{"embeddable":true,"href":"https:\/\/kabinam.lt\/de\/wp-json\/wp\/v2\/media\/2821"}],"wp:attachment":[{"href":"https:\/\/kabinam.lt\/de\/wp-json\/wp\/v2\/media?parent=2820"}],"wp:term":[{"taxonomy":"product_brand","embeddable":true,"href":"https:\/\/kabinam.lt\/de\/wp-json\/wp\/v2\/product_brand?post=2820"},{"taxonomy":"product_cat","embeddable":true,"href":"https:\/\/kabinam.lt\/de\/wp-json\/wp\/v2\/product_cat?post=2820"},{"taxonomy":"product_tag","embeddable":true,"href":"https:\/\/kabinam.lt\/de\/wp-json\/wp\/v2\/product_tag?post=2820"}],"curies":[{"name":"wp","href":"https:\/\/api.w.org\/{rel}","templated":true}]}}