{"id":2813,"date":"2024-08-18T10:04:21","date_gmt":"2024-08-18T07:04:21","guid":{"rendered":"https:\/\/kabinam.lt\/?post_type=product&#038;p=2813"},"modified":"2026-01-03T18:50:41","modified_gmt":"2026-01-03T16:50:41","slug":"schlusselanhanger-es-ist-zu-voll-drausen","status":"publish","type":"product","link":"https:\/\/kabinam.lt\/de\/product\/raktu-pakabukas-it-is-too-peopley-outside\/","title":{"rendered":"Drau\u00dfen ist es zu volkst\u00fcmlich"},"content":{"rendered":"<div class=\"kk-star-ratings kksr-auto kksr-align-left kksr-valign-top\"\n    data-payload='{&quot;align&quot;:&quot;left&quot;,&quot;id&quot;:&quot;2813&quot;,&quot;slug&quot;:&quot;default&quot;,&quot;valign&quot;:&quot;top&quot;,&quot;ignore&quot;:&quot;&quot;,&quot;reference&quot;:&quot;auto&quot;,&quot;class&quot;:&quot;&quot;,&quot;count&quot;:&quot;0&quot;,&quot;legendonly&quot;:&quot;&quot;,&quot;readonly&quot;:&quot;&quot;,&quot;score&quot;:&quot;0&quot;,&quot;starsonly&quot;:&quot;&quot;,&quot;best&quot;:&quot;5&quot;,&quot;gap&quot;:&quot;5&quot;,&quot;greet&quot;:&quot;Mums svarbus j\u016bs\u0173 \u012fvertinimas&quot;,&quot;legend&quot;:&quot;0\\\/5 - (0 votes)&quot;,&quot;size&quot;:&quot;24&quot;,&quot;title&quot;:&quot;It is too peopley outside&quot;,&quot;width&quot;:&quot;0&quot;,&quot;_legend&quot;:&quot;{score}\\\/{best} - ({count} {votes})&quot;,&quot;font_factor&quot;:&quot;1.25&quot;}'>\n            \n<div class=\"kksr-stars\">\n    \n<div class=\"kksr-stars-inactive\">\n            <div class=\"kksr-star\" data-star=\"1\" style=\"padding-right: 5px\">\n            \n\n<div class=\"kksr-icon\" style=\"width: 24px; height: 24px;\"><\/div>\n        <\/div>\n            <div class=\"kksr-star\" data-star=\"2\" style=\"padding-right: 5px\">\n            \n\n<div class=\"kksr-icon\" style=\"width: 24px; height: 24px;\"><\/div>\n        <\/div>\n            <div class=\"kksr-star\" data-star=\"3\" style=\"padding-right: 5px\">\n            \n\n<div class=\"kksr-icon\" style=\"width: 24px; height: 24px;\"><\/div>\n        <\/div>\n            <div class=\"kksr-star\" data-star=\"4\" style=\"padding-right: 5px\">\n            \n\n<div class=\"kksr-icon\" style=\"width: 24px; height: 24px;\"><\/div>\n        <\/div>\n            <div class=\"kksr-star\" data-star=\"5\" style=\"padding-right: 5px\">\n            \n\n<div class=\"kksr-icon\" style=\"width: 24px; height: 24px;\"><\/div>\n        <\/div>\n    <\/div>\n    \n<div class=\"kksr-stars-active\" style=\"width: 0px;\">\n            <div class=\"kksr-star\" style=\"padding-right: 5px\">\n            \n\n<div class=\"kksr-icon\" style=\"width: 24px; height: 24px;\"><\/div>\n        <\/div>\n            <div class=\"kksr-star\" style=\"padding-right: 5px\">\n            \n\n<div class=\"kksr-icon\" style=\"width: 24px; height: 24px;\"><\/div>\n        <\/div>\n            <div class=\"kksr-star\" style=\"padding-right: 5px\">\n            \n\n<div class=\"kksr-icon\" style=\"width: 24px; height: 24px;\"><\/div>\n        <\/div>\n            <div class=\"kksr-star\" style=\"padding-right: 5px\">\n            \n\n<div class=\"kksr-icon\" style=\"width: 24px; height: 24px;\"><\/div>\n        <\/div>\n            <div class=\"kksr-star\" style=\"padding-right: 5px\">\n            \n\n<div class=\"kksr-icon\" style=\"width: 24px; height: 24px;\"><\/div>\n        <\/div>\n    <\/div>\n<\/div>\n                \n\n<div class=\"kksr-legend\" style=\"font-size: 19.2px;\">\n            <span class=\"kksr-muted\">Ihre Bewertung ist f\u00fcr uns wichtig<\/span>\n    <\/div>\n    <\/div>\n<h4 data-start=\"73\" data-end=\"97\"><strong data-start=\"78\" data-end=\"95\">\u00dcber das Produkt<\/strong><\/h4>\n<p data-start=\"98\" data-end=\"909\">Der Schl\u00fcsselanh\u00e4nger IT IS TOO PEOPLEY OUTSIDE ist ein originelles Accessoire. Er ist aus hochwertigem Material gefertigt. Die Basis des Anh\u00e4ngers besteht aus schwarzem Stoff mit gelben R\u00e4ndern. Darauf ist der Text \u201eIT IS TOO PEOPLEY OUTSIDE\u201c aufgestickt. Der Text vermittelt eine humorvolle und sympathische Botschaft. Das Produkt verleiht Ihren Schl\u00fcsseln einen modernen, einzigartigen Akzent. Das Accessoire eignet sich f\u00fcr Auto-, Motorrad- und Hausschl\u00fcssel. Jedes Detail ist sorgf\u00e4ltig verarbeitet. Sein Design unterstreicht Ihren pers\u00f6nlichen Stil. Dieser Schl\u00fcsselanh\u00e4nger macht den Alltag zu einem einzigartigen Erlebnis. Er hilft Ihnen, Ihre Schl\u00fcssel sicher aufzubewahren. Der robuste Befestigungsmechanismus sorgt daf\u00fcr, dass die Schl\u00fcssel immer sicher befestigt bleiben. Die Konstruktion des Produkts ist langlebig und verschlei\u00dffest. Sein Design verbindet Funktionalit\u00e4t mit \u00c4sthetik. Das Accessoire vermittelt witzige Spr\u00fcche und Einzigartigkeit.<\/p>\n<p data-start=\"911\" data-end=\"1172\">Weitere Informationen zu den neuesten Accessoire-Trends finden Sie unter <a target=\"_new\" rel=\"noopener\" data-start=\"990\" data-end=\"1051\">Externe Ressource<\/a>. Sie k\u00f6nnen auch unsere <a href=\"https:\/\/www.example.com\/products\" target=\"_new\" rel=\"noopener\" data-start=\"1085\" data-end=\"1138\">Produktkatalog<\/a> f\u00fcr mehr originelle L\u00f6sungen.<\/p>\n<h4 data-start=\"1174\" data-end=\"1213\"><strong data-start=\"1179\" data-end=\"1211\">Funktionsweise und Verwendung<\/strong><\/h4>\n<p data-start=\"1214\" data-end=\"1592\">Dieser Anh\u00e4nger bewahrt Ihre Schl\u00fcssel sicher auf. Er ist leicht und kompakt. Ein stabiler Ring sorgt f\u00fcr eine sichere Befestigung. Mit dem integrierten Karabinerhaken l\u00e4sst er sich schnell an Rucks\u00e4cken, G\u00fcrteln oder anderen Accessoires befestigen. Die Verwendung ist intuitiv und einfach. Das Produkt eignet sich sowohl f\u00fcr den intensiven als auch f\u00fcr den leichten t\u00e4glichen Gebrauch. Es hilft Ihnen, Ordnung in Ihrem Schl\u00fcsselbund zu halten.<\/p>\n<h4 data-start=\"1594\" data-end=\"1623\"><strong data-start=\"1599\" data-end=\"1621\">Design und Qualit\u00e4t<\/strong><\/h4>\n<p data-start=\"1624\" data-end=\"2028\">Das Design ist minimalistisch und beeindruckend. Die gelben R\u00e4nder sorgen f\u00fcr einen auff\u00e4lligen Kontrast. Das schwarze Material verleiht Eleganz und Stabilit\u00e4t. Der aufgestickte Schriftzug ist klar und gut sichtbar. Jedes Detail entspricht hohen Qualit\u00e4tsstandards. Das Accessoire ist verschlei\u00dffest. Seine robuste Konstruktion garantiert eine lange Lebensdauer. Dieser Anh\u00e4nger wurde f\u00fcr alle entwickelt, die Originalit\u00e4t und witzige Spr\u00fcche sch\u00e4tzen.<\/p>\n<h4 data-start=\"2030\" data-end=\"2061\"><strong data-start=\"2035\" data-end=\"2059\">Warum w\u00e4hlen?<\/strong><\/h4>\n<p data-start=\"2062\" data-end=\"2484\">Investieren Sie in diesen Schl\u00fcsselanh\u00e4nger, wenn Sie m\u00f6chten, dass Ihre Schl\u00fcssel einzigartig sind. Das Produkt setzt einen stilvollen und humorvollen Akzent. Es sch\u00fctzt Ihre Schl\u00fcssel und verleiht ihnen einen pers\u00f6nlichen Stil. Die einzigartige Beschriftung hilft Ihnen, sich von der Masse abzuheben. Wenn Sie nach einer praktischen und originellen L\u00f6sung suchen, wird dieses Accessoire Ihre Erwartungen erf\u00fcllen. Es ist langlebig, leicht und einfach zu verwenden. Der Schl\u00fcsselanh\u00e4nger IT IS TOO PEOPLEY OUTSIDE verleiht Ihrem Alltag einen neuen Charme.<\/p>","protected":false},"excerpt":{"rendered":"<p>Schl\u00fcsselanh\u00e4nger \u201eit is too peopley outside\u201c \u2013 ein originelles Accessoire mit gelben R\u00e4ndern und einem humorvollen Aufdruck f\u00fcr alle, die das Besondere sch\u00e4tzen.<\/p>","protected":false},"featured_media":2814,"comment_status":"closed","ping_status":"closed","template":"","meta":{"_uag_custom_page_level_css":"","site-sidebar-layout":"default","site-content-layout":"","ast-site-content-layout":"default","site-content-style":"default","site-sidebar-style":"default","ast-global-header-display":"","ast-banner-title-visibility":"","ast-main-header-display":"","ast-hfb-above-header-display":"","ast-hfb-below-header-display":"","ast-hfb-mobile-header-display":"","site-post-title":"","ast-breadcrumbs-content":"","ast-featured-img":"","footer-sml-layout":"","ast-disable-related-posts":"","theme-transparent-header-meta":"default","adv-header-id-meta":"","stick-header-meta":"","header-above-stick-meta":"","header-main-stick-meta":"","header-below-stick-meta":"","astra-migrate-meta-layouts":"set","ast-page-background-enabled":"default","ast-page-background-meta":{"desktop":{"background-color":"var(--ast-global-color-4)","background-image":"","background-repeat":"repeat","background-position":"center center","background-size":"auto","background-attachment":"scroll","background-type":"","background-media":"","overlay-type":"","overlay-color":"","overlay-opacity":"","overlay-gradient":""},"tablet":{"background-color":"","background-image":"","background-repeat":"repeat","background-position":"center center","background-size":"auto","background-attachment":"scroll","background-type":"","background-media":"","overlay-type":"","overlay-color":"","overlay-opacity":"","overlay-gradient":""},"mobile":{"background-color":"","background-image":"","background-repeat":"repeat","background-position":"center center","background-size":"auto","background-attachment":"scroll","background-type":"","background-media":"","overlay-type":"","overlay-color":"","overlay-opacity":"","overlay-gradient":""}},"ast-content-background-meta":{"desktop":{"background-color":"var(--ast-global-color-5)","background-image":"","background-repeat":"repeat","background-position":"center center","background-size":"auto","background-attachment":"scroll","background-type":"","background-media":"","overlay-type":"","overlay-color":"","overlay-opacity":"","overlay-gradient":""},"tablet":{"background-color":"var(--ast-global-color-5)","background-image":"","background-repeat":"repeat","background-position":"center center","background-size":"auto","background-attachment":"scroll","background-type":"","background-media":"","overlay-type":"","overlay-color":"","overlay-opacity":"","overlay-gradient":""},"mobile":{"background-color":"var(--ast-global-color-5)","background-image":"","background-repeat":"repeat","background-position":"center center","background-size":"auto","background-attachment":"scroll","background-type":"","background-media":"","overlay-type":"","overlay-color":"","overlay-opacity":"","overlay-gradient":""}}},"product_brand":[],"product_cat":[126,91],"product_tag":[],"class_list":{"0":"post-2813","1":"product","2":"type-product","3":"status-publish","4":"has-post-thumbnail","6":"product_cat-visi","7":"product_cat-motociklo-raktu-pakabukai","8":"desktop-align-center","9":"tablet-align-left","10":"mobile-align-left","12":"first","13":"instock","14":"shipping-taxable","15":"purchasable","16":"product-type-simple"},"yoast_head":"<!-- This site is optimized with the Yoast SEO plugin v27.1.1 - https:\/\/yoast.com\/product\/yoast-seo-wordpress\/ -->\n<title>It is too peopley outside - kabinam.lt<\/title>\n<meta name=\"description\" content=\"Pakabukas it is too peopley outside \u2013 unikalus juodos med\u017eiagos aksesuaras su geltonais kra\u0161tais ir humoristiniu u\u017era\u0161u. Tvirtas ir stilingas pasirinkimas!\" \/>\n<meta name=\"robots\" content=\"index, follow, max-snippet:-1, max-image-preview:large, max-video-preview:-1\" \/>\n<link rel=\"canonical\" href=\"https:\/\/kabinam.lt\/de\/produkt\/schlusselanhanger-es-ist-zu-voll-drausen\/\" \/>\n<meta property=\"og:locale\" content=\"de_DE\" \/>\n<meta property=\"og:type\" content=\"article\" \/>\n<meta property=\"og:title\" content=\"It is too peopley outside - kabinam.lt\" \/>\n<meta property=\"og:description\" content=\"Pakabukas it is too peopley outside \u2013 unikalus juodos med\u017eiagos aksesuaras su geltonais kra\u0161tais ir humoristiniu u\u017era\u0161u. Tvirtas ir stilingas pasirinkimas!\" \/>\n<meta property=\"og:url\" content=\"https:\/\/kabinam.lt\/de\/produkt\/schlusselanhanger-es-ist-zu-voll-drausen\/\" \/>\n<meta property=\"og:site_name\" content=\"kabinam.lt\" \/>\n<meta property=\"article:modified_time\" content=\"2026-01-03T16:50:41+00:00\" \/>\n<meta property=\"og:image\" content=\"https:\/\/kabinam.lt\/wp-content\/uploads\/2024\/08\/1685010048471-e67a207694fa408db536847ba1b86da3-goods.jpeg\" \/>\n\t<meta property=\"og:image:width\" content=\"1200\" \/>\n\t<meta property=\"og:image:height\" content=\"1200\" \/>\n\t<meta property=\"og:image:type\" content=\"image\/jpeg\" \/>\n<meta name=\"twitter:card\" content=\"summary_large_image\" \/>\n<meta name=\"twitter:label1\" content=\"Gesch\u00e4tzte Lesezeit\" \/>\n\t<meta name=\"twitter:data1\" content=\"2\u00a0Minuten\" \/>\n<script type=\"application\/ld+json\" class=\"yoast-schema-graph\">{\"@context\":\"https:\/\/schema.org\",\"@graph\":[{\"@type\":[\"WebPage\",\"ItemPage\"],\"@id\":\"https:\/\/kabinam.lt\/eng\/product\/key-fob-it-is-too-peopley-outside\/\",\"url\":\"https:\/\/kabinam.lt\/eng\/product\/key-fob-it-is-too-peopley-outside\/\",\"name\":\"It is too peopley outside - kabinam.lt\",\"isPartOf\":{\"@id\":\"https:\/\/kabinam.lt\/#website\"},\"primaryImageOfPage\":{\"@id\":\"https:\/\/kabinam.lt\/eng\/product\/key-fob-it-is-too-peopley-outside\/#primaryimage\"},\"image\":{\"@id\":\"https:\/\/kabinam.lt\/eng\/product\/key-fob-it-is-too-peopley-outside\/#primaryimage\"},\"thumbnailUrl\":\"https:\/\/kabinam.lt\/wp-content\/uploads\/2024\/08\/1685010048471-e67a207694fa408db536847ba1b86da3-goods.jpeg\",\"datePublished\":\"2024-08-18T07:04:21+00:00\",\"dateModified\":\"2026-01-03T16:50:41+00:00\",\"description\":\"Pakabukas it is too peopley outside \u2013 unikalus juodos med\u017eiagos aksesuaras su geltonais kra\u0161tais ir humoristiniu u\u017era\u0161u. Tvirtas ir stilingas pasirinkimas!\",\"breadcrumb\":{\"@id\":\"https:\/\/kabinam.lt\/eng\/product\/key-fob-it-is-too-peopley-outside\/#breadcrumb\"},\"inLanguage\":\"de\",\"potentialAction\":[{\"@type\":\"ReadAction\",\"target\":[\"https:\/\/kabinam.lt\/eng\/product\/key-fob-it-is-too-peopley-outside\/\"]}]},{\"@type\":\"ImageObject\",\"inLanguage\":\"de\",\"@id\":\"https:\/\/kabinam.lt\/eng\/product\/key-fob-it-is-too-peopley-outside\/#primaryimage\",\"url\":\"https:\/\/kabinam.lt\/wp-content\/uploads\/2024\/08\/1685010048471-e67a207694fa408db536847ba1b86da3-goods.jpeg\",\"contentUrl\":\"https:\/\/kabinam.lt\/wp-content\/uploads\/2024\/08\/1685010048471-e67a207694fa408db536847ba1b86da3-goods.jpeg\",\"width\":1200,\"height\":1200,\"caption\":\"Rakt\u0173 pakabukas IT IS TOO PEOPLEY OUTSIDE \u2013 Unikalus aksesuaras\"},{\"@type\":\"BreadcrumbList\",\"@id\":\"https:\/\/kabinam.lt\/eng\/product\/key-fob-it-is-too-peopley-outside\/#breadcrumb\",\"itemListElement\":[{\"@type\":\"ListItem\",\"position\":1,\"name\":\"Home\",\"item\":\"https:\/\/kabinam.lt\/\"},{\"@type\":\"ListItem\",\"position\":2,\"name\":\"Visi Produktai\",\"item\":\"https:\/\/kabinam.lt\/visi-produktai\/\"},{\"@type\":\"ListItem\",\"position\":3,\"name\":\"It is too peopley outside\"}]},{\"@type\":\"WebSite\",\"@id\":\"https:\/\/kabinam.lt\/#website\",\"url\":\"https:\/\/kabinam.lt\/\",\"name\":\"kabinam.lt\",\"description\":\"Kabinam.lt \u2013 raktu pakabukai ir aksesuarai\",\"publisher\":{\"@id\":\"https:\/\/kabinam.lt\/#organization\"},\"alternateName\":\"pakabukai lt\",\"potentialAction\":[{\"@type\":\"SearchAction\",\"target\":{\"@type\":\"EntryPoint\",\"urlTemplate\":\"https:\/\/kabinam.lt\/?s={search_term_string}\"},\"query-input\":{\"@type\":\"PropertyValueSpecification\",\"valueRequired\":true,\"valueName\":\"search_term_string\"}}],\"inLanguage\":\"de\"},{\"@type\":\"Organization\",\"@id\":\"https:\/\/kabinam.lt\/#organization\",\"name\":\"kabinam.lt\",\"alternateName\":\"kabinam\",\"url\":\"https:\/\/kabinam.lt\/\",\"logo\":{\"@type\":\"ImageObject\",\"inLanguage\":\"de\",\"@id\":\"https:\/\/kabinam.lt\/#\/schema\/logo\/image\/\",\"url\":\"https:\/\/kabinam.lt\/wp-content\/uploads\/2025\/05\/KABINAM_outer_glow.png\",\"contentUrl\":\"https:\/\/kabinam.lt\/wp-content\/uploads\/2025\/05\/KABINAM_outer_glow.png\",\"width\":474,\"height\":141,\"caption\":\"kabinam.lt\"},\"image\":{\"@id\":\"https:\/\/kabinam.lt\/#\/schema\/logo\/image\/\"}}]}<\/script>\n<!-- \/ Yoast SEO plugin. -->","yoast_head_json":{"title":"Es ist zu voll drau\u00dfen \u2013 kabinam.lt","description":"Pakabukas it is too peopley outside \u2013 ein einzigartiges Accessoire aus schwarzem Material mit gelben R\u00e4ndern und humorvollem Aufdruck. Eine robuste und stilvolle Wahl!","robots":{"index":"index","follow":"follow","max-snippet":"max-snippet:-1","max-image-preview":"max-image-preview:large","max-video-preview":"max-video-preview:-1"},"canonical":"https:\/\/kabinam.lt\/de\/produkt\/schlusselanhanger-es-ist-zu-voll-drausen\/","og_locale":"de_DE","og_type":"article","og_title":"It is too peopley outside - kabinam.lt","og_description":"Pakabukas it is too peopley outside \u2013 unikalus juodos med\u017eiagos aksesuaras su geltonais kra\u0161tais ir humoristiniu u\u017era\u0161u. Tvirtas ir stilingas pasirinkimas!","og_url":"https:\/\/kabinam.lt\/de\/produkt\/schlusselanhanger-es-ist-zu-voll-drausen\/","og_site_name":"kabinam.lt","article_modified_time":"2026-01-03T16:50:41+00:00","og_image":[{"width":1200,"height":1200,"url":"https:\/\/kabinam.lt\/wp-content\/uploads\/2024\/08\/1685010048471-e67a207694fa408db536847ba1b86da3-goods.jpeg","type":"image\/jpeg"}],"twitter_card":"summary_large_image","twitter_misc":{"Gesch\u00e4tzte Lesezeit":"2\u00a0Minuten"},"schema":{"@context":"https:\/\/schema.org","@graph":[{"@type":["WebPage","ItemPage"],"@id":"https:\/\/kabinam.lt\/eng\/product\/key-fob-it-is-too-peopley-outside\/","url":"https:\/\/kabinam.lt\/eng\/product\/key-fob-it-is-too-peopley-outside\/","name":"Es ist zu voll drau\u00dfen \u2013 kabinam.lt","isPartOf":{"@id":"https:\/\/kabinam.lt\/#website"},"primaryImageOfPage":{"@id":"https:\/\/kabinam.lt\/eng\/product\/key-fob-it-is-too-peopley-outside\/#primaryimage"},"image":{"@id":"https:\/\/kabinam.lt\/eng\/product\/key-fob-it-is-too-peopley-outside\/#primaryimage"},"thumbnailUrl":"https:\/\/kabinam.lt\/wp-content\/uploads\/2024\/08\/1685010048471-e67a207694fa408db536847ba1b86da3-goods.jpeg","datePublished":"2024-08-18T07:04:21+00:00","dateModified":"2026-01-03T16:50:41+00:00","description":"Pakabukas it is too peopley outside \u2013 ein einzigartiges Accessoire aus schwarzem Material mit gelben R\u00e4ndern und humorvollem Aufdruck. Eine robuste und stilvolle Wahl!","breadcrumb":{"@id":"https:\/\/kabinam.lt\/eng\/product\/key-fob-it-is-too-peopley-outside\/#breadcrumb"},"inLanguage":"de","potentialAction":[{"@type":"ReadAction","target":["https:\/\/kabinam.lt\/eng\/product\/key-fob-it-is-too-peopley-outside\/"]}]},{"@type":"ImageObject","inLanguage":"de","@id":"https:\/\/kabinam.lt\/eng\/product\/key-fob-it-is-too-peopley-outside\/#primaryimage","url":"https:\/\/kabinam.lt\/wp-content\/uploads\/2024\/08\/1685010048471-e67a207694fa408db536847ba1b86da3-goods.jpeg","contentUrl":"https:\/\/kabinam.lt\/wp-content\/uploads\/2024\/08\/1685010048471-e67a207694fa408db536847ba1b86da3-goods.jpeg","width":1200,"height":1200,"caption":"Rakt\u0173 pakabukas IT IS TOO PEOPLEY OUTSIDE \u2013 Unikalus aksesuaras"},{"@type":"BreadcrumbList","@id":"https:\/\/kabinam.lt\/eng\/product\/key-fob-it-is-too-peopley-outside\/#breadcrumb","itemListElement":[{"@type":"ListItem","position":1,"name":"Home","item":"https:\/\/kabinam.lt\/"},{"@type":"ListItem","position":2,"name":"Visi Produktai","item":"https:\/\/kabinam.lt\/visi-produktai\/"},{"@type":"ListItem","position":3,"name":"It is too peopley outside"}]},{"@type":"WebSite","@id":"https:\/\/kabinam.lt\/#website","url":"https:\/\/kabinam.lt\/","name":"kabinam.lt","description":"Kabinam.lt - Schl\u00fcsselanh\u00e4nger und Zubeh\u00f6r","publisher":{"@id":"https:\/\/kabinam.lt\/#organization"},"alternateName":"pakabukai lt","potentialAction":[{"@type":"SearchAction","target":{"@type":"EntryPoint","urlTemplate":"https:\/\/kabinam.lt\/?s={search_term_string}"},"query-input":{"@type":"PropertyValueSpecification","valueRequired":true,"valueName":"search_term_string"}}],"inLanguage":"de"},{"@type":"Organization","@id":"https:\/\/kabinam.lt\/#organization","name":"kabinam.lt","alternateName":"kabinam","url":"https:\/\/kabinam.lt\/","logo":{"@type":"ImageObject","inLanguage":"de","@id":"https:\/\/kabinam.lt\/#\/schema\/logo\/image\/","url":"https:\/\/kabinam.lt\/wp-content\/uploads\/2025\/05\/KABINAM_outer_glow.png","contentUrl":"https:\/\/kabinam.lt\/wp-content\/uploads\/2025\/05\/KABINAM_outer_glow.png","width":474,"height":141,"caption":"kabinam.lt"},"image":{"@id":"https:\/\/kabinam.lt\/#\/schema\/logo\/image\/"}}]}},"uagb_featured_image_src":{"full":["https:\/\/kabinam.lt\/wp-content\/uploads\/2024\/08\/1685010048471-e67a207694fa408db536847ba1b86da3-goods.jpeg",1200,1200,false],"thumbnail":["https:\/\/kabinam.lt\/wp-content\/uploads\/2024\/08\/1685010048471-e67a207694fa408db536847ba1b86da3-goods-150x150.jpeg",150,150,true],"medium":["https:\/\/kabinam.lt\/wp-content\/uploads\/2024\/08\/1685010048471-e67a207694fa408db536847ba1b86da3-goods-300x300.jpeg",300,300,true],"medium_large":["https:\/\/kabinam.lt\/wp-content\/uploads\/2024\/08\/1685010048471-e67a207694fa408db536847ba1b86da3-goods-768x768.jpeg",768,768,true],"large":["https:\/\/kabinam.lt\/wp-content\/uploads\/2024\/08\/1685010048471-e67a207694fa408db536847ba1b86da3-goods-1024x1024.jpeg",1024,1024,true],"1536x1536":["https:\/\/kabinam.lt\/wp-content\/uploads\/2024\/08\/1685010048471-e67a207694fa408db536847ba1b86da3-goods.jpeg",1200,1200,false],"2048x2048":["https:\/\/kabinam.lt\/wp-content\/uploads\/2024\/08\/1685010048471-e67a207694fa408db536847ba1b86da3-goods.jpeg",1200,1200,false],"trp-custom-language-flag":["https:\/\/kabinam.lt\/wp-content\/uploads\/2024\/08\/1685010048471-e67a207694fa408db536847ba1b86da3-goods.jpeg",12,12,false],"woocommerce_thumbnail":["https:\/\/kabinam.lt\/wp-content\/uploads\/2024\/08\/1685010048471-e67a207694fa408db536847ba1b86da3-goods-300x300.jpeg",300,300,true],"woocommerce_single":["https:\/\/kabinam.lt\/wp-content\/uploads\/2024\/08\/1685010048471-e67a207694fa408db536847ba1b86da3-goods-600x600.jpeg",600,600,true],"woocommerce_gallery_thumbnail":["https:\/\/kabinam.lt\/wp-content\/uploads\/2024\/08\/1685010048471-e67a207694fa408db536847ba1b86da3-goods-100x100.jpeg",100,100,true]},"uagb_author_info":{"display_name":"kabinam.lt","author_link":"https:\/\/kabinam.lt\/de\/author\/"},"uagb_comment_info":0,"uagb_excerpt":"Rakt\u0173 pakabukas it is too peopley outside \u2013 originalus aksesuaras su geltonais kra\u0161tais ir i\u0161siuv\u0117tu humoristiniu u\u017era\u0161u, skirtas tiems, kurie vertina i\u0161skirtinum\u0105.","_links":{"self":[{"href":"https:\/\/kabinam.lt\/de\/wp-json\/wp\/v2\/product\/2813","targetHints":{"allow":["GET"]}}],"collection":[{"href":"https:\/\/kabinam.lt\/de\/wp-json\/wp\/v2\/product"}],"about":[{"href":"https:\/\/kabinam.lt\/de\/wp-json\/wp\/v2\/types\/product"}],"replies":[{"embeddable":true,"href":"https:\/\/kabinam.lt\/de\/wp-json\/wp\/v2\/comments?post=2813"}],"wp:featuredmedia":[{"embeddable":true,"href":"https:\/\/kabinam.lt\/de\/wp-json\/wp\/v2\/media\/2814"}],"wp:attachment":[{"href":"https:\/\/kabinam.lt\/de\/wp-json\/wp\/v2\/media?parent=2813"}],"wp:term":[{"taxonomy":"product_brand","embeddable":true,"href":"https:\/\/kabinam.lt\/de\/wp-json\/wp\/v2\/product_brand?post=2813"},{"taxonomy":"product_cat","embeddable":true,"href":"https:\/\/kabinam.lt\/de\/wp-json\/wp\/v2\/product_cat?post=2813"},{"taxonomy":"product_tag","embeddable":true,"href":"https:\/\/kabinam.lt\/de\/wp-json\/wp\/v2\/product_tag?post=2813"}],"curies":[{"name":"wp","href":"https:\/\/api.w.org\/{rel}","templated":true}]}}