{"id":2809,"date":"2024-08-18T10:00:37","date_gmt":"2024-08-18T07:00:37","guid":{"rendered":"https:\/\/kabinam.lt\/?post_type=product&#038;p=2809"},"modified":"2026-01-03T18:50:41","modified_gmt":"2026-01-03T16:50:41","slug":"raktu-pakabukas-breaking-news-i-dont-care","status":"publish","type":"product","link":"https:\/\/kabinam.lt\/de\/product\/raktu-pakabukas-breaking-news-i-dont-care\/","title":{"rendered":"Eilmeldungen sind mir egal"},"content":{"rendered":"<div class=\"kk-star-ratings kksr-auto kksr-align-left kksr-valign-top\"\n    data-payload='{&quot;align&quot;:&quot;left&quot;,&quot;id&quot;:&quot;2809&quot;,&quot;slug&quot;:&quot;default&quot;,&quot;valign&quot;:&quot;top&quot;,&quot;ignore&quot;:&quot;&quot;,&quot;reference&quot;:&quot;auto&quot;,&quot;class&quot;:&quot;&quot;,&quot;count&quot;:&quot;0&quot;,&quot;legendonly&quot;:&quot;&quot;,&quot;readonly&quot;:&quot;&quot;,&quot;score&quot;:&quot;0&quot;,&quot;starsonly&quot;:&quot;&quot;,&quot;best&quot;:&quot;5&quot;,&quot;gap&quot;:&quot;5&quot;,&quot;greet&quot;:&quot;Mums svarbus j\u016bs\u0173 \u012fvertinimas&quot;,&quot;legend&quot;:&quot;0\\\/5 - (0 votes)&quot;,&quot;size&quot;:&quot;24&quot;,&quot;title&quot;:&quot;Breaking news I don\\u0026#039;t care&quot;,&quot;width&quot;:&quot;0&quot;,&quot;_legend&quot;:&quot;{score}\\\/{best} - ({count} {votes})&quot;,&quot;font_factor&quot;:&quot;1.25&quot;}'>\n            \n<div class=\"kksr-stars\">\n    \n<div class=\"kksr-stars-inactive\">\n            <div class=\"kksr-star\" data-star=\"1\" style=\"padding-right: 5px\">\n            \n\n<div class=\"kksr-icon\" style=\"width: 24px; height: 24px;\"><\/div>\n        <\/div>\n            <div class=\"kksr-star\" data-star=\"2\" style=\"padding-right: 5px\">\n            \n\n<div class=\"kksr-icon\" style=\"width: 24px; height: 24px;\"><\/div>\n        <\/div>\n            <div class=\"kksr-star\" data-star=\"3\" style=\"padding-right: 5px\">\n            \n\n<div class=\"kksr-icon\" style=\"width: 24px; height: 24px;\"><\/div>\n        <\/div>\n            <div class=\"kksr-star\" data-star=\"4\" style=\"padding-right: 5px\">\n            \n\n<div class=\"kksr-icon\" style=\"width: 24px; height: 24px;\"><\/div>\n        <\/div>\n            <div class=\"kksr-star\" data-star=\"5\" style=\"padding-right: 5px\">\n            \n\n<div class=\"kksr-icon\" style=\"width: 24px; height: 24px;\"><\/div>\n        <\/div>\n    <\/div>\n    \n<div class=\"kksr-stars-active\" style=\"width: 0px;\">\n            <div class=\"kksr-star\" style=\"padding-right: 5px\">\n            \n\n<div class=\"kksr-icon\" style=\"width: 24px; height: 24px;\"><\/div>\n        <\/div>\n            <div class=\"kksr-star\" style=\"padding-right: 5px\">\n            \n\n<div class=\"kksr-icon\" style=\"width: 24px; height: 24px;\"><\/div>\n        <\/div>\n            <div class=\"kksr-star\" style=\"padding-right: 5px\">\n            \n\n<div class=\"kksr-icon\" style=\"width: 24px; height: 24px;\"><\/div>\n        <\/div>\n            <div class=\"kksr-star\" style=\"padding-right: 5px\">\n            \n\n<div class=\"kksr-icon\" style=\"width: 24px; height: 24px;\"><\/div>\n        <\/div>\n            <div class=\"kksr-star\" style=\"padding-right: 5px\">\n            \n\n<div class=\"kksr-icon\" style=\"width: 24px; height: 24px;\"><\/div>\n        <\/div>\n    <\/div>\n<\/div>\n                \n\n<div class=\"kksr-legend\" style=\"font-size: 19.2px;\">\n            <span class=\"kksr-muted\">Ihre Bewertung ist f\u00fcr uns wichtig<\/span>\n    <\/div>\n    <\/div>\n<h4 data-start=\"74\" data-end=\"98\"><strong data-start=\"79\" data-end=\"96\">\u00dcber das Produkt<\/strong><\/h4>\n<p data-start=\"99\" data-end=\"820\">Rakt\u0173 pakabukas Breaking News I Don\u2019t Care yra originalus med\u017eiaginis aksesuaras, sukurtas tiems, kurie nori i\u0161siskirti ir parodyti savo asmenin\u012f stili\u0173. Pagamintas i\u0161 auk\u0161tos kokyb\u0117s med\u017eiagos, \u0161is pakabukas pasi\u017eymi juoda pagrindine spalva, kuri\u0105 puo\u0161ia raudoni ir geltoni akcentai. Ant pakabuko i\u0161siuv\u0117tas u\u017era\u0161as \u201eBREAKING NEWS I DON\u2019T CARE!\u201c atliktas moderniu, ai\u0161kiu \u0161riftu, perteikdamas stipri\u0105 ir humoristin\u0119 \u017einut\u0119. Produktas skirtas motocykl\u0173 raktams, ta\u010diau gali b\u016bti puikiai naudojamas ir automobili\u0173 bei nam\u0173 raktams. Jo dizainas pabr\u0117\u017eia dr\u0105s\u0105 ir asmenin\u012f po\u017ei\u016br\u012f, kuris patiks tiems, kurie vertina originalum\u0105. \u0160is pakabukas suteikia ne tik funkcionalum\u0105, bet ir stiling\u0105 akcent\u0105 j\u016bs\u0173 kasdieniam gyvenimui.<\/p>\n<h4 data-start=\"822\" data-end=\"861\"><strong data-start=\"827\" data-end=\"859\">Funktionsweise und Verwendung<\/strong><\/h4>\n<p data-start=\"862\" data-end=\"1449\">Pakabukas Breaking News I Don\u2019t Care yra sukurtas saugiai laikyti j\u016bs\u0173 raktus. Tvirtas metalinis \u017eiedelis kartu su integruotu karabinu u\u017etikrina, kad raktai bus patikimai pritvirtinti prie rakt\u0173 rinkinio, kuprin\u0117s ar dir\u017eo. Universalus dydis leid\u017eia j\u012f patogiai naudoti tiek ma\u017eiems, tiek didesniems rakt\u0173 rinkiniams. Naudojimo procesas yra intuityvus ir greitas \u2013 pakabukas lengvai pritvirtinamas ir nuimamas pagal poreik\u012f. \u0160is produktas yra idealus pasirinkimas tiems, kurie nori, kad j\u0173 raktai b\u016bt\u0173 ne tik saug\u016bs, bet ir papildyti i\u0161skirtiniu dizainu, suteikian\u010diu humoristin\u0119 \u017einut\u0119.<\/p>\n<h4 data-start=\"1451\" data-end=\"1480\"><strong data-start=\"1456\" data-end=\"1478\">Design und Qualit\u00e4t<\/strong><\/h4>\n<p data-start=\"1481\" data-end=\"2085\">Dizainas yra kruop\u0161\u010diai apgalvotas, kad atitikt\u0173 \u0161iuolaikini\u0173 aksesuar\u0173 reikalavimus. Juoda med\u017eiaga suteikia pakabukui elegancijos, o raudoni ir geltoni akcentai sukuria ry\u0161k\u0173 kontrast\u0105. I\u0161siuv\u0117tas u\u017era\u0161as \u201eBREAKING NEWS I DON\u2019T CARE!\u201c yra atliktas rankra\u0161\u010dio stiliumi, kas suteikia produktui autenti\u0161kumo ir asmeni\u0161kumo. Tvirtas tvirtinimo mechanizmas \u2013 metalinis \u017eiedelis ir karabinas \u2013 garantuoja, kad pakabukas i\u0161liks patvarus net po intensyvaus kasdienio naudojimo. Produktas yra atsparus nusid\u0117v\u0117jimui ir i\u0161laiko savo i\u0161vaizd\u0105 ilg\u0105 laik\u0105, o jo unikalus dizainas prideda stiliaus ir humoro akcent\u0173.<\/p>\n<h4 data-start=\"2087\" data-end=\"2118\"><strong data-start=\"2092\" data-end=\"2116\">Warum w\u00e4hlen?<\/strong><\/h4>\n<p data-start=\"2119\" data-end=\"2812\">Investavimas \u012f pakabuk\u0105 Breaking News I Don\u2019t Care yra i\u0161mintingas sprendimas tiems, kurie nori parodyti savo individualum\u0105 ir humoro jausm\u0105. \u0160is aksesuaras ne tik saugo j\u016bs\u0173 raktus, bet ir paver\u010dia juos stilingu akcentu. Jo originalus dizainas suteikia j\u016bs\u0173 raktams dr\u0105s\u0173 ir i\u0161skirtin\u0105 \u012fsp\u016bd\u012f, o tvirta konstrukcija u\u017etikrina ilgaam\u017ei\u0161kum\u0105. Jei ie\u0161kote patikimo, modernio ir linksmos \u017einut\u0117s perteikian\u010dio sprendimo, \u0161is pakabukas puikiai atitiks j\u016bs\u0173 l\u016bkes\u010dius. I\u0161samiau apie m\u016bs\u0173 unikalius aksesuarus galite su\u017einoti m\u016bs\u0173 <a href=\"https:\/\/www.example.com\/products\" target=\"_new\" rel=\"noopener\" data-start=\"2644\" data-end=\"2697\">im Produktkatalog<\/a>. Besuchen Sie auch <a href=\"https:\/\/www.example.com\/news\" target=\"_new\" rel=\"noopener\" data-start=\"2722\" data-end=\"2770\">auf dem Nachrichtenportal<\/a> um mehr \u00fcber Zubeh\u00f6r-Neuheiten zu erfahren.<\/p>","protected":false},"excerpt":{"rendered":"<p>Med\u017eiaginis pakabukas su u\u017era\u0161u \u201eBREAKING NEWS I DON\u2019T CARE!\u201d \u2013 juodos med\u017eiagos aksesuaras su raudonais ir geltonais akcentais, puikus pasirinkimas motociklo raktams.<\/p>","protected":false},"featured_media":2810,"comment_status":"closed","ping_status":"closed","template":"","meta":{"_uag_custom_page_level_css":"","site-sidebar-layout":"default","site-content-layout":"","ast-site-content-layout":"default","site-content-style":"default","site-sidebar-style":"default","ast-global-header-display":"","ast-banner-title-visibility":"","ast-main-header-display":"","ast-hfb-above-header-display":"","ast-hfb-below-header-display":"","ast-hfb-mobile-header-display":"","site-post-title":"","ast-breadcrumbs-content":"","ast-featured-img":"","footer-sml-layout":"","ast-disable-related-posts":"","theme-transparent-header-meta":"default","adv-header-id-meta":"","stick-header-meta":"","header-above-stick-meta":"","header-main-stick-meta":"","header-below-stick-meta":"","astra-migrate-meta-layouts":"set","ast-page-background-enabled":"default","ast-page-background-meta":{"desktop":{"background-color":"var(--ast-global-color-4)","background-image":"","background-repeat":"repeat","background-position":"center center","background-size":"auto","background-attachment":"scroll","background-type":"","background-media":"","overlay-type":"","overlay-color":"","overlay-opacity":"","overlay-gradient":""},"tablet":{"background-color":"","background-image":"","background-repeat":"repeat","background-position":"center center","background-size":"auto","background-attachment":"scroll","background-type":"","background-media":"","overlay-type":"","overlay-color":"","overlay-opacity":"","overlay-gradient":""},"mobile":{"background-color":"","background-image":"","background-repeat":"repeat","background-position":"center center","background-size":"auto","background-attachment":"scroll","background-type":"","background-media":"","overlay-type":"","overlay-color":"","overlay-opacity":"","overlay-gradient":""}},"ast-content-background-meta":{"desktop":{"background-color":"var(--ast-global-color-5)","background-image":"","background-repeat":"repeat","background-position":"center center","background-size":"auto","background-attachment":"scroll","background-type":"","background-media":"","overlay-type":"","overlay-color":"","overlay-opacity":"","overlay-gradient":""},"tablet":{"background-color":"var(--ast-global-color-5)","background-image":"","background-repeat":"repeat","background-position":"center center","background-size":"auto","background-attachment":"scroll","background-type":"","background-media":"","overlay-type":"","overlay-color":"","overlay-opacity":"","overlay-gradient":""},"mobile":{"background-color":"var(--ast-global-color-5)","background-image":"","background-repeat":"repeat","background-position":"center center","background-size":"auto","background-attachment":"scroll","background-type":"","background-media":"","overlay-type":"","overlay-color":"","overlay-opacity":"","overlay-gradient":""}}},"product_brand":[],"product_cat":[126,91,92],"product_tag":[],"class_list":{"0":"post-2809","1":"product","2":"type-product","3":"status-publish","4":"has-post-thumbnail","6":"product_cat-visi","7":"product_cat-motociklo-raktu-pakabukai","8":"product_cat-populiariausiu-produktu-kategorija","9":"desktop-align-center","10":"tablet-align-left","11":"mobile-align-left","13":"first","14":"outofstock","15":"shipping-taxable","16":"purchasable","17":"product-type-simple"},"yoast_head":"<!-- This site is optimized with the Yoast SEO plugin v27.1.1 - https:\/\/yoast.com\/product\/yoast-seo-wordpress\/ -->\n<title>Breaking news I don&#039;t care - kabinam.lt<\/title>\n<meta name=\"description\" content=\"Pakabukas Breaking News I Don&#039;t Care \u2013 juodos med\u017eiagos aksesuaras su raudonais ir geltonais akcentais bei i\u0161siuv\u0117tu u\u017era\u0161u. Unikalus pasirinkimas raktams!\" \/>\n<meta name=\"robots\" content=\"index, follow, max-snippet:-1, max-image-preview:large, max-video-preview:-1\" \/>\n<link rel=\"canonical\" href=\"https:\/\/kabinam.lt\/de\/produkt\/raktu-pakabukas-breaking-news-i-dont-care\/\" \/>\n<meta property=\"og:locale\" content=\"de_DE\" \/>\n<meta property=\"og:type\" content=\"article\" \/>\n<meta property=\"og:title\" content=\"Breaking news I don&#039;t care - kabinam.lt\" \/>\n<meta property=\"og:description\" content=\"Pakabukas Breaking News I Don&#039;t Care \u2013 juodos med\u017eiagos aksesuaras su raudonais ir geltonais akcentais bei i\u0161siuv\u0117tu u\u017era\u0161u. Unikalus pasirinkimas raktams!\" \/>\n<meta property=\"og:url\" content=\"https:\/\/kabinam.lt\/de\/produkt\/raktu-pakabukas-breaking-news-i-dont-care\/\" \/>\n<meta property=\"og:site_name\" content=\"kabinam.lt\" \/>\n<meta property=\"article:modified_time\" content=\"2026-01-03T16:50:41+00:00\" \/>\n<meta property=\"og:image\" content=\"https:\/\/kabinam.lt\/wp-content\/uploads\/2024\/08\/ee3b9a0a-d2ec-4a7e-989c-fcafc946b9ef.jpg\" \/>\n\t<meta property=\"og:image:width\" content=\"1200\" \/>\n\t<meta property=\"og:image:height\" content=\"1200\" \/>\n\t<meta property=\"og:image:type\" content=\"image\/jpeg\" \/>\n<meta name=\"twitter:card\" content=\"summary_large_image\" \/>\n<meta name=\"twitter:label1\" content=\"Gesch\u00e4tzte Lesezeit\" \/>\n\t<meta name=\"twitter:data1\" content=\"3\u00a0Minuten\" \/>\n<script type=\"application\/ld+json\" class=\"yoast-schema-graph\">{\"@context\":\"https:\/\/schema.org\",\"@graph\":[{\"@type\":[\"WebPage\",\"ItemPage\"],\"@id\":\"https:\/\/kabinam.lt\/eng\/product\/keyring-breaking-news-i-dont-care\/\",\"url\":\"https:\/\/kabinam.lt\/eng\/product\/keyring-breaking-news-i-dont-care\/\",\"name\":\"Breaking news I don't care - kabinam.lt\",\"isPartOf\":{\"@id\":\"https:\/\/kabinam.lt\/#website\"},\"primaryImageOfPage\":{\"@id\":\"https:\/\/kabinam.lt\/eng\/product\/keyring-breaking-news-i-dont-care\/#primaryimage\"},\"image\":{\"@id\":\"https:\/\/kabinam.lt\/eng\/product\/keyring-breaking-news-i-dont-care\/#primaryimage\"},\"thumbnailUrl\":\"https:\/\/kabinam.lt\/wp-content\/uploads\/2024\/08\/ee3b9a0a-d2ec-4a7e-989c-fcafc946b9ef.jpg\",\"datePublished\":\"2024-08-18T07:00:37+00:00\",\"dateModified\":\"2026-01-03T16:50:41+00:00\",\"description\":\"Pakabukas Breaking News I Don't Care \u2013 juodos med\u017eiagos aksesuaras su raudonais ir geltonais akcentais bei i\u0161siuv\u0117tu u\u017era\u0161u. Unikalus pasirinkimas raktams!\",\"breadcrumb\":{\"@id\":\"https:\/\/kabinam.lt\/eng\/product\/keyring-breaking-news-i-dont-care\/#breadcrumb\"},\"inLanguage\":\"de\",\"potentialAction\":[{\"@type\":\"ReadAction\",\"target\":[\"https:\/\/kabinam.lt\/eng\/product\/keyring-breaking-news-i-dont-care\/\"]}]},{\"@type\":\"ImageObject\",\"inLanguage\":\"de\",\"@id\":\"https:\/\/kabinam.lt\/eng\/product\/keyring-breaking-news-i-dont-care\/#primaryimage\",\"url\":\"https:\/\/kabinam.lt\/wp-content\/uploads\/2024\/08\/ee3b9a0a-d2ec-4a7e-989c-fcafc946b9ef.jpg\",\"contentUrl\":\"https:\/\/kabinam.lt\/wp-content\/uploads\/2024\/08\/ee3b9a0a-d2ec-4a7e-989c-fcafc946b9ef.jpg\",\"width\":1200,\"height\":1200,\"caption\":\"Rakt\u0173 pakabukas \\\"BREAKING NEWS I DON'T CARE!\\\" \u2013 Unikalus aksesuaras\"},{\"@type\":\"BreadcrumbList\",\"@id\":\"https:\/\/kabinam.lt\/eng\/product\/keyring-breaking-news-i-dont-care\/#breadcrumb\",\"itemListElement\":[{\"@type\":\"ListItem\",\"position\":1,\"name\":\"Home\",\"item\":\"https:\/\/kabinam.lt\/\"},{\"@type\":\"ListItem\",\"position\":2,\"name\":\"Visi Produktai\",\"item\":\"https:\/\/kabinam.lt\/visi-produktai\/\"},{\"@type\":\"ListItem\",\"position\":3,\"name\":\"Breaking news I don&#8217;t care\"}]},{\"@type\":\"WebSite\",\"@id\":\"https:\/\/kabinam.lt\/#website\",\"url\":\"https:\/\/kabinam.lt\/\",\"name\":\"kabinam.lt\",\"description\":\"Kabinam.lt \u2013 raktu pakabukai ir aksesuarai\",\"publisher\":{\"@id\":\"https:\/\/kabinam.lt\/#organization\"},\"alternateName\":\"pakabukai lt\",\"potentialAction\":[{\"@type\":\"SearchAction\",\"target\":{\"@type\":\"EntryPoint\",\"urlTemplate\":\"https:\/\/kabinam.lt\/?s={search_term_string}\"},\"query-input\":{\"@type\":\"PropertyValueSpecification\",\"valueRequired\":true,\"valueName\":\"search_term_string\"}}],\"inLanguage\":\"de\"},{\"@type\":\"Organization\",\"@id\":\"https:\/\/kabinam.lt\/#organization\",\"name\":\"kabinam.lt\",\"alternateName\":\"kabinam\",\"url\":\"https:\/\/kabinam.lt\/\",\"logo\":{\"@type\":\"ImageObject\",\"inLanguage\":\"de\",\"@id\":\"https:\/\/kabinam.lt\/#\/schema\/logo\/image\/\",\"url\":\"https:\/\/kabinam.lt\/wp-content\/uploads\/2025\/05\/KABINAM_outer_glow.png\",\"contentUrl\":\"https:\/\/kabinam.lt\/wp-content\/uploads\/2025\/05\/KABINAM_outer_glow.png\",\"width\":474,\"height\":141,\"caption\":\"kabinam.lt\"},\"image\":{\"@id\":\"https:\/\/kabinam.lt\/#\/schema\/logo\/image\/\"}}]}<\/script>\n<!-- \/ Yoast SEO plugin. -->","yoast_head_json":{"title":"Breaking news I don't care - kabinam.lt","description":"Anh\u00e4nger Breaking News I Don't Care \u2013 schwarzes Materialaccessoire mit roten und gelben Akzenten und besticktem Aufdruck. Einzigartige Wahl f\u00fcr Schl\u00fcssel!","robots":{"index":"index","follow":"follow","max-snippet":"max-snippet:-1","max-image-preview":"max-image-preview:large","max-video-preview":"max-video-preview:-1"},"canonical":"https:\/\/kabinam.lt\/de\/produkt\/raktu-pakabukas-breaking-news-i-dont-care\/","og_locale":"de_DE","og_type":"article","og_title":"Breaking news I don't care - kabinam.lt","og_description":"Pakabukas Breaking News I Don't Care \u2013 juodos med\u017eiagos aksesuaras su raudonais ir geltonais akcentais bei i\u0161siuv\u0117tu u\u017era\u0161u. Unikalus pasirinkimas raktams!","og_url":"https:\/\/kabinam.lt\/de\/produkt\/raktu-pakabukas-breaking-news-i-dont-care\/","og_site_name":"kabinam.lt","article_modified_time":"2026-01-03T16:50:41+00:00","og_image":[{"width":1200,"height":1200,"url":"https:\/\/kabinam.lt\/wp-content\/uploads\/2024\/08\/ee3b9a0a-d2ec-4a7e-989c-fcafc946b9ef.jpg","type":"image\/jpeg"}],"twitter_card":"summary_large_image","twitter_misc":{"Gesch\u00e4tzte Lesezeit":"3\u00a0Minuten"},"schema":{"@context":"https:\/\/schema.org","@graph":[{"@type":["WebPage","ItemPage"],"@id":"https:\/\/kabinam.lt\/eng\/product\/keyring-breaking-news-i-dont-care\/","url":"https:\/\/kabinam.lt\/eng\/product\/keyring-breaking-news-i-dont-care\/","name":"Breaking news I don't care - kabinam.lt","isPartOf":{"@id":"https:\/\/kabinam.lt\/#website"},"primaryImageOfPage":{"@id":"https:\/\/kabinam.lt\/eng\/product\/keyring-breaking-news-i-dont-care\/#primaryimage"},"image":{"@id":"https:\/\/kabinam.lt\/eng\/product\/keyring-breaking-news-i-dont-care\/#primaryimage"},"thumbnailUrl":"https:\/\/kabinam.lt\/wp-content\/uploads\/2024\/08\/ee3b9a0a-d2ec-4a7e-989c-fcafc946b9ef.jpg","datePublished":"2024-08-18T07:00:37+00:00","dateModified":"2026-01-03T16:50:41+00:00","description":"Anh\u00e4nger Breaking News I Don't Care \u2013 schwarzes Materialaccessoire mit roten und gelben Akzenten und besticktem Aufdruck. Einzigartige Wahl f\u00fcr Schl\u00fcssel!","breadcrumb":{"@id":"https:\/\/kabinam.lt\/eng\/product\/keyring-breaking-news-i-dont-care\/#breadcrumb"},"inLanguage":"de","potentialAction":[{"@type":"ReadAction","target":["https:\/\/kabinam.lt\/eng\/product\/keyring-breaking-news-i-dont-care\/"]}]},{"@type":"ImageObject","inLanguage":"de","@id":"https:\/\/kabinam.lt\/eng\/product\/keyring-breaking-news-i-dont-care\/#primaryimage","url":"https:\/\/kabinam.lt\/wp-content\/uploads\/2024\/08\/ee3b9a0a-d2ec-4a7e-989c-fcafc946b9ef.jpg","contentUrl":"https:\/\/kabinam.lt\/wp-content\/uploads\/2024\/08\/ee3b9a0a-d2ec-4a7e-989c-fcafc946b9ef.jpg","width":1200,"height":1200,"caption":"Rakt\u0173 pakabukas \"BREAKING NEWS I DON'T CARE!\" \u2013 Unikalus aksesuaras"},{"@type":"BreadcrumbList","@id":"https:\/\/kabinam.lt\/eng\/product\/keyring-breaking-news-i-dont-care\/#breadcrumb","itemListElement":[{"@type":"ListItem","position":1,"name":"Home","item":"https:\/\/kabinam.lt\/"},{"@type":"ListItem","position":2,"name":"Visi Produktai","item":"https:\/\/kabinam.lt\/visi-produktai\/"},{"@type":"ListItem","position":3,"name":"Breaking news I don&#8217;t care"}]},{"@type":"WebSite","@id":"https:\/\/kabinam.lt\/#website","url":"https:\/\/kabinam.lt\/","name":"kabinam.lt","description":"Kabinam.lt - Schl\u00fcsselanh\u00e4nger und Zubeh\u00f6r","publisher":{"@id":"https:\/\/kabinam.lt\/#organization"},"alternateName":"pakabukai lt","potentialAction":[{"@type":"SearchAction","target":{"@type":"EntryPoint","urlTemplate":"https:\/\/kabinam.lt\/?s={search_term_string}"},"query-input":{"@type":"PropertyValueSpecification","valueRequired":true,"valueName":"search_term_string"}}],"inLanguage":"de"},{"@type":"Organization","@id":"https:\/\/kabinam.lt\/#organization","name":"kabinam.lt","alternateName":"kabinam","url":"https:\/\/kabinam.lt\/","logo":{"@type":"ImageObject","inLanguage":"de","@id":"https:\/\/kabinam.lt\/#\/schema\/logo\/image\/","url":"https:\/\/kabinam.lt\/wp-content\/uploads\/2025\/05\/KABINAM_outer_glow.png","contentUrl":"https:\/\/kabinam.lt\/wp-content\/uploads\/2025\/05\/KABINAM_outer_glow.png","width":474,"height":141,"caption":"kabinam.lt"},"image":{"@id":"https:\/\/kabinam.lt\/#\/schema\/logo\/image\/"}}]}},"uagb_featured_image_src":{"full":["https:\/\/kabinam.lt\/wp-content\/uploads\/2024\/08\/ee3b9a0a-d2ec-4a7e-989c-fcafc946b9ef.jpg",1200,1200,false],"thumbnail":["https:\/\/kabinam.lt\/wp-content\/uploads\/2024\/08\/ee3b9a0a-d2ec-4a7e-989c-fcafc946b9ef-150x150.jpg",150,150,true],"medium":["https:\/\/kabinam.lt\/wp-content\/uploads\/2024\/08\/ee3b9a0a-d2ec-4a7e-989c-fcafc946b9ef-300x300.jpg",300,300,true],"medium_large":["https:\/\/kabinam.lt\/wp-content\/uploads\/2024\/08\/ee3b9a0a-d2ec-4a7e-989c-fcafc946b9ef-768x768.jpg",768,768,true],"large":["https:\/\/kabinam.lt\/wp-content\/uploads\/2024\/08\/ee3b9a0a-d2ec-4a7e-989c-fcafc946b9ef-1024x1024.jpg",1024,1024,true],"1536x1536":["https:\/\/kabinam.lt\/wp-content\/uploads\/2024\/08\/ee3b9a0a-d2ec-4a7e-989c-fcafc946b9ef.jpg",1200,1200,false],"2048x2048":["https:\/\/kabinam.lt\/wp-content\/uploads\/2024\/08\/ee3b9a0a-d2ec-4a7e-989c-fcafc946b9ef.jpg",1200,1200,false],"trp-custom-language-flag":["https:\/\/kabinam.lt\/wp-content\/uploads\/2024\/08\/ee3b9a0a-d2ec-4a7e-989c-fcafc946b9ef.jpg",12,12,false],"woocommerce_thumbnail":["https:\/\/kabinam.lt\/wp-content\/uploads\/2024\/08\/ee3b9a0a-d2ec-4a7e-989c-fcafc946b9ef-300x300.jpg",300,300,true],"woocommerce_single":["https:\/\/kabinam.lt\/wp-content\/uploads\/2024\/08\/ee3b9a0a-d2ec-4a7e-989c-fcafc946b9ef-600x600.jpg",600,600,true],"woocommerce_gallery_thumbnail":["https:\/\/kabinam.lt\/wp-content\/uploads\/2024\/08\/ee3b9a0a-d2ec-4a7e-989c-fcafc946b9ef-100x100.jpg",100,100,true]},"uagb_author_info":{"display_name":"kabinam.lt","author_link":"https:\/\/kabinam.lt\/de\/author\/"},"uagb_comment_info":0,"uagb_excerpt":"Med\u017eiaginis pakabukas su u\u017era\u0161u \"BREAKING NEWS I DON'T CARE!\" \u2013 juodos med\u017eiagos aksesuaras su raudonais ir geltonais akcentais, puikus pasirinkimas motociklo raktams.","_links":{"self":[{"href":"https:\/\/kabinam.lt\/de\/wp-json\/wp\/v2\/product\/2809","targetHints":{"allow":["GET"]}}],"collection":[{"href":"https:\/\/kabinam.lt\/de\/wp-json\/wp\/v2\/product"}],"about":[{"href":"https:\/\/kabinam.lt\/de\/wp-json\/wp\/v2\/types\/product"}],"replies":[{"embeddable":true,"href":"https:\/\/kabinam.lt\/de\/wp-json\/wp\/v2\/comments?post=2809"}],"wp:featuredmedia":[{"embeddable":true,"href":"https:\/\/kabinam.lt\/de\/wp-json\/wp\/v2\/media\/2810"}],"wp:attachment":[{"href":"https:\/\/kabinam.lt\/de\/wp-json\/wp\/v2\/media?parent=2809"}],"wp:term":[{"taxonomy":"product_brand","embeddable":true,"href":"https:\/\/kabinam.lt\/de\/wp-json\/wp\/v2\/product_brand?post=2809"},{"taxonomy":"product_cat","embeddable":true,"href":"https:\/\/kabinam.lt\/de\/wp-json\/wp\/v2\/product_cat?post=2809"},{"taxonomy":"product_tag","embeddable":true,"href":"https:\/\/kabinam.lt\/de\/wp-json\/wp\/v2\/product_tag?post=2809"}],"curies":[{"name":"wp","href":"https:\/\/api.w.org\/{rel}","templated":true}]}}