{"id":2774,"date":"2024-08-17T12:48:07","date_gmt":"2024-08-17T09:48:07","guid":{"rendered":"https:\/\/kabinam.lt\/?post_type=product&#038;p=2774"},"modified":"2026-01-03T18:50:42","modified_gmt":"2026-01-03T16:50:42","slug":"schlusselanhanger-ich-liebe-lugen","status":"publish","type":"product","link":"https:\/\/kabinam.lt\/de\/product\/raktu-pakabukas-i-love-lying\/","title":{"rendered":"I LOVE LYING Schl\u00fcsselanh\u00e4nger"},"content":{"rendered":"<div class=\"kk-star-ratings kksr-auto kksr-align-left kksr-valign-top\"\n    data-payload='{&quot;align&quot;:&quot;left&quot;,&quot;id&quot;:&quot;2774&quot;,&quot;slug&quot;:&quot;default&quot;,&quot;valign&quot;:&quot;top&quot;,&quot;ignore&quot;:&quot;&quot;,&quot;reference&quot;:&quot;auto&quot;,&quot;class&quot;:&quot;&quot;,&quot;count&quot;:&quot;0&quot;,&quot;legendonly&quot;:&quot;&quot;,&quot;readonly&quot;:&quot;&quot;,&quot;score&quot;:&quot;0&quot;,&quot;starsonly&quot;:&quot;&quot;,&quot;best&quot;:&quot;5&quot;,&quot;gap&quot;:&quot;5&quot;,&quot;greet&quot;:&quot;Mums svarbus j\u016bs\u0173 \u012fvertinimas&quot;,&quot;legend&quot;:&quot;0\\\/5 - (0 votes)&quot;,&quot;size&quot;:&quot;24&quot;,&quot;title&quot;:&quot;Rakt\u0173 pakabukas I LOVE LYING&quot;,&quot;width&quot;:&quot;0&quot;,&quot;_legend&quot;:&quot;{score}\\\/{best} - ({count} {votes})&quot;,&quot;font_factor&quot;:&quot;1.25&quot;}'>\n            \n<div class=\"kksr-stars\">\n    \n<div class=\"kksr-stars-inactive\">\n            <div class=\"kksr-star\" data-star=\"1\" style=\"padding-right: 5px\">\n            \n\n<div class=\"kksr-icon\" style=\"width: 24px; height: 24px;\"><\/div>\n        <\/div>\n            <div class=\"kksr-star\" data-star=\"2\" style=\"padding-right: 5px\">\n            \n\n<div class=\"kksr-icon\" style=\"width: 24px; height: 24px;\"><\/div>\n        <\/div>\n            <div class=\"kksr-star\" data-star=\"3\" style=\"padding-right: 5px\">\n            \n\n<div class=\"kksr-icon\" style=\"width: 24px; height: 24px;\"><\/div>\n        <\/div>\n            <div class=\"kksr-star\" data-star=\"4\" style=\"padding-right: 5px\">\n            \n\n<div class=\"kksr-icon\" style=\"width: 24px; height: 24px;\"><\/div>\n        <\/div>\n            <div class=\"kksr-star\" data-star=\"5\" style=\"padding-right: 5px\">\n            \n\n<div class=\"kksr-icon\" style=\"width: 24px; height: 24px;\"><\/div>\n        <\/div>\n    <\/div>\n    \n<div class=\"kksr-stars-active\" style=\"width: 0px;\">\n            <div class=\"kksr-star\" style=\"padding-right: 5px\">\n            \n\n<div class=\"kksr-icon\" style=\"width: 24px; height: 24px;\"><\/div>\n        <\/div>\n            <div class=\"kksr-star\" style=\"padding-right: 5px\">\n            \n\n<div class=\"kksr-icon\" style=\"width: 24px; height: 24px;\"><\/div>\n        <\/div>\n            <div class=\"kksr-star\" style=\"padding-right: 5px\">\n            \n\n<div class=\"kksr-icon\" style=\"width: 24px; height: 24px;\"><\/div>\n        <\/div>\n            <div class=\"kksr-star\" style=\"padding-right: 5px\">\n            \n\n<div class=\"kksr-icon\" style=\"width: 24px; height: 24px;\"><\/div>\n        <\/div>\n            <div class=\"kksr-star\" style=\"padding-right: 5px\">\n            \n\n<div class=\"kksr-icon\" style=\"width: 24px; height: 24px;\"><\/div>\n        <\/div>\n    <\/div>\n<\/div>\n                \n\n<div class=\"kksr-legend\" style=\"font-size: 19.2px;\">\n            <span class=\"kksr-muted\">Ihre Bewertung ist f\u00fcr uns wichtig<\/span>\n    <\/div>\n    <\/div>\n<h4 data-start=\"76\" data-end=\"100\"><strong data-start=\"81\" data-end=\"98\">\u00dcber das Produkt<\/strong><\/h4>\n<p data-start=\"101\" data-end=\"914\">Der I LOVE LYING-Schl\u00fcsselanh\u00e4nger ist ein originelles Material-Accessoire f\u00fcr diejenigen, die ihre mutige Haltung zeigen und andere provozieren wollen. Dieser Anh\u00e4nger ist aus hochwertigem schwarzem Material gefertigt, das auch nach intensivem t\u00e4glichem Gebrauch Haltbarkeit und Langlebigkeit gew\u00e4hrleistet. Auf dem Anh\u00e4nger ist in wei\u00dfer Schrift der provokante Schriftzug \u201eI LOVE LYING\u201c aufgestickt, der Humor und Unsicherheit vermitteln soll. Dar\u00fcber hinaus ist das Accessoire mit einem leuchtend roten Herzsymbol verziert, das die emotionale Betonung und Exklusivit\u00e4t unterstreicht. Dieser Anh\u00e4nger ist ideal f\u00fcr Motorradschl\u00fcssel, passt aber auch perfekt zu Auto- oder Hausschl\u00fcssels\u00e4tzen. Das einzigartige Design tr\u00e4gt dazu bei, Individualit\u00e4t und pers\u00f6nlichen Stil auszudr\u00fccken und verleiht Ihren Schl\u00fcsseln nicht nur Funktionalit\u00e4t, sondern auch einen k\u00fcnstlerischen und provokativen Touch.<\/p>\n<h4 data-start=\"916\" data-end=\"955\"><strong data-start=\"921\" data-end=\"953\">Funktionsweise und Verwendung<\/strong><\/h4>\n<p data-start=\"956\" data-end=\"1559\">Der I LOVE LYING-Anh\u00e4nger wurde entwickelt, um Ihre Schl\u00fcssel sicher aufzubewahren. Der robuste Metallring und der integrierte Karabiner machen es einfach, dieses Accessoire an Ihrem Schl\u00fcsselbund, Rucksack oder G\u00fcrtel zu befestigen. Die universelle Gr\u00f6\u00dfe sorgt daf\u00fcr, dass der Anh\u00e4nger sowohl f\u00fcr kleine als auch f\u00fcr gr\u00f6\u00dfere Schl\u00fcsselbunde geeignet ist, so dass Ihre Schl\u00fcssel immer in Reichweite und in Ordnung sind. Dank der einfachen Handhabung und des intuitiven Designs k\u00f6nnen Sie den Schl\u00fcsselanh\u00e4nger je nach Bedarf schnell hinzuf\u00fcgen oder entfernen. Weitere Informationen \u00fcber effiziente L\u00f6sungen zur Schl\u00fcsselaufbewahrung finden Sie unter <a target=\"_new\" rel=\"noopener\" data-start=\"1497\" data-end=\"1558\">Externe Ressource<\/a>.<\/p>\n<h4 data-start=\"1561\" data-end=\"1590\"><strong data-start=\"1566\" data-end=\"1588\">Design und Qualit\u00e4t<\/strong><\/h4>\n<p data-start=\"1591\" data-end=\"2250\">Das Design dieses Anh\u00e4ngers ist minimalistisch und dennoch gewagt. Das schwarze Material mit der wei\u00dfen Stickerei \u201eI LOVE LYING\u201c verleiht dem Accessoire einen modernen und provokativen Look. Das rote Herzsymbol - ein dezenter, aber markanter Akzent - unterstreicht die emotionale Botschaft zus\u00e4tzlich. Jedes Detail ist pr\u00e4zise verarbeitet, so dass der Anh\u00e4nger auch nach l\u00e4ngerem Gebrauch seine Form und seinen Kontrast beibeh\u00e4lt. Hochwertiges Material und sorgf\u00e4ltige Verarbeitung sorgen daf\u00fcr, dass der I LOVE LYING-Anh\u00e4nger zuverl\u00e4ssig und langlebig ist. Sein Design entspricht den Anforderungen an moderne Accessoires, so dass er sich perfekt in eine Vielzahl von Stilen einf\u00fcgt und Ihre Individualit\u00e4t unterstreicht.<\/p>\n<h4 data-start=\"2252\" data-end=\"2283\"><strong data-start=\"2257\" data-end=\"2281\">Warum w\u00e4hlen?<\/strong><\/h4>\n<p data-start=\"2284\" data-end=\"2968\">Wenn Sie sich f\u00fcr einen I LOVE LYING-Anh\u00e4nger entscheiden, investieren Sie in Originalit\u00e4t, Funktionalit\u00e4t und Exklusivit\u00e4t. Dieses Accessoire sch\u00fctzt nicht nur Ihre Schl\u00fcssel, sondern verleiht ihnen auch einen gewagten, provokanten Akzent, der eine pers\u00f6nliche Botschaft \u00fcber eine ungew\u00f6hnliche Realit\u00e4t vermittelt. Wenn Sie auf der Suche nach einem Accessoire sind, das auff\u00e4llt und Ihre einzigartige Lebenseinstellung widerspiegelt, ist der I LOVE LYING-Anh\u00e4nger die perfekte Wahl. Der robuste Verschlussmechanismus sorgt f\u00fcr eine sichere Aufbewahrung Ihrer Schl\u00fcssel, w\u00e4hrend das originelle Design f\u00fcr Ordnung sorgt und Ihren Stil unterstreicht. F\u00fcr weitere Informationen \u00fcber unsere innovativen L\u00f6sungen besuchen Sie bitte unsere <a href=\"https:\/\/www.example.com\/products\" target=\"_new\" rel=\"noopener\" data-start=\"2861\" data-end=\"2914\">im Produktkatalog<\/a> und <a href=\"https:\/\/www.example.com\/news\" target=\"_new\" rel=\"noopener\" data-start=\"2919\" data-end=\"2967\">auf dem Nachrichtenportal<\/a>.<\/p>","protected":false},"excerpt":{"rendered":"<p>Der Anh\u00e4nger I LOVE LYING ist ein originelles Accessoire aus schwarzem Material mit wei\u00dfer Schrift und einem roten Herzsymbol, das Ihren Schl\u00fcsseln eine einzigartige und provokative Botschaft verleiht.<\/p>","protected":false},"featured_media":2775,"comment_status":"closed","ping_status":"closed","template":"","meta":{"_uag_custom_page_level_css":"","site-sidebar-layout":"default","site-content-layout":"","ast-site-content-layout":"default","site-content-style":"default","site-sidebar-style":"default","ast-global-header-display":"","ast-banner-title-visibility":"","ast-main-header-display":"","ast-hfb-above-header-display":"","ast-hfb-below-header-display":"","ast-hfb-mobile-header-display":"","site-post-title":"","ast-breadcrumbs-content":"","ast-featured-img":"","footer-sml-layout":"","ast-disable-related-posts":"","theme-transparent-header-meta":"default","adv-header-id-meta":"","stick-header-meta":"","header-above-stick-meta":"","header-main-stick-meta":"","header-below-stick-meta":"","astra-migrate-meta-layouts":"set","ast-page-background-enabled":"default","ast-page-background-meta":{"desktop":{"background-color":"var(--ast-global-color-4)","background-image":"","background-repeat":"repeat","background-position":"center center","background-size":"auto","background-attachment":"scroll","background-type":"","background-media":"","overlay-type":"","overlay-color":"","overlay-opacity":"","overlay-gradient":""},"tablet":{"background-color":"","background-image":"","background-repeat":"repeat","background-position":"center center","background-size":"auto","background-attachment":"scroll","background-type":"","background-media":"","overlay-type":"","overlay-color":"","overlay-opacity":"","overlay-gradient":""},"mobile":{"background-color":"","background-image":"","background-repeat":"repeat","background-position":"center center","background-size":"auto","background-attachment":"scroll","background-type":"","background-media":"","overlay-type":"","overlay-color":"","overlay-opacity":"","overlay-gradient":""}},"ast-content-background-meta":{"desktop":{"background-color":"var(--ast-global-color-5)","background-image":"","background-repeat":"repeat","background-position":"center center","background-size":"auto","background-attachment":"scroll","background-type":"","background-media":"","overlay-type":"","overlay-color":"","overlay-opacity":"","overlay-gradient":""},"tablet":{"background-color":"var(--ast-global-color-5)","background-image":"","background-repeat":"repeat","background-position":"center center","background-size":"auto","background-attachment":"scroll","background-type":"","background-media":"","overlay-type":"","overlay-color":"","overlay-opacity":"","overlay-gradient":""},"mobile":{"background-color":"var(--ast-global-color-5)","background-image":"","background-repeat":"repeat","background-position":"center center","background-size":"auto","background-attachment":"scroll","background-type":"","background-media":"","overlay-type":"","overlay-color":"","overlay-opacity":"","overlay-gradient":""}}},"product_brand":[],"product_cat":[126,91],"product_tag":[],"class_list":{"0":"post-2774","1":"product","2":"type-product","3":"status-publish","4":"has-post-thumbnail","6":"product_cat-visi","7":"product_cat-motociklo-raktu-pakabukai","8":"desktop-align-center","9":"tablet-align-left","10":"mobile-align-left","12":"first","13":"instock","14":"shipping-taxable","15":"purchasable","16":"product-type-simple"},"yoast_head":"<!-- This site is optimized with the Yoast SEO plugin v27.1.1 - https:\/\/yoast.com\/product\/yoast-seo-wordpress\/ -->\n<title>Rakt\u0173 pakabukas I LOVE LYING - kabinam.lt<\/title>\n<meta name=\"description\" content=\"Pakabukas I LOVE LYING \u2013 dr\u0105sus med\u017eiaginis aksesuaras su baltu i\u0161siuv\u0117tu u\u017era\u0161u ir raudonu \u0161irdies simboliu. Puikus pasirinkimas motociklo raktams\" \/>\n<meta name=\"robots\" content=\"index, follow, max-snippet:-1, max-image-preview:large, max-video-preview:-1\" \/>\n<link rel=\"canonical\" href=\"https:\/\/kabinam.lt\/de\/produkt\/schlusselanhanger-ich-liebe-lugen\/\" \/>\n<meta property=\"og:locale\" content=\"de_DE\" \/>\n<meta property=\"og:type\" content=\"article\" \/>\n<meta property=\"og:title\" content=\"Rakt\u0173 pakabukas I LOVE LYING - kabinam.lt\" \/>\n<meta property=\"og:description\" content=\"Pakabukas I LOVE LYING \u2013 dr\u0105sus med\u017eiaginis aksesuaras su baltu i\u0161siuv\u0117tu u\u017era\u0161u ir raudonu \u0161irdies simboliu. Puikus pasirinkimas motociklo raktams\" \/>\n<meta property=\"og:url\" content=\"https:\/\/kabinam.lt\/de\/produkt\/schlusselanhanger-ich-liebe-lugen\/\" \/>\n<meta property=\"og:site_name\" content=\"kabinam.lt\" \/>\n<meta property=\"article:modified_time\" content=\"2026-01-03T16:50:42+00:00\" \/>\n<meta property=\"og:image\" content=\"https:\/\/kabinam.lt\/wp-content\/uploads\/2024\/08\/1701682434542-54ade248d2d24d53a776c167ca3021df-goods.jpeg\" \/>\n\t<meta property=\"og:image:width\" content=\"1200\" \/>\n\t<meta property=\"og:image:height\" content=\"1200\" \/>\n\t<meta property=\"og:image:type\" content=\"image\/jpeg\" \/>\n<meta name=\"twitter:card\" content=\"summary_large_image\" \/>\n<meta name=\"twitter:label1\" content=\"Gesch\u00e4tzte Lesezeit\" \/>\n\t<meta name=\"twitter:data1\" content=\"3\u00a0Minuten\" \/>\n<script type=\"application\/ld+json\" class=\"yoast-schema-graph\">{\"@context\":\"https:\/\/schema.org\",\"@graph\":[{\"@type\":[\"WebPage\",\"ItemPage\"],\"@id\":\"https:\/\/kabinam.lt\/eng\/product\/keyring-i-love-lying\/\",\"url\":\"https:\/\/kabinam.lt\/eng\/product\/keyring-i-love-lying\/\",\"name\":\"Rakt\u0173 pakabukas I LOVE LYING - kabinam.lt\",\"isPartOf\":{\"@id\":\"https:\/\/kabinam.lt\/#website\"},\"primaryImageOfPage\":{\"@id\":\"https:\/\/kabinam.lt\/eng\/product\/keyring-i-love-lying\/#primaryimage\"},\"image\":{\"@id\":\"https:\/\/kabinam.lt\/eng\/product\/keyring-i-love-lying\/#primaryimage\"},\"thumbnailUrl\":\"https:\/\/kabinam.lt\/wp-content\/uploads\/2024\/08\/1701682434542-54ade248d2d24d53a776c167ca3021df-goods.jpeg\",\"datePublished\":\"2024-08-17T09:48:07+00:00\",\"dateModified\":\"2026-01-03T16:50:42+00:00\",\"description\":\"Pakabukas I LOVE LYING \u2013 dr\u0105sus med\u017eiaginis aksesuaras su baltu i\u0161siuv\u0117tu u\u017era\u0161u ir raudonu \u0161irdies simboliu. Puikus pasirinkimas motociklo raktams\",\"breadcrumb\":{\"@id\":\"https:\/\/kabinam.lt\/eng\/product\/keyring-i-love-lying\/#breadcrumb\"},\"inLanguage\":\"de\",\"potentialAction\":[{\"@type\":\"ReadAction\",\"target\":[\"https:\/\/kabinam.lt\/eng\/product\/keyring-i-love-lying\/\"]}]},{\"@type\":\"ImageObject\",\"inLanguage\":\"de\",\"@id\":\"https:\/\/kabinam.lt\/eng\/product\/keyring-i-love-lying\/#primaryimage\",\"url\":\"https:\/\/kabinam.lt\/wp-content\/uploads\/2024\/08\/1701682434542-54ade248d2d24d53a776c167ca3021df-goods.jpeg\",\"contentUrl\":\"https:\/\/kabinam.lt\/wp-content\/uploads\/2024\/08\/1701682434542-54ade248d2d24d53a776c167ca3021df-goods.jpeg\",\"width\":1200,\"height\":1200,\"caption\":\"Pakabukas I LOVE LYING \u2013 Dr\u0105sus ir Provokuojantis Aksesuaras\"},{\"@type\":\"BreadcrumbList\",\"@id\":\"https:\/\/kabinam.lt\/eng\/product\/keyring-i-love-lying\/#breadcrumb\",\"itemListElement\":[{\"@type\":\"ListItem\",\"position\":1,\"name\":\"Home\",\"item\":\"https:\/\/kabinam.lt\/\"},{\"@type\":\"ListItem\",\"position\":2,\"name\":\"Visi Produktai\",\"item\":\"https:\/\/kabinam.lt\/visi-produktai\/\"},{\"@type\":\"ListItem\",\"position\":3,\"name\":\"Rakt\u0173 pakabukas I LOVE LYING\"}]},{\"@type\":\"WebSite\",\"@id\":\"https:\/\/kabinam.lt\/#website\",\"url\":\"https:\/\/kabinam.lt\/\",\"name\":\"kabinam.lt\",\"description\":\"Kabinam.lt \u2013 raktu pakabukai ir aksesuarai\",\"publisher\":{\"@id\":\"https:\/\/kabinam.lt\/#organization\"},\"alternateName\":\"pakabukai lt\",\"potentialAction\":[{\"@type\":\"SearchAction\",\"target\":{\"@type\":\"EntryPoint\",\"urlTemplate\":\"https:\/\/kabinam.lt\/?s={search_term_string}\"},\"query-input\":{\"@type\":\"PropertyValueSpecification\",\"valueRequired\":true,\"valueName\":\"search_term_string\"}}],\"inLanguage\":\"de\"},{\"@type\":\"Organization\",\"@id\":\"https:\/\/kabinam.lt\/#organization\",\"name\":\"kabinam.lt\",\"alternateName\":\"kabinam\",\"url\":\"https:\/\/kabinam.lt\/\",\"logo\":{\"@type\":\"ImageObject\",\"inLanguage\":\"de\",\"@id\":\"https:\/\/kabinam.lt\/#\/schema\/logo\/image\/\",\"url\":\"https:\/\/kabinam.lt\/wp-content\/uploads\/2025\/05\/KABINAM_outer_glow.png\",\"contentUrl\":\"https:\/\/kabinam.lt\/wp-content\/uploads\/2025\/05\/KABINAM_outer_glow.png\",\"width\":474,\"height\":141,\"caption\":\"kabinam.lt\"},\"image\":{\"@id\":\"https:\/\/kabinam.lt\/#\/schema\/logo\/image\/\"}}]}<\/script>\n<!-- \/ Yoast SEO plugin. -->","yoast_head_json":{"title":"Schl\u00fcsselanh\u00e4nger I LOVE LYING - kabinam.lt","description":"Der I LOVE LYING-Anh\u00e4nger ist ein auff\u00e4lliges Stoffaccessoire mit wei\u00dfem gesticktem Schriftzug und rotem Herzsymbol. Eine gute Wahl f\u00fcr Motorradschl\u00fcssel","robots":{"index":"index","follow":"follow","max-snippet":"max-snippet:-1","max-image-preview":"max-image-preview:large","max-video-preview":"max-video-preview:-1"},"canonical":"https:\/\/kabinam.lt\/de\/produkt\/schlusselanhanger-ich-liebe-lugen\/","og_locale":"de_DE","og_type":"article","og_title":"Rakt\u0173 pakabukas I LOVE LYING - kabinam.lt","og_description":"Pakabukas I LOVE LYING \u2013 dr\u0105sus med\u017eiaginis aksesuaras su baltu i\u0161siuv\u0117tu u\u017era\u0161u ir raudonu \u0161irdies simboliu. Puikus pasirinkimas motociklo raktams","og_url":"https:\/\/kabinam.lt\/de\/produkt\/schlusselanhanger-ich-liebe-lugen\/","og_site_name":"kabinam.lt","article_modified_time":"2026-01-03T16:50:42+00:00","og_image":[{"width":1200,"height":1200,"url":"https:\/\/kabinam.lt\/wp-content\/uploads\/2024\/08\/1701682434542-54ade248d2d24d53a776c167ca3021df-goods.jpeg","type":"image\/jpeg"}],"twitter_card":"summary_large_image","twitter_misc":{"Gesch\u00e4tzte Lesezeit":"3\u00a0Minuten"},"schema":{"@context":"https:\/\/schema.org","@graph":[{"@type":["WebPage","ItemPage"],"@id":"https:\/\/kabinam.lt\/eng\/product\/keyring-i-love-lying\/","url":"https:\/\/kabinam.lt\/eng\/product\/keyring-i-love-lying\/","name":"Schl\u00fcsselanh\u00e4nger I LOVE LYING - kabinam.lt","isPartOf":{"@id":"https:\/\/kabinam.lt\/#website"},"primaryImageOfPage":{"@id":"https:\/\/kabinam.lt\/eng\/product\/keyring-i-love-lying\/#primaryimage"},"image":{"@id":"https:\/\/kabinam.lt\/eng\/product\/keyring-i-love-lying\/#primaryimage"},"thumbnailUrl":"https:\/\/kabinam.lt\/wp-content\/uploads\/2024\/08\/1701682434542-54ade248d2d24d53a776c167ca3021df-goods.jpeg","datePublished":"2024-08-17T09:48:07+00:00","dateModified":"2026-01-03T16:50:42+00:00","description":"Der I LOVE LYING-Anh\u00e4nger ist ein auff\u00e4lliges Stoffaccessoire mit wei\u00dfem gesticktem Schriftzug und rotem Herzsymbol. Eine gute Wahl f\u00fcr Motorradschl\u00fcssel","breadcrumb":{"@id":"https:\/\/kabinam.lt\/eng\/product\/keyring-i-love-lying\/#breadcrumb"},"inLanguage":"de","potentialAction":[{"@type":"ReadAction","target":["https:\/\/kabinam.lt\/eng\/product\/keyring-i-love-lying\/"]}]},{"@type":"ImageObject","inLanguage":"de","@id":"https:\/\/kabinam.lt\/eng\/product\/keyring-i-love-lying\/#primaryimage","url":"https:\/\/kabinam.lt\/wp-content\/uploads\/2024\/08\/1701682434542-54ade248d2d24d53a776c167ca3021df-goods.jpeg","contentUrl":"https:\/\/kabinam.lt\/wp-content\/uploads\/2024\/08\/1701682434542-54ade248d2d24d53a776c167ca3021df-goods.jpeg","width":1200,"height":1200,"caption":"Pakabukas I LOVE LYING \u2013 Dr\u0105sus ir Provokuojantis Aksesuaras"},{"@type":"BreadcrumbList","@id":"https:\/\/kabinam.lt\/eng\/product\/keyring-i-love-lying\/#breadcrumb","itemListElement":[{"@type":"ListItem","position":1,"name":"Home","item":"https:\/\/kabinam.lt\/"},{"@type":"ListItem","position":2,"name":"Visi Produktai","item":"https:\/\/kabinam.lt\/visi-produktai\/"},{"@type":"ListItem","position":3,"name":"Rakt\u0173 pakabukas I LOVE LYING"}]},{"@type":"WebSite","@id":"https:\/\/kabinam.lt\/#website","url":"https:\/\/kabinam.lt\/","name":"kabinam.lt","description":"Kabinam.lt - Schl\u00fcsselanh\u00e4nger und Zubeh\u00f6r","publisher":{"@id":"https:\/\/kabinam.lt\/#organization"},"alternateName":"pakabukai lt","potentialAction":[{"@type":"SearchAction","target":{"@type":"EntryPoint","urlTemplate":"https:\/\/kabinam.lt\/?s={search_term_string}"},"query-input":{"@type":"PropertyValueSpecification","valueRequired":true,"valueName":"search_term_string"}}],"inLanguage":"de"},{"@type":"Organization","@id":"https:\/\/kabinam.lt\/#organization","name":"kabinam.lt","alternateName":"kabinam","url":"https:\/\/kabinam.lt\/","logo":{"@type":"ImageObject","inLanguage":"de","@id":"https:\/\/kabinam.lt\/#\/schema\/logo\/image\/","url":"https:\/\/kabinam.lt\/wp-content\/uploads\/2025\/05\/KABINAM_outer_glow.png","contentUrl":"https:\/\/kabinam.lt\/wp-content\/uploads\/2025\/05\/KABINAM_outer_glow.png","width":474,"height":141,"caption":"kabinam.lt"},"image":{"@id":"https:\/\/kabinam.lt\/#\/schema\/logo\/image\/"}}]}},"uagb_featured_image_src":{"full":["https:\/\/kabinam.lt\/wp-content\/uploads\/2024\/08\/1701682434542-54ade248d2d24d53a776c167ca3021df-goods.jpeg",1200,1200,false],"thumbnail":["https:\/\/kabinam.lt\/wp-content\/uploads\/2024\/08\/1701682434542-54ade248d2d24d53a776c167ca3021df-goods-150x150.jpeg",150,150,true],"medium":["https:\/\/kabinam.lt\/wp-content\/uploads\/2024\/08\/1701682434542-54ade248d2d24d53a776c167ca3021df-goods-300x300.jpeg",300,300,true],"medium_large":["https:\/\/kabinam.lt\/wp-content\/uploads\/2024\/08\/1701682434542-54ade248d2d24d53a776c167ca3021df-goods-768x768.jpeg",768,768,true],"large":["https:\/\/kabinam.lt\/wp-content\/uploads\/2024\/08\/1701682434542-54ade248d2d24d53a776c167ca3021df-goods-1024x1024.jpeg",1024,1024,true],"1536x1536":["https:\/\/kabinam.lt\/wp-content\/uploads\/2024\/08\/1701682434542-54ade248d2d24d53a776c167ca3021df-goods.jpeg",1200,1200,false],"2048x2048":["https:\/\/kabinam.lt\/wp-content\/uploads\/2024\/08\/1701682434542-54ade248d2d24d53a776c167ca3021df-goods.jpeg",1200,1200,false],"trp-custom-language-flag":["https:\/\/kabinam.lt\/wp-content\/uploads\/2024\/08\/1701682434542-54ade248d2d24d53a776c167ca3021df-goods.jpeg",12,12,false],"woocommerce_thumbnail":["https:\/\/kabinam.lt\/wp-content\/uploads\/2024\/08\/1701682434542-54ade248d2d24d53a776c167ca3021df-goods-300x300.jpeg",300,300,true],"woocommerce_single":["https:\/\/kabinam.lt\/wp-content\/uploads\/2024\/08\/1701682434542-54ade248d2d24d53a776c167ca3021df-goods-600x600.jpeg",600,600,true],"woocommerce_gallery_thumbnail":["https:\/\/kabinam.lt\/wp-content\/uploads\/2024\/08\/1701682434542-54ade248d2d24d53a776c167ca3021df-goods-100x100.jpeg",100,100,true]},"uagb_author_info":{"display_name":"kabinam.lt","author_link":"https:\/\/kabinam.lt\/de\/author\/"},"uagb_comment_info":0,"uagb_excerpt":"Pakabukas I LOVE LYING \u2013 originalus med\u017eiaginis aksesuaras, su juoda med\u017eiaga, baltu u\u017era\u0161u ir raudonu \u0161irdies simboliu, suteikiantis raktams unikalumo ir provokuojan\u010di\u0105 \u017einut\u0119.","_links":{"self":[{"href":"https:\/\/kabinam.lt\/de\/wp-json\/wp\/v2\/product\/2774","targetHints":{"allow":["GET"]}}],"collection":[{"href":"https:\/\/kabinam.lt\/de\/wp-json\/wp\/v2\/product"}],"about":[{"href":"https:\/\/kabinam.lt\/de\/wp-json\/wp\/v2\/types\/product"}],"replies":[{"embeddable":true,"href":"https:\/\/kabinam.lt\/de\/wp-json\/wp\/v2\/comments?post=2774"}],"wp:featuredmedia":[{"embeddable":true,"href":"https:\/\/kabinam.lt\/de\/wp-json\/wp\/v2\/media\/2775"}],"wp:attachment":[{"href":"https:\/\/kabinam.lt\/de\/wp-json\/wp\/v2\/media?parent=2774"}],"wp:term":[{"taxonomy":"product_brand","embeddable":true,"href":"https:\/\/kabinam.lt\/de\/wp-json\/wp\/v2\/product_brand?post=2774"},{"taxonomy":"product_cat","embeddable":true,"href":"https:\/\/kabinam.lt\/de\/wp-json\/wp\/v2\/product_cat?post=2774"},{"taxonomy":"product_tag","embeddable":true,"href":"https:\/\/kabinam.lt\/de\/wp-json\/wp\/v2\/product_tag?post=2774"}],"curies":[{"name":"wp","href":"https:\/\/api.w.org\/{rel}","templated":true}]}}