{"id":2662,"date":"2024-08-17T10:43:23","date_gmt":"2024-08-17T07:43:23","guid":{"rendered":"https:\/\/kabinam.lt\/?post_type=product&#038;p=2662"},"modified":"2026-01-23T19:27:31","modified_gmt":"2026-01-23T17:27:31","slug":"motociklo-salmo-pakabukas","status":"publish","type":"product","link":"https:\/\/kabinam.lt\/de\/product\/motociklo-salmo-pakabukas\/","title":{"rendered":"Motorradhelm-Anh\u00e4nger - stilvolles Miniatur-Accessoire"},"content":{"rendered":"<div class=\"kk-star-ratings kksr-auto kksr-align-left kksr-valign-top\"\n    data-payload='{&quot;align&quot;:&quot;left&quot;,&quot;id&quot;:&quot;2662&quot;,&quot;slug&quot;:&quot;default&quot;,&quot;valign&quot;:&quot;top&quot;,&quot;ignore&quot;:&quot;&quot;,&quot;reference&quot;:&quot;auto&quot;,&quot;class&quot;:&quot;&quot;,&quot;count&quot;:&quot;0&quot;,&quot;legendonly&quot;:&quot;&quot;,&quot;readonly&quot;:&quot;&quot;,&quot;score&quot;:&quot;0&quot;,&quot;starsonly&quot;:&quot;&quot;,&quot;best&quot;:&quot;5&quot;,&quot;gap&quot;:&quot;5&quot;,&quot;greet&quot;:&quot;Mums svarbus j\u016bs\u0173 \u012fvertinimas&quot;,&quot;legend&quot;:&quot;0\\\/5 - (0 votes)&quot;,&quot;size&quot;:&quot;24&quot;,&quot;title&quot;:&quot;Motociklo \u0161almo pakabukas \u2013 stilingas miniati\u016brinis aksesuaras&quot;,&quot;width&quot;:&quot;0&quot;,&quot;_legend&quot;:&quot;{score}\\\/{best} - ({count} {votes})&quot;,&quot;font_factor&quot;:&quot;1.25&quot;}'>\n            \n<div class=\"kksr-stars\">\n    \n<div class=\"kksr-stars-inactive\">\n            <div class=\"kksr-star\" data-star=\"1\" style=\"padding-right: 5px\">\n            \n\n<div class=\"kksr-icon\" style=\"width: 24px; height: 24px;\"><\/div>\n        <\/div>\n            <div class=\"kksr-star\" data-star=\"2\" style=\"padding-right: 5px\">\n            \n\n<div class=\"kksr-icon\" style=\"width: 24px; height: 24px;\"><\/div>\n        <\/div>\n            <div class=\"kksr-star\" data-star=\"3\" style=\"padding-right: 5px\">\n            \n\n<div class=\"kksr-icon\" style=\"width: 24px; height: 24px;\"><\/div>\n        <\/div>\n            <div class=\"kksr-star\" data-star=\"4\" style=\"padding-right: 5px\">\n            \n\n<div class=\"kksr-icon\" style=\"width: 24px; height: 24px;\"><\/div>\n        <\/div>\n            <div class=\"kksr-star\" data-star=\"5\" style=\"padding-right: 5px\">\n            \n\n<div class=\"kksr-icon\" style=\"width: 24px; height: 24px;\"><\/div>\n        <\/div>\n    <\/div>\n    \n<div class=\"kksr-stars-active\" style=\"width: 0px;\">\n            <div class=\"kksr-star\" style=\"padding-right: 5px\">\n            \n\n<div class=\"kksr-icon\" style=\"width: 24px; height: 24px;\"><\/div>\n        <\/div>\n            <div class=\"kksr-star\" style=\"padding-right: 5px\">\n            \n\n<div class=\"kksr-icon\" style=\"width: 24px; height: 24px;\"><\/div>\n        <\/div>\n            <div class=\"kksr-star\" style=\"padding-right: 5px\">\n            \n\n<div class=\"kksr-icon\" style=\"width: 24px; height: 24px;\"><\/div>\n        <\/div>\n            <div class=\"kksr-star\" style=\"padding-right: 5px\">\n            \n\n<div class=\"kksr-icon\" style=\"width: 24px; height: 24px;\"><\/div>\n        <\/div>\n            <div class=\"kksr-star\" style=\"padding-right: 5px\">\n            \n\n<div class=\"kksr-icon\" style=\"width: 24px; height: 24px;\"><\/div>\n        <\/div>\n    <\/div>\n<\/div>\n                \n\n<div class=\"kksr-legend\" style=\"font-size: 19.2px;\">\n            <span class=\"kksr-muted\">Ihre Bewertung ist f\u00fcr uns wichtig<\/span>\n    <\/div>\n    <\/div>\n<p data-start=\"316\" data-end=\"622\"><strong data-start=\"316\" data-end=\"345\">Motociklo \u0161almo pakabukas<\/strong> \u2013 tai i\u0161skirtinis pasirinkimas ie\u0161kantiems originalumo savo rakt\u0173 ar kuprin\u0117s aksesuaruose. \u0160is pakabukas i\u0161siskiria trima\u010diu dizainu, imituojan\u010diu tikro motociklo \u0161almo form\u0105. Jis sukurtas ne tik kaip puo\u0161mena, bet ir kaip simbolis \u2013 saugumo, laisv\u0117s ir motociklizmo dvasios.<\/p>\n<p data-start=\"624\" data-end=\"668\">Realisti\u0161kas dizainas, kuris traukia ak\u012f<\/p>\n<p class=\"\" data-start=\"670\" data-end=\"928\">\u0160almas pagamintas i\u0161 tvirto plastiko su metaliniais akcentais. Jis ne tik patvarus, bet ir detalus \u2013 su stikliuku, dir\u017eeliais, ventiliacin\u0117mis angomis. D\u0117l ma\u017eo dyd\u017eio \u0161is <strong data-start=\"842\" data-end=\"871\">Motorradhelm-Anh\u00e4nger<\/strong> tinka raktams, kuprin\u0117ms, net automobili\u0173 veidrod\u0117liams.<\/p>\n<p class=\"\" data-start=\"930\" data-end=\"1157\">Tai puikus pasirinkimas motocikl\u0173 entuziastams, kuriems svarbios detal\u0117s. \u0160almo forma \u2013 ne tik stilinga, bet ir perteikianti ry\u0161\u012f su motocikl\u0173 pasauliu. Be to, tai puiki dovana bet kuriam motociklininkui ar \u0161io sporto gerb\u0117jui.<\/p>\n<h3 class=\"\" data-start=\"1159\" data-end=\"1188\">Dovana motocikl\u0173 gerb\u0117jui<\/h3>\n<p class=\"\" data-start=\"1190\" data-end=\"1376\">Ie\u0161kai dovanos motociklo myl\u0117tojui? \u0160is aksesuaras puikiai tinka bet kokiai progai \u2013 gimtadieniui, Kal\u0117doms ar kaip simbolin\u0117 smulkmena. Meistri\u0161kas dizainas ir kokyb\u0117 nepaliks abejing\u0173.<\/p>\n<p class=\"\" data-start=\"1378\" data-end=\"1716\">Jei domina daugiau originali\u0173 aksesuar\u0173, per\u017ei\u016br\u0117k <a target=\"_new\" rel=\"noopener\" data-start=\"1429\" data-end=\"1520\">Motociklo rakt\u0173 pakabukai<\/a>. Taip pat rekomenduojame pasidom\u0117ti <a target=\"_new\" rel=\"noopener\" data-start=\"1557\" data-end=\"1643\">\u0161iuo \u012fra\u0161u<\/a> apie geriausias dovanas motociklininkams \u2013 id\u0117j\u0173 niekada nebus per daug.<\/p>\n<h4 class=\"\" data-start=\"765\" data-end=\"798\">Universalumas ir pritaikymas<\/h4>\n<p class=\"\" data-start=\"800\" data-end=\"993\">\u0160is pakabukas tinka ne tik raktams. J\u012f galima prisegti prie kuprin\u0117s, automobili\u0173 rakt\u0173 ar naudoti kaip dekoratyvin\u012f element\u0105 interjere. Tai \u2013 puikus b\u016bdas parodyti savo charakter\u012f ir pom\u0117gius.<\/p>\n<h4 class=\"\" data-start=\"995\" data-end=\"1027\">Prieinama dovana kiekvienam<\/h4>\n<p class=\"\" data-start=\"1029\" data-end=\"1196\">Ie\u0161kote nebrangios, bet \u012fsimintinos dovanos? Motociklo \u0161almo pakabukas tikrai nustebins ir prad\u017eiugins. Jis tiks tiek jaunimui, tiek vyresniems motocikl\u0173 entuziastams.<\/p>\n<hr class=\"\" data-start=\"1198\" data-end=\"1201\" \/>\n<p class=\"\" data-start=\"1203\" data-end=\"1534\">\ud83d\udccc Rekomenduojame per\u017ei\u016br\u0117ti ir kitus <a target=\"_new\" rel=\"noopener\" data-start=\"1241\" data-end=\"1332\">Motociklo rakt\u0173 pakabukai<\/a> und <a class=\"\" href=\"https:\/\/kabinam.lt\/de\/produktkategorie-2\/beliebteste-produktkategorie\/\" target=\"_new\" rel=\"noopener\" data-start=\"1337\" data-end=\"1435\">Beliebteste Produkte<\/a>. Daugiau \u012fkv\u0117pimo rasite <a target=\"_new\" rel=\"noopener\" data-start=\"1461\" data-end=\"1515\">hier<\/a> (externer Link).<\/p>\n<p>F\u00fcr weitere erm\u00e4\u00dfigte Produkte siehe <a href=\"https:\/\/kabinam.lt\/de\/produktkategorie-2\/sale\/\">hier<\/a>.<\/p>","protected":false},"excerpt":{"rendered":"<p>Miniati\u016brinis motociklo \u0161almo pakabukas, skirtas raktams, kuprin\u0117ms ar kaip dovana motocikl\u0173 gerb\u0117jui.<\/p>","protected":false},"featured_media":2668,"comment_status":"closed","ping_status":"closed","template":"","meta":{"_uag_custom_page_level_css":"","site-sidebar-layout":"default","site-content-layout":"","ast-site-content-layout":"default","site-content-style":"default","site-sidebar-style":"default","ast-global-header-display":"","ast-banner-title-visibility":"","ast-main-header-display":"","ast-hfb-above-header-display":"","ast-hfb-below-header-display":"","ast-hfb-mobile-header-display":"","site-post-title":"","ast-breadcrumbs-content":"","ast-featured-img":"","footer-sml-layout":"","ast-disable-related-posts":"","theme-transparent-header-meta":"default","adv-header-id-meta":"","stick-header-meta":"","header-above-stick-meta":"","header-main-stick-meta":"","header-below-stick-meta":"","astra-migrate-meta-layouts":"set","ast-page-background-enabled":"default","ast-page-background-meta":{"desktop":{"background-color":"var(--ast-global-color-4)","background-image":"","background-repeat":"repeat","background-position":"center center","background-size":"auto","background-attachment":"scroll","background-type":"","background-media":"","overlay-type":"","overlay-color":"","overlay-opacity":"","overlay-gradient":""},"tablet":{"background-color":"","background-image":"","background-repeat":"repeat","background-position":"center center","background-size":"auto","background-attachment":"scroll","background-type":"","background-media":"","overlay-type":"","overlay-color":"","overlay-opacity":"","overlay-gradient":""},"mobile":{"background-color":"","background-image":"","background-repeat":"repeat","background-position":"center center","background-size":"auto","background-attachment":"scroll","background-type":"","background-media":"","overlay-type":"","overlay-color":"","overlay-opacity":"","overlay-gradient":""}},"ast-content-background-meta":{"desktop":{"background-color":"var(--ast-global-color-5)","background-image":"","background-repeat":"repeat","background-position":"center center","background-size":"auto","background-attachment":"scroll","background-type":"","background-media":"","overlay-type":"","overlay-color":"","overlay-opacity":"","overlay-gradient":""},"tablet":{"background-color":"var(--ast-global-color-5)","background-image":"","background-repeat":"repeat","background-position":"center center","background-size":"auto","background-attachment":"scroll","background-type":"","background-media":"","overlay-type":"","overlay-color":"","overlay-opacity":"","overlay-gradient":""},"mobile":{"background-color":"var(--ast-global-color-5)","background-image":"","background-repeat":"repeat","background-position":"center center","background-size":"auto","background-attachment":"scroll","background-type":"","background-media":"","overlay-type":"","overlay-color":"","overlay-opacity":"","overlay-gradient":""}}},"product_brand":[],"product_cat":[125,126,91,118,92],"product_tag":[],"class_list":{"0":"post-2662","1":"product","2":"type-product","3":"status-publish","4":"has-post-thumbnail","6":"product_cat-halloween","7":"product_cat-visi","8":"product_cat-motociklo-raktu-pakabukai","9":"product_cat-dovana-teciui","10":"product_cat-populiariausiu-produktu-kategorija","11":"desktop-align-center","12":"tablet-align-left","13":"mobile-align-left","15":"first","16":"instock","17":"shipping-taxable","18":"purchasable","19":"product-type-simple"},"yoast_head":"<!-- This site is optimized with the Yoast SEO plugin v27.1.1 - https:\/\/yoast.com\/product\/yoast-seo-wordpress\/ -->\n<title>Motociklo \u0161almo pakabukas \u2013 stilingas miniati\u016brinis aksesuaras - kabinam.lt<\/title>\n<meta name=\"description\" content=\"Detalus motociklo \u0161almo pakabukas \u2013 i\u0161skirtinis aksesuaras raktams ar kuprinei. Puikiai tinka kaip dovana motociklininkui.\" \/>\n<meta name=\"robots\" content=\"index, follow, max-snippet:-1, max-image-preview:large, max-video-preview:-1\" \/>\n<link rel=\"canonical\" href=\"https:\/\/kabinam.lt\/de\/produkt\/motociklo-salmo-pakabukas\/\" \/>\n<meta property=\"og:locale\" content=\"de_DE\" \/>\n<meta property=\"og:type\" content=\"article\" \/>\n<meta property=\"og:title\" content=\"Motociklo \u0161almo pakabukas \u2013 stilingas miniati\u016brinis aksesuaras - kabinam.lt\" \/>\n<meta property=\"og:description\" content=\"Detalus motociklo \u0161almo pakabukas \u2013 i\u0161skirtinis aksesuaras raktams ar kuprinei. Puikiai tinka kaip dovana motociklininkui.\" \/>\n<meta property=\"og:url\" content=\"https:\/\/kabinam.lt\/de\/produkt\/motociklo-salmo-pakabukas\/\" \/>\n<meta property=\"og:site_name\" content=\"kabinam.lt\" \/>\n<meta property=\"article:modified_time\" content=\"2026-01-23T17:27:31+00:00\" \/>\n<meta property=\"og:image\" content=\"https:\/\/kabinam.lt\/wp-content\/uploads\/2024\/08\/ezgif.com-webp-to-jpg-converter-removebg-preview.png\" \/>\n\t<meta property=\"og:image:width\" content=\"500\" \/>\n\t<meta property=\"og:image:height\" content=\"500\" \/>\n\t<meta property=\"og:image:type\" content=\"image\/png\" \/>\n<meta name=\"twitter:card\" content=\"summary_large_image\" \/>\n<meta name=\"twitter:label1\" content=\"Gesch\u00e4tzte Lesezeit\" \/>\n\t<meta name=\"twitter:data1\" content=\"2\u00a0Minuten\" \/>\n<script type=\"application\/ld+json\" class=\"yoast-schema-graph\">{\"@context\":\"https:\/\/schema.org\",\"@graph\":[{\"@type\":[\"WebPage\",\"ItemPage\"],\"@id\":\"https:\/\/kabinam.lt\/product\/motociklo-salmo-pakabukas\/\",\"url\":\"https:\/\/kabinam.lt\/product\/motociklo-salmo-pakabukas\/\",\"name\":\"Motociklo \u0161almo pakabukas \u2013 stilingas miniati\u016brinis aksesuaras - kabinam.lt\",\"isPartOf\":{\"@id\":\"https:\/\/kabinam.lt\/#website\"},\"primaryImageOfPage\":{\"@id\":\"https:\/\/kabinam.lt\/product\/motociklo-salmo-pakabukas\/#primaryimage\"},\"image\":{\"@id\":\"https:\/\/kabinam.lt\/product\/motociklo-salmo-pakabukas\/#primaryimage\"},\"thumbnailUrl\":\"https:\/\/kabinam.lt\/wp-content\/uploads\/2024\/08\/ezgif.com-webp-to-jpg-converter-removebg-preview.png\",\"datePublished\":\"2024-08-17T07:43:23+00:00\",\"dateModified\":\"2026-01-23T17:27:31+00:00\",\"description\":\"Detalus motociklo \u0161almo pakabukas \u2013 i\u0161skirtinis aksesuaras raktams ar kuprinei. Puikiai tinka kaip dovana motociklininkui.\",\"breadcrumb\":{\"@id\":\"https:\/\/kabinam.lt\/product\/motociklo-salmo-pakabukas\/#breadcrumb\"},\"inLanguage\":\"de\",\"potentialAction\":[{\"@type\":\"ReadAction\",\"target\":[\"https:\/\/kabinam.lt\/product\/motociklo-salmo-pakabukas\/\"]}]},{\"@type\":\"ImageObject\",\"inLanguage\":\"de\",\"@id\":\"https:\/\/kabinam.lt\/product\/motociklo-salmo-pakabukas\/#primaryimage\",\"url\":\"https:\/\/kabinam.lt\/wp-content\/uploads\/2024\/08\/ezgif.com-webp-to-jpg-converter-removebg-preview.png\",\"contentUrl\":\"https:\/\/kabinam.lt\/wp-content\/uploads\/2024\/08\/ezgif.com-webp-to-jpg-converter-removebg-preview.png\",\"width\":500,\"height\":500,\"caption\":\"Trima\u010dio dizaino motociklo \u0161almo pakabukas\"},{\"@type\":\"BreadcrumbList\",\"@id\":\"https:\/\/kabinam.lt\/product\/motociklo-salmo-pakabukas\/#breadcrumb\",\"itemListElement\":[{\"@type\":\"ListItem\",\"position\":1,\"name\":\"Home\",\"item\":\"https:\/\/kabinam.lt\/\"},{\"@type\":\"ListItem\",\"position\":2,\"name\":\"Visi Produktai\",\"item\":\"https:\/\/kabinam.lt\/visi-produktai\/\"},{\"@type\":\"ListItem\",\"position\":3,\"name\":\"Motociklo \u0161almo pakabukas \u2013 stilingas miniati\u016brinis aksesuaras\"}]},{\"@type\":\"WebSite\",\"@id\":\"https:\/\/kabinam.lt\/#website\",\"url\":\"https:\/\/kabinam.lt\/\",\"name\":\"kabinam.lt\",\"description\":\"Kabinam.lt \u2013 raktu pakabukai ir aksesuarai\",\"publisher\":{\"@id\":\"https:\/\/kabinam.lt\/#organization\"},\"alternateName\":\"pakabukai lt\",\"potentialAction\":[{\"@type\":\"SearchAction\",\"target\":{\"@type\":\"EntryPoint\",\"urlTemplate\":\"https:\/\/kabinam.lt\/?s={search_term_string}\"},\"query-input\":{\"@type\":\"PropertyValueSpecification\",\"valueRequired\":true,\"valueName\":\"search_term_string\"}}],\"inLanguage\":\"de\"},{\"@type\":\"Organization\",\"@id\":\"https:\/\/kabinam.lt\/#organization\",\"name\":\"kabinam.lt\",\"alternateName\":\"kabinam\",\"url\":\"https:\/\/kabinam.lt\/\",\"logo\":{\"@type\":\"ImageObject\",\"inLanguage\":\"de\",\"@id\":\"https:\/\/kabinam.lt\/#\/schema\/logo\/image\/\",\"url\":\"https:\/\/kabinam.lt\/wp-content\/uploads\/2025\/05\/KABINAM_outer_glow.png\",\"contentUrl\":\"https:\/\/kabinam.lt\/wp-content\/uploads\/2025\/05\/KABINAM_outer_glow.png\",\"width\":474,\"height\":141,\"caption\":\"kabinam.lt\"},\"image\":{\"@id\":\"https:\/\/kabinam.lt\/#\/schema\/logo\/image\/\"}}]}<\/script>\n<!-- \/ Yoast SEO plugin. -->","yoast_head_json":{"title":"Motociklo \u0161almo pakabukas \u2013 stilingas miniati\u016brinis aksesuaras - kabinam.lt","description":"Detalus motociklo \u0161almo pakabukas \u2013 i\u0161skirtinis aksesuaras raktams ar kuprinei. Puikiai tinka kaip dovana motociklininkui.","robots":{"index":"index","follow":"follow","max-snippet":"max-snippet:-1","max-image-preview":"max-image-preview:large","max-video-preview":"max-video-preview:-1"},"canonical":"https:\/\/kabinam.lt\/de\/produkt\/motociklo-salmo-pakabukas\/","og_locale":"de_DE","og_type":"article","og_title":"Motociklo \u0161almo pakabukas \u2013 stilingas miniati\u016brinis aksesuaras - kabinam.lt","og_description":"Detalus motociklo \u0161almo pakabukas \u2013 i\u0161skirtinis aksesuaras raktams ar kuprinei. Puikiai tinka kaip dovana motociklininkui.","og_url":"https:\/\/kabinam.lt\/de\/produkt\/motociklo-salmo-pakabukas\/","og_site_name":"kabinam.lt","article_modified_time":"2026-01-23T17:27:31+00:00","og_image":[{"width":500,"height":500,"url":"https:\/\/kabinam.lt\/wp-content\/uploads\/2024\/08\/ezgif.com-webp-to-jpg-converter-removebg-preview.png","type":"image\/png"}],"twitter_card":"summary_large_image","twitter_misc":{"Gesch\u00e4tzte Lesezeit":"2\u00a0Minuten"},"schema":{"@context":"https:\/\/schema.org","@graph":[{"@type":["WebPage","ItemPage"],"@id":"https:\/\/kabinam.lt\/product\/motociklo-salmo-pakabukas\/","url":"https:\/\/kabinam.lt\/product\/motociklo-salmo-pakabukas\/","name":"Motociklo \u0161almo pakabukas \u2013 stilingas miniati\u016brinis aksesuaras - kabinam.lt","isPartOf":{"@id":"https:\/\/kabinam.lt\/#website"},"primaryImageOfPage":{"@id":"https:\/\/kabinam.lt\/product\/motociklo-salmo-pakabukas\/#primaryimage"},"image":{"@id":"https:\/\/kabinam.lt\/product\/motociklo-salmo-pakabukas\/#primaryimage"},"thumbnailUrl":"https:\/\/kabinam.lt\/wp-content\/uploads\/2024\/08\/ezgif.com-webp-to-jpg-converter-removebg-preview.png","datePublished":"2024-08-17T07:43:23+00:00","dateModified":"2026-01-23T17:27:31+00:00","description":"Detalus motociklo \u0161almo pakabukas \u2013 i\u0161skirtinis aksesuaras raktams ar kuprinei. Puikiai tinka kaip dovana motociklininkui.","breadcrumb":{"@id":"https:\/\/kabinam.lt\/product\/motociklo-salmo-pakabukas\/#breadcrumb"},"inLanguage":"de","potentialAction":[{"@type":"ReadAction","target":["https:\/\/kabinam.lt\/product\/motociklo-salmo-pakabukas\/"]}]},{"@type":"ImageObject","inLanguage":"de","@id":"https:\/\/kabinam.lt\/product\/motociklo-salmo-pakabukas\/#primaryimage","url":"https:\/\/kabinam.lt\/wp-content\/uploads\/2024\/08\/ezgif.com-webp-to-jpg-converter-removebg-preview.png","contentUrl":"https:\/\/kabinam.lt\/wp-content\/uploads\/2024\/08\/ezgif.com-webp-to-jpg-converter-removebg-preview.png","width":500,"height":500,"caption":"Trima\u010dio dizaino motociklo \u0161almo pakabukas"},{"@type":"BreadcrumbList","@id":"https:\/\/kabinam.lt\/product\/motociklo-salmo-pakabukas\/#breadcrumb","itemListElement":[{"@type":"ListItem","position":1,"name":"Home","item":"https:\/\/kabinam.lt\/"},{"@type":"ListItem","position":2,"name":"Visi Produktai","item":"https:\/\/kabinam.lt\/visi-produktai\/"},{"@type":"ListItem","position":3,"name":"Motociklo \u0161almo pakabukas \u2013 stilingas miniati\u016brinis aksesuaras"}]},{"@type":"WebSite","@id":"https:\/\/kabinam.lt\/#website","url":"https:\/\/kabinam.lt\/","name":"kabinam.lt","description":"Kabinam.lt - Schl\u00fcsselanh\u00e4nger und Zubeh\u00f6r","publisher":{"@id":"https:\/\/kabinam.lt\/#organization"},"alternateName":"pakabukai lt","potentialAction":[{"@type":"SearchAction","target":{"@type":"EntryPoint","urlTemplate":"https:\/\/kabinam.lt\/?s={search_term_string}"},"query-input":{"@type":"PropertyValueSpecification","valueRequired":true,"valueName":"search_term_string"}}],"inLanguage":"de"},{"@type":"Organization","@id":"https:\/\/kabinam.lt\/#organization","name":"kabinam.lt","alternateName":"kabinam","url":"https:\/\/kabinam.lt\/","logo":{"@type":"ImageObject","inLanguage":"de","@id":"https:\/\/kabinam.lt\/#\/schema\/logo\/image\/","url":"https:\/\/kabinam.lt\/wp-content\/uploads\/2025\/05\/KABINAM_outer_glow.png","contentUrl":"https:\/\/kabinam.lt\/wp-content\/uploads\/2025\/05\/KABINAM_outer_glow.png","width":474,"height":141,"caption":"kabinam.lt"},"image":{"@id":"https:\/\/kabinam.lt\/#\/schema\/logo\/image\/"}}]}},"uagb_featured_image_src":{"full":["https:\/\/kabinam.lt\/wp-content\/uploads\/2024\/08\/ezgif.com-webp-to-jpg-converter-removebg-preview.png",500,500,false],"thumbnail":["https:\/\/kabinam.lt\/wp-content\/uploads\/2024\/08\/ezgif.com-webp-to-jpg-converter-removebg-preview-150x150.png",150,150,true],"medium":["https:\/\/kabinam.lt\/wp-content\/uploads\/2024\/08\/ezgif.com-webp-to-jpg-converter-removebg-preview-300x300.png",300,300,true],"medium_large":["https:\/\/kabinam.lt\/wp-content\/uploads\/2024\/08\/ezgif.com-webp-to-jpg-converter-removebg-preview.png",500,500,false],"large":["https:\/\/kabinam.lt\/wp-content\/uploads\/2024\/08\/ezgif.com-webp-to-jpg-converter-removebg-preview.png",500,500,false],"1536x1536":["https:\/\/kabinam.lt\/wp-content\/uploads\/2024\/08\/ezgif.com-webp-to-jpg-converter-removebg-preview.png",500,500,false],"2048x2048":["https:\/\/kabinam.lt\/wp-content\/uploads\/2024\/08\/ezgif.com-webp-to-jpg-converter-removebg-preview.png",500,500,false],"trp-custom-language-flag":["https:\/\/kabinam.lt\/wp-content\/uploads\/2024\/08\/ezgif.com-webp-to-jpg-converter-removebg-preview.png",12,12,false],"woocommerce_thumbnail":["https:\/\/kabinam.lt\/wp-content\/uploads\/2024\/08\/ezgif.com-webp-to-jpg-converter-removebg-preview-300x300.png",300,300,true],"woocommerce_single":["https:\/\/kabinam.lt\/wp-content\/uploads\/2024\/08\/ezgif.com-webp-to-jpg-converter-removebg-preview.png",500,500,false],"woocommerce_gallery_thumbnail":["https:\/\/kabinam.lt\/wp-content\/uploads\/2024\/08\/ezgif.com-webp-to-jpg-converter-removebg-preview-100x100.png",100,100,true]},"uagb_author_info":{"display_name":"kabinam.lt","author_link":"https:\/\/kabinam.lt\/de\/author\/"},"uagb_comment_info":0,"uagb_excerpt":"Miniati\u016brinis motociklo \u0161almo pakabukas, skirtas raktams, kuprin\u0117ms ar kaip dovana motocikl\u0173 gerb\u0117jui.","_links":{"self":[{"href":"https:\/\/kabinam.lt\/de\/wp-json\/wp\/v2\/product\/2662","targetHints":{"allow":["GET"]}}],"collection":[{"href":"https:\/\/kabinam.lt\/de\/wp-json\/wp\/v2\/product"}],"about":[{"href":"https:\/\/kabinam.lt\/de\/wp-json\/wp\/v2\/types\/product"}],"replies":[{"embeddable":true,"href":"https:\/\/kabinam.lt\/de\/wp-json\/wp\/v2\/comments?post=2662"}],"wp:featuredmedia":[{"embeddable":true,"href":"https:\/\/kabinam.lt\/de\/wp-json\/wp\/v2\/media\/2668"}],"wp:attachment":[{"href":"https:\/\/kabinam.lt\/de\/wp-json\/wp\/v2\/media?parent=2662"}],"wp:term":[{"taxonomy":"product_brand","embeddable":true,"href":"https:\/\/kabinam.lt\/de\/wp-json\/wp\/v2\/product_brand?post=2662"},{"taxonomy":"product_cat","embeddable":true,"href":"https:\/\/kabinam.lt\/de\/wp-json\/wp\/v2\/product_cat?post=2662"},{"taxonomy":"product_tag","embeddable":true,"href":"https:\/\/kabinam.lt\/de\/wp-json\/wp\/v2\/product_tag?post=2662"}],"curies":[{"name":"wp","href":"https:\/\/api.w.org\/{rel}","templated":true}]}}