{"id":2525,"date":"2024-08-15T12:32:18","date_gmt":"2024-08-15T09:32:18","guid":{"rendered":"https:\/\/kabinam.lt\/?post_type=product&#038;p=2525"},"modified":"2026-01-18T15:55:40","modified_gmt":"2026-01-18T13:55:40","slug":"mesquite-anhanger","status":"publish","type":"product","link":"https:\/\/kabinam.lt\/de\/product\/meskutis-pakabukas\/","title":{"rendered":"B\u00e4ren-Anh\u00e4nger mit Panama - ein exklusiver Schl\u00fcsselanh\u00e4nger"},"content":{"rendered":"<div class=\"kk-star-ratings kksr-auto kksr-align-left kksr-valign-top\"\n    data-payload='{&quot;align&quot;:&quot;left&quot;,&quot;id&quot;:&quot;2525&quot;,&quot;slug&quot;:&quot;default&quot;,&quot;valign&quot;:&quot;top&quot;,&quot;ignore&quot;:&quot;&quot;,&quot;reference&quot;:&quot;auto&quot;,&quot;class&quot;:&quot;&quot;,&quot;count&quot;:&quot;0&quot;,&quot;legendonly&quot;:&quot;&quot;,&quot;readonly&quot;:&quot;&quot;,&quot;score&quot;:&quot;0&quot;,&quot;starsonly&quot;:&quot;&quot;,&quot;best&quot;:&quot;5&quot;,&quot;gap&quot;:&quot;5&quot;,&quot;greet&quot;:&quot;Mums svarbus j\u016bs\u0173 \u012fvertinimas&quot;,&quot;legend&quot;:&quot;0\\\/5 - (0 votes)&quot;,&quot;size&quot;:&quot;24&quot;,&quot;title&quot;:&quot;Me\u0161kutis pakabukas su panamke \u2013 i\u0161skirtinis pakabukas raktams&quot;,&quot;width&quot;:&quot;0&quot;,&quot;_legend&quot;:&quot;{score}\\\/{best} - ({count} {votes})&quot;,&quot;font_factor&quot;:&quot;1.25&quot;}'>\n            \n<div class=\"kksr-stars\">\n    \n<div class=\"kksr-stars-inactive\">\n            <div class=\"kksr-star\" data-star=\"1\" style=\"padding-right: 5px\">\n            \n\n<div class=\"kksr-icon\" style=\"width: 24px; height: 24px;\"><\/div>\n        <\/div>\n            <div class=\"kksr-star\" data-star=\"2\" style=\"padding-right: 5px\">\n            \n\n<div class=\"kksr-icon\" style=\"width: 24px; height: 24px;\"><\/div>\n        <\/div>\n            <div class=\"kksr-star\" data-star=\"3\" style=\"padding-right: 5px\">\n            \n\n<div class=\"kksr-icon\" style=\"width: 24px; height: 24px;\"><\/div>\n        <\/div>\n            <div class=\"kksr-star\" data-star=\"4\" style=\"padding-right: 5px\">\n            \n\n<div class=\"kksr-icon\" style=\"width: 24px; height: 24px;\"><\/div>\n        <\/div>\n            <div class=\"kksr-star\" data-star=\"5\" style=\"padding-right: 5px\">\n            \n\n<div class=\"kksr-icon\" style=\"width: 24px; height: 24px;\"><\/div>\n        <\/div>\n    <\/div>\n    \n<div class=\"kksr-stars-active\" style=\"width: 0px;\">\n            <div class=\"kksr-star\" style=\"padding-right: 5px\">\n            \n\n<div class=\"kksr-icon\" style=\"width: 24px; height: 24px;\"><\/div>\n        <\/div>\n            <div class=\"kksr-star\" style=\"padding-right: 5px\">\n            \n\n<div class=\"kksr-icon\" style=\"width: 24px; height: 24px;\"><\/div>\n        <\/div>\n            <div class=\"kksr-star\" style=\"padding-right: 5px\">\n            \n\n<div class=\"kksr-icon\" style=\"width: 24px; height: 24px;\"><\/div>\n        <\/div>\n            <div class=\"kksr-star\" style=\"padding-right: 5px\">\n            \n\n<div class=\"kksr-icon\" style=\"width: 24px; height: 24px;\"><\/div>\n        <\/div>\n            <div class=\"kksr-star\" style=\"padding-right: 5px\">\n            \n\n<div class=\"kksr-icon\" style=\"width: 24px; height: 24px;\"><\/div>\n        <\/div>\n    <\/div>\n<\/div>\n                \n\n<div class=\"kksr-legend\" style=\"font-size: 19.2px;\">\n            <span class=\"kksr-muted\">Ihre Bewertung ist f\u00fcr uns wichtig<\/span>\n    <\/div>\n    <\/div>\n<p class=\"\" data-start=\"158\" data-end=\"540\"><strong data-start=\"158\" data-end=\"180\">B\u00e4r-Anh\u00e4nger<\/strong> mit Panamahut ist eine charmante Wahl f\u00fcr alle, die ein niedliches, stilvolles und exklusives Schl\u00fcsselzubeh\u00f6r suchen. Dieser 3D-Schl\u00fcsselanh\u00e4nger im Cartoon-Stil ist aus robustem PVC-Kunststoff gefertigt, was ihn nicht nur sch\u00f6n anzuschauen, sondern auch langlebig macht. Der schlafende Teddyb\u00e4r mit dem Panamahut f\u00e4llt sofort ins Auge - eine lustige und fr\u00f6hliche Erg\u00e4nzung f\u00fcr Ihren Alltag.<\/p>\n<h3 class=\"\" data-start=\"542\" data-end=\"584\">Warum ein B\u00e4ren-Anh\u00e4nger?<\/h3>\n<p class=\"\" data-start=\"586\" data-end=\"898\">Diese <strong data-start=\"590\" data-end=\"612\">Waschb\u00e4r-Anh\u00e4nger<\/strong> ist nicht nur funktional, sondern spiegelt auch Ihre Individualit\u00e4t und Ihren verspielten Sinn f\u00fcr Stil wider. Er eignet sich perfekt f\u00fcr Ihre Schl\u00fcssel, Ihren Rucksack oder sogar Ihre Handtasche - wo auch immer Sie ihn anbringen, er wird Ihnen ein L\u00e4cheln ins Gesicht zaubern. Au\u00dferdem ist er leicht und kompakt, so dass er auch bei t\u00e4glichem Tragen nicht im Weg ist.<\/p>\n<p class=\"\" data-start=\"900\" data-end=\"1160\">Der Anh\u00e4nger ist besonders bei Kindern und Jugendlichen beliebt, aber er passt zu allen, die Cartoon-Accessoires m\u00f6gen und einen warmen, freundlichen Stil suchen. Durch seine Vielseitigkeit eignet er sich perfekt als Geschenk f\u00fcr einen Freund, ein Kind oder auch f\u00fcr Sie selbst - \u00fcberraschen Sie sich selbst oder jemand anderen mit einer lustigen Kleinigkeit!<\/p>\n<h3 class=\"\" data-start=\"1162\" data-end=\"1196\">Ein Geschenk, das Sie immer gl\u00fccklich machen wird<\/h3>\n<p class=\"\" data-start=\"1198\" data-end=\"1528\">Der Anh\u00e4nger mit B\u00e4renm\u00fctze ist ein wunderbares Geschenk zum Geburtstag, zu Weihnachten oder zu jedem anderen Anlass. Er ist ein Accessoire mit Charakter - nicht nur praktisch, sondern auch emotional charmant. Vor allem, wenn Sie mit kleinen, aber wichtigen Gesten Aufmerksamkeit zeigen wollen. So ein niedliches kleines Ding kann so viel mehr bedeuten, als man auf den ersten Blick sieht.<\/p>\n<p class=\"\" data-start=\"1530\" data-end=\"1736\">Der Anh\u00e4nger ist auch f\u00fcr Sammler und Liebhaber origineller Details geeignet. Es ist eine lustige Art und Weise, einen Hauch von W\u00e4rme zu Ihrem t\u00e4glichen Outfit oder ein wenig W\u00e4rme zu Ihren allt\u00e4glichen Gegenst\u00e4nden hinzuzuf\u00fcgen.<\/p>\n<p>F\u00fcr weitere erm\u00e4\u00dfigte Produkte siehe <a href=\"https:\/\/kabinam.lt\/de\/produktkategorie-2\/sale\/\">hier<\/a>.<\/p>","protected":false},"excerpt":{"rendered":"<p>Schlafb\u00e4r-Anh\u00e4nger mit Hut aus PVC - ein niedliches, stilvolles und praktisches Accessoire f\u00fcr Schl\u00fcssel.<\/p>","protected":false},"featured_media":2532,"comment_status":"closed","ping_status":"closed","template":"","meta":{"_uag_custom_page_level_css":"","site-sidebar-layout":"default","site-content-layout":"","ast-site-content-layout":"default","site-content-style":"default","site-sidebar-style":"default","ast-global-header-display":"","ast-banner-title-visibility":"","ast-main-header-display":"","ast-hfb-above-header-display":"","ast-hfb-below-header-display":"","ast-hfb-mobile-header-display":"","site-post-title":"","ast-breadcrumbs-content":"","ast-featured-img":"","footer-sml-layout":"","ast-disable-related-posts":"","theme-transparent-header-meta":"default","adv-header-id-meta":"","stick-header-meta":"","header-above-stick-meta":"","header-main-stick-meta":"","header-below-stick-meta":"","astra-migrate-meta-layouts":"set","ast-page-background-enabled":"default","ast-page-background-meta":{"desktop":{"background-color":"var(--ast-global-color-4)","background-image":"","background-repeat":"repeat","background-position":"center center","background-size":"auto","background-attachment":"scroll","background-type":"","background-media":"","overlay-type":"","overlay-color":"","overlay-opacity":"","overlay-gradient":""},"tablet":{"background-color":"","background-image":"","background-repeat":"repeat","background-position":"center center","background-size":"auto","background-attachment":"scroll","background-type":"","background-media":"","overlay-type":"","overlay-color":"","overlay-opacity":"","overlay-gradient":""},"mobile":{"background-color":"","background-image":"","background-repeat":"repeat","background-position":"center center","background-size":"auto","background-attachment":"scroll","background-type":"","background-media":"","overlay-type":"","overlay-color":"","overlay-opacity":"","overlay-gradient":""}},"ast-content-background-meta":{"desktop":{"background-color":"var(--ast-global-color-5)","background-image":"","background-repeat":"repeat","background-position":"center center","background-size":"auto","background-attachment":"scroll","background-type":"","background-media":"","overlay-type":"","overlay-color":"","overlay-opacity":"","overlay-gradient":""},"tablet":{"background-color":"var(--ast-global-color-5)","background-image":"","background-repeat":"repeat","background-position":"center center","background-size":"auto","background-attachment":"scroll","background-type":"","background-media":"","overlay-type":"","overlay-color":"","overlay-opacity":"","overlay-gradient":""},"mobile":{"background-color":"var(--ast-global-color-5)","background-image":"","background-repeat":"repeat","background-position":"center center","background-size":"auto","background-attachment":"scroll","background-type":"","background-media":"","overlay-type":"","overlay-color":"","overlay-opacity":"","overlay-gradient":""}}},"product_brand":[],"product_cat":[125,126,95,118,92],"product_tag":[],"class_list":{"0":"post-2525","1":"product","2":"type-product","3":"status-publish","4":"has-post-thumbnail","6":"product_cat-halloween","7":"product_cat-visi","8":"product_cat-unikalus-raktu-pakabukai","9":"product_cat-dovana-teciui","10":"product_cat-populiariausiu-produktu-kategorija","11":"desktop-align-center","12":"tablet-align-left","13":"mobile-align-left","15":"first","16":"instock","17":"shipping-taxable","18":"purchasable","19":"product-type-variable"},"yoast_head":"<!-- This site is optimized with the Yoast SEO plugin v27.1.1 - https:\/\/yoast.com\/product\/yoast-seo-wordpress\/ -->\n<title>Me\u0161kutis pakabukas su panamke \u2013 i\u0161skirtinis pakabukas raktams<\/title>\n<meta name=\"description\" content=\"Me\u0161kutis pakabukas su skrybele panamke \u2013 \u017eaismingas aksesuaras tavo raktams, puikiai tinkantis ir kaip dovana sau ar draugui.\" \/>\n<meta name=\"robots\" content=\"index, follow, max-snippet:-1, max-image-preview:large, max-video-preview:-1\" \/>\n<link rel=\"canonical\" href=\"https:\/\/kabinam.lt\/de\/produkt\/mesquite-anhanger\/\" \/>\n<meta property=\"og:locale\" content=\"de_DE\" \/>\n<meta property=\"og:type\" content=\"article\" \/>\n<meta property=\"og:title\" content=\"Me\u0161kutis pakabukas su panamke \u2013 i\u0161skirtinis pakabukas raktams\" \/>\n<meta property=\"og:description\" content=\"Me\u0161kutis pakabukas su skrybele panamke \u2013 \u017eaismingas aksesuaras tavo raktams, puikiai tinkantis ir kaip dovana sau ar draugui.\" \/>\n<meta property=\"og:url\" content=\"https:\/\/kabinam.lt\/de\/produkt\/mesquite-anhanger\/\" \/>\n<meta property=\"og:site_name\" content=\"kabinam.lt\" \/>\n<meta property=\"article:modified_time\" content=\"2026-01-18T13:55:40+00:00\" \/>\n<meta property=\"og:image\" content=\"https:\/\/kabinam.lt\/wp-content\/uploads\/2024\/08\/8fbb52a3-0e49-4795-953c-92866a6a9baa.jpg\" \/>\n\t<meta property=\"og:image:width\" content=\"800\" \/>\n\t<meta property=\"og:image:height\" content=\"800\" \/>\n\t<meta property=\"og:image:type\" content=\"image\/jpeg\" \/>\n<meta name=\"twitter:card\" content=\"summary_large_image\" \/>\n<meta name=\"twitter:label1\" content=\"Gesch\u00e4tzte Lesezeit\" \/>\n\t<meta name=\"twitter:data1\" content=\"2\u00a0Minuten\" \/>\n<script type=\"application\/ld+json\" class=\"yoast-schema-graph\">{\"@context\":\"https:\/\/schema.org\",\"@graph\":[{\"@type\":[\"WebPage\",\"ItemPage\"],\"@id\":\"https:\/\/kabinam.lt\/eng\/product\/meskutis-pakabukas\/\",\"url\":\"https:\/\/kabinam.lt\/eng\/product\/meskutis-pakabukas\/\",\"name\":\"Me\u0161kutis pakabukas su panamke \u2013 i\u0161skirtinis pakabukas raktams\",\"isPartOf\":{\"@id\":\"https:\/\/kabinam.lt\/#website\"},\"primaryImageOfPage\":{\"@id\":\"https:\/\/kabinam.lt\/eng\/product\/meskutis-pakabukas\/#primaryimage\"},\"image\":{\"@id\":\"https:\/\/kabinam.lt\/eng\/product\/meskutis-pakabukas\/#primaryimage\"},\"thumbnailUrl\":\"https:\/\/kabinam.lt\/wp-content\/uploads\/2024\/08\/8fbb52a3-0e49-4795-953c-92866a6a9baa.jpg\",\"datePublished\":\"2024-08-15T09:32:18+00:00\",\"dateModified\":\"2026-01-18T13:55:40+00:00\",\"description\":\"Me\u0161kutis pakabukas su skrybele panamke \u2013 \u017eaismingas aksesuaras tavo raktams, puikiai tinkantis ir kaip dovana sau ar draugui.\",\"breadcrumb\":{\"@id\":\"https:\/\/kabinam.lt\/eng\/product\/meskutis-pakabukas\/#breadcrumb\"},\"inLanguage\":\"de\",\"potentialAction\":[{\"@type\":\"ReadAction\",\"target\":[\"https:\/\/kabinam.lt\/eng\/product\/meskutis-pakabukas\/\"]}]},{\"@type\":\"ImageObject\",\"inLanguage\":\"de\",\"@id\":\"https:\/\/kabinam.lt\/eng\/product\/meskutis-pakabukas\/#primaryimage\",\"url\":\"https:\/\/kabinam.lt\/wp-content\/uploads\/2024\/08\/8fbb52a3-0e49-4795-953c-92866a6a9baa.jpg\",\"contentUrl\":\"https:\/\/kabinam.lt\/wp-content\/uploads\/2024\/08\/8fbb52a3-0e49-4795-953c-92866a6a9baa.jpg\",\"width\":800,\"height\":800,\"caption\":\"Miegantis me\u0161kutis su skryb\u0117le\"},{\"@type\":\"BreadcrumbList\",\"@id\":\"https:\/\/kabinam.lt\/eng\/product\/meskutis-pakabukas\/#breadcrumb\",\"itemListElement\":[{\"@type\":\"ListItem\",\"position\":1,\"name\":\"Home\",\"item\":\"https:\/\/kabinam.lt\/\"},{\"@type\":\"ListItem\",\"position\":2,\"name\":\"Visi Produktai\",\"item\":\"https:\/\/kabinam.lt\/visi-produktai\/\"},{\"@type\":\"ListItem\",\"position\":3,\"name\":\"Me\u0161kutis pakabukas su panamke \u2013 i\u0161skirtinis pakabukas raktams\"}]},{\"@type\":\"WebSite\",\"@id\":\"https:\/\/kabinam.lt\/#website\",\"url\":\"https:\/\/kabinam.lt\/\",\"name\":\"kabinam.lt\",\"description\":\"Kabinam.lt \u2013 raktu pakabukai ir aksesuarai\",\"publisher\":{\"@id\":\"https:\/\/kabinam.lt\/#organization\"},\"alternateName\":\"pakabukai lt\",\"potentialAction\":[{\"@type\":\"SearchAction\",\"target\":{\"@type\":\"EntryPoint\",\"urlTemplate\":\"https:\/\/kabinam.lt\/?s={search_term_string}\"},\"query-input\":{\"@type\":\"PropertyValueSpecification\",\"valueRequired\":true,\"valueName\":\"search_term_string\"}}],\"inLanguage\":\"de\"},{\"@type\":\"Organization\",\"@id\":\"https:\/\/kabinam.lt\/#organization\",\"name\":\"kabinam.lt\",\"alternateName\":\"kabinam\",\"url\":\"https:\/\/kabinam.lt\/\",\"logo\":{\"@type\":\"ImageObject\",\"inLanguage\":\"de\",\"@id\":\"https:\/\/kabinam.lt\/#\/schema\/logo\/image\/\",\"url\":\"https:\/\/kabinam.lt\/wp-content\/uploads\/2025\/05\/KABINAM_outer_glow.png\",\"contentUrl\":\"https:\/\/kabinam.lt\/wp-content\/uploads\/2025\/05\/KABINAM_outer_glow.png\",\"width\":474,\"height\":141,\"caption\":\"kabinam.lt\"},\"image\":{\"@id\":\"https:\/\/kabinam.lt\/#\/schema\/logo\/image\/\"}}]}<\/script>\n<!-- \/ Yoast SEO plugin. -->","yoast_head_json":{"title":"B\u00e4ren-Anh\u00e4nger mit Panama - ein exklusiver Schl\u00fcsselanh\u00e4nger","description":"Der B\u00e4renanh\u00e4nger mit Panamahut ist ein verspieltes Accessoire f\u00fcr Ihren Schl\u00fcssel, perfekt als Geschenk f\u00fcr Sie selbst oder einen Freund.","robots":{"index":"index","follow":"follow","max-snippet":"max-snippet:-1","max-image-preview":"max-image-preview:large","max-video-preview":"max-video-preview:-1"},"canonical":"https:\/\/kabinam.lt\/de\/produkt\/mesquite-anhanger\/","og_locale":"de_DE","og_type":"article","og_title":"Me\u0161kutis pakabukas su panamke \u2013 i\u0161skirtinis pakabukas raktams","og_description":"Me\u0161kutis pakabukas su skrybele panamke \u2013 \u017eaismingas aksesuaras tavo raktams, puikiai tinkantis ir kaip dovana sau ar draugui.","og_url":"https:\/\/kabinam.lt\/de\/produkt\/mesquite-anhanger\/","og_site_name":"kabinam.lt","article_modified_time":"2026-01-18T13:55:40+00:00","og_image":[{"width":800,"height":800,"url":"https:\/\/kabinam.lt\/wp-content\/uploads\/2024\/08\/8fbb52a3-0e49-4795-953c-92866a6a9baa.jpg","type":"image\/jpeg"}],"twitter_card":"summary_large_image","twitter_misc":{"Gesch\u00e4tzte Lesezeit":"2\u00a0Minuten"},"schema":{"@context":"https:\/\/schema.org","@graph":[{"@type":["WebPage","ItemPage"],"@id":"https:\/\/kabinam.lt\/eng\/product\/meskutis-pakabukas\/","url":"https:\/\/kabinam.lt\/eng\/product\/meskutis-pakabukas\/","name":"B\u00e4ren-Anh\u00e4nger mit Panama - ein exklusiver Schl\u00fcsselanh\u00e4nger","isPartOf":{"@id":"https:\/\/kabinam.lt\/#website"},"primaryImageOfPage":{"@id":"https:\/\/kabinam.lt\/eng\/product\/meskutis-pakabukas\/#primaryimage"},"image":{"@id":"https:\/\/kabinam.lt\/eng\/product\/meskutis-pakabukas\/#primaryimage"},"thumbnailUrl":"https:\/\/kabinam.lt\/wp-content\/uploads\/2024\/08\/8fbb52a3-0e49-4795-953c-92866a6a9baa.jpg","datePublished":"2024-08-15T09:32:18+00:00","dateModified":"2026-01-18T13:55:40+00:00","description":"Der B\u00e4renanh\u00e4nger mit Panamahut ist ein verspieltes Accessoire f\u00fcr Ihren Schl\u00fcssel, perfekt als Geschenk f\u00fcr Sie selbst oder einen Freund.","breadcrumb":{"@id":"https:\/\/kabinam.lt\/eng\/product\/meskutis-pakabukas\/#breadcrumb"},"inLanguage":"de","potentialAction":[{"@type":"ReadAction","target":["https:\/\/kabinam.lt\/eng\/product\/meskutis-pakabukas\/"]}]},{"@type":"ImageObject","inLanguage":"de","@id":"https:\/\/kabinam.lt\/eng\/product\/meskutis-pakabukas\/#primaryimage","url":"https:\/\/kabinam.lt\/wp-content\/uploads\/2024\/08\/8fbb52a3-0e49-4795-953c-92866a6a9baa.jpg","contentUrl":"https:\/\/kabinam.lt\/wp-content\/uploads\/2024\/08\/8fbb52a3-0e49-4795-953c-92866a6a9baa.jpg","width":800,"height":800,"caption":"Miegantis me\u0161kutis su skryb\u0117le"},{"@type":"BreadcrumbList","@id":"https:\/\/kabinam.lt\/eng\/product\/meskutis-pakabukas\/#breadcrumb","itemListElement":[{"@type":"ListItem","position":1,"name":"Home","item":"https:\/\/kabinam.lt\/"},{"@type":"ListItem","position":2,"name":"Visi Produktai","item":"https:\/\/kabinam.lt\/visi-produktai\/"},{"@type":"ListItem","position":3,"name":"Me\u0161kutis pakabukas su panamke \u2013 i\u0161skirtinis pakabukas raktams"}]},{"@type":"WebSite","@id":"https:\/\/kabinam.lt\/#website","url":"https:\/\/kabinam.lt\/","name":"kabinam.lt","description":"Kabinam.lt - Schl\u00fcsselanh\u00e4nger und Zubeh\u00f6r","publisher":{"@id":"https:\/\/kabinam.lt\/#organization"},"alternateName":"pakabukai lt","potentialAction":[{"@type":"SearchAction","target":{"@type":"EntryPoint","urlTemplate":"https:\/\/kabinam.lt\/?s={search_term_string}"},"query-input":{"@type":"PropertyValueSpecification","valueRequired":true,"valueName":"search_term_string"}}],"inLanguage":"de"},{"@type":"Organization","@id":"https:\/\/kabinam.lt\/#organization","name":"kabinam.lt","alternateName":"kabinam","url":"https:\/\/kabinam.lt\/","logo":{"@type":"ImageObject","inLanguage":"de","@id":"https:\/\/kabinam.lt\/#\/schema\/logo\/image\/","url":"https:\/\/kabinam.lt\/wp-content\/uploads\/2025\/05\/KABINAM_outer_glow.png","contentUrl":"https:\/\/kabinam.lt\/wp-content\/uploads\/2025\/05\/KABINAM_outer_glow.png","width":474,"height":141,"caption":"kabinam.lt"},"image":{"@id":"https:\/\/kabinam.lt\/#\/schema\/logo\/image\/"}}]}},"uagb_featured_image_src":{"full":["https:\/\/kabinam.lt\/wp-content\/uploads\/2024\/08\/8fbb52a3-0e49-4795-953c-92866a6a9baa.jpg",800,800,false],"thumbnail":["https:\/\/kabinam.lt\/wp-content\/uploads\/2024\/08\/8fbb52a3-0e49-4795-953c-92866a6a9baa-150x150.jpg",150,150,true],"medium":["https:\/\/kabinam.lt\/wp-content\/uploads\/2024\/08\/8fbb52a3-0e49-4795-953c-92866a6a9baa-300x300.jpg",300,300,true],"medium_large":["https:\/\/kabinam.lt\/wp-content\/uploads\/2024\/08\/8fbb52a3-0e49-4795-953c-92866a6a9baa-768x768.jpg",768,768,true],"large":["https:\/\/kabinam.lt\/wp-content\/uploads\/2024\/08\/8fbb52a3-0e49-4795-953c-92866a6a9baa.jpg",800,800,false],"1536x1536":["https:\/\/kabinam.lt\/wp-content\/uploads\/2024\/08\/8fbb52a3-0e49-4795-953c-92866a6a9baa.jpg",800,800,false],"2048x2048":["https:\/\/kabinam.lt\/wp-content\/uploads\/2024\/08\/8fbb52a3-0e49-4795-953c-92866a6a9baa.jpg",800,800,false],"trp-custom-language-flag":["https:\/\/kabinam.lt\/wp-content\/uploads\/2024\/08\/8fbb52a3-0e49-4795-953c-92866a6a9baa.jpg",12,12,false],"woocommerce_thumbnail":["https:\/\/kabinam.lt\/wp-content\/uploads\/2024\/08\/8fbb52a3-0e49-4795-953c-92866a6a9baa-300x300.jpg",300,300,true],"woocommerce_single":["https:\/\/kabinam.lt\/wp-content\/uploads\/2024\/08\/8fbb52a3-0e49-4795-953c-92866a6a9baa-600x600.jpg",600,600,true],"woocommerce_gallery_thumbnail":["https:\/\/kabinam.lt\/wp-content\/uploads\/2024\/08\/8fbb52a3-0e49-4795-953c-92866a6a9baa-100x100.jpg",100,100,true]},"uagb_author_info":{"display_name":"kabinam.lt","author_link":"https:\/\/kabinam.lt\/de\/author\/"},"uagb_comment_info":0,"uagb_excerpt":"Miegantis me\u0161kutis pakabukas su skryb\u0117le, pagamintas i\u0161 PVC \u2013 mielas, stilingas ir prakti\u0161kas aksesuaras raktams.","_links":{"self":[{"href":"https:\/\/kabinam.lt\/de\/wp-json\/wp\/v2\/product\/2525","targetHints":{"allow":["GET"]}}],"collection":[{"href":"https:\/\/kabinam.lt\/de\/wp-json\/wp\/v2\/product"}],"about":[{"href":"https:\/\/kabinam.lt\/de\/wp-json\/wp\/v2\/types\/product"}],"replies":[{"embeddable":true,"href":"https:\/\/kabinam.lt\/de\/wp-json\/wp\/v2\/comments?post=2525"}],"wp:featuredmedia":[{"embeddable":true,"href":"https:\/\/kabinam.lt\/de\/wp-json\/wp\/v2\/media\/2532"}],"wp:attachment":[{"href":"https:\/\/kabinam.lt\/de\/wp-json\/wp\/v2\/media?parent=2525"}],"wp:term":[{"taxonomy":"product_brand","embeddable":true,"href":"https:\/\/kabinam.lt\/de\/wp-json\/wp\/v2\/product_brand?post=2525"},{"taxonomy":"product_cat","embeddable":true,"href":"https:\/\/kabinam.lt\/de\/wp-json\/wp\/v2\/product_cat?post=2525"},{"taxonomy":"product_tag","embeddable":true,"href":"https:\/\/kabinam.lt\/de\/wp-json\/wp\/v2\/product_tag?post=2525"}],"curies":[{"name":"wp","href":"https:\/\/api.w.org\/{rel}","templated":true}]}}