{"id":2508,"date":"2024-08-15T12:33:12","date_gmt":"2024-08-15T09:33:12","guid":{"rendered":"https:\/\/kabinam.lt\/?post_type=product&#038;p=2508"},"modified":"2026-01-03T18:54:42","modified_gmt":"2026-01-03T16:54:42","slug":"gravierter-anhanger-mit-text","status":"publish","type":"product","link":"https:\/\/kabinam.lt\/de\/product\/graviruotas-pakabukas-su-tekstu\/","title":{"rendered":"Gravierter Anh\u00e4nger \u201eThick Girls - Are My Weakness\u201c"},"content":{"rendered":"<div class=\"kk-star-ratings kksr-auto kksr-align-left kksr-valign-top\"\n    data-payload='{&quot;align&quot;:&quot;left&quot;,&quot;id&quot;:&quot;2508&quot;,&quot;slug&quot;:&quot;default&quot;,&quot;valign&quot;:&quot;top&quot;,&quot;ignore&quot;:&quot;&quot;,&quot;reference&quot;:&quot;auto&quot;,&quot;class&quot;:&quot;&quot;,&quot;count&quot;:&quot;0&quot;,&quot;legendonly&quot;:&quot;&quot;,&quot;readonly&quot;:&quot;&quot;,&quot;score&quot;:&quot;0&quot;,&quot;starsonly&quot;:&quot;&quot;,&quot;best&quot;:&quot;5&quot;,&quot;gap&quot;:&quot;5&quot;,&quot;greet&quot;:&quot;Mums svarbus j\u016bs\u0173 \u012fvertinimas&quot;,&quot;legend&quot;:&quot;0\\\/5 - (0 votes)&quot;,&quot;size&quot;:&quot;24&quot;,&quot;title&quot;:&quot;Graviruotas pakabukas \u201eThick Girls \u2013 Are My Weakness\u201c&quot;,&quot;width&quot;:&quot;0&quot;,&quot;_legend&quot;:&quot;{score}\\\/{best} - ({count} {votes})&quot;,&quot;font_factor&quot;:&quot;1.25&quot;}'>\n            \n<div class=\"kksr-stars\">\n    \n<div class=\"kksr-stars-inactive\">\n            <div class=\"kksr-star\" data-star=\"1\" style=\"padding-right: 5px\">\n            \n\n<div class=\"kksr-icon\" style=\"width: 24px; height: 24px;\"><\/div>\n        <\/div>\n            <div class=\"kksr-star\" data-star=\"2\" style=\"padding-right: 5px\">\n            \n\n<div class=\"kksr-icon\" style=\"width: 24px; height: 24px;\"><\/div>\n        <\/div>\n            <div class=\"kksr-star\" data-star=\"3\" style=\"padding-right: 5px\">\n            \n\n<div class=\"kksr-icon\" style=\"width: 24px; height: 24px;\"><\/div>\n        <\/div>\n            <div class=\"kksr-star\" data-star=\"4\" style=\"padding-right: 5px\">\n            \n\n<div class=\"kksr-icon\" style=\"width: 24px; height: 24px;\"><\/div>\n        <\/div>\n            <div class=\"kksr-star\" data-star=\"5\" style=\"padding-right: 5px\">\n            \n\n<div class=\"kksr-icon\" style=\"width: 24px; height: 24px;\"><\/div>\n        <\/div>\n    <\/div>\n    \n<div class=\"kksr-stars-active\" style=\"width: 0px;\">\n            <div class=\"kksr-star\" style=\"padding-right: 5px\">\n            \n\n<div class=\"kksr-icon\" style=\"width: 24px; height: 24px;\"><\/div>\n        <\/div>\n            <div class=\"kksr-star\" style=\"padding-right: 5px\">\n            \n\n<div class=\"kksr-icon\" style=\"width: 24px; height: 24px;\"><\/div>\n        <\/div>\n            <div class=\"kksr-star\" style=\"padding-right: 5px\">\n            \n\n<div class=\"kksr-icon\" style=\"width: 24px; height: 24px;\"><\/div>\n        <\/div>\n            <div class=\"kksr-star\" style=\"padding-right: 5px\">\n            \n\n<div class=\"kksr-icon\" style=\"width: 24px; height: 24px;\"><\/div>\n        <\/div>\n            <div class=\"kksr-star\" style=\"padding-right: 5px\">\n            \n\n<div class=\"kksr-icon\" style=\"width: 24px; height: 24px;\"><\/div>\n        <\/div>\n    <\/div>\n<\/div>\n                \n\n<div class=\"kksr-legend\" style=\"font-size: 19.2px;\">\n            <span class=\"kksr-muted\">Ihre Bewertung ist f\u00fcr uns wichtig<\/span>\n    <\/div>\n    <\/div>\n<h1>Gravierter Anh\u00e4nger \u201eThick Girls - Are My Weakness\u201c<\/h1>\n<p><strong>Gravierter Anh\u00e4nger \u201eThick Girls - Are My Weakness\u201c<\/strong> - ist ein freches und verspieltes Accessoire, das nicht nur durch seinen provokanten Text, sondern auch durch seine charaktervolle Illustration auff\u00e4llt. Dieser Metall-Schl\u00fcsselanh\u00e4nger ist f\u00fcr alle, die sich nicht scheuen, sich \u00fcber sich selbst lustig zu machen, die ihren eigenen Stil zu sch\u00e4tzen wissen und sich nicht scheuen, ihre Zuneigung zu zeigen. Das auff\u00e4llige Design mit dem Bild einer Frau sticht sofort ins Auge, w\u00e4hrend der eingravierte Text eine witzige Lebenseinstellung vermittelt.<\/p>\n<h2>Das ultimative Accessoire f\u00fcr den selbstbewussten Mann<\/h2>\n<p>Der Anh\u00e4nger ist aus hochwertigem, strapazierf\u00e4higem Metall f\u00fcr eine lange Lebensdauer gefertigt. Seine Oberfl\u00e4che ist auf Hochglanz poliert und die eingravierte Aufschrift \u201eThick Girls - Are My Weakness\u201c wird durch eine charakteristische Frauenfigur erg\u00e4nzt, die eine Kombination aus Weiblichkeit, Selbstbewusstsein und Humor vermittelt. Dieses Accessoire eignet sich als origineller Akzent f\u00fcr Schl\u00fcssel, Rucksack oder Autoschl\u00fcsselanh\u00e4nger.<\/p>\n<h3>Eine Dosis Humor f\u00fcr jeden Tag<\/h3>\n<p>Diese witzigen Anh\u00e4nger mit Gravur erfreuen sich zunehmender Beliebtheit bei Menschen, die auf der Suche nach unkonventionellen und pers\u00f6nlichen Accessoires sind. Nicht jeder steht auf diese Art des Ausdrucks, aber f\u00fcr diejenigen, die Freiheit, Originalit\u00e4t und guten Humor sch\u00e4tzen, ist dieser Anh\u00e4nger ein echter Fund. Unter <a href=\"https:\/\/kabinam.lt\/de\/kategorija\/pakabukai\/\" target=\"_blank\" rel=\"noopener\">kabinam.lt-Anh\u00e4nger<\/a> Es sind auch lustigere oder witzigere Versionen mit Gravur erh\u00e4ltlich.<\/p>\n<h3>Eine einzigartige Wahl f\u00fcr Mutige<\/h3>\n<p>Inhalt und Design dieses Anh\u00e4ngers sind nicht jedermanns Sache, aber genau das macht ihn so besonders. Der heutige Accessoire-Markt ist voll von Produkten, die den Selbstausdruck f\u00f6rdern und helfen zu zeigen, was wichtig ist - und sei es nur eine spielerische Sympathie f\u00fcr Frauen mit ausdrucksstarken Formen. Artikel wie <a href=\"https:\/\/www.cosmopolitan.com\/style-beauty\/fashion\/a29678568\/thick-body-positivity\/\" target=\"_blank\" rel=\"noopener\">Kosmopolitisch<\/a> unterstreicht die Relevanz dieses Themas, da es sich auf Body Positivity und die Bedeutung von Humor im t\u00e4glichen Leben bezieht.<\/p>","protected":false},"excerpt":{"rendered":"<p>Ein provokanter Anh\u00e4nger mit einer witzigen Inschrift und einer ausdrucksstarken Illustration f\u00fcr Mutige.<\/p>","protected":false},"featured_media":2516,"comment_status":"closed","ping_status":"closed","template":"","meta":{"_uag_custom_page_level_css":"","site-sidebar-layout":"default","site-content-layout":"","ast-site-content-layout":"default","site-content-style":"default","site-sidebar-style":"default","ast-global-header-display":"","ast-banner-title-visibility":"","ast-main-header-display":"","ast-hfb-above-header-display":"","ast-hfb-below-header-display":"","ast-hfb-mobile-header-display":"","site-post-title":"","ast-breadcrumbs-content":"","ast-featured-img":"","footer-sml-layout":"","ast-disable-related-posts":"","theme-transparent-header-meta":"default","adv-header-id-meta":"","stick-header-meta":"","header-above-stick-meta":"","header-main-stick-meta":"","header-below-stick-meta":"","astra-migrate-meta-layouts":"set","ast-page-background-enabled":"default","ast-page-background-meta":{"desktop":{"background-color":"var(--ast-global-color-4)","background-image":"","background-repeat":"repeat","background-position":"center center","background-size":"auto","background-attachment":"scroll","background-type":"","background-media":"","overlay-type":"","overlay-color":"","overlay-opacity":"","overlay-gradient":""},"tablet":{"background-color":"","background-image":"","background-repeat":"repeat","background-position":"center center","background-size":"auto","background-attachment":"scroll","background-type":"","background-media":"","overlay-type":"","overlay-color":"","overlay-opacity":"","overlay-gradient":""},"mobile":{"background-color":"","background-image":"","background-repeat":"repeat","background-position":"center center","background-size":"auto","background-attachment":"scroll","background-type":"","background-media":"","overlay-type":"","overlay-color":"","overlay-opacity":"","overlay-gradient":""}},"ast-content-background-meta":{"desktop":{"background-color":"var(--ast-global-color-5)","background-image":"","background-repeat":"repeat","background-position":"center center","background-size":"auto","background-attachment":"scroll","background-type":"","background-media":"","overlay-type":"","overlay-color":"","overlay-opacity":"","overlay-gradient":""},"tablet":{"background-color":"var(--ast-global-color-5)","background-image":"","background-repeat":"repeat","background-position":"center center","background-size":"auto","background-attachment":"scroll","background-type":"","background-media":"","overlay-type":"","overlay-color":"","overlay-opacity":"","overlay-gradient":""},"mobile":{"background-color":"var(--ast-global-color-5)","background-image":"","background-repeat":"repeat","background-position":"center center","background-size":"auto","background-attachment":"scroll","background-type":"","background-media":"","overlay-type":"","overlay-color":"","overlay-opacity":"","overlay-gradient":""}}},"product_brand":[],"product_cat":[126,117,116,95],"product_tag":[],"class_list":{"0":"post-2508","1":"product","2":"type-product","3":"status-publish","4":"has-post-thumbnail","6":"product_cat-visi","7":"product_cat-graviruoti-raktu-pakabukai","8":"product_cat-metaliniai-raktu-pakabukai","9":"product_cat-unikalus-raktu-pakabukai","10":"desktop-align-center","11":"tablet-align-left","12":"mobile-align-left","14":"first","15":"instock","16":"shipping-taxable","17":"purchasable","18":"product-type-simple"},"yoast_head":"<!-- This site is optimized with the Yoast SEO plugin v27.1.1 - https:\/\/yoast.com\/product\/yoast-seo-wordpress\/ -->\n<title>Graviruotas pakabukas \u201eThick Girls \u2013 Are My Weakness\u201c - kabinam.lt<\/title>\n<meta name=\"description\" content=\"Graviruotas pakabukas su tekstu \u201eThick Girls \u2013 Are My Weakness\u201c \u2013 \u0161maik\u0161tus aksesuaras dr\u0105siems, vertinantiems stili\u0173 ir humoro jausm\u0105.\" \/>\n<meta name=\"robots\" content=\"index, follow, max-snippet:-1, max-image-preview:large, max-video-preview:-1\" \/>\n<link rel=\"canonical\" href=\"https:\/\/kabinam.lt\/de\/produkt\/gravierter-anhanger-mit-text\/\" \/>\n<meta property=\"og:locale\" content=\"de_DE\" \/>\n<meta property=\"og:type\" content=\"article\" \/>\n<meta property=\"og:title\" content=\"Graviruotas pakabukas \u201eThick Girls \u2013 Are My Weakness\u201c - kabinam.lt\" \/>\n<meta property=\"og:description\" content=\"Graviruotas pakabukas su tekstu \u201eThick Girls \u2013 Are My Weakness\u201c \u2013 \u0161maik\u0161tus aksesuaras dr\u0105siems, vertinantiems stili\u0173 ir humoro jausm\u0105.\" \/>\n<meta property=\"og:url\" content=\"https:\/\/kabinam.lt\/de\/produkt\/gravierter-anhanger-mit-text\/\" \/>\n<meta property=\"og:site_name\" content=\"kabinam.lt\" \/>\n<meta property=\"article:modified_time\" content=\"2026-01-03T16:54:42+00:00\" \/>\n<meta property=\"og:image\" content=\"https:\/\/kabinam.lt\/wp-content\/uploads\/2024\/08\/ezgif.com-webp-to-jpg-converter.jpg\" \/>\n\t<meta property=\"og:image:width\" content=\"800\" \/>\n\t<meta property=\"og:image:height\" content=\"800\" \/>\n\t<meta property=\"og:image:type\" content=\"image\/jpeg\" \/>\n<meta name=\"twitter:card\" content=\"summary_large_image\" \/>\n<meta name=\"twitter:label1\" content=\"Gesch\u00e4tzte Lesezeit\" \/>\n\t<meta name=\"twitter:data1\" content=\"2\u00a0Minuten\" \/>\n<script type=\"application\/ld+json\" class=\"yoast-schema-graph\">{\"@context\":\"https:\/\/schema.org\",\"@graph\":[{\"@type\":[\"WebPage\",\"ItemPage\"],\"@id\":\"https:\/\/kabinam.lt\/product\/graviruotas-pakabukas-su-tekstu\/\",\"url\":\"https:\/\/kabinam.lt\/product\/graviruotas-pakabukas-su-tekstu\/\",\"name\":\"Graviruotas pakabukas \u201eThick Girls \u2013 Are My Weakness\u201c - kabinam.lt\",\"isPartOf\":{\"@id\":\"https:\/\/kabinam.lt\/#website\"},\"primaryImageOfPage\":{\"@id\":\"https:\/\/kabinam.lt\/product\/graviruotas-pakabukas-su-tekstu\/#primaryimage\"},\"image\":{\"@id\":\"https:\/\/kabinam.lt\/product\/graviruotas-pakabukas-su-tekstu\/#primaryimage\"},\"thumbnailUrl\":\"https:\/\/kabinam.lt\/wp-content\/uploads\/2024\/08\/ezgif.com-webp-to-jpg-converter.jpg\",\"datePublished\":\"2024-08-15T09:33:12+00:00\",\"dateModified\":\"2026-01-03T16:54:42+00:00\",\"description\":\"Graviruotas pakabukas su tekstu \u201eThick Girls \u2013 Are My Weakness\u201c \u2013 \u0161maik\u0161tus aksesuaras dr\u0105siems, vertinantiems stili\u0173 ir humoro jausm\u0105.\",\"breadcrumb\":{\"@id\":\"https:\/\/kabinam.lt\/product\/graviruotas-pakabukas-su-tekstu\/#breadcrumb\"},\"inLanguage\":\"de\",\"potentialAction\":[{\"@type\":\"ReadAction\",\"target\":[\"https:\/\/kabinam.lt\/product\/graviruotas-pakabukas-su-tekstu\/\"]}]},{\"@type\":\"ImageObject\",\"inLanguage\":\"de\",\"@id\":\"https:\/\/kabinam.lt\/product\/graviruotas-pakabukas-su-tekstu\/#primaryimage\",\"url\":\"https:\/\/kabinam.lt\/wp-content\/uploads\/2024\/08\/ezgif.com-webp-to-jpg-converter.jpg\",\"contentUrl\":\"https:\/\/kabinam.lt\/wp-content\/uploads\/2024\/08\/ezgif.com-webp-to-jpg-converter.jpg\",\"width\":800,\"height\":800,\"caption\":\"Pakabukas su moters fig\u016bra ir provokuojan\u010diu tekstu\"},{\"@type\":\"BreadcrumbList\",\"@id\":\"https:\/\/kabinam.lt\/product\/graviruotas-pakabukas-su-tekstu\/#breadcrumb\",\"itemListElement\":[{\"@type\":\"ListItem\",\"position\":1,\"name\":\"Home\",\"item\":\"https:\/\/kabinam.lt\/\"},{\"@type\":\"ListItem\",\"position\":2,\"name\":\"Visi Produktai\",\"item\":\"https:\/\/kabinam.lt\/visi-produktai\/\"},{\"@type\":\"ListItem\",\"position\":3,\"name\":\"Graviruotas pakabukas \u201eThick Girls \u2013 Are My Weakness\u201c\"}]},{\"@type\":\"WebSite\",\"@id\":\"https:\/\/kabinam.lt\/#website\",\"url\":\"https:\/\/kabinam.lt\/\",\"name\":\"kabinam.lt\",\"description\":\"Kabinam.lt \u2013 raktu pakabukai ir aksesuarai\",\"publisher\":{\"@id\":\"https:\/\/kabinam.lt\/#organization\"},\"alternateName\":\"pakabukai lt\",\"potentialAction\":[{\"@type\":\"SearchAction\",\"target\":{\"@type\":\"EntryPoint\",\"urlTemplate\":\"https:\/\/kabinam.lt\/?s={search_term_string}\"},\"query-input\":{\"@type\":\"PropertyValueSpecification\",\"valueRequired\":true,\"valueName\":\"search_term_string\"}}],\"inLanguage\":\"de\"},{\"@type\":\"Organization\",\"@id\":\"https:\/\/kabinam.lt\/#organization\",\"name\":\"kabinam.lt\",\"alternateName\":\"kabinam\",\"url\":\"https:\/\/kabinam.lt\/\",\"logo\":{\"@type\":\"ImageObject\",\"inLanguage\":\"de\",\"@id\":\"https:\/\/kabinam.lt\/#\/schema\/logo\/image\/\",\"url\":\"https:\/\/kabinam.lt\/wp-content\/uploads\/2025\/05\/KABINAM_outer_glow.png\",\"contentUrl\":\"https:\/\/kabinam.lt\/wp-content\/uploads\/2025\/05\/KABINAM_outer_glow.png\",\"width\":474,\"height\":141,\"caption\":\"kabinam.lt\"},\"image\":{\"@id\":\"https:\/\/kabinam.lt\/#\/schema\/logo\/image\/\"}}]}<\/script>\n<!-- \/ Yoast SEO plugin. -->","yoast_head_json":{"title":"Gravierter Anh\u00e4nger \u201eThick Girls - Are My Weakness\u201c - kabinam.lt","description":"Gravierter Anh\u00e4nger mit dem Text \u201eThick Girls - Are My Weakness\u201c - ein witziges Accessoire f\u00fcr Mutige, die Stil und Sinn f\u00fcr Humor sch\u00e4tzen.","robots":{"index":"index","follow":"follow","max-snippet":"max-snippet:-1","max-image-preview":"max-image-preview:large","max-video-preview":"max-video-preview:-1"},"canonical":"https:\/\/kabinam.lt\/de\/produkt\/gravierter-anhanger-mit-text\/","og_locale":"de_DE","og_type":"article","og_title":"Graviruotas pakabukas \u201eThick Girls \u2013 Are My Weakness\u201c - kabinam.lt","og_description":"Graviruotas pakabukas su tekstu \u201eThick Girls \u2013 Are My Weakness\u201c \u2013 \u0161maik\u0161tus aksesuaras dr\u0105siems, vertinantiems stili\u0173 ir humoro jausm\u0105.","og_url":"https:\/\/kabinam.lt\/de\/produkt\/gravierter-anhanger-mit-text\/","og_site_name":"kabinam.lt","article_modified_time":"2026-01-03T16:54:42+00:00","og_image":[{"width":800,"height":800,"url":"https:\/\/kabinam.lt\/wp-content\/uploads\/2024\/08\/ezgif.com-webp-to-jpg-converter.jpg","type":"image\/jpeg"}],"twitter_card":"summary_large_image","twitter_misc":{"Gesch\u00e4tzte Lesezeit":"2\u00a0Minuten"},"schema":{"@context":"https:\/\/schema.org","@graph":[{"@type":["WebPage","ItemPage"],"@id":"https:\/\/kabinam.lt\/product\/graviruotas-pakabukas-su-tekstu\/","url":"https:\/\/kabinam.lt\/product\/graviruotas-pakabukas-su-tekstu\/","name":"Gravierter Anh\u00e4nger \u201eThick Girls - Are My Weakness\u201c - kabinam.lt","isPartOf":{"@id":"https:\/\/kabinam.lt\/#website"},"primaryImageOfPage":{"@id":"https:\/\/kabinam.lt\/product\/graviruotas-pakabukas-su-tekstu\/#primaryimage"},"image":{"@id":"https:\/\/kabinam.lt\/product\/graviruotas-pakabukas-su-tekstu\/#primaryimage"},"thumbnailUrl":"https:\/\/kabinam.lt\/wp-content\/uploads\/2024\/08\/ezgif.com-webp-to-jpg-converter.jpg","datePublished":"2024-08-15T09:33:12+00:00","dateModified":"2026-01-03T16:54:42+00:00","description":"Gravierter Anh\u00e4nger mit dem Text \u201eThick Girls - Are My Weakness\u201c - ein witziges Accessoire f\u00fcr Mutige, die Stil und Sinn f\u00fcr Humor sch\u00e4tzen.","breadcrumb":{"@id":"https:\/\/kabinam.lt\/product\/graviruotas-pakabukas-su-tekstu\/#breadcrumb"},"inLanguage":"de","potentialAction":[{"@type":"ReadAction","target":["https:\/\/kabinam.lt\/product\/graviruotas-pakabukas-su-tekstu\/"]}]},{"@type":"ImageObject","inLanguage":"de","@id":"https:\/\/kabinam.lt\/product\/graviruotas-pakabukas-su-tekstu\/#primaryimage","url":"https:\/\/kabinam.lt\/wp-content\/uploads\/2024\/08\/ezgif.com-webp-to-jpg-converter.jpg","contentUrl":"https:\/\/kabinam.lt\/wp-content\/uploads\/2024\/08\/ezgif.com-webp-to-jpg-converter.jpg","width":800,"height":800,"caption":"Pakabukas su moters fig\u016bra ir provokuojan\u010diu tekstu"},{"@type":"BreadcrumbList","@id":"https:\/\/kabinam.lt\/product\/graviruotas-pakabukas-su-tekstu\/#breadcrumb","itemListElement":[{"@type":"ListItem","position":1,"name":"Home","item":"https:\/\/kabinam.lt\/"},{"@type":"ListItem","position":2,"name":"Visi Produktai","item":"https:\/\/kabinam.lt\/visi-produktai\/"},{"@type":"ListItem","position":3,"name":"Graviruotas pakabukas \u201eThick Girls \u2013 Are My Weakness\u201c"}]},{"@type":"WebSite","@id":"https:\/\/kabinam.lt\/#website","url":"https:\/\/kabinam.lt\/","name":"kabinam.lt","description":"Kabinam.lt - Schl\u00fcsselanh\u00e4nger und Zubeh\u00f6r","publisher":{"@id":"https:\/\/kabinam.lt\/#organization"},"alternateName":"pakabukai lt","potentialAction":[{"@type":"SearchAction","target":{"@type":"EntryPoint","urlTemplate":"https:\/\/kabinam.lt\/?s={search_term_string}"},"query-input":{"@type":"PropertyValueSpecification","valueRequired":true,"valueName":"search_term_string"}}],"inLanguage":"de"},{"@type":"Organization","@id":"https:\/\/kabinam.lt\/#organization","name":"kabinam.lt","alternateName":"kabinam","url":"https:\/\/kabinam.lt\/","logo":{"@type":"ImageObject","inLanguage":"de","@id":"https:\/\/kabinam.lt\/#\/schema\/logo\/image\/","url":"https:\/\/kabinam.lt\/wp-content\/uploads\/2025\/05\/KABINAM_outer_glow.png","contentUrl":"https:\/\/kabinam.lt\/wp-content\/uploads\/2025\/05\/KABINAM_outer_glow.png","width":474,"height":141,"caption":"kabinam.lt"},"image":{"@id":"https:\/\/kabinam.lt\/#\/schema\/logo\/image\/"}}]}},"uagb_featured_image_src":{"full":["https:\/\/kabinam.lt\/wp-content\/uploads\/2024\/08\/ezgif.com-webp-to-jpg-converter.jpg",800,800,false],"thumbnail":["https:\/\/kabinam.lt\/wp-content\/uploads\/2024\/08\/ezgif.com-webp-to-jpg-converter-150x150.jpg",150,150,true],"medium":["https:\/\/kabinam.lt\/wp-content\/uploads\/2024\/08\/ezgif.com-webp-to-jpg-converter-300x300.jpg",300,300,true],"medium_large":["https:\/\/kabinam.lt\/wp-content\/uploads\/2024\/08\/ezgif.com-webp-to-jpg-converter-768x768.jpg",768,768,true],"large":["https:\/\/kabinam.lt\/wp-content\/uploads\/2024\/08\/ezgif.com-webp-to-jpg-converter.jpg",800,800,false],"1536x1536":["https:\/\/kabinam.lt\/wp-content\/uploads\/2024\/08\/ezgif.com-webp-to-jpg-converter.jpg",800,800,false],"2048x2048":["https:\/\/kabinam.lt\/wp-content\/uploads\/2024\/08\/ezgif.com-webp-to-jpg-converter.jpg",800,800,false],"trp-custom-language-flag":["https:\/\/kabinam.lt\/wp-content\/uploads\/2024\/08\/ezgif.com-webp-to-jpg-converter.jpg",12,12,false],"woocommerce_thumbnail":["https:\/\/kabinam.lt\/wp-content\/uploads\/2024\/08\/ezgif.com-webp-to-jpg-converter-300x300.jpg",300,300,true],"woocommerce_single":["https:\/\/kabinam.lt\/wp-content\/uploads\/2024\/08\/ezgif.com-webp-to-jpg-converter-600x600.jpg",600,600,true],"woocommerce_gallery_thumbnail":["https:\/\/kabinam.lt\/wp-content\/uploads\/2024\/08\/ezgif.com-webp-to-jpg-converter-100x100.jpg",100,100,true]},"uagb_author_info":{"display_name":"kabinam.lt","author_link":"https:\/\/kabinam.lt\/de\/author\/"},"uagb_comment_info":0,"uagb_excerpt":"Provokuojantis pakabukas su \u0161maik\u0161\u010diu u\u017era\u0161u ir i\u0161rai\u0161kinga iliustracija dr\u0105siems.","_links":{"self":[{"href":"https:\/\/kabinam.lt\/de\/wp-json\/wp\/v2\/product\/2508","targetHints":{"allow":["GET"]}}],"collection":[{"href":"https:\/\/kabinam.lt\/de\/wp-json\/wp\/v2\/product"}],"about":[{"href":"https:\/\/kabinam.lt\/de\/wp-json\/wp\/v2\/types\/product"}],"replies":[{"embeddable":true,"href":"https:\/\/kabinam.lt\/de\/wp-json\/wp\/v2\/comments?post=2508"}],"wp:featuredmedia":[{"embeddable":true,"href":"https:\/\/kabinam.lt\/de\/wp-json\/wp\/v2\/media\/2516"}],"wp:attachment":[{"href":"https:\/\/kabinam.lt\/de\/wp-json\/wp\/v2\/media?parent=2508"}],"wp:term":[{"taxonomy":"product_brand","embeddable":true,"href":"https:\/\/kabinam.lt\/de\/wp-json\/wp\/v2\/product_brand?post=2508"},{"taxonomy":"product_cat","embeddable":true,"href":"https:\/\/kabinam.lt\/de\/wp-json\/wp\/v2\/product_cat?post=2508"},{"taxonomy":"product_tag","embeddable":true,"href":"https:\/\/kabinam.lt\/de\/wp-json\/wp\/v2\/product_tag?post=2508"}],"curies":[{"name":"wp","href":"https:\/\/api.w.org\/{rel}","templated":true}]}}