{"id":2407,"date":"2024-08-15T09:28:55","date_gmt":"2024-08-15T06:28:55","guid":{"rendered":"https:\/\/kabinam.lt\/?post_type=product&#038;p=2407"},"modified":"2026-01-03T18:54:43","modified_gmt":"2026-01-03T16:54:43","slug":"metallanhanger-fur-den-vater","status":"publish","type":"product","link":"https:\/\/kabinam.lt\/de\/product\/metalinis-pakabukas-tevui\/","title":{"rendered":"Metallanh\u00e4nger \u201eDad \u2013 A Son's First Hero\""},"content":{"rendered":"<div class=\"kk-star-ratings kksr-auto kksr-align-left kksr-valign-top\"\n    data-payload='{&quot;align&quot;:&quot;left&quot;,&quot;id&quot;:&quot;2407&quot;,&quot;slug&quot;:&quot;default&quot;,&quot;valign&quot;:&quot;top&quot;,&quot;ignore&quot;:&quot;&quot;,&quot;reference&quot;:&quot;auto&quot;,&quot;class&quot;:&quot;&quot;,&quot;count&quot;:&quot;0&quot;,&quot;legendonly&quot;:&quot;&quot;,&quot;readonly&quot;:&quot;&quot;,&quot;score&quot;:&quot;0&quot;,&quot;starsonly&quot;:&quot;&quot;,&quot;best&quot;:&quot;5&quot;,&quot;gap&quot;:&quot;5&quot;,&quot;greet&quot;:&quot;Mums svarbus j\u016bs\u0173 \u012fvertinimas&quot;,&quot;legend&quot;:&quot;0\\\/5 - (0 votes)&quot;,&quot;size&quot;:&quot;24&quot;,&quot;title&quot;:&quot;Metalinis pakabukas \u201eDad \u2013 A Son\u2019s First Hero&quot;,&quot;width&quot;:&quot;0&quot;,&quot;_legend&quot;:&quot;{score}\\\/{best} - ({count} {votes})&quot;,&quot;font_factor&quot;:&quot;1.25&quot;}'>\n            \n<div class=\"kksr-stars\">\n    \n<div class=\"kksr-stars-inactive\">\n            <div class=\"kksr-star\" data-star=\"1\" style=\"padding-right: 5px\">\n            \n\n<div class=\"kksr-icon\" style=\"width: 24px; height: 24px;\"><\/div>\n        <\/div>\n            <div class=\"kksr-star\" data-star=\"2\" style=\"padding-right: 5px\">\n            \n\n<div class=\"kksr-icon\" style=\"width: 24px; height: 24px;\"><\/div>\n        <\/div>\n            <div class=\"kksr-star\" data-star=\"3\" style=\"padding-right: 5px\">\n            \n\n<div class=\"kksr-icon\" style=\"width: 24px; height: 24px;\"><\/div>\n        <\/div>\n            <div class=\"kksr-star\" data-star=\"4\" style=\"padding-right: 5px\">\n            \n\n<div class=\"kksr-icon\" style=\"width: 24px; height: 24px;\"><\/div>\n        <\/div>\n            <div class=\"kksr-star\" data-star=\"5\" style=\"padding-right: 5px\">\n            \n\n<div class=\"kksr-icon\" style=\"width: 24px; height: 24px;\"><\/div>\n        <\/div>\n    <\/div>\n    \n<div class=\"kksr-stars-active\" style=\"width: 0px;\">\n            <div class=\"kksr-star\" style=\"padding-right: 5px\">\n            \n\n<div class=\"kksr-icon\" style=\"width: 24px; height: 24px;\"><\/div>\n        <\/div>\n            <div class=\"kksr-star\" style=\"padding-right: 5px\">\n            \n\n<div class=\"kksr-icon\" style=\"width: 24px; height: 24px;\"><\/div>\n        <\/div>\n            <div class=\"kksr-star\" style=\"padding-right: 5px\">\n            \n\n<div class=\"kksr-icon\" style=\"width: 24px; height: 24px;\"><\/div>\n        <\/div>\n            <div class=\"kksr-star\" style=\"padding-right: 5px\">\n            \n\n<div class=\"kksr-icon\" style=\"width: 24px; height: 24px;\"><\/div>\n        <\/div>\n            <div class=\"kksr-star\" style=\"padding-right: 5px\">\n            \n\n<div class=\"kksr-icon\" style=\"width: 24px; height: 24px;\"><\/div>\n        <\/div>\n    <\/div>\n<\/div>\n                \n\n<div class=\"kksr-legend\" style=\"font-size: 19.2px;\">\n            <span class=\"kksr-muted\">Ihre Bewertung ist f\u00fcr uns wichtig<\/span>\n    <\/div>\n    <\/div>\n<h1>Metalinis pakabukas t\u0117vui \u2013 graviruotas kvadratinis aksesuaras<\/h1>\n<p><strong>Metalinis pakabukas t\u0117vui<\/strong> \u2013 tai sentimentali vertyb\u0117 kiekvienam vyrui, kuriam svarbus \u0161eimos ry\u0161ys. \u0160is kvadratinis, bet apvalintais kampais pakabukas graviruotas ypatingu pie\u0161iniu: t\u0117vas su vaikais. Papildytas prasmingu tekstu \u201eDAD \u2013 A Son\u2019s First Hero, a Daughter\u2019s First Love \u2013 You\u2019ll Never Walk Alone\u201c, jis tampa ne tik aksesuaru, bet ir emociniu simboliu.<\/p>\n<h2>Metalinis pakabukas t\u0117vui \u2013 prasmingas akcentas kiekvienai dienai<\/h2>\n<p>Graviruotas ner\u016bdijan\u010dio plieno pakabukas u\u017etikrina ilgaam\u017ei\u0161kum\u0105 ir nepriekai\u0161ting\u0105 i\u0161vaizd\u0105. Jo kvadratin\u0117 forma, \u0161velniai apvalinti kampai ir profesionaliai i\u0161graviruoti elementai rodo kokyb\u0119. Simbolinis vaizdas su vaikais perteikia \u0161eimos artum\u0105, o tekstas pabr\u0117\u017eia t\u0117vo vaidmens svarb\u0105. Tokie simboliai tampa ne tik dailiais aksesuarais, bet ir kasdieniais priminimais apie meil\u0119 bei palaikym\u0105.<\/p>\n<h3>Stiprus \u0161eimos ry\u0161io simbolis<\/h3>\n<p>Pakabuke u\u017efiksuotas u\u017era\u0161as kalba apie emocin\u0119 t\u0117vyst\u0117s pus\u0119. Tai ne tik \u017eod\u017eiai \u2013 tai vertyb\u0117s, kuriomis vadovaujasi daugyb\u0117 t\u0117v\u0173. Toks aksesuaras gali lyd\u0117ti kasdien: ant rakt\u0173, kuprin\u0117s ar automobilio veidrod\u0117lio. Svarbiausia \u2013 jis i\u0161lieka aktualus ir po met\u0173, nes jo emocin\u0117 \u017einut\u0117 universali ir nei\u0161bl\u0117stanti. I\u0161skirtinumas slypi paprastume: formos ai\u0161kumas, ai\u0161kiai perteiktas jausmas.<\/p>\n<h3>I\u0161liekamoji vert\u0117 ir pritaikomumas<\/h3>\n<p>Ner\u016bdijantis plienas u\u017etikrina, kad pakabukas nesubrai\u017eyt\u0173, i\u0161laikyt\u0173 tekst\u0105 ry\u0161k\u0173, o graviruotas vaizdas nesusid\u0117v\u0117t\u0173. Tvirtas \u017eiedas leid\u017eia tvirtai sujungti raktus ar kitus daiktus. Pakabuko universalumas \u2013 dar vienas jo privalumas. Nors skirtas t\u0117vams, jis patrauklus bet kam, vertinan\u010diam asmenines simbolines detales. Toki\u0173 aksesuar\u0173 vert\u0117 kyla ne d\u0117l med\u017eiag\u0173, o d\u0117l prasm\u0117s.<\/p>\n<h3>Kur rasti pana\u0161i\u0173 produkt\u0173<\/h3>\n<p>Ie\u0161kantiems daugiau pana\u0161i\u0173 aksesuar\u0173 verta per\u017ei\u016br\u0117ti <a href=\"https:\/\/kabinam.lt\/de\/kategorija\/pakabukai\/\" target=\"_blank\" rel=\"noopener\">kabinam.lt pakabuk\u0173 pasirinkim\u0105<\/a>, kur rasite \u012fvairi\u0173 graviruot\u0173 gamini\u0173 tiek \u0161eimai, tiek artimiems \u017emon\u0117ms. Pana\u0161ios dovanos taip pat minimos <a href=\"https:\/\/www.goodhousekeeping.com\/holidays\/fathers-day\/g23488073\/fathers-day-gift-ideas\/\" target=\"_blank\" rel=\"noopener\">Good Housekeeping straipsnyje apie reik\u0161mingas t\u0117vams skirtas dovanas<\/a> \u2013 jos \u012fvertinamos ne d\u0117l kainos, o d\u0117l asmenin\u0117s reik\u0161m\u0117s.<\/p>\n<h3>Die Bedeutung, die wir t\u00e4glich tragen<\/h3>\n<p>Solche Accessoires wie dieser helfen, emotionale Br\u00fccken in den Herzen der Familienmitglieder zu schaffen. Der gravierte Text \u201eYou'll Never Walk Alone\u201c spricht von Unterst\u00fctzung in allen Lebensphasen. Er erinnert daran, dass Vater mehr als nur eine Rolle ist. Es ist ein Weg, den man gemeinsam mit den Kindern geht, ihnen Sicherheit und Liebe gibt. Daher wird diese Kette nicht nur zu einem pers\u00f6nlichen Gegenstand, sondern auch zu einem Familiensymbol.<\/p>","protected":false},"excerpt":{"rendered":"<p>Sentimentali dovana t\u0117vui \u2013 graviruotas metalinis pakabukas su prasmingu \u0161eimos vaizdu.<\/p>","protected":false},"featured_media":2413,"comment_status":"open","ping_status":"closed","template":"","meta":{"_uag_custom_page_level_css":"","site-sidebar-layout":"default","site-content-layout":"","ast-site-content-layout":"default","site-content-style":"default","site-sidebar-style":"default","ast-global-header-display":"","ast-banner-title-visibility":"","ast-main-header-display":"","ast-hfb-above-header-display":"","ast-hfb-below-header-display":"","ast-hfb-mobile-header-display":"","site-post-title":"","ast-breadcrumbs-content":"","ast-featured-img":"","footer-sml-layout":"","ast-disable-related-posts":"","theme-transparent-header-meta":"default","adv-header-id-meta":"","stick-header-meta":"","header-above-stick-meta":"","header-main-stick-meta":"","header-below-stick-meta":"","astra-migrate-meta-layouts":"set","ast-page-background-enabled":"default","ast-page-background-meta":{"desktop":{"background-color":"var(--ast-global-color-4)","background-image":"","background-repeat":"repeat","background-position":"center center","background-size":"auto","background-attachment":"scroll","background-type":"","background-media":"","overlay-type":"","overlay-color":"","overlay-opacity":"","overlay-gradient":""},"tablet":{"background-color":"","background-image":"","background-repeat":"repeat","background-position":"center center","background-size":"auto","background-attachment":"scroll","background-type":"","background-media":"","overlay-type":"","overlay-color":"","overlay-opacity":"","overlay-gradient":""},"mobile":{"background-color":"","background-image":"","background-repeat":"repeat","background-position":"center center","background-size":"auto","background-attachment":"scroll","background-type":"","background-media":"","overlay-type":"","overlay-color":"","overlay-opacity":"","overlay-gradient":""}},"ast-content-background-meta":{"desktop":{"background-color":"var(--ast-global-color-5)","background-image":"","background-repeat":"repeat","background-position":"center center","background-size":"auto","background-attachment":"scroll","background-type":"","background-media":"","overlay-type":"","overlay-color":"","overlay-opacity":"","overlay-gradient":""},"tablet":{"background-color":"var(--ast-global-color-5)","background-image":"","background-repeat":"repeat","background-position":"center center","background-size":"auto","background-attachment":"scroll","background-type":"","background-media":"","overlay-type":"","overlay-color":"","overlay-opacity":"","overlay-gradient":""},"mobile":{"background-color":"var(--ast-global-color-5)","background-image":"","background-repeat":"repeat","background-position":"center center","background-size":"auto","background-attachment":"scroll","background-type":"","background-media":"","overlay-type":"","overlay-color":"","overlay-opacity":"","overlay-gradient":""}}},"product_brand":[],"product_cat":[126,117,116,95,118],"product_tag":[],"class_list":{"0":"post-2407","1":"product","2":"type-product","3":"status-publish","4":"has-post-thumbnail","6":"product_cat-visi","7":"product_cat-graviruoti-raktu-pakabukai","8":"product_cat-metaliniai-raktu-pakabukai","9":"product_cat-unikalus-raktu-pakabukai","10":"product_cat-dovana-teciui","11":"desktop-align-center","12":"tablet-align-left","13":"mobile-align-left","15":"first","16":"instock","17":"shipping-taxable","18":"purchasable","19":"product-type-simple"},"yoast_head":"<!-- This site is optimized with the Yoast SEO plugin v27.1.1 - https:\/\/yoast.com\/product\/yoast-seo-wordpress\/ -->\n<title>Metalinis pakabukas \u201eDad \u2013 A Son\u2019s First Hero - kabinam.lt<\/title>\n<meta name=\"description\" content=\"Metalinis pakabukas t\u0117vui su graviruotu tekstu ir \u0161eimos iliustracija \u2013 emocinis ry\u0161io simbolis.\" \/>\n<meta name=\"robots\" content=\"index, follow, max-snippet:-1, max-image-preview:large, max-video-preview:-1\" \/>\n<link rel=\"canonical\" href=\"https:\/\/kabinam.lt\/de\/produkt\/metallanhanger-fur-den-vater\/\" \/>\n<meta property=\"og:locale\" content=\"de_DE\" \/>\n<meta property=\"og:type\" content=\"article\" \/>\n<meta property=\"og:title\" content=\"Metalinis pakabukas \u201eDad \u2013 A Son\u2019s First Hero - kabinam.lt\" \/>\n<meta property=\"og:description\" content=\"Metalinis pakabukas t\u0117vui su graviruotu tekstu ir \u0161eimos iliustracija \u2013 emocinis ry\u0161io simbolis.\" \/>\n<meta property=\"og:url\" content=\"https:\/\/kabinam.lt\/de\/produkt\/metallanhanger-fur-den-vater\/\" \/>\n<meta property=\"og:site_name\" content=\"kabinam.lt\" \/>\n<meta property=\"article:modified_time\" content=\"2026-01-03T16:54:43+00:00\" \/>\n<meta property=\"og:image\" content=\"https:\/\/kabinam.lt\/wp-content\/uploads\/2024\/08\/1720410505694-e91e32fa871b424e80d57f4e148427e0-goods.jpeg\" \/>\n\t<meta property=\"og:image:width\" content=\"800\" \/>\n\t<meta property=\"og:image:height\" content=\"800\" \/>\n\t<meta property=\"og:image:type\" content=\"image\/jpeg\" \/>\n<meta name=\"twitter:card\" content=\"summary_large_image\" \/>\n<meta name=\"twitter:label1\" content=\"Gesch\u00e4tzte Lesezeit\" \/>\n\t<meta name=\"twitter:data1\" content=\"2\u00a0Minuten\" \/>\n<script type=\"application\/ld+json\" class=\"yoast-schema-graph\">{\"@context\":\"https:\/\/schema.org\",\"@graph\":[{\"@type\":[\"WebPage\",\"ItemPage\"],\"@id\":\"https:\/\/kabinam.lt\/product\/metalinis-pakabukas-tevui\/\",\"url\":\"https:\/\/kabinam.lt\/product\/metalinis-pakabukas-tevui\/\",\"name\":\"Metalinis pakabukas \u201eDad \u2013 A Son\u2019s First Hero - kabinam.lt\",\"isPartOf\":{\"@id\":\"https:\/\/kabinam.lt\/#website\"},\"primaryImageOfPage\":{\"@id\":\"https:\/\/kabinam.lt\/product\/metalinis-pakabukas-tevui\/#primaryimage\"},\"image\":{\"@id\":\"https:\/\/kabinam.lt\/product\/metalinis-pakabukas-tevui\/#primaryimage\"},\"thumbnailUrl\":\"https:\/\/kabinam.lt\/wp-content\/uploads\/2024\/08\/1720410505694-e91e32fa871b424e80d57f4e148427e0-goods.jpeg\",\"datePublished\":\"2024-08-15T06:28:55+00:00\",\"dateModified\":\"2026-01-03T16:54:43+00:00\",\"description\":\"Metalinis pakabukas t\u0117vui su graviruotu tekstu ir \u0161eimos iliustracija \u2013 emocinis ry\u0161io simbolis.\",\"breadcrumb\":{\"@id\":\"https:\/\/kabinam.lt\/product\/metalinis-pakabukas-tevui\/#breadcrumb\"},\"inLanguage\":\"de\",\"potentialAction\":[{\"@type\":\"ReadAction\",\"target\":[\"https:\/\/kabinam.lt\/product\/metalinis-pakabukas-tevui\/\"]}]},{\"@type\":\"ImageObject\",\"inLanguage\":\"de\",\"@id\":\"https:\/\/kabinam.lt\/product\/metalinis-pakabukas-tevui\/#primaryimage\",\"url\":\"https:\/\/kabinam.lt\/wp-content\/uploads\/2024\/08\/1720410505694-e91e32fa871b424e80d57f4e148427e0-goods.jpeg\",\"contentUrl\":\"https:\/\/kabinam.lt\/wp-content\/uploads\/2024\/08\/1720410505694-e91e32fa871b424e80d57f4e148427e0-goods.jpeg\",\"width\":800,\"height\":800,\"caption\":\"Kvadratinis pakabukas \u201eDad \u2013 A Son\u2019s First Hero\u201c\"},{\"@type\":\"BreadcrumbList\",\"@id\":\"https:\/\/kabinam.lt\/product\/metalinis-pakabukas-tevui\/#breadcrumb\",\"itemListElement\":[{\"@type\":\"ListItem\",\"position\":1,\"name\":\"Home\",\"item\":\"https:\/\/kabinam.lt\/\"},{\"@type\":\"ListItem\",\"position\":2,\"name\":\"Visi Produktai\",\"item\":\"https:\/\/kabinam.lt\/visi-produktai\/\"},{\"@type\":\"ListItem\",\"position\":3,\"name\":\"Metalinis pakabukas \u201eDad \u2013 A Son\u2019s First Hero\"}]},{\"@type\":\"WebSite\",\"@id\":\"https:\/\/kabinam.lt\/#website\",\"url\":\"https:\/\/kabinam.lt\/\",\"name\":\"kabinam.lt\",\"description\":\"Kabinam.lt \u2013 raktu pakabukai ir aksesuarai\",\"publisher\":{\"@id\":\"https:\/\/kabinam.lt\/#organization\"},\"alternateName\":\"pakabukai lt\",\"potentialAction\":[{\"@type\":\"SearchAction\",\"target\":{\"@type\":\"EntryPoint\",\"urlTemplate\":\"https:\/\/kabinam.lt\/?s={search_term_string}\"},\"query-input\":{\"@type\":\"PropertyValueSpecification\",\"valueRequired\":true,\"valueName\":\"search_term_string\"}}],\"inLanguage\":\"de\"},{\"@type\":\"Organization\",\"@id\":\"https:\/\/kabinam.lt\/#organization\",\"name\":\"kabinam.lt\",\"alternateName\":\"kabinam\",\"url\":\"https:\/\/kabinam.lt\/\",\"logo\":{\"@type\":\"ImageObject\",\"inLanguage\":\"de\",\"@id\":\"https:\/\/kabinam.lt\/#\/schema\/logo\/image\/\",\"url\":\"https:\/\/kabinam.lt\/wp-content\/uploads\/2025\/05\/KABINAM_outer_glow.png\",\"contentUrl\":\"https:\/\/kabinam.lt\/wp-content\/uploads\/2025\/05\/KABINAM_outer_glow.png\",\"width\":474,\"height\":141,\"caption\":\"kabinam.lt\"},\"image\":{\"@id\":\"https:\/\/kabinam.lt\/#\/schema\/logo\/image\/\"}}]}<\/script>\n<!-- \/ Yoast SEO plugin. -->","yoast_head_json":{"title":"Metall-Anh\u00e4nger \u201eDad \u2013 A Son's First Hero\" - kabinam.lt","description":"Metallanh\u00e4nger f\u00fcr den Vater mit graviertem Text und Familienillustration \u2013 Symbol der emotionalen Verbindung.","robots":{"index":"index","follow":"follow","max-snippet":"max-snippet:-1","max-image-preview":"max-image-preview:large","max-video-preview":"max-video-preview:-1"},"canonical":"https:\/\/kabinam.lt\/de\/produkt\/metallanhanger-fur-den-vater\/","og_locale":"de_DE","og_type":"article","og_title":"Metalinis pakabukas \u201eDad \u2013 A Son\u2019s First Hero - kabinam.lt","og_description":"Metalinis pakabukas t\u0117vui su graviruotu tekstu ir \u0161eimos iliustracija \u2013 emocinis ry\u0161io simbolis.","og_url":"https:\/\/kabinam.lt\/de\/produkt\/metallanhanger-fur-den-vater\/","og_site_name":"kabinam.lt","article_modified_time":"2026-01-03T16:54:43+00:00","og_image":[{"width":800,"height":800,"url":"https:\/\/kabinam.lt\/wp-content\/uploads\/2024\/08\/1720410505694-e91e32fa871b424e80d57f4e148427e0-goods.jpeg","type":"image\/jpeg"}],"twitter_card":"summary_large_image","twitter_misc":{"Gesch\u00e4tzte Lesezeit":"2\u00a0Minuten"},"schema":{"@context":"https:\/\/schema.org","@graph":[{"@type":["WebPage","ItemPage"],"@id":"https:\/\/kabinam.lt\/product\/metalinis-pakabukas-tevui\/","url":"https:\/\/kabinam.lt\/product\/metalinis-pakabukas-tevui\/","name":"Metall-Anh\u00e4nger \u201eDad \u2013 A Son's First Hero\" - kabinam.lt","isPartOf":{"@id":"https:\/\/kabinam.lt\/#website"},"primaryImageOfPage":{"@id":"https:\/\/kabinam.lt\/product\/metalinis-pakabukas-tevui\/#primaryimage"},"image":{"@id":"https:\/\/kabinam.lt\/product\/metalinis-pakabukas-tevui\/#primaryimage"},"thumbnailUrl":"https:\/\/kabinam.lt\/wp-content\/uploads\/2024\/08\/1720410505694-e91e32fa871b424e80d57f4e148427e0-goods.jpeg","datePublished":"2024-08-15T06:28:55+00:00","dateModified":"2026-01-03T16:54:43+00:00","description":"Metallanh\u00e4nger f\u00fcr den Vater mit graviertem Text und Familienillustration \u2013 Symbol der emotionalen Verbindung.","breadcrumb":{"@id":"https:\/\/kabinam.lt\/product\/metalinis-pakabukas-tevui\/#breadcrumb"},"inLanguage":"de","potentialAction":[{"@type":"ReadAction","target":["https:\/\/kabinam.lt\/product\/metalinis-pakabukas-tevui\/"]}]},{"@type":"ImageObject","inLanguage":"de","@id":"https:\/\/kabinam.lt\/product\/metalinis-pakabukas-tevui\/#primaryimage","url":"https:\/\/kabinam.lt\/wp-content\/uploads\/2024\/08\/1720410505694-e91e32fa871b424e80d57f4e148427e0-goods.jpeg","contentUrl":"https:\/\/kabinam.lt\/wp-content\/uploads\/2024\/08\/1720410505694-e91e32fa871b424e80d57f4e148427e0-goods.jpeg","width":800,"height":800,"caption":"Kvadratinis pakabukas \u201eDad \u2013 A Son\u2019s First Hero\u201c"},{"@type":"BreadcrumbList","@id":"https:\/\/kabinam.lt\/product\/metalinis-pakabukas-tevui\/#breadcrumb","itemListElement":[{"@type":"ListItem","position":1,"name":"Home","item":"https:\/\/kabinam.lt\/"},{"@type":"ListItem","position":2,"name":"Visi Produktai","item":"https:\/\/kabinam.lt\/visi-produktai\/"},{"@type":"ListItem","position":3,"name":"Metalinis pakabukas \u201eDad \u2013 A Son\u2019s First Hero"}]},{"@type":"WebSite","@id":"https:\/\/kabinam.lt\/#website","url":"https:\/\/kabinam.lt\/","name":"kabinam.lt","description":"Kabinam.lt - Schl\u00fcsselanh\u00e4nger und Zubeh\u00f6r","publisher":{"@id":"https:\/\/kabinam.lt\/#organization"},"alternateName":"pakabukai lt","potentialAction":[{"@type":"SearchAction","target":{"@type":"EntryPoint","urlTemplate":"https:\/\/kabinam.lt\/?s={search_term_string}"},"query-input":{"@type":"PropertyValueSpecification","valueRequired":true,"valueName":"search_term_string"}}],"inLanguage":"de"},{"@type":"Organization","@id":"https:\/\/kabinam.lt\/#organization","name":"kabinam.lt","alternateName":"kabinam","url":"https:\/\/kabinam.lt\/","logo":{"@type":"ImageObject","inLanguage":"de","@id":"https:\/\/kabinam.lt\/#\/schema\/logo\/image\/","url":"https:\/\/kabinam.lt\/wp-content\/uploads\/2025\/05\/KABINAM_outer_glow.png","contentUrl":"https:\/\/kabinam.lt\/wp-content\/uploads\/2025\/05\/KABINAM_outer_glow.png","width":474,"height":141,"caption":"kabinam.lt"},"image":{"@id":"https:\/\/kabinam.lt\/#\/schema\/logo\/image\/"}}]}},"uagb_featured_image_src":{"full":["https:\/\/kabinam.lt\/wp-content\/uploads\/2024\/08\/1720410505694-e91e32fa871b424e80d57f4e148427e0-goods.jpeg",800,800,false],"thumbnail":["https:\/\/kabinam.lt\/wp-content\/uploads\/2024\/08\/1720410505694-e91e32fa871b424e80d57f4e148427e0-goods-150x150.jpeg",150,150,true],"medium":["https:\/\/kabinam.lt\/wp-content\/uploads\/2024\/08\/1720410505694-e91e32fa871b424e80d57f4e148427e0-goods-300x300.jpeg",300,300,true],"medium_large":["https:\/\/kabinam.lt\/wp-content\/uploads\/2024\/08\/1720410505694-e91e32fa871b424e80d57f4e148427e0-goods-768x768.jpeg",768,768,true],"large":["https:\/\/kabinam.lt\/wp-content\/uploads\/2024\/08\/1720410505694-e91e32fa871b424e80d57f4e148427e0-goods.jpeg",800,800,false],"1536x1536":["https:\/\/kabinam.lt\/wp-content\/uploads\/2024\/08\/1720410505694-e91e32fa871b424e80d57f4e148427e0-goods.jpeg",800,800,false],"2048x2048":["https:\/\/kabinam.lt\/wp-content\/uploads\/2024\/08\/1720410505694-e91e32fa871b424e80d57f4e148427e0-goods.jpeg",800,800,false],"trp-custom-language-flag":["https:\/\/kabinam.lt\/wp-content\/uploads\/2024\/08\/1720410505694-e91e32fa871b424e80d57f4e148427e0-goods.jpeg",12,12,false],"woocommerce_thumbnail":["https:\/\/kabinam.lt\/wp-content\/uploads\/2024\/08\/1720410505694-e91e32fa871b424e80d57f4e148427e0-goods-300x300.jpeg",300,300,true],"woocommerce_single":["https:\/\/kabinam.lt\/wp-content\/uploads\/2024\/08\/1720410505694-e91e32fa871b424e80d57f4e148427e0-goods-600x600.jpeg",600,600,true],"woocommerce_gallery_thumbnail":["https:\/\/kabinam.lt\/wp-content\/uploads\/2024\/08\/1720410505694-e91e32fa871b424e80d57f4e148427e0-goods-100x100.jpeg",100,100,true]},"uagb_author_info":{"display_name":"kabinam.lt","author_link":"https:\/\/kabinam.lt\/de\/author\/"},"uagb_comment_info":0,"uagb_excerpt":"Sentimentali dovana t\u0117vui \u2013 graviruotas metalinis pakabukas su prasmingu \u0161eimos vaizdu.","_links":{"self":[{"href":"https:\/\/kabinam.lt\/de\/wp-json\/wp\/v2\/product\/2407","targetHints":{"allow":["GET"]}}],"collection":[{"href":"https:\/\/kabinam.lt\/de\/wp-json\/wp\/v2\/product"}],"about":[{"href":"https:\/\/kabinam.lt\/de\/wp-json\/wp\/v2\/types\/product"}],"replies":[{"embeddable":true,"href":"https:\/\/kabinam.lt\/de\/wp-json\/wp\/v2\/comments?post=2407"}],"wp:featuredmedia":[{"embeddable":true,"href":"https:\/\/kabinam.lt\/de\/wp-json\/wp\/v2\/media\/2413"}],"wp:attachment":[{"href":"https:\/\/kabinam.lt\/de\/wp-json\/wp\/v2\/media?parent=2407"}],"wp:term":[{"taxonomy":"product_brand","embeddable":true,"href":"https:\/\/kabinam.lt\/de\/wp-json\/wp\/v2\/product_brand?post=2407"},{"taxonomy":"product_cat","embeddable":true,"href":"https:\/\/kabinam.lt\/de\/wp-json\/wp\/v2\/product_cat?post=2407"},{"taxonomy":"product_tag","embeddable":true,"href":"https:\/\/kabinam.lt\/de\/wp-json\/wp\/v2\/product_tag?post=2407"}],"curies":[{"name":"wp","href":"https:\/\/api.w.org\/{rel}","templated":true}]}}