{"id":2405,"date":"2024-08-15T09:15:10","date_gmt":"2024-08-15T06:15:10","guid":{"rendered":"https:\/\/kabinam.lt\/?post_type=product&#038;p=2405"},"modified":"2026-01-03T18:54:43","modified_gmt":"2026-01-03T16:54:43","slug":"schlusselanhanger-mit-gravur-ja-daddy","status":"publish","type":"product","link":"https:\/\/kabinam.lt\/de\/product\/graviruoti-raktu-pakabukai-yes-daddy\/","title":{"rendered":"Gravierte Schl\u00fcsselanh\u00e4nger - runder Yes Daddy Schl\u00fcsselanh\u00e4nger mit w\u00fcrzigem Akzent"},"content":{"rendered":"<div class=\"kk-star-ratings kksr-auto kksr-align-left kksr-valign-top\"\n    data-payload='{&quot;align&quot;:&quot;left&quot;,&quot;id&quot;:&quot;2405&quot;,&quot;slug&quot;:&quot;default&quot;,&quot;valign&quot;:&quot;top&quot;,&quot;ignore&quot;:&quot;&quot;,&quot;reference&quot;:&quot;auto&quot;,&quot;class&quot;:&quot;&quot;,&quot;count&quot;:&quot;0&quot;,&quot;legendonly&quot;:&quot;&quot;,&quot;readonly&quot;:&quot;&quot;,&quot;score&quot;:&quot;0&quot;,&quot;starsonly&quot;:&quot;&quot;,&quot;best&quot;:&quot;5&quot;,&quot;gap&quot;:&quot;5&quot;,&quot;greet&quot;:&quot;Mums svarbus j\u016bs\u0173 \u012fvertinimas&quot;,&quot;legend&quot;:&quot;0\\\/5 - (0 votes)&quot;,&quot;size&quot;:&quot;24&quot;,&quot;title&quot;:&quot;Graviruoti rakt\u0173 pakabukai \u2013 apvalus pakabukas \u201eYes Daddy\u201c su pikanti\u0161ku akcentu&quot;,&quot;width&quot;:&quot;0&quot;,&quot;_legend&quot;:&quot;{score}\\\/{best} - ({count} {votes})&quot;,&quot;font_factor&quot;:&quot;1.25&quot;}'>\n            \n<div class=\"kksr-stars\">\n    \n<div class=\"kksr-stars-inactive\">\n            <div class=\"kksr-star\" data-star=\"1\" style=\"padding-right: 5px\">\n            \n\n<div class=\"kksr-icon\" style=\"width: 24px; height: 24px;\"><\/div>\n        <\/div>\n            <div class=\"kksr-star\" data-star=\"2\" style=\"padding-right: 5px\">\n            \n\n<div class=\"kksr-icon\" style=\"width: 24px; height: 24px;\"><\/div>\n        <\/div>\n            <div class=\"kksr-star\" data-star=\"3\" style=\"padding-right: 5px\">\n            \n\n<div class=\"kksr-icon\" style=\"width: 24px; height: 24px;\"><\/div>\n        <\/div>\n            <div class=\"kksr-star\" data-star=\"4\" style=\"padding-right: 5px\">\n            \n\n<div class=\"kksr-icon\" style=\"width: 24px; height: 24px;\"><\/div>\n        <\/div>\n            <div class=\"kksr-star\" data-star=\"5\" style=\"padding-right: 5px\">\n            \n\n<div class=\"kksr-icon\" style=\"width: 24px; height: 24px;\"><\/div>\n        <\/div>\n    <\/div>\n    \n<div class=\"kksr-stars-active\" style=\"width: 0px;\">\n            <div class=\"kksr-star\" style=\"padding-right: 5px\">\n            \n\n<div class=\"kksr-icon\" style=\"width: 24px; height: 24px;\"><\/div>\n        <\/div>\n            <div class=\"kksr-star\" style=\"padding-right: 5px\">\n            \n\n<div class=\"kksr-icon\" style=\"width: 24px; height: 24px;\"><\/div>\n        <\/div>\n            <div class=\"kksr-star\" style=\"padding-right: 5px\">\n            \n\n<div class=\"kksr-icon\" style=\"width: 24px; height: 24px;\"><\/div>\n        <\/div>\n            <div class=\"kksr-star\" style=\"padding-right: 5px\">\n            \n\n<div class=\"kksr-icon\" style=\"width: 24px; height: 24px;\"><\/div>\n        <\/div>\n            <div class=\"kksr-star\" style=\"padding-right: 5px\">\n            \n\n<div class=\"kksr-icon\" style=\"width: 24px; height: 24px;\"><\/div>\n        <\/div>\n    <\/div>\n<\/div>\n                \n\n<div class=\"kksr-legend\" style=\"font-size: 19.2px;\">\n            <span class=\"kksr-muted\">Ihre Bewertung ist f\u00fcr uns wichtig<\/span>\n    <\/div>\n    <\/div>\n<h3 class=\"\" data-start=\"101\" data-end=\"189\"><strong data-start=\"105\" data-end=\"189\">Gravierte Schl\u00fcsselanh\u00e4nger - runder Yes Daddy Schl\u00fcsselanh\u00e4nger mit w\u00fcrzigem Akzent<\/strong><\/h3>\n<p class=\"\" data-start=\"191\" data-end=\"538\">Eine provokante, aber stilvolle Wahl<br data-start=\"233\" data-end=\"236\" \/>Gravierte Schl\u00fcsselanh\u00e4nger werden zunehmend nicht nur zu einem praktischen Werkzeug, sondern auch zu einem Instrument der Selbstdarstellung. Dieser runde Metall-Schl\u00fcsselanh\u00e4nger mit sexy Design und der frechen Aufschrift \u201eYes Daddy\u201c ist etwas f\u00fcr Mutige, Aufgeschlossene und Humorvolle. Ein Accessoire, das sowohl am\u00fcsieren als auch faszinieren kann.<\/p>\n<p class=\"\" data-start=\"540\" data-end=\"868\">Die perfekte Balance zwischen Provokation und \u00c4sthetik<br data-start=\"587\" data-end=\"590\" \/>Der Anh\u00e4nger ist aus robustem Metall gefertigt und daher \u00e4u\u00dferst langlebig. Mit einer erotischen Silhouette und dem Schriftzug \u201eYes Daddy\u201c graviert, ist dies eines dieser Accessoires, das niemanden gleichg\u00fcltig l\u00e4sst. Die runde Form verleiht ihm einen subtilen Touch und das kontrastreiche Design zieht die Blicke auf sich.<\/p>\n<p class=\"\" data-start=\"870\" data-end=\"1182\">Ein Geschenk mit Charakter<br data-start=\"891\" data-end=\"894\" \/>Sie suchen nach einem originellen Geschenk f\u00fcr einen Partner oder Freund? Gravierte Schl\u00fcsselanh\u00e4nger, vor allem solche mit einzigartigen Inschriften, zaubern immer ein L\u00e4cheln ins Gesicht. Dieser Schl\u00fcsselanh\u00e4nger eignet sich perfekt als verspieltes Geschenk f\u00fcr den Valentinstag, einen Geburtstag oder sogar einen Junggesellinnenabschied. Seine Botschaft ist klar, aber nicht geschmacklos.<\/p>\n<p class=\"\" data-start=\"1184\" data-end=\"1485\">Universell anpassbares Zubeh\u00f6r<br data-start=\"1219\" data-end=\"1222\" \/>Trotz seines provokanten Designs kann dieser Anh\u00e4nger an Ihren Schl\u00fcsseln befestigt werden oder als stilvolles Accessoire f\u00fcr Ihren Rucksack oder Ihre Handtasche dienen. Seine Gr\u00f6\u00dfe und Form sind ideal f\u00fcr den t\u00e4glichen Gebrauch. Die eingravierte Oberfl\u00e4che nutzt sich nicht ab und bleibt lange Zeit hell und \u00e4sthetisch.<\/p>\n<p class=\"\" data-start=\"1487\" data-end=\"1812\">Wo findet man mehr davon?<br data-start=\"1511\" data-end=\"1514\" \/>Sie wollen noch mehr spannende Accessoires? Besuchen Sie uns <a class=\"cursor-pointer\" target=\"_new\" rel=\"noopener\" data-start=\"1563\" data-end=\"1644\">Kategorie Gravur-Anh\u00e4nger<\/a> und finden Sie weitere ausdrucksstarke Optionen. Wir empfehlen Ihnen auch einen Blick auf <a class=\"\" href=\"https:\/\/kabinam.lt\/de\/visi-produktai\/\" target=\"_new\" rel=\"noopener\" data-start=\"1714\" data-end=\"1767\">alle Produkte<\/a>, wenn Sie noch mehr kreative Ideen finden m\u00f6chten.<\/p>\n<p class=\"\" data-start=\"1814\" data-end=\"2117\">Lassen Sie sich von der Welt inspirieren<br data-start=\"1839\" data-end=\"1842\" \/>Lesen Sie mehr dar\u00fcber, wie Accessoires Ihren Look ver\u00e4ndern <a class=\"cursor-pointer\" target=\"_new\" rel=\"noopener\" data-start=\"1900\" data-end=\"2017\">Vogue.com Artikel \u00fcber pers\u00f6nliche Accessoires<\/a>. Gravierte Anh\u00e4nger sind eine der am schnellsten wachsenden Nischen, und dieses Produkt spiegelt das perfekt wider.<\/p>","protected":false},"excerpt":{"rendered":"<p>Gravierter runder Metallanh\u00e4nger mit einer sexy Silhouette und der aufreizenden Aufschrift \u201eYes Daddy\u201c.<\/p>","protected":false},"featured_media":2406,"comment_status":"closed","ping_status":"closed","template":"","meta":{"_uag_custom_page_level_css":"","site-sidebar-layout":"default","site-content-layout":"","ast-site-content-layout":"default","site-content-style":"default","site-sidebar-style":"default","ast-global-header-display":"","ast-banner-title-visibility":"","ast-main-header-display":"","ast-hfb-above-header-display":"","ast-hfb-below-header-display":"","ast-hfb-mobile-header-display":"","site-post-title":"","ast-breadcrumbs-content":"","ast-featured-img":"","footer-sml-layout":"","ast-disable-related-posts":"","theme-transparent-header-meta":"default","adv-header-id-meta":"","stick-header-meta":"","header-above-stick-meta":"","header-main-stick-meta":"","header-below-stick-meta":"","astra-migrate-meta-layouts":"set","ast-page-background-enabled":"default","ast-page-background-meta":{"desktop":{"background-color":"var(--ast-global-color-4)","background-image":"","background-repeat":"repeat","background-position":"center center","background-size":"auto","background-attachment":"scroll","background-type":"","background-media":"","overlay-type":"","overlay-color":"","overlay-opacity":"","overlay-gradient":""},"tablet":{"background-color":"","background-image":"","background-repeat":"repeat","background-position":"center center","background-size":"auto","background-attachment":"scroll","background-type":"","background-media":"","overlay-type":"","overlay-color":"","overlay-opacity":"","overlay-gradient":""},"mobile":{"background-color":"","background-image":"","background-repeat":"repeat","background-position":"center center","background-size":"auto","background-attachment":"scroll","background-type":"","background-media":"","overlay-type":"","overlay-color":"","overlay-opacity":"","overlay-gradient":""}},"ast-content-background-meta":{"desktop":{"background-color":"var(--ast-global-color-5)","background-image":"","background-repeat":"repeat","background-position":"center center","background-size":"auto","background-attachment":"scroll","background-type":"","background-media":"","overlay-type":"","overlay-color":"","overlay-opacity":"","overlay-gradient":""},"tablet":{"background-color":"var(--ast-global-color-5)","background-image":"","background-repeat":"repeat","background-position":"center center","background-size":"auto","background-attachment":"scroll","background-type":"","background-media":"","overlay-type":"","overlay-color":"","overlay-opacity":"","overlay-gradient":""},"mobile":{"background-color":"var(--ast-global-color-5)","background-image":"","background-repeat":"repeat","background-position":"center center","background-size":"auto","background-attachment":"scroll","background-type":"","background-media":"","overlay-type":"","overlay-color":"","overlay-opacity":"","overlay-gradient":""}}},"product_brand":[],"product_cat":[125,126,117,116,95,118],"product_tag":[],"class_list":{"0":"post-2405","1":"product","2":"type-product","3":"status-publish","4":"has-post-thumbnail","6":"product_cat-halloween","7":"product_cat-visi","8":"product_cat-graviruoti-raktu-pakabukai","9":"product_cat-metaliniai-raktu-pakabukai","10":"product_cat-unikalus-raktu-pakabukai","11":"product_cat-dovana-teciui","12":"desktop-align-center","13":"tablet-align-left","14":"mobile-align-left","16":"first","17":"outofstock","18":"shipping-taxable","19":"purchasable","20":"product-type-simple"},"yoast_head":"<!-- This site is optimized with the Yoast SEO plugin v27.1.1 - https:\/\/yoast.com\/product\/yoast-seo-wordpress\/ -->\n<title>Graviruoti rakt\u0173 pakabukai \u2013 apvalus pakabukas \u201eYes Daddy\u201c su pikanti\u0161ku akcentu<\/title>\n<meta name=\"description\" content=\"Graviruoti rakt\u0173 pakabukai \u2013 apvalus metalinis pakabukas su pikanti\u0161ku pie\u0161iniu ir u\u017era\u0161u \u201eYes Daddy\u201c.\" \/>\n<meta name=\"robots\" content=\"index, follow, max-snippet:-1, max-image-preview:large, max-video-preview:-1\" \/>\n<link rel=\"canonical\" href=\"https:\/\/kabinam.lt\/de\/produkt\/schlusselanhanger-mit-gravur-ja-daddy\/\" \/>\n<meta property=\"og:locale\" content=\"de_DE\" \/>\n<meta property=\"og:type\" content=\"article\" \/>\n<meta property=\"og:title\" content=\"Graviruoti rakt\u0173 pakabukai \u2013 apvalus pakabukas \u201eYes Daddy\u201c su pikanti\u0161ku akcentu\" \/>\n<meta property=\"og:description\" content=\"Graviruoti rakt\u0173 pakabukai \u2013 apvalus metalinis pakabukas su pikanti\u0161ku pie\u0161iniu ir u\u017era\u0161u \u201eYes Daddy\u201c.\" \/>\n<meta property=\"og:url\" content=\"https:\/\/kabinam.lt\/de\/produkt\/schlusselanhanger-mit-gravur-ja-daddy\/\" \/>\n<meta property=\"og:site_name\" content=\"kabinam.lt\" \/>\n<meta property=\"article:modified_time\" content=\"2026-01-03T16:54:43+00:00\" \/>\n<meta property=\"og:image\" content=\"https:\/\/kabinam.lt\/wp-content\/uploads\/2024\/08\/1719550767032-8be4e2ba2a63488bac537c99b4e14266-goods.webp\" \/>\n\t<meta property=\"og:image:width\" content=\"500\" \/>\n\t<meta property=\"og:image:height\" content=\"500\" \/>\n\t<meta property=\"og:image:type\" content=\"image\/webp\" \/>\n<meta name=\"twitter:card\" content=\"summary_large_image\" \/>\n<meta name=\"twitter:label1\" content=\"Gesch\u00e4tzte Lesezeit\" \/>\n\t<meta name=\"twitter:data1\" content=\"2\u00a0Minuten\" \/>\n<script type=\"application\/ld+json\" class=\"yoast-schema-graph\">{\"@context\":\"https:\/\/schema.org\",\"@graph\":[{\"@type\":[\"WebPage\",\"ItemPage\"],\"@id\":\"https:\/\/kabinam.lt\/et\/toode\/graveeritud-votmehoidjad-jah-issi\/\",\"url\":\"https:\/\/kabinam.lt\/et\/toode\/graveeritud-votmehoidjad-jah-issi\/\",\"name\":\"Graviruoti rakt\u0173 pakabukai \u2013 apvalus pakabukas \u201eYes Daddy\u201c su pikanti\u0161ku akcentu\",\"isPartOf\":{\"@id\":\"https:\/\/kabinam.lt\/#website\"},\"primaryImageOfPage\":{\"@id\":\"https:\/\/kabinam.lt\/et\/toode\/graveeritud-votmehoidjad-jah-issi\/#primaryimage\"},\"image\":{\"@id\":\"https:\/\/kabinam.lt\/et\/toode\/graveeritud-votmehoidjad-jah-issi\/#primaryimage\"},\"thumbnailUrl\":\"https:\/\/kabinam.lt\/wp-content\/uploads\/2024\/08\/1719550767032-8be4e2ba2a63488bac537c99b4e14266-goods.webp\",\"datePublished\":\"2024-08-15T06:15:10+00:00\",\"dateModified\":\"2026-01-03T16:54:43+00:00\",\"description\":\"Graviruoti rakt\u0173 pakabukai \u2013 apvalus metalinis pakabukas su pikanti\u0161ku pie\u0161iniu ir u\u017era\u0161u \u201eYes Daddy\u201c.\",\"breadcrumb\":{\"@id\":\"https:\/\/kabinam.lt\/et\/toode\/graveeritud-votmehoidjad-jah-issi\/#breadcrumb\"},\"inLanguage\":\"de\",\"potentialAction\":[{\"@type\":\"ReadAction\",\"target\":[\"https:\/\/kabinam.lt\/et\/toode\/graveeritud-votmehoidjad-jah-issi\/\"]}]},{\"@type\":\"ImageObject\",\"inLanguage\":\"de\",\"@id\":\"https:\/\/kabinam.lt\/et\/toode\/graveeritud-votmehoidjad-jah-issi\/#primaryimage\",\"url\":\"https:\/\/kabinam.lt\/wp-content\/uploads\/2024\/08\/1719550767032-8be4e2ba2a63488bac537c99b4e14266-goods.webp\",\"contentUrl\":\"https:\/\/kabinam.lt\/wp-content\/uploads\/2024\/08\/1719550767032-8be4e2ba2a63488bac537c99b4e14266-goods.webp\",\"width\":500,\"height\":500,\"caption\":\"Graviruotas metalinis pakabukas su u\u017era\u0161u \u201eYes Daddy\u201c\"},{\"@type\":\"BreadcrumbList\",\"@id\":\"https:\/\/kabinam.lt\/et\/toode\/graveeritud-votmehoidjad-jah-issi\/#breadcrumb\",\"itemListElement\":[{\"@type\":\"ListItem\",\"position\":1,\"name\":\"Home\",\"item\":\"https:\/\/kabinam.lt\/\"},{\"@type\":\"ListItem\",\"position\":2,\"name\":\"Visi Produktai\",\"item\":\"https:\/\/kabinam.lt\/visi-produktai\/\"},{\"@type\":\"ListItem\",\"position\":3,\"name\":\"Graviruoti rakt\u0173 pakabukai \u2013 apvalus pakabukas \u201eYes Daddy\u201c su pikanti\u0161ku akcentu\"}]},{\"@type\":\"WebSite\",\"@id\":\"https:\/\/kabinam.lt\/#website\",\"url\":\"https:\/\/kabinam.lt\/\",\"name\":\"kabinam.lt\",\"description\":\"Kabinam.lt \u2013 raktu pakabukai ir aksesuarai\",\"publisher\":{\"@id\":\"https:\/\/kabinam.lt\/#organization\"},\"alternateName\":\"pakabukai lt\",\"potentialAction\":[{\"@type\":\"SearchAction\",\"target\":{\"@type\":\"EntryPoint\",\"urlTemplate\":\"https:\/\/kabinam.lt\/?s={search_term_string}\"},\"query-input\":{\"@type\":\"PropertyValueSpecification\",\"valueRequired\":true,\"valueName\":\"search_term_string\"}}],\"inLanguage\":\"de\"},{\"@type\":\"Organization\",\"@id\":\"https:\/\/kabinam.lt\/#organization\",\"name\":\"kabinam.lt\",\"alternateName\":\"kabinam\",\"url\":\"https:\/\/kabinam.lt\/\",\"logo\":{\"@type\":\"ImageObject\",\"inLanguage\":\"de\",\"@id\":\"https:\/\/kabinam.lt\/#\/schema\/logo\/image\/\",\"url\":\"https:\/\/kabinam.lt\/wp-content\/uploads\/2025\/05\/KABINAM_outer_glow.png\",\"contentUrl\":\"https:\/\/kabinam.lt\/wp-content\/uploads\/2025\/05\/KABINAM_outer_glow.png\",\"width\":474,\"height\":141,\"caption\":\"kabinam.lt\"},\"image\":{\"@id\":\"https:\/\/kabinam.lt\/#\/schema\/logo\/image\/\"}}]}<\/script>\n<!-- \/ Yoast SEO plugin. -->","yoast_head_json":{"title":"Gravierte Schl\u00fcsselanh\u00e4nger - runder Yes Daddy Schl\u00fcsselanh\u00e4nger mit w\u00fcrzigem Akzent","description":"Gravierte Schl\u00fcsselanh\u00e4nger - runder Schl\u00fcsselanh\u00e4nger aus Metall mit einem pikanten Design und der Aufschrift \u201eYes Daddy\u201c.","robots":{"index":"index","follow":"follow","max-snippet":"max-snippet:-1","max-image-preview":"max-image-preview:large","max-video-preview":"max-video-preview:-1"},"canonical":"https:\/\/kabinam.lt\/de\/produkt\/schlusselanhanger-mit-gravur-ja-daddy\/","og_locale":"de_DE","og_type":"article","og_title":"Graviruoti rakt\u0173 pakabukai \u2013 apvalus pakabukas \u201eYes Daddy\u201c su pikanti\u0161ku akcentu","og_description":"Graviruoti rakt\u0173 pakabukai \u2013 apvalus metalinis pakabukas su pikanti\u0161ku pie\u0161iniu ir u\u017era\u0161u \u201eYes Daddy\u201c.","og_url":"https:\/\/kabinam.lt\/de\/produkt\/schlusselanhanger-mit-gravur-ja-daddy\/","og_site_name":"kabinam.lt","article_modified_time":"2026-01-03T16:54:43+00:00","og_image":[{"width":500,"height":500,"url":"https:\/\/kabinam.lt\/wp-content\/uploads\/2024\/08\/1719550767032-8be4e2ba2a63488bac537c99b4e14266-goods.webp","type":"image\/webp"}],"twitter_card":"summary_large_image","twitter_misc":{"Gesch\u00e4tzte Lesezeit":"2\u00a0Minuten"},"schema":{"@context":"https:\/\/schema.org","@graph":[{"@type":["WebPage","ItemPage"],"@id":"https:\/\/kabinam.lt\/et\/toode\/graveeritud-votmehoidjad-jah-issi\/","url":"https:\/\/kabinam.lt\/et\/toode\/graveeritud-votmehoidjad-jah-issi\/","name":"Gravierte Schl\u00fcsselanh\u00e4nger - runder Yes Daddy Schl\u00fcsselanh\u00e4nger mit w\u00fcrzigem Akzent","isPartOf":{"@id":"https:\/\/kabinam.lt\/#website"},"primaryImageOfPage":{"@id":"https:\/\/kabinam.lt\/et\/toode\/graveeritud-votmehoidjad-jah-issi\/#primaryimage"},"image":{"@id":"https:\/\/kabinam.lt\/et\/toode\/graveeritud-votmehoidjad-jah-issi\/#primaryimage"},"thumbnailUrl":"https:\/\/kabinam.lt\/wp-content\/uploads\/2024\/08\/1719550767032-8be4e2ba2a63488bac537c99b4e14266-goods.webp","datePublished":"2024-08-15T06:15:10+00:00","dateModified":"2026-01-03T16:54:43+00:00","description":"Gravierte Schl\u00fcsselanh\u00e4nger - runder Schl\u00fcsselanh\u00e4nger aus Metall mit einem pikanten Design und der Aufschrift \u201eYes Daddy\u201c.","breadcrumb":{"@id":"https:\/\/kabinam.lt\/et\/toode\/graveeritud-votmehoidjad-jah-issi\/#breadcrumb"},"inLanguage":"de","potentialAction":[{"@type":"ReadAction","target":["https:\/\/kabinam.lt\/et\/toode\/graveeritud-votmehoidjad-jah-issi\/"]}]},{"@type":"ImageObject","inLanguage":"de","@id":"https:\/\/kabinam.lt\/et\/toode\/graveeritud-votmehoidjad-jah-issi\/#primaryimage","url":"https:\/\/kabinam.lt\/wp-content\/uploads\/2024\/08\/1719550767032-8be4e2ba2a63488bac537c99b4e14266-goods.webp","contentUrl":"https:\/\/kabinam.lt\/wp-content\/uploads\/2024\/08\/1719550767032-8be4e2ba2a63488bac537c99b4e14266-goods.webp","width":500,"height":500,"caption":"Graviruotas metalinis pakabukas su u\u017era\u0161u \u201eYes Daddy\u201c"},{"@type":"BreadcrumbList","@id":"https:\/\/kabinam.lt\/et\/toode\/graveeritud-votmehoidjad-jah-issi\/#breadcrumb","itemListElement":[{"@type":"ListItem","position":1,"name":"Home","item":"https:\/\/kabinam.lt\/"},{"@type":"ListItem","position":2,"name":"Visi Produktai","item":"https:\/\/kabinam.lt\/visi-produktai\/"},{"@type":"ListItem","position":3,"name":"Graviruoti rakt\u0173 pakabukai \u2013 apvalus pakabukas \u201eYes Daddy\u201c su pikanti\u0161ku akcentu"}]},{"@type":"WebSite","@id":"https:\/\/kabinam.lt\/#website","url":"https:\/\/kabinam.lt\/","name":"kabinam.lt","description":"Kabinam.lt - Schl\u00fcsselanh\u00e4nger und Zubeh\u00f6r","publisher":{"@id":"https:\/\/kabinam.lt\/#organization"},"alternateName":"pakabukai lt","potentialAction":[{"@type":"SearchAction","target":{"@type":"EntryPoint","urlTemplate":"https:\/\/kabinam.lt\/?s={search_term_string}"},"query-input":{"@type":"PropertyValueSpecification","valueRequired":true,"valueName":"search_term_string"}}],"inLanguage":"de"},{"@type":"Organization","@id":"https:\/\/kabinam.lt\/#organization","name":"kabinam.lt","alternateName":"kabinam","url":"https:\/\/kabinam.lt\/","logo":{"@type":"ImageObject","inLanguage":"de","@id":"https:\/\/kabinam.lt\/#\/schema\/logo\/image\/","url":"https:\/\/kabinam.lt\/wp-content\/uploads\/2025\/05\/KABINAM_outer_glow.png","contentUrl":"https:\/\/kabinam.lt\/wp-content\/uploads\/2025\/05\/KABINAM_outer_glow.png","width":474,"height":141,"caption":"kabinam.lt"},"image":{"@id":"https:\/\/kabinam.lt\/#\/schema\/logo\/image\/"}}]}},"uagb_featured_image_src":{"full":["https:\/\/kabinam.lt\/wp-content\/uploads\/2024\/08\/1719550767032-8be4e2ba2a63488bac537c99b4e14266-goods.webp",500,500,false],"thumbnail":["https:\/\/kabinam.lt\/wp-content\/uploads\/2024\/08\/1719550767032-8be4e2ba2a63488bac537c99b4e14266-goods-150x150.webp",150,150,true],"medium":["https:\/\/kabinam.lt\/wp-content\/uploads\/2024\/08\/1719550767032-8be4e2ba2a63488bac537c99b4e14266-goods-300x300.webp",300,300,true],"medium_large":["https:\/\/kabinam.lt\/wp-content\/uploads\/2024\/08\/1719550767032-8be4e2ba2a63488bac537c99b4e14266-goods.webp",500,500,false],"large":["https:\/\/kabinam.lt\/wp-content\/uploads\/2024\/08\/1719550767032-8be4e2ba2a63488bac537c99b4e14266-goods.webp",500,500,false],"1536x1536":["https:\/\/kabinam.lt\/wp-content\/uploads\/2024\/08\/1719550767032-8be4e2ba2a63488bac537c99b4e14266-goods.webp",500,500,false],"2048x2048":["https:\/\/kabinam.lt\/wp-content\/uploads\/2024\/08\/1719550767032-8be4e2ba2a63488bac537c99b4e14266-goods.webp",500,500,false],"trp-custom-language-flag":["https:\/\/kabinam.lt\/wp-content\/uploads\/2024\/08\/1719550767032-8be4e2ba2a63488bac537c99b4e14266-goods.webp",12,12,false],"woocommerce_thumbnail":["https:\/\/kabinam.lt\/wp-content\/uploads\/2024\/08\/1719550767032-8be4e2ba2a63488bac537c99b4e14266-goods-300x300.webp",300,300,true],"woocommerce_single":["https:\/\/kabinam.lt\/wp-content\/uploads\/2024\/08\/1719550767032-8be4e2ba2a63488bac537c99b4e14266-goods.webp",500,500,false],"woocommerce_gallery_thumbnail":["https:\/\/kabinam.lt\/wp-content\/uploads\/2024\/08\/1719550767032-8be4e2ba2a63488bac537c99b4e14266-goods-100x100.webp",100,100,true]},"uagb_author_info":{"display_name":"kabinam.lt","author_link":"https:\/\/kabinam.lt\/de\/author\/"},"uagb_comment_info":0,"uagb_excerpt":"Graviruotas apvalus metalinis pakabukas su seksualiu siluetu ir provokuojan\u010diu u\u017era\u0161u \u201eYes Daddy\u201c.","_links":{"self":[{"href":"https:\/\/kabinam.lt\/de\/wp-json\/wp\/v2\/product\/2405","targetHints":{"allow":["GET"]}}],"collection":[{"href":"https:\/\/kabinam.lt\/de\/wp-json\/wp\/v2\/product"}],"about":[{"href":"https:\/\/kabinam.lt\/de\/wp-json\/wp\/v2\/types\/product"}],"replies":[{"embeddable":true,"href":"https:\/\/kabinam.lt\/de\/wp-json\/wp\/v2\/comments?post=2405"}],"wp:featuredmedia":[{"embeddable":true,"href":"https:\/\/kabinam.lt\/de\/wp-json\/wp\/v2\/media\/2406"}],"wp:attachment":[{"href":"https:\/\/kabinam.lt\/de\/wp-json\/wp\/v2\/media?parent=2405"}],"wp:term":[{"taxonomy":"product_brand","embeddable":true,"href":"https:\/\/kabinam.lt\/de\/wp-json\/wp\/v2\/product_brand?post=2405"},{"taxonomy":"product_cat","embeddable":true,"href":"https:\/\/kabinam.lt\/de\/wp-json\/wp\/v2\/product_cat?post=2405"},{"taxonomy":"product_tag","embeddable":true,"href":"https:\/\/kabinam.lt\/de\/wp-json\/wp\/v2\/product_tag?post=2405"}],"curies":[{"name":"wp","href":"https:\/\/api.w.org\/{rel}","templated":true}]}}