{"id":2298,"date":"2024-07-30T16:55:48","date_gmt":"2024-07-30T13:55:48","guid":{"rendered":"https:\/\/kabinam.lt\/?post_type=product&#038;p=2298"},"modified":"2026-01-03T18:55:12","modified_gmt":"2026-01-03T16:55:12","slug":"schlusselanhanger-mit-modernem-stil","status":"publish","type":"product","link":"https:\/\/kabinam.lt\/de\/product\/raktu-pakabukai-su-moderniu-stiliumi-meskiukas\/","title":{"rendered":"Schl\u00fcsselanh\u00e4nger mit modernem Stil - Brauner B\u00e4r"},"content":{"rendered":"<div class=\"kk-star-ratings kksr-auto kksr-align-left kksr-valign-top\"\n    data-payload='{&quot;align&quot;:&quot;left&quot;,&quot;id&quot;:&quot;2298&quot;,&quot;slug&quot;:&quot;default&quot;,&quot;valign&quot;:&quot;top&quot;,&quot;ignore&quot;:&quot;&quot;,&quot;reference&quot;:&quot;auto&quot;,&quot;class&quot;:&quot;&quot;,&quot;count&quot;:&quot;0&quot;,&quot;legendonly&quot;:&quot;&quot;,&quot;readonly&quot;:&quot;&quot;,&quot;score&quot;:&quot;0&quot;,&quot;starsonly&quot;:&quot;&quot;,&quot;best&quot;:&quot;5&quot;,&quot;gap&quot;:&quot;5&quot;,&quot;greet&quot;:&quot;Mums svarbus j\u016bs\u0173 \u012fvertinimas&quot;,&quot;legend&quot;:&quot;0\\\/5 - (0 votes)&quot;,&quot;size&quot;:&quot;24&quot;,&quot;title&quot;:&quot;Rakt\u0173 pakabukai su moderniu stiliumi \u2013 Rudas Me\u0161kiukas&quot;,&quot;width&quot;:&quot;0&quot;,&quot;_legend&quot;:&quot;{score}\\\/{best} - ({count} {votes})&quot;,&quot;font_factor&quot;:&quot;1.25&quot;}'>\n            \n<div class=\"kksr-stars\">\n    \n<div class=\"kksr-stars-inactive\">\n            <div class=\"kksr-star\" data-star=\"1\" style=\"padding-right: 5px\">\n            \n\n<div class=\"kksr-icon\" style=\"width: 24px; height: 24px;\"><\/div>\n        <\/div>\n            <div class=\"kksr-star\" data-star=\"2\" style=\"padding-right: 5px\">\n            \n\n<div class=\"kksr-icon\" style=\"width: 24px; height: 24px;\"><\/div>\n        <\/div>\n            <div class=\"kksr-star\" data-star=\"3\" style=\"padding-right: 5px\">\n            \n\n<div class=\"kksr-icon\" style=\"width: 24px; height: 24px;\"><\/div>\n        <\/div>\n            <div class=\"kksr-star\" data-star=\"4\" style=\"padding-right: 5px\">\n            \n\n<div class=\"kksr-icon\" style=\"width: 24px; height: 24px;\"><\/div>\n        <\/div>\n            <div class=\"kksr-star\" data-star=\"5\" style=\"padding-right: 5px\">\n            \n\n<div class=\"kksr-icon\" style=\"width: 24px; height: 24px;\"><\/div>\n        <\/div>\n    <\/div>\n    \n<div class=\"kksr-stars-active\" style=\"width: 0px;\">\n            <div class=\"kksr-star\" style=\"padding-right: 5px\">\n            \n\n<div class=\"kksr-icon\" style=\"width: 24px; height: 24px;\"><\/div>\n        <\/div>\n            <div class=\"kksr-star\" style=\"padding-right: 5px\">\n            \n\n<div class=\"kksr-icon\" style=\"width: 24px; height: 24px;\"><\/div>\n        <\/div>\n            <div class=\"kksr-star\" style=\"padding-right: 5px\">\n            \n\n<div class=\"kksr-icon\" style=\"width: 24px; height: 24px;\"><\/div>\n        <\/div>\n            <div class=\"kksr-star\" style=\"padding-right: 5px\">\n            \n\n<div class=\"kksr-icon\" style=\"width: 24px; height: 24px;\"><\/div>\n        <\/div>\n            <div class=\"kksr-star\" style=\"padding-right: 5px\">\n            \n\n<div class=\"kksr-icon\" style=\"width: 24px; height: 24px;\"><\/div>\n        <\/div>\n    <\/div>\n<\/div>\n                \n\n<div class=\"kksr-legend\" style=\"font-size: 19.2px;\">\n            <span class=\"kksr-muted\">Ihre Bewertung ist f\u00fcr uns wichtig<\/span>\n    <\/div>\n    <\/div>\n<h3 data-start=\"419\" data-end=\"504\"><strong data-start=\"423\" data-end=\"504\">Schl\u00fcsselanh\u00e4nger im modernen Stil \u2013 ein stilvolles Accessoire f\u00fcr jeden Tag<\/strong><\/h3>\n<p data-start=\"506\" data-end=\"824\">Zeitgen\u00f6ssisch <strong data-start=\"520\" data-end=\"560\">Schl\u00fcsselanh\u00e4nger im modernen Stil<\/strong> wird zu einem unverzichtbaren Stilelement, insbesondere unter Jugendlichen und Modefans. Unser brauner Gummib\u00e4rchen mit der Aufschrift <em data-start=\"670\" data-end=\"678\">coolso<\/em> \u2013 ein hervorragendes Beispiel daf\u00fcr, wie ein einfacher Gegenstand zu einem stilvollen Akzent werden kann. Er f\u00e4llt sofort durch sein Aussehen, seine Qualit\u00e4t und seine Vielseitigkeit auf.<\/p>\n<hr data-start=\"826\" data-end=\"829\" \/>\n<h3 data-start=\"831\" data-end=\"875\"><strong data-start=\"835\" data-end=\"875\">Hochwertige Materialien und Details<\/strong><\/h3>\n<p data-start=\"877\" data-end=\"1202\">Der Anh\u00e4nger ist aus elastischem, aber \u00e4u\u00dferst strapazierf\u00e4higem Gummi gefertigt. Das bedeutet, dass er nicht nur gut aussieht, sondern auch lange h\u00e4lt. Die Oberfl\u00e4che des B\u00e4ren ist angenehm anzufassen, und die Details sind klar und ausdrucksstark. Brille und wei\u00dfe Aufschrift <em data-start=\"1108\" data-end=\"1116\">coolso<\/em> vermittelt den Eindruck, dass dieses Accessoire modisch, stilvoll und ein wenig provokativ ist.<\/p>\n<hr data-start=\"840\" data-end=\"843\" \/>\n<h3 data-start=\"845\" data-end=\"885\"><strong data-start=\"849\" data-end=\"885\">Stil trifft auf Funktionalit\u00e4t<\/strong><\/h3>\n<p data-start=\"887\" data-end=\"1209\">Der Teddyb\u00e4r ist aus hochwertigem Gummi gefertigt, das strapazierf\u00e4hig und angenehm anzufassen ist. Das minimalistische Design in Kombination mit dem modernen Look macht ihn zu einem Accessoire, das sowohl f\u00fcr Jugendliche als auch f\u00fcr Erwachsene geeignet ist. Aufschrift <em data-start=\"1093\" data-end=\"1101\">coolso<\/em> verleiht dem Anh\u00e4nger Einzigartigkeit und ein wenig Verspieltheit. Er ist nicht nur ein Schmuckst\u00fcck, sondern auch ein funktionaler Gegenstand.<\/p>\n<hr data-start=\"1204\" data-end=\"1207\" \/>\n<h3 data-start=\"1209\" data-end=\"1252\"><strong data-start=\"1213\" data-end=\"1252\">Die ideale Wahl als Geschenk oder f\u00fcr sich selbst<\/strong><\/h3>\n<p data-start=\"1254\" data-end=\"1555\">Wenn Sie auf der Suche nach einem Geschenk f\u00fcr einen lieben Menschen sind oder Ihre Accessoire-Kollektion erg\u00e4nzen m\u00f6chten, ist dieser Anh\u00e4nger genau das Richtige. Aufgrund seiner Gr\u00f6\u00dfe l\u00e4sst er sich bequem sowohl am Schl\u00fcsselbund als auch an einem Rucksack oder sogar an der Kleidung befestigen. Ein au\u00dfergew\u00f6hnliches Geschenk f\u00fcr alle, die Mode, Design und moderne L\u00f6sungen lieben.<\/p>\n<hr data-start=\"1557\" data-end=\"1560\" \/>\n<h3 data-start=\"1562\" data-end=\"1600\"><strong data-start=\"1566\" data-end=\"1600\">Kombinieren Sie Stil mit Funktionalit\u00e4t<\/strong><\/h3>\n<p data-start=\"1602\" data-end=\"1848\"><strong data-start=\"1602\" data-end=\"1642\">Schl\u00fcsselanh\u00e4nger im modernen Stil<\/strong> nicht nur sch\u00f6n, sondern auch praktisch. Das Gummi ist widerstandsf\u00e4hig gegen Umwelteinfl\u00fcsse, sodass der Anh\u00e4nger auch bei t\u00e4glichem Gebrauch seine Form beh\u00e4lt. Er passt zu verschiedenen Stilen \u2013 von Street Fashion bis Minimalismus.<\/p>\n<hr data-start=\"1850\" data-end=\"1853\" \/>\n<h3 data-start=\"1855\" data-end=\"1899\"><strong data-start=\"1859\" data-end=\"1899\">Auf der Suche nach weiteren stilvollen Optionen?<\/strong><\/h3>\n<p data-start=\"1901\" data-end=\"2369\">Besuchen Sie uns <a class=\"\" href=\"https:\/\/kabinam.lt\/de\/produktkategorie-2\/unikaliu-pakabuku-kategorija\/\" target=\"_new\" rel=\"noopener\" data-start=\"1917\" data-end=\"2004\">Einzigartige Anh\u00e4nger<\/a> und <a class=\"\" href=\"https:\/\/kabinam.lt\/de\/produktkategorie-2\/beliebteste-produktkategorie\/\" target=\"_new\" rel=\"noopener\" data-start=\"2008\" data-end=\"2106\">Beliebteste Produkte<\/a> Kategorien, wo du noch mehr ausdrucksstarke und stylische Accessoires findest. Und wenn du den weltweiten Modetrends folgen m\u00f6chtest, empfehlen wir dir einen Besuch bei <a class=\"\" href=\"https:\/\/www.highsnobiety.com\" target=\"_new\" rel=\"noopener\" data-start=\"2253\" data-end=\"2313\">https:\/\/www.highsnobiety.com<\/a> \u2013 ist eine der beliebtesten Plattformen f\u00fcr Modekultur.<\/p>","protected":false},"excerpt":{"rendered":"<p>Ein stylischer brauner Gummib\u00e4rchenanh\u00e4nger mit der Aufschrift \u201ecoolso\u201c \u2013 ein moderner Schl\u00fcsselanh\u00e4nger f\u00fcr Fans der urbanen Mode.<\/p>","protected":false},"featured_media":2299,"comment_status":"closed","ping_status":"closed","template":"","meta":{"_uag_custom_page_level_css":"","site-sidebar-layout":"default","site-content-layout":"","ast-site-content-layout":"default","site-content-style":"default","site-sidebar-style":"default","ast-global-header-display":"","ast-banner-title-visibility":"","ast-main-header-display":"","ast-hfb-above-header-display":"","ast-hfb-below-header-display":"","ast-hfb-mobile-header-display":"","site-post-title":"","ast-breadcrumbs-content":"","ast-featured-img":"","footer-sml-layout":"","ast-disable-related-posts":"","theme-transparent-header-meta":"default","adv-header-id-meta":"","stick-header-meta":"","header-above-stick-meta":"","header-main-stick-meta":"","header-below-stick-meta":"","astra-migrate-meta-layouts":"set","ast-page-background-enabled":"default","ast-page-background-meta":{"desktop":{"background-color":"var(--ast-global-color-4)","background-image":"","background-repeat":"repeat","background-position":"center center","background-size":"auto","background-attachment":"scroll","background-type":"","background-media":"","overlay-type":"","overlay-color":"","overlay-opacity":"","overlay-gradient":""},"tablet":{"background-color":"","background-image":"","background-repeat":"repeat","background-position":"center center","background-size":"auto","background-attachment":"scroll","background-type":"","background-media":"","overlay-type":"","overlay-color":"","overlay-opacity":"","overlay-gradient":""},"mobile":{"background-color":"","background-image":"","background-repeat":"repeat","background-position":"center center","background-size":"auto","background-attachment":"scroll","background-type":"","background-media":"","overlay-type":"","overlay-color":"","overlay-opacity":"","overlay-gradient":""}},"ast-content-background-meta":{"desktop":{"background-color":"var(--ast-global-color-5)","background-image":"","background-repeat":"repeat","background-position":"center center","background-size":"auto","background-attachment":"scroll","background-type":"","background-media":"","overlay-type":"","overlay-color":"","overlay-opacity":"","overlay-gradient":""},"tablet":{"background-color":"var(--ast-global-color-5)","background-image":"","background-repeat":"repeat","background-position":"center center","background-size":"auto","background-attachment":"scroll","background-type":"","background-media":"","overlay-type":"","overlay-color":"","overlay-opacity":"","overlay-gradient":""},"mobile":{"background-color":"var(--ast-global-color-5)","background-image":"","background-repeat":"repeat","background-position":"center center","background-size":"auto","background-attachment":"scroll","background-type":"","background-media":"","overlay-type":"","overlay-color":"","overlay-opacity":"","overlay-gradient":""}}},"product_brand":[],"product_cat":[125,126,95,118,92],"product_tag":[],"class_list":{"0":"post-2298","1":"product","2":"type-product","3":"status-publish","4":"has-post-thumbnail","6":"product_cat-halloween","7":"product_cat-visi","8":"product_cat-unikalus-raktu-pakabukai","9":"product_cat-dovana-teciui","10":"product_cat-populiariausiu-produktu-kategorija","11":"desktop-align-center","12":"tablet-align-left","13":"mobile-align-left","15":"first","16":"instock","17":"shipping-taxable","18":"purchasable","19":"product-type-simple"},"yoast_head":"<!-- This site is optimized with the Yoast SEO plugin v27.1.1 - https:\/\/yoast.com\/product\/yoast-seo-wordpress\/ -->\n<title>Rakt\u0173 pakabukai su moderniu stiliumi \u2013 Rudas Me\u0161kiukas - kabinam.lt<\/title>\n<meta name=\"description\" content=\"Rakt\u0173 pakabukai su moderniu stiliumi \u2013 guminis rudas me\u0161kiukas su u\u017era\u0161u coolso. Puikus pasirinkimas \u0161iuolaiki\u0161kam \u012fvaizd\u017eiui.\" \/>\n<meta name=\"robots\" content=\"index, follow, max-snippet:-1, max-image-preview:large, max-video-preview:-1\" \/>\n<link rel=\"canonical\" href=\"https:\/\/kabinam.lt\/de\/produkt\/schlusselanhanger-mit-modernem-stil\/\" \/>\n<meta property=\"og:locale\" content=\"de_DE\" \/>\n<meta property=\"og:type\" content=\"article\" \/>\n<meta property=\"og:title\" content=\"Rakt\u0173 pakabukai su moderniu stiliumi \u2013 Rudas Me\u0161kiukas - kabinam.lt\" \/>\n<meta property=\"og:description\" content=\"Rakt\u0173 pakabukai su moderniu stiliumi \u2013 guminis rudas me\u0161kiukas su u\u017era\u0161u coolso. Puikus pasirinkimas \u0161iuolaiki\u0161kam \u012fvaizd\u017eiui.\" \/>\n<meta property=\"og:url\" content=\"https:\/\/kabinam.lt\/de\/produkt\/schlusselanhanger-mit-modernem-stil\/\" \/>\n<meta property=\"og:site_name\" content=\"kabinam.lt\" \/>\n<meta property=\"article:modified_time\" content=\"2026-01-03T16:55:12+00:00\" \/>\n<meta property=\"og:image\" content=\"https:\/\/kabinam.lt\/wp-content\/uploads\/2024\/07\/4de2923d-d4d4-49b4-87a6-4c287b87b570-1.jpg\" \/>\n\t<meta property=\"og:image:width\" content=\"800\" \/>\n\t<meta property=\"og:image:height\" content=\"800\" \/>\n\t<meta property=\"og:image:type\" content=\"image\/jpeg\" \/>\n<meta name=\"twitter:card\" content=\"summary_large_image\" \/>\n<meta name=\"twitter:label1\" content=\"Gesch\u00e4tzte Lesezeit\" \/>\n\t<meta name=\"twitter:data1\" content=\"2\u00a0Minuten\" \/>\n<script type=\"application\/ld+json\" class=\"yoast-schema-graph\">{\"@context\":\"https:\/\/schema.org\",\"@graph\":[{\"@type\":[\"WebPage\",\"ItemPage\"],\"@id\":\"https:\/\/kabinam.lt\/eng\/product\/key-hooks-with-a-modern-style\/\",\"url\":\"https:\/\/kabinam.lt\/eng\/product\/key-hooks-with-a-modern-style\/\",\"name\":\"Rakt\u0173 pakabukai su moderniu stiliumi \u2013 Rudas Me\u0161kiukas - kabinam.lt\",\"isPartOf\":{\"@id\":\"https:\/\/kabinam.lt\/#website\"},\"primaryImageOfPage\":{\"@id\":\"https:\/\/kabinam.lt\/eng\/product\/key-hooks-with-a-modern-style\/#primaryimage\"},\"image\":{\"@id\":\"https:\/\/kabinam.lt\/eng\/product\/key-hooks-with-a-modern-style\/#primaryimage\"},\"thumbnailUrl\":\"https:\/\/kabinam.lt\/wp-content\/uploads\/2024\/07\/4de2923d-d4d4-49b4-87a6-4c287b87b570-1.jpg\",\"datePublished\":\"2024-07-30T13:55:48+00:00\",\"dateModified\":\"2026-01-03T16:55:12+00:00\",\"description\":\"Rakt\u0173 pakabukai su moderniu stiliumi \u2013 guminis rudas me\u0161kiukas su u\u017era\u0161u coolso. Puikus pasirinkimas \u0161iuolaiki\u0161kam \u012fvaizd\u017eiui.\",\"breadcrumb\":{\"@id\":\"https:\/\/kabinam.lt\/eng\/product\/key-hooks-with-a-modern-style\/#breadcrumb\"},\"inLanguage\":\"de\",\"potentialAction\":[{\"@type\":\"ReadAction\",\"target\":[\"https:\/\/kabinam.lt\/eng\/product\/key-hooks-with-a-modern-style\/\"]}]},{\"@type\":\"ImageObject\",\"inLanguage\":\"de\",\"@id\":\"https:\/\/kabinam.lt\/eng\/product\/key-hooks-with-a-modern-style\/#primaryimage\",\"url\":\"https:\/\/kabinam.lt\/wp-content\/uploads\/2024\/07\/4de2923d-d4d4-49b4-87a6-4c287b87b570-1.jpg\",\"contentUrl\":\"https:\/\/kabinam.lt\/wp-content\/uploads\/2024\/07\/4de2923d-d4d4-49b4-87a6-4c287b87b570-1.jpg\",\"width\":800,\"height\":800,\"caption\":\"Modernus guminis me\u0161kiukas su coolso u\u017era\u0161u\"},{\"@type\":\"BreadcrumbList\",\"@id\":\"https:\/\/kabinam.lt\/eng\/product\/key-hooks-with-a-modern-style\/#breadcrumb\",\"itemListElement\":[{\"@type\":\"ListItem\",\"position\":1,\"name\":\"Home\",\"item\":\"https:\/\/kabinam.lt\/\"},{\"@type\":\"ListItem\",\"position\":2,\"name\":\"Visi Produktai\",\"item\":\"https:\/\/kabinam.lt\/visi-produktai\/\"},{\"@type\":\"ListItem\",\"position\":3,\"name\":\"Rakt\u0173 pakabukai su moderniu stiliumi \u2013 Rudas Me\u0161kiukas\"}]},{\"@type\":\"WebSite\",\"@id\":\"https:\/\/kabinam.lt\/#website\",\"url\":\"https:\/\/kabinam.lt\/\",\"name\":\"kabinam.lt\",\"description\":\"Kabinam.lt \u2013 raktu pakabukai ir aksesuarai\",\"publisher\":{\"@id\":\"https:\/\/kabinam.lt\/#organization\"},\"alternateName\":\"pakabukai lt\",\"potentialAction\":[{\"@type\":\"SearchAction\",\"target\":{\"@type\":\"EntryPoint\",\"urlTemplate\":\"https:\/\/kabinam.lt\/?s={search_term_string}\"},\"query-input\":{\"@type\":\"PropertyValueSpecification\",\"valueRequired\":true,\"valueName\":\"search_term_string\"}}],\"inLanguage\":\"de\"},{\"@type\":\"Organization\",\"@id\":\"https:\/\/kabinam.lt\/#organization\",\"name\":\"kabinam.lt\",\"alternateName\":\"kabinam\",\"url\":\"https:\/\/kabinam.lt\/\",\"logo\":{\"@type\":\"ImageObject\",\"inLanguage\":\"de\",\"@id\":\"https:\/\/kabinam.lt\/#\/schema\/logo\/image\/\",\"url\":\"https:\/\/kabinam.lt\/wp-content\/uploads\/2025\/05\/KABINAM_outer_glow.png\",\"contentUrl\":\"https:\/\/kabinam.lt\/wp-content\/uploads\/2025\/05\/KABINAM_outer_glow.png\",\"width\":474,\"height\":141,\"caption\":\"kabinam.lt\"},\"image\":{\"@id\":\"https:\/\/kabinam.lt\/#\/schema\/logo\/image\/\"}}]}<\/script>\n<!-- \/ Yoast SEO plugin. -->","yoast_head_json":{"title":"Schl\u00fcsselanh\u00e4nger im modernen Stil \u2013 Brauner B\u00e4r \u2013 kabinam.lt","description":"Schl\u00fcsselanh\u00e4nger im modernen Stil \u2013 brauner Gummib\u00e4rchen mit der Aufschrift \u201ecoolso\u201c. Eine perfekte Wahl f\u00fcr einen zeitgem\u00e4\u00dfen Look.","robots":{"index":"index","follow":"follow","max-snippet":"max-snippet:-1","max-image-preview":"max-image-preview:large","max-video-preview":"max-video-preview:-1"},"canonical":"https:\/\/kabinam.lt\/de\/produkt\/schlusselanhanger-mit-modernem-stil\/","og_locale":"de_DE","og_type":"article","og_title":"Rakt\u0173 pakabukai su moderniu stiliumi \u2013 Rudas Me\u0161kiukas - kabinam.lt","og_description":"Rakt\u0173 pakabukai su moderniu stiliumi \u2013 guminis rudas me\u0161kiukas su u\u017era\u0161u coolso. Puikus pasirinkimas \u0161iuolaiki\u0161kam \u012fvaizd\u017eiui.","og_url":"https:\/\/kabinam.lt\/de\/produkt\/schlusselanhanger-mit-modernem-stil\/","og_site_name":"kabinam.lt","article_modified_time":"2026-01-03T16:55:12+00:00","og_image":[{"width":800,"height":800,"url":"https:\/\/kabinam.lt\/wp-content\/uploads\/2024\/07\/4de2923d-d4d4-49b4-87a6-4c287b87b570-1.jpg","type":"image\/jpeg"}],"twitter_card":"summary_large_image","twitter_misc":{"Gesch\u00e4tzte Lesezeit":"2\u00a0Minuten"},"schema":{"@context":"https:\/\/schema.org","@graph":[{"@type":["WebPage","ItemPage"],"@id":"https:\/\/kabinam.lt\/eng\/product\/key-hooks-with-a-modern-style\/","url":"https:\/\/kabinam.lt\/eng\/product\/key-hooks-with-a-modern-style\/","name":"Schl\u00fcsselanh\u00e4nger im modernen Stil \u2013 Brauner B\u00e4r \u2013 kabinam.lt","isPartOf":{"@id":"https:\/\/kabinam.lt\/#website"},"primaryImageOfPage":{"@id":"https:\/\/kabinam.lt\/eng\/product\/key-hooks-with-a-modern-style\/#primaryimage"},"image":{"@id":"https:\/\/kabinam.lt\/eng\/product\/key-hooks-with-a-modern-style\/#primaryimage"},"thumbnailUrl":"https:\/\/kabinam.lt\/wp-content\/uploads\/2024\/07\/4de2923d-d4d4-49b4-87a6-4c287b87b570-1.jpg","datePublished":"2024-07-30T13:55:48+00:00","dateModified":"2026-01-03T16:55:12+00:00","description":"Schl\u00fcsselanh\u00e4nger im modernen Stil \u2013 brauner Gummib\u00e4rchen mit der Aufschrift \u201ecoolso\u201c. Eine perfekte Wahl f\u00fcr einen zeitgem\u00e4\u00dfen Look.","breadcrumb":{"@id":"https:\/\/kabinam.lt\/eng\/product\/key-hooks-with-a-modern-style\/#breadcrumb"},"inLanguage":"de","potentialAction":[{"@type":"ReadAction","target":["https:\/\/kabinam.lt\/eng\/product\/key-hooks-with-a-modern-style\/"]}]},{"@type":"ImageObject","inLanguage":"de","@id":"https:\/\/kabinam.lt\/eng\/product\/key-hooks-with-a-modern-style\/#primaryimage","url":"https:\/\/kabinam.lt\/wp-content\/uploads\/2024\/07\/4de2923d-d4d4-49b4-87a6-4c287b87b570-1.jpg","contentUrl":"https:\/\/kabinam.lt\/wp-content\/uploads\/2024\/07\/4de2923d-d4d4-49b4-87a6-4c287b87b570-1.jpg","width":800,"height":800,"caption":"Modernus guminis me\u0161kiukas su coolso u\u017era\u0161u"},{"@type":"BreadcrumbList","@id":"https:\/\/kabinam.lt\/eng\/product\/key-hooks-with-a-modern-style\/#breadcrumb","itemListElement":[{"@type":"ListItem","position":1,"name":"Home","item":"https:\/\/kabinam.lt\/"},{"@type":"ListItem","position":2,"name":"Visi Produktai","item":"https:\/\/kabinam.lt\/visi-produktai\/"},{"@type":"ListItem","position":3,"name":"Rakt\u0173 pakabukai su moderniu stiliumi \u2013 Rudas Me\u0161kiukas"}]},{"@type":"WebSite","@id":"https:\/\/kabinam.lt\/#website","url":"https:\/\/kabinam.lt\/","name":"kabinam.lt","description":"Kabinam.lt - Schl\u00fcsselanh\u00e4nger und Zubeh\u00f6r","publisher":{"@id":"https:\/\/kabinam.lt\/#organization"},"alternateName":"pakabukai lt","potentialAction":[{"@type":"SearchAction","target":{"@type":"EntryPoint","urlTemplate":"https:\/\/kabinam.lt\/?s={search_term_string}"},"query-input":{"@type":"PropertyValueSpecification","valueRequired":true,"valueName":"search_term_string"}}],"inLanguage":"de"},{"@type":"Organization","@id":"https:\/\/kabinam.lt\/#organization","name":"kabinam.lt","alternateName":"kabinam","url":"https:\/\/kabinam.lt\/","logo":{"@type":"ImageObject","inLanguage":"de","@id":"https:\/\/kabinam.lt\/#\/schema\/logo\/image\/","url":"https:\/\/kabinam.lt\/wp-content\/uploads\/2025\/05\/KABINAM_outer_glow.png","contentUrl":"https:\/\/kabinam.lt\/wp-content\/uploads\/2025\/05\/KABINAM_outer_glow.png","width":474,"height":141,"caption":"kabinam.lt"},"image":{"@id":"https:\/\/kabinam.lt\/#\/schema\/logo\/image\/"}}]}},"uagb_featured_image_src":{"full":["https:\/\/kabinam.lt\/wp-content\/uploads\/2024\/07\/4de2923d-d4d4-49b4-87a6-4c287b87b570-1.jpg",800,800,false],"thumbnail":["https:\/\/kabinam.lt\/wp-content\/uploads\/2024\/07\/4de2923d-d4d4-49b4-87a6-4c287b87b570-1-150x150.jpg",150,150,true],"medium":["https:\/\/kabinam.lt\/wp-content\/uploads\/2024\/07\/4de2923d-d4d4-49b4-87a6-4c287b87b570-1-300x300.jpg",300,300,true],"medium_large":["https:\/\/kabinam.lt\/wp-content\/uploads\/2024\/07\/4de2923d-d4d4-49b4-87a6-4c287b87b570-1-768x768.jpg",768,768,true],"large":["https:\/\/kabinam.lt\/wp-content\/uploads\/2024\/07\/4de2923d-d4d4-49b4-87a6-4c287b87b570-1.jpg",800,800,false],"1536x1536":["https:\/\/kabinam.lt\/wp-content\/uploads\/2024\/07\/4de2923d-d4d4-49b4-87a6-4c287b87b570-1.jpg",800,800,false],"2048x2048":["https:\/\/kabinam.lt\/wp-content\/uploads\/2024\/07\/4de2923d-d4d4-49b4-87a6-4c287b87b570-1.jpg",800,800,false],"trp-custom-language-flag":["https:\/\/kabinam.lt\/wp-content\/uploads\/2024\/07\/4de2923d-d4d4-49b4-87a6-4c287b87b570-1.jpg",12,12,false],"woocommerce_thumbnail":["https:\/\/kabinam.lt\/wp-content\/uploads\/2024\/07\/4de2923d-d4d4-49b4-87a6-4c287b87b570-1-300x300.jpg",300,300,true],"woocommerce_single":["https:\/\/kabinam.lt\/wp-content\/uploads\/2024\/07\/4de2923d-d4d4-49b4-87a6-4c287b87b570-1-600x600.jpg",600,600,true],"woocommerce_gallery_thumbnail":["https:\/\/kabinam.lt\/wp-content\/uploads\/2024\/07\/4de2923d-d4d4-49b4-87a6-4c287b87b570-1-100x100.jpg",100,100,true]},"uagb_author_info":{"display_name":"kabinam.lt","author_link":"https:\/\/kabinam.lt\/de\/author\/"},"uagb_comment_info":0,"uagb_excerpt":"Stilingas rudas guminis me\u0161kiukas su u\u017era\u0161u coolso \u2013 \u0161iuolaiki\u0161kas rakt\u0173 pakabukas miesto mados gerb\u0117jams.","_links":{"self":[{"href":"https:\/\/kabinam.lt\/de\/wp-json\/wp\/v2\/product\/2298","targetHints":{"allow":["GET"]}}],"collection":[{"href":"https:\/\/kabinam.lt\/de\/wp-json\/wp\/v2\/product"}],"about":[{"href":"https:\/\/kabinam.lt\/de\/wp-json\/wp\/v2\/types\/product"}],"replies":[{"embeddable":true,"href":"https:\/\/kabinam.lt\/de\/wp-json\/wp\/v2\/comments?post=2298"}],"wp:featuredmedia":[{"embeddable":true,"href":"https:\/\/kabinam.lt\/de\/wp-json\/wp\/v2\/media\/2299"}],"wp:attachment":[{"href":"https:\/\/kabinam.lt\/de\/wp-json\/wp\/v2\/media?parent=2298"}],"wp:term":[{"taxonomy":"product_brand","embeddable":true,"href":"https:\/\/kabinam.lt\/de\/wp-json\/wp\/v2\/product_brand?post=2298"},{"taxonomy":"product_cat","embeddable":true,"href":"https:\/\/kabinam.lt\/de\/wp-json\/wp\/v2\/product_cat?post=2298"},{"taxonomy":"product_tag","embeddable":true,"href":"https:\/\/kabinam.lt\/de\/wp-json\/wp\/v2\/product_tag?post=2298"}],"curies":[{"name":"wp","href":"https:\/\/api.w.org\/{rel}","templated":true}]}}