{"id":2293,"date":"2024-07-30T16:31:43","date_gmt":"2024-07-30T13:31:43","guid":{"rendered":"https:\/\/kabinam.lt\/?post_type=product&#038;p=2293"},"modified":"2026-01-03T18:55:12","modified_gmt":"2026-01-03T16:55:12","slug":"motorrad-schlussel-anhanger-follow-me","status":"publish","type":"product","link":"https:\/\/kabinam.lt\/de\/product\/motociklo-raktu-pakabukas-follow-me\/","title":{"rendered":"Anh\u00e4nger Follow Me - F\u00fcr Motorradschl\u00fcssel"},"content":{"rendered":"<div class=\"kk-star-ratings kksr-auto kksr-align-left kksr-valign-top\"\n    data-payload='{&quot;align&quot;:&quot;left&quot;,&quot;id&quot;:&quot;2293&quot;,&quot;slug&quot;:&quot;default&quot;,&quot;valign&quot;:&quot;top&quot;,&quot;ignore&quot;:&quot;&quot;,&quot;reference&quot;:&quot;auto&quot;,&quot;class&quot;:&quot;&quot;,&quot;count&quot;:&quot;0&quot;,&quot;legendonly&quot;:&quot;&quot;,&quot;readonly&quot;:&quot;&quot;,&quot;score&quot;:&quot;0&quot;,&quot;starsonly&quot;:&quot;&quot;,&quot;best&quot;:&quot;5&quot;,&quot;gap&quot;:&quot;5&quot;,&quot;greet&quot;:&quot;Mums svarbus j\u016bs\u0173 \u012fvertinimas&quot;,&quot;legend&quot;:&quot;0\\\/5 - (0 votes)&quot;,&quot;size&quot;:&quot;24&quot;,&quot;title&quot;:&quot;Pakabukas Follow Me \u2013 Motociklo Raktams&quot;,&quot;width&quot;:&quot;0&quot;,&quot;_legend&quot;:&quot;{score}\\\/{best} - ({count} {votes})&quot;,&quot;font_factor&quot;:&quot;1.25&quot;}'>\n            \n<div class=\"kksr-stars\">\n    \n<div class=\"kksr-stars-inactive\">\n            <div class=\"kksr-star\" data-star=\"1\" style=\"padding-right: 5px\">\n            \n\n<div class=\"kksr-icon\" style=\"width: 24px; height: 24px;\"><\/div>\n        <\/div>\n            <div class=\"kksr-star\" data-star=\"2\" style=\"padding-right: 5px\">\n            \n\n<div class=\"kksr-icon\" style=\"width: 24px; height: 24px;\"><\/div>\n        <\/div>\n            <div class=\"kksr-star\" data-star=\"3\" style=\"padding-right: 5px\">\n            \n\n<div class=\"kksr-icon\" style=\"width: 24px; height: 24px;\"><\/div>\n        <\/div>\n            <div class=\"kksr-star\" data-star=\"4\" style=\"padding-right: 5px\">\n            \n\n<div class=\"kksr-icon\" style=\"width: 24px; height: 24px;\"><\/div>\n        <\/div>\n            <div class=\"kksr-star\" data-star=\"5\" style=\"padding-right: 5px\">\n            \n\n<div class=\"kksr-icon\" style=\"width: 24px; height: 24px;\"><\/div>\n        <\/div>\n    <\/div>\n    \n<div class=\"kksr-stars-active\" style=\"width: 0px;\">\n            <div class=\"kksr-star\" style=\"padding-right: 5px\">\n            \n\n<div class=\"kksr-icon\" style=\"width: 24px; height: 24px;\"><\/div>\n        <\/div>\n            <div class=\"kksr-star\" style=\"padding-right: 5px\">\n            \n\n<div class=\"kksr-icon\" style=\"width: 24px; height: 24px;\"><\/div>\n        <\/div>\n            <div class=\"kksr-star\" style=\"padding-right: 5px\">\n            \n\n<div class=\"kksr-icon\" style=\"width: 24px; height: 24px;\"><\/div>\n        <\/div>\n            <div class=\"kksr-star\" style=\"padding-right: 5px\">\n            \n\n<div class=\"kksr-icon\" style=\"width: 24px; height: 24px;\"><\/div>\n        <\/div>\n            <div class=\"kksr-star\" style=\"padding-right: 5px\">\n            \n\n<div class=\"kksr-icon\" style=\"width: 24px; height: 24px;\"><\/div>\n        <\/div>\n    <\/div>\n<\/div>\n                \n\n<div class=\"kksr-legend\" style=\"font-size: 19.2px;\">\n            <span class=\"kksr-muted\">Ihre Bewertung ist f\u00fcr uns wichtig<\/span>\n    <\/div>\n    <\/div>\n<h4 class=\"\" data-start=\"173\" data-end=\"197\"><strong data-start=\"178\" data-end=\"195\">\u00dcber das Produkt<\/strong><\/h4>\n<p class=\"\" data-start=\"198\" data-end=\"769\">Pakabukas Follow Me yra skirtas tikriems keli\u0173 vilkams. \u0160is motociklo rakt\u0173 pakabukas i\u0161siskiria ne tik i\u0161vaizda, bet ir \u017einute. Tvirtos med\u017eiagos pagrindas garantuoja ilgaam\u017ei\u0161kum\u0105. Ry\u0161kus u\u017era\u0161as \u201eFOLLOW ME\u201c atspindi pasitik\u0117jim\u0105 savimi ir kvie\u010dia pasekti. Pakabukas pritaikytas motociklininkams, ta\u010diau puikiai tiks ir automobili\u0173 vairuotojams ar kelioni\u0173 entuziastams. Minimalistinis dizainas leid\u017eia aksesuarui der\u0117ti su \u012fvairiais stiliumi, i\u0161siskirti, bet neperkrauti. Tai prakti\u0161kas ir i\u0161skirtinis motociklo rakt\u0173 pakabukas, pabr\u0117\u017eiantis asmenyb\u0119 ir gyvenimo b\u016bd\u0105.<\/p>\n<h4 class=\"\" data-start=\"771\" data-end=\"810\"><strong data-start=\"776\" data-end=\"808\">Funktionsweise und Verwendung<\/strong><\/h4>\n<p class=\"\" data-start=\"811\" data-end=\"1444\">Pakabukas Follow Me sukurtas patogiam kasdieniam naudojimui. Tvirtas metalinis \u017eiedelis leid\u017eia saugiai pritvirtinti raktus. Lengvas svoris ir optimali forma u\u017etikrina komfort\u0105 ki\u0161en\u0117je ar kuprin\u0117je. Pakabukas apsaugo nuo rakt\u0173 pasimetimo, o jo i\u0161skirtinis dizainas padeda greitai rasti raktus net tarp kit\u0173 daikt\u0173. Jei ie\u0161kai funkcionalaus aksesuaro, \u0161is pakabukas yra puikus pasirinkimas. Nor\u0117dami pamatyti daugiau pasirinkim\u0173, per\u017ei\u016br\u0117kite <a class=\"\" href=\"https:\/\/kabinam.lt\/de\/visi-produktai\/\" target=\"_new\" rel=\"noopener\" data-start=\"1254\" data-end=\"1312\">alle unsere Produkte<\/a> oder besuchen Sie <a class=\"\" href=\"https:\/\/kabinam.lt\/de\/produktkategorie-2\/beliebteste-produktkategorie\/\" target=\"_new\" rel=\"noopener\" data-start=\"1332\" data-end=\"1443\">populiariausi\u0173 produkt\u0173 kategorijoje<\/a>.<\/p>\n<h4 class=\"\" data-start=\"1446\" data-end=\"1475\"><strong data-start=\"1451\" data-end=\"1473\">Design und Qualit\u00e4t<\/strong><\/h4>\n<p class=\"\" data-start=\"1476\" data-end=\"1957\">\u0160is motociklo rakt\u0173 pakabukas su u\u017era\u0161u \u201eFOLLOW ME\u201c yra pagamintas i\u0161 kokybi\u0161kos tekstilin\u0117s med\u017eiagos, atsparios d\u0117v\u0117jimuisi. Ry\u0161kus baltas u\u017era\u0161as puikiai matomas juodame fone. Aksesuaras pasi\u017eymi tvarkingai apdorotais kra\u0161tais. D\u0117l tvirto metalinio \u017eiedelio pakabukas ilgam i\u0161laiko form\u0105 ir nepraranda funkcionalumo. Dizainas perteikia paprastum\u0105, bet kartu \u2013 dr\u0105s\u0105 ir kvietim\u0105 sekti paskui. Jei vertini stili\u0173, kokyb\u0119 ir simbolik\u0105, \u0161is pakabukas bus nepakei\u010diamas pasirinkimas.<\/p>\n<h4 class=\"\" data-start=\"1959\" data-end=\"1990\"><strong data-start=\"1964\" data-end=\"1988\">Warum w\u00e4hlen?<\/strong><\/h4>\n<p class=\"\" data-start=\"1991\" data-end=\"2604\">Pakabukas Follow Me \u2013 tai daugiau nei tik aksesuaras. Tai parei\u0161kimas. Jis ne tik padeda i\u0161laikyti raktus vienoje vietoje, bet ir perteikia j\u016bs\u0173 asmenyb\u0119. Dr\u0105sus u\u017era\u0161as i\u0161rei\u0161kia lyderyst\u0119, o kokybi\u0161kos med\u017eiagos garantuoja ilgaam\u017ei\u0161kum\u0105. Pakabukas puikiai tinka tiek dovanai, tiek asmeniniam naudojimui. Jeigu ie\u0161kai unikalumo, \u0161is motociklo rakt\u0173 pakabukas \u2013 kaip tik tau. Per\u017ei\u016br\u0117kite ir kitus m\u016bs\u0173 <a class=\"\" href=\"https:\/\/kabinam.lt\/de\/produktkategorie-2\/motorrad-schlusselanhanger-2\/\" target=\"_new\" rel=\"noopener\" data-start=\"2394\" data-end=\"2485\">motociklo rakt\u0173 pakabukus<\/a> arba pasidom\u0117kite <a class=\"\" href=\"https:\/\/kabinam.lt\/de\/produktkategorie-2\/unikaliu-pakabuku-kategorija\/\" target=\"_new\" rel=\"noopener\" data-start=\"2504\" data-end=\"2601\">Kategorie \u201eEinzigartige Anh\u00e4nger\u201c<\/a>.<\/p>\n<p class=\"\" data-start=\"2606\" data-end=\"2743\">Nor\u0117dami su\u017einoti daugiau apie rakt\u0173 aksesuar\u0173 madas, apsilankykite <a target=\"_new\" rel=\"noopener\" data-start=\"2674\" data-end=\"2742\">\u0161iame straipsnyje<\/a>.<\/p>","protected":false},"excerpt":{"rendered":"<p>Pakabukas Follow Me \u2013 ry\u0161kus ir stilingas motociklo rakt\u0173 aksesuaras, tinkantis keliaujantiems, vairuotojams ir laisv\u0117s myl\u0117tojams.<\/p>","protected":false},"featured_media":2294,"comment_status":"closed","ping_status":"closed","template":"","meta":{"_uag_custom_page_level_css":"","site-sidebar-layout":"default","site-content-layout":"","ast-site-content-layout":"default","site-content-style":"default","site-sidebar-style":"default","ast-global-header-display":"","ast-banner-title-visibility":"","ast-main-header-display":"","ast-hfb-above-header-display":"","ast-hfb-below-header-display":"","ast-hfb-mobile-header-display":"","site-post-title":"","ast-breadcrumbs-content":"","ast-featured-img":"","footer-sml-layout":"","ast-disable-related-posts":"","theme-transparent-header-meta":"default","adv-header-id-meta":"","stick-header-meta":"","header-above-stick-meta":"","header-main-stick-meta":"","header-below-stick-meta":"","astra-migrate-meta-layouts":"set","ast-page-background-enabled":"default","ast-page-background-meta":{"desktop":{"background-color":"var(--ast-global-color-4)","background-image":"","background-repeat":"repeat","background-position":"center center","background-size":"auto","background-attachment":"scroll","background-type":"","background-media":"","overlay-type":"","overlay-color":"","overlay-opacity":"","overlay-gradient":""},"tablet":{"background-color":"","background-image":"","background-repeat":"repeat","background-position":"center center","background-size":"auto","background-attachment":"scroll","background-type":"","background-media":"","overlay-type":"","overlay-color":"","overlay-opacity":"","overlay-gradient":""},"mobile":{"background-color":"","background-image":"","background-repeat":"repeat","background-position":"center center","background-size":"auto","background-attachment":"scroll","background-type":"","background-media":"","overlay-type":"","overlay-color":"","overlay-opacity":"","overlay-gradient":""}},"ast-content-background-meta":{"desktop":{"background-color":"var(--ast-global-color-5)","background-image":"","background-repeat":"repeat","background-position":"center center","background-size":"auto","background-attachment":"scroll","background-type":"","background-media":"","overlay-type":"","overlay-color":"","overlay-opacity":"","overlay-gradient":""},"tablet":{"background-color":"var(--ast-global-color-5)","background-image":"","background-repeat":"repeat","background-position":"center center","background-size":"auto","background-attachment":"scroll","background-type":"","background-media":"","overlay-type":"","overlay-color":"","overlay-opacity":"","overlay-gradient":""},"mobile":{"background-color":"var(--ast-global-color-5)","background-image":"","background-repeat":"repeat","background-position":"center center","background-size":"auto","background-attachment":"scroll","background-type":"","background-media":"","overlay-type":"","overlay-color":"","overlay-opacity":"","overlay-gradient":""}}},"product_brand":[],"product_cat":[126,91,118],"product_tag":[],"class_list":{"0":"post-2293","1":"product","2":"type-product","3":"status-publish","4":"has-post-thumbnail","6":"product_cat-visi","7":"product_cat-motociklo-raktu-pakabukai","8":"product_cat-dovana-teciui","9":"desktop-align-center","10":"tablet-align-left","11":"mobile-align-left","13":"first","14":"instock","15":"shipping-taxable","16":"purchasable","17":"product-type-simple"},"yoast_head":"<!-- This site is optimized with the Yoast SEO plugin v27.1.1 - https:\/\/yoast.com\/product\/yoast-seo-wordpress\/ -->\n<title>Pakabukas Follow Me \u2013 Motociklo Raktams - kabinam.lt<\/title>\n<meta name=\"description\" content=\"Motociklo rakt\u0173 pakabukas Follow Me \u2013 stilingas ir tvirtas aksesuaras su dr\u0105siu u\u017era\u0161u. Puikus pasirinkimas keliautojams!\" \/>\n<meta name=\"robots\" content=\"index, follow, max-snippet:-1, max-image-preview:large, max-video-preview:-1\" \/>\n<link rel=\"canonical\" href=\"https:\/\/kabinam.lt\/de\/produkt\/motorrad-schlussel-anhanger-follow-me\/\" \/>\n<meta property=\"og:locale\" content=\"de_DE\" \/>\n<meta property=\"og:type\" content=\"article\" \/>\n<meta property=\"og:title\" content=\"Pakabukas Follow Me \u2013 Motociklo Raktams - kabinam.lt\" \/>\n<meta property=\"og:description\" content=\"Motociklo rakt\u0173 pakabukas Follow Me \u2013 stilingas ir tvirtas aksesuaras su dr\u0105siu u\u017era\u0161u. Puikus pasirinkimas keliautojams!\" \/>\n<meta property=\"og:url\" content=\"https:\/\/kabinam.lt\/de\/produkt\/motorrad-schlussel-anhanger-follow-me\/\" \/>\n<meta property=\"og:site_name\" content=\"kabinam.lt\" \/>\n<meta property=\"article:modified_time\" content=\"2026-01-03T16:55:12+00:00\" \/>\n<meta property=\"og:image\" content=\"https:\/\/kabinam.lt\/wp-content\/uploads\/2024\/07\/73b6e311c3f4183f9c195d714c629ebe.jpg\" \/>\n\t<meta property=\"og:image:width\" content=\"800\" \/>\n\t<meta property=\"og:image:height\" content=\"800\" \/>\n\t<meta property=\"og:image:type\" content=\"image\/jpeg\" \/>\n<meta name=\"twitter:card\" content=\"summary_large_image\" \/>\n<meta name=\"twitter:label1\" content=\"Gesch\u00e4tzte Lesezeit\" \/>\n\t<meta name=\"twitter:data1\" content=\"2\u00a0Minuten\" \/>\n<script type=\"application\/ld+json\" class=\"yoast-schema-graph\">{\"@context\":\"https:\/\/schema.org\",\"@graph\":[{\"@type\":[\"WebPage\",\"ItemPage\"],\"@id\":\"https:\/\/kabinam.lt\/eng\/product\/motorcycle-key-fob-follow-me\/\",\"url\":\"https:\/\/kabinam.lt\/eng\/product\/motorcycle-key-fob-follow-me\/\",\"name\":\"Pakabukas Follow Me \u2013 Motociklo Raktams - kabinam.lt\",\"isPartOf\":{\"@id\":\"https:\/\/kabinam.lt\/#website\"},\"primaryImageOfPage\":{\"@id\":\"https:\/\/kabinam.lt\/eng\/product\/motorcycle-key-fob-follow-me\/#primaryimage\"},\"image\":{\"@id\":\"https:\/\/kabinam.lt\/eng\/product\/motorcycle-key-fob-follow-me\/#primaryimage\"},\"thumbnailUrl\":\"https:\/\/kabinam.lt\/wp-content\/uploads\/2024\/07\/73b6e311c3f4183f9c195d714c629ebe.jpg\",\"datePublished\":\"2024-07-30T13:31:43+00:00\",\"dateModified\":\"2026-01-03T16:55:12+00:00\",\"description\":\"Motociklo rakt\u0173 pakabukas Follow Me \u2013 stilingas ir tvirtas aksesuaras su dr\u0105siu u\u017era\u0161u. Puikus pasirinkimas keliautojams!\",\"breadcrumb\":{\"@id\":\"https:\/\/kabinam.lt\/eng\/product\/motorcycle-key-fob-follow-me\/#breadcrumb\"},\"inLanguage\":\"de\",\"potentialAction\":[{\"@type\":\"ReadAction\",\"target\":[\"https:\/\/kabinam.lt\/eng\/product\/motorcycle-key-fob-follow-me\/\"]}]},{\"@type\":\"ImageObject\",\"inLanguage\":\"de\",\"@id\":\"https:\/\/kabinam.lt\/eng\/product\/motorcycle-key-fob-follow-me\/#primaryimage\",\"url\":\"https:\/\/kabinam.lt\/wp-content\/uploads\/2024\/07\/73b6e311c3f4183f9c195d714c629ebe.jpg\",\"contentUrl\":\"https:\/\/kabinam.lt\/wp-content\/uploads\/2024\/07\/73b6e311c3f4183f9c195d714c629ebe.jpg\",\"width\":800,\"height\":800,\"caption\":\"Pakabukas Follow Me \u2013 Motociklo Rakt\u0173 Aksesuaras\"},{\"@type\":\"BreadcrumbList\",\"@id\":\"https:\/\/kabinam.lt\/eng\/product\/motorcycle-key-fob-follow-me\/#breadcrumb\",\"itemListElement\":[{\"@type\":\"ListItem\",\"position\":1,\"name\":\"Home\",\"item\":\"https:\/\/kabinam.lt\/\"},{\"@type\":\"ListItem\",\"position\":2,\"name\":\"Visi Produktai\",\"item\":\"https:\/\/kabinam.lt\/visi-produktai\/\"},{\"@type\":\"ListItem\",\"position\":3,\"name\":\"Pakabukas Follow Me \u2013 Motociklo Raktams\"}]},{\"@type\":\"WebSite\",\"@id\":\"https:\/\/kabinam.lt\/#website\",\"url\":\"https:\/\/kabinam.lt\/\",\"name\":\"kabinam.lt\",\"description\":\"Kabinam.lt \u2013 raktu pakabukai ir aksesuarai\",\"publisher\":{\"@id\":\"https:\/\/kabinam.lt\/#organization\"},\"alternateName\":\"pakabukai lt\",\"potentialAction\":[{\"@type\":\"SearchAction\",\"target\":{\"@type\":\"EntryPoint\",\"urlTemplate\":\"https:\/\/kabinam.lt\/?s={search_term_string}\"},\"query-input\":{\"@type\":\"PropertyValueSpecification\",\"valueRequired\":true,\"valueName\":\"search_term_string\"}}],\"inLanguage\":\"de\"},{\"@type\":\"Organization\",\"@id\":\"https:\/\/kabinam.lt\/#organization\",\"name\":\"kabinam.lt\",\"alternateName\":\"kabinam\",\"url\":\"https:\/\/kabinam.lt\/\",\"logo\":{\"@type\":\"ImageObject\",\"inLanguage\":\"de\",\"@id\":\"https:\/\/kabinam.lt\/#\/schema\/logo\/image\/\",\"url\":\"https:\/\/kabinam.lt\/wp-content\/uploads\/2025\/05\/KABINAM_outer_glow.png\",\"contentUrl\":\"https:\/\/kabinam.lt\/wp-content\/uploads\/2025\/05\/KABINAM_outer_glow.png\",\"width\":474,\"height\":141,\"caption\":\"kabinam.lt\"},\"image\":{\"@id\":\"https:\/\/kabinam.lt\/#\/schema\/logo\/image\/\"}}]}<\/script>\n<!-- \/ Yoast SEO plugin. -->","yoast_head_json":{"title":"Anh\u00e4nger Follow Me \u2013 Motorrad Schl\u00fcssel - kabinam.lt","description":"Motorrad-Schl\u00fcsselanh\u00e4nger Follow Me \u2013 stilvoller und stabiles Accessoire mit einer k\u00fchlen Aufschrift. Eine tolle Wahl f\u00fcr Reisende!","robots":{"index":"index","follow":"follow","max-snippet":"max-snippet:-1","max-image-preview":"max-image-preview:large","max-video-preview":"max-video-preview:-1"},"canonical":"https:\/\/kabinam.lt\/de\/produkt\/motorrad-schlussel-anhanger-follow-me\/","og_locale":"de_DE","og_type":"article","og_title":"Pakabukas Follow Me \u2013 Motociklo Raktams - kabinam.lt","og_description":"Motociklo rakt\u0173 pakabukas Follow Me \u2013 stilingas ir tvirtas aksesuaras su dr\u0105siu u\u017era\u0161u. Puikus pasirinkimas keliautojams!","og_url":"https:\/\/kabinam.lt\/de\/produkt\/motorrad-schlussel-anhanger-follow-me\/","og_site_name":"kabinam.lt","article_modified_time":"2026-01-03T16:55:12+00:00","og_image":[{"width":800,"height":800,"url":"https:\/\/kabinam.lt\/wp-content\/uploads\/2024\/07\/73b6e311c3f4183f9c195d714c629ebe.jpg","type":"image\/jpeg"}],"twitter_card":"summary_large_image","twitter_misc":{"Gesch\u00e4tzte Lesezeit":"2\u00a0Minuten"},"schema":{"@context":"https:\/\/schema.org","@graph":[{"@type":["WebPage","ItemPage"],"@id":"https:\/\/kabinam.lt\/eng\/product\/motorcycle-key-fob-follow-me\/","url":"https:\/\/kabinam.lt\/eng\/product\/motorcycle-key-fob-follow-me\/","name":"Anh\u00e4nger Follow Me \u2013 Motorrad Schl\u00fcssel - kabinam.lt","isPartOf":{"@id":"https:\/\/kabinam.lt\/#website"},"primaryImageOfPage":{"@id":"https:\/\/kabinam.lt\/eng\/product\/motorcycle-key-fob-follow-me\/#primaryimage"},"image":{"@id":"https:\/\/kabinam.lt\/eng\/product\/motorcycle-key-fob-follow-me\/#primaryimage"},"thumbnailUrl":"https:\/\/kabinam.lt\/wp-content\/uploads\/2024\/07\/73b6e311c3f4183f9c195d714c629ebe.jpg","datePublished":"2024-07-30T13:31:43+00:00","dateModified":"2026-01-03T16:55:12+00:00","description":"Motorrad-Schl\u00fcsselanh\u00e4nger Follow Me \u2013 stilvoller und stabiles Accessoire mit einer k\u00fchlen Aufschrift. Eine tolle Wahl f\u00fcr Reisende!","breadcrumb":{"@id":"https:\/\/kabinam.lt\/eng\/product\/motorcycle-key-fob-follow-me\/#breadcrumb"},"inLanguage":"de","potentialAction":[{"@type":"ReadAction","target":["https:\/\/kabinam.lt\/eng\/product\/motorcycle-key-fob-follow-me\/"]}]},{"@type":"ImageObject","inLanguage":"de","@id":"https:\/\/kabinam.lt\/eng\/product\/motorcycle-key-fob-follow-me\/#primaryimage","url":"https:\/\/kabinam.lt\/wp-content\/uploads\/2024\/07\/73b6e311c3f4183f9c195d714c629ebe.jpg","contentUrl":"https:\/\/kabinam.lt\/wp-content\/uploads\/2024\/07\/73b6e311c3f4183f9c195d714c629ebe.jpg","width":800,"height":800,"caption":"Pakabukas Follow Me \u2013 Motociklo Rakt\u0173 Aksesuaras"},{"@type":"BreadcrumbList","@id":"https:\/\/kabinam.lt\/eng\/product\/motorcycle-key-fob-follow-me\/#breadcrumb","itemListElement":[{"@type":"ListItem","position":1,"name":"Home","item":"https:\/\/kabinam.lt\/"},{"@type":"ListItem","position":2,"name":"Visi Produktai","item":"https:\/\/kabinam.lt\/visi-produktai\/"},{"@type":"ListItem","position":3,"name":"Pakabukas Follow Me \u2013 Motociklo Raktams"}]},{"@type":"WebSite","@id":"https:\/\/kabinam.lt\/#website","url":"https:\/\/kabinam.lt\/","name":"kabinam.lt","description":"Kabinam.lt - Schl\u00fcsselanh\u00e4nger und Zubeh\u00f6r","publisher":{"@id":"https:\/\/kabinam.lt\/#organization"},"alternateName":"pakabukai lt","potentialAction":[{"@type":"SearchAction","target":{"@type":"EntryPoint","urlTemplate":"https:\/\/kabinam.lt\/?s={search_term_string}"},"query-input":{"@type":"PropertyValueSpecification","valueRequired":true,"valueName":"search_term_string"}}],"inLanguage":"de"},{"@type":"Organization","@id":"https:\/\/kabinam.lt\/#organization","name":"kabinam.lt","alternateName":"kabinam","url":"https:\/\/kabinam.lt\/","logo":{"@type":"ImageObject","inLanguage":"de","@id":"https:\/\/kabinam.lt\/#\/schema\/logo\/image\/","url":"https:\/\/kabinam.lt\/wp-content\/uploads\/2025\/05\/KABINAM_outer_glow.png","contentUrl":"https:\/\/kabinam.lt\/wp-content\/uploads\/2025\/05\/KABINAM_outer_glow.png","width":474,"height":141,"caption":"kabinam.lt"},"image":{"@id":"https:\/\/kabinam.lt\/#\/schema\/logo\/image\/"}}]}},"uagb_featured_image_src":{"full":["https:\/\/kabinam.lt\/wp-content\/uploads\/2024\/07\/73b6e311c3f4183f9c195d714c629ebe.jpg",800,800,false],"thumbnail":["https:\/\/kabinam.lt\/wp-content\/uploads\/2024\/07\/73b6e311c3f4183f9c195d714c629ebe-150x150.jpg",150,150,true],"medium":["https:\/\/kabinam.lt\/wp-content\/uploads\/2024\/07\/73b6e311c3f4183f9c195d714c629ebe-300x300.jpg",300,300,true],"medium_large":["https:\/\/kabinam.lt\/wp-content\/uploads\/2024\/07\/73b6e311c3f4183f9c195d714c629ebe-768x768.jpg",768,768,true],"large":["https:\/\/kabinam.lt\/wp-content\/uploads\/2024\/07\/73b6e311c3f4183f9c195d714c629ebe.jpg",800,800,false],"1536x1536":["https:\/\/kabinam.lt\/wp-content\/uploads\/2024\/07\/73b6e311c3f4183f9c195d714c629ebe.jpg",800,800,false],"2048x2048":["https:\/\/kabinam.lt\/wp-content\/uploads\/2024\/07\/73b6e311c3f4183f9c195d714c629ebe.jpg",800,800,false],"trp-custom-language-flag":["https:\/\/kabinam.lt\/wp-content\/uploads\/2024\/07\/73b6e311c3f4183f9c195d714c629ebe.jpg",12,12,false],"woocommerce_thumbnail":["https:\/\/kabinam.lt\/wp-content\/uploads\/2024\/07\/73b6e311c3f4183f9c195d714c629ebe-300x300.jpg",300,300,true],"woocommerce_single":["https:\/\/kabinam.lt\/wp-content\/uploads\/2024\/07\/73b6e311c3f4183f9c195d714c629ebe-600x600.jpg",600,600,true],"woocommerce_gallery_thumbnail":["https:\/\/kabinam.lt\/wp-content\/uploads\/2024\/07\/73b6e311c3f4183f9c195d714c629ebe-100x100.jpg",100,100,true]},"uagb_author_info":{"display_name":"kabinam.lt","author_link":"https:\/\/kabinam.lt\/de\/author\/"},"uagb_comment_info":0,"uagb_excerpt":"Pakabukas Follow Me \u2013 ry\u0161kus ir stilingas motociklo rakt\u0173 aksesuaras, tinkantis keliaujantiems, vairuotojams ir laisv\u0117s myl\u0117tojams.","_links":{"self":[{"href":"https:\/\/kabinam.lt\/de\/wp-json\/wp\/v2\/product\/2293","targetHints":{"allow":["GET"]}}],"collection":[{"href":"https:\/\/kabinam.lt\/de\/wp-json\/wp\/v2\/product"}],"about":[{"href":"https:\/\/kabinam.lt\/de\/wp-json\/wp\/v2\/types\/product"}],"replies":[{"embeddable":true,"href":"https:\/\/kabinam.lt\/de\/wp-json\/wp\/v2\/comments?post=2293"}],"wp:featuredmedia":[{"embeddable":true,"href":"https:\/\/kabinam.lt\/de\/wp-json\/wp\/v2\/media\/2294"}],"wp:attachment":[{"href":"https:\/\/kabinam.lt\/de\/wp-json\/wp\/v2\/media?parent=2293"}],"wp:term":[{"taxonomy":"product_brand","embeddable":true,"href":"https:\/\/kabinam.lt\/de\/wp-json\/wp\/v2\/product_brand?post=2293"},{"taxonomy":"product_cat","embeddable":true,"href":"https:\/\/kabinam.lt\/de\/wp-json\/wp\/v2\/product_cat?post=2293"},{"taxonomy":"product_tag","embeddable":true,"href":"https:\/\/kabinam.lt\/de\/wp-json\/wp\/v2\/product_tag?post=2293"}],"curies":[{"name":"wp","href":"https:\/\/api.w.org\/{rel}","templated":true}]}}