{"id":2202,"date":"2024-07-29T18:08:17","date_gmt":"2024-07-29T15:08:17","guid":{"rendered":"https:\/\/kabinam.lt\/?post_type=product&#038;p=2202"},"modified":"2026-03-12T15:07:49","modified_gmt":"2026-03-12T13:07:49","slug":"metallischer-schlusselanhanger-ohne-safe","status":"publish","type":"product","link":"https:\/\/kabinam.lt\/de\/product\/metalinis-raktu-pakabukas-be-safe\/","title":{"rendered":"Be Safe Metall-Schl\u00fcsselanh\u00e4nger mit Motorrad"},"content":{"rendered":"<div class=\"kk-star-ratings kksr-auto kksr-align-left kksr-valign-top\"\n    data-payload='{&quot;align&quot;:&quot;left&quot;,&quot;id&quot;:&quot;2202&quot;,&quot;slug&quot;:&quot;default&quot;,&quot;valign&quot;:&quot;top&quot;,&quot;ignore&quot;:&quot;&quot;,&quot;reference&quot;:&quot;auto&quot;,&quot;class&quot;:&quot;&quot;,&quot;count&quot;:&quot;0&quot;,&quot;legendonly&quot;:&quot;&quot;,&quot;readonly&quot;:&quot;&quot;,&quot;score&quot;:&quot;0&quot;,&quot;starsonly&quot;:&quot;&quot;,&quot;best&quot;:&quot;5&quot;,&quot;gap&quot;:&quot;5&quot;,&quot;greet&quot;:&quot;Mums svarbus j\u016bs\u0173 \u012fvertinimas&quot;,&quot;legend&quot;:&quot;0\\\/5 - (0 votes)&quot;,&quot;size&quot;:&quot;24&quot;,&quot;title&quot;:&quot;Metalinis rakt\u0173 pakabukas Be Safe su motociklu&quot;,&quot;width&quot;:&quot;0&quot;,&quot;_legend&quot;:&quot;{score}\\\/{best} - ({count} {votes})&quot;,&quot;font_factor&quot;:&quot;1.25&quot;}'>\n            \n<div class=\"kksr-stars\">\n    \n<div class=\"kksr-stars-inactive\">\n            <div class=\"kksr-star\" data-star=\"1\" style=\"padding-right: 5px\">\n            \n\n<div class=\"kksr-icon\" style=\"width: 24px; height: 24px;\"><\/div>\n        <\/div>\n            <div class=\"kksr-star\" data-star=\"2\" style=\"padding-right: 5px\">\n            \n\n<div class=\"kksr-icon\" style=\"width: 24px; height: 24px;\"><\/div>\n        <\/div>\n            <div class=\"kksr-star\" data-star=\"3\" style=\"padding-right: 5px\">\n            \n\n<div class=\"kksr-icon\" style=\"width: 24px; height: 24px;\"><\/div>\n        <\/div>\n            <div class=\"kksr-star\" data-star=\"4\" style=\"padding-right: 5px\">\n            \n\n<div class=\"kksr-icon\" style=\"width: 24px; height: 24px;\"><\/div>\n        <\/div>\n            <div class=\"kksr-star\" data-star=\"5\" style=\"padding-right: 5px\">\n            \n\n<div class=\"kksr-icon\" style=\"width: 24px; height: 24px;\"><\/div>\n        <\/div>\n    <\/div>\n    \n<div class=\"kksr-stars-active\" style=\"width: 0px;\">\n            <div class=\"kksr-star\" style=\"padding-right: 5px\">\n            \n\n<div class=\"kksr-icon\" style=\"width: 24px; height: 24px;\"><\/div>\n        <\/div>\n            <div class=\"kksr-star\" style=\"padding-right: 5px\">\n            \n\n<div class=\"kksr-icon\" style=\"width: 24px; height: 24px;\"><\/div>\n        <\/div>\n            <div class=\"kksr-star\" style=\"padding-right: 5px\">\n            \n\n<div class=\"kksr-icon\" style=\"width: 24px; height: 24px;\"><\/div>\n        <\/div>\n            <div class=\"kksr-star\" style=\"padding-right: 5px\">\n            \n\n<div class=\"kksr-icon\" style=\"width: 24px; height: 24px;\"><\/div>\n        <\/div>\n            <div class=\"kksr-star\" style=\"padding-right: 5px\">\n            \n\n<div class=\"kksr-icon\" style=\"width: 24px; height: 24px;\"><\/div>\n        <\/div>\n    <\/div>\n<\/div>\n                \n\n<div class=\"kksr-legend\" style=\"font-size: 19.2px;\">\n            <span class=\"kksr-muted\">Ihre Bewertung ist f\u00fcr uns wichtig<\/span>\n    <\/div>\n    <\/div>\n<p class=\"\" data-start=\"205\" data-end=\"536\"><strong data-start=\"205\" data-end=\"255\">Be Safe Metall-Schl\u00fcsselanh\u00e4nger mit Motorrad<\/strong> \u2013 nicht nur ein stilvolles Accessoire, sondern auch eine herzliche Erinnerung an einen lieben Menschen. Gravierte Inschrift <em data-start=\"353\" data-end=\"391\">\u201eSei vorsichtig. Ich brauche dich hier, bei mir.\u201c<\/em> vermittelt F\u00fcrsorge, Liebe und den Wunsch, dass ein geliebter Mensch immer sicher nach Hause zur\u00fcckkehrt. Ein solches Detail ist mehr als nur ein Anh\u00e4nger, es ist Ausdruck von Gef\u00fchlen und Verbundenheit.<\/p>\n<p class=\"\" data-start=\"538\" data-end=\"805\">Das Design des Anh\u00e4ngers besteht aus zwei Teilen: einem gravierten Metallanh\u00e4nger und einem Miniaturmotorrad. Diese Komposition eignet sich besonders f\u00fcr Motorradfans, Reisende oder diejenigen, die oft unterwegs sind. Es ist ein subtiles, aber bedeutungsvolles Geschenk \u2013 sowohl praktisch als auch emotional.<\/p>\n<h3 class=\"\" data-start=\"807\" data-end=\"836\">Gravierte Nachrichtentiefe<\/h3>\n<p class=\"\" data-start=\"838\" data-end=\"1162\">Die Schl\u00fcsselw\u00f6rter hier sind nicht nur physischer Natur \u2013 <strong data-start=\"873\" data-end=\"892\">Schl\u00fcsselanh\u00e4nger<\/strong> wird zu einem emotionalen Symbol. Die Aufschrift \u201eBe Safe\u201c erinnert daran, dass Sicherheit im Stra\u00dfenverkehr das Wichtigste ist. Es kann ein Geschenk f\u00fcr einen Partner, einen Freund oder ein Familienmitglied sein, der Motorrad f\u00e4hrt oder beruflich viel unterwegs ist. Der gravierte Text vermittelt W\u00e4rme und zeigt, dass jemand auf ihn wartet und sich um ihn sorgt.<\/p>\n<h3 class=\"\" data-start=\"1164\" data-end=\"1197\">Das Motorrad \u2013 Symbol der Freiheit<\/h3>\n<p class=\"\" data-start=\"1199\" data-end=\"1473\">Am Hauptanh\u00e4nger ist ein kleines, detailreiches Metallmotorrad befestigt. Es passt perfekt zum Gesamtdesign und spiegelt den Geist der Freiheit, des Abenteuers und der Geschwindigkeit wider. Eine ausgezeichnete Wahl f\u00fcr Motorradfahrer, die nicht nur Stil, sondern auch eine emotionale Verbindung zu ihren Accessoires suchen.<\/p>\n<p class=\"\" data-start=\"1475\" data-end=\"1681\">So <strong data-start=\"1480\" data-end=\"1509\">Metallischer Schl\u00fcsselanh\u00e4nger<\/strong> Besonders geeignet zum Befestigen an Motorrad-, Auto- oder Hausschl\u00fcsseln. Es ist langlebig, kratzfest und widerstandsf\u00e4hig gegen Umwelteinfl\u00fcsse \u2013 hergestellt aus einer hochwertigen Metalllegierung.<\/p>\n<h3 class=\"\" data-start=\"1683\" data-end=\"1703\">Ein Geschenk mit Bedeutung<\/h3>\n<p class=\"\" data-start=\"1705\" data-end=\"1974\">Suchst du nach einer Geschenkidee f\u00fcr einen geliebten Menschen, der oft unterwegs ist? Dieser Anh\u00e4nger mit Inschrift ist nicht nur ein Accessoire, sondern auch eine starke Botschaft. Mit diesem Geschenk zeigst du, dass dir etwas daran liegt. Es kann ein Geburtstags-, Valentinstags- oder sogar Weihnachtsgeschenk sein, das mehr sagt als Worte.<\/p>\n<p class=\"\" data-start=\"1976\" data-end=\"2403\">Mehr anzeigen <a target=\"_new\" rel=\"noopener\" data-start=\"1994\" data-end=\"2084\">Motorradschl\u00fcsselanh\u00e4nger<\/a> \u00fcber <a target=\"_new\" rel=\"noopener\" data-start=\"2088\" data-end=\"2158\">engraved pendants<\/a>, wenn Sie nach \u00e4hnlichen emotionalen Akzenten suchen. Und wenn Sie daran interessiert sind, wie Accessoires Beziehungen und F\u00fcrsorge zum Ausdruck bringen k\u00f6nnen, empfiehlt das Magazin Vogue <a target=\"_new\" rel=\"noopener\" data-start=\"2287\" data-end=\"2402\">Lesen Sie mehr \u00fcber die Bedeutung emotionaler Symbolik in Schmuckst\u00fccken<\/a>.<\/p>","protected":false},"excerpt":{"rendered":"<p>Stylischer Schl\u00fcsselanh\u00e4nger aus Metall mit der Gravur \u201eBe Safe\u201c und einem Miniaturmotorrad \u2013 Symbol f\u00fcr F\u00fcrsorge.<\/p>","protected":false},"featured_media":2203,"comment_status":"closed","ping_status":"closed","template":"","meta":{"_uag_custom_page_level_css":"","site-sidebar-layout":"default","site-content-layout":"","ast-site-content-layout":"default","site-content-style":"default","site-sidebar-style":"default","ast-global-header-display":"","ast-banner-title-visibility":"","ast-main-header-display":"","ast-hfb-above-header-display":"","ast-hfb-below-header-display":"","ast-hfb-mobile-header-display":"","site-post-title":"","ast-breadcrumbs-content":"","ast-featured-img":"","footer-sml-layout":"","ast-disable-related-posts":"","theme-transparent-header-meta":"default","adv-header-id-meta":"","stick-header-meta":"","header-above-stick-meta":"","header-main-stick-meta":"","header-below-stick-meta":"","astra-migrate-meta-layouts":"set","ast-page-background-enabled":"default","ast-page-background-meta":{"desktop":{"background-color":"var(--ast-global-color-4)","background-image":"","background-repeat":"repeat","background-position":"center center","background-size":"auto","background-attachment":"scroll","background-type":"","background-media":"","overlay-type":"","overlay-color":"","overlay-opacity":"","overlay-gradient":""},"tablet":{"background-color":"","background-image":"","background-repeat":"repeat","background-position":"center center","background-size":"auto","background-attachment":"scroll","background-type":"","background-media":"","overlay-type":"","overlay-color":"","overlay-opacity":"","overlay-gradient":""},"mobile":{"background-color":"","background-image":"","background-repeat":"repeat","background-position":"center center","background-size":"auto","background-attachment":"scroll","background-type":"","background-media":"","overlay-type":"","overlay-color":"","overlay-opacity":"","overlay-gradient":""}},"ast-content-background-meta":{"desktop":{"background-color":"var(--ast-global-color-5)","background-image":"","background-repeat":"repeat","background-position":"center center","background-size":"auto","background-attachment":"scroll","background-type":"","background-media":"","overlay-type":"","overlay-color":"","overlay-opacity":"","overlay-gradient":""},"tablet":{"background-color":"var(--ast-global-color-5)","background-image":"","background-repeat":"repeat","background-position":"center center","background-size":"auto","background-attachment":"scroll","background-type":"","background-media":"","overlay-type":"","overlay-color":"","overlay-opacity":"","overlay-gradient":""},"mobile":{"background-color":"var(--ast-global-color-5)","background-image":"","background-repeat":"repeat","background-position":"center center","background-size":"auto","background-attachment":"scroll","background-type":"","background-media":"","overlay-type":"","overlay-color":"","overlay-opacity":"","overlay-gradient":""}}},"product_brand":[],"product_cat":[126,91,117,116,95,118],"product_tag":[],"class_list":{"0":"post-2202","1":"product","2":"type-product","3":"status-publish","4":"has-post-thumbnail","6":"product_cat-visi","7":"product_cat-motociklo-raktu-pakabukai","8":"product_cat-graviruoti-raktu-pakabukai","9":"product_cat-metaliniai-raktu-pakabukai","10":"product_cat-unikalus-raktu-pakabukai","11":"product_cat-dovana-teciui","12":"desktop-align-center","13":"tablet-align-left","14":"mobile-align-left","16":"first","17":"instock","18":"shipping-taxable","19":"purchasable","20":"product-type-simple"},"yoast_head":"<!-- This site is optimized with the Yoast SEO plugin v27.1.1 - https:\/\/yoast.com\/product\/yoast-seo-wordpress\/ -->\n<title>Metalinis rakt\u0173 pakabukas Be Safe su motociklu - kabinam.lt<\/title>\n<meta name=\"description\" content=\"Metalinis rakt\u0173 pakabukas su u\u017era\u0161u Be Safe ir ma\u017eu motociklu \u2013 emocinga dovana keliaujan\u010diam \u017emogui.\" \/>\n<meta name=\"robots\" content=\"index, follow, max-snippet:-1, max-image-preview:large, max-video-preview:-1\" \/>\n<link rel=\"canonical\" href=\"https:\/\/kabinam.lt\/de\/produkt\/metallischer-schlusselanhanger-ohne-safe\/\" \/>\n<meta property=\"og:locale\" content=\"de_DE\" \/>\n<meta property=\"og:type\" content=\"article\" \/>\n<meta property=\"og:title\" content=\"Metalinis rakt\u0173 pakabukas Be Safe su motociklu - kabinam.lt\" \/>\n<meta property=\"og:description\" content=\"Metalinis rakt\u0173 pakabukas su u\u017era\u0161u Be Safe ir ma\u017eu motociklu \u2013 emocinga dovana keliaujan\u010diam \u017emogui.\" \/>\n<meta property=\"og:url\" content=\"https:\/\/kabinam.lt\/de\/produkt\/metallischer-schlusselanhanger-ohne-safe\/\" \/>\n<meta property=\"og:site_name\" content=\"kabinam.lt\" \/>\n<meta property=\"article:modified_time\" content=\"2026-03-12T13:07:49+00:00\" \/>\n<meta property=\"og:image\" content=\"https:\/\/kabinam.lt\/wp-content\/uploads\/2024\/07\/a36d80e4-95c8-4a32-a986-7cdeae8903d5_800x800.jpeg\" \/>\n\t<meta property=\"og:image:width\" content=\"800\" \/>\n\t<meta property=\"og:image:height\" content=\"800\" \/>\n\t<meta property=\"og:image:type\" content=\"image\/jpeg\" \/>\n<meta name=\"twitter:card\" content=\"summary_large_image\" \/>\n<meta name=\"twitter:label1\" content=\"Gesch\u00e4tzte Lesezeit\" \/>\n\t<meta name=\"twitter:data1\" content=\"2\u00a0Minuten\" \/>\n<script type=\"application\/ld+json\" class=\"yoast-schema-graph\">{\"@context\":\"https:\/\/schema.org\",\"@graph\":[{\"@type\":[\"WebPage\",\"ItemPage\"],\"@id\":\"https:\/\/kabinam.lt\/lt\/product\/metalinis-raktu-pakabukas-be-safe\/\",\"url\":\"https:\/\/kabinam.lt\/lt\/product\/metalinis-raktu-pakabukas-be-safe\/\",\"name\":\"Metalinis rakt\u0173 pakabukas Be Safe su motociklu - kabinam.lt\",\"isPartOf\":{\"@id\":\"https:\/\/kabinam.lt\/#website\"},\"primaryImageOfPage\":{\"@id\":\"https:\/\/kabinam.lt\/lt\/product\/metalinis-raktu-pakabukas-be-safe\/#primaryimage\"},\"image\":{\"@id\":\"https:\/\/kabinam.lt\/lt\/product\/metalinis-raktu-pakabukas-be-safe\/#primaryimage\"},\"thumbnailUrl\":\"https:\/\/kabinam.lt\/wp-content\/uploads\/2024\/07\/a36d80e4-95c8-4a32-a986-7cdeae8903d5_800x800.jpeg\",\"datePublished\":\"2024-07-29T15:08:17+00:00\",\"dateModified\":\"2026-03-12T13:07:49+00:00\",\"description\":\"Metalinis rakt\u0173 pakabukas su u\u017era\u0161u Be Safe ir ma\u017eu motociklu \u2013 emocinga dovana keliaujan\u010diam \u017emogui.\",\"breadcrumb\":{\"@id\":\"https:\/\/kabinam.lt\/lt\/product\/metalinis-raktu-pakabukas-be-safe\/#breadcrumb\"},\"inLanguage\":\"de\",\"potentialAction\":[{\"@type\":\"ReadAction\",\"target\":[\"https:\/\/kabinam.lt\/lt\/product\/metalinis-raktu-pakabukas-be-safe\/\"]}]},{\"@type\":\"ImageObject\",\"inLanguage\":\"de\",\"@id\":\"https:\/\/kabinam.lt\/lt\/product\/metalinis-raktu-pakabukas-be-safe\/#primaryimage\",\"url\":\"https:\/\/kabinam.lt\/wp-content\/uploads\/2024\/07\/a36d80e4-95c8-4a32-a986-7cdeae8903d5_800x800.jpeg\",\"contentUrl\":\"https:\/\/kabinam.lt\/wp-content\/uploads\/2024\/07\/a36d80e4-95c8-4a32-a986-7cdeae8903d5_800x800.jpeg\",\"width\":800,\"height\":800,\"caption\":\"Rakt\u0173 pakabukas su \u017einute \u201eBe Safe\u201c ir motociklu\"},{\"@type\":\"BreadcrumbList\",\"@id\":\"https:\/\/kabinam.lt\/lt\/product\/metalinis-raktu-pakabukas-be-safe\/#breadcrumb\",\"itemListElement\":[{\"@type\":\"ListItem\",\"position\":1,\"name\":\"Home\",\"item\":\"https:\/\/kabinam.lt\/\"},{\"@type\":\"ListItem\",\"position\":2,\"name\":\"Visi Produktai\",\"item\":\"https:\/\/kabinam.lt\/visi-produktai\/\"},{\"@type\":\"ListItem\",\"position\":3,\"name\":\"Metalinis rakt\u0173 pakabukas Be Safe su motociklu\"}]},{\"@type\":\"WebSite\",\"@id\":\"https:\/\/kabinam.lt\/#website\",\"url\":\"https:\/\/kabinam.lt\/\",\"name\":\"kabinam.lt\",\"description\":\"Kabinam.lt \u2013 raktu pakabukai ir aksesuarai\",\"publisher\":{\"@id\":\"https:\/\/kabinam.lt\/#organization\"},\"alternateName\":\"pakabukai lt\",\"potentialAction\":[{\"@type\":\"SearchAction\",\"target\":{\"@type\":\"EntryPoint\",\"urlTemplate\":\"https:\/\/kabinam.lt\/?s={search_term_string}\"},\"query-input\":{\"@type\":\"PropertyValueSpecification\",\"valueRequired\":true,\"valueName\":\"search_term_string\"}}],\"inLanguage\":\"de\"},{\"@type\":\"Organization\",\"@id\":\"https:\/\/kabinam.lt\/#organization\",\"name\":\"kabinam.lt\",\"alternateName\":\"kabinam\",\"url\":\"https:\/\/kabinam.lt\/\",\"logo\":{\"@type\":\"ImageObject\",\"inLanguage\":\"de\",\"@id\":\"https:\/\/kabinam.lt\/#\/schema\/logo\/image\/\",\"url\":\"https:\/\/kabinam.lt\/wp-content\/uploads\/2025\/05\/KABINAM_outer_glow.png\",\"contentUrl\":\"https:\/\/kabinam.lt\/wp-content\/uploads\/2025\/05\/KABINAM_outer_glow.png\",\"width\":474,\"height\":141,\"caption\":\"kabinam.lt\"},\"image\":{\"@id\":\"https:\/\/kabinam.lt\/#\/schema\/logo\/image\/\"}}]}<\/script>\n<!-- \/ Yoast SEO plugin. -->","yoast_head_json":{"title":"Metallischer Schl\u00fcsselanh\u00e4nger \u201eBe Safe\u201c mit Motorrad \u2013 kabinam.lt","description":"Ein Metallschl\u00fcsselanh\u00e4nger mit der Aufschrift \u201eBe Safe\u201c und einem kleinen Motorrad \u2013 ein emotionales Geschenk f\u00fcr Reisende.","robots":{"index":"index","follow":"follow","max-snippet":"max-snippet:-1","max-image-preview":"max-image-preview:large","max-video-preview":"max-video-preview:-1"},"canonical":"https:\/\/kabinam.lt\/de\/produkt\/metallischer-schlusselanhanger-ohne-safe\/","og_locale":"de_DE","og_type":"article","og_title":"Metalinis rakt\u0173 pakabukas Be Safe su motociklu - kabinam.lt","og_description":"Metalinis rakt\u0173 pakabukas su u\u017era\u0161u Be Safe ir ma\u017eu motociklu \u2013 emocinga dovana keliaujan\u010diam \u017emogui.","og_url":"https:\/\/kabinam.lt\/de\/produkt\/metallischer-schlusselanhanger-ohne-safe\/","og_site_name":"kabinam.lt","article_modified_time":"2026-03-12T13:07:49+00:00","og_image":[{"width":800,"height":800,"url":"https:\/\/kabinam.lt\/wp-content\/uploads\/2024\/07\/a36d80e4-95c8-4a32-a986-7cdeae8903d5_800x800.jpeg","type":"image\/jpeg"}],"twitter_card":"summary_large_image","twitter_misc":{"Gesch\u00e4tzte Lesezeit":"2\u00a0Minuten"},"schema":{"@context":"https:\/\/schema.org","@graph":[{"@type":["WebPage","ItemPage"],"@id":"https:\/\/kabinam.lt\/lt\/product\/metalinis-raktu-pakabukas-be-safe\/","url":"https:\/\/kabinam.lt\/lt\/product\/metalinis-raktu-pakabukas-be-safe\/","name":"Metallischer Schl\u00fcsselanh\u00e4nger \u201eBe Safe\u201c mit Motorrad \u2013 kabinam.lt","isPartOf":{"@id":"https:\/\/kabinam.lt\/#website"},"primaryImageOfPage":{"@id":"https:\/\/kabinam.lt\/lt\/product\/metalinis-raktu-pakabukas-be-safe\/#primaryimage"},"image":{"@id":"https:\/\/kabinam.lt\/lt\/product\/metalinis-raktu-pakabukas-be-safe\/#primaryimage"},"thumbnailUrl":"https:\/\/kabinam.lt\/wp-content\/uploads\/2024\/07\/a36d80e4-95c8-4a32-a986-7cdeae8903d5_800x800.jpeg","datePublished":"2024-07-29T15:08:17+00:00","dateModified":"2026-03-12T13:07:49+00:00","description":"Ein Metallschl\u00fcsselanh\u00e4nger mit der Aufschrift \u201eBe Safe\u201c und einem kleinen Motorrad \u2013 ein emotionales Geschenk f\u00fcr Reisende.","breadcrumb":{"@id":"https:\/\/kabinam.lt\/lt\/product\/metalinis-raktu-pakabukas-be-safe\/#breadcrumb"},"inLanguage":"de","potentialAction":[{"@type":"ReadAction","target":["https:\/\/kabinam.lt\/lt\/product\/metalinis-raktu-pakabukas-be-safe\/"]}]},{"@type":"ImageObject","inLanguage":"de","@id":"https:\/\/kabinam.lt\/lt\/product\/metalinis-raktu-pakabukas-be-safe\/#primaryimage","url":"https:\/\/kabinam.lt\/wp-content\/uploads\/2024\/07\/a36d80e4-95c8-4a32-a986-7cdeae8903d5_800x800.jpeg","contentUrl":"https:\/\/kabinam.lt\/wp-content\/uploads\/2024\/07\/a36d80e4-95c8-4a32-a986-7cdeae8903d5_800x800.jpeg","width":800,"height":800,"caption":"Rakt\u0173 pakabukas su \u017einute \u201eBe Safe\u201c ir motociklu"},{"@type":"BreadcrumbList","@id":"https:\/\/kabinam.lt\/lt\/product\/metalinis-raktu-pakabukas-be-safe\/#breadcrumb","itemListElement":[{"@type":"ListItem","position":1,"name":"Home","item":"https:\/\/kabinam.lt\/"},{"@type":"ListItem","position":2,"name":"Visi Produktai","item":"https:\/\/kabinam.lt\/visi-produktai\/"},{"@type":"ListItem","position":3,"name":"Metalinis rakt\u0173 pakabukas Be Safe su motociklu"}]},{"@type":"WebSite","@id":"https:\/\/kabinam.lt\/#website","url":"https:\/\/kabinam.lt\/","name":"kabinam.lt","description":"Kabinam.lt - Schl\u00fcsselanh\u00e4nger und Zubeh\u00f6r","publisher":{"@id":"https:\/\/kabinam.lt\/#organization"},"alternateName":"pakabukai lt","potentialAction":[{"@type":"SearchAction","target":{"@type":"EntryPoint","urlTemplate":"https:\/\/kabinam.lt\/?s={search_term_string}"},"query-input":{"@type":"PropertyValueSpecification","valueRequired":true,"valueName":"search_term_string"}}],"inLanguage":"de"},{"@type":"Organization","@id":"https:\/\/kabinam.lt\/#organization","name":"kabinam.lt","alternateName":"kabinam","url":"https:\/\/kabinam.lt\/","logo":{"@type":"ImageObject","inLanguage":"de","@id":"https:\/\/kabinam.lt\/#\/schema\/logo\/image\/","url":"https:\/\/kabinam.lt\/wp-content\/uploads\/2025\/05\/KABINAM_outer_glow.png","contentUrl":"https:\/\/kabinam.lt\/wp-content\/uploads\/2025\/05\/KABINAM_outer_glow.png","width":474,"height":141,"caption":"kabinam.lt"},"image":{"@id":"https:\/\/kabinam.lt\/#\/schema\/logo\/image\/"}}]}},"uagb_featured_image_src":{"full":["https:\/\/kabinam.lt\/wp-content\/uploads\/2024\/07\/a36d80e4-95c8-4a32-a986-7cdeae8903d5_800x800.jpeg",800,800,false],"thumbnail":["https:\/\/kabinam.lt\/wp-content\/uploads\/2024\/07\/a36d80e4-95c8-4a32-a986-7cdeae8903d5_800x800-150x150.jpeg",150,150,true],"medium":["https:\/\/kabinam.lt\/wp-content\/uploads\/2024\/07\/a36d80e4-95c8-4a32-a986-7cdeae8903d5_800x800-300x300.jpeg",300,300,true],"medium_large":["https:\/\/kabinam.lt\/wp-content\/uploads\/2024\/07\/a36d80e4-95c8-4a32-a986-7cdeae8903d5_800x800-768x768.jpeg",768,768,true],"large":["https:\/\/kabinam.lt\/wp-content\/uploads\/2024\/07\/a36d80e4-95c8-4a32-a986-7cdeae8903d5_800x800.jpeg",800,800,false],"1536x1536":["https:\/\/kabinam.lt\/wp-content\/uploads\/2024\/07\/a36d80e4-95c8-4a32-a986-7cdeae8903d5_800x800.jpeg",800,800,false],"2048x2048":["https:\/\/kabinam.lt\/wp-content\/uploads\/2024\/07\/a36d80e4-95c8-4a32-a986-7cdeae8903d5_800x800.jpeg",800,800,false],"trp-custom-language-flag":["https:\/\/kabinam.lt\/wp-content\/uploads\/2024\/07\/a36d80e4-95c8-4a32-a986-7cdeae8903d5_800x800.jpeg",12,12,false],"woocommerce_thumbnail":["https:\/\/kabinam.lt\/wp-content\/uploads\/2024\/07\/a36d80e4-95c8-4a32-a986-7cdeae8903d5_800x800-300x300.jpeg",300,300,true],"woocommerce_single":["https:\/\/kabinam.lt\/wp-content\/uploads\/2024\/07\/a36d80e4-95c8-4a32-a986-7cdeae8903d5_800x800-600x600.jpeg",600,600,true],"woocommerce_gallery_thumbnail":["https:\/\/kabinam.lt\/wp-content\/uploads\/2024\/07\/a36d80e4-95c8-4a32-a986-7cdeae8903d5_800x800-100x100.jpeg",100,100,true]},"uagb_author_info":{"display_name":"kabinam.lt","author_link":"https:\/\/kabinam.lt\/de\/author\/"},"uagb_comment_info":1,"uagb_excerpt":"Stilingas metalinis rakt\u0173 pakabukas su graviruotu tekstu \u201eBe Safe\u201c ir miniati\u016briniu motociklu \u2013 r\u016bpes\u010dio simbolis.","_links":{"self":[{"href":"https:\/\/kabinam.lt\/de\/wp-json\/wp\/v2\/product\/2202","targetHints":{"allow":["GET"]}}],"collection":[{"href":"https:\/\/kabinam.lt\/de\/wp-json\/wp\/v2\/product"}],"about":[{"href":"https:\/\/kabinam.lt\/de\/wp-json\/wp\/v2\/types\/product"}],"replies":[{"embeddable":true,"href":"https:\/\/kabinam.lt\/de\/wp-json\/wp\/v2\/comments?post=2202"}],"wp:featuredmedia":[{"embeddable":true,"href":"https:\/\/kabinam.lt\/de\/wp-json\/wp\/v2\/media\/2203"}],"wp:attachment":[{"href":"https:\/\/kabinam.lt\/de\/wp-json\/wp\/v2\/media?parent=2202"}],"wp:term":[{"taxonomy":"product_brand","embeddable":true,"href":"https:\/\/kabinam.lt\/de\/wp-json\/wp\/v2\/product_brand?post=2202"},{"taxonomy":"product_cat","embeddable":true,"href":"https:\/\/kabinam.lt\/de\/wp-json\/wp\/v2\/product_cat?post=2202"},{"taxonomy":"product_tag","embeddable":true,"href":"https:\/\/kabinam.lt\/de\/wp-json\/wp\/v2\/product_tag?post=2202"}],"curies":[{"name":"wp","href":"https:\/\/api.w.org\/{rel}","templated":true}]}}