{"id":2158,"date":"2024-07-29T15:51:12","date_gmt":"2024-07-29T12:51:12","guid":{"rendered":"https:\/\/kabinam.lt\/?post_type=product&#038;p=2158"},"modified":"2026-01-18T16:07:33","modified_gmt":"2026-01-18T14:07:33","slug":"spezielles-schlusselzubehor-lkw","status":"publish","type":"product","link":"https:\/\/kabinam.lt\/de\/product\/specialus-raktu-aksesuaras-sunkvezimis\/","title":{"rendered":"Besonderes Schl\u00fcsselzubeh\u00f6r - Schl\u00fcsselanh\u00e4nger in Form eines Lastwagens"},"content":{"rendered":"<div class=\"kk-star-ratings kksr-auto kksr-align-left kksr-valign-top\"\n    data-payload='{&quot;align&quot;:&quot;left&quot;,&quot;id&quot;:&quot;2158&quot;,&quot;slug&quot;:&quot;default&quot;,&quot;valign&quot;:&quot;top&quot;,&quot;ignore&quot;:&quot;&quot;,&quot;reference&quot;:&quot;auto&quot;,&quot;class&quot;:&quot;&quot;,&quot;count&quot;:&quot;0&quot;,&quot;legendonly&quot;:&quot;&quot;,&quot;readonly&quot;:&quot;&quot;,&quot;score&quot;:&quot;0&quot;,&quot;starsonly&quot;:&quot;&quot;,&quot;best&quot;:&quot;5&quot;,&quot;gap&quot;:&quot;5&quot;,&quot;greet&quot;:&quot;Mums svarbus j\u016bs\u0173 \u012fvertinimas&quot;,&quot;legend&quot;:&quot;0\\\/5 - (0 votes)&quot;,&quot;size&quot;:&quot;24&quot;,&quot;title&quot;:&quot;Special\u016bs rakt\u0173 aksesuarai \u2013 sunkve\u017eimio formos pakabukas&quot;,&quot;width&quot;:&quot;0&quot;,&quot;_legend&quot;:&quot;{score}\\\/{best} - ({count} {votes})&quot;,&quot;font_factor&quot;:&quot;1.25&quot;}'>\n            \n<div class=\"kksr-stars\">\n    \n<div class=\"kksr-stars-inactive\">\n            <div class=\"kksr-star\" data-star=\"1\" style=\"padding-right: 5px\">\n            \n\n<div class=\"kksr-icon\" style=\"width: 24px; height: 24px;\"><\/div>\n        <\/div>\n            <div class=\"kksr-star\" data-star=\"2\" style=\"padding-right: 5px\">\n            \n\n<div class=\"kksr-icon\" style=\"width: 24px; height: 24px;\"><\/div>\n        <\/div>\n            <div class=\"kksr-star\" data-star=\"3\" style=\"padding-right: 5px\">\n            \n\n<div class=\"kksr-icon\" style=\"width: 24px; height: 24px;\"><\/div>\n        <\/div>\n            <div class=\"kksr-star\" data-star=\"4\" style=\"padding-right: 5px\">\n            \n\n<div class=\"kksr-icon\" style=\"width: 24px; height: 24px;\"><\/div>\n        <\/div>\n            <div class=\"kksr-star\" data-star=\"5\" style=\"padding-right: 5px\">\n            \n\n<div class=\"kksr-icon\" style=\"width: 24px; height: 24px;\"><\/div>\n        <\/div>\n    <\/div>\n    \n<div class=\"kksr-stars-active\" style=\"width: 0px;\">\n            <div class=\"kksr-star\" style=\"padding-right: 5px\">\n            \n\n<div class=\"kksr-icon\" style=\"width: 24px; height: 24px;\"><\/div>\n        <\/div>\n            <div class=\"kksr-star\" style=\"padding-right: 5px\">\n            \n\n<div class=\"kksr-icon\" style=\"width: 24px; height: 24px;\"><\/div>\n        <\/div>\n            <div class=\"kksr-star\" style=\"padding-right: 5px\">\n            \n\n<div class=\"kksr-icon\" style=\"width: 24px; height: 24px;\"><\/div>\n        <\/div>\n            <div class=\"kksr-star\" style=\"padding-right: 5px\">\n            \n\n<div class=\"kksr-icon\" style=\"width: 24px; height: 24px;\"><\/div>\n        <\/div>\n            <div class=\"kksr-star\" style=\"padding-right: 5px\">\n            \n\n<div class=\"kksr-icon\" style=\"width: 24px; height: 24px;\"><\/div>\n        <\/div>\n    <\/div>\n<\/div>\n                \n\n<div class=\"kksr-legend\" style=\"font-size: 19.2px;\">\n            <span class=\"kksr-muted\">Ihre Bewertung ist f\u00fcr uns wichtig<\/span>\n    <\/div>\n    <\/div>\n<h3 class=\"\" data-start=\"284\" data-end=\"349\"><strong data-start=\"288\" data-end=\"349\">Besonderes Schl\u00fcsselzubeh\u00f6r - Schl\u00fcsselanh\u00e4nger in Form eines Lastwagens<\/strong><\/h3>\n<p class=\"\" data-start=\"351\" data-end=\"701\"><strong data-start=\"351\" data-end=\"395\">Ie\u0161kai i\u0161skirtinio akcento savo raktams?<\/strong> \u0160is sunkve\u017eimio formos pakabukas \u2013 tai vienas i\u0161 t\u0173 daikt\u0173, kurie puikiai atspindi, kas esi ir k\u0105 vertini. Toks aksesuaras \u2013 ne tik daili detal\u0117, bet ir puikus pasirinkimas tiems, kuriems r\u016bpi originalumas ir kokyb\u0117. <strong data-start=\"613\" data-end=\"643\">Special\u016bs rakt\u0173 aksesuarai<\/strong> padeda i\u0161siskirti i\u0161 minios ir parodo individual\u0173 stili\u0173.<\/p>\n<hr class=\"\" data-start=\"703\" data-end=\"706\" \/>\n<h3 class=\"\" data-start=\"708\" data-end=\"755\"><strong data-start=\"712\" data-end=\"755\">Tobulas pasirinkimas sunkve\u017eimi\u0173 fanams<\/strong><\/h3>\n<p class=\"\" data-start=\"757\" data-end=\"1073\">\u0160is rakt\u0173 pakabukas \u2013 itin m\u0117gstamas tarp vairuotoj\u0173, logistikos sektoriaus atstov\u0173 bei vis\u0173, kurie \u017eavisi galingais sunkve\u017eimiais. Tvirtas, metalinis korpusas ir detalus sunkve\u017eimio siluetas primena tikr\u0105 transporto priemon\u0119. Tokie <strong data-start=\"990\" data-end=\"1020\">special\u016bs rakt\u0173 aksesuarai<\/strong> ne tik puo\u0161ia, bet ir primena apie aistr\u0105 technikai.<\/p>\n<hr class=\"\" data-start=\"1075\" data-end=\"1078\" \/>\n<h3 class=\"\" data-start=\"1080\" data-end=\"1127\"><strong data-start=\"1084\" data-end=\"1127\">Tinka dovanoms ir kasdieniam naudojimui<\/strong><\/h3>\n<p class=\"\" data-start=\"1129\" data-end=\"1448\">Ie\u0161kai prakti\u0161kos ir kartu asmeni\u0161kos dovanos? \u0160is aksesuaras puikiai tinka \u012fvairioms progoms: gimtadieniams, darbo metin\u0117ms ar tiesiog parodyti d\u0117mes\u012f. Rakt\u0173 pakabukas yra ilgaam\u017eis, tod\u0117l tarnaus ilgai \u2013 tai tikras vert\u0117s ir kokyb\u0117s derinys. Jis tinkamas tiek vyrams, tiek moterims, m\u0117gstantiems unikalius aksesuarus.<\/p>\n<hr class=\"\" data-start=\"1450\" data-end=\"1453\" \/>\n<h3 class=\"\" data-start=\"1455\" data-end=\"1501\"><strong data-start=\"1459\" data-end=\"1501\">Kur \u012fsigyti ir k\u0105 dar verta ap\u017ei\u016br\u0117ti?<\/strong><\/h3>\n<p class=\"\" data-start=\"1503\" data-end=\"1953\">Jeigu tau patinka \u0161is sunkve\u017eimio modelis, b\u016btinai per\u017ei\u016br\u0117k ir kitas <a class=\"cursor-pointer\" target=\"_new\" rel=\"noopener\" data-start=\"1573\" data-end=\"1668\">Autoschl\u00fcsselanh\u00e4nger<\/a> kategorijos prekes. Taip pat rekomenduojame pasidairyti <a class=\"cursor-pointer\" target=\"_new\" rel=\"noopener\" data-start=\"1725\" data-end=\"1796\">Metallanh\u00e4nger<\/a> \u00fcber <a class=\"\" href=\"https:\/\/kabinam.lt\/de\/produktkategorie-2\/beliebteste-produktkategorie\/\" target=\"_new\" rel=\"noopener\" data-start=\"1800\" data-end=\"1898\">Beliebteste Produkte<\/a> skyriuose \u2013 \u010dia rasi dar daugiau stiling\u0173 pasirinkim\u0173.<\/p>\n<p class=\"\" data-start=\"1955\" data-end=\"2145\">Suchst du mehr Inspiration? \u00dcber die Trends von Schl\u00fcsselaccessoires und ihre Bedeutung im Alltag schreibt und <a class=\"cursor-pointer\" target=\"_new\" rel=\"noopener\" data-start=\"2048\" data-end=\"2097\">Design Boom<\/a>, wo Sie viele einzigartige Designl\u00f6sungen finden werden.<\/p>\n<hr class=\"\" data-start=\"2147\" data-end=\"2150\" \/>\n<h3 class=\"\" data-start=\"2152\" data-end=\"2174\"><strong data-start=\"2156\" data-end=\"2174\">Zusammenfassung<\/strong><\/h3>\n<p class=\"\" data-start=\"2176\" data-end=\"2435\">Dieser LKW-form Anh\u00e4nger ist nicht nur ein stilvolles Detail, sondern auch eine sinnvolle Wahl f\u00fcr jeden, der Funktionalit\u00e4t und \u00c4sthetik sch\u00e4tzt. Solche <strong data-start=\"2329\" data-end=\"2359\">special\u016bs rakt\u0173 aksesuarai<\/strong> eignen sich hervorragend als Geschenke oder f\u00fcr den t\u00e4glichen Gebrauch. Entdecke, was zu dir passt!<\/p>","protected":false},"excerpt":{"rendered":"<p>Unikalus sunkve\u017eimio formos pakabukas \u2013 tai stilingas ir prasmingas pasirinkimas ie\u0161kantiems originali\u0173 rakt\u0173 aksesuar\u0173.<\/p>","protected":false},"featured_media":2168,"comment_status":"closed","ping_status":"closed","template":"","meta":{"_uag_custom_page_level_css":"","site-sidebar-layout":"default","site-content-layout":"","ast-site-content-layout":"default","site-content-style":"default","site-sidebar-style":"default","ast-global-header-display":"","ast-banner-title-visibility":"","ast-main-header-display":"","ast-hfb-above-header-display":"","ast-hfb-below-header-display":"","ast-hfb-mobile-header-display":"","site-post-title":"","ast-breadcrumbs-content":"","ast-featured-img":"","footer-sml-layout":"","ast-disable-related-posts":"","theme-transparent-header-meta":"default","adv-header-id-meta":"","stick-header-meta":"","header-above-stick-meta":"","header-main-stick-meta":"","header-below-stick-meta":"","astra-migrate-meta-layouts":"set","ast-page-background-enabled":"default","ast-page-background-meta":{"desktop":{"background-color":"var(--ast-global-color-4)","background-image":"","background-repeat":"repeat","background-position":"center center","background-size":"auto","background-attachment":"scroll","background-type":"","background-media":"","overlay-type":"","overlay-color":"","overlay-opacity":"","overlay-gradient":""},"tablet":{"background-color":"","background-image":"","background-repeat":"repeat","background-position":"center center","background-size":"auto","background-attachment":"scroll","background-type":"","background-media":"","overlay-type":"","overlay-color":"","overlay-opacity":"","overlay-gradient":""},"mobile":{"background-color":"","background-image":"","background-repeat":"repeat","background-position":"center center","background-size":"auto","background-attachment":"scroll","background-type":"","background-media":"","overlay-type":"","overlay-color":"","overlay-opacity":"","overlay-gradient":""}},"ast-content-background-meta":{"desktop":{"background-color":"var(--ast-global-color-5)","background-image":"","background-repeat":"repeat","background-position":"center center","background-size":"auto","background-attachment":"scroll","background-type":"","background-media":"","overlay-type":"","overlay-color":"","overlay-opacity":"","overlay-gradient":""},"tablet":{"background-color":"var(--ast-global-color-5)","background-image":"","background-repeat":"repeat","background-position":"center center","background-size":"auto","background-attachment":"scroll","background-type":"","background-media":"","overlay-type":"","overlay-color":"","overlay-opacity":"","overlay-gradient":""},"mobile":{"background-color":"var(--ast-global-color-5)","background-image":"","background-repeat":"repeat","background-position":"center center","background-size":"auto","background-attachment":"scroll","background-type":"","background-media":"","overlay-type":"","overlay-color":"","overlay-opacity":"","overlay-gradient":""}}},"product_brand":[],"product_cat":[125,126,22,116,118],"product_tag":[],"class_list":{"0":"post-2158","1":"product","2":"type-product","3":"status-publish","4":"has-post-thumbnail","6":"product_cat-halloween","7":"product_cat-visi","8":"product_cat-automobiliu-raktu-pakabukai","9":"product_cat-metaliniai-raktu-pakabukai","10":"product_cat-dovana-teciui","11":"desktop-align-center","12":"tablet-align-left","13":"mobile-align-left","15":"first","16":"instock","17":"shipping-taxable","18":"purchasable","19":"product-type-variable"},"yoast_head":"<!-- This site is optimized with the Yoast SEO plugin v27.1.1 - https:\/\/yoast.com\/product\/yoast-seo-wordpress\/ -->\n<title>Special\u016bs rakt\u0173 aksesuarai \u2013 sunkve\u017eimio formos pakabukas - kabinam.lt<\/title>\n<meta name=\"description\" content=\"Stilingas sunkve\u017eimio formos pakabukas \u2013 tai special\u016bs rakt\u0173 aksesuarai, tinkantys dovanoms ar kasdieniam naudojimui.\" \/>\n<meta name=\"robots\" content=\"index, follow, max-snippet:-1, max-image-preview:large, max-video-preview:-1\" \/>\n<link rel=\"canonical\" href=\"https:\/\/kabinam.lt\/de\/produkt\/spezielles-schlusselzubehor-lkw\/\" \/>\n<meta property=\"og:locale\" content=\"de_DE\" \/>\n<meta property=\"og:type\" content=\"article\" \/>\n<meta property=\"og:title\" content=\"Special\u016bs rakt\u0173 aksesuarai \u2013 sunkve\u017eimio formos pakabukas - kabinam.lt\" \/>\n<meta property=\"og:description\" content=\"Stilingas sunkve\u017eimio formos pakabukas \u2013 tai special\u016bs rakt\u0173 aksesuarai, tinkantys dovanoms ar kasdieniam naudojimui.\" \/>\n<meta property=\"og:url\" content=\"https:\/\/kabinam.lt\/de\/produkt\/spezielles-schlusselzubehor-lkw\/\" \/>\n<meta property=\"og:site_name\" content=\"kabinam.lt\" \/>\n<meta property=\"article:modified_time\" content=\"2026-01-18T14:07:33+00:00\" \/>\n<meta property=\"og:image\" content=\"https:\/\/kabinam.lt\/wp-content\/uploads\/2024\/07\/0b73b8a2-bebe-457d-a400-5512f946d10d_1200x1200.jpeg\" \/>\n\t<meta property=\"og:image:width\" content=\"1200\" \/>\n\t<meta property=\"og:image:height\" content=\"1200\" \/>\n\t<meta property=\"og:image:type\" content=\"image\/jpeg\" \/>\n<meta name=\"twitter:card\" content=\"summary_large_image\" \/>\n<meta name=\"twitter:label1\" content=\"Gesch\u00e4tzte Lesezeit\" \/>\n\t<meta name=\"twitter:data1\" content=\"2\u00a0Minuten\" \/>\n<script type=\"application\/ld+json\" class=\"yoast-schema-graph\">{\"@context\":\"https:\/\/schema.org\",\"@graph\":[{\"@type\":[\"WebPage\",\"ItemPage\"],\"@id\":\"https:\/\/kabinam.lt\/eng\/product\/special-keys-accessory-truck\/\",\"url\":\"https:\/\/kabinam.lt\/eng\/product\/special-keys-accessory-truck\/\",\"name\":\"Special\u016bs rakt\u0173 aksesuarai \u2013 sunkve\u017eimio formos pakabukas - kabinam.lt\",\"isPartOf\":{\"@id\":\"https:\/\/kabinam.lt\/#website\"},\"primaryImageOfPage\":{\"@id\":\"https:\/\/kabinam.lt\/eng\/product\/special-keys-accessory-truck\/#primaryimage\"},\"image\":{\"@id\":\"https:\/\/kabinam.lt\/eng\/product\/special-keys-accessory-truck\/#primaryimage\"},\"thumbnailUrl\":\"https:\/\/kabinam.lt\/wp-content\/uploads\/2024\/07\/0b73b8a2-bebe-457d-a400-5512f946d10d_1200x1200.jpeg\",\"datePublished\":\"2024-07-29T12:51:12+00:00\",\"dateModified\":\"2026-01-18T14:07:33+00:00\",\"description\":\"Stilingas sunkve\u017eimio formos pakabukas \u2013 tai special\u016bs rakt\u0173 aksesuarai, tinkantys dovanoms ar kasdieniam naudojimui.\",\"breadcrumb\":{\"@id\":\"https:\/\/kabinam.lt\/eng\/product\/special-keys-accessory-truck\/#breadcrumb\"},\"inLanguage\":\"de\",\"potentialAction\":[{\"@type\":\"ReadAction\",\"target\":[\"https:\/\/kabinam.lt\/eng\/product\/special-keys-accessory-truck\/\"]}]},{\"@type\":\"ImageObject\",\"inLanguage\":\"de\",\"@id\":\"https:\/\/kabinam.lt\/eng\/product\/special-keys-accessory-truck\/#primaryimage\",\"url\":\"https:\/\/kabinam.lt\/wp-content\/uploads\/2024\/07\/0b73b8a2-bebe-457d-a400-5512f946d10d_1200x1200.jpeg\",\"contentUrl\":\"https:\/\/kabinam.lt\/wp-content\/uploads\/2024\/07\/0b73b8a2-bebe-457d-a400-5512f946d10d_1200x1200.jpeg\",\"width\":1200,\"height\":1200,\"caption\":\"Sunkve\u017eimio formos rakt\u0173 pakabukas\"},{\"@type\":\"BreadcrumbList\",\"@id\":\"https:\/\/kabinam.lt\/eng\/product\/special-keys-accessory-truck\/#breadcrumb\",\"itemListElement\":[{\"@type\":\"ListItem\",\"position\":1,\"name\":\"Home\",\"item\":\"https:\/\/kabinam.lt\/\"},{\"@type\":\"ListItem\",\"position\":2,\"name\":\"Visi Produktai\",\"item\":\"https:\/\/kabinam.lt\/visi-produktai\/\"},{\"@type\":\"ListItem\",\"position\":3,\"name\":\"Special\u016bs rakt\u0173 aksesuarai \u2013 sunkve\u017eimio formos pakabukas\"}]},{\"@type\":\"WebSite\",\"@id\":\"https:\/\/kabinam.lt\/#website\",\"url\":\"https:\/\/kabinam.lt\/\",\"name\":\"kabinam.lt\",\"description\":\"Kabinam.lt \u2013 raktu pakabukai ir aksesuarai\",\"publisher\":{\"@id\":\"https:\/\/kabinam.lt\/#organization\"},\"alternateName\":\"pakabukai lt\",\"potentialAction\":[{\"@type\":\"SearchAction\",\"target\":{\"@type\":\"EntryPoint\",\"urlTemplate\":\"https:\/\/kabinam.lt\/?s={search_term_string}\"},\"query-input\":{\"@type\":\"PropertyValueSpecification\",\"valueRequired\":true,\"valueName\":\"search_term_string\"}}],\"inLanguage\":\"de\"},{\"@type\":\"Organization\",\"@id\":\"https:\/\/kabinam.lt\/#organization\",\"name\":\"kabinam.lt\",\"alternateName\":\"kabinam\",\"url\":\"https:\/\/kabinam.lt\/\",\"logo\":{\"@type\":\"ImageObject\",\"inLanguage\":\"de\",\"@id\":\"https:\/\/kabinam.lt\/#\/schema\/logo\/image\/\",\"url\":\"https:\/\/kabinam.lt\/wp-content\/uploads\/2025\/05\/KABINAM_outer_glow.png\",\"contentUrl\":\"https:\/\/kabinam.lt\/wp-content\/uploads\/2025\/05\/KABINAM_outer_glow.png\",\"width\":474,\"height\":141,\"caption\":\"kabinam.lt\"},\"image\":{\"@id\":\"https:\/\/kabinam.lt\/#\/schema\/logo\/image\/\"}}]}<\/script>\n<!-- \/ Yoast SEO plugin. -->","yoast_head_json":{"title":"Spezielle Schl\u00fcsselzubeh\u00f6r \u2013 Anh\u00e4nger in LKW-Form - kabinam.lt","description":"Stylisher Anh\u00e4nger in LKW-Form - sind spezielle Schl\u00fcsselaccessoires, die sich f\u00fcr Geschenke oder den t\u00e4glichen Gebrauch eignen.","robots":{"index":"index","follow":"follow","max-snippet":"max-snippet:-1","max-image-preview":"max-image-preview:large","max-video-preview":"max-video-preview:-1"},"canonical":"https:\/\/kabinam.lt\/de\/produkt\/spezielles-schlusselzubehor-lkw\/","og_locale":"de_DE","og_type":"article","og_title":"Special\u016bs rakt\u0173 aksesuarai \u2013 sunkve\u017eimio formos pakabukas - kabinam.lt","og_description":"Stilingas sunkve\u017eimio formos pakabukas \u2013 tai special\u016bs rakt\u0173 aksesuarai, tinkantys dovanoms ar kasdieniam naudojimui.","og_url":"https:\/\/kabinam.lt\/de\/produkt\/spezielles-schlusselzubehor-lkw\/","og_site_name":"kabinam.lt","article_modified_time":"2026-01-18T14:07:33+00:00","og_image":[{"width":1200,"height":1200,"url":"https:\/\/kabinam.lt\/wp-content\/uploads\/2024\/07\/0b73b8a2-bebe-457d-a400-5512f946d10d_1200x1200.jpeg","type":"image\/jpeg"}],"twitter_card":"summary_large_image","twitter_misc":{"Gesch\u00e4tzte Lesezeit":"2\u00a0Minuten"},"schema":{"@context":"https:\/\/schema.org","@graph":[{"@type":["WebPage","ItemPage"],"@id":"https:\/\/kabinam.lt\/eng\/product\/special-keys-accessory-truck\/","url":"https:\/\/kabinam.lt\/eng\/product\/special-keys-accessory-truck\/","name":"Spezielle Schl\u00fcsselzubeh\u00f6r \u2013 Anh\u00e4nger in LKW-Form - kabinam.lt","isPartOf":{"@id":"https:\/\/kabinam.lt\/#website"},"primaryImageOfPage":{"@id":"https:\/\/kabinam.lt\/eng\/product\/special-keys-accessory-truck\/#primaryimage"},"image":{"@id":"https:\/\/kabinam.lt\/eng\/product\/special-keys-accessory-truck\/#primaryimage"},"thumbnailUrl":"https:\/\/kabinam.lt\/wp-content\/uploads\/2024\/07\/0b73b8a2-bebe-457d-a400-5512f946d10d_1200x1200.jpeg","datePublished":"2024-07-29T12:51:12+00:00","dateModified":"2026-01-18T14:07:33+00:00","description":"Stylisher Anh\u00e4nger in LKW-Form - sind spezielle Schl\u00fcsselaccessoires, die sich f\u00fcr Geschenke oder den t\u00e4glichen Gebrauch eignen.","breadcrumb":{"@id":"https:\/\/kabinam.lt\/eng\/product\/special-keys-accessory-truck\/#breadcrumb"},"inLanguage":"de","potentialAction":[{"@type":"ReadAction","target":["https:\/\/kabinam.lt\/eng\/product\/special-keys-accessory-truck\/"]}]},{"@type":"ImageObject","inLanguage":"de","@id":"https:\/\/kabinam.lt\/eng\/product\/special-keys-accessory-truck\/#primaryimage","url":"https:\/\/kabinam.lt\/wp-content\/uploads\/2024\/07\/0b73b8a2-bebe-457d-a400-5512f946d10d_1200x1200.jpeg","contentUrl":"https:\/\/kabinam.lt\/wp-content\/uploads\/2024\/07\/0b73b8a2-bebe-457d-a400-5512f946d10d_1200x1200.jpeg","width":1200,"height":1200,"caption":"Sunkve\u017eimio formos rakt\u0173 pakabukas"},{"@type":"BreadcrumbList","@id":"https:\/\/kabinam.lt\/eng\/product\/special-keys-accessory-truck\/#breadcrumb","itemListElement":[{"@type":"ListItem","position":1,"name":"Home","item":"https:\/\/kabinam.lt\/"},{"@type":"ListItem","position":2,"name":"Visi Produktai","item":"https:\/\/kabinam.lt\/visi-produktai\/"},{"@type":"ListItem","position":3,"name":"Special\u016bs rakt\u0173 aksesuarai \u2013 sunkve\u017eimio formos pakabukas"}]},{"@type":"WebSite","@id":"https:\/\/kabinam.lt\/#website","url":"https:\/\/kabinam.lt\/","name":"kabinam.lt","description":"Kabinam.lt - Schl\u00fcsselanh\u00e4nger und Zubeh\u00f6r","publisher":{"@id":"https:\/\/kabinam.lt\/#organization"},"alternateName":"pakabukai lt","potentialAction":[{"@type":"SearchAction","target":{"@type":"EntryPoint","urlTemplate":"https:\/\/kabinam.lt\/?s={search_term_string}"},"query-input":{"@type":"PropertyValueSpecification","valueRequired":true,"valueName":"search_term_string"}}],"inLanguage":"de"},{"@type":"Organization","@id":"https:\/\/kabinam.lt\/#organization","name":"kabinam.lt","alternateName":"kabinam","url":"https:\/\/kabinam.lt\/","logo":{"@type":"ImageObject","inLanguage":"de","@id":"https:\/\/kabinam.lt\/#\/schema\/logo\/image\/","url":"https:\/\/kabinam.lt\/wp-content\/uploads\/2025\/05\/KABINAM_outer_glow.png","contentUrl":"https:\/\/kabinam.lt\/wp-content\/uploads\/2025\/05\/KABINAM_outer_glow.png","width":474,"height":141,"caption":"kabinam.lt"},"image":{"@id":"https:\/\/kabinam.lt\/#\/schema\/logo\/image\/"}}]}},"uagb_featured_image_src":{"full":["https:\/\/kabinam.lt\/wp-content\/uploads\/2024\/07\/0b73b8a2-bebe-457d-a400-5512f946d10d_1200x1200.jpeg",1200,1200,false],"thumbnail":["https:\/\/kabinam.lt\/wp-content\/uploads\/2024\/07\/0b73b8a2-bebe-457d-a400-5512f946d10d_1200x1200-150x150.jpeg",150,150,true],"medium":["https:\/\/kabinam.lt\/wp-content\/uploads\/2024\/07\/0b73b8a2-bebe-457d-a400-5512f946d10d_1200x1200-300x300.jpeg",300,300,true],"medium_large":["https:\/\/kabinam.lt\/wp-content\/uploads\/2024\/07\/0b73b8a2-bebe-457d-a400-5512f946d10d_1200x1200-768x768.jpeg",768,768,true],"large":["https:\/\/kabinam.lt\/wp-content\/uploads\/2024\/07\/0b73b8a2-bebe-457d-a400-5512f946d10d_1200x1200-1024x1024.jpeg",1024,1024,true],"1536x1536":["https:\/\/kabinam.lt\/wp-content\/uploads\/2024\/07\/0b73b8a2-bebe-457d-a400-5512f946d10d_1200x1200.jpeg",1200,1200,false],"2048x2048":["https:\/\/kabinam.lt\/wp-content\/uploads\/2024\/07\/0b73b8a2-bebe-457d-a400-5512f946d10d_1200x1200.jpeg",1200,1200,false],"trp-custom-language-flag":["https:\/\/kabinam.lt\/wp-content\/uploads\/2024\/07\/0b73b8a2-bebe-457d-a400-5512f946d10d_1200x1200.jpeg",12,12,false],"woocommerce_thumbnail":["https:\/\/kabinam.lt\/wp-content\/uploads\/2024\/07\/0b73b8a2-bebe-457d-a400-5512f946d10d_1200x1200-300x300.jpeg",300,300,true],"woocommerce_single":["https:\/\/kabinam.lt\/wp-content\/uploads\/2024\/07\/0b73b8a2-bebe-457d-a400-5512f946d10d_1200x1200-600x600.jpeg",600,600,true],"woocommerce_gallery_thumbnail":["https:\/\/kabinam.lt\/wp-content\/uploads\/2024\/07\/0b73b8a2-bebe-457d-a400-5512f946d10d_1200x1200-100x100.jpeg",100,100,true]},"uagb_author_info":{"display_name":"kabinam.lt","author_link":"https:\/\/kabinam.lt\/de\/author\/"},"uagb_comment_info":0,"uagb_excerpt":"Unikalus sunkve\u017eimio formos pakabukas \u2013 tai stilingas ir prasmingas pasirinkimas ie\u0161kantiems originali\u0173 rakt\u0173 aksesuar\u0173.","_links":{"self":[{"href":"https:\/\/kabinam.lt\/de\/wp-json\/wp\/v2\/product\/2158","targetHints":{"allow":["GET"]}}],"collection":[{"href":"https:\/\/kabinam.lt\/de\/wp-json\/wp\/v2\/product"}],"about":[{"href":"https:\/\/kabinam.lt\/de\/wp-json\/wp\/v2\/types\/product"}],"replies":[{"embeddable":true,"href":"https:\/\/kabinam.lt\/de\/wp-json\/wp\/v2\/comments?post=2158"}],"wp:featuredmedia":[{"embeddable":true,"href":"https:\/\/kabinam.lt\/de\/wp-json\/wp\/v2\/media\/2168"}],"wp:attachment":[{"href":"https:\/\/kabinam.lt\/de\/wp-json\/wp\/v2\/media?parent=2158"}],"wp:term":[{"taxonomy":"product_brand","embeddable":true,"href":"https:\/\/kabinam.lt\/de\/wp-json\/wp\/v2\/product_brand?post=2158"},{"taxonomy":"product_cat","embeddable":true,"href":"https:\/\/kabinam.lt\/de\/wp-json\/wp\/v2\/product_cat?post=2158"},{"taxonomy":"product_tag","embeddable":true,"href":"https:\/\/kabinam.lt\/de\/wp-json\/wp\/v2\/product_tag?post=2158"}],"curies":[{"name":"wp","href":"https:\/\/api.w.org\/{rel}","templated":true}]}}