{"id":2137,"date":"2024-07-29T15:05:43","date_gmt":"2024-07-29T12:05:43","guid":{"rendered":"https:\/\/kabinam.lt\/?post_type=product&#038;p=2137"},"modified":"2026-03-02T17:31:39","modified_gmt":"2026-03-02T15:31:39","slug":"raktu-pakabukai-dovanu-idejoms","status":"publish","type":"product","link":"https:\/\/kabinam.lt\/de\/product\/raktu-pakabukai-dovanu-idejoms\/","title":{"rendered":"Schl\u00fcsselanh\u00e4nger als Geschenkidee - eine originelle Wahl f\u00fcr Truck-Fans"},"content":{"rendered":"<div class=\"kk-star-ratings kksr-auto kksr-align-left kksr-valign-top\"\n    data-payload='{&quot;align&quot;:&quot;left&quot;,&quot;id&quot;:&quot;2137&quot;,&quot;slug&quot;:&quot;default&quot;,&quot;valign&quot;:&quot;top&quot;,&quot;ignore&quot;:&quot;&quot;,&quot;reference&quot;:&quot;auto&quot;,&quot;class&quot;:&quot;&quot;,&quot;count&quot;:&quot;0&quot;,&quot;legendonly&quot;:&quot;&quot;,&quot;readonly&quot;:&quot;&quot;,&quot;score&quot;:&quot;0&quot;,&quot;starsonly&quot;:&quot;&quot;,&quot;best&quot;:&quot;5&quot;,&quot;gap&quot;:&quot;5&quot;,&quot;greet&quot;:&quot;Mums svarbus j\u016bs\u0173 \u012fvertinimas&quot;,&quot;legend&quot;:&quot;0\\\/5 - (0 votes)&quot;,&quot;size&quot;:&quot;24&quot;,&quot;title&quot;:&quot;Rakt\u0173 pakabukai dovan\u0173 id\u0117joms \u2013 originalus pasirinkimas sunkve\u017eimi\u0173 gerb\u0117jams&quot;,&quot;width&quot;:&quot;0&quot;,&quot;_legend&quot;:&quot;{score}\\\/{best} - ({count} {votes})&quot;,&quot;font_factor&quot;:&quot;1.25&quot;}'>\n            \n<div class=\"kksr-stars\">\n    \n<div class=\"kksr-stars-inactive\">\n            <div class=\"kksr-star\" data-star=\"1\" style=\"padding-right: 5px\">\n            \n\n<div class=\"kksr-icon\" style=\"width: 24px; height: 24px;\"><\/div>\n        <\/div>\n            <div class=\"kksr-star\" data-star=\"2\" style=\"padding-right: 5px\">\n            \n\n<div class=\"kksr-icon\" style=\"width: 24px; height: 24px;\"><\/div>\n        <\/div>\n            <div class=\"kksr-star\" data-star=\"3\" style=\"padding-right: 5px\">\n            \n\n<div class=\"kksr-icon\" style=\"width: 24px; height: 24px;\"><\/div>\n        <\/div>\n            <div class=\"kksr-star\" data-star=\"4\" style=\"padding-right: 5px\">\n            \n\n<div class=\"kksr-icon\" style=\"width: 24px; height: 24px;\"><\/div>\n        <\/div>\n            <div class=\"kksr-star\" data-star=\"5\" style=\"padding-right: 5px\">\n            \n\n<div class=\"kksr-icon\" style=\"width: 24px; height: 24px;\"><\/div>\n        <\/div>\n    <\/div>\n    \n<div class=\"kksr-stars-active\" style=\"width: 0px;\">\n            <div class=\"kksr-star\" style=\"padding-right: 5px\">\n            \n\n<div class=\"kksr-icon\" style=\"width: 24px; height: 24px;\"><\/div>\n        <\/div>\n            <div class=\"kksr-star\" style=\"padding-right: 5px\">\n            \n\n<div class=\"kksr-icon\" style=\"width: 24px; height: 24px;\"><\/div>\n        <\/div>\n            <div class=\"kksr-star\" style=\"padding-right: 5px\">\n            \n\n<div class=\"kksr-icon\" style=\"width: 24px; height: 24px;\"><\/div>\n        <\/div>\n            <div class=\"kksr-star\" style=\"padding-right: 5px\">\n            \n\n<div class=\"kksr-icon\" style=\"width: 24px; height: 24px;\"><\/div>\n        <\/div>\n            <div class=\"kksr-star\" style=\"padding-right: 5px\">\n            \n\n<div class=\"kksr-icon\" style=\"width: 24px; height: 24px;\"><\/div>\n        <\/div>\n    <\/div>\n<\/div>\n                \n\n<div class=\"kksr-legend\" style=\"font-size: 19.2px;\">\n            <span class=\"kksr-muted\">Ihre Bewertung ist f\u00fcr uns wichtig<\/span>\n    <\/div>\n    <\/div>\n<h3 class=\"\" data-start=\"280\" data-end=\"362\">Schl\u00fcsselanh\u00e4nger als Geschenkidee - eine originelle Wahl f\u00fcr Truck-Fans<\/h3>\n<p class=\"\" data-start=\"364\" data-end=\"680\">Ie\u0161kote prakti\u0161kos ir i\u0161skirtin\u0117s dovanos transporto entuziastui? <strong data-start=\"430\" data-end=\"464\">Rakt\u0173 pakabukai dovan\u0173 id\u0117joms<\/strong> yra puikus pasirinkimas, ypa\u010d kai kalbame apie unikal\u0173 sunkve\u017eimio formos pakabuk\u0105. \u0160is aksesuaras ne tik stilingai atrodo, bet ir turi funkcionali\u0105 vert\u0119 \u2013 saugo raktus vienoje vietoje ir i\u0161rei\u0161kia asmenin\u012f stili\u0173.<\/p>\n<hr class=\"\" data-start=\"682\" data-end=\"685\" \/>\n<h3 class=\"\" data-start=\"687\" data-end=\"729\">K\u0105 simbolizuoja sunkve\u017eimio pakabukas?<\/h3>\n<p class=\"\" data-start=\"731\" data-end=\"1056\">\u0160is metalinis pakabukas primena <strong data-start=\"763\" data-end=\"792\">vilkiko formos miniati\u016br\u0105<\/strong>, kuri patiks ne tik vairuotojams, bet ir visiems sunkve\u017eimi\u0173 gerb\u0117jams. Sunkve\u017eimio simbolis siejamas su galia, atsakomybe ir i\u0161tverme \u2013 savyb\u0117mis, kurios svarbios tiek kelyje, tiek gyvenime. D\u0117l to toks pakabukas \u2013 puiki dovana vairuotojui, kolegai ar artimajam.<\/p>\n<hr class=\"\" data-start=\"1058\" data-end=\"1061\" \/>\n<h3 class=\"\" data-start=\"1063\" data-end=\"1106\">Universalus aksesuaras \u2013 ne tik raktams<\/h3>\n<p class=\"\" data-start=\"1108\" data-end=\"1384\">\u0160is aksesuaras tinka ne tik automobili\u0173 raktams, bet ir kuprin\u0117ms, lagaminams ar net rankin\u0117ms. Pakabukas pagamintas i\u0161 metalo, tad yra patvarus ir atsparus nusid\u0117v\u0117jimui. Nedidelis dydis leid\u017eia patogiai ne\u0161ioti j\u012f kasdien, o blizgi sidabrin\u0117 spalva suteikia jam elegancijos.<\/p>\n<hr class=\"\" data-start=\"1386\" data-end=\"1389\" \/>\n<h3 class=\"\" data-start=\"1391\" data-end=\"1419\">I\u0161skirtin\u0117 dovanos id\u0117ja<\/h3>\n<p class=\"\" data-start=\"1421\" data-end=\"1657\">Jei ie\u0161kote dovanos gimtadieniui, Kal\u0117doms ar tiesiog norite nustebinti mylim\u0105 \u017emog\u0173 \u2013 \u0161is pakabukas puikiai tiks. <strong data-start=\"1536\" data-end=\"1570\">Rakt\u0173 pakabukai dovan\u0173 id\u0117joms<\/strong> visada yra prakti\u0161kas pasirinkimas, o \u0161io dizaino pakabukas su\u017eav\u0117s savo autenti\u0161kumu.<\/p>\n<p class=\"\" data-start=\"1659\" data-end=\"2098\">Per\u017ei\u016br\u0117kite m\u016bs\u0173 kitus <a class=\"cursor-pointer\" target=\"_new\" rel=\"noopener\" data-start=\"1683\" data-end=\"1778\">Autoschl\u00fcsselanh\u00e4nger<\/a> arba apsilankykite kategorijoje <a class=\"\" href=\"https:\/\/kabinam.lt\/de\/produktkategorie-2\/beliebteste-produktkategorie\/\" target=\"_new\" rel=\"noopener\" data-start=\"1811\" data-end=\"1909\">beliebteste Produkte<\/a>, kur rasite dar daugiau \u012fdomi\u0173 sprendim\u0173. Ie\u0161kantiems originalumo rekomenduojame u\u017esukti ir \u012f <a class=\"\" href=\"https:\/\/kabinam.lt\/de\/produktkategorie-2\/unikaliu-pakabuku-kategorija\/\" target=\"_new\" rel=\"noopener\" data-start=\"2004\" data-end=\"2090\">einzigartige Anh\u00e4nger<\/a> skyri\u0173.<\/p>\n<hr class=\"\" data-start=\"2100\" data-end=\"2103\" \/>\n<h3 class=\"\" data-start=\"2105\" data-end=\"2136\">Rekomenduoja ir vairuotojai<\/h3>\n<p class=\"\" data-start=\"2138\" data-end=\"2318\">Toks rakt\u0173 pakabukas da\u017enai pasirenkamas profesionali\u0173 sunkve\u017eimi\u0173 vairuotoj\u0173 ar tiesiog \u0161ios technikos entuziast\u0173. Jis gali b\u016bti ne tik aksesuaras, bet ir ma\u017eas talismanas kelyje.<\/p>\n<hr class=\"\" data-start=\"2320\" data-end=\"2323\" \/>\n<h3 class=\"\" data-start=\"2325\" data-end=\"2335\">Schlussfolgerung<\/h3>\n<p class=\"\" data-start=\"2337\" data-end=\"2576\">Apibendrinant, sunkve\u017eimio formos pakabukas \u2013 tai puikus pasirinkimas ie\u0161kantiems <strong data-start=\"2419\" data-end=\"2452\">rakt\u0173 pakabuko dovan\u0173 id\u0117joms<\/strong>. Patikimas, stilingas, prakti\u0161kas ir turintis simbolin\u0119 reik\u0161m\u0119, jis taps puikiu kasdieniu palydovu bet kuriam keliautojui.<\/p>\n<hr class=\"\" data-start=\"2578\" data-end=\"2581\" \/>\n<p class=\"\" data-start=\"2583\" data-end=\"2732\"><strong data-start=\"2583\" data-end=\"2603\">Externer Link:<\/strong> Su\u017einokite daugiau apie sunkve\u017eimi\u0173 simbolik\u0105 \u0161iame <a class=\"cursor-pointer\" target=\"_new\" rel=\"noopener\" data-start=\"2656\" data-end=\"2731\">straipsnyje apie vilkik\u0173 kult\u016br\u0105 Europoje<\/a>.<\/p>","protected":false},"excerpt":{"rendered":"<p>Sunkve\u017eimio dizaino metalinis rakt\u0173 pakabukas \u2013 puiki dovanos id\u0117ja bet kuriam transporto gerb\u0117jui.<\/p>","protected":false},"featured_media":2142,"comment_status":"closed","ping_status":"closed","template":"","meta":{"_uag_custom_page_level_css":"","site-sidebar-layout":"default","site-content-layout":"","ast-site-content-layout":"default","site-content-style":"default","site-sidebar-style":"default","ast-global-header-display":"","ast-banner-title-visibility":"","ast-main-header-display":"","ast-hfb-above-header-display":"","ast-hfb-below-header-display":"","ast-hfb-mobile-header-display":"","site-post-title":"","ast-breadcrumbs-content":"","ast-featured-img":"","footer-sml-layout":"","ast-disable-related-posts":"","theme-transparent-header-meta":"default","adv-header-id-meta":"","stick-header-meta":"","header-above-stick-meta":"","header-main-stick-meta":"","header-below-stick-meta":"","astra-migrate-meta-layouts":"set","ast-page-background-enabled":"default","ast-page-background-meta":{"desktop":{"background-color":"var(--ast-global-color-4)","background-image":"","background-repeat":"repeat","background-position":"center center","background-size":"auto","background-attachment":"scroll","background-type":"","background-media":"","overlay-type":"","overlay-color":"","overlay-opacity":"","overlay-gradient":""},"tablet":{"background-color":"","background-image":"","background-repeat":"repeat","background-position":"center center","background-size":"auto","background-attachment":"scroll","background-type":"","background-media":"","overlay-type":"","overlay-color":"","overlay-opacity":"","overlay-gradient":""},"mobile":{"background-color":"","background-image":"","background-repeat":"repeat","background-position":"center center","background-size":"auto","background-attachment":"scroll","background-type":"","background-media":"","overlay-type":"","overlay-color":"","overlay-opacity":"","overlay-gradient":""}},"ast-content-background-meta":{"desktop":{"background-color":"var(--ast-global-color-5)","background-image":"","background-repeat":"repeat","background-position":"center center","background-size":"auto","background-attachment":"scroll","background-type":"","background-media":"","overlay-type":"","overlay-color":"","overlay-opacity":"","overlay-gradient":""},"tablet":{"background-color":"var(--ast-global-color-5)","background-image":"","background-repeat":"repeat","background-position":"center center","background-size":"auto","background-attachment":"scroll","background-type":"","background-media":"","overlay-type":"","overlay-color":"","overlay-opacity":"","overlay-gradient":""},"mobile":{"background-color":"var(--ast-global-color-5)","background-image":"","background-repeat":"repeat","background-position":"center center","background-size":"auto","background-attachment":"scroll","background-type":"","background-media":"","overlay-type":"","overlay-color":"","overlay-opacity":"","overlay-gradient":""}}},"product_brand":[],"product_cat":[125,126,22,116,118],"product_tag":[],"class_list":{"0":"post-2137","1":"product","2":"type-product","3":"status-publish","4":"has-post-thumbnail","6":"product_cat-halloween","7":"product_cat-visi","8":"product_cat-automobiliu-raktu-pakabukai","9":"product_cat-metaliniai-raktu-pakabukai","10":"product_cat-dovana-teciui","11":"desktop-align-center","12":"tablet-align-left","13":"mobile-align-left","15":"first","16":"outofstock","17":"shipping-taxable","18":"purchasable","19":"product-type-simple"},"yoast_head":"<!-- This site is optimized with the Yoast SEO plugin v27.1.1 - https:\/\/yoast.com\/product\/yoast-seo-wordpress\/ -->\n<title>Rakt\u0173 pakabukai dovan\u0173 id\u0117joms \u2013 originalus pasirinkimas sunkve\u017eimi\u0173 gerb\u0117jams<\/title>\n<meta name=\"description\" content=\"Stilingi rakt\u0173 pakabukai dovan\u0173 id\u0117joms. Sunkve\u017eimio formos pakabukas \u2013 originalus ir prakti\u0161kas sprendimas.\" \/>\n<meta name=\"robots\" content=\"index, follow, max-snippet:-1, max-image-preview:large, max-video-preview:-1\" \/>\n<link rel=\"canonical\" href=\"https:\/\/kabinam.lt\/de\/produkt\/raktu-pakabukai-dovanu-idejoms\/\" \/>\n<meta property=\"og:locale\" content=\"de_DE\" \/>\n<meta property=\"og:type\" content=\"article\" \/>\n<meta property=\"og:title\" content=\"Rakt\u0173 pakabukai dovan\u0173 id\u0117joms \u2013 originalus pasirinkimas sunkve\u017eimi\u0173 gerb\u0117jams\" \/>\n<meta property=\"og:description\" content=\"Stilingi rakt\u0173 pakabukai dovan\u0173 id\u0117joms. Sunkve\u017eimio formos pakabukas \u2013 originalus ir prakti\u0161kas sprendimas.\" \/>\n<meta property=\"og:url\" content=\"https:\/\/kabinam.lt\/de\/produkt\/raktu-pakabukai-dovanu-idejoms\/\" \/>\n<meta property=\"og:site_name\" content=\"kabinam.lt\" \/>\n<meta property=\"article:modified_time\" content=\"2026-03-02T15:31:39+00:00\" \/>\n<meta property=\"og:image\" content=\"https:\/\/kabinam.lt\/wp-content\/uploads\/2024\/07\/1683214157412-7299e21642704af3902cbb2aef99eefc-goods.jpeg\" \/>\n\t<meta property=\"og:image:width\" content=\"800\" \/>\n\t<meta property=\"og:image:height\" content=\"800\" \/>\n\t<meta property=\"og:image:type\" content=\"image\/jpeg\" \/>\n<meta name=\"twitter:card\" content=\"summary_large_image\" \/>\n<meta name=\"twitter:label1\" content=\"Gesch\u00e4tzte Lesezeit\" \/>\n\t<meta name=\"twitter:data1\" content=\"2\u00a0Minuten\" \/>\n<script type=\"application\/ld+json\" class=\"yoast-schema-graph\">{\"@context\":\"https:\/\/schema.org\",\"@graph\":[{\"@type\":[\"WebPage\",\"ItemPage\"],\"@id\":\"https:\/\/kabinam.lt\/eng\/product\/raktu-pakabukai-dovanu-idejoms\/\",\"url\":\"https:\/\/kabinam.lt\/eng\/product\/raktu-pakabukai-dovanu-idejoms\/\",\"name\":\"Rakt\u0173 pakabukai dovan\u0173 id\u0117joms \u2013 originalus pasirinkimas sunkve\u017eimi\u0173 gerb\u0117jams\",\"isPartOf\":{\"@id\":\"https:\/\/kabinam.lt\/#website\"},\"primaryImageOfPage\":{\"@id\":\"https:\/\/kabinam.lt\/eng\/product\/raktu-pakabukai-dovanu-idejoms\/#primaryimage\"},\"image\":{\"@id\":\"https:\/\/kabinam.lt\/eng\/product\/raktu-pakabukai-dovanu-idejoms\/#primaryimage\"},\"thumbnailUrl\":\"https:\/\/kabinam.lt\/wp-content\/uploads\/2024\/07\/1683214157412-7299e21642704af3902cbb2aef99eefc-goods.jpeg\",\"datePublished\":\"2024-07-29T12:05:43+00:00\",\"dateModified\":\"2026-03-02T15:31:39+00:00\",\"description\":\"Stilingi rakt\u0173 pakabukai dovan\u0173 id\u0117joms. Sunkve\u017eimio formos pakabukas \u2013 originalus ir prakti\u0161kas sprendimas.\",\"breadcrumb\":{\"@id\":\"https:\/\/kabinam.lt\/eng\/product\/raktu-pakabukai-dovanu-idejoms\/#breadcrumb\"},\"inLanguage\":\"de\",\"potentialAction\":[{\"@type\":\"ReadAction\",\"target\":[\"https:\/\/kabinam.lt\/eng\/product\/raktu-pakabukai-dovanu-idejoms\/\"]}]},{\"@type\":\"ImageObject\",\"inLanguage\":\"de\",\"@id\":\"https:\/\/kabinam.lt\/eng\/product\/raktu-pakabukai-dovanu-idejoms\/#primaryimage\",\"url\":\"https:\/\/kabinam.lt\/wp-content\/uploads\/2024\/07\/1683214157412-7299e21642704af3902cbb2aef99eefc-goods.jpeg\",\"contentUrl\":\"https:\/\/kabinam.lt\/wp-content\/uploads\/2024\/07\/1683214157412-7299e21642704af3902cbb2aef99eefc-goods.jpeg\",\"width\":800,\"height\":800,\"caption\":\"Sunkve\u017eimio dizaino rakt\u0173 pakabukas\"},{\"@type\":\"BreadcrumbList\",\"@id\":\"https:\/\/kabinam.lt\/eng\/product\/raktu-pakabukai-dovanu-idejoms\/#breadcrumb\",\"itemListElement\":[{\"@type\":\"ListItem\",\"position\":1,\"name\":\"Home\",\"item\":\"https:\/\/kabinam.lt\/\"},{\"@type\":\"ListItem\",\"position\":2,\"name\":\"Visi Produktai\",\"item\":\"https:\/\/kabinam.lt\/visi-produktai\/\"},{\"@type\":\"ListItem\",\"position\":3,\"name\":\"Rakt\u0173 pakabukai dovan\u0173 id\u0117joms \u2013 originalus pasirinkimas sunkve\u017eimi\u0173 gerb\u0117jams\"}]},{\"@type\":\"WebSite\",\"@id\":\"https:\/\/kabinam.lt\/#website\",\"url\":\"https:\/\/kabinam.lt\/\",\"name\":\"kabinam.lt\",\"description\":\"Kabinam.lt \u2013 raktu pakabukai ir aksesuarai\",\"publisher\":{\"@id\":\"https:\/\/kabinam.lt\/#organization\"},\"alternateName\":\"pakabukai lt\",\"potentialAction\":[{\"@type\":\"SearchAction\",\"target\":{\"@type\":\"EntryPoint\",\"urlTemplate\":\"https:\/\/kabinam.lt\/?s={search_term_string}\"},\"query-input\":{\"@type\":\"PropertyValueSpecification\",\"valueRequired\":true,\"valueName\":\"search_term_string\"}}],\"inLanguage\":\"de\"},{\"@type\":\"Organization\",\"@id\":\"https:\/\/kabinam.lt\/#organization\",\"name\":\"kabinam.lt\",\"alternateName\":\"kabinam\",\"url\":\"https:\/\/kabinam.lt\/\",\"logo\":{\"@type\":\"ImageObject\",\"inLanguage\":\"de\",\"@id\":\"https:\/\/kabinam.lt\/#\/schema\/logo\/image\/\",\"url\":\"https:\/\/kabinam.lt\/wp-content\/uploads\/2025\/05\/KABINAM_outer_glow.png\",\"contentUrl\":\"https:\/\/kabinam.lt\/wp-content\/uploads\/2025\/05\/KABINAM_outer_glow.png\",\"width\":474,\"height\":141,\"caption\":\"kabinam.lt\"},\"image\":{\"@id\":\"https:\/\/kabinam.lt\/#\/schema\/logo\/image\/\"}}]}<\/script>\n<!-- \/ Yoast SEO plugin. -->","yoast_head_json":{"title":"Schl\u00fcsselanh\u00e4nger als Geschenkidee - eine originelle Wahl f\u00fcr Truck-Fans","description":"Stilvolle Schl\u00fcsselanh\u00e4nger als Geschenkideen. Anh\u00e4nger in Lastwagenform \u2013 eine originelle und praktische L\u00f6sung.","robots":{"index":"index","follow":"follow","max-snippet":"max-snippet:-1","max-image-preview":"max-image-preview:large","max-video-preview":"max-video-preview:-1"},"canonical":"https:\/\/kabinam.lt\/de\/produkt\/raktu-pakabukai-dovanu-idejoms\/","og_locale":"de_DE","og_type":"article","og_title":"Rakt\u0173 pakabukai dovan\u0173 id\u0117joms \u2013 originalus pasirinkimas sunkve\u017eimi\u0173 gerb\u0117jams","og_description":"Stilingi rakt\u0173 pakabukai dovan\u0173 id\u0117joms. Sunkve\u017eimio formos pakabukas \u2013 originalus ir prakti\u0161kas sprendimas.","og_url":"https:\/\/kabinam.lt\/de\/produkt\/raktu-pakabukai-dovanu-idejoms\/","og_site_name":"kabinam.lt","article_modified_time":"2026-03-02T15:31:39+00:00","og_image":[{"width":800,"height":800,"url":"https:\/\/kabinam.lt\/wp-content\/uploads\/2024\/07\/1683214157412-7299e21642704af3902cbb2aef99eefc-goods.jpeg","type":"image\/jpeg"}],"twitter_card":"summary_large_image","twitter_misc":{"Gesch\u00e4tzte Lesezeit":"2\u00a0Minuten"},"schema":{"@context":"https:\/\/schema.org","@graph":[{"@type":["WebPage","ItemPage"],"@id":"https:\/\/kabinam.lt\/eng\/product\/raktu-pakabukai-dovanu-idejoms\/","url":"https:\/\/kabinam.lt\/eng\/product\/raktu-pakabukai-dovanu-idejoms\/","name":"Schl\u00fcsselanh\u00e4nger als Geschenkidee - eine originelle Wahl f\u00fcr Truck-Fans","isPartOf":{"@id":"https:\/\/kabinam.lt\/#website"},"primaryImageOfPage":{"@id":"https:\/\/kabinam.lt\/eng\/product\/raktu-pakabukai-dovanu-idejoms\/#primaryimage"},"image":{"@id":"https:\/\/kabinam.lt\/eng\/product\/raktu-pakabukai-dovanu-idejoms\/#primaryimage"},"thumbnailUrl":"https:\/\/kabinam.lt\/wp-content\/uploads\/2024\/07\/1683214157412-7299e21642704af3902cbb2aef99eefc-goods.jpeg","datePublished":"2024-07-29T12:05:43+00:00","dateModified":"2026-03-02T15:31:39+00:00","description":"Stilvolle Schl\u00fcsselanh\u00e4nger als Geschenkideen. Anh\u00e4nger in Lastwagenform \u2013 eine originelle und praktische L\u00f6sung.","breadcrumb":{"@id":"https:\/\/kabinam.lt\/eng\/product\/raktu-pakabukai-dovanu-idejoms\/#breadcrumb"},"inLanguage":"de","potentialAction":[{"@type":"ReadAction","target":["https:\/\/kabinam.lt\/eng\/product\/raktu-pakabukai-dovanu-idejoms\/"]}]},{"@type":"ImageObject","inLanguage":"de","@id":"https:\/\/kabinam.lt\/eng\/product\/raktu-pakabukai-dovanu-idejoms\/#primaryimage","url":"https:\/\/kabinam.lt\/wp-content\/uploads\/2024\/07\/1683214157412-7299e21642704af3902cbb2aef99eefc-goods.jpeg","contentUrl":"https:\/\/kabinam.lt\/wp-content\/uploads\/2024\/07\/1683214157412-7299e21642704af3902cbb2aef99eefc-goods.jpeg","width":800,"height":800,"caption":"Sunkve\u017eimio dizaino rakt\u0173 pakabukas"},{"@type":"BreadcrumbList","@id":"https:\/\/kabinam.lt\/eng\/product\/raktu-pakabukai-dovanu-idejoms\/#breadcrumb","itemListElement":[{"@type":"ListItem","position":1,"name":"Home","item":"https:\/\/kabinam.lt\/"},{"@type":"ListItem","position":2,"name":"Visi Produktai","item":"https:\/\/kabinam.lt\/visi-produktai\/"},{"@type":"ListItem","position":3,"name":"Rakt\u0173 pakabukai dovan\u0173 id\u0117joms \u2013 originalus pasirinkimas sunkve\u017eimi\u0173 gerb\u0117jams"}]},{"@type":"WebSite","@id":"https:\/\/kabinam.lt\/#website","url":"https:\/\/kabinam.lt\/","name":"kabinam.lt","description":"Kabinam.lt - Schl\u00fcsselanh\u00e4nger und Zubeh\u00f6r","publisher":{"@id":"https:\/\/kabinam.lt\/#organization"},"alternateName":"pakabukai lt","potentialAction":[{"@type":"SearchAction","target":{"@type":"EntryPoint","urlTemplate":"https:\/\/kabinam.lt\/?s={search_term_string}"},"query-input":{"@type":"PropertyValueSpecification","valueRequired":true,"valueName":"search_term_string"}}],"inLanguage":"de"},{"@type":"Organization","@id":"https:\/\/kabinam.lt\/#organization","name":"kabinam.lt","alternateName":"kabinam","url":"https:\/\/kabinam.lt\/","logo":{"@type":"ImageObject","inLanguage":"de","@id":"https:\/\/kabinam.lt\/#\/schema\/logo\/image\/","url":"https:\/\/kabinam.lt\/wp-content\/uploads\/2025\/05\/KABINAM_outer_glow.png","contentUrl":"https:\/\/kabinam.lt\/wp-content\/uploads\/2025\/05\/KABINAM_outer_glow.png","width":474,"height":141,"caption":"kabinam.lt"},"image":{"@id":"https:\/\/kabinam.lt\/#\/schema\/logo\/image\/"}}]}},"uagb_featured_image_src":{"full":["https:\/\/kabinam.lt\/wp-content\/uploads\/2024\/07\/1683214157412-7299e21642704af3902cbb2aef99eefc-goods.jpeg",800,800,false],"thumbnail":["https:\/\/kabinam.lt\/wp-content\/uploads\/2024\/07\/1683214157412-7299e21642704af3902cbb2aef99eefc-goods-150x150.jpeg",150,150,true],"medium":["https:\/\/kabinam.lt\/wp-content\/uploads\/2024\/07\/1683214157412-7299e21642704af3902cbb2aef99eefc-goods-300x300.jpeg",300,300,true],"medium_large":["https:\/\/kabinam.lt\/wp-content\/uploads\/2024\/07\/1683214157412-7299e21642704af3902cbb2aef99eefc-goods-768x768.jpeg",768,768,true],"large":["https:\/\/kabinam.lt\/wp-content\/uploads\/2024\/07\/1683214157412-7299e21642704af3902cbb2aef99eefc-goods.jpeg",800,800,false],"1536x1536":["https:\/\/kabinam.lt\/wp-content\/uploads\/2024\/07\/1683214157412-7299e21642704af3902cbb2aef99eefc-goods.jpeg",800,800,false],"2048x2048":["https:\/\/kabinam.lt\/wp-content\/uploads\/2024\/07\/1683214157412-7299e21642704af3902cbb2aef99eefc-goods.jpeg",800,800,false],"trp-custom-language-flag":["https:\/\/kabinam.lt\/wp-content\/uploads\/2024\/07\/1683214157412-7299e21642704af3902cbb2aef99eefc-goods.jpeg",12,12,false],"woocommerce_thumbnail":["https:\/\/kabinam.lt\/wp-content\/uploads\/2024\/07\/1683214157412-7299e21642704af3902cbb2aef99eefc-goods-300x300.jpeg",300,300,true],"woocommerce_single":["https:\/\/kabinam.lt\/wp-content\/uploads\/2024\/07\/1683214157412-7299e21642704af3902cbb2aef99eefc-goods-600x600.jpeg",600,600,true],"woocommerce_gallery_thumbnail":["https:\/\/kabinam.lt\/wp-content\/uploads\/2024\/07\/1683214157412-7299e21642704af3902cbb2aef99eefc-goods-100x100.jpeg",100,100,true]},"uagb_author_info":{"display_name":"kabinam.lt","author_link":"https:\/\/kabinam.lt\/de\/author\/"},"uagb_comment_info":0,"uagb_excerpt":"Sunkve\u017eimio dizaino metalinis rakt\u0173 pakabukas \u2013 puiki dovanos id\u0117ja bet kuriam transporto gerb\u0117jui.","_links":{"self":[{"href":"https:\/\/kabinam.lt\/de\/wp-json\/wp\/v2\/product\/2137","targetHints":{"allow":["GET"]}}],"collection":[{"href":"https:\/\/kabinam.lt\/de\/wp-json\/wp\/v2\/product"}],"about":[{"href":"https:\/\/kabinam.lt\/de\/wp-json\/wp\/v2\/types\/product"}],"replies":[{"embeddable":true,"href":"https:\/\/kabinam.lt\/de\/wp-json\/wp\/v2\/comments?post=2137"}],"wp:featuredmedia":[{"embeddable":true,"href":"https:\/\/kabinam.lt\/de\/wp-json\/wp\/v2\/media\/2142"}],"wp:attachment":[{"href":"https:\/\/kabinam.lt\/de\/wp-json\/wp\/v2\/media?parent=2137"}],"wp:term":[{"taxonomy":"product_brand","embeddable":true,"href":"https:\/\/kabinam.lt\/de\/wp-json\/wp\/v2\/product_brand?post=2137"},{"taxonomy":"product_cat","embeddable":true,"href":"https:\/\/kabinam.lt\/de\/wp-json\/wp\/v2\/product_cat?post=2137"},{"taxonomy":"product_tag","embeddable":true,"href":"https:\/\/kabinam.lt\/de\/wp-json\/wp\/v2\/product_tag?post=2137"}],"curies":[{"name":"wp","href":"https:\/\/api.w.org\/{rel}","templated":true}]}}