{"id":2040,"date":"2024-07-20T08:56:16","date_gmt":"2024-07-20T05:56:16","guid":{"rendered":"https:\/\/kabinam.lt\/?post_type=product&#038;p=2040"},"modified":"2026-01-03T18:55:47","modified_gmt":"2026-01-03T16:55:47","slug":"thor-hammer-bronzinis-buteliu-atidarytuvo-pakabukas","status":"publish","type":"product","link":"https:\/\/kabinam.lt\/de\/product\/thor-hammer-bronzinis-buteliu-atidarytuvo-pakabukas\/","title":{"rendered":"Thor Hammer Bronze Flaschen\u00f6ffner-Anh\u00e4nger"},"content":{"rendered":"<div class=\"kk-star-ratings kksr-auto kksr-align-left kksr-valign-top\"\n    data-payload='{&quot;align&quot;:&quot;left&quot;,&quot;id&quot;:&quot;2040&quot;,&quot;slug&quot;:&quot;default&quot;,&quot;valign&quot;:&quot;top&quot;,&quot;ignore&quot;:&quot;&quot;,&quot;reference&quot;:&quot;auto&quot;,&quot;class&quot;:&quot;&quot;,&quot;count&quot;:&quot;0&quot;,&quot;legendonly&quot;:&quot;&quot;,&quot;readonly&quot;:&quot;&quot;,&quot;score&quot;:&quot;0&quot;,&quot;starsonly&quot;:&quot;&quot;,&quot;best&quot;:&quot;5&quot;,&quot;gap&quot;:&quot;5&quot;,&quot;greet&quot;:&quot;Mums svarbus j\u016bs\u0173 \u012fvertinimas&quot;,&quot;legend&quot;:&quot;0\\\/5 - (0 votes)&quot;,&quot;size&quot;:&quot;24&quot;,&quot;title&quot;:&quot;Thor Hammer bronzinis buteli\u0173 atidarytuvo pakabukas&quot;,&quot;width&quot;:&quot;0&quot;,&quot;_legend&quot;:&quot;{score}\\\/{best} - ({count} {votes})&quot;,&quot;font_factor&quot;:&quot;1.25&quot;}'>\n            \n<div class=\"kksr-stars\">\n    \n<div class=\"kksr-stars-inactive\">\n            <div class=\"kksr-star\" data-star=\"1\" style=\"padding-right: 5px\">\n            \n\n<div class=\"kksr-icon\" style=\"width: 24px; height: 24px;\"><\/div>\n        <\/div>\n            <div class=\"kksr-star\" data-star=\"2\" style=\"padding-right: 5px\">\n            \n\n<div class=\"kksr-icon\" style=\"width: 24px; height: 24px;\"><\/div>\n        <\/div>\n            <div class=\"kksr-star\" data-star=\"3\" style=\"padding-right: 5px\">\n            \n\n<div class=\"kksr-icon\" style=\"width: 24px; height: 24px;\"><\/div>\n        <\/div>\n            <div class=\"kksr-star\" data-star=\"4\" style=\"padding-right: 5px\">\n            \n\n<div class=\"kksr-icon\" style=\"width: 24px; height: 24px;\"><\/div>\n        <\/div>\n            <div class=\"kksr-star\" data-star=\"5\" style=\"padding-right: 5px\">\n            \n\n<div class=\"kksr-icon\" style=\"width: 24px; height: 24px;\"><\/div>\n        <\/div>\n    <\/div>\n    \n<div class=\"kksr-stars-active\" style=\"width: 0px;\">\n            <div class=\"kksr-star\" style=\"padding-right: 5px\">\n            \n\n<div class=\"kksr-icon\" style=\"width: 24px; height: 24px;\"><\/div>\n        <\/div>\n            <div class=\"kksr-star\" style=\"padding-right: 5px\">\n            \n\n<div class=\"kksr-icon\" style=\"width: 24px; height: 24px;\"><\/div>\n        <\/div>\n            <div class=\"kksr-star\" style=\"padding-right: 5px\">\n            \n\n<div class=\"kksr-icon\" style=\"width: 24px; height: 24px;\"><\/div>\n        <\/div>\n            <div class=\"kksr-star\" style=\"padding-right: 5px\">\n            \n\n<div class=\"kksr-icon\" style=\"width: 24px; height: 24px;\"><\/div>\n        <\/div>\n            <div class=\"kksr-star\" style=\"padding-right: 5px\">\n            \n\n<div class=\"kksr-icon\" style=\"width: 24px; height: 24px;\"><\/div>\n        <\/div>\n    <\/div>\n<\/div>\n                \n\n<div class=\"kksr-legend\" style=\"font-size: 19.2px;\">\n            <span class=\"kksr-muted\">Ihre Bewertung ist f\u00fcr uns wichtig<\/span>\n    <\/div>\n    <\/div>\n<h2 class=\"\" data-start=\"140\" data-end=\"227\">Thor Hammer bronzinis buteli\u0173 atidarytuvo pakabukas \u2013 stilingas aksesuaras kasdienai<\/h2>\n<p class=\"\" data-start=\"229\" data-end=\"491\"><strong data-start=\"229\" data-end=\"284\">Thor Hammer bronzinis buteli\u0173 atidarytuvas<\/strong> \u2013 idealus pasirinkimas tiems, kurie vertina originalius ir funkcionalius aksesuarus. \u0160is pakabukas su Marvel visatos simboliu Thor Hammer ne tik puo\u0161 j\u016bs\u0173 rakt\u0173 ry\u0161ul\u012f, bet ir pravers kasdien\u0117je veikloje.<\/p>\n<p class=\"\" data-start=\"493\" data-end=\"765\">Pakabukas pagamintas i\u0161 auk\u0161tos kokyb\u0117s metalo su bronziniu padengimu. Jo dizainas primena mitin\u012f k\u016bj\u012f, simbolizuojant\u012f stipryb\u0119 ir i\u0161tverm\u0119. Ie\u0161kote daugiau pana\u0161i\u0173 aksesuar\u0173? Per\u017ei\u016br\u0117kite m\u016bs\u0173 <a class=\"cursor-pointer\" target=\"_new\" rel=\"noopener\" data-start=\"688\" data-end=\"764\">metalo pakabuk\u0173 kolekcij\u0105<\/a>.<\/p>\n<h2 class=\"\" data-start=\"767\" data-end=\"817\">Thor Hammer \u2013 stiliaus ir funkcionalumo derinys<\/h2>\n<p class=\"\" data-start=\"819\" data-end=\"1015\"><strong data-start=\"819\" data-end=\"874\">Thor Hammer bronzinis rakt\u0173 pakabukas<\/strong> ne tik gra\u017eiai atrodo, bet ir pasi\u017eymi prakti\u0161kumu. Integruotas buteli\u0173 atidarytuvas leid\u017eia lengvai ir greitai atidaryti bet kok\u012f butel\u012f.<\/p>\n<p class=\"\" data-start=\"1017\" data-end=\"1261\">\u0160is aksesuaras puikiai dera prie kit\u0173 <a class=\"cursor-pointer\" target=\"_new\" rel=\"noopener\" data-start=\"1055\" data-end=\"1149\">automobili\u0173 rakt\u0173 pakabuk\u0173<\/a> ar motocikl\u0173 aksesuar\u0173. Bronzin\u0117 spalva suteikia elegancijos, tod\u0117l pakabukas tinka tiek vyrams, tiek moterims.<\/p>\n<h2 class=\"\" data-start=\"1263\" data-end=\"1298\">Kam tinka Thor Hammer pakabukas?<\/h2>\n<p class=\"\" data-start=\"1300\" data-end=\"1441\">Thor Hammer bronzinis buteli\u0173 atidarytuvo pakabukas tiks tiek film\u0173 m\u0117g\u0117jams, tiek tiems, kurie vertina kokybi\u0161kus ir patvarius aksesuarus.<\/p>\n<p class=\"\" data-start=\"1443\" data-end=\"1698\">Ie\u0161kote dovanos artimajam? \u0160is pakabukas \u2013 puiki dovanos id\u0117ja gimtadieniams, \u0161vent\u0117ms ar ypatingoms progoms. Daugiau dovan\u0173 id\u0117j\u0173 rasite m\u016bs\u0173 <a class=\"\" href=\"https:\/\/kabinam.lt\/de\/produktkategorie-2\/beliebteste-produktkategorie\/\" target=\"_new\" rel=\"noopener\" data-start=\"1586\" data-end=\"1697\">populiariausi\u0173 produkt\u0173 kategorijoje<\/a>.<\/p>\n<h2 class=\"\" data-start=\"1700\" data-end=\"1735\">Thor Hammer reik\u0161m\u0117 ir simbolika<\/h2>\n<p class=\"\" data-start=\"1737\" data-end=\"1878\">Thor Hammer \u2013 tai ne tik Marvel superheroj\u0173 atributas. Tai senov\u0117s skandinav\u0173 mitologijos simbolis, rei\u0161kiantis apsaug\u0105, gali\u0105 ir i\u0161tverm\u0119.<\/p>\n<p class=\"\" data-start=\"1880\" data-end=\"2031\">Jei norite su\u017einoti daugiau apie Thor Hammer istorij\u0105 ir reik\u0161m\u0119, rekomenduojame <a class=\"\" href=\"https:\/\/www.britannica.com\/topic\/Thor-Norse-mythology\" target=\"_new\" rel=\"noopener\" data-start=\"1961\" data-end=\"2030\">skaityti \u010dia<\/a>.<\/p>\n<h2 class=\"\" data-start=\"2033\" data-end=\"2055\">Pagrindin\u0117s savyb\u0117s<\/h2>\n<ul data-start=\"2057\" data-end=\"2294\">\n<li class=\"\" data-start=\"2057\" data-end=\"2101\">\n<p class=\"\" data-start=\"2059\" data-end=\"2101\">Patvarus metalas su bronziniu padengimu.<\/p>\n<\/li>\n<li class=\"\" data-start=\"2102\" data-end=\"2140\">\n<p class=\"\" data-start=\"2104\" data-end=\"2140\">Funkcionalus buteli\u0173 atidarytuvas.<\/p>\n<\/li>\n<li class=\"\" data-start=\"2141\" data-end=\"2175\">\n<p class=\"\" data-start=\"2143\" data-end=\"2175\">Unikalus Thor Hammer dizainas.<\/p>\n<\/li>\n<li class=\"\" data-start=\"2176\" data-end=\"2211\">\n<p class=\"\" data-start=\"2178\" data-end=\"2211\">Puiki dovana bet kokiai progai.<\/p>\n<\/li>\n<li class=\"\" data-start=\"2212\" data-end=\"2249\">\n<p class=\"\" data-start=\"2214\" data-end=\"2249\">Tinka tiek vyrams, tiek moterims.<\/p>\n<\/li>\n<li class=\"\" data-start=\"2250\" data-end=\"2294\">\n<p class=\"\" data-start=\"2252\" data-end=\"2294\">Stilingas aksesuaras raktams ar kuprin\u0117ms.<\/p>\n<\/li>\n<\/ul>\n<p class=\"\" data-start=\"2296\" data-end=\"2457\">Ie\u0161kote dar daugiau originali\u0173 sprendim\u0173? Apsilankykite m\u016bs\u0173 <a class=\"\" href=\"https:\/\/kabinam.lt\/de\/produktkategorie-2\/unikaliu-pakabuku-kategorija\/\" target=\"_new\" rel=\"noopener\" data-start=\"2357\" data-end=\"2456\">in der Kategorie einzigartige Anh\u00e4nger<\/a>.<\/p>","protected":false},"excerpt":{"rendered":"<p>Thor Hammer bronzinis buteli\u0173 atidarytuvo pakabukas \u2013 stilingas, patvarus ir prakti\u0161kas aksesuaras kiekvienam rakt\u0173 ry\u0161uliui.<\/p>","protected":false},"featured_media":2041,"comment_status":"closed","ping_status":"closed","template":"","meta":{"_uag_custom_page_level_css":"","site-sidebar-layout":"default","site-content-layout":"","ast-site-content-layout":"default","site-content-style":"default","site-sidebar-style":"default","ast-global-header-display":"","ast-banner-title-visibility":"","ast-main-header-display":"","ast-hfb-above-header-display":"","ast-hfb-below-header-display":"","ast-hfb-mobile-header-display":"","site-post-title":"","ast-breadcrumbs-content":"","ast-featured-img":"","footer-sml-layout":"","ast-disable-related-posts":"","theme-transparent-header-meta":"default","adv-header-id-meta":"","stick-header-meta":"","header-above-stick-meta":"","header-main-stick-meta":"","header-below-stick-meta":"","astra-migrate-meta-layouts":"set","ast-page-background-enabled":"default","ast-page-background-meta":{"desktop":{"background-color":"var(--ast-global-color-4)","background-image":"","background-repeat":"repeat","background-position":"center center","background-size":"auto","background-attachment":"scroll","background-type":"","background-media":"","overlay-type":"","overlay-color":"","overlay-opacity":"","overlay-gradient":""},"tablet":{"background-color":"","background-image":"","background-repeat":"repeat","background-position":"center center","background-size":"auto","background-attachment":"scroll","background-type":"","background-media":"","overlay-type":"","overlay-color":"","overlay-opacity":"","overlay-gradient":""},"mobile":{"background-color":"","background-image":"","background-repeat":"repeat","background-position":"center center","background-size":"auto","background-attachment":"scroll","background-type":"","background-media":"","overlay-type":"","overlay-color":"","overlay-opacity":"","overlay-gradient":""}},"ast-content-background-meta":{"desktop":{"background-color":"var(--ast-global-color-5)","background-image":"","background-repeat":"repeat","background-position":"center center","background-size":"auto","background-attachment":"scroll","background-type":"","background-media":"","overlay-type":"","overlay-color":"","overlay-opacity":"","overlay-gradient":""},"tablet":{"background-color":"var(--ast-global-color-5)","background-image":"","background-repeat":"repeat","background-position":"center center","background-size":"auto","background-attachment":"scroll","background-type":"","background-media":"","overlay-type":"","overlay-color":"","overlay-opacity":"","overlay-gradient":""},"mobile":{"background-color":"var(--ast-global-color-5)","background-image":"","background-repeat":"repeat","background-position":"center center","background-size":"auto","background-attachment":"scroll","background-type":"","background-media":"","overlay-type":"","overlay-color":"","overlay-opacity":"","overlay-gradient":""}}},"product_brand":[],"product_cat":[125,126,116,95,118,92],"product_tag":[],"class_list":{"0":"post-2040","1":"product","2":"type-product","3":"status-publish","4":"has-post-thumbnail","6":"product_cat-halloween","7":"product_cat-visi","8":"product_cat-metaliniai-raktu-pakabukai","9":"product_cat-unikalus-raktu-pakabukai","10":"product_cat-dovana-teciui","11":"product_cat-populiariausiu-produktu-kategorija","12":"desktop-align-center","13":"tablet-align-left","14":"mobile-align-left","16":"first","17":"instock","18":"shipping-taxable","19":"purchasable","20":"product-type-simple"},"yoast_head":"<!-- This site is optimized with the Yoast SEO plugin v27.1.1 - https:\/\/yoast.com\/product\/yoast-seo-wordpress\/ -->\n<title>Thor Hammer bronzinis buteli\u0173 atidarytuvo pakabukas - kabinam.lt<\/title>\n<meta name=\"description\" content=\"Thor Hammer bronzinis buteli\u0173 atidarytuvo pakabukas \u2013 stilingas ir funkcionalus aksesuaras kasdieniam naudojimui ar dovanai.\" \/>\n<meta name=\"robots\" content=\"index, follow, max-snippet:-1, max-image-preview:large, max-video-preview:-1\" \/>\n<link rel=\"canonical\" href=\"https:\/\/kabinam.lt\/de\/produkt\/thor-hammer-bronzinis-buteliu-atidarytuvo-pakabukas\/\" \/>\n<meta property=\"og:locale\" content=\"de_DE\" \/>\n<meta property=\"og:type\" content=\"article\" \/>\n<meta property=\"og:title\" content=\"Thor Hammer bronzinis buteli\u0173 atidarytuvo pakabukas - kabinam.lt\" \/>\n<meta property=\"og:description\" content=\"Thor Hammer bronzinis buteli\u0173 atidarytuvo pakabukas \u2013 stilingas ir funkcionalus aksesuaras kasdieniam naudojimui ar dovanai.\" \/>\n<meta property=\"og:url\" content=\"https:\/\/kabinam.lt\/de\/produkt\/thor-hammer-bronzinis-buteliu-atidarytuvo-pakabukas\/\" \/>\n<meta property=\"og:site_name\" content=\"kabinam.lt\" \/>\n<meta property=\"article:modified_time\" content=\"2026-01-03T16:55:47+00:00\" \/>\n<meta property=\"og:image\" content=\"https:\/\/kabinam.lt\/wp-content\/uploads\/2024\/07\/Kujis.jpg\" \/>\n\t<meta property=\"og:image:width\" content=\"800\" \/>\n\t<meta property=\"og:image:height\" content=\"800\" \/>\n\t<meta property=\"og:image:type\" content=\"image\/jpeg\" \/>\n<meta name=\"twitter:card\" content=\"summary_large_image\" \/>\n<meta name=\"twitter:label1\" content=\"Gesch\u00e4tzte Lesezeit\" \/>\n\t<meta name=\"twitter:data1\" content=\"2\u00a0Minuten\" \/>\n<script type=\"application\/ld+json\" class=\"yoast-schema-graph\">{\"@context\":\"https:\/\/schema.org\",\"@graph\":[{\"@type\":[\"WebPage\",\"ItemPage\"],\"@id\":\"https:\/\/kabinam.lt\/eng\/product\/thor-hammer-bronzinis-buteliu-atidarytuvo-pakabukas\/\",\"url\":\"https:\/\/kabinam.lt\/eng\/product\/thor-hammer-bronzinis-buteliu-atidarytuvo-pakabukas\/\",\"name\":\"Thor Hammer bronzinis buteli\u0173 atidarytuvo pakabukas - kabinam.lt\",\"isPartOf\":{\"@id\":\"https:\/\/kabinam.lt\/#website\"},\"primaryImageOfPage\":{\"@id\":\"https:\/\/kabinam.lt\/eng\/product\/thor-hammer-bronzinis-buteliu-atidarytuvo-pakabukas\/#primaryimage\"},\"image\":{\"@id\":\"https:\/\/kabinam.lt\/eng\/product\/thor-hammer-bronzinis-buteliu-atidarytuvo-pakabukas\/#primaryimage\"},\"thumbnailUrl\":\"https:\/\/kabinam.lt\/wp-content\/uploads\/2024\/07\/Kujis.jpg\",\"datePublished\":\"2024-07-20T05:56:16+00:00\",\"dateModified\":\"2026-01-03T16:55:47+00:00\",\"description\":\"Thor Hammer bronzinis buteli\u0173 atidarytuvo pakabukas \u2013 stilingas ir funkcionalus aksesuaras kasdieniam naudojimui ar dovanai.\",\"breadcrumb\":{\"@id\":\"https:\/\/kabinam.lt\/eng\/product\/thor-hammer-bronzinis-buteliu-atidarytuvo-pakabukas\/#breadcrumb\"},\"inLanguage\":\"de\",\"potentialAction\":[{\"@type\":\"ReadAction\",\"target\":[\"https:\/\/kabinam.lt\/eng\/product\/thor-hammer-bronzinis-buteliu-atidarytuvo-pakabukas\/\"]}]},{\"@type\":\"ImageObject\",\"inLanguage\":\"de\",\"@id\":\"https:\/\/kabinam.lt\/eng\/product\/thor-hammer-bronzinis-buteliu-atidarytuvo-pakabukas\/#primaryimage\",\"url\":\"https:\/\/kabinam.lt\/wp-content\/uploads\/2024\/07\/Kujis.jpg\",\"contentUrl\":\"https:\/\/kabinam.lt\/wp-content\/uploads\/2024\/07\/Kujis.jpg\",\"width\":800,\"height\":800,\"caption\":\"Thor Hammer bronzinis pakabukas su buteli\u0173 atidarytuvu\"},{\"@type\":\"BreadcrumbList\",\"@id\":\"https:\/\/kabinam.lt\/eng\/product\/thor-hammer-bronzinis-buteliu-atidarytuvo-pakabukas\/#breadcrumb\",\"itemListElement\":[{\"@type\":\"ListItem\",\"position\":1,\"name\":\"Home\",\"item\":\"https:\/\/kabinam.lt\/\"},{\"@type\":\"ListItem\",\"position\":2,\"name\":\"Visi Produktai\",\"item\":\"https:\/\/kabinam.lt\/visi-produktai\/\"},{\"@type\":\"ListItem\",\"position\":3,\"name\":\"Thor Hammer bronzinis buteli\u0173 atidarytuvo pakabukas\"}]},{\"@type\":\"WebSite\",\"@id\":\"https:\/\/kabinam.lt\/#website\",\"url\":\"https:\/\/kabinam.lt\/\",\"name\":\"kabinam.lt\",\"description\":\"Kabinam.lt \u2013 raktu pakabukai ir aksesuarai\",\"publisher\":{\"@id\":\"https:\/\/kabinam.lt\/#organization\"},\"alternateName\":\"pakabukai lt\",\"potentialAction\":[{\"@type\":\"SearchAction\",\"target\":{\"@type\":\"EntryPoint\",\"urlTemplate\":\"https:\/\/kabinam.lt\/?s={search_term_string}\"},\"query-input\":{\"@type\":\"PropertyValueSpecification\",\"valueRequired\":true,\"valueName\":\"search_term_string\"}}],\"inLanguage\":\"de\"},{\"@type\":\"Organization\",\"@id\":\"https:\/\/kabinam.lt\/#organization\",\"name\":\"kabinam.lt\",\"alternateName\":\"kabinam\",\"url\":\"https:\/\/kabinam.lt\/\",\"logo\":{\"@type\":\"ImageObject\",\"inLanguage\":\"de\",\"@id\":\"https:\/\/kabinam.lt\/#\/schema\/logo\/image\/\",\"url\":\"https:\/\/kabinam.lt\/wp-content\/uploads\/2025\/05\/KABINAM_outer_glow.png\",\"contentUrl\":\"https:\/\/kabinam.lt\/wp-content\/uploads\/2025\/05\/KABINAM_outer_glow.png\",\"width\":474,\"height\":141,\"caption\":\"kabinam.lt\"},\"image\":{\"@id\":\"https:\/\/kabinam.lt\/#\/schema\/logo\/image\/\"}}]}<\/script>\n<!-- \/ Yoast SEO plugin. -->","yoast_head_json":{"title":"Thor Hammer bronzinis buteli\u0173 atidarytuvo pakabukas - kabinam.lt","description":"Thor Hammer bronzinis buteli\u0173 atidarytuvo pakabukas \u2013 stilingas ir funkcionalus aksesuaras kasdieniam naudojimui ar dovanai.","robots":{"index":"index","follow":"follow","max-snippet":"max-snippet:-1","max-image-preview":"max-image-preview:large","max-video-preview":"max-video-preview:-1"},"canonical":"https:\/\/kabinam.lt\/de\/produkt\/thor-hammer-bronzinis-buteliu-atidarytuvo-pakabukas\/","og_locale":"de_DE","og_type":"article","og_title":"Thor Hammer bronzinis buteli\u0173 atidarytuvo pakabukas - kabinam.lt","og_description":"Thor Hammer bronzinis buteli\u0173 atidarytuvo pakabukas \u2013 stilingas ir funkcionalus aksesuaras kasdieniam naudojimui ar dovanai.","og_url":"https:\/\/kabinam.lt\/de\/produkt\/thor-hammer-bronzinis-buteliu-atidarytuvo-pakabukas\/","og_site_name":"kabinam.lt","article_modified_time":"2026-01-03T16:55:47+00:00","og_image":[{"width":800,"height":800,"url":"https:\/\/kabinam.lt\/wp-content\/uploads\/2024\/07\/Kujis.jpg","type":"image\/jpeg"}],"twitter_card":"summary_large_image","twitter_misc":{"Gesch\u00e4tzte Lesezeit":"2\u00a0Minuten"},"schema":{"@context":"https:\/\/schema.org","@graph":[{"@type":["WebPage","ItemPage"],"@id":"https:\/\/kabinam.lt\/eng\/product\/thor-hammer-bronzinis-buteliu-atidarytuvo-pakabukas\/","url":"https:\/\/kabinam.lt\/eng\/product\/thor-hammer-bronzinis-buteliu-atidarytuvo-pakabukas\/","name":"Thor Hammer bronzinis buteli\u0173 atidarytuvo pakabukas - kabinam.lt","isPartOf":{"@id":"https:\/\/kabinam.lt\/#website"},"primaryImageOfPage":{"@id":"https:\/\/kabinam.lt\/eng\/product\/thor-hammer-bronzinis-buteliu-atidarytuvo-pakabukas\/#primaryimage"},"image":{"@id":"https:\/\/kabinam.lt\/eng\/product\/thor-hammer-bronzinis-buteliu-atidarytuvo-pakabukas\/#primaryimage"},"thumbnailUrl":"https:\/\/kabinam.lt\/wp-content\/uploads\/2024\/07\/Kujis.jpg","datePublished":"2024-07-20T05:56:16+00:00","dateModified":"2026-01-03T16:55:47+00:00","description":"Thor Hammer bronzinis buteli\u0173 atidarytuvo pakabukas \u2013 stilingas ir funkcionalus aksesuaras kasdieniam naudojimui ar dovanai.","breadcrumb":{"@id":"https:\/\/kabinam.lt\/eng\/product\/thor-hammer-bronzinis-buteliu-atidarytuvo-pakabukas\/#breadcrumb"},"inLanguage":"de","potentialAction":[{"@type":"ReadAction","target":["https:\/\/kabinam.lt\/eng\/product\/thor-hammer-bronzinis-buteliu-atidarytuvo-pakabukas\/"]}]},{"@type":"ImageObject","inLanguage":"de","@id":"https:\/\/kabinam.lt\/eng\/product\/thor-hammer-bronzinis-buteliu-atidarytuvo-pakabukas\/#primaryimage","url":"https:\/\/kabinam.lt\/wp-content\/uploads\/2024\/07\/Kujis.jpg","contentUrl":"https:\/\/kabinam.lt\/wp-content\/uploads\/2024\/07\/Kujis.jpg","width":800,"height":800,"caption":"Thor Hammer bronzinis pakabukas su buteli\u0173 atidarytuvu"},{"@type":"BreadcrumbList","@id":"https:\/\/kabinam.lt\/eng\/product\/thor-hammer-bronzinis-buteliu-atidarytuvo-pakabukas\/#breadcrumb","itemListElement":[{"@type":"ListItem","position":1,"name":"Home","item":"https:\/\/kabinam.lt\/"},{"@type":"ListItem","position":2,"name":"Visi Produktai","item":"https:\/\/kabinam.lt\/visi-produktai\/"},{"@type":"ListItem","position":3,"name":"Thor Hammer bronzinis buteli\u0173 atidarytuvo pakabukas"}]},{"@type":"WebSite","@id":"https:\/\/kabinam.lt\/#website","url":"https:\/\/kabinam.lt\/","name":"kabinam.lt","description":"Kabinam.lt - Schl\u00fcsselanh\u00e4nger und Zubeh\u00f6r","publisher":{"@id":"https:\/\/kabinam.lt\/#organization"},"alternateName":"pakabukai lt","potentialAction":[{"@type":"SearchAction","target":{"@type":"EntryPoint","urlTemplate":"https:\/\/kabinam.lt\/?s={search_term_string}"},"query-input":{"@type":"PropertyValueSpecification","valueRequired":true,"valueName":"search_term_string"}}],"inLanguage":"de"},{"@type":"Organization","@id":"https:\/\/kabinam.lt\/#organization","name":"kabinam.lt","alternateName":"kabinam","url":"https:\/\/kabinam.lt\/","logo":{"@type":"ImageObject","inLanguage":"de","@id":"https:\/\/kabinam.lt\/#\/schema\/logo\/image\/","url":"https:\/\/kabinam.lt\/wp-content\/uploads\/2025\/05\/KABINAM_outer_glow.png","contentUrl":"https:\/\/kabinam.lt\/wp-content\/uploads\/2025\/05\/KABINAM_outer_glow.png","width":474,"height":141,"caption":"kabinam.lt"},"image":{"@id":"https:\/\/kabinam.lt\/#\/schema\/logo\/image\/"}}]}},"uagb_featured_image_src":{"full":["https:\/\/kabinam.lt\/wp-content\/uploads\/2024\/07\/Kujis.jpg",800,800,false],"thumbnail":["https:\/\/kabinam.lt\/wp-content\/uploads\/2024\/07\/Kujis-150x150.jpg",150,150,true],"medium":["https:\/\/kabinam.lt\/wp-content\/uploads\/2024\/07\/Kujis-300x300.jpg",300,300,true],"medium_large":["https:\/\/kabinam.lt\/wp-content\/uploads\/2024\/07\/Kujis-768x768.jpg",768,768,true],"large":["https:\/\/kabinam.lt\/wp-content\/uploads\/2024\/07\/Kujis.jpg",800,800,false],"1536x1536":["https:\/\/kabinam.lt\/wp-content\/uploads\/2024\/07\/Kujis.jpg",800,800,false],"2048x2048":["https:\/\/kabinam.lt\/wp-content\/uploads\/2024\/07\/Kujis.jpg",800,800,false],"trp-custom-language-flag":["https:\/\/kabinam.lt\/wp-content\/uploads\/2024\/07\/Kujis.jpg",12,12,false],"woocommerce_thumbnail":["https:\/\/kabinam.lt\/wp-content\/uploads\/2024\/07\/Kujis-300x300.jpg",300,300,true],"woocommerce_single":["https:\/\/kabinam.lt\/wp-content\/uploads\/2024\/07\/Kujis-600x600.jpg",600,600,true],"woocommerce_gallery_thumbnail":["https:\/\/kabinam.lt\/wp-content\/uploads\/2024\/07\/Kujis-100x100.jpg",100,100,true]},"uagb_author_info":{"display_name":"kabinam.lt","author_link":"https:\/\/kabinam.lt\/de\/author\/"},"uagb_comment_info":0,"uagb_excerpt":"Thor Hammer bronzinis buteli\u0173 atidarytuvo pakabukas \u2013 stilingas, patvarus ir prakti\u0161kas aksesuaras kiekvienam rakt\u0173 ry\u0161uliui.","_links":{"self":[{"href":"https:\/\/kabinam.lt\/de\/wp-json\/wp\/v2\/product\/2040","targetHints":{"allow":["GET"]}}],"collection":[{"href":"https:\/\/kabinam.lt\/de\/wp-json\/wp\/v2\/product"}],"about":[{"href":"https:\/\/kabinam.lt\/de\/wp-json\/wp\/v2\/types\/product"}],"replies":[{"embeddable":true,"href":"https:\/\/kabinam.lt\/de\/wp-json\/wp\/v2\/comments?post=2040"}],"wp:featuredmedia":[{"embeddable":true,"href":"https:\/\/kabinam.lt\/de\/wp-json\/wp\/v2\/media\/2041"}],"wp:attachment":[{"href":"https:\/\/kabinam.lt\/de\/wp-json\/wp\/v2\/media?parent=2040"}],"wp:term":[{"taxonomy":"product_brand","embeddable":true,"href":"https:\/\/kabinam.lt\/de\/wp-json\/wp\/v2\/product_brand?post=2040"},{"taxonomy":"product_cat","embeddable":true,"href":"https:\/\/kabinam.lt\/de\/wp-json\/wp\/v2\/product_cat?post=2040"},{"taxonomy":"product_tag","embeddable":true,"href":"https:\/\/kabinam.lt\/de\/wp-json\/wp\/v2\/product_tag?post=2040"}],"curies":[{"name":"wp","href":"https:\/\/api.w.org\/{rel}","templated":true}]}}