{"id":2003,"date":"2024-07-18T10:26:55","date_gmt":"2024-07-18T07:26:55","guid":{"rendered":"https:\/\/kabinam.lt\/?post_type=product&#038;p=2003"},"modified":"2026-02-26T16:16:43","modified_gmt":"2026-02-26T14:16:43","slug":"100-dollar-schein-schlusselanhanger","status":"publish","type":"product","link":"https:\/\/kabinam.lt\/de\/product\/100-doleriu-banknoto-formos-pakabukas\/","title":{"rendered":"Metallanh\u00e4nger in Form eines 100-Dollar-Scheins"},"content":{"rendered":"<div class=\"kk-star-ratings kksr-auto kksr-align-left kksr-valign-top\"\n    data-payload='{&quot;align&quot;:&quot;left&quot;,&quot;id&quot;:&quot;2003&quot;,&quot;slug&quot;:&quot;default&quot;,&quot;valign&quot;:&quot;top&quot;,&quot;ignore&quot;:&quot;&quot;,&quot;reference&quot;:&quot;auto&quot;,&quot;class&quot;:&quot;&quot;,&quot;count&quot;:&quot;0&quot;,&quot;legendonly&quot;:&quot;&quot;,&quot;readonly&quot;:&quot;&quot;,&quot;score&quot;:&quot;0&quot;,&quot;starsonly&quot;:&quot;&quot;,&quot;best&quot;:&quot;5&quot;,&quot;gap&quot;:&quot;5&quot;,&quot;greet&quot;:&quot;Mums svarbus j\u016bs\u0173 \u012fvertinimas&quot;,&quot;legend&quot;:&quot;0\\\/5 - (0 votes)&quot;,&quot;size&quot;:&quot;24&quot;,&quot;title&quot;:&quot;100 doleri\u0173 banknoto formos metalinis pakabukas&quot;,&quot;width&quot;:&quot;0&quot;,&quot;_legend&quot;:&quot;{score}\\\/{best} - ({count} {votes})&quot;,&quot;font_factor&quot;:&quot;1.25&quot;}'>\n            \n<div class=\"kksr-stars\">\n    \n<div class=\"kksr-stars-inactive\">\n            <div class=\"kksr-star\" data-star=\"1\" style=\"padding-right: 5px\">\n            \n\n<div class=\"kksr-icon\" style=\"width: 24px; height: 24px;\"><\/div>\n        <\/div>\n            <div class=\"kksr-star\" data-star=\"2\" style=\"padding-right: 5px\">\n            \n\n<div class=\"kksr-icon\" style=\"width: 24px; height: 24px;\"><\/div>\n        <\/div>\n            <div class=\"kksr-star\" data-star=\"3\" style=\"padding-right: 5px\">\n            \n\n<div class=\"kksr-icon\" style=\"width: 24px; height: 24px;\"><\/div>\n        <\/div>\n            <div class=\"kksr-star\" data-star=\"4\" style=\"padding-right: 5px\">\n            \n\n<div class=\"kksr-icon\" style=\"width: 24px; height: 24px;\"><\/div>\n        <\/div>\n            <div class=\"kksr-star\" data-star=\"5\" style=\"padding-right: 5px\">\n            \n\n<div class=\"kksr-icon\" style=\"width: 24px; height: 24px;\"><\/div>\n        <\/div>\n    <\/div>\n    \n<div class=\"kksr-stars-active\" style=\"width: 0px;\">\n            <div class=\"kksr-star\" style=\"padding-right: 5px\">\n            \n\n<div class=\"kksr-icon\" style=\"width: 24px; height: 24px;\"><\/div>\n        <\/div>\n            <div class=\"kksr-star\" style=\"padding-right: 5px\">\n            \n\n<div class=\"kksr-icon\" style=\"width: 24px; height: 24px;\"><\/div>\n        <\/div>\n            <div class=\"kksr-star\" style=\"padding-right: 5px\">\n            \n\n<div class=\"kksr-icon\" style=\"width: 24px; height: 24px;\"><\/div>\n        <\/div>\n            <div class=\"kksr-star\" style=\"padding-right: 5px\">\n            \n\n<div class=\"kksr-icon\" style=\"width: 24px; height: 24px;\"><\/div>\n        <\/div>\n            <div class=\"kksr-star\" style=\"padding-right: 5px\">\n            \n\n<div class=\"kksr-icon\" style=\"width: 24px; height: 24px;\"><\/div>\n        <\/div>\n    <\/div>\n<\/div>\n                \n\n<div class=\"kksr-legend\" style=\"font-size: 19.2px;\">\n            <span class=\"kksr-muted\">Ihre Bewertung ist f\u00fcr uns wichtig<\/span>\n    <\/div>\n    <\/div>\n<h2 class=\"\" data-start=\"216\" data-end=\"266\">Metallanh\u00e4nger in Form eines 100-Dollar-Scheins<\/h2>\n<p class=\"\" data-start=\"268\" data-end=\"562\">Ie\u0161kote originalaus ir stilingo rakt\u0173 aksesuaro? <strong data-start=\"317\" data-end=\"368\">Metallanh\u00e4nger in Form eines 100-Dollar-Scheins<\/strong> taps i\u0161skirtiniu akcentu tiek automobili\u0173, tiek motocikl\u0173 raktams. \u0160is pakabukas, pagamintas i\u0161 patvaraus metalo, atvaizduoja gars\u0173j\u012f 100 doleri\u0173 banknot\u0105, kuris simbolizuoja s\u0117km\u0119 ir gerov\u0119.<\/p>\n<p class=\"\" data-start=\"564\" data-end=\"855\">Pakabukas ne tik patrauklus akiai, bet ir prakti\u0161kas \u2013 jo tvirtumas u\u017etikrins ilgalaik\u012f naudojim\u0105. Tai puikus pasirinkimas ie\u0161kantiems i\u0161skirtinumo bei kokyb\u0117s. Daugiau stiling\u0173 sprendim\u0173 galite rasti m\u016bs\u0173 <a class=\"cursor-pointer\" target=\"_new\" rel=\"noopener\" data-start=\"770\" data-end=\"841\">Metall-Anh\u00e4nger<\/a> Kategorie.<\/p>\n<h2 class=\"\" data-start=\"857\" data-end=\"893\">Tvirtas ir ilgaam\u017eis pasirinkimas<\/h2>\n<p class=\"\" data-start=\"895\" data-end=\"1160\"><strong data-start=\"895\" data-end=\"946\">Metallanh\u00e4nger in Form eines 100-Dollar-Scheins<\/strong> i\u0161siskiria savo kokybi\u0161ka konstrukcija. Metalas u\u017etikrina, kad pakabukas neapsidau\u017eys ir nesul\u016b\u0161 net po ilgo naudojimo. Graviruotas pavir\u0161ius imituoja tikro banknoto detales \u2013 tai pabr\u0117\u017eia kruop\u0161t\u0173 meistri\u0161kum\u0105.<\/p>\n<p class=\"\" data-start=\"1162\" data-end=\"1371\">\u0160is pakabukas puikiai tinka ne tik kaip kasdienio naudojimo aksesuaras, bet ir kaip nedidel\u0117 dovana verslo partneriams ar draugams. Toks pasirinkimas simbolizuoja ne tik prakti\u0161kum\u0105, bet ir link\u0117jim\u0105 s\u0117km\u0117s.<\/p>\n<p class=\"\" data-start=\"1373\" data-end=\"1535\">Ie\u0161kantiems dar daugiau i\u0161skirtini\u0173 dovan\u0173 id\u0117j\u0173 rekomenduojame <a class=\"\" href=\"https:\/\/kabinam.lt\/de\/produktkategorie-2\/unikaliu-pakabuku-kategorija\/\" target=\"_new\" rel=\"noopener\" data-start=\"1437\" data-end=\"1534\">eine Kategorie von einzigartigen Anh\u00e4ngern<\/a>.<\/p>\n<h2 class=\"\" data-start=\"1537\" data-end=\"1572\">Puiki dovana \u012fvairiomis progomis<\/h2>\n<p class=\"\" data-start=\"1574\" data-end=\"1797\">Ie\u0161kote prakti\u0161kos, bet kartu originalios dovanos? <strong data-start=\"1625\" data-end=\"1676\">Dollar bill formos metalinis pakabukas<\/strong> yra puikus pasirinkimas \u012fvairioms progoms \u2013 gimtadieniams, \u0161vent\u0117ms ar net kaip simbolin\u0117 dovana verslo susitikimuose.<\/p>\n<p class=\"\" data-start=\"1799\" data-end=\"1983\">\u0160is pakabukas patiks tiems, kurie vertina originalum\u0105 ir simbolik\u0105. Jis gali b\u016bti naudojamas kaip rakt\u0173 pakabukas, automobilio interjero akcentas ar net kaip dekoracija ant kuprin\u0117s.<\/p>\n<p class=\"\" data-start=\"1985\" data-end=\"2112\">Norite su\u017einoti daugiau apie banknot\u0173 simbolik\u0105? Rekomenduojame <a class=\"cursor-pointer\" target=\"_new\" rel=\"noopener\" data-start=\"2049\" data-end=\"2111\">paskaityti \u010dia<\/a>.<\/p>\n<h2 class=\"\" data-start=\"2114\" data-end=\"2149\">Warum sollten Sie sich f\u00fcr diesen Anh\u00e4nger entscheiden?<\/h2>\n<ul data-start=\"2151\" data-end=\"2399\">\n<li class=\"\" data-start=\"2151\" data-end=\"2196\">\n<p class=\"\" data-start=\"2153\" data-end=\"2196\">Aus hochwertigem und stabilem Metall gefertigt.<\/p>\n<\/li>\n<li class=\"\" data-start=\"2197\" data-end=\"2246\">\n<p class=\"\" data-start=\"2199\" data-end=\"2246\">Stellt authentisch einen 100-Dollar-Schein dar.<\/p>\n<\/li>\n<li class=\"\" data-start=\"2247\" data-end=\"2301\">\n<p class=\"\" data-start=\"2249\" data-end=\"2301\">Eine ausgezeichnete Wahl als Geschenk f\u00fcr verschiedene Anl\u00e4sse.<\/p>\n<\/li>\n<li class=\"\" data-start=\"2302\" data-end=\"2357\">\n<p class=\"\" data-start=\"2304\" data-end=\"2357\">Geeignet f\u00fcr Schl\u00fcssel, Taschen und Innendekoration.<\/p>\n<\/li>\n<li class=\"\" data-start=\"2358\" data-end=\"2399\">\n<p class=\"\" data-start=\"2360\" data-end=\"2399\">Symbolisiert Erfolg, Reichtum und Wohlstand.<\/p>\n<\/li>\n<\/ul>\n<p class=\"\" data-start=\"2401\" data-end=\"2559\">Siehe andere <a class=\"\" href=\"https:\/\/kabinam.lt\/de\/produktkategorie-2\/beliebteste-produktkategorie\/\" target=\"_new\" rel=\"noopener\" data-start=\"2423\" data-end=\"2528\">beliebteste Produkte<\/a>, wenn Sie weitere Ideen m\u00f6chten.<\/p>\n<p>F\u00fcr weitere erm\u00e4\u00dfigte Produkte siehe <a href=\"https:\/\/kabinam.lt\/de\/produktkategorie-2\/sale\/\">hier<\/a>.<\/p>","protected":false},"excerpt":{"rendered":"<p>100 doleri\u0173 banknoto formos metalinis pakabukas \u2013 stilingas ir ilgaam\u017eis aksesuaras raktams, automobiliams ar kuprin\u0117ms.<\/p>","protected":false},"featured_media":2000,"comment_status":"closed","ping_status":"closed","template":"","meta":{"_uag_custom_page_level_css":"","site-sidebar-layout":"default","site-content-layout":"","ast-site-content-layout":"default","site-content-style":"default","site-sidebar-style":"default","ast-global-header-display":"","ast-banner-title-visibility":"","ast-main-header-display":"","ast-hfb-above-header-display":"","ast-hfb-below-header-display":"","ast-hfb-mobile-header-display":"","site-post-title":"","ast-breadcrumbs-content":"","ast-featured-img":"","footer-sml-layout":"","ast-disable-related-posts":"","theme-transparent-header-meta":"default","adv-header-id-meta":"","stick-header-meta":"","header-above-stick-meta":"","header-main-stick-meta":"","header-below-stick-meta":"","astra-migrate-meta-layouts":"set","ast-page-background-enabled":"default","ast-page-background-meta":{"desktop":{"background-color":"var(--ast-global-color-4)","background-image":"","background-repeat":"repeat","background-position":"center center","background-size":"auto","background-attachment":"scroll","background-type":"","background-media":"","overlay-type":"","overlay-color":"","overlay-opacity":"","overlay-gradient":""},"tablet":{"background-color":"","background-image":"","background-repeat":"repeat","background-position":"center center","background-size":"auto","background-attachment":"scroll","background-type":"","background-media":"","overlay-type":"","overlay-color":"","overlay-opacity":"","overlay-gradient":""},"mobile":{"background-color":"","background-image":"","background-repeat":"repeat","background-position":"center center","background-size":"auto","background-attachment":"scroll","background-type":"","background-media":"","overlay-type":"","overlay-color":"","overlay-opacity":"","overlay-gradient":""}},"ast-content-background-meta":{"desktop":{"background-color":"var(--ast-global-color-5)","background-image":"","background-repeat":"repeat","background-position":"center center","background-size":"auto","background-attachment":"scroll","background-type":"","background-media":"","overlay-type":"","overlay-color":"","overlay-opacity":"","overlay-gradient":""},"tablet":{"background-color":"var(--ast-global-color-5)","background-image":"","background-repeat":"repeat","background-position":"center center","background-size":"auto","background-attachment":"scroll","background-type":"","background-media":"","overlay-type":"","overlay-color":"","overlay-opacity":"","overlay-gradient":""},"mobile":{"background-color":"var(--ast-global-color-5)","background-image":"","background-repeat":"repeat","background-position":"center center","background-size":"auto","background-attachment":"scroll","background-type":"","background-media":"","overlay-type":"","overlay-color":"","overlay-opacity":"","overlay-gradient":""}}},"product_brand":[],"product_cat":[126,116,95,118],"product_tag":[],"class_list":{"0":"post-2003","1":"product","2":"type-product","3":"status-publish","4":"has-post-thumbnail","6":"product_cat-visi","7":"product_cat-metaliniai-raktu-pakabukai","8":"product_cat-unikalus-raktu-pakabukai","9":"product_cat-dovana-teciui","10":"desktop-align-center","11":"tablet-align-left","12":"mobile-align-left","14":"first","15":"instock","16":"shipping-taxable","17":"purchasable","18":"product-type-simple"},"yoast_head":"<!-- This site is optimized with the Yoast SEO plugin v27.1.1 - https:\/\/yoast.com\/product\/yoast-seo-wordpress\/ -->\n<title>100 doleri\u0173 banknoto formos metalinis pakabukas - kabinam.lt<\/title>\n<meta name=\"description\" content=\"100 doleri\u0173 banknoto formos metalinis pakabukas \u2013 originalus ir patvarus aksesuaras raktams bei dovanoms. Dollar bill keychain\" \/>\n<meta name=\"robots\" content=\"index, follow, max-snippet:-1, max-image-preview:large, max-video-preview:-1\" \/>\n<link rel=\"canonical\" href=\"https:\/\/kabinam.lt\/de\/produkt\/100-dollar-schein-schlusselanhanger\/\" \/>\n<meta property=\"og:locale\" content=\"de_DE\" \/>\n<meta property=\"og:type\" content=\"article\" \/>\n<meta property=\"og:title\" content=\"100 doleri\u0173 banknoto formos metalinis pakabukas - kabinam.lt\" \/>\n<meta property=\"og:description\" content=\"100 doleri\u0173 banknoto formos metalinis pakabukas \u2013 originalus ir patvarus aksesuaras raktams bei dovanoms. Dollar bill keychain\" \/>\n<meta property=\"og:url\" content=\"https:\/\/kabinam.lt\/de\/produkt\/100-dollar-schein-schlusselanhanger\/\" \/>\n<meta property=\"og:site_name\" content=\"kabinam.lt\" \/>\n<meta property=\"article:modified_time\" content=\"2026-02-26T14:16:43+00:00\" \/>\n<meta property=\"og:image\" content=\"https:\/\/kabinam.lt\/wp-content\/uploads\/2024\/07\/dollar.jpg\" \/>\n\t<meta property=\"og:image:width\" content=\"800\" \/>\n\t<meta property=\"og:image:height\" content=\"800\" \/>\n\t<meta property=\"og:image:type\" content=\"image\/jpeg\" \/>\n<meta name=\"twitter:card\" content=\"summary_large_image\" \/>\n<meta name=\"twitter:label1\" content=\"Gesch\u00e4tzte Lesezeit\" \/>\n\t<meta name=\"twitter:data1\" content=\"2\u00a0Minuten\" \/>\n<script type=\"application\/ld+json\" class=\"yoast-schema-graph\">{\"@context\":\"https:\/\/schema.org\",\"@graph\":[{\"@type\":[\"WebPage\",\"ItemPage\"],\"@id\":\"https:\/\/kabinam.lt\/product\/100-doleriu-banknoto-formos-pakabukas\/\",\"url\":\"https:\/\/kabinam.lt\/product\/100-doleriu-banknoto-formos-pakabukas\/\",\"name\":\"100 doleri\u0173 banknoto formos metalinis pakabukas - kabinam.lt\",\"isPartOf\":{\"@id\":\"https:\/\/kabinam.lt\/#website\"},\"primaryImageOfPage\":{\"@id\":\"https:\/\/kabinam.lt\/product\/100-doleriu-banknoto-formos-pakabukas\/#primaryimage\"},\"image\":{\"@id\":\"https:\/\/kabinam.lt\/product\/100-doleriu-banknoto-formos-pakabukas\/#primaryimage\"},\"thumbnailUrl\":\"https:\/\/kabinam.lt\/wp-content\/uploads\/2024\/07\/dollar.jpg\",\"datePublished\":\"2024-07-18T07:26:55+00:00\",\"dateModified\":\"2026-02-26T14:16:43+00:00\",\"description\":\"100 doleri\u0173 banknoto formos metalinis pakabukas \u2013 originalus ir patvarus aksesuaras raktams bei dovanoms. Dollar bill keychain\",\"breadcrumb\":{\"@id\":\"https:\/\/kabinam.lt\/product\/100-doleriu-banknoto-formos-pakabukas\/#breadcrumb\"},\"inLanguage\":\"de\",\"potentialAction\":[{\"@type\":\"ReadAction\",\"target\":[\"https:\/\/kabinam.lt\/product\/100-doleriu-banknoto-formos-pakabukas\/\"]}]},{\"@type\":\"ImageObject\",\"inLanguage\":\"de\",\"@id\":\"https:\/\/kabinam.lt\/product\/100-doleriu-banknoto-formos-pakabukas\/#primaryimage\",\"url\":\"https:\/\/kabinam.lt\/wp-content\/uploads\/2024\/07\/dollar.jpg\",\"contentUrl\":\"https:\/\/kabinam.lt\/wp-content\/uploads\/2024\/07\/dollar.jpg\",\"width\":800,\"height\":800,\"caption\":\"Metalinis pakabukas su 100 doleri\u0173 banknoto dizainu\"},{\"@type\":\"BreadcrumbList\",\"@id\":\"https:\/\/kabinam.lt\/product\/100-doleriu-banknoto-formos-pakabukas\/#breadcrumb\",\"itemListElement\":[{\"@type\":\"ListItem\",\"position\":1,\"name\":\"Home\",\"item\":\"https:\/\/kabinam.lt\/\"},{\"@type\":\"ListItem\",\"position\":2,\"name\":\"Visi Produktai\",\"item\":\"https:\/\/kabinam.lt\/visi-produktai\/\"},{\"@type\":\"ListItem\",\"position\":3,\"name\":\"100 doleri\u0173 banknoto formos metalinis pakabukas\"}]},{\"@type\":\"WebSite\",\"@id\":\"https:\/\/kabinam.lt\/#website\",\"url\":\"https:\/\/kabinam.lt\/\",\"name\":\"kabinam.lt\",\"description\":\"Kabinam.lt \u2013 raktu pakabukai ir aksesuarai\",\"publisher\":{\"@id\":\"https:\/\/kabinam.lt\/#organization\"},\"alternateName\":\"pakabukai lt\",\"potentialAction\":[{\"@type\":\"SearchAction\",\"target\":{\"@type\":\"EntryPoint\",\"urlTemplate\":\"https:\/\/kabinam.lt\/?s={search_term_string}\"},\"query-input\":{\"@type\":\"PropertyValueSpecification\",\"valueRequired\":true,\"valueName\":\"search_term_string\"}}],\"inLanguage\":\"de\"},{\"@type\":\"Organization\",\"@id\":\"https:\/\/kabinam.lt\/#organization\",\"name\":\"kabinam.lt\",\"alternateName\":\"kabinam\",\"url\":\"https:\/\/kabinam.lt\/\",\"logo\":{\"@type\":\"ImageObject\",\"inLanguage\":\"de\",\"@id\":\"https:\/\/kabinam.lt\/#\/schema\/logo\/image\/\",\"url\":\"https:\/\/kabinam.lt\/wp-content\/uploads\/2025\/05\/KABINAM_outer_glow.png\",\"contentUrl\":\"https:\/\/kabinam.lt\/wp-content\/uploads\/2025\/05\/KABINAM_outer_glow.png\",\"width\":474,\"height\":141,\"caption\":\"kabinam.lt\"},\"image\":{\"@id\":\"https:\/\/kabinam.lt\/#\/schema\/logo\/image\/\"}}]}<\/script>\n<!-- \/ Yoast SEO plugin. -->","yoast_head_json":{"title":"Metallanh\u00e4nger in Form eines 100-Dollar-Scheins - kabinam.lt","description":"Metallanh\u00e4nger in Form eines 100-Dollar-Scheins \u2013 ein originelles und haltbares Accessoire f\u00fcr Schl\u00fcssel und als Geschenk","robots":{"index":"index","follow":"follow","max-snippet":"max-snippet:-1","max-image-preview":"max-image-preview:large","max-video-preview":"max-video-preview:-1"},"canonical":"https:\/\/kabinam.lt\/de\/produkt\/100-dollar-schein-schlusselanhanger\/","og_locale":"de_DE","og_type":"article","og_title":"100 doleri\u0173 banknoto formos metalinis pakabukas - kabinam.lt","og_description":"100 doleri\u0173 banknoto formos metalinis pakabukas \u2013 originalus ir patvarus aksesuaras raktams bei dovanoms. Dollar bill keychain","og_url":"https:\/\/kabinam.lt\/de\/produkt\/100-dollar-schein-schlusselanhanger\/","og_site_name":"kabinam.lt","article_modified_time":"2026-02-26T14:16:43+00:00","og_image":[{"width":800,"height":800,"url":"https:\/\/kabinam.lt\/wp-content\/uploads\/2024\/07\/dollar.jpg","type":"image\/jpeg"}],"twitter_card":"summary_large_image","twitter_misc":{"Gesch\u00e4tzte Lesezeit":"2\u00a0Minuten"},"schema":{"@context":"https:\/\/schema.org","@graph":[{"@type":["WebPage","ItemPage"],"@id":"https:\/\/kabinam.lt\/product\/100-doleriu-banknoto-formos-pakabukas\/","url":"https:\/\/kabinam.lt\/product\/100-doleriu-banknoto-formos-pakabukas\/","name":"Metallanh\u00e4nger in Form eines 100-Dollar-Scheins - kabinam.lt","isPartOf":{"@id":"https:\/\/kabinam.lt\/#website"},"primaryImageOfPage":{"@id":"https:\/\/kabinam.lt\/product\/100-doleriu-banknoto-formos-pakabukas\/#primaryimage"},"image":{"@id":"https:\/\/kabinam.lt\/product\/100-doleriu-banknoto-formos-pakabukas\/#primaryimage"},"thumbnailUrl":"https:\/\/kabinam.lt\/wp-content\/uploads\/2024\/07\/dollar.jpg","datePublished":"2024-07-18T07:26:55+00:00","dateModified":"2026-02-26T14:16:43+00:00","description":"Metallanh\u00e4nger in Form eines 100-Dollar-Scheins \u2013 ein originelles und haltbares Accessoire f\u00fcr Schl\u00fcssel und als Geschenk","breadcrumb":{"@id":"https:\/\/kabinam.lt\/product\/100-doleriu-banknoto-formos-pakabukas\/#breadcrumb"},"inLanguage":"de","potentialAction":[{"@type":"ReadAction","target":["https:\/\/kabinam.lt\/product\/100-doleriu-banknoto-formos-pakabukas\/"]}]},{"@type":"ImageObject","inLanguage":"de","@id":"https:\/\/kabinam.lt\/product\/100-doleriu-banknoto-formos-pakabukas\/#primaryimage","url":"https:\/\/kabinam.lt\/wp-content\/uploads\/2024\/07\/dollar.jpg","contentUrl":"https:\/\/kabinam.lt\/wp-content\/uploads\/2024\/07\/dollar.jpg","width":800,"height":800,"caption":"Metalinis pakabukas su 100 doleri\u0173 banknoto dizainu"},{"@type":"BreadcrumbList","@id":"https:\/\/kabinam.lt\/product\/100-doleriu-banknoto-formos-pakabukas\/#breadcrumb","itemListElement":[{"@type":"ListItem","position":1,"name":"Home","item":"https:\/\/kabinam.lt\/"},{"@type":"ListItem","position":2,"name":"Visi Produktai","item":"https:\/\/kabinam.lt\/visi-produktai\/"},{"@type":"ListItem","position":3,"name":"100 doleri\u0173 banknoto formos metalinis pakabukas"}]},{"@type":"WebSite","@id":"https:\/\/kabinam.lt\/#website","url":"https:\/\/kabinam.lt\/","name":"kabinam.lt","description":"Kabinam.lt - Schl\u00fcsselanh\u00e4nger und Zubeh\u00f6r","publisher":{"@id":"https:\/\/kabinam.lt\/#organization"},"alternateName":"pakabukai lt","potentialAction":[{"@type":"SearchAction","target":{"@type":"EntryPoint","urlTemplate":"https:\/\/kabinam.lt\/?s={search_term_string}"},"query-input":{"@type":"PropertyValueSpecification","valueRequired":true,"valueName":"search_term_string"}}],"inLanguage":"de"},{"@type":"Organization","@id":"https:\/\/kabinam.lt\/#organization","name":"kabinam.lt","alternateName":"kabinam","url":"https:\/\/kabinam.lt\/","logo":{"@type":"ImageObject","inLanguage":"de","@id":"https:\/\/kabinam.lt\/#\/schema\/logo\/image\/","url":"https:\/\/kabinam.lt\/wp-content\/uploads\/2025\/05\/KABINAM_outer_glow.png","contentUrl":"https:\/\/kabinam.lt\/wp-content\/uploads\/2025\/05\/KABINAM_outer_glow.png","width":474,"height":141,"caption":"kabinam.lt"},"image":{"@id":"https:\/\/kabinam.lt\/#\/schema\/logo\/image\/"}}]}},"uagb_featured_image_src":{"full":["https:\/\/kabinam.lt\/wp-content\/uploads\/2024\/07\/dollar.jpg",800,800,false],"thumbnail":["https:\/\/kabinam.lt\/wp-content\/uploads\/2024\/07\/dollar-150x150.jpg",150,150,true],"medium":["https:\/\/kabinam.lt\/wp-content\/uploads\/2024\/07\/dollar-300x300.jpg",300,300,true],"medium_large":["https:\/\/kabinam.lt\/wp-content\/uploads\/2024\/07\/dollar-768x768.jpg",768,768,true],"large":["https:\/\/kabinam.lt\/wp-content\/uploads\/2024\/07\/dollar.jpg",800,800,false],"1536x1536":["https:\/\/kabinam.lt\/wp-content\/uploads\/2024\/07\/dollar.jpg",800,800,false],"2048x2048":["https:\/\/kabinam.lt\/wp-content\/uploads\/2024\/07\/dollar.jpg",800,800,false],"trp-custom-language-flag":["https:\/\/kabinam.lt\/wp-content\/uploads\/2024\/07\/dollar.jpg",12,12,false],"woocommerce_thumbnail":["https:\/\/kabinam.lt\/wp-content\/uploads\/2024\/07\/dollar-300x300.jpg",300,300,true],"woocommerce_single":["https:\/\/kabinam.lt\/wp-content\/uploads\/2024\/07\/dollar-600x600.jpg",600,600,true],"woocommerce_gallery_thumbnail":["https:\/\/kabinam.lt\/wp-content\/uploads\/2024\/07\/dollar-100x100.jpg",100,100,true]},"uagb_author_info":{"display_name":"kabinam.lt","author_link":"https:\/\/kabinam.lt\/de\/author\/"},"uagb_comment_info":0,"uagb_excerpt":"100 doleri\u0173 banknoto formos metalinis pakabukas \u2013 stilingas ir ilgaam\u017eis aksesuaras raktams, automobiliams ar kuprin\u0117ms.","_links":{"self":[{"href":"https:\/\/kabinam.lt\/de\/wp-json\/wp\/v2\/product\/2003","targetHints":{"allow":["GET"]}}],"collection":[{"href":"https:\/\/kabinam.lt\/de\/wp-json\/wp\/v2\/product"}],"about":[{"href":"https:\/\/kabinam.lt\/de\/wp-json\/wp\/v2\/types\/product"}],"replies":[{"embeddable":true,"href":"https:\/\/kabinam.lt\/de\/wp-json\/wp\/v2\/comments?post=2003"}],"wp:featuredmedia":[{"embeddable":true,"href":"https:\/\/kabinam.lt\/de\/wp-json\/wp\/v2\/media\/2000"}],"wp:attachment":[{"href":"https:\/\/kabinam.lt\/de\/wp-json\/wp\/v2\/media?parent=2003"}],"wp:term":[{"taxonomy":"product_brand","embeddable":true,"href":"https:\/\/kabinam.lt\/de\/wp-json\/wp\/v2\/product_brand?post=2003"},{"taxonomy":"product_cat","embeddable":true,"href":"https:\/\/kabinam.lt\/de\/wp-json\/wp\/v2\/product_cat?post=2003"},{"taxonomy":"product_tag","embeddable":true,"href":"https:\/\/kabinam.lt\/de\/wp-json\/wp\/v2\/product_tag?post=2003"}],"curies":[{"name":"wp","href":"https:\/\/api.w.org\/{rel}","templated":true}]}}