{"id":1990,"date":"2024-07-18T10:06:05","date_gmt":"2024-07-18T07:06:05","guid":{"rendered":"https:\/\/kabinam.lt\/?post_type=product&#038;p=1990"},"modified":"2026-01-18T16:11:36","modified_gmt":"2026-01-18T14:11:36","slug":"metalinis-raktu-pakabukas-variklio-tarpine","status":"publish","type":"product","link":"https:\/\/kabinam.lt\/de\/product\/metalinis-raktu-pakabukas-variklio-tarpine\/","title":{"rendered":"Metall-Schl\u00fcsselanh\u00e4nger in Form einer Motordichtung - f\u00fcr Autos und Motorr\u00e4der"},"content":{"rendered":"<div class=\"kk-star-ratings kksr-auto kksr-align-left kksr-valign-top\"\n    data-payload='{&quot;align&quot;:&quot;left&quot;,&quot;id&quot;:&quot;1990&quot;,&quot;slug&quot;:&quot;default&quot;,&quot;valign&quot;:&quot;top&quot;,&quot;ignore&quot;:&quot;&quot;,&quot;reference&quot;:&quot;auto&quot;,&quot;class&quot;:&quot;&quot;,&quot;count&quot;:&quot;0&quot;,&quot;legendonly&quot;:&quot;&quot;,&quot;readonly&quot;:&quot;&quot;,&quot;score&quot;:&quot;0&quot;,&quot;starsonly&quot;:&quot;&quot;,&quot;best&quot;:&quot;5&quot;,&quot;gap&quot;:&quot;5&quot;,&quot;greet&quot;:&quot;Mums svarbus j\u016bs\u0173 \u012fvertinimas&quot;,&quot;legend&quot;:&quot;0\\\/5 - (0 votes)&quot;,&quot;size&quot;:&quot;24&quot;,&quot;title&quot;:&quot;Variklio Tarpin\u0117s Formos Metalinis Rakt\u0173 Pakabukas \u2013 Automobiliams ir Motociklams&quot;,&quot;width&quot;:&quot;0&quot;,&quot;_legend&quot;:&quot;{score}\\\/{best} - ({count} {votes})&quot;,&quot;font_factor&quot;:&quot;1.25&quot;}'>\n            \n<div class=\"kksr-stars\">\n    \n<div class=\"kksr-stars-inactive\">\n            <div class=\"kksr-star\" data-star=\"1\" style=\"padding-right: 5px\">\n            \n\n<div class=\"kksr-icon\" style=\"width: 24px; height: 24px;\"><\/div>\n        <\/div>\n            <div class=\"kksr-star\" data-star=\"2\" style=\"padding-right: 5px\">\n            \n\n<div class=\"kksr-icon\" style=\"width: 24px; height: 24px;\"><\/div>\n        <\/div>\n            <div class=\"kksr-star\" data-star=\"3\" style=\"padding-right: 5px\">\n            \n\n<div class=\"kksr-icon\" style=\"width: 24px; height: 24px;\"><\/div>\n        <\/div>\n            <div class=\"kksr-star\" data-star=\"4\" style=\"padding-right: 5px\">\n            \n\n<div class=\"kksr-icon\" style=\"width: 24px; height: 24px;\"><\/div>\n        <\/div>\n            <div class=\"kksr-star\" data-star=\"5\" style=\"padding-right: 5px\">\n            \n\n<div class=\"kksr-icon\" style=\"width: 24px; height: 24px;\"><\/div>\n        <\/div>\n    <\/div>\n    \n<div class=\"kksr-stars-active\" style=\"width: 0px;\">\n            <div class=\"kksr-star\" style=\"padding-right: 5px\">\n            \n\n<div class=\"kksr-icon\" style=\"width: 24px; height: 24px;\"><\/div>\n        <\/div>\n            <div class=\"kksr-star\" style=\"padding-right: 5px\">\n            \n\n<div class=\"kksr-icon\" style=\"width: 24px; height: 24px;\"><\/div>\n        <\/div>\n            <div class=\"kksr-star\" style=\"padding-right: 5px\">\n            \n\n<div class=\"kksr-icon\" style=\"width: 24px; height: 24px;\"><\/div>\n        <\/div>\n            <div class=\"kksr-star\" style=\"padding-right: 5px\">\n            \n\n<div class=\"kksr-icon\" style=\"width: 24px; height: 24px;\"><\/div>\n        <\/div>\n            <div class=\"kksr-star\" style=\"padding-right: 5px\">\n            \n\n<div class=\"kksr-icon\" style=\"width: 24px; height: 24px;\"><\/div>\n        <\/div>\n    <\/div>\n<\/div>\n                \n\n<div class=\"kksr-legend\" style=\"font-size: 19.2px;\">\n            <span class=\"kksr-muted\">Ihre Bewertung ist f\u00fcr uns wichtig<\/span>\n    <\/div>\n    <\/div>\n<h4 class=\"\" data-start=\"121\" data-end=\"145\"><strong data-start=\"126\" data-end=\"143\">\u00dcber das Produkt<\/strong><\/h4>\n<p class=\"\" data-start=\"146\" data-end=\"565\">Variklio tarpin\u0117s formos metalinis rakt\u0173 pakabukas \u2013 tai originalus sprendimas automobili\u0173 ir motocikl\u0173 entuziastams. \u0160is aksesuaras yra ne tik prakti\u0161kas, bet ir i\u0161skirtinis stiliaus akcentas. Jis pagamintas i\u0161 kokybi\u0161ko metalo, kuris u\u017etikrina ilgaam\u017ei\u0161kum\u0105 ir atsparum\u0105 kasdieniam naudojimui. Rakt\u0173 pakabukas puikiai tinka tiems, kurie domisi technika, grei\u010diu ar tiesiog ie\u0161ko unikalaus aksesuaro savo rakt\u0173 ry\u0161iui.<\/p>\n<h4 class=\"\" data-start=\"567\" data-end=\"606\"><strong data-start=\"572\" data-end=\"604\">Funktionsweise und Verwendung<\/strong><\/h4>\n<p class=\"\" data-start=\"607\" data-end=\"1155\">\u0160is rakt\u0173 pakabukas yra ne tik dekoratyvus \u2013 jis taip pat labai funkcionalus. Tvirtas metalinis \u017eiedelis leid\u017eia saugiai pritvirtinti raktus. Pakabukas atsparus nusid\u0117v\u0117jimui ir puikiai i\u0161laiko form\u0105 net ir da\u017enai naudojamas. D\u0117l savo tvirto dizaino jis tinka tiek automobili\u0173, tiek motocikl\u0173 raktams. Norite daugiau stiling\u0173 sprendim\u0173? Per\u017ei\u016br\u0117kite m\u016bs\u0173 <a class=\"\" href=\"https:\/\/kabinam.lt\/de\/produktkategorie-2\/metaliniai\/\" target=\"_new\" rel=\"noopener\" data-start=\"962\" data-end=\"1041\">metalini\u0173 pakabuk\u0173 kolekcij\u0105<\/a> und <a class=\"\" href=\"https:\/\/kabinam.lt\/de\/produktkategorie-2\/beliebteste-produktkategorie\/\" target=\"_new\" rel=\"noopener\" data-start=\"1045\" data-end=\"1154\">populiariausi\u0173 produkt\u0173 kategorij\u0105<\/a>.<\/p>\n<h4 class=\"\" data-start=\"1157\" data-end=\"1186\"><strong data-start=\"1162\" data-end=\"1184\">Design und Qualit\u00e4t<\/strong><\/h4>\n<p class=\"\" data-start=\"1187\" data-end=\"1522\">Pakabuko dizainas atkartoja variklio tarpin\u0117s form\u0105, tod\u0117l jis ypa\u010d patrauklus mechanikos gerb\u0117jams. Detal\u0117s yra kruop\u0161\u010diai i\u0161graviruotos, o juodas pavir\u0161ius kontrastuoja su metalo blizgesiu, suteikdamas modern\u0173 \u012fvaizd\u012f. Naudojamos med\u017eiagos yra atsparios aplinkos poveikiui, tod\u0117l pakabukas i\u0161lieka stilingas net ir po ilgo naudojimo.<\/p>\n<h4 class=\"\" data-start=\"1524\" data-end=\"1555\"><strong data-start=\"1529\" data-end=\"1553\">Warum w\u00e4hlen?<\/strong><\/h4>\n<p class=\"\" data-start=\"1556\" data-end=\"2016\">\u0160is metalinis rakt\u0173 pakabukas \u2013 ne tik prakti\u0161kas, bet ir i\u0161rai\u0161kingas pasirinkimas. Jis pabr\u0117\u017eia asmenin\u012f stili\u0173 ir aistr\u0105 automobiliams ar motociklams. Puikiai tinka dovanai, ypa\u010d jei \u017emogus domisi varikliais, autosportu ar technika. Ie\u0161kantiems originalaus sprendimo \u2013 tai puikus pasirinkimas. Taip pat si\u016blome apsilankyti \u0161iame <a target=\"_new\" rel=\"noopener\" data-start=\"1888\" data-end=\"1983\">i\u0161oriniame straipsnyje apie automobili\u0173 entuziast\u0173 aksesuarus<\/a> ir atrasti dar daugiau \u012fkv\u0117pimo.<\/p>","protected":false},"excerpt":{"rendered":"<p>Metalinis rakt\u0173 pakabukas \u2013 variklio tarpin\u0117s formos aksesuaras, puikiai tinkantis tiek automobiliams, tiek motociklams.<\/p>","protected":false},"featured_media":1991,"comment_status":"closed","ping_status":"closed","template":"","meta":{"_uag_custom_page_level_css":"","site-sidebar-layout":"default","site-content-layout":"","ast-site-content-layout":"default","site-content-style":"default","site-sidebar-style":"default","ast-global-header-display":"","ast-banner-title-visibility":"","ast-main-header-display":"","ast-hfb-above-header-display":"","ast-hfb-below-header-display":"","ast-hfb-mobile-header-display":"","site-post-title":"","ast-breadcrumbs-content":"","ast-featured-img":"","footer-sml-layout":"","ast-disable-related-posts":"","theme-transparent-header-meta":"default","adv-header-id-meta":"","stick-header-meta":"","header-above-stick-meta":"","header-main-stick-meta":"","header-below-stick-meta":"","astra-migrate-meta-layouts":"set","ast-page-background-enabled":"default","ast-page-background-meta":{"desktop":{"background-color":"var(--ast-global-color-4)","background-image":"","background-repeat":"repeat","background-position":"center center","background-size":"auto","background-attachment":"scroll","background-type":"","background-media":"","overlay-type":"","overlay-color":"","overlay-opacity":"","overlay-gradient":""},"tablet":{"background-color":"","background-image":"","background-repeat":"repeat","background-position":"center center","background-size":"auto","background-attachment":"scroll","background-type":"","background-media":"","overlay-type":"","overlay-color":"","overlay-opacity":"","overlay-gradient":""},"mobile":{"background-color":"","background-image":"","background-repeat":"repeat","background-position":"center center","background-size":"auto","background-attachment":"scroll","background-type":"","background-media":"","overlay-type":"","overlay-color":"","overlay-opacity":"","overlay-gradient":""}},"ast-content-background-meta":{"desktop":{"background-color":"var(--ast-global-color-5)","background-image":"","background-repeat":"repeat","background-position":"center center","background-size":"auto","background-attachment":"scroll","background-type":"","background-media":"","overlay-type":"","overlay-color":"","overlay-opacity":"","overlay-gradient":""},"tablet":{"background-color":"var(--ast-global-color-5)","background-image":"","background-repeat":"repeat","background-position":"center center","background-size":"auto","background-attachment":"scroll","background-type":"","background-media":"","overlay-type":"","overlay-color":"","overlay-opacity":"","overlay-gradient":""},"mobile":{"background-color":"var(--ast-global-color-5)","background-image":"","background-repeat":"repeat","background-position":"center center","background-size":"auto","background-attachment":"scroll","background-type":"","background-media":"","overlay-type":"","overlay-color":"","overlay-opacity":"","overlay-gradient":""}}},"product_brand":[],"product_cat":[126,91,22,116,118,92],"product_tag":[],"class_list":{"0":"post-1990","1":"product","2":"type-product","3":"status-publish","4":"has-post-thumbnail","6":"product_cat-visi","7":"product_cat-motociklo-raktu-pakabukai","8":"product_cat-automobiliu-raktu-pakabukai","9":"product_cat-metaliniai-raktu-pakabukai","10":"product_cat-dovana-teciui","11":"product_cat-populiariausiu-produktu-kategorija","12":"desktop-align-center","13":"tablet-align-left","14":"mobile-align-left","16":"first","17":"instock","18":"shipping-taxable","19":"purchasable","20":"product-type-variable"},"yoast_head":"<!-- This site is optimized with the Yoast SEO plugin v27.1.1 - https:\/\/yoast.com\/product\/yoast-seo-wordpress\/ -->\n<title>Variklio Tarpin\u0117s Formos Metalinis Rakt\u0173 Pakabukas \u2013 Automobiliams ir Motociklams - kabinam.lt<\/title>\n<meta name=\"description\" content=\"Metalinis rakt\u0173 pakabukas variklio tarpin\u0117s formos \u2013 tvirtas, stilingas ir originalus aksesuaras automobiliams bei motociklams.\" \/>\n<meta name=\"robots\" content=\"index, follow, max-snippet:-1, max-image-preview:large, max-video-preview:-1\" \/>\n<link rel=\"canonical\" href=\"https:\/\/kabinam.lt\/de\/produkt\/metalinis-raktu-pakabukas-variklio-tarpine\/\" \/>\n<meta property=\"og:locale\" content=\"de_DE\" \/>\n<meta property=\"og:type\" content=\"article\" \/>\n<meta property=\"og:title\" content=\"Variklio Tarpin\u0117s Formos Metalinis Rakt\u0173 Pakabukas \u2013 Automobiliams ir Motociklams - kabinam.lt\" \/>\n<meta property=\"og:description\" content=\"Metalinis rakt\u0173 pakabukas variklio tarpin\u0117s formos \u2013 tvirtas, stilingas ir originalus aksesuaras automobiliams bei motociklams.\" \/>\n<meta property=\"og:url\" content=\"https:\/\/kabinam.lt\/de\/produkt\/metalinis-raktu-pakabukas-variklio-tarpine\/\" \/>\n<meta property=\"og:site_name\" content=\"kabinam.lt\" \/>\n<meta property=\"article:modified_time\" content=\"2026-01-18T14:11:36+00:00\" \/>\n<meta property=\"og:image\" content=\"https:\/\/kabinam.lt\/wp-content\/uploads\/2024\/07\/Tarpine-mix-color.jpg\" \/>\n\t<meta property=\"og:image:width\" content=\"800\" \/>\n\t<meta property=\"og:image:height\" content=\"800\" \/>\n\t<meta property=\"og:image:type\" content=\"image\/jpeg\" \/>\n<meta name=\"twitter:card\" content=\"summary_large_image\" \/>\n<meta name=\"twitter:label1\" content=\"Gesch\u00e4tzte Lesezeit\" \/>\n\t<meta name=\"twitter:data1\" content=\"2\u00a0Minuten\" \/>\n<script type=\"application\/ld+json\" class=\"yoast-schema-graph\">{\"@context\":\"https:\/\/schema.org\",\"@graph\":[{\"@type\":[\"WebPage\",\"ItemPage\"],\"@id\":\"https:\/\/kabinam.lt\/eng\/product\/metalinis-raktu-pakabukas-variklio-tarpine\/\",\"url\":\"https:\/\/kabinam.lt\/eng\/product\/metalinis-raktu-pakabukas-variklio-tarpine\/\",\"name\":\"Variklio Tarpin\u0117s Formos Metalinis Rakt\u0173 Pakabukas \u2013 Automobiliams ir Motociklams - kabinam.lt\",\"isPartOf\":{\"@id\":\"https:\/\/kabinam.lt\/#website\"},\"primaryImageOfPage\":{\"@id\":\"https:\/\/kabinam.lt\/eng\/product\/metalinis-raktu-pakabukas-variklio-tarpine\/#primaryimage\"},\"image\":{\"@id\":\"https:\/\/kabinam.lt\/eng\/product\/metalinis-raktu-pakabukas-variklio-tarpine\/#primaryimage\"},\"thumbnailUrl\":\"https:\/\/kabinam.lt\/wp-content\/uploads\/2024\/07\/Tarpine-mix-color.jpg\",\"datePublished\":\"2024-07-18T07:06:05+00:00\",\"dateModified\":\"2026-01-18T14:11:36+00:00\",\"description\":\"Metalinis rakt\u0173 pakabukas variklio tarpin\u0117s formos \u2013 tvirtas, stilingas ir originalus aksesuaras automobiliams bei motociklams.\",\"breadcrumb\":{\"@id\":\"https:\/\/kabinam.lt\/eng\/product\/metalinis-raktu-pakabukas-variklio-tarpine\/#breadcrumb\"},\"inLanguage\":\"de\",\"potentialAction\":[{\"@type\":\"ReadAction\",\"target\":[\"https:\/\/kabinam.lt\/eng\/product\/metalinis-raktu-pakabukas-variklio-tarpine\/\"]}]},{\"@type\":\"ImageObject\",\"inLanguage\":\"de\",\"@id\":\"https:\/\/kabinam.lt\/eng\/product\/metalinis-raktu-pakabukas-variklio-tarpine\/#primaryimage\",\"url\":\"https:\/\/kabinam.lt\/wp-content\/uploads\/2024\/07\/Tarpine-mix-color.jpg\",\"contentUrl\":\"https:\/\/kabinam.lt\/wp-content\/uploads\/2024\/07\/Tarpine-mix-color.jpg\",\"width\":800,\"height\":800,\"caption\":\"Metalinis Rakt\u0173 Pakabukas \u2013 Variklio Tarpin\u0117\"},{\"@type\":\"BreadcrumbList\",\"@id\":\"https:\/\/kabinam.lt\/eng\/product\/metalinis-raktu-pakabukas-variklio-tarpine\/#breadcrumb\",\"itemListElement\":[{\"@type\":\"ListItem\",\"position\":1,\"name\":\"Home\",\"item\":\"https:\/\/kabinam.lt\/\"},{\"@type\":\"ListItem\",\"position\":2,\"name\":\"Visi Produktai\",\"item\":\"https:\/\/kabinam.lt\/visi-produktai\/\"},{\"@type\":\"ListItem\",\"position\":3,\"name\":\"Variklio Tarpin\u0117s Formos Metalinis Rakt\u0173 Pakabukas \u2013 Automobiliams ir Motociklams\"}]},{\"@type\":\"WebSite\",\"@id\":\"https:\/\/kabinam.lt\/#website\",\"url\":\"https:\/\/kabinam.lt\/\",\"name\":\"kabinam.lt\",\"description\":\"Kabinam.lt \u2013 raktu pakabukai ir aksesuarai\",\"publisher\":{\"@id\":\"https:\/\/kabinam.lt\/#organization\"},\"alternateName\":\"pakabukai lt\",\"potentialAction\":[{\"@type\":\"SearchAction\",\"target\":{\"@type\":\"EntryPoint\",\"urlTemplate\":\"https:\/\/kabinam.lt\/?s={search_term_string}\"},\"query-input\":{\"@type\":\"PropertyValueSpecification\",\"valueRequired\":true,\"valueName\":\"search_term_string\"}}],\"inLanguage\":\"de\"},{\"@type\":\"Organization\",\"@id\":\"https:\/\/kabinam.lt\/#organization\",\"name\":\"kabinam.lt\",\"alternateName\":\"kabinam\",\"url\":\"https:\/\/kabinam.lt\/\",\"logo\":{\"@type\":\"ImageObject\",\"inLanguage\":\"de\",\"@id\":\"https:\/\/kabinam.lt\/#\/schema\/logo\/image\/\",\"url\":\"https:\/\/kabinam.lt\/wp-content\/uploads\/2025\/05\/KABINAM_outer_glow.png\",\"contentUrl\":\"https:\/\/kabinam.lt\/wp-content\/uploads\/2025\/05\/KABINAM_outer_glow.png\",\"width\":474,\"height\":141,\"caption\":\"kabinam.lt\"},\"image\":{\"@id\":\"https:\/\/kabinam.lt\/#\/schema\/logo\/image\/\"}}]}<\/script>\n<!-- \/ Yoast SEO plugin. -->","yoast_head_json":{"title":"Variklio Tarpin\u0117s Formos Metalinis Rakt\u0173 Pakabukas \u2013 Automobiliams ir Motociklams - kabinam.lt","description":"Metall-Schl\u00fcsselanh\u00e4nger in Motor-Zwischenform \u2013 robust, stilvoll und originelles Zubeh\u00f6r f\u00fcr Autos sowie Motorr\u00e4der.","robots":{"index":"index","follow":"follow","max-snippet":"max-snippet:-1","max-image-preview":"max-image-preview:large","max-video-preview":"max-video-preview:-1"},"canonical":"https:\/\/kabinam.lt\/de\/produkt\/metalinis-raktu-pakabukas-variklio-tarpine\/","og_locale":"de_DE","og_type":"article","og_title":"Variklio Tarpin\u0117s Formos Metalinis Rakt\u0173 Pakabukas \u2013 Automobiliams ir Motociklams - kabinam.lt","og_description":"Metalinis rakt\u0173 pakabukas variklio tarpin\u0117s formos \u2013 tvirtas, stilingas ir originalus aksesuaras automobiliams bei motociklams.","og_url":"https:\/\/kabinam.lt\/de\/produkt\/metalinis-raktu-pakabukas-variklio-tarpine\/","og_site_name":"kabinam.lt","article_modified_time":"2026-01-18T14:11:36+00:00","og_image":[{"width":800,"height":800,"url":"https:\/\/kabinam.lt\/wp-content\/uploads\/2024\/07\/Tarpine-mix-color.jpg","type":"image\/jpeg"}],"twitter_card":"summary_large_image","twitter_misc":{"Gesch\u00e4tzte Lesezeit":"2\u00a0Minuten"},"schema":{"@context":"https:\/\/schema.org","@graph":[{"@type":["WebPage","ItemPage"],"@id":"https:\/\/kabinam.lt\/eng\/product\/metalinis-raktu-pakabukas-variklio-tarpine\/","url":"https:\/\/kabinam.lt\/eng\/product\/metalinis-raktu-pakabukas-variklio-tarpine\/","name":"Variklio Tarpin\u0117s Formos Metalinis Rakt\u0173 Pakabukas \u2013 Automobiliams ir Motociklams - kabinam.lt","isPartOf":{"@id":"https:\/\/kabinam.lt\/#website"},"primaryImageOfPage":{"@id":"https:\/\/kabinam.lt\/eng\/product\/metalinis-raktu-pakabukas-variklio-tarpine\/#primaryimage"},"image":{"@id":"https:\/\/kabinam.lt\/eng\/product\/metalinis-raktu-pakabukas-variklio-tarpine\/#primaryimage"},"thumbnailUrl":"https:\/\/kabinam.lt\/wp-content\/uploads\/2024\/07\/Tarpine-mix-color.jpg","datePublished":"2024-07-18T07:06:05+00:00","dateModified":"2026-01-18T14:11:36+00:00","description":"Metall-Schl\u00fcsselanh\u00e4nger in Motor-Zwischenform \u2013 robust, stilvoll und originelles Zubeh\u00f6r f\u00fcr Autos sowie Motorr\u00e4der.","breadcrumb":{"@id":"https:\/\/kabinam.lt\/eng\/product\/metalinis-raktu-pakabukas-variklio-tarpine\/#breadcrumb"},"inLanguage":"de","potentialAction":[{"@type":"ReadAction","target":["https:\/\/kabinam.lt\/eng\/product\/metalinis-raktu-pakabukas-variklio-tarpine\/"]}]},{"@type":"ImageObject","inLanguage":"de","@id":"https:\/\/kabinam.lt\/eng\/product\/metalinis-raktu-pakabukas-variklio-tarpine\/#primaryimage","url":"https:\/\/kabinam.lt\/wp-content\/uploads\/2024\/07\/Tarpine-mix-color.jpg","contentUrl":"https:\/\/kabinam.lt\/wp-content\/uploads\/2024\/07\/Tarpine-mix-color.jpg","width":800,"height":800,"caption":"Metalinis Rakt\u0173 Pakabukas \u2013 Variklio Tarpin\u0117"},{"@type":"BreadcrumbList","@id":"https:\/\/kabinam.lt\/eng\/product\/metalinis-raktu-pakabukas-variklio-tarpine\/#breadcrumb","itemListElement":[{"@type":"ListItem","position":1,"name":"Home","item":"https:\/\/kabinam.lt\/"},{"@type":"ListItem","position":2,"name":"Visi Produktai","item":"https:\/\/kabinam.lt\/visi-produktai\/"},{"@type":"ListItem","position":3,"name":"Variklio Tarpin\u0117s Formos Metalinis Rakt\u0173 Pakabukas \u2013 Automobiliams ir Motociklams"}]},{"@type":"WebSite","@id":"https:\/\/kabinam.lt\/#website","url":"https:\/\/kabinam.lt\/","name":"kabinam.lt","description":"Kabinam.lt - Schl\u00fcsselanh\u00e4nger und Zubeh\u00f6r","publisher":{"@id":"https:\/\/kabinam.lt\/#organization"},"alternateName":"pakabukai lt","potentialAction":[{"@type":"SearchAction","target":{"@type":"EntryPoint","urlTemplate":"https:\/\/kabinam.lt\/?s={search_term_string}"},"query-input":{"@type":"PropertyValueSpecification","valueRequired":true,"valueName":"search_term_string"}}],"inLanguage":"de"},{"@type":"Organization","@id":"https:\/\/kabinam.lt\/#organization","name":"kabinam.lt","alternateName":"kabinam","url":"https:\/\/kabinam.lt\/","logo":{"@type":"ImageObject","inLanguage":"de","@id":"https:\/\/kabinam.lt\/#\/schema\/logo\/image\/","url":"https:\/\/kabinam.lt\/wp-content\/uploads\/2025\/05\/KABINAM_outer_glow.png","contentUrl":"https:\/\/kabinam.lt\/wp-content\/uploads\/2025\/05\/KABINAM_outer_glow.png","width":474,"height":141,"caption":"kabinam.lt"},"image":{"@id":"https:\/\/kabinam.lt\/#\/schema\/logo\/image\/"}}]}},"uagb_featured_image_src":{"full":["https:\/\/kabinam.lt\/wp-content\/uploads\/2024\/07\/Tarpine-mix-color.jpg",800,800,false],"thumbnail":["https:\/\/kabinam.lt\/wp-content\/uploads\/2024\/07\/Tarpine-mix-color-150x150.jpg",150,150,true],"medium":["https:\/\/kabinam.lt\/wp-content\/uploads\/2024\/07\/Tarpine-mix-color-300x300.jpg",300,300,true],"medium_large":["https:\/\/kabinam.lt\/wp-content\/uploads\/2024\/07\/Tarpine-mix-color-768x768.jpg",768,768,true],"large":["https:\/\/kabinam.lt\/wp-content\/uploads\/2024\/07\/Tarpine-mix-color.jpg",800,800,false],"1536x1536":["https:\/\/kabinam.lt\/wp-content\/uploads\/2024\/07\/Tarpine-mix-color.jpg",800,800,false],"2048x2048":["https:\/\/kabinam.lt\/wp-content\/uploads\/2024\/07\/Tarpine-mix-color.jpg",800,800,false],"trp-custom-language-flag":["https:\/\/kabinam.lt\/wp-content\/uploads\/2024\/07\/Tarpine-mix-color.jpg",12,12,false],"woocommerce_thumbnail":["https:\/\/kabinam.lt\/wp-content\/uploads\/2024\/07\/Tarpine-mix-color-300x300.jpg",300,300,true],"woocommerce_single":["https:\/\/kabinam.lt\/wp-content\/uploads\/2024\/07\/Tarpine-mix-color-600x600.jpg",600,600,true],"woocommerce_gallery_thumbnail":["https:\/\/kabinam.lt\/wp-content\/uploads\/2024\/07\/Tarpine-mix-color-100x100.jpg",100,100,true]},"uagb_author_info":{"display_name":"kabinam.lt","author_link":"https:\/\/kabinam.lt\/de\/author\/"},"uagb_comment_info":0,"uagb_excerpt":"Metalinis rakt\u0173 pakabukas \u2013 variklio tarpin\u0117s formos aksesuaras, puikiai tinkantis tiek automobiliams, tiek motociklams.","_links":{"self":[{"href":"https:\/\/kabinam.lt\/de\/wp-json\/wp\/v2\/product\/1990","targetHints":{"allow":["GET"]}}],"collection":[{"href":"https:\/\/kabinam.lt\/de\/wp-json\/wp\/v2\/product"}],"about":[{"href":"https:\/\/kabinam.lt\/de\/wp-json\/wp\/v2\/types\/product"}],"replies":[{"embeddable":true,"href":"https:\/\/kabinam.lt\/de\/wp-json\/wp\/v2\/comments?post=1990"}],"wp:featuredmedia":[{"embeddable":true,"href":"https:\/\/kabinam.lt\/de\/wp-json\/wp\/v2\/media\/1991"}],"wp:attachment":[{"href":"https:\/\/kabinam.lt\/de\/wp-json\/wp\/v2\/media?parent=1990"}],"wp:term":[{"taxonomy":"product_brand","embeddable":true,"href":"https:\/\/kabinam.lt\/de\/wp-json\/wp\/v2\/product_brand?post=1990"},{"taxonomy":"product_cat","embeddable":true,"href":"https:\/\/kabinam.lt\/de\/wp-json\/wp\/v2\/product_cat?post=1990"},{"taxonomy":"product_tag","embeddable":true,"href":"https:\/\/kabinam.lt\/de\/wp-json\/wp\/v2\/product_tag?post=1990"}],"curies":[{"name":"wp","href":"https:\/\/api.w.org\/{rel}","templated":true}]}}